{"id":33447,"date":"2025-01-16T18:30:27","date_gmt":"2025-01-16T16:30:27","guid":{"rendered":"https:\/\/test.puhdasplus.ee\/\/tooted\/uncategorized\/kanela-eteriska-ella\/"},"modified":"2026-02-27T11:30:39","modified_gmt":"2026-02-27T09:30:39","slug":"kanela-eteriska-ella","status":"publish","type":"product","link":"https:\/\/test.puhdasplus.ee\/lv\/tooted\/eteriskas-ellas\/kanela-eteriska-ella\/","title":{"rendered":"Kan\u0113\u013ca \u0113terisk\u0101 e\u013c\u013ca"},"content":{"rendered":"<h3>Dabisks siltums un labsaj\u016bta<\/h3>\n<p>Kan\u0113\u013ca \u0113terisk\u0101 e\u013c\u013ca ir 100% t\u012bra dab\u012bga e\u013c\u013ca, kas ieg\u016bta no kan\u0113\u013ca koka (Cinnamomum zeylanicum) lap\u0101m. T\u0101s pikantais un siltais arom\u0101ts rada m\u0101j\u012bgu atmosf\u0113ru un pied\u0101v\u0101 daudzpus\u012bgu pielietojumu aromterapij\u0101, mas\u0101\u017e\u0101 un m\u0101jas vid\u0113. <\/p>\n<p data-start=\"524\" data-end=\"987\">Kan\u0113\u013ca \u0113terisk\u0101 e\u013c\u013ca tiek ieg\u016bta no r\u016bp\u012bgi atlas\u012bt\u0101m kan\u0113\u013ca koka lap\u0101m, nodro\u0161inot augstu kvalit\u0101ti un efektivit\u0101ti. \u0160\u012bs e\u013c\u013cas bag\u0101t\u012bgais un siltais arom\u0101ts pal\u012bdz rad\u012bt pat\u012bkamu atmosf\u0113ru m\u0101j\u0101s un veicina visp\u0101r\u0113jo labsaj\u016btu. Kan\u0113\u013ca \u0113terisk\u0101 e\u013c\u013ca ir paz\u012bstama ar sav\u0101m antiseptiskaj\u0101m un sildo\u0161aj\u0101m \u012bpa\u0161\u012bb\u0101m, kas pal\u012bdz mazin\u0101t musku\u013cu sasprindzin\u0101jumu un uzlabot asinsriti. E\u013c\u013cu var izmantot aromlamp\u0101s, difuzoros, saun\u0101 vai at\u0161\u0137aid\u012btu k\u0101 mas\u0101\u017eas e\u013c\u013cu.   <\/p>\n<p data-start=\"989\" data-end=\"1010\"><strong data-start=\"989\" data-end=\"1010\">Galven\u0101s priek\u0161roc\u012bbas:<\/strong><\/p>\n<ul data-start=\"1011\" data-end=\"1504\">\n<li data-start=\"1011\" data-end=\"1111\"><strong data-start=\"1013\" data-end=\"1043\">M\u0101j\u012bgas atmosf\u0113ras rad\u012b\u0161ana:<\/strong> Pikants un silts arom\u0101ts rada pat\u012bkamu un relaks\u0113jo\u0161u vidi m\u0101j\u0101s.<\/li>\n<li data-start=\"1112\" data-end=\"1209\"><strong data-start=\"1114\" data-end=\"1144\">Musku\u013cu sasprindzin\u0101juma mazin\u0101\u0161ana:<\/strong> sildo\u0161\u0101s \u012bpa\u0161\u012bbas pal\u012bdz mazin\u0101t musku\u013cu sasprindzin\u0101jumu un s\u0101pes.<\/li>\n<li data-start=\"1210\" data-end=\"1307\"><strong data-start=\"1212\" data-end=\"1240\">Antiseptiskas \u012bpa\u0161\u012bbas:<\/strong> Atbalsta im\u016bnsist\u0113mu un pal\u012bdz c\u012bn\u012bties ar bakt\u0113rij\u0101m un v\u012brusiem.<\/li>\n<li data-start=\"1308\" data-end=\"1418\"><strong data-start=\"1310\" data-end=\"1334\">Daudzpus\u012bgs lietojums:<\/strong> piem\u0113rots aromterapijai, mas\u0101\u017eai, saunas lieto\u0161anai un m\u0101jas gaisa atsvaidzin\u0101t\u0101jam.<\/li>\n<li data-start=\"1419\" data-end=\"1504\"><strong data-start=\"1421\" data-end=\"1449\">100% t\u012brs un dab\u012bgs:<\/strong> nesatur sint\u0113tiskas piedevas vai konservantus.<\/li>\n<\/ul>\n<p data-start=\"1506\" data-end=\"1554\"><strong data-start=\"1506\" data-end=\"1522\">Sast\u0101vda\u013cas:<\/strong> kan\u0113\u013ca (cinnamomum zeylanicum) lapu e\u013c\u013ca.<\/p>\n<p data-start=\"1556\" data-end=\"1576\"><strong data-start=\"1556\" data-end=\"1576\">Lieto\u0161anas instrukcija:<\/strong><\/p>\n<ul data-start=\"1577\" data-end=\"2099\">\n<li data-start=\"1577\" data-end=\"1697\"><strong data-start=\"1579\" data-end=\"1598\">Aromterapija:<\/strong> Pievienojiet 3\u20137 pilienus \u0113terisk\u0101s e\u013c\u013cas aromlampai vai difuzoram, lai telp\u0101 rad\u012btu siltu, pat\u012bkamu arom\u0101tu.<\/li>\n<li data-start=\"1698\" data-end=\"1864\"><strong data-start=\"1700\" data-end=\"1712\">Mas\u0101\u017ea:<\/strong> At\u0161\u0137aidiet 1-2 pilienus \u0113terisk\u0101s e\u013c\u013cas 10 ml b\u0101zes e\u013c\u013cas (piem\u0113ram, mande\u013cu vai jojobas e\u013c\u013cas) un iemas\u0113jiet \u0101d\u0101, lai mazin\u0101tu musku\u013cu sasprindzin\u0101jumu un uzlabotu asinsriti.<\/li>\n<li data-start=\"1865\" data-end=\"1965\"><strong data-start=\"1867\" data-end=\"1876\">Pirts:<\/strong> Pievienojiet tvaika \u016bdenim 1\u20133 pilienus \u0113terisk\u0101s e\u013c\u013cas, lai rad\u012btu sildo\u0161u un relaks\u0113jo\u0161u pirts pieredzi.<\/li>\n<li data-start=\"1966\" data-end=\"2099\"><strong data-start=\"1968\" data-end=\"1977\">Vanna:<\/strong> Sajauciet 3-5 pilienus \u0113terisk\u0101s e\u013c\u013cas ar medu vai \u0161\u0137idraj\u0101m ziep\u0113m un pievienojiet vannas \u016bdenim, lai baud\u012btu relaks\u0113jo\u0161u un sildo\u0161u vannu.<\/li>\n<\/ul>\n<p data-start=\"2101\" data-end=\"2443\"><strong data-start=\"2101\" data-end=\"2119\">Dro\u0161\u012bbas nor\u0101d\u012bjumi:<\/strong> Tikai \u0101r\u012bgai lieto\u0161anai. Neuzkl\u0101jiet neat\u0161\u0137aid\u012btu e\u013c\u013cu tie\u0161i uz \u0101das, jo t\u0101 var izrais\u012bt kairin\u0101jumu. Izvairieties no saskares ar ac\u012bm un g\u013cot\u0101du.   Sarg\u0101t no b\u0113rniem. Gr\u016btniec\u0113m, sieviet\u0113m, kas baro b\u0113rnu ar kr\u016bti, b\u0113rniem, vec\u0101ka gadag\u0101juma cilv\u0113kiem un cilv\u0113kiem ar hronisk\u0101m slim\u012bb\u0101m pirms lieto\u0161anas j\u0101konsult\u0113jas ar vesel\u012bbas apr\u016bpes speci\u0101listu.<\/p>\n","protected":false},"excerpt":{"rendered":"<p>100% t\u012bra kan\u0113\u013ca \u0113terisk\u0101 e\u013c\u013ca ar pikantu un siltu arom\u0101tu un daudzpus\u012bgu pielietojumu aromterapij\u0101, mas\u0101\u017e\u0101 un m\u0101jas vid\u0113.<\/p>\n","protected":false},"featured_media":32209,"comment_status":"closed","ping_status":"closed","template":"","meta":{"_acf_changed":false},"product_brand":[],"product_cat":[2761],"product_tag":[3649,2764,2765,3650,3651,3620],"class_list":{"0":"post-33447","1":"product","2":"type-product","3":"status-publish","4":"has-post-thumbnail","6":"product_cat-eteriskas-ellas","7":"product_tag-antiseptiskas-ipasibas","8":"product_tag-aromterapija","9":"product_tag-dabigs-gaisa-atsvaidzinatajs","10":"product_tag-kanela-eteriska-ella","11":"product_tag-majiga-atmosfera","12":"product_tag-muskulu-sasprindzinajuma-mazinasana","14":"first","15":"onbackorder","16":"taxable","17":"shipping-taxable","18":"purchasable","19":"product-type-variable","20":"has-default-attributes"},"acf":[],"yoast_head":"<!-- This site is optimized with the Yoast SEO plugin v27.1.1 - https:\/\/yoast.com\/product\/yoast-seo-wordpress\/ -->\n<title>Kan\u0113\u013ca \u0113terisk\u0101 e\u013c\u013ca - Puhdas+<\/title>\n<meta name=\"description\" content=\"Kan\u0113\u013ca \u0113terisk\u0101 e\u013c\u013ca 10 ml ir 100% t\u012bra dab\u012bga e\u013c\u013ca, ko var daudzpus\u012bgi izmantot aromterapij\u0101, mas\u0101\u017e\u0101 un m\u0101jas apst\u0101k\u013cos.\" \/>\n<meta name=\"robots\" content=\"noindex, follow, max-snippet:-1, max-image-preview:large, max-video-preview:-1\" \/>\n<meta property=\"og:locale\" content=\"lv_LV\" \/>\n<meta property=\"og:type\" content=\"article\" \/>\n<meta property=\"og:title\" content=\"Kan\u0113\u013ca \u0113terisk\u0101 e\u013c\u013ca - Puhdas+\" \/>\n<meta property=\"og:description\" content=\"Kan\u0113\u013ca \u0113terisk\u0101 e\u013c\u013ca 10 ml ir 100% t\u012bra dab\u012bga e\u013c\u013ca, ko var daudzpus\u012bgi izmantot aromterapij\u0101, mas\u0101\u017e\u0101 un m\u0101jas apst\u0101k\u013cos.\" \/>\n<meta property=\"og:url\" content=\"https:\/\/test.puhdasplus.ee\/lv\/tooted\/eteriskas-ellas\/kanela-eteriska-ella\/\" \/>\n<meta property=\"og:site_name\" content=\"Puhdas+\" \/>\n<meta property=\"article:publisher\" content=\"https:\/\/www.facebook.com\/puhdasplus\" \/>\n<meta property=\"article:modified_time\" content=\"2026-02-27T09:30:39+00:00\" \/>\n<meta property=\"og:image\" content=\"https:\/\/test.puhdasplus.ee\/wp-content\/uploads\/2025\/03\/163.jpg\" \/>\n\t<meta property=\"og:image:width\" content=\"1862\" \/>\n\t<meta property=\"og:image:height\" content=\"2560\" \/>\n\t<meta property=\"og:image:type\" content=\"image\/jpeg\" \/>\n<meta name=\"twitter:card\" content=\"summary_large_image\" \/>\n<meta name=\"twitter:label1\" content=\"Est. reading time\" \/>\n\t<meta name=\"twitter:data1\" content=\"2 min\u016btes\" \/>\n<script type=\"application\/ld+json\" class=\"yoast-schema-graph\">{\"@context\":\"https:\/\/schema.org\",\"@graph\":[{\"@type\":\"WebPage\",\"@id\":\"https:\/\/test.puhdasplus.ee\/lv\/tooted\/eteriskas-ellas\/kanela-eteriska-ella\/\",\"url\":\"https:\/\/test.puhdasplus.ee\/lv\/tooted\/eteriskas-ellas\/kanela-eteriska-ella\/\",\"name\":\"Kan\u0113\u013ca \u0113terisk\u0101 e\u013c\u013ca - Puhdas+\",\"isPartOf\":{\"@id\":\"https:\/\/test.puhdasplus.ee\/lv\/#website\"},\"primaryImageOfPage\":{\"@id\":\"https:\/\/test.puhdasplus.ee\/lv\/tooted\/eteriskas-ellas\/kanela-eteriska-ella\/#primaryimage\"},\"image\":{\"@id\":\"https:\/\/test.puhdasplus.ee\/lv\/tooted\/eteriskas-ellas\/kanela-eteriska-ella\/#primaryimage\"},\"thumbnailUrl\":\"https:\/\/test.puhdasplus.ee\/wp-content\/uploads\/2025\/03\/163.jpg\",\"datePublished\":\"2025-01-16T16:30:27+00:00\",\"dateModified\":\"2026-02-27T09:30:39+00:00\",\"description\":\"Kan\u0113\u013ca \u0113terisk\u0101 e\u013c\u013ca 10 ml ir 100% t\u012bra dab\u012bga e\u013c\u013ca, ko var daudzpus\u012bgi izmantot aromterapij\u0101, mas\u0101\u017e\u0101 un m\u0101jas apst\u0101k\u013cos.\",\"breadcrumb\":{\"@id\":\"https:\/\/test.puhdasplus.ee\/lv\/tooted\/eteriskas-ellas\/kanela-eteriska-ella\/#breadcrumb\"},\"inLanguage\":\"lv-LV\",\"potentialAction\":[{\"@type\":\"ReadAction\",\"target\":[\"https:\/\/test.puhdasplus.ee\/lv\/tooted\/eteriskas-ellas\/kanela-eteriska-ella\/\"]}]},{\"@type\":\"ImageObject\",\"inLanguage\":\"lv-LV\",\"@id\":\"https:\/\/test.puhdasplus.ee\/lv\/tooted\/eteriskas-ellas\/kanela-eteriska-ella\/#primaryimage\",\"url\":\"https:\/\/test.puhdasplus.ee\/wp-content\/uploads\/2025\/03\/163.jpg\",\"contentUrl\":\"https:\/\/test.puhdasplus.ee\/wp-content\/uploads\/2025\/03\/163.jpg\",\"width\":1862,\"height\":2560,\"caption\":\"Kan\u0113\u013ca \u0113terisk\u0101 e\u013c\u013ca\"},{\"@type\":\"BreadcrumbList\",\"@id\":\"https:\/\/test.puhdasplus.ee\/lv\/tooted\/eteriskas-ellas\/kanela-eteriska-ella\/#breadcrumb\",\"itemListElement\":[{\"@type\":\"ListItem\",\"position\":1,\"name\":\"S\u0101kums\",\"item\":\"https:\/\/test.puhdasplus.ee\/lv\/\"},{\"@type\":\"ListItem\",\"position\":2,\"name\":\"Produkti\",\"item\":\"https:\/\/test.puhdasplus.ee\/lv\/veikals\/\"},{\"@type\":\"ListItem\",\"position\":3,\"name\":\"Kan\u0113\u013ca \u0113terisk\u0101 e\u013c\u013ca\"}]},{\"@type\":\"WebSite\",\"@id\":\"https:\/\/test.puhdasplus.ee\/lv\/#website\",\"url\":\"https:\/\/test.puhdasplus.ee\/lv\/\",\"name\":\"Puhdas+\",\"description\":\"Vitamiinid, Toidulisandid, looduskosmeetika, tervis, sport\",\"publisher\":{\"@id\":\"https:\/\/test.puhdasplus.ee\/lv\/#organization\"},\"potentialAction\":[{\"@type\":\"SearchAction\",\"target\":{\"@type\":\"EntryPoint\",\"urlTemplate\":\"https:\/\/test.puhdasplus.ee\/lv\/?s={search_term_string}\"},\"query-input\":{\"@type\":\"PropertyValueSpecification\",\"valueRequired\":true,\"valueName\":\"search_term_string\"}}],\"inLanguage\":\"lv-LV\"},{\"@type\":\"Organization\",\"@id\":\"https:\/\/test.puhdasplus.ee\/lv\/#organization\",\"name\":\"Puhdas+\",\"alternateName\":\"Puhdasplus\",\"url\":\"https:\/\/test.puhdasplus.ee\/lv\/\",\"logo\":{\"@type\":\"ImageObject\",\"inLanguage\":\"lv-LV\",\"@id\":\"https:\/\/test.puhdasplus.ee\/lv\/#\/schema\/logo\/image\/\",\"url\":\"https:\/\/test.puhdasplus.ee\/\/wp-content\/uploads\/2019\/10\/puhdas_logo-arvele.png\",\"contentUrl\":\"https:\/\/test.puhdasplus.ee\/\/wp-content\/uploads\/2019\/10\/puhdas_logo-arvele.png\",\"width\":114,\"height\":94,\"caption\":\"Puhdas+\"},\"image\":{\"@id\":\"https:\/\/test.puhdasplus.ee\/lv\/#\/schema\/logo\/image\/\"},\"sameAs\":[\"https:\/\/www.facebook.com\/puhdasplus\",\"https:\/\/www.instagram.com\/puhdasplus_ee\/\"]}]}<\/script>\n<!-- \/ Yoast SEO plugin. -->","yoast_head_json":{"title":"Kan\u0113\u013ca \u0113terisk\u0101 e\u013c\u013ca - Puhdas+","description":"Kan\u0113\u013ca \u0113terisk\u0101 e\u013c\u013ca 10 ml ir 100% t\u012bra dab\u012bga e\u013c\u013ca, ko var daudzpus\u012bgi izmantot aromterapij\u0101, mas\u0101\u017e\u0101 un m\u0101jas apst\u0101k\u013cos.","robots":{"index":"noindex","follow":"follow","max-snippet":"max-snippet:-1","max-image-preview":"max-image-preview:large","max-video-preview":"max-video-preview:-1"},"og_locale":"lv_LV","og_type":"article","og_title":"Kan\u0113\u013ca \u0113terisk\u0101 e\u013c\u013ca - Puhdas+","og_description":"Kan\u0113\u013ca \u0113terisk\u0101 e\u013c\u013ca 10 ml ir 100% t\u012bra dab\u012bga e\u013c\u013ca, ko var daudzpus\u012bgi izmantot aromterapij\u0101, mas\u0101\u017e\u0101 un m\u0101jas apst\u0101k\u013cos.","og_url":"https:\/\/test.puhdasplus.ee\/lv\/tooted\/eteriskas-ellas\/kanela-eteriska-ella\/","og_site_name":"Puhdas+","article_publisher":"https:\/\/www.facebook.com\/puhdasplus","article_modified_time":"2026-02-27T09:30:39+00:00","og_image":[{"width":1862,"height":2560,"url":"https:\/\/test.puhdasplus.ee\/wp-content\/uploads\/2025\/03\/163.jpg","type":"image\/jpeg"}],"twitter_card":"summary_large_image","twitter_misc":{"Est. reading time":"2 min\u016btes"},"schema":{"@context":"https:\/\/schema.org","@graph":[{"@type":"WebPage","@id":"https:\/\/test.puhdasplus.ee\/lv\/tooted\/eteriskas-ellas\/kanela-eteriska-ella\/","url":"https:\/\/test.puhdasplus.ee\/lv\/tooted\/eteriskas-ellas\/kanela-eteriska-ella\/","name":"Kan\u0113\u013ca \u0113terisk\u0101 e\u013c\u013ca - Puhdas+","isPartOf":{"@id":"https:\/\/test.puhdasplus.ee\/lv\/#website"},"primaryImageOfPage":{"@id":"https:\/\/test.puhdasplus.ee\/lv\/tooted\/eteriskas-ellas\/kanela-eteriska-ella\/#primaryimage"},"image":{"@id":"https:\/\/test.puhdasplus.ee\/lv\/tooted\/eteriskas-ellas\/kanela-eteriska-ella\/#primaryimage"},"thumbnailUrl":"https:\/\/test.puhdasplus.ee\/wp-content\/uploads\/2025\/03\/163.jpg","datePublished":"2025-01-16T16:30:27+00:00","dateModified":"2026-02-27T09:30:39+00:00","description":"Kan\u0113\u013ca \u0113terisk\u0101 e\u013c\u013ca 10 ml ir 100% t\u012bra dab\u012bga e\u013c\u013ca, ko var daudzpus\u012bgi izmantot aromterapij\u0101, mas\u0101\u017e\u0101 un m\u0101jas apst\u0101k\u013cos.","breadcrumb":{"@id":"https:\/\/test.puhdasplus.ee\/lv\/tooted\/eteriskas-ellas\/kanela-eteriska-ella\/#breadcrumb"},"inLanguage":"lv-LV","potentialAction":[{"@type":"ReadAction","target":["https:\/\/test.puhdasplus.ee\/lv\/tooted\/eteriskas-ellas\/kanela-eteriska-ella\/"]}]},{"@type":"ImageObject","inLanguage":"lv-LV","@id":"https:\/\/test.puhdasplus.ee\/lv\/tooted\/eteriskas-ellas\/kanela-eteriska-ella\/#primaryimage","url":"https:\/\/test.puhdasplus.ee\/wp-content\/uploads\/2025\/03\/163.jpg","contentUrl":"https:\/\/test.puhdasplus.ee\/wp-content\/uploads\/2025\/03\/163.jpg","width":1862,"height":2560,"caption":"Kan\u0113\u013ca \u0113terisk\u0101 e\u013c\u013ca"},{"@type":"BreadcrumbList","@id":"https:\/\/test.puhdasplus.ee\/lv\/tooted\/eteriskas-ellas\/kanela-eteriska-ella\/#breadcrumb","itemListElement":[{"@type":"ListItem","position":1,"name":"S\u0101kums","item":"https:\/\/test.puhdasplus.ee\/lv\/"},{"@type":"ListItem","position":2,"name":"Produkti","item":"https:\/\/test.puhdasplus.ee\/lv\/veikals\/"},{"@type":"ListItem","position":3,"name":"Kan\u0113\u013ca \u0113terisk\u0101 e\u013c\u013ca"}]},{"@type":"WebSite","@id":"https:\/\/test.puhdasplus.ee\/lv\/#website","url":"https:\/\/test.puhdasplus.ee\/lv\/","name":"Puhdas+","description":"Vitamiinid, Toidulisandid, looduskosmeetika, tervis, sport","publisher":{"@id":"https:\/\/test.puhdasplus.ee\/lv\/#organization"},"potentialAction":[{"@type":"SearchAction","target":{"@type":"EntryPoint","urlTemplate":"https:\/\/test.puhdasplus.ee\/lv\/?s={search_term_string}"},"query-input":{"@type":"PropertyValueSpecification","valueRequired":true,"valueName":"search_term_string"}}],"inLanguage":"lv-LV"},{"@type":"Organization","@id":"https:\/\/test.puhdasplus.ee\/lv\/#organization","name":"Puhdas+","alternateName":"Puhdasplus","url":"https:\/\/test.puhdasplus.ee\/lv\/","logo":{"@type":"ImageObject","inLanguage":"lv-LV","@id":"https:\/\/test.puhdasplus.ee\/lv\/#\/schema\/logo\/image\/","url":"https:\/\/test.puhdasplus.ee\/\/wp-content\/uploads\/2019\/10\/puhdas_logo-arvele.png","contentUrl":"https:\/\/test.puhdasplus.ee\/\/wp-content\/uploads\/2019\/10\/puhdas_logo-arvele.png","width":114,"height":94,"caption":"Puhdas+"},"image":{"@id":"https:\/\/test.puhdasplus.ee\/lv\/#\/schema\/logo\/image\/"},"sameAs":["https:\/\/www.facebook.com\/puhdasplus","https:\/\/www.instagram.com\/puhdasplus_ee\/"]}]}},"_links":{"self":[{"href":"https:\/\/test.puhdasplus.ee\/lv\/wp-json\/wp\/v2\/product\/33447","targetHints":{"allow":["GET"]}}],"collection":[{"href":"https:\/\/test.puhdasplus.ee\/lv\/wp-json\/wp\/v2\/product"}],"about":[{"href":"https:\/\/test.puhdasplus.ee\/lv\/wp-json\/wp\/v2\/types\/product"}],"replies":[{"embeddable":true,"href":"https:\/\/test.puhdasplus.ee\/lv\/wp-json\/wp\/v2\/comments?post=33447"}],"wp:featuredmedia":[{"embeddable":true,"href":"https:\/\/test.puhdasplus.ee\/lv\/wp-json\/wp\/v2\/media\/32209"}],"wp:attachment":[{"href":"https:\/\/test.puhdasplus.ee\/lv\/wp-json\/wp\/v2\/media?parent=33447"}],"wp:term":[{"taxonomy":"product_brand","embeddable":true,"href":"https:\/\/test.puhdasplus.ee\/lv\/wp-json\/wp\/v2\/product_brand?post=33447"},{"taxonomy":"product_cat","embeddable":true,"href":"https:\/\/test.puhdasplus.ee\/lv\/wp-json\/wp\/v2\/product_cat?post=33447"},{"taxonomy":"product_tag","embeddable":true,"href":"https:\/\/test.puhdasplus.ee\/lv\/wp-json\/wp\/v2\/product_tag?post=33447"}],"curies":[{"name":"wp","href":"https:\/\/api.w.org\/{rel}","templated":true}]}}