{"id":33438,"date":"2025-01-16T17:53:40","date_gmt":"2025-01-16T15:53:40","guid":{"rendered":"https:\/\/test.puhdasplus.ee\/\/tooted\/uncategorized\/citronu-eteriska-ella\/"},"modified":"2026-02-27T11:28:43","modified_gmt":"2026-02-27T09:28:43","slug":"citronu-eteriska-ella","status":"publish","type":"product","link":"https:\/\/test.puhdasplus.ee\/lv\/tooted\/eteriskas-ellas\/citronu-eteriska-ella\/","title":{"rendered":"Citronu \u0113terisk\u0101 e\u013c\u013ca"},"content":{"rendered":"<h3>Dabisks svaigums un ener\u0123ija<\/h3>\n<p>Citrona \u0113terisk\u0101 e\u013c\u013ca ir 100% t\u012bra dab\u012bga e\u013c\u013ca, kas ieg\u016bta no citrona (Citrus limon) mizas. T\u0101s svaigais un uzmundrino\u0161ais arom\u0101ts pal\u012bdz uzlabot garast\u0101vokli, palielin\u0101t koncentr\u0113\u0161an\u0101s sp\u0113jas un atbalst\u012bt gremo\u0161anu un asinsriti. <\/p>\n<p>Citronu \u0113terisk\u0101 e\u013c\u013ca tiek ieg\u016bta no r\u016bp\u012bgi atlas\u012bt\u0101m citronu miz\u0101m, nodro\u0161inot augstu kvalit\u0101ti un efektivit\u0101ti. \u0160\u012bs e\u013c\u013cas svaigais un uzmundrino\u0161ais arom\u0101ts pal\u012bdz uzlabot garast\u0101vokli, palielin\u0101t koncentr\u0113\u0161an\u0101s sp\u0113jas un rad\u012bt pat\u012bkamu atmosf\u0113ru m\u0101j\u0101s. Turkl\u0101t citronu \u0113terisk\u0101 e\u013c\u013ca ir paz\u012bstama ar sav\u0101m \u012bpa\u0161\u012bb\u0101m, kas atbalsta gremo\u0161anu un asinsriti. E\u013c\u013cu var izmantot aromlamp\u0101s, difuzoros, saun\u0101s vai at\u0161\u0137aid\u012btu k\u0101 mas\u0101\u017eas e\u013c\u013cu.   <\/p>\n<p data-start=\"929\" data-end=\"950\"><strong data-start=\"929\" data-end=\"950\">Galven\u0101s priek\u0161roc\u012bbas:<\/strong><\/p>\n<ul data-start=\"951\" data-end=\"1367\">\n<li data-start=\"951\" data-end=\"1010\"><strong data-start=\"953\" data-end=\"974\">Atsvaidzino\u0161s arom\u0101ts:<\/strong> Stimul\u0113 saj\u016btas un uzlabo garast\u0101vokli.<\/li>\n<li data-start=\"1011\" data-end=\"1091\"><strong data-start=\"1013\" data-end=\"1047\">Koncentr\u0113\u0161an\u0101s palielin\u0101\u0161ana:<\/strong> pal\u012bdz uzlabot uzman\u012bbu un koncentr\u0113\u0161anos.<\/li>\n<li data-start=\"1092\" data-end=\"1170\"><strong data-start=\"1094\" data-end=\"1126\">Gremo\u0161anas un asinsrites atbalsts:<\/strong> Veicina gremo\u0161anu un uzlabo asinsriti.<\/li>\n<li data-start=\"1171\" data-end=\"1281\"><strong data-start=\"1173\" data-end=\"1197\">Daudzpus\u012bgs lietojums:<\/strong> piem\u0113rots aromterapijai, mas\u0101\u017eai, saunas lieto\u0161anai un m\u0101jas gaisa atsvaidzin\u0101t\u0101jam.<\/li>\n<li data-start=\"1282\" data-end=\"1367\"><strong data-start=\"1284\" data-end=\"1312\">100% t\u012brs un dab\u012bgs:<\/strong> nesatur sint\u0113tiskas piedevas vai konservantus.<\/li>\n<\/ul>\n<p data-start=\"1369\" data-end=\"1408\"><strong data-start=\"1369\" data-end=\"1385\">Sast\u0101vda\u013cas:<\/strong> citrusaug\u013cu mizas e\u013c\u013ca.<\/p>\n<p data-start=\"1410\" data-end=\"1430\"><strong data-start=\"1410\" data-end=\"1430\">Lieto\u0161anas instrukcija:<\/strong><\/p>\n<ul data-start=\"1431\" data-end=\"2038\">\n<li data-start=\"1431\" data-end=\"1558\"><strong data-start=\"1433\" data-end=\"1452\">Aromterapija:<\/strong> Pievienojiet 3\u20137 pilienus \u0113terisk\u0101s e\u013c\u013cas aromlampai vai difuzoram, lai atsvaidzin\u0101tu gaisu un stimul\u0113tu ma\u0146as.<\/li>\n<li data-start=\"1559\" data-end=\"1719\"><strong data-start=\"1561\" data-end=\"1573\">Mas\u0101\u017ea:<\/strong> At\u0161\u0137aidiet 1-2 pilienus \u0113terisk\u0101s e\u013c\u013cas 10 ml b\u0101zes e\u013c\u013cas (piem\u0113ram, mande\u013cu vai jojobas e\u013c\u013cas) un iemas\u0113jiet \u0101d\u0101, lai uzlabotu asinsriti un toniz\u0113tu \u0101du.<\/li>\n<li data-start=\"1720\" data-end=\"1819\"><strong data-start=\"1722\" data-end=\"1731\">Pirts:<\/strong> Pievienojiet tvaika \u016bdenim 1\u20133 pilienus \u0113terisk\u0101s e\u013c\u013cas, lai rad\u012btu atsvaidzino\u0161u un uzmundrino\u0161u pirts pieredzi.<\/li>\n<li data-start=\"1820\" data-end=\"1954\"><strong data-start=\"1822\" data-end=\"1831\">Vanna:<\/strong> Sajauciet 3-5 pilienus \u0113terisk\u0101s e\u013c\u013cas ar medu vai \u0161\u0137idraj\u0101m ziep\u0113m un pievienojiet vannas \u016bdenim, lai baud\u012btu relaks\u0113jo\u0161u un atsvaidzino\u0161u vannu.<\/li>\n<li data-start=\"1955\" data-end=\"2038\"><strong data-start=\"1957\" data-end=\"1974\">M\u0101jas t\u012br\u012b\u0161ana:<\/strong> Pievienojiet da\u017eus pilienus gr\u012bdas mazg\u0101\u0161anas \u016bdenim, lai pie\u0161\u0137irtu m\u0101j\u0101m svaigu arom\u0101tu.<\/li>\n<\/ul>\n<p data-start=\"2040\" data-end=\"2500\"><strong data-start=\"2040\" data-end=\"2058\">Dro\u0161\u012bbas nor\u0101d\u012bjumi:<\/strong> Tikai \u0101r\u012bgai lieto\u0161anai. Neuzkl\u0101jiet neat\u0161\u0137aid\u012btu e\u013c\u013cu tie\u0161i uz \u0101das. Izvairieties no saskares ar ac\u012bm un g\u013cot\u0101d\u0101m.   Sarg\u0101t no b\u0113rniem. Gr\u016btniec\u0113m, sieviet\u0113m, kas baro b\u0113rnu ar kr\u016bti, b\u0113rniem, vec\u0101ka gadag\u0101juma cilv\u0113kiem un cilv\u0113kiem ar hronisk\u0101m slim\u012bb\u0101m pirms lieto\u0161anas j\u0101konsult\u0113jas ar vesel\u012bbas apr\u016bpes speci\u0101listu. P\u0113c citronu \u0113terisk\u0101s e\u013c\u013cas lieto\u0161anas uz \u0101das izvairieties no saules gaismas vismaz 12 stundas, jo t\u0101 var palielin\u0101t \u0101das jut\u012bbu pret saules gaismu.<\/p>\n","protected":false},"excerpt":{"rendered":"<p>100% t\u012bra citronu \u0113terisk\u0101 e\u013c\u013ca, kas pied\u0101v\u0101 atsvaidzino\u0161u arom\u0101tu un ir daudzpus\u012bgi izmantojama aromterapij\u0101, mas\u0101\u017e\u0101 un m\u0101j\u0101s.<\/p>\n","protected":false},"featured_media":32394,"comment_status":"closed","ping_status":"closed","template":"","meta":{"_acf_changed":false},"product_brand":[],"product_cat":[2761],"product_tag":[2764,3638,3640,2765,3005,3641,3637],"class_list":{"0":"post-33438","1":"product","2":"type-product","3":"status-publish","4":"has-post-thumbnail","6":"product_cat-eteriskas-ellas","7":"product_tag-aromterapija","8":"product_tag-asinsrites-uzlabosana","9":"product_tag-citronu-eteriska-ella","10":"product_tag-dabigs-gaisa-atsvaidzinatajs","11":"product_tag-garastavokla-uzlabosana-lv","12":"product_tag-gremosanas-atbalsts","13":"product_tag-koncentracija-lv","15":"first","16":"onbackorder","17":"taxable","18":"shipping-taxable","19":"purchasable","20":"product-type-variable","21":"has-default-attributes"},"acf":[],"yoast_head":"<!-- This site is optimized with the Yoast SEO plugin v27.1.1 - https:\/\/yoast.com\/product\/yoast-seo-wordpress\/ -->\n<title>Citronu \u0113terisk\u0101 e\u013c\u013ca - Puhdas+<\/title>\n<meta name=\"description\" content=\"Citronu \u0113terisk\u0101 e\u013c\u013ca ir 100% t\u012bra dab\u012bga e\u013c\u013ca, ko var daudzpus\u012bgi izmantot aromterapij\u0101, mas\u0101\u017e\u0101 un m\u0101jas apst\u0101k\u013cos.\" \/>\n<meta name=\"robots\" content=\"noindex, follow, max-snippet:-1, max-image-preview:large, max-video-preview:-1\" \/>\n<meta property=\"og:locale\" content=\"lv_LV\" \/>\n<meta property=\"og:type\" content=\"article\" \/>\n<meta property=\"og:title\" content=\"Citronu \u0113terisk\u0101 e\u013c\u013ca - Puhdas+\" \/>\n<meta property=\"og:description\" content=\"Citronu \u0113terisk\u0101 e\u013c\u013ca ir 100% t\u012bra dab\u012bga e\u013c\u013ca, ko var daudzpus\u012bgi izmantot aromterapij\u0101, mas\u0101\u017e\u0101 un m\u0101jas apst\u0101k\u013cos.\" \/>\n<meta property=\"og:url\" content=\"https:\/\/test.puhdasplus.ee\/lv\/tooted\/eteriskas-ellas\/citronu-eteriska-ella\/\" \/>\n<meta property=\"og:site_name\" content=\"Puhdas+\" \/>\n<meta property=\"article:publisher\" content=\"https:\/\/www.facebook.com\/puhdasplus\" \/>\n<meta property=\"article:modified_time\" content=\"2026-02-27T09:28:43+00:00\" \/>\n<meta property=\"og:image\" content=\"https:\/\/test.puhdasplus.ee\/wp-content\/uploads\/2025\/01\/208.jpg\" \/>\n\t<meta property=\"og:image:width\" content=\"1862\" \/>\n\t<meta property=\"og:image:height\" content=\"2560\" \/>\n\t<meta property=\"og:image:type\" content=\"image\/jpeg\" \/>\n<meta name=\"twitter:card\" content=\"summary_large_image\" \/>\n<meta name=\"twitter:label1\" content=\"Est. reading time\" \/>\n\t<meta name=\"twitter:data1\" content=\"2 min\u016btes\" \/>\n<script type=\"application\/ld+json\" class=\"yoast-schema-graph\">{\"@context\":\"https:\/\/schema.org\",\"@graph\":[{\"@type\":\"WebPage\",\"@id\":\"https:\/\/test.puhdasplus.ee\/lv\/tooted\/eteriskas-ellas\/citronu-eteriska-ella\/\",\"url\":\"https:\/\/test.puhdasplus.ee\/lv\/tooted\/eteriskas-ellas\/citronu-eteriska-ella\/\",\"name\":\"Citronu \u0113terisk\u0101 e\u013c\u013ca - Puhdas+\",\"isPartOf\":{\"@id\":\"https:\/\/test.puhdasplus.ee\/lv\/#website\"},\"primaryImageOfPage\":{\"@id\":\"https:\/\/test.puhdasplus.ee\/lv\/tooted\/eteriskas-ellas\/citronu-eteriska-ella\/#primaryimage\"},\"image\":{\"@id\":\"https:\/\/test.puhdasplus.ee\/lv\/tooted\/eteriskas-ellas\/citronu-eteriska-ella\/#primaryimage\"},\"thumbnailUrl\":\"https:\/\/test.puhdasplus.ee\/wp-content\/uploads\/2025\/01\/208.jpg\",\"datePublished\":\"2025-01-16T15:53:40+00:00\",\"dateModified\":\"2026-02-27T09:28:43+00:00\",\"description\":\"Citronu \u0113terisk\u0101 e\u013c\u013ca ir 100% t\u012bra dab\u012bga e\u013c\u013ca, ko var daudzpus\u012bgi izmantot aromterapij\u0101, mas\u0101\u017e\u0101 un m\u0101jas apst\u0101k\u013cos.\",\"breadcrumb\":{\"@id\":\"https:\/\/test.puhdasplus.ee\/lv\/tooted\/eteriskas-ellas\/citronu-eteriska-ella\/#breadcrumb\"},\"inLanguage\":\"lv-LV\",\"potentialAction\":[{\"@type\":\"ReadAction\",\"target\":[\"https:\/\/test.puhdasplus.ee\/lv\/tooted\/eteriskas-ellas\/citronu-eteriska-ella\/\"]}]},{\"@type\":\"ImageObject\",\"inLanguage\":\"lv-LV\",\"@id\":\"https:\/\/test.puhdasplus.ee\/lv\/tooted\/eteriskas-ellas\/citronu-eteriska-ella\/#primaryimage\",\"url\":\"https:\/\/test.puhdasplus.ee\/wp-content\/uploads\/2025\/01\/208.jpg\",\"contentUrl\":\"https:\/\/test.puhdasplus.ee\/wp-content\/uploads\/2025\/01\/208.jpg\",\"width\":1862,\"height\":2560,\"caption\":\"citronu \u0113terisk\u0101 e\u013c\u013ca\"},{\"@type\":\"BreadcrumbList\",\"@id\":\"https:\/\/test.puhdasplus.ee\/lv\/tooted\/eteriskas-ellas\/citronu-eteriska-ella\/#breadcrumb\",\"itemListElement\":[{\"@type\":\"ListItem\",\"position\":1,\"name\":\"S\u0101kums\",\"item\":\"https:\/\/test.puhdasplus.ee\/lv\/\"},{\"@type\":\"ListItem\",\"position\":2,\"name\":\"Produkti\",\"item\":\"https:\/\/test.puhdasplus.ee\/lv\/veikals\/\"},{\"@type\":\"ListItem\",\"position\":3,\"name\":\"Citronu \u0113terisk\u0101 e\u013c\u013ca\"}]},{\"@type\":\"WebSite\",\"@id\":\"https:\/\/test.puhdasplus.ee\/lv\/#website\",\"url\":\"https:\/\/test.puhdasplus.ee\/lv\/\",\"name\":\"Puhdas+\",\"description\":\"Vitamiinid, Toidulisandid, looduskosmeetika, tervis, sport\",\"publisher\":{\"@id\":\"https:\/\/test.puhdasplus.ee\/lv\/#organization\"},\"potentialAction\":[{\"@type\":\"SearchAction\",\"target\":{\"@type\":\"EntryPoint\",\"urlTemplate\":\"https:\/\/test.puhdasplus.ee\/lv\/?s={search_term_string}\"},\"query-input\":{\"@type\":\"PropertyValueSpecification\",\"valueRequired\":true,\"valueName\":\"search_term_string\"}}],\"inLanguage\":\"lv-LV\"},{\"@type\":\"Organization\",\"@id\":\"https:\/\/test.puhdasplus.ee\/lv\/#organization\",\"name\":\"Puhdas+\",\"alternateName\":\"Puhdasplus\",\"url\":\"https:\/\/test.puhdasplus.ee\/lv\/\",\"logo\":{\"@type\":\"ImageObject\",\"inLanguage\":\"lv-LV\",\"@id\":\"https:\/\/test.puhdasplus.ee\/lv\/#\/schema\/logo\/image\/\",\"url\":\"https:\/\/test.puhdasplus.ee\/\/wp-content\/uploads\/2019\/10\/puhdas_logo-arvele.png\",\"contentUrl\":\"https:\/\/test.puhdasplus.ee\/\/wp-content\/uploads\/2019\/10\/puhdas_logo-arvele.png\",\"width\":114,\"height\":94,\"caption\":\"Puhdas+\"},\"image\":{\"@id\":\"https:\/\/test.puhdasplus.ee\/lv\/#\/schema\/logo\/image\/\"},\"sameAs\":[\"https:\/\/www.facebook.com\/puhdasplus\",\"https:\/\/www.instagram.com\/puhdasplus_ee\/\"]}]}<\/script>\n<!-- \/ Yoast SEO plugin. -->","yoast_head_json":{"title":"Citronu \u0113terisk\u0101 e\u013c\u013ca - Puhdas+","description":"Citronu \u0113terisk\u0101 e\u013c\u013ca ir 100% t\u012bra dab\u012bga e\u013c\u013ca, ko var daudzpus\u012bgi izmantot aromterapij\u0101, mas\u0101\u017e\u0101 un m\u0101jas apst\u0101k\u013cos.","robots":{"index":"noindex","follow":"follow","max-snippet":"max-snippet:-1","max-image-preview":"max-image-preview:large","max-video-preview":"max-video-preview:-1"},"og_locale":"lv_LV","og_type":"article","og_title":"Citronu \u0113terisk\u0101 e\u013c\u013ca - Puhdas+","og_description":"Citronu \u0113terisk\u0101 e\u013c\u013ca ir 100% t\u012bra dab\u012bga e\u013c\u013ca, ko var daudzpus\u012bgi izmantot aromterapij\u0101, mas\u0101\u017e\u0101 un m\u0101jas apst\u0101k\u013cos.","og_url":"https:\/\/test.puhdasplus.ee\/lv\/tooted\/eteriskas-ellas\/citronu-eteriska-ella\/","og_site_name":"Puhdas+","article_publisher":"https:\/\/www.facebook.com\/puhdasplus","article_modified_time":"2026-02-27T09:28:43+00:00","og_image":[{"width":1862,"height":2560,"url":"https:\/\/test.puhdasplus.ee\/wp-content\/uploads\/2025\/01\/208.jpg","type":"image\/jpeg"}],"twitter_card":"summary_large_image","twitter_misc":{"Est. reading time":"2 min\u016btes"},"schema":{"@context":"https:\/\/schema.org","@graph":[{"@type":"WebPage","@id":"https:\/\/test.puhdasplus.ee\/lv\/tooted\/eteriskas-ellas\/citronu-eteriska-ella\/","url":"https:\/\/test.puhdasplus.ee\/lv\/tooted\/eteriskas-ellas\/citronu-eteriska-ella\/","name":"Citronu \u0113terisk\u0101 e\u013c\u013ca - Puhdas+","isPartOf":{"@id":"https:\/\/test.puhdasplus.ee\/lv\/#website"},"primaryImageOfPage":{"@id":"https:\/\/test.puhdasplus.ee\/lv\/tooted\/eteriskas-ellas\/citronu-eteriska-ella\/#primaryimage"},"image":{"@id":"https:\/\/test.puhdasplus.ee\/lv\/tooted\/eteriskas-ellas\/citronu-eteriska-ella\/#primaryimage"},"thumbnailUrl":"https:\/\/test.puhdasplus.ee\/wp-content\/uploads\/2025\/01\/208.jpg","datePublished":"2025-01-16T15:53:40+00:00","dateModified":"2026-02-27T09:28:43+00:00","description":"Citronu \u0113terisk\u0101 e\u013c\u013ca ir 100% t\u012bra dab\u012bga e\u013c\u013ca, ko var daudzpus\u012bgi izmantot aromterapij\u0101, mas\u0101\u017e\u0101 un m\u0101jas apst\u0101k\u013cos.","breadcrumb":{"@id":"https:\/\/test.puhdasplus.ee\/lv\/tooted\/eteriskas-ellas\/citronu-eteriska-ella\/#breadcrumb"},"inLanguage":"lv-LV","potentialAction":[{"@type":"ReadAction","target":["https:\/\/test.puhdasplus.ee\/lv\/tooted\/eteriskas-ellas\/citronu-eteriska-ella\/"]}]},{"@type":"ImageObject","inLanguage":"lv-LV","@id":"https:\/\/test.puhdasplus.ee\/lv\/tooted\/eteriskas-ellas\/citronu-eteriska-ella\/#primaryimage","url":"https:\/\/test.puhdasplus.ee\/wp-content\/uploads\/2025\/01\/208.jpg","contentUrl":"https:\/\/test.puhdasplus.ee\/wp-content\/uploads\/2025\/01\/208.jpg","width":1862,"height":2560,"caption":"citronu \u0113terisk\u0101 e\u013c\u013ca"},{"@type":"BreadcrumbList","@id":"https:\/\/test.puhdasplus.ee\/lv\/tooted\/eteriskas-ellas\/citronu-eteriska-ella\/#breadcrumb","itemListElement":[{"@type":"ListItem","position":1,"name":"S\u0101kums","item":"https:\/\/test.puhdasplus.ee\/lv\/"},{"@type":"ListItem","position":2,"name":"Produkti","item":"https:\/\/test.puhdasplus.ee\/lv\/veikals\/"},{"@type":"ListItem","position":3,"name":"Citronu \u0113terisk\u0101 e\u013c\u013ca"}]},{"@type":"WebSite","@id":"https:\/\/test.puhdasplus.ee\/lv\/#website","url":"https:\/\/test.puhdasplus.ee\/lv\/","name":"Puhdas+","description":"Vitamiinid, Toidulisandid, looduskosmeetika, tervis, sport","publisher":{"@id":"https:\/\/test.puhdasplus.ee\/lv\/#organization"},"potentialAction":[{"@type":"SearchAction","target":{"@type":"EntryPoint","urlTemplate":"https:\/\/test.puhdasplus.ee\/lv\/?s={search_term_string}"},"query-input":{"@type":"PropertyValueSpecification","valueRequired":true,"valueName":"search_term_string"}}],"inLanguage":"lv-LV"},{"@type":"Organization","@id":"https:\/\/test.puhdasplus.ee\/lv\/#organization","name":"Puhdas+","alternateName":"Puhdasplus","url":"https:\/\/test.puhdasplus.ee\/lv\/","logo":{"@type":"ImageObject","inLanguage":"lv-LV","@id":"https:\/\/test.puhdasplus.ee\/lv\/#\/schema\/logo\/image\/","url":"https:\/\/test.puhdasplus.ee\/\/wp-content\/uploads\/2019\/10\/puhdas_logo-arvele.png","contentUrl":"https:\/\/test.puhdasplus.ee\/\/wp-content\/uploads\/2019\/10\/puhdas_logo-arvele.png","width":114,"height":94,"caption":"Puhdas+"},"image":{"@id":"https:\/\/test.puhdasplus.ee\/lv\/#\/schema\/logo\/image\/"},"sameAs":["https:\/\/www.facebook.com\/puhdasplus","https:\/\/www.instagram.com\/puhdasplus_ee\/"]}]}},"_links":{"self":[{"href":"https:\/\/test.puhdasplus.ee\/lv\/wp-json\/wp\/v2\/product\/33438","targetHints":{"allow":["GET"]}}],"collection":[{"href":"https:\/\/test.puhdasplus.ee\/lv\/wp-json\/wp\/v2\/product"}],"about":[{"href":"https:\/\/test.puhdasplus.ee\/lv\/wp-json\/wp\/v2\/types\/product"}],"replies":[{"embeddable":true,"href":"https:\/\/test.puhdasplus.ee\/lv\/wp-json\/wp\/v2\/comments?post=33438"}],"wp:featuredmedia":[{"embeddable":true,"href":"https:\/\/test.puhdasplus.ee\/lv\/wp-json\/wp\/v2\/media\/32394"}],"wp:attachment":[{"href":"https:\/\/test.puhdasplus.ee\/lv\/wp-json\/wp\/v2\/media?parent=33438"}],"wp:term":[{"taxonomy":"product_brand","embeddable":true,"href":"https:\/\/test.puhdasplus.ee\/lv\/wp-json\/wp\/v2\/product_brand?post=33438"},{"taxonomy":"product_cat","embeddable":true,"href":"https:\/\/test.puhdasplus.ee\/lv\/wp-json\/wp\/v2\/product_cat?post=33438"},{"taxonomy":"product_tag","embeddable":true,"href":"https:\/\/test.puhdasplus.ee\/lv\/wp-json\/wp\/v2\/product_tag?post=33438"}],"curies":[{"name":"wp","href":"https:\/\/api.w.org\/{rel}","templated":true}]}}