{"id":33435,"date":"2025-01-16T18:15:35","date_gmt":"2025-01-16T16:15:35","guid":{"rendered":"https:\/\/test.puhdasplus.ee\/\/tooted\/uncategorized\/rozmarina-eteriska-ella\/"},"modified":"2026-02-27T11:26:25","modified_gmt":"2026-02-27T09:26:25","slug":"rozmarina-eteriska-ella","status":"publish","type":"product","link":"https:\/\/test.puhdasplus.ee\/lv\/tooted\/eteriskas-ellas\/rozmarina-eteriska-ella\/","title":{"rendered":"Rozmar\u012bna \u0113terisk\u0101 e\u013c\u013ca"},"content":{"rendered":"<h3>Dabisks atbalsts pr\u0101tam un \u0137ermenim<\/h3>\n<p>Rozmar\u012bna \u0113terisk\u0101 e\u013c\u013ca ir 100% t\u012bra dab\u012bga e\u013c\u013ca, kas ieg\u016bta no rozmar\u012bna auga (Rosmarinus officinalis) lap\u0101m. T\u0101s svaigais, augu izcelsmes arom\u0101ts pal\u012bdz uzlabot koncentr\u0113\u0161an\u0101s sp\u0113jas, mazin\u0101t stresu un atbalst\u012bt matu un \u0101das vesel\u012bbu. <\/p>\n<p data-start=\"519\" data-end=\"1096\">Rozmar\u012bna \u0113terisk\u0101 e\u013c\u013ca tiek ieg\u016bta no r\u016bp\u012bgi atlas\u012bt\u0101m rozmar\u012bna lap\u0101m, nodro\u0161inot augstu kvalit\u0101ti un efektivit\u0101ti. \u0160\u012bs e\u013c\u013cas svaigais un augu arom\u0101ts pal\u012bdz uzlabot koncentr\u0113\u0161an\u0101s sp\u0113jas, mazin\u0101t stresu un rad\u012bt pat\u012bkamu atmosf\u0113ru m\u0101j\u0101s. Rozmar\u012bna \u0113terisk\u0101 e\u013c\u013ca ir paz\u012bstama ar sav\u0101m stimul\u0113jo\u0161aj\u0101m \u012bpa\u0161\u012bb\u0101m, kas pal\u012bdz stimul\u0113t asinsriti un atbalst\u012bt im\u016bnsist\u0113mu. T\u0101 ir popul\u0101ra ar\u012b matu kop\u0161an\u0101, veicinot matu aug\u0161anu un uzlabojot galvas \u0101das vesel\u012bbu. E\u013c\u013cu var izmantot aromlamp\u0101s, difuzoros, saun\u0101s vai at\u0161\u0137aid\u012btu k\u0101 mas\u0101\u017eas e\u013c\u013cu.    <\/p>\n<p data-start=\"1098\" data-end=\"1119\"><strong data-start=\"1098\" data-end=\"1119\">Galven\u0101s priek\u0161roc\u012bbas:<\/strong><\/p>\n<ul data-start=\"1120\" data-end=\"1686\">\n<li data-start=\"1120\" data-end=\"1206\"><strong data-start=\"1122\" data-end=\"1155\">Koncentr\u0113\u0161an\u0101s sp\u0113ju uzlabo\u0161ana:<\/strong> Stimul\u0113 ma\u0146as un pal\u012bdz palielin\u0101t gar\u012bgo skaidr\u012bbu.<\/li>\n<li data-start=\"1207\" data-end=\"1296\"><strong data-start=\"1209\" data-end=\"1234\">Stresa mazin\u0101\u0161ana:<\/strong> pal\u012bdz mazin\u0101t stresu un trauksmi, veicinot relaks\u0101ciju.<\/li>\n<li data-start=\"1297\" data-end=\"1402\"><strong data-start=\"1299\" data-end=\"1329\">Matu un galvas \u0101das kop\u0161ana:<\/strong> Stimul\u0113 matu aug\u0161anu, stiprina matus un uzlabo galvas \u0101das vesel\u012bbu.<\/li>\n<li data-start=\"1403\" data-end=\"1485\"><strong data-start=\"1405\" data-end=\"1430\">Asinsrites stimul\u0113\u0161ana:<\/strong> Veicina asinsriti un pal\u012bdz mazin\u0101t musku\u013cu sasprindzin\u0101jumu.<\/li>\n<li data-start=\"1486\" data-end=\"1600\"><strong data-start=\"1488\" data-end=\"1512\">Daudzpus\u012bgs lietojums:<\/strong> piem\u0113rots aromterapijai, mas\u0101\u017eai, saunas lieto\u0161anai, k\u0101 ar\u012b matu un \u0101das kop\u0161anai.<\/li>\n<li data-start=\"1601\" data-end=\"1686\"><strong data-start=\"1603\" data-end=\"1631\">100% t\u012brs un dab\u012bgs:<\/strong> nesatur sint\u0113tiskas piedevas vai konservantus.<\/li>\n<\/ul>\n<p data-start=\"1688\" data-end=\"1737\"><strong data-start=\"1688\" data-end=\"1704\">Sast\u0101vda\u013cas:<\/strong> rozmar\u012bna lapu e\u013c\u013ca.<\/p>\n<p data-start=\"1739\" data-end=\"1759\"><strong data-start=\"1739\" data-end=\"1759\">Lieto\u0161anas instrukcija:<\/strong><\/p>\n<ul data-start=\"1760\" data-end=\"2434\">\n<li data-start=\"1760\" data-end=\"1887\"><strong data-start=\"1762\" data-end=\"1781\">Aromterapija:<\/strong> Pievienojiet 3\u20137 pilienus \u0113terisk\u0101s e\u013c\u013cas aromlampai vai difuzoram, lai atsvaidzin\u0101tu telpas gaisu un stimul\u0113tu ma\u0146as.<\/li>\n<li data-start=\"1888\" data-end=\"2054\"><strong data-start=\"1890\" data-end=\"1902\">Mas\u0101\u017ea:<\/strong> At\u0161\u0137aidiet 1-2 pilienus \u0113terisk\u0101s e\u013c\u013cas 10 ml b\u0101zes e\u013c\u013cas (piem\u0113ram, mande\u013cu vai jojobas e\u013c\u013cas) un iemas\u0113jiet \u0101d\u0101, lai mazin\u0101tu musku\u013cu sasprindzin\u0101jumu un uzlabotu asinsriti.<\/li>\n<li data-start=\"2055\" data-end=\"2154\"><strong data-start=\"2057\" data-end=\"2066\">Pirts:<\/strong> Pievienojiet tvaika \u016bdenim 1\u20133 pilienus \u0113terisk\u0101s e\u013c\u013cas, lai rad\u012btu atsvaidzino\u0161u un uzmundrino\u0161u pirts pieredzi.<\/li>\n<li data-start=\"2155\" data-end=\"2299\"><strong data-start=\"2157\" data-end=\"2175\">Matu kop\u0161ana:<\/strong> Pievienojiet da\u017eus pilienus \u0113terisk\u0101s e\u013c\u013cas \u0161amp\u016bnam vai kondicionierim, lai stimul\u0113tu matu aug\u0161anu un uzlabotu galvas \u0101das vesel\u012bbu.<\/li>\n<li data-start=\"2300\" data-end=\"2434\"><strong data-start=\"2302\" data-end=\"2311\">Vanna:<\/strong> Sajauciet 3-5 pilienus \u0113terisk\u0101s e\u013c\u013cas ar medu vai \u0161\u0137idraj\u0101m ziep\u0113m un pievienojiet vannas \u016bdenim, lai ieg\u016btu relaks\u0113jo\u0161u un atsvaidzino\u0161u vannu.<\/li>\n<\/ul>\n<p data-start=\"2436\" data-end=\"2743\"><strong data-start=\"2436\" data-end=\"2454\">Dro\u0161\u012bbas nor\u0101d\u012bjumi:<\/strong> Tikai \u0101r\u012bgai lieto\u0161anai. Neuzkl\u0101jiet neat\u0161\u0137aid\u012btu e\u013c\u013cu tie\u0161i uz \u0101das. Izvairieties no saskares ar ac\u012bm un g\u013cot\u0101d\u0101m.   Sarg\u0101t no b\u0113rniem. Gr\u016btniec\u0113m, sieviet\u0113m, kas baro b\u0113rnu ar kr\u016bti, b\u0113rniem, vec\u0101ka gadag\u0101juma cilv\u0113kiem un cilv\u0113kiem ar hronisk\u0101m slim\u012bb\u0101m pirms lieto\u0161anas j\u0101konsult\u0113jas ar vesel\u012bbas apr\u016bpes speci\u0101listu.<\/p>\n","protected":false},"excerpt":{"rendered":"<p>100% t\u012bra rozmar\u012bna \u0113terisk\u0101 e\u013c\u013ca, kas pied\u0101v\u0101 atsvaidzino\u0161u arom\u0101tu un daudzpus\u012bgu pielietojumu aromterapij\u0101, mas\u0101\u017e\u0101, k\u0101 ar\u012b matu un \u0101das kop\u0161an\u0101.<\/p>\n","protected":false},"featured_media":33437,"comment_status":"closed","ping_status":"closed","template":"","meta":{"_acf_changed":false},"product_brand":[],"product_cat":[2761],"product_tag":[2764,3638,2765,3637,2580,3639,2762],"class_list":{"0":"post-33435","1":"product","2":"type-product","3":"status-publish","4":"has-post-thumbnail","6":"product_cat-eteriskas-ellas","7":"product_tag-aromterapija","8":"product_tag-asinsrites-uzlabosana","9":"product_tag-dabigs-gaisa-atsvaidzinatajs","10":"product_tag-koncentracija-lv","11":"product_tag-matu-kopsana","12":"product_tag-osmarina-eteriska-ella","13":"product_tag-stresa-mazinasana","15":"first","16":"onbackorder","17":"taxable","18":"shipping-taxable","19":"purchasable","20":"product-type-variable","21":"has-default-attributes"},"acf":[],"yoast_head":"<!-- This site is optimized with the Yoast SEO plugin v27.1.1 - https:\/\/yoast.com\/product\/yoast-seo-wordpress\/ -->\n<title>Rozmar\u012bna \u0113terisk\u0101 e\u013c\u013ca - Puhdas+<\/title>\n<meta name=\"description\" content=\"Rozmar\u012bna \u0113terisk\u0101 e\u013c\u013ca 10 ml ir 100% t\u012bra dab\u012bga e\u013c\u013ca, ko var daudzpus\u012bgi izmantot aromterapij\u0101, matu un \u0101das kop\u0161an\u0101.\" \/>\n<meta name=\"robots\" content=\"noindex, follow, max-snippet:-1, max-image-preview:large, max-video-preview:-1\" \/>\n<meta property=\"og:locale\" content=\"lv_LV\" \/>\n<meta property=\"og:type\" content=\"article\" \/>\n<meta property=\"og:title\" content=\"Rozmar\u012bna \u0113terisk\u0101 e\u013c\u013ca - Puhdas+\" \/>\n<meta property=\"og:description\" content=\"Rozmar\u012bna \u0113terisk\u0101 e\u013c\u013ca 10 ml ir 100% t\u012bra dab\u012bga e\u013c\u013ca, ko var daudzpus\u012bgi izmantot aromterapij\u0101, matu un \u0101das kop\u0161an\u0101.\" \/>\n<meta property=\"og:url\" content=\"https:\/\/test.puhdasplus.ee\/lv\/tooted\/eteriskas-ellas\/rozmarina-eteriska-ella\/\" \/>\n<meta property=\"og:site_name\" content=\"Puhdas+\" \/>\n<meta property=\"article:publisher\" content=\"https:\/\/www.facebook.com\/puhdasplus\" \/>\n<meta property=\"article:modified_time\" content=\"2026-02-27T09:26:25+00:00\" \/>\n<meta property=\"og:image\" content=\"https:\/\/test.puhdasplus.ee\/wp-content\/uploads\/2025\/03\/86.jpg\" \/>\n\t<meta property=\"og:image:width\" content=\"1862\" \/>\n\t<meta property=\"og:image:height\" content=\"2560\" \/>\n\t<meta property=\"og:image:type\" content=\"image\/jpeg\" \/>\n<meta name=\"twitter:card\" content=\"summary_large_image\" \/>\n<meta name=\"twitter:label1\" content=\"Est. reading time\" \/>\n\t<meta name=\"twitter:data1\" content=\"2 min\u016btes\" \/>\n<script type=\"application\/ld+json\" class=\"yoast-schema-graph\">{\"@context\":\"https:\/\/schema.org\",\"@graph\":[{\"@type\":\"WebPage\",\"@id\":\"https:\/\/test.puhdasplus.ee\/lv\/tooted\/eteriskas-ellas\/rozmarina-eteriska-ella\/\",\"url\":\"https:\/\/test.puhdasplus.ee\/lv\/tooted\/eteriskas-ellas\/rozmarina-eteriska-ella\/\",\"name\":\"Rozmar\u012bna \u0113terisk\u0101 e\u013c\u013ca - Puhdas+\",\"isPartOf\":{\"@id\":\"https:\/\/test.puhdasplus.ee\/lv\/#website\"},\"primaryImageOfPage\":{\"@id\":\"https:\/\/test.puhdasplus.ee\/lv\/tooted\/eteriskas-ellas\/rozmarina-eteriska-ella\/#primaryimage\"},\"image\":{\"@id\":\"https:\/\/test.puhdasplus.ee\/lv\/tooted\/eteriskas-ellas\/rozmarina-eteriska-ella\/#primaryimage\"},\"thumbnailUrl\":\"https:\/\/test.puhdasplus.ee\/wp-content\/uploads\/2025\/03\/86.jpg\",\"datePublished\":\"2025-01-16T16:15:35+00:00\",\"dateModified\":\"2026-02-27T09:26:25+00:00\",\"description\":\"Rozmar\u012bna \u0113terisk\u0101 e\u013c\u013ca 10 ml ir 100% t\u012bra dab\u012bga e\u013c\u013ca, ko var daudzpus\u012bgi izmantot aromterapij\u0101, matu un \u0101das kop\u0161an\u0101.\",\"breadcrumb\":{\"@id\":\"https:\/\/test.puhdasplus.ee\/lv\/tooted\/eteriskas-ellas\/rozmarina-eteriska-ella\/#breadcrumb\"},\"inLanguage\":\"lv-LV\",\"potentialAction\":[{\"@type\":\"ReadAction\",\"target\":[\"https:\/\/test.puhdasplus.ee\/lv\/tooted\/eteriskas-ellas\/rozmarina-eteriska-ella\/\"]}]},{\"@type\":\"ImageObject\",\"inLanguage\":\"lv-LV\",\"@id\":\"https:\/\/test.puhdasplus.ee\/lv\/tooted\/eteriskas-ellas\/rozmarina-eteriska-ella\/#primaryimage\",\"url\":\"https:\/\/test.puhdasplus.ee\/wp-content\/uploads\/2025\/03\/86.jpg\",\"contentUrl\":\"https:\/\/test.puhdasplus.ee\/wp-content\/uploads\/2025\/03\/86.jpg\",\"width\":1862,\"height\":2560,\"caption\":\"Rozmar\u012bna \u0113terisk\u0101 e\u013c\u013ca\"},{\"@type\":\"BreadcrumbList\",\"@id\":\"https:\/\/test.puhdasplus.ee\/lv\/tooted\/eteriskas-ellas\/rozmarina-eteriska-ella\/#breadcrumb\",\"itemListElement\":[{\"@type\":\"ListItem\",\"position\":1,\"name\":\"S\u0101kums\",\"item\":\"https:\/\/test.puhdasplus.ee\/lv\/\"},{\"@type\":\"ListItem\",\"position\":2,\"name\":\"Produkti\",\"item\":\"https:\/\/test.puhdasplus.ee\/lv\/veikals\/\"},{\"@type\":\"ListItem\",\"position\":3,\"name\":\"Rozmar\u012bna \u0113terisk\u0101 e\u013c\u013ca\"}]},{\"@type\":\"WebSite\",\"@id\":\"https:\/\/test.puhdasplus.ee\/lv\/#website\",\"url\":\"https:\/\/test.puhdasplus.ee\/lv\/\",\"name\":\"Puhdas+\",\"description\":\"Vitamiinid, Toidulisandid, looduskosmeetika, tervis, sport\",\"publisher\":{\"@id\":\"https:\/\/test.puhdasplus.ee\/lv\/#organization\"},\"potentialAction\":[{\"@type\":\"SearchAction\",\"target\":{\"@type\":\"EntryPoint\",\"urlTemplate\":\"https:\/\/test.puhdasplus.ee\/lv\/?s={search_term_string}\"},\"query-input\":{\"@type\":\"PropertyValueSpecification\",\"valueRequired\":true,\"valueName\":\"search_term_string\"}}],\"inLanguage\":\"lv-LV\"},{\"@type\":\"Organization\",\"@id\":\"https:\/\/test.puhdasplus.ee\/lv\/#organization\",\"name\":\"Puhdas+\",\"alternateName\":\"Puhdasplus\",\"url\":\"https:\/\/test.puhdasplus.ee\/lv\/\",\"logo\":{\"@type\":\"ImageObject\",\"inLanguage\":\"lv-LV\",\"@id\":\"https:\/\/test.puhdasplus.ee\/lv\/#\/schema\/logo\/image\/\",\"url\":\"https:\/\/test.puhdasplus.ee\/\/wp-content\/uploads\/2019\/10\/puhdas_logo-arvele.png\",\"contentUrl\":\"https:\/\/test.puhdasplus.ee\/\/wp-content\/uploads\/2019\/10\/puhdas_logo-arvele.png\",\"width\":114,\"height\":94,\"caption\":\"Puhdas+\"},\"image\":{\"@id\":\"https:\/\/test.puhdasplus.ee\/lv\/#\/schema\/logo\/image\/\"},\"sameAs\":[\"https:\/\/www.facebook.com\/puhdasplus\",\"https:\/\/www.instagram.com\/puhdasplus_ee\/\"]}]}<\/script>\n<!-- \/ Yoast SEO plugin. -->","yoast_head_json":{"title":"Rozmar\u012bna \u0113terisk\u0101 e\u013c\u013ca - Puhdas+","description":"Rozmar\u012bna \u0113terisk\u0101 e\u013c\u013ca 10 ml ir 100% t\u012bra dab\u012bga e\u013c\u013ca, ko var daudzpus\u012bgi izmantot aromterapij\u0101, matu un \u0101das kop\u0161an\u0101.","robots":{"index":"noindex","follow":"follow","max-snippet":"max-snippet:-1","max-image-preview":"max-image-preview:large","max-video-preview":"max-video-preview:-1"},"og_locale":"lv_LV","og_type":"article","og_title":"Rozmar\u012bna \u0113terisk\u0101 e\u013c\u013ca - Puhdas+","og_description":"Rozmar\u012bna \u0113terisk\u0101 e\u013c\u013ca 10 ml ir 100% t\u012bra dab\u012bga e\u013c\u013ca, ko var daudzpus\u012bgi izmantot aromterapij\u0101, matu un \u0101das kop\u0161an\u0101.","og_url":"https:\/\/test.puhdasplus.ee\/lv\/tooted\/eteriskas-ellas\/rozmarina-eteriska-ella\/","og_site_name":"Puhdas+","article_publisher":"https:\/\/www.facebook.com\/puhdasplus","article_modified_time":"2026-02-27T09:26:25+00:00","og_image":[{"width":1862,"height":2560,"url":"https:\/\/test.puhdasplus.ee\/wp-content\/uploads\/2025\/03\/86.jpg","type":"image\/jpeg"}],"twitter_card":"summary_large_image","twitter_misc":{"Est. reading time":"2 min\u016btes"},"schema":{"@context":"https:\/\/schema.org","@graph":[{"@type":"WebPage","@id":"https:\/\/test.puhdasplus.ee\/lv\/tooted\/eteriskas-ellas\/rozmarina-eteriska-ella\/","url":"https:\/\/test.puhdasplus.ee\/lv\/tooted\/eteriskas-ellas\/rozmarina-eteriska-ella\/","name":"Rozmar\u012bna \u0113terisk\u0101 e\u013c\u013ca - Puhdas+","isPartOf":{"@id":"https:\/\/test.puhdasplus.ee\/lv\/#website"},"primaryImageOfPage":{"@id":"https:\/\/test.puhdasplus.ee\/lv\/tooted\/eteriskas-ellas\/rozmarina-eteriska-ella\/#primaryimage"},"image":{"@id":"https:\/\/test.puhdasplus.ee\/lv\/tooted\/eteriskas-ellas\/rozmarina-eteriska-ella\/#primaryimage"},"thumbnailUrl":"https:\/\/test.puhdasplus.ee\/wp-content\/uploads\/2025\/03\/86.jpg","datePublished":"2025-01-16T16:15:35+00:00","dateModified":"2026-02-27T09:26:25+00:00","description":"Rozmar\u012bna \u0113terisk\u0101 e\u013c\u013ca 10 ml ir 100% t\u012bra dab\u012bga e\u013c\u013ca, ko var daudzpus\u012bgi izmantot aromterapij\u0101, matu un \u0101das kop\u0161an\u0101.","breadcrumb":{"@id":"https:\/\/test.puhdasplus.ee\/lv\/tooted\/eteriskas-ellas\/rozmarina-eteriska-ella\/#breadcrumb"},"inLanguage":"lv-LV","potentialAction":[{"@type":"ReadAction","target":["https:\/\/test.puhdasplus.ee\/lv\/tooted\/eteriskas-ellas\/rozmarina-eteriska-ella\/"]}]},{"@type":"ImageObject","inLanguage":"lv-LV","@id":"https:\/\/test.puhdasplus.ee\/lv\/tooted\/eteriskas-ellas\/rozmarina-eteriska-ella\/#primaryimage","url":"https:\/\/test.puhdasplus.ee\/wp-content\/uploads\/2025\/03\/86.jpg","contentUrl":"https:\/\/test.puhdasplus.ee\/wp-content\/uploads\/2025\/03\/86.jpg","width":1862,"height":2560,"caption":"Rozmar\u012bna \u0113terisk\u0101 e\u013c\u013ca"},{"@type":"BreadcrumbList","@id":"https:\/\/test.puhdasplus.ee\/lv\/tooted\/eteriskas-ellas\/rozmarina-eteriska-ella\/#breadcrumb","itemListElement":[{"@type":"ListItem","position":1,"name":"S\u0101kums","item":"https:\/\/test.puhdasplus.ee\/lv\/"},{"@type":"ListItem","position":2,"name":"Produkti","item":"https:\/\/test.puhdasplus.ee\/lv\/veikals\/"},{"@type":"ListItem","position":3,"name":"Rozmar\u012bna \u0113terisk\u0101 e\u013c\u013ca"}]},{"@type":"WebSite","@id":"https:\/\/test.puhdasplus.ee\/lv\/#website","url":"https:\/\/test.puhdasplus.ee\/lv\/","name":"Puhdas+","description":"Vitamiinid, Toidulisandid, looduskosmeetika, tervis, sport","publisher":{"@id":"https:\/\/test.puhdasplus.ee\/lv\/#organization"},"potentialAction":[{"@type":"SearchAction","target":{"@type":"EntryPoint","urlTemplate":"https:\/\/test.puhdasplus.ee\/lv\/?s={search_term_string}"},"query-input":{"@type":"PropertyValueSpecification","valueRequired":true,"valueName":"search_term_string"}}],"inLanguage":"lv-LV"},{"@type":"Organization","@id":"https:\/\/test.puhdasplus.ee\/lv\/#organization","name":"Puhdas+","alternateName":"Puhdasplus","url":"https:\/\/test.puhdasplus.ee\/lv\/","logo":{"@type":"ImageObject","inLanguage":"lv-LV","@id":"https:\/\/test.puhdasplus.ee\/lv\/#\/schema\/logo\/image\/","url":"https:\/\/test.puhdasplus.ee\/\/wp-content\/uploads\/2019\/10\/puhdas_logo-arvele.png","contentUrl":"https:\/\/test.puhdasplus.ee\/\/wp-content\/uploads\/2019\/10\/puhdas_logo-arvele.png","width":114,"height":94,"caption":"Puhdas+"},"image":{"@id":"https:\/\/test.puhdasplus.ee\/lv\/#\/schema\/logo\/image\/"},"sameAs":["https:\/\/www.facebook.com\/puhdasplus","https:\/\/www.instagram.com\/puhdasplus_ee\/"]}]}},"_links":{"self":[{"href":"https:\/\/test.puhdasplus.ee\/lv\/wp-json\/wp\/v2\/product\/33435","targetHints":{"allow":["GET"]}}],"collection":[{"href":"https:\/\/test.puhdasplus.ee\/lv\/wp-json\/wp\/v2\/product"}],"about":[{"href":"https:\/\/test.puhdasplus.ee\/lv\/wp-json\/wp\/v2\/types\/product"}],"replies":[{"embeddable":true,"href":"https:\/\/test.puhdasplus.ee\/lv\/wp-json\/wp\/v2\/comments?post=33435"}],"wp:featuredmedia":[{"embeddable":true,"href":"https:\/\/test.puhdasplus.ee\/lv\/wp-json\/wp\/v2\/media\/33437"}],"wp:attachment":[{"href":"https:\/\/test.puhdasplus.ee\/lv\/wp-json\/wp\/v2\/media?parent=33435"}],"wp:term":[{"taxonomy":"product_brand","embeddable":true,"href":"https:\/\/test.puhdasplus.ee\/lv\/wp-json\/wp\/v2\/product_brand?post=33435"},{"taxonomy":"product_cat","embeddable":true,"href":"https:\/\/test.puhdasplus.ee\/lv\/wp-json\/wp\/v2\/product_cat?post=33435"},{"taxonomy":"product_tag","embeddable":true,"href":"https:\/\/test.puhdasplus.ee\/lv\/wp-json\/wp\/v2\/product_tag?post=33435"}],"curies":[{"name":"wp","href":"https:\/\/api.w.org\/{rel}","templated":true}]}}