{"id":33417,"date":"2025-01-16T17:46:41","date_gmt":"2025-01-16T15:46:41","guid":{"rendered":"https:\/\/test.puhdasplus.ee\/\/tooted\/uncategorized\/piparmetru-eteriska-ella\/"},"modified":"2026-02-27T11:29:23","modified_gmt":"2026-02-27T09:29:23","slug":"piparmetru-eteriska-ella","status":"publish","type":"product","link":"https:\/\/test.puhdasplus.ee\/lv\/tooted\/eteriskas-ellas\/piparmetru-eteriska-ella\/","title":{"rendered":"Piparm\u0113tru \u0113terisk\u0101 e\u013c\u013ca"},"content":{"rendered":"<h3>  Dab\u012bgs svaigums un labsaj\u016bta<\/h3>\n<p>Piparm\u0113tru \u0113terisk\u0101 e\u013c\u013ca ir 100% t\u012bra dab\u012bga e\u013c\u013ca, kas ieg\u016bta no piparm\u0113tru auga (Mentha piperita) lap\u0101m. T\u0101s atsvaidzino\u0161ais un v\u0113sino\u0161ais arom\u0101ts pal\u012bdz mazin\u0101t stresu, uzlabot koncentr\u0113\u0161an\u0101s sp\u0113jas un atbalst\u012bt elpo\u0161anas ce\u013cu vesel\u012bbu. <\/p>\n<p data-start=\"503\" data-end=\"1008\">Piparm\u0113tru \u0113terisk\u0101 e\u013c\u013ca tiek ieg\u016bta no r\u016bp\u012bgi atlas\u012bt\u0101m piparm\u0113tru lap\u0101m, nodro\u0161inot augstu kvalit\u0101ti un efektivit\u0101ti. \u0160\u012bs e\u013c\u013cas svaigais un uzmundrino\u0161ais arom\u0101ts pal\u012bdz mazin\u0101t gar\u012bgo nogurumu, uzlabot koncentr\u0113\u0161an\u0101s sp\u0113jas un rad\u012bt pat\u012bkamu atmosf\u0113ru m\u0101j\u0101s. Turkl\u0101t piparm\u0113tru \u0113terisk\u0101 e\u013c\u013ca ir paz\u012bstama ar sav\u0101m elpo\u0161anas ce\u013cu atbalsto\u0161aj\u0101m \u012bpa\u0161\u012bb\u0101m, pal\u012bdzot mazin\u0101t saaukst\u0113\u0161an\u0101s simptomus un atv\u0113rt elpce\u013cus. E\u013c\u013cu var izmantot aromlamp\u0101s, difuzoros, saun\u0101 vai at\u0161\u0137aid\u012btu k\u0101 mas\u0101\u017eas e\u013c\u013cu.   <\/p>\n<p data-start=\"1010\" data-end=\"1031\"><strong data-start=\"1010\" data-end=\"1031\">Galven\u0101s priek\u0161roc\u012bbas:<\/strong><\/p>\n<ul data-start=\"1032\" data-end=\"1476\">\n<li data-start=\"1032\" data-end=\"1100\"><strong data-start=\"1034\" data-end=\"1055\">Atsvaidzino\u0161s arom\u0101ts:<\/strong> Stimul\u0113 saj\u016btas un uzlabo koncentr\u0113\u0161an\u0101s sp\u0113jas.<\/li>\n<li data-start=\"1101\" data-end=\"1180\"><strong data-start=\"1103\" data-end=\"1126\">Elpo\u0161anas ce\u013cu atbalsts:<\/strong> Pal\u012bdz mazin\u0101t saaukst\u0113\u0161an\u0101s simptomus un atv\u0113rt elpce\u013cus.<\/li>\n<li data-start=\"1181\" data-end=\"1279\"><strong data-start=\"1183\" data-end=\"1213\">Musku\u013cu sasprindzin\u0101juma mazin\u0101\u0161ana:<\/strong> Lietojot at\u0161\u0137aid\u012bt\u0101 veid\u0101, tas pal\u012bdz mazin\u0101t musku\u013cu sasprindzin\u0101jumu un s\u0101pes.<\/li>\n<li data-start=\"1280\" data-end=\"1390\"><strong data-start=\"1282\" data-end=\"1306\">Daudzpus\u012bgs lietojums:<\/strong> piem\u0113rots aromterapijai, mas\u0101\u017eai, saunas lieto\u0161anai un m\u0101jas gaisa atsvaidzin\u0101t\u0101jam.<\/li>\n<li data-start=\"1391\" data-end=\"1476\"><strong data-start=\"1393\" data-end=\"1421\">100% t\u012brs un dab\u012bgs:<\/strong> nesatur sint\u0113tiskas piedevas vai konservantus.<\/li>\n<\/ul>\n<p data-start=\"1478\" data-end=\"1536\"><strong data-start=\"1478\" data-end=\"1494\">Sast\u0101vda\u013cas:<\/strong> piparm\u0113tru (Mentha Piperita) \u0113terisk\u0101 e\u013c\u013ca.<\/p>\n<p data-start=\"1538\" data-end=\"1558\"><strong data-start=\"1538\" data-end=\"1558\">Lieto\u0161anas instrukcija:<\/strong><\/p>\n<ul data-start=\"1559\" data-end=\"2079\">\n<li data-start=\"1559\" data-end=\"1686\"><strong data-start=\"1561\" data-end=\"1580\">Aromterapija:<\/strong> Pievienojiet 3\u20137 pilienus \u0113terisk\u0101s e\u013c\u013cas aromlampai vai difuzoram, lai atsvaidzin\u0101tu gaisu un stimul\u0113tu ma\u0146as.<\/li>\n<li data-start=\"1687\" data-end=\"1834\"><strong data-start=\"1689\" data-end=\"1701\">Mas\u0101\u017ea:<\/strong> At\u0161\u0137aidiet 1-2 pilienus \u0113terisk\u0101s e\u013c\u013cas 10 ml b\u0101zes e\u013c\u013cas (piem\u0113ram, mande\u013cu vai jojobas e\u013c\u013cas) un iemas\u0113jiet saspringtos musku\u013cos, lai mazin\u0101tu spriedzi.<\/li>\n<li data-start=\"1835\" data-end=\"1944\"><strong data-start=\"1837\" data-end=\"1846\">Pirts:<\/strong> Pievienojiet tvaika \u016bdenim 1\u20133 pilienus \u0113terisk\u0101s e\u013c\u013cas, lai rad\u012btu atsvaidzino\u0161u un elpo\u0161anas ce\u013cus atvero\u0161u pirts pieredzi.<\/li>\n<li data-start=\"1945\" data-end=\"2079\"><strong data-start=\"1947\" data-end=\"1956\">Vanna:<\/strong> Sajauciet 3-5 pilienus \u0113terisk\u0101s e\u013c\u013cas ar medu vai \u0161\u0137idraj\u0101m ziep\u0113m un pievienojiet vannas \u016bdenim, lai baud\u012btu relaks\u0113jo\u0161u un atsvaidzino\u0161u vannu.<\/li>\n<\/ul>\n<p data-start=\"2081\" data-end=\"2388\"><strong data-start=\"2081\" data-end=\"2099\">Dro\u0161\u012bbas nor\u0101d\u012bjumi:<\/strong> Tikai \u0101r\u012bgai lieto\u0161anai. Neuzkl\u0101jiet neat\u0161\u0137aid\u012btu e\u013c\u013cu tie\u0161i uz \u0101das. Izvairieties no saskares ar ac\u012bm un g\u013cot\u0101d\u0101m.   Sarg\u0101t no b\u0113rniem. Gr\u016btniec\u0113m, sieviet\u0113m, kas baro b\u0113rnu ar kr\u016bti, b\u0113rniem, vec\u0101ka gadag\u0101juma cilv\u0113kiem un cilv\u0113kiem ar hronisk\u0101m slim\u012bb\u0101m pirms lieto\u0161anas j\u0101konsult\u0113jas ar vesel\u012bbas apr\u016bpes speci\u0101listu.<\/p>\n","protected":false},"excerpt":{"rendered":"<p>100% t\u012bra piparm\u0113tru \u0113terisk\u0101 e\u013c\u013ca, kas pied\u0101v\u0101 atsvaidzino\u0161u arom\u0101tu un ir daudzpus\u012bgi izmantojama aromterapij\u0101, mas\u0101\u017e\u0101 un m\u0101jas vid\u0113.<\/p>\n<p data-start=\"2081\" data-end=\"2388\">\n","protected":false},"featured_media":33420,"comment_status":"closed","ping_status":"closed","template":"","meta":{"_acf_changed":false},"product_brand":[],"product_cat":[2761],"product_tag":[2764,2765,3619,3620,3618],"class_list":{"0":"post-33417","1":"product","2":"type-product","3":"status-publish","4":"has-post-thumbnail","6":"product_cat-eteriskas-ellas","7":"product_tag-aromterapija","8":"product_tag-dabigs-gaisa-atsvaidzinatajs","9":"product_tag-elposanas-atbalsts","10":"product_tag-muskulu-sasprindzinajuma-mazinasana","11":"product_tag-piparmetru-eteriska-ella","13":"first","14":"onbackorder","15":"taxable","16":"shipping-taxable","17":"purchasable","18":"product-type-variable","19":"has-default-attributes"},"acf":[],"yoast_head":"<!-- This site is optimized with the Yoast SEO plugin v27.1.1 - https:\/\/yoast.com\/product\/yoast-seo-wordpress\/ -->\n<title>Piparm\u0113tru \u0113terisk\u0101 e\u013c\u013ca - Puhdas+<\/title>\n<meta name=\"description\" content=\"Piparm\u0113tru \u0113terisk\u0101 e\u013c\u013ca 10 ml ir 100% t\u012bra dab\u012bga e\u013c\u013ca, ko var daudzpus\u012bgi izmantot aromterapij\u0101, mas\u0101\u017e\u0101 un m\u0101jas apst\u0101k\u013cos.\" \/>\n<meta name=\"robots\" content=\"noindex, follow, max-snippet:-1, max-image-preview:large, max-video-preview:-1\" \/>\n<meta property=\"og:locale\" content=\"lv_LV\" \/>\n<meta property=\"og:type\" content=\"article\" \/>\n<meta property=\"og:title\" content=\"Piparm\u0113tru \u0113terisk\u0101 e\u013c\u013ca - Puhdas+\" \/>\n<meta property=\"og:description\" content=\"Piparm\u0113tru \u0113terisk\u0101 e\u013c\u013ca 10 ml ir 100% t\u012bra dab\u012bga e\u013c\u013ca, ko var daudzpus\u012bgi izmantot aromterapij\u0101, mas\u0101\u017e\u0101 un m\u0101jas apst\u0101k\u013cos.\" \/>\n<meta property=\"og:url\" content=\"https:\/\/test.puhdasplus.ee\/lv\/tooted\/eteriskas-ellas\/piparmetru-eteriska-ella\/\" \/>\n<meta property=\"og:site_name\" content=\"Puhdas+\" \/>\n<meta property=\"article:publisher\" content=\"https:\/\/www.facebook.com\/puhdasplus\" \/>\n<meta property=\"article:modified_time\" content=\"2026-02-27T09:29:23+00:00\" \/>\n<meta property=\"og:image\" content=\"https:\/\/test.puhdasplus.ee\/wp-content\/uploads\/2025\/01\/210.jpg\" \/>\n\t<meta property=\"og:image:width\" content=\"1862\" \/>\n\t<meta property=\"og:image:height\" content=\"2560\" \/>\n\t<meta property=\"og:image:type\" content=\"image\/jpeg\" \/>\n<meta name=\"twitter:card\" content=\"summary_large_image\" \/>\n<meta name=\"twitter:label1\" content=\"Est. reading time\" \/>\n\t<meta name=\"twitter:data1\" content=\"2 min\u016btes\" \/>\n<script type=\"application\/ld+json\" class=\"yoast-schema-graph\">{\"@context\":\"https:\/\/schema.org\",\"@graph\":[{\"@type\":\"WebPage\",\"@id\":\"https:\/\/test.puhdasplus.ee\/lv\/tooted\/eteriskas-ellas\/piparmetru-eteriska-ella\/\",\"url\":\"https:\/\/test.puhdasplus.ee\/lv\/tooted\/eteriskas-ellas\/piparmetru-eteriska-ella\/\",\"name\":\"Piparm\u0113tru \u0113terisk\u0101 e\u013c\u013ca - Puhdas+\",\"isPartOf\":{\"@id\":\"https:\/\/test.puhdasplus.ee\/lv\/#website\"},\"primaryImageOfPage\":{\"@id\":\"https:\/\/test.puhdasplus.ee\/lv\/tooted\/eteriskas-ellas\/piparmetru-eteriska-ella\/#primaryimage\"},\"image\":{\"@id\":\"https:\/\/test.puhdasplus.ee\/lv\/tooted\/eteriskas-ellas\/piparmetru-eteriska-ella\/#primaryimage\"},\"thumbnailUrl\":\"https:\/\/test.puhdasplus.ee\/wp-content\/uploads\/2025\/01\/210.jpg\",\"datePublished\":\"2025-01-16T15:46:41+00:00\",\"dateModified\":\"2026-02-27T09:29:23+00:00\",\"description\":\"Piparm\u0113tru \u0113terisk\u0101 e\u013c\u013ca 10 ml ir 100% t\u012bra dab\u012bga e\u013c\u013ca, ko var daudzpus\u012bgi izmantot aromterapij\u0101, mas\u0101\u017e\u0101 un m\u0101jas apst\u0101k\u013cos.\",\"breadcrumb\":{\"@id\":\"https:\/\/test.puhdasplus.ee\/lv\/tooted\/eteriskas-ellas\/piparmetru-eteriska-ella\/#breadcrumb\"},\"inLanguage\":\"lv-LV\",\"potentialAction\":[{\"@type\":\"ReadAction\",\"target\":[\"https:\/\/test.puhdasplus.ee\/lv\/tooted\/eteriskas-ellas\/piparmetru-eteriska-ella\/\"]}]},{\"@type\":\"ImageObject\",\"inLanguage\":\"lv-LV\",\"@id\":\"https:\/\/test.puhdasplus.ee\/lv\/tooted\/eteriskas-ellas\/piparmetru-eteriska-ella\/#primaryimage\",\"url\":\"https:\/\/test.puhdasplus.ee\/wp-content\/uploads\/2025\/01\/210.jpg\",\"contentUrl\":\"https:\/\/test.puhdasplus.ee\/wp-content\/uploads\/2025\/01\/210.jpg\",\"width\":1862,\"height\":2560,\"caption\":\"Piparm\u0113tru \u0113terisk\u0101 e\u013c\u013ca\"},{\"@type\":\"BreadcrumbList\",\"@id\":\"https:\/\/test.puhdasplus.ee\/lv\/tooted\/eteriskas-ellas\/piparmetru-eteriska-ella\/#breadcrumb\",\"itemListElement\":[{\"@type\":\"ListItem\",\"position\":1,\"name\":\"S\u0101kums\",\"item\":\"https:\/\/test.puhdasplus.ee\/lv\/\"},{\"@type\":\"ListItem\",\"position\":2,\"name\":\"Produkti\",\"item\":\"https:\/\/test.puhdasplus.ee\/lv\/veikals\/\"},{\"@type\":\"ListItem\",\"position\":3,\"name\":\"Piparm\u0113tru \u0113terisk\u0101 e\u013c\u013ca\"}]},{\"@type\":\"WebSite\",\"@id\":\"https:\/\/test.puhdasplus.ee\/lv\/#website\",\"url\":\"https:\/\/test.puhdasplus.ee\/lv\/\",\"name\":\"Puhdas+\",\"description\":\"Vitamiinid, Toidulisandid, looduskosmeetika, tervis, sport\",\"publisher\":{\"@id\":\"https:\/\/test.puhdasplus.ee\/lv\/#organization\"},\"potentialAction\":[{\"@type\":\"SearchAction\",\"target\":{\"@type\":\"EntryPoint\",\"urlTemplate\":\"https:\/\/test.puhdasplus.ee\/lv\/?s={search_term_string}\"},\"query-input\":{\"@type\":\"PropertyValueSpecification\",\"valueRequired\":true,\"valueName\":\"search_term_string\"}}],\"inLanguage\":\"lv-LV\"},{\"@type\":\"Organization\",\"@id\":\"https:\/\/test.puhdasplus.ee\/lv\/#organization\",\"name\":\"Puhdas+\",\"alternateName\":\"Puhdasplus\",\"url\":\"https:\/\/test.puhdasplus.ee\/lv\/\",\"logo\":{\"@type\":\"ImageObject\",\"inLanguage\":\"lv-LV\",\"@id\":\"https:\/\/test.puhdasplus.ee\/lv\/#\/schema\/logo\/image\/\",\"url\":\"https:\/\/test.puhdasplus.ee\/\/wp-content\/uploads\/2019\/10\/puhdas_logo-arvele.png\",\"contentUrl\":\"https:\/\/test.puhdasplus.ee\/\/wp-content\/uploads\/2019\/10\/puhdas_logo-arvele.png\",\"width\":114,\"height\":94,\"caption\":\"Puhdas+\"},\"image\":{\"@id\":\"https:\/\/test.puhdasplus.ee\/lv\/#\/schema\/logo\/image\/\"},\"sameAs\":[\"https:\/\/www.facebook.com\/puhdasplus\",\"https:\/\/www.instagram.com\/puhdasplus_ee\/\"]}]}<\/script>\n<!-- \/ Yoast SEO plugin. -->","yoast_head_json":{"title":"Piparm\u0113tru \u0113terisk\u0101 e\u013c\u013ca - Puhdas+","description":"Piparm\u0113tru \u0113terisk\u0101 e\u013c\u013ca 10 ml ir 100% t\u012bra dab\u012bga e\u013c\u013ca, ko var daudzpus\u012bgi izmantot aromterapij\u0101, mas\u0101\u017e\u0101 un m\u0101jas apst\u0101k\u013cos.","robots":{"index":"noindex","follow":"follow","max-snippet":"max-snippet:-1","max-image-preview":"max-image-preview:large","max-video-preview":"max-video-preview:-1"},"og_locale":"lv_LV","og_type":"article","og_title":"Piparm\u0113tru \u0113terisk\u0101 e\u013c\u013ca - Puhdas+","og_description":"Piparm\u0113tru \u0113terisk\u0101 e\u013c\u013ca 10 ml ir 100% t\u012bra dab\u012bga e\u013c\u013ca, ko var daudzpus\u012bgi izmantot aromterapij\u0101, mas\u0101\u017e\u0101 un m\u0101jas apst\u0101k\u013cos.","og_url":"https:\/\/test.puhdasplus.ee\/lv\/tooted\/eteriskas-ellas\/piparmetru-eteriska-ella\/","og_site_name":"Puhdas+","article_publisher":"https:\/\/www.facebook.com\/puhdasplus","article_modified_time":"2026-02-27T09:29:23+00:00","og_image":[{"width":1862,"height":2560,"url":"https:\/\/test.puhdasplus.ee\/wp-content\/uploads\/2025\/01\/210.jpg","type":"image\/jpeg"}],"twitter_card":"summary_large_image","twitter_misc":{"Est. reading time":"2 min\u016btes"},"schema":{"@context":"https:\/\/schema.org","@graph":[{"@type":"WebPage","@id":"https:\/\/test.puhdasplus.ee\/lv\/tooted\/eteriskas-ellas\/piparmetru-eteriska-ella\/","url":"https:\/\/test.puhdasplus.ee\/lv\/tooted\/eteriskas-ellas\/piparmetru-eteriska-ella\/","name":"Piparm\u0113tru \u0113terisk\u0101 e\u013c\u013ca - Puhdas+","isPartOf":{"@id":"https:\/\/test.puhdasplus.ee\/lv\/#website"},"primaryImageOfPage":{"@id":"https:\/\/test.puhdasplus.ee\/lv\/tooted\/eteriskas-ellas\/piparmetru-eteriska-ella\/#primaryimage"},"image":{"@id":"https:\/\/test.puhdasplus.ee\/lv\/tooted\/eteriskas-ellas\/piparmetru-eteriska-ella\/#primaryimage"},"thumbnailUrl":"https:\/\/test.puhdasplus.ee\/wp-content\/uploads\/2025\/01\/210.jpg","datePublished":"2025-01-16T15:46:41+00:00","dateModified":"2026-02-27T09:29:23+00:00","description":"Piparm\u0113tru \u0113terisk\u0101 e\u013c\u013ca 10 ml ir 100% t\u012bra dab\u012bga e\u013c\u013ca, ko var daudzpus\u012bgi izmantot aromterapij\u0101, mas\u0101\u017e\u0101 un m\u0101jas apst\u0101k\u013cos.","breadcrumb":{"@id":"https:\/\/test.puhdasplus.ee\/lv\/tooted\/eteriskas-ellas\/piparmetru-eteriska-ella\/#breadcrumb"},"inLanguage":"lv-LV","potentialAction":[{"@type":"ReadAction","target":["https:\/\/test.puhdasplus.ee\/lv\/tooted\/eteriskas-ellas\/piparmetru-eteriska-ella\/"]}]},{"@type":"ImageObject","inLanguage":"lv-LV","@id":"https:\/\/test.puhdasplus.ee\/lv\/tooted\/eteriskas-ellas\/piparmetru-eteriska-ella\/#primaryimage","url":"https:\/\/test.puhdasplus.ee\/wp-content\/uploads\/2025\/01\/210.jpg","contentUrl":"https:\/\/test.puhdasplus.ee\/wp-content\/uploads\/2025\/01\/210.jpg","width":1862,"height":2560,"caption":"Piparm\u0113tru \u0113terisk\u0101 e\u013c\u013ca"},{"@type":"BreadcrumbList","@id":"https:\/\/test.puhdasplus.ee\/lv\/tooted\/eteriskas-ellas\/piparmetru-eteriska-ella\/#breadcrumb","itemListElement":[{"@type":"ListItem","position":1,"name":"S\u0101kums","item":"https:\/\/test.puhdasplus.ee\/lv\/"},{"@type":"ListItem","position":2,"name":"Produkti","item":"https:\/\/test.puhdasplus.ee\/lv\/veikals\/"},{"@type":"ListItem","position":3,"name":"Piparm\u0113tru \u0113terisk\u0101 e\u013c\u013ca"}]},{"@type":"WebSite","@id":"https:\/\/test.puhdasplus.ee\/lv\/#website","url":"https:\/\/test.puhdasplus.ee\/lv\/","name":"Puhdas+","description":"Vitamiinid, Toidulisandid, looduskosmeetika, tervis, sport","publisher":{"@id":"https:\/\/test.puhdasplus.ee\/lv\/#organization"},"potentialAction":[{"@type":"SearchAction","target":{"@type":"EntryPoint","urlTemplate":"https:\/\/test.puhdasplus.ee\/lv\/?s={search_term_string}"},"query-input":{"@type":"PropertyValueSpecification","valueRequired":true,"valueName":"search_term_string"}}],"inLanguage":"lv-LV"},{"@type":"Organization","@id":"https:\/\/test.puhdasplus.ee\/lv\/#organization","name":"Puhdas+","alternateName":"Puhdasplus","url":"https:\/\/test.puhdasplus.ee\/lv\/","logo":{"@type":"ImageObject","inLanguage":"lv-LV","@id":"https:\/\/test.puhdasplus.ee\/lv\/#\/schema\/logo\/image\/","url":"https:\/\/test.puhdasplus.ee\/\/wp-content\/uploads\/2019\/10\/puhdas_logo-arvele.png","contentUrl":"https:\/\/test.puhdasplus.ee\/\/wp-content\/uploads\/2019\/10\/puhdas_logo-arvele.png","width":114,"height":94,"caption":"Puhdas+"},"image":{"@id":"https:\/\/test.puhdasplus.ee\/lv\/#\/schema\/logo\/image\/"},"sameAs":["https:\/\/www.facebook.com\/puhdasplus","https:\/\/www.instagram.com\/puhdasplus_ee\/"]}]}},"_links":{"self":[{"href":"https:\/\/test.puhdasplus.ee\/lv\/wp-json\/wp\/v2\/product\/33417","targetHints":{"allow":["GET"]}}],"collection":[{"href":"https:\/\/test.puhdasplus.ee\/lv\/wp-json\/wp\/v2\/product"}],"about":[{"href":"https:\/\/test.puhdasplus.ee\/lv\/wp-json\/wp\/v2\/types\/product"}],"replies":[{"embeddable":true,"href":"https:\/\/test.puhdasplus.ee\/lv\/wp-json\/wp\/v2\/comments?post=33417"}],"wp:featuredmedia":[{"embeddable":true,"href":"https:\/\/test.puhdasplus.ee\/lv\/wp-json\/wp\/v2\/media\/33420"}],"wp:attachment":[{"href":"https:\/\/test.puhdasplus.ee\/lv\/wp-json\/wp\/v2\/media?parent=33417"}],"wp:term":[{"taxonomy":"product_brand","embeddable":true,"href":"https:\/\/test.puhdasplus.ee\/lv\/wp-json\/wp\/v2\/product_brand?post=33417"},{"taxonomy":"product_cat","embeddable":true,"href":"https:\/\/test.puhdasplus.ee\/lv\/wp-json\/wp\/v2\/product_cat?post=33417"},{"taxonomy":"product_tag","embeddable":true,"href":"https:\/\/test.puhdasplus.ee\/lv\/wp-json\/wp\/v2\/product_tag?post=33417"}],"curies":[{"name":"wp","href":"https:\/\/api.w.org\/{rel}","templated":true}]}}