{"id":33399,"date":"2025-01-16T16:34:01","date_gmt":"2025-01-16T14:34:01","guid":{"rendered":"https:\/\/test.puhdasplus.ee\/\/tooted\/uncategorized\/maltodekstrina-pulveris-1-kg\/"},"modified":"2026-03-10T14:10:31","modified_gmt":"2026-03-10T12:10:31","slug":"maltodekstrina-pulveris-1-kg","status":"publish","type":"product","link":"https:\/\/test.puhdasplus.ee\/lv\/tooted\/sports-lv\/maltodekstrina-pulveris-1-kg\/","title":{"rendered":"Maltodekstr\u012bna pulveris 1 kg"},"content":{"rendered":"<h2 data-start=\"325\" data-end=\"366\">Kas ir Puhdas+ maltodekstr\u012bna pulveris?<\/h2>\n<p data-start=\"368\" data-end=\"648\">Puhdas+ maltodekstr\u012bna pulveris ir 100% t\u012brs no kukur\u016bzas ieg\u016bts maltodekstr\u012bns, kas kalpo k\u0101 \u0101tri uzs\u016bco\u0161s og\u013chidr\u0101tu avots. Maltodekstr\u012bns ir viegli sagremojams og\u013chidr\u0101ts, ko bie\u017ei izmanto sporta uztur\u0101 pirms treni\u0146a, treni\u0146a laik\u0101 vai p\u0113c fiziskas slodzes. <\/p>\n<p data-start=\"650\" data-end=\"924\">Pulvera forma \u013cauj viegli piel\u0101got og\u013chidr\u0101tu daudzumu atbilsto\u0161i treni\u0146a intensit\u0101tei un ener\u0123ijas vajadz\u012bb\u0101m. Maltodekstr\u012bns labi \u0161\u0137\u012bst \u016bden\u012b un citos dz\u0113rienos, un tam ir neitr\u0101la gar\u0161a, t\u0101p\u0113c tas ir piem\u0113rots pievieno\u0161anai gan sporta dz\u0113rieniem, gan sm\u016btijiem. <\/p>\n<p data-start=\"926\" data-end=\"1127\">Puhdas+ maltodekstr\u012bna pulveris nesatur pievienotus konservantus, kr\u0101svielas vai saldin\u0101t\u0101jus. Produkts ir izgatavots no t\u012bra kukur\u016bzas maltodekstr\u012bna un ir piem\u0113rots ar\u012b veg\u0101niem un ve\u0123et\u0101rie\u0161iem. <\/p>\n<h2 data-start=\"1134\" data-end=\"1167\">K\u0101p\u0113c lietot maltodekstr\u012bnu?<\/h2>\n<p data-start=\"1169\" data-end=\"1436\">Maltodekstr\u012bns ir \u0101tri uzs\u016bco\u0161s og\u013chidr\u0101ts, ko bie\u017ei izmanto sportistu un akt\u012bva dz\u012bvesveida piekrit\u0113ju uztur\u0101. Tas ir labi piem\u0113rots situ\u0101cij\u0101m, kad nepiecie\u0161ami \u0101tri uzs\u016bco\u0161i og\u013chidr\u0101ti pirms treni\u0146a, treni\u0146a laik\u0101 vai p\u0113c fiziskas slodzes. <\/p>\n<p data-start=\"1438\" data-end=\"1693\">Maltodekstr\u012bna pulveris ir \u0113rts veids, k\u0101 papildin\u0101t ikdienas \u0113dienkarti ar og\u013chidr\u0101tiem, \u012bpa\u0161i gar\u0101ku vai intens\u012bv\u0101ku treni\u0146u laik\u0101. Pateicoties neitr\u0101lajai gar\u0161ai, to var viegli sajaukt ar da\u017e\u0101diem dz\u0113rieniem un lietot atbilsto\u0161i sav\u0101m vajadz\u012bb\u0101m. <\/p>\n<h2 data-start=\"1700\" data-end=\"1748\">Kam ir piem\u0113rots Puhdas+ maltodekstr\u012bna pulveris?<\/h2>\n<p data-start=\"1750\" data-end=\"1891\">Maltodekstr\u012bna pulveris ir piem\u0113rots cilv\u0113kiem, kuri v\u0113las papildin\u0101t savu uzturu ar og\u013chidr\u0101tiem fizisk\u0101s aktivit\u0101tes laik\u0101 vai p\u0113c treni\u0146a.<\/p>\n<p data-start=\"1893\" data-end=\"1913\">Produkts ir piem\u0113rots, piem\u0113ram:<\/p>\n<p data-start=\"1915\" data-end=\"2193\">\u2022 sportistiem un akt\u012bva dz\u012bvesveida piekrit\u0113jiem<br data-start=\"1963\" data-end=\"1966\">\u2022 iztur\u012bbas sporta veidu cien\u012bt\u0101jiem (piem., skrie\u0161anai, rite\u0146brauk\u0161anai, triatlonam)<br data-start=\"2036\" data-end=\"2039\">\u2022 tiem, kuri v\u0113las pievienot og\u013chidr\u0101tus sporta dz\u0113rieniem vai sm\u016btijiem<br data-start=\"2113\" data-end=\"2116\">\u2022 cilv\u0113kiem, kuri dod priek\u0161roku pulverveida og\u013chidr\u0101tu avotam ar neitr\u0101lu gar\u0161u<\/p>\n<p data-start=\"2195\" data-end=\"2232\">Piem\u0113rots veg\u0101niem un ve\u0123et\u0101rie\u0161iem.<\/p>\n<h2 data-start=\"2239\" data-end=\"2258\">K\u0101 lietot?<\/h2>\n<p data-start=\"2260\" data-end=\"2322\">Sajauciet aptuveni 50 g (apm. 1 dl) pulvera ar 3\u20134 dl \u016bdens vai cita dz\u0113riena.<\/p>\n<p data-start=\"2324\" data-end=\"2507\">Pulveri var lietot pirms treni\u0146a, treni\u0146a laik\u0101 vai p\u0113c treni\u0146a atkar\u012bb\u0101 no ener\u0123ijas vajadz\u012bbas. Ilgsto\u0161as fiziskas slodzes laik\u0101 dz\u0113rienu var at\u0161\u0137aid\u012bt ar liel\u0101ku \u0161\u0137idruma daudzumu. <\/p>\n<p data-start=\"2509\" data-end=\"2676\">Nep\u0101rsniegt ieteicamo lieto\u0161anas daudzumu.<br data-start=\"2552\" data-end=\"2555\">Ir svar\u012bgi iev\u0113rot daudzveid\u012bgu un sabalans\u0113tu uzturu, k\u0101 ar\u012b vesel\u012bgu dz\u012bvesveidu.<br data-start=\"2639\" data-end=\"2642\">Glab\u0101t b\u0113rniem nepieejam\u0101 viet\u0101.<\/p>\n<h2 data-start=\"2683\" data-end=\"2713\">Sast\u0101vda\u013cas un uzturv\u0113rt\u012bba<\/h2>\n<p data-start=\"2715\" data-end=\"2768\">Sast\u0101vda\u013cas: 100% no kukur\u016bzas ieg\u016bts maltodekstr\u012bns.<\/p>\n<p data-start=\"2770\" data-end=\"2875\">Nesatur laktozi, glut\u0113nu vai m\u0101ksl\u012bg\u0101s kr\u0101svielas un saldin\u0101t\u0101jus. Piem\u0113rots veg\u0101niem un ve\u0123et\u0101rie\u0161iem.<\/p>\n<p data-start=\"2122\" data-end=\"2583\">\n","protected":false},"excerpt":{"rendered":"<p data-start=\"170\" data-end=\"244\"><strong data-start=\"170\" data-end=\"244\">T\u012brs og\u013chidr\u0101tu avots sportistiem un akt\u012bva dz\u012bvesveida piekrit\u0113jiem<\/strong><\/p>\n<p data-start=\"246\" data-end=\"554\">Puhdas+ maltodekstr\u012bna pulveris ir 100% t\u012brs no kukur\u016bzas ieg\u016bts maltodekstr\u012bns, kas kalpo k\u0101 \u0101tri uzs\u016bco\u0161s og\u013chidr\u0101tu avots. Maltodekstr\u012bns ir viegli sagremojams og\u013chidr\u0101ts, ko bie\u017ei izmanto sporta uztur\u0101 pirms treni\u0146a, treni\u0146a laik\u0101 vai p\u0113c fiziskas slodzes, lai papildin\u0101tu og\u013chidr\u0101tu rezerves. <\/p>\n<p data-start=\"556\" data-end=\"912\">Pateicoties neitr\u0101lajai gar\u0161ai un labai \u0161\u0137\u012bd\u012bbai, pulveri ir viegli sajaukt ar \u016bdeni, sporta dz\u0113rienu, sulu vai sm\u016btiju. Puhdas+ maltodekstr\u012bna pulveris nesatur pievienotas kr\u0101svielas, konservantus vai saldin\u0101t\u0101jus un ir lieliski piem\u0113rots gan sportistiem, gan akt\u012bva dz\u012bvesveida piekrit\u0113jiem, kuri v\u0113las \u0113rtu veidu, k\u0101 iek\u013caut og\u013chidr\u0101tus sav\u0101 ikdienas uztur\u0101. <\/p>\n<p data-start=\"2122\" data-end=\"2583\">\n","protected":false},"featured_media":33404,"comment_status":"closed","ping_status":"closed","template":"","meta":{"_acf_changed":false},"product_brand":[],"product_cat":[3038],"product_tag":[3604,3605,3042,3606,3225,3607,3576,3206],"class_list":{"0":"post-33399","1":"product","2":"type-product","3":"status-publish","4":"has-post-thumbnail","6":"product_cat-sports-lv","7":"product_tag-apmaciba","8":"product_tag-atveselosanas","9":"product_tag-energija-lv","10":"product_tag-maltodekstrins","11":"product_tag-muskuli-un-locitavas","12":"product_tag-oglhidrati","13":"product_tag-sports-lv","14":"product_tag-uztura-bagatinatajs","16":"first","17":"onbackorder","18":"taxable","19":"shipping-taxable","20":"purchasable","21":"product-type-simple"},"acf":[],"yoast_head":"<!-- This site is optimized with the Yoast SEO plugin v27.1.1 - https:\/\/yoast.com\/product\/yoast-seo-wordpress\/ -->\n<title>Maltodekstr\u012bna pulveris 1 kg - Puhdas+<\/title>\n<meta name=\"description\" content=\"Maltodekstr\u012bna pulveris 1 kg ir uztura bag\u0101tin\u0101t\u0101js, kas ra\u017eots no t\u012bras kukur\u016bzas, kas nodro\u0161ina \u0101tru ener\u0123iju pirms, treni\u0146a laik\u0101 un p\u0113c t\u0101.\" \/>\n<meta name=\"robots\" content=\"noindex, follow, max-snippet:-1, max-image-preview:large, max-video-preview:-1\" \/>\n<meta property=\"og:locale\" content=\"lv_LV\" \/>\n<meta property=\"og:type\" content=\"article\" \/>\n<meta property=\"og:title\" content=\"Maltodekstr\u012bna pulveris 1 kg - Puhdas+\" \/>\n<meta property=\"og:description\" content=\"Maltodekstr\u012bna pulveris 1 kg ir uztura bag\u0101tin\u0101t\u0101js, kas ra\u017eots no t\u012bras kukur\u016bzas, kas nodro\u0161ina \u0101tru ener\u0123iju pirms, treni\u0146a laik\u0101 un p\u0113c t\u0101.\" \/>\n<meta property=\"og:url\" content=\"https:\/\/test.puhdasplus.ee\/lv\/tooted\/sports-lv\/maltodekstrina-pulveris-1-kg\/\" \/>\n<meta property=\"og:site_name\" content=\"Puhdas+\" \/>\n<meta property=\"article:publisher\" content=\"https:\/\/www.facebook.com\/puhdasplus\" \/>\n<meta property=\"article:modified_time\" content=\"2026-03-10T12:10:31+00:00\" \/>\n<meta property=\"og:image\" content=\"https:\/\/test.puhdasplus.ee\/wp-content\/uploads\/2025\/03\/176.jpg\" \/>\n\t<meta property=\"og:image:width\" content=\"1862\" \/>\n\t<meta property=\"og:image:height\" content=\"2560\" \/>\n\t<meta property=\"og:image:type\" content=\"image\/jpeg\" \/>\n<meta name=\"twitter:card\" content=\"summary_large_image\" \/>\n<meta name=\"twitter:label1\" content=\"Est. reading time\" \/>\n\t<meta name=\"twitter:data1\" content=\"2 min\u016btes\" \/>\n<script type=\"application\/ld+json\" class=\"yoast-schema-graph\">{\"@context\":\"https:\/\/schema.org\",\"@graph\":[{\"@type\":\"WebPage\",\"@id\":\"https:\/\/test.puhdasplus.ee\/lv\/tooted\/sports-lv\/maltodekstrina-pulveris-1-kg\/\",\"url\":\"https:\/\/test.puhdasplus.ee\/lv\/tooted\/sports-lv\/maltodekstrina-pulveris-1-kg\/\",\"name\":\"Maltodekstr\u012bna pulveris 1 kg - Puhdas+\",\"isPartOf\":{\"@id\":\"https:\/\/test.puhdasplus.ee\/lv\/#website\"},\"primaryImageOfPage\":{\"@id\":\"https:\/\/test.puhdasplus.ee\/lv\/tooted\/sports-lv\/maltodekstrina-pulveris-1-kg\/#primaryimage\"},\"image\":{\"@id\":\"https:\/\/test.puhdasplus.ee\/lv\/tooted\/sports-lv\/maltodekstrina-pulveris-1-kg\/#primaryimage\"},\"thumbnailUrl\":\"https:\/\/test.puhdasplus.ee\/wp-content\/uploads\/2025\/03\/176.jpg\",\"datePublished\":\"2025-01-16T14:34:01+00:00\",\"dateModified\":\"2026-03-10T12:10:31+00:00\",\"description\":\"Maltodekstr\u012bna pulveris 1 kg ir uztura bag\u0101tin\u0101t\u0101js, kas ra\u017eots no t\u012bras kukur\u016bzas, kas nodro\u0161ina \u0101tru ener\u0123iju pirms, treni\u0146a laik\u0101 un p\u0113c t\u0101.\",\"breadcrumb\":{\"@id\":\"https:\/\/test.puhdasplus.ee\/lv\/tooted\/sports-lv\/maltodekstrina-pulveris-1-kg\/#breadcrumb\"},\"inLanguage\":\"lv-LV\",\"potentialAction\":[{\"@type\":\"ReadAction\",\"target\":[\"https:\/\/test.puhdasplus.ee\/lv\/tooted\/sports-lv\/maltodekstrina-pulveris-1-kg\/\"]}]},{\"@type\":\"ImageObject\",\"inLanguage\":\"lv-LV\",\"@id\":\"https:\/\/test.puhdasplus.ee\/lv\/tooted\/sports-lv\/maltodekstrina-pulveris-1-kg\/#primaryimage\",\"url\":\"https:\/\/test.puhdasplus.ee\/wp-content\/uploads\/2025\/03\/176.jpg\",\"contentUrl\":\"https:\/\/test.puhdasplus.ee\/wp-content\/uploads\/2025\/03\/176.jpg\",\"width\":1862,\"height\":2560,\"caption\":\"Maltodekstr\u012bna pulveris 1 kg\"},{\"@type\":\"BreadcrumbList\",\"@id\":\"https:\/\/test.puhdasplus.ee\/lv\/tooted\/sports-lv\/maltodekstrina-pulveris-1-kg\/#breadcrumb\",\"itemListElement\":[{\"@type\":\"ListItem\",\"position\":1,\"name\":\"S\u0101kums\",\"item\":\"https:\/\/test.puhdasplus.ee\/lv\/\"},{\"@type\":\"ListItem\",\"position\":2,\"name\":\"Produkti\",\"item\":\"https:\/\/test.puhdasplus.ee\/lv\/veikals\/\"},{\"@type\":\"ListItem\",\"position\":3,\"name\":\"Maltodekstr\u012bna pulveris 1 kg\"}]},{\"@type\":\"WebSite\",\"@id\":\"https:\/\/test.puhdasplus.ee\/lv\/#website\",\"url\":\"https:\/\/test.puhdasplus.ee\/lv\/\",\"name\":\"Puhdas+\",\"description\":\"Vitamiinid, Toidulisandid, looduskosmeetika, tervis, sport\",\"publisher\":{\"@id\":\"https:\/\/test.puhdasplus.ee\/lv\/#organization\"},\"potentialAction\":[{\"@type\":\"SearchAction\",\"target\":{\"@type\":\"EntryPoint\",\"urlTemplate\":\"https:\/\/test.puhdasplus.ee\/lv\/?s={search_term_string}\"},\"query-input\":{\"@type\":\"PropertyValueSpecification\",\"valueRequired\":true,\"valueName\":\"search_term_string\"}}],\"inLanguage\":\"lv-LV\"},{\"@type\":\"Organization\",\"@id\":\"https:\/\/test.puhdasplus.ee\/lv\/#organization\",\"name\":\"Puhdas+\",\"alternateName\":\"Puhdasplus\",\"url\":\"https:\/\/test.puhdasplus.ee\/lv\/\",\"logo\":{\"@type\":\"ImageObject\",\"inLanguage\":\"lv-LV\",\"@id\":\"https:\/\/test.puhdasplus.ee\/lv\/#\/schema\/logo\/image\/\",\"url\":\"https:\/\/test.puhdasplus.ee\/\/wp-content\/uploads\/2019\/10\/puhdas_logo-arvele.png\",\"contentUrl\":\"https:\/\/test.puhdasplus.ee\/\/wp-content\/uploads\/2019\/10\/puhdas_logo-arvele.png\",\"width\":114,\"height\":94,\"caption\":\"Puhdas+\"},\"image\":{\"@id\":\"https:\/\/test.puhdasplus.ee\/lv\/#\/schema\/logo\/image\/\"},\"sameAs\":[\"https:\/\/www.facebook.com\/puhdasplus\",\"https:\/\/www.instagram.com\/puhdasplus_ee\/\"]}]}<\/script>\n<!-- \/ Yoast SEO plugin. -->","yoast_head_json":{"title":"Maltodekstr\u012bna pulveris 1 kg - Puhdas+","description":"Maltodekstr\u012bna pulveris 1 kg ir uztura bag\u0101tin\u0101t\u0101js, kas ra\u017eots no t\u012bras kukur\u016bzas, kas nodro\u0161ina \u0101tru ener\u0123iju pirms, treni\u0146a laik\u0101 un p\u0113c t\u0101.","robots":{"index":"noindex","follow":"follow","max-snippet":"max-snippet:-1","max-image-preview":"max-image-preview:large","max-video-preview":"max-video-preview:-1"},"og_locale":"lv_LV","og_type":"article","og_title":"Maltodekstr\u012bna pulveris 1 kg - Puhdas+","og_description":"Maltodekstr\u012bna pulveris 1 kg ir uztura bag\u0101tin\u0101t\u0101js, kas ra\u017eots no t\u012bras kukur\u016bzas, kas nodro\u0161ina \u0101tru ener\u0123iju pirms, treni\u0146a laik\u0101 un p\u0113c t\u0101.","og_url":"https:\/\/test.puhdasplus.ee\/lv\/tooted\/sports-lv\/maltodekstrina-pulveris-1-kg\/","og_site_name":"Puhdas+","article_publisher":"https:\/\/www.facebook.com\/puhdasplus","article_modified_time":"2026-03-10T12:10:31+00:00","og_image":[{"width":1862,"height":2560,"url":"https:\/\/test.puhdasplus.ee\/wp-content\/uploads\/2025\/03\/176.jpg","type":"image\/jpeg"}],"twitter_card":"summary_large_image","twitter_misc":{"Est. reading time":"2 min\u016btes"},"schema":{"@context":"https:\/\/schema.org","@graph":[{"@type":"WebPage","@id":"https:\/\/test.puhdasplus.ee\/lv\/tooted\/sports-lv\/maltodekstrina-pulveris-1-kg\/","url":"https:\/\/test.puhdasplus.ee\/lv\/tooted\/sports-lv\/maltodekstrina-pulveris-1-kg\/","name":"Maltodekstr\u012bna pulveris 1 kg - Puhdas+","isPartOf":{"@id":"https:\/\/test.puhdasplus.ee\/lv\/#website"},"primaryImageOfPage":{"@id":"https:\/\/test.puhdasplus.ee\/lv\/tooted\/sports-lv\/maltodekstrina-pulveris-1-kg\/#primaryimage"},"image":{"@id":"https:\/\/test.puhdasplus.ee\/lv\/tooted\/sports-lv\/maltodekstrina-pulveris-1-kg\/#primaryimage"},"thumbnailUrl":"https:\/\/test.puhdasplus.ee\/wp-content\/uploads\/2025\/03\/176.jpg","datePublished":"2025-01-16T14:34:01+00:00","dateModified":"2026-03-10T12:10:31+00:00","description":"Maltodekstr\u012bna pulveris 1 kg ir uztura bag\u0101tin\u0101t\u0101js, kas ra\u017eots no t\u012bras kukur\u016bzas, kas nodro\u0161ina \u0101tru ener\u0123iju pirms, treni\u0146a laik\u0101 un p\u0113c t\u0101.","breadcrumb":{"@id":"https:\/\/test.puhdasplus.ee\/lv\/tooted\/sports-lv\/maltodekstrina-pulveris-1-kg\/#breadcrumb"},"inLanguage":"lv-LV","potentialAction":[{"@type":"ReadAction","target":["https:\/\/test.puhdasplus.ee\/lv\/tooted\/sports-lv\/maltodekstrina-pulveris-1-kg\/"]}]},{"@type":"ImageObject","inLanguage":"lv-LV","@id":"https:\/\/test.puhdasplus.ee\/lv\/tooted\/sports-lv\/maltodekstrina-pulveris-1-kg\/#primaryimage","url":"https:\/\/test.puhdasplus.ee\/wp-content\/uploads\/2025\/03\/176.jpg","contentUrl":"https:\/\/test.puhdasplus.ee\/wp-content\/uploads\/2025\/03\/176.jpg","width":1862,"height":2560,"caption":"Maltodekstr\u012bna pulveris 1 kg"},{"@type":"BreadcrumbList","@id":"https:\/\/test.puhdasplus.ee\/lv\/tooted\/sports-lv\/maltodekstrina-pulveris-1-kg\/#breadcrumb","itemListElement":[{"@type":"ListItem","position":1,"name":"S\u0101kums","item":"https:\/\/test.puhdasplus.ee\/lv\/"},{"@type":"ListItem","position":2,"name":"Produkti","item":"https:\/\/test.puhdasplus.ee\/lv\/veikals\/"},{"@type":"ListItem","position":3,"name":"Maltodekstr\u012bna pulveris 1 kg"}]},{"@type":"WebSite","@id":"https:\/\/test.puhdasplus.ee\/lv\/#website","url":"https:\/\/test.puhdasplus.ee\/lv\/","name":"Puhdas+","description":"Vitamiinid, Toidulisandid, looduskosmeetika, tervis, sport","publisher":{"@id":"https:\/\/test.puhdasplus.ee\/lv\/#organization"},"potentialAction":[{"@type":"SearchAction","target":{"@type":"EntryPoint","urlTemplate":"https:\/\/test.puhdasplus.ee\/lv\/?s={search_term_string}"},"query-input":{"@type":"PropertyValueSpecification","valueRequired":true,"valueName":"search_term_string"}}],"inLanguage":"lv-LV"},{"@type":"Organization","@id":"https:\/\/test.puhdasplus.ee\/lv\/#organization","name":"Puhdas+","alternateName":"Puhdasplus","url":"https:\/\/test.puhdasplus.ee\/lv\/","logo":{"@type":"ImageObject","inLanguage":"lv-LV","@id":"https:\/\/test.puhdasplus.ee\/lv\/#\/schema\/logo\/image\/","url":"https:\/\/test.puhdasplus.ee\/\/wp-content\/uploads\/2019\/10\/puhdas_logo-arvele.png","contentUrl":"https:\/\/test.puhdasplus.ee\/\/wp-content\/uploads\/2019\/10\/puhdas_logo-arvele.png","width":114,"height":94,"caption":"Puhdas+"},"image":{"@id":"https:\/\/test.puhdasplus.ee\/lv\/#\/schema\/logo\/image\/"},"sameAs":["https:\/\/www.facebook.com\/puhdasplus","https:\/\/www.instagram.com\/puhdasplus_ee\/"]}]}},"_links":{"self":[{"href":"https:\/\/test.puhdasplus.ee\/lv\/wp-json\/wp\/v2\/product\/33399","targetHints":{"allow":["GET"]}}],"collection":[{"href":"https:\/\/test.puhdasplus.ee\/lv\/wp-json\/wp\/v2\/product"}],"about":[{"href":"https:\/\/test.puhdasplus.ee\/lv\/wp-json\/wp\/v2\/types\/product"}],"replies":[{"embeddable":true,"href":"https:\/\/test.puhdasplus.ee\/lv\/wp-json\/wp\/v2\/comments?post=33399"}],"wp:featuredmedia":[{"embeddable":true,"href":"https:\/\/test.puhdasplus.ee\/lv\/wp-json\/wp\/v2\/media\/33404"}],"wp:attachment":[{"href":"https:\/\/test.puhdasplus.ee\/lv\/wp-json\/wp\/v2\/media?parent=33399"}],"wp:term":[{"taxonomy":"product_brand","embeddable":true,"href":"https:\/\/test.puhdasplus.ee\/lv\/wp-json\/wp\/v2\/product_brand?post=33399"},{"taxonomy":"product_cat","embeddable":true,"href":"https:\/\/test.puhdasplus.ee\/lv\/wp-json\/wp\/v2\/product_cat?post=33399"},{"taxonomy":"product_tag","embeddable":true,"href":"https:\/\/test.puhdasplus.ee\/lv\/wp-json\/wp\/v2\/product_tag?post=33399"}],"curies":[{"name":"wp","href":"https:\/\/api.w.org\/{rel}","templated":true}]}}