{"id":33392,"date":"2025-01-16T17:19:38","date_gmt":"2025-01-16T15:19:38","guid":{"rendered":"https:\/\/test.puhdasplus.ee\/\/tooted\/uncategorized\/biologisks-kviesu-diglu-pulveris-200-g\/"},"modified":"2026-03-10T14:14:59","modified_gmt":"2026-03-10T12:14:59","slug":"biologisks-kviesu-diglu-pulveris-200-g","status":"publish","type":"product","link":"https:\/\/test.puhdasplus.ee\/lv\/tooted\/superediens\/biologisks-kviesu-diglu-pulveris-200-g\/","title":{"rendered":"Biolo\u0123isks kvie\u0161u d\u012bg\u013cu pulveris 200 g"},"content":{"rendered":"<h2 data-start=\"352\" data-end=\"380\">Kas ir kvie\u0161u d\u012bg\u013cu pulveris?<\/h2>\n<p data-start=\"416\" data-end=\"660\">Puhdas+ <strong data-start=\"424\" data-end=\"449\">biolo\u0123iskais kvie\u0161u zelme\u0146a pulveris<\/strong> ir izgatavots no jauno kvie\u0161u (<em data-start=\"477\" data-end=\"496\">Triticum aestivum<\/em>) lap\u0101m, kas tiek nov\u0101ktas auga agr\u012bn\u0101 aug\u0161anas stadij\u0101. \u0160aj\u0101 posm\u0101 augs dabiski satur da\u017e\u0101dus vitam\u012bnus, miner\u0101lvielas, \u0161\u0137iedrvielas un hlorofilu. <\/p>\n<p data-start=\"662\" data-end=\"819\">Pulveris tiek ieg\u016bts, \u017e\u0101v\u0113jot un ma\u013cot biolo\u0123iski audz\u0113tu kvie\u0161u zelmeni. Produkts ir 100 % t\u012brs un nesatur piedevas vai konservantus. <\/p>\n<p data-start=\"821\" data-end=\"970\">Kvie\u0161u zelme\u0146a pulveri bie\u017ei izmanto sm\u016btijos, sulas dz\u0113rienos un da\u017e\u0101d\u0101s recept\u0113s, lai ikdienas \u0113dienkartei pievienotu vair\u0101k augu izcelsmes uzturvielu.<\/p>\n<h2 data-section-id=\"1w5u0dz\" data-start=\"977\" data-end=\"1022\">K\u0101p\u0113c izv\u0113l\u0113ties Puhdas+ biolo\u0123isko kvie\u0161u zelme\u0146a pulveri?<\/h2>\n<h3 data-section-id=\"1k3db7u\" data-start=\"1024\" data-end=\"1054\">Dabisks augu sast\u0101vs<\/h3>\n<p data-start=\"1055\" data-end=\"1193\">Kvie\u0161u zelme\u0146a pulveris dabiski satur da\u017e\u0101dus vitam\u012bnus, miner\u0101lvielas un \u0161\u0137iedrvielas, kas pal\u012bdz da\u017e\u0101dot ikdienas uzturu.<\/p>\n<h3 data-section-id=\"1dbw4m9\" data-start=\"1195\" data-end=\"1235\">Bag\u0101t\u012bgs za\u013co augu avots<\/h3>\n<p data-start=\"1236\" data-end=\"1360\">Jauno kvie\u0161u lapas satur hlorofilu un da\u017e\u0101dus augu savienojumus, kas rakstur\u012bgi za\u013cajiem lapu augiem.<\/p>\n<h3 data-section-id=\"17q6dhf\" data-start=\"1362\" data-end=\"1396\">Ar \u0161\u0137iedrviel\u0101m bag\u0101ta piedeva uzturam<\/h3>\n<p data-start=\"1397\" data-end=\"1472\">Pulveris satur \u0161\u0137iedrvielas, kas ir svar\u012bga sabalans\u0113ta uztura sast\u0101vda\u013ca.<\/p>\n<h3 data-section-id=\"psoswv\" data-start=\"1474\" data-end=\"1502\">Daudzpus\u012bga izmanto\u0161ana<\/h3>\n<p data-start=\"1503\" data-end=\"1656\">Kvie\u0161u zelme\u0146a pulveri var pievienot sm\u016btijiem, sulas dz\u0113rieniem, jogurtam vai brokastu putrai. Tas ir piem\u0113rots ar\u012b da\u017e\u0101du za\u013co dz\u0113rienu pagatavo\u0161anai. <\/p>\n<h3 data-section-id=\"14p1pxy\" data-start=\"1658\" data-end=\"1687\">T\u012brs un vienk\u0101r\u0161s sast\u0101vs<\/h3>\n<p data-start=\"1688\" data-end=\"1781\">Produkts satur tikai vienu sast\u0101vda\u013cu \u2013 biolo\u0123iski audz\u0113tu kvie\u0161u zelme\u0146a pulveri.<\/p>\n<h2 class=\"\" data-start=\"2585\" data-end=\"2603\">Sast\u0101vda\u013cas<\/h2>\n<p data-start=\"1804\" data-end=\"1871\">100 % biolo\u0123isks kvie\u0161u zelme\u0146a pulveris (jauno kvie\u0161u lapas)<br data-start=\"1849\" data-end=\"1852\"><em data-start=\"1852\" data-end=\"1871\">Triticum aestivum<\/em><\/p>\n<p data-start=\"1873\" data-end=\"1910\">\n<p class=\"\" data-start=\"2655\" data-end=\"2770\">Nesatur glut\u0113nu, laktozi, \u0122MO vai m\u0101ksl\u012bgas piedevas vai konservantus. Piem\u0113rots veg\u0101niem un ve\u0123et\u0101rie\u0161iem. <\/p>\n<h2 class=\"\" data-start=\"2777\" data-end=\"2808\">Uzturv\u0113rt\u012bba uz 100 g<\/h2>\n<ul data-start=\"2809\" data-end=\"2998\">\n<li class=\"\" data-start=\"2809\" data-end=\"2830\">\n<p class=\"\" data-start=\"2811\" data-end=\"2830\">Ener\u0123\u0113tisk\u0101 v\u0113rt\u012bba: 185 kcal<\/p>\n<\/li>\n<li class=\"\" data-start=\"2831\" data-end=\"2890\">\n<p class=\"\" data-start=\"2833\" data-end=\"2846\">Tauki: 3 g, tostarp pies\u0101tin\u0101t\u0101s tauksk\u0101bes: 1,9 g<\/p>\n<\/li>\n<li class=\"\" data-start=\"2891\" data-end=\"2944\">\n<p class=\"\" data-start=\"2893\" data-end=\"2914\">Og\u013chidr\u0101ti: 24,7 g, tostarp cukuri: 23,7 g<\/p>\n<\/li>\n<li class=\"\" data-start=\"2945\" data-end=\"2963\">\n<p class=\"\" data-start=\"2947\" data-end=\"2963\">Olbaltumvielas: 14,7 g<\/p>\n<\/li>\n<li class=\"\" data-start=\"2964\" data-end=\"2983\">\n<p class=\"\" data-start=\"2966\" data-end=\"2983\">\u0160\u0137iedrvielas: 46 g<\/p>\n<\/li>\n<li class=\"\" data-start=\"2984\" data-end=\"2998\">\n<p class=\"\" data-start=\"2986\" data-end=\"2998\">S\u0101ls: 0,63 g<\/p>\n<\/li>\n<\/ul>\n<h2 class=\"\" data-start=\"3005\" data-end=\"3022\">Lietojums<\/h2>\n<p data-start=\"2137\" data-end=\"2256\">S\u0101ciet ar nelielu daudzumu, piem\u0113ram, <strong data-start=\"2170\" data-end=\"2196\">\u00bc t\u0113jkarotes dien\u0101<\/strong>, un p\u0113c vajadz\u012bbas palieliniet l\u012bdz <strong data-start=\"2227\" data-end=\"2255\">1\u20132 t\u0113jkarot\u0113m dien\u0101<\/strong>.<\/p>\n<p data-start=\"2258\" data-end=\"2415\">Pulveri var sajaukt ar \u016bdeni, sulu, sm\u016btiju, augu pienu vai jogurtu. Gar\u0161as l\u012bdzsvaro\u0161anai to ieteicams kombin\u0113t, piem\u0113ram, ar citronu, ingveru vai ban\u0101nu. <\/p>\n<h2 data-section-id=\"utokis\" data-start=\"2422\" data-end=\"2436\">Uzglab\u0101\u0161ana<\/h2>\n<p data-start=\"2438\" data-end=\"2501\">Uzglab\u0101t saus\u0101 un v\u0113s\u0101 viet\u0101, sarg\u0101t no tie\u0161iem saules stariem. Sarg\u0101t no b\u0113rniem.<\/p>\n<p class=\"\" data-start=\"3344\" data-end=\"3403\"><br data-start=\"684\" data-end=\"687\"><\/p>\n","protected":false},"excerpt":{"rendered":"<p data-start=\"469\" data-end=\"944\">Puhdas+ <strong data-start=\"477\" data-end=\"508\">biolo\u0123iskais kvie\u0161u zelme\u0146a pulveris 200 g<\/strong> ir dabisks superprodukts, kas izgatavots no jauno kvie\u0161u augu lap\u0101m \u2013 aug\u0161anas stadij\u0101, kad augs dabiski satur daudz da\u017e\u0101du augu uzturvielu. Tas ir 100 % biolo\u0123iski audz\u0113ts pulveris bez piedev\u0101m, kas dabiski satur hlorofilu, \u0161\u0137iedrvielas, vitam\u012bnus un miner\u0101lvielas. \u0160aj\u0101 aug\u0161anas stadij\u0101 kvie\u0161i v\u0113l nesatur lipekli, t\u0101p\u0113c produkts ir piem\u0113rots ar\u012b tiem, kuri uztur\u0101 izvair\u0101s no lipek\u013ca.  <\/p>\n<p data-start=\"946\" data-end=\"1248\">Kvie\u0161u zelmenis ir paz\u012bstams ar savu dabisko uzturvielu saturu \u2013 tostarp A, C un E vitam\u012bniem, k\u0101 ar\u012b vair\u0101k\u0101m miner\u0101lviel\u0101m un antioksidantiem. Pateicoties daudzveid\u012bgajam sast\u0101vam, kvie\u0161u zelme\u0146a pulveris ir popul\u0101ra piedeva ikdienas uztur\u0101, \u012bpa\u0161i sm\u016btijos, sulas dz\u0113rienos un za\u013co dz\u0113rienu pagatavo\u0161an\u0101. <\/p>\n<p data-start=\"1250\" data-end=\"1528\">Produkta biolo\u0123iskais sast\u0101vs un saudz\u012bg\u0101 apstr\u0101de pal\u012bdz saglab\u0101t augos dabiski eso\u0161\u0101s uzturvielas. Kvie\u0161u zelme\u0146a pulveri ir viegli lietot \u2013 sajauciet to ar sm\u016btiju, sulas dz\u0113rienu vai \u016bdeni vai pievienojiet brokastu putrai. Izteikt\u0101ku gar\u0161u var l\u012bdzsvarot, piem\u0113ram, ar citronu, ingveru vai ban\u0101nu.  <\/p>\n<p data-start=\"1530\" data-end=\"1685\">Puhdas+ biolo\u0123iskais kvie\u0161u zelme\u0146a pulveris ir piem\u0113rots ikdienas uztura da\u017e\u0101do\u0161anai un tiem, kuri v\u0113las savai \u0113dienkartei pievienot vair\u0101k augu izcelsmes un za\u013co produktu.<\/p>\n<hr data-start=\"1687\" data-end=\"1690\">\n","protected":false},"featured_media":33395,"comment_status":"closed","ping_status":"closed","template":"","meta":{"_acf_changed":false},"product_brand":[],"product_cat":[3039],"product_tag":[3348,3597,3596,3074,3076,3043],"class_list":{"0":"post-33392","1":"product","2":"type-product","3":"status-publish","4":"has-post-thumbnail","6":"product_cat-superediens","7":"product_tag-bez-glutena","8":"product_tag-dabiska-energija","9":"product_tag-kviesu-digstu-pulveris","10":"product_tag-organisks-lv","11":"product_tag-smutija-piedeva","12":"product_tag-superediens","14":"first","15":"outofstock","16":"taxable","17":"shipping-taxable","18":"purchasable","19":"product-type-simple"},"acf":[],"yoast_head":"<!-- This site is optimized with the Yoast SEO plugin v27.1.1 - https:\/\/yoast.com\/product\/yoast-seo-wordpress\/ -->\n<title>Biolo\u0123isks kvie\u0161u d\u012bg\u013cu pulveris 200 g - Puhdas+<\/title>\n<meta name=\"description\" content=\"Pure+ Organic Wheatgrass Powder 200 g \u2013 uzturviel\u0101m bag\u0101ts za\u013c\u0161 super\u0113diens, kas atbalsta imunit\u0101ti, gremo\u0161anu un dabisko ener\u0123ijas l\u012bmeni.\" \/>\n<meta name=\"robots\" content=\"noindex, follow, max-snippet:-1, max-image-preview:large, max-video-preview:-1\" \/>\n<meta property=\"og:locale\" content=\"lv_LV\" \/>\n<meta property=\"og:type\" content=\"article\" \/>\n<meta property=\"og:title\" content=\"Biolo\u0123isks kvie\u0161u d\u012bg\u013cu pulveris 200 g - Puhdas+\" \/>\n<meta property=\"og:description\" content=\"Pure+ Organic Wheatgrass Powder 200 g \u2013 uzturviel\u0101m bag\u0101ts za\u013c\u0161 super\u0113diens, kas atbalsta imunit\u0101ti, gremo\u0161anu un dabisko ener\u0123ijas l\u012bmeni.\" \/>\n<meta property=\"og:url\" content=\"https:\/\/test.puhdasplus.ee\/lv\/tooted\/superediens\/biologisks-kviesu-diglu-pulveris-200-g\/\" \/>\n<meta property=\"og:site_name\" content=\"Puhdas+\" \/>\n<meta property=\"article:publisher\" content=\"https:\/\/www.facebook.com\/puhdasplus\" \/>\n<meta property=\"article:modified_time\" content=\"2026-03-10T12:14:59+00:00\" \/>\n<meta property=\"og:image\" content=\"https:\/\/test.puhdasplus.ee\/wp-content\/uploads\/2025\/03\/174.jpg\" \/>\n\t<meta property=\"og:image:width\" content=\"1862\" \/>\n\t<meta property=\"og:image:height\" content=\"2560\" \/>\n\t<meta property=\"og:image:type\" content=\"image\/jpeg\" \/>\n<meta name=\"twitter:card\" content=\"summary_large_image\" \/>\n<meta name=\"twitter:label1\" content=\"Est. reading time\" \/>\n\t<meta name=\"twitter:data1\" content=\"2 min\u016btes\" \/>\n<script type=\"application\/ld+json\" class=\"yoast-schema-graph\">{\"@context\":\"https:\/\/schema.org\",\"@graph\":[{\"@type\":\"WebPage\",\"@id\":\"https:\/\/test.puhdasplus.ee\/lv\/tooted\/superediens\/biologisks-kviesu-diglu-pulveris-200-g\/\",\"url\":\"https:\/\/test.puhdasplus.ee\/lv\/tooted\/superediens\/biologisks-kviesu-diglu-pulveris-200-g\/\",\"name\":\"Biolo\u0123isks kvie\u0161u d\u012bg\u013cu pulveris 200 g - Puhdas+\",\"isPartOf\":{\"@id\":\"https:\/\/test.puhdasplus.ee\/lv\/#website\"},\"primaryImageOfPage\":{\"@id\":\"https:\/\/test.puhdasplus.ee\/lv\/tooted\/superediens\/biologisks-kviesu-diglu-pulveris-200-g\/#primaryimage\"},\"image\":{\"@id\":\"https:\/\/test.puhdasplus.ee\/lv\/tooted\/superediens\/biologisks-kviesu-diglu-pulveris-200-g\/#primaryimage\"},\"thumbnailUrl\":\"https:\/\/test.puhdasplus.ee\/wp-content\/uploads\/2025\/03\/174.jpg\",\"datePublished\":\"2025-01-16T15:19:38+00:00\",\"dateModified\":\"2026-03-10T12:14:59+00:00\",\"description\":\"Pure+ Organic Wheatgrass Powder 200 g \u2013 uzturviel\u0101m bag\u0101ts za\u013c\u0161 super\u0113diens, kas atbalsta imunit\u0101ti, gremo\u0161anu un dabisko ener\u0123ijas l\u012bmeni.\",\"breadcrumb\":{\"@id\":\"https:\/\/test.puhdasplus.ee\/lv\/tooted\/superediens\/biologisks-kviesu-diglu-pulveris-200-g\/#breadcrumb\"},\"inLanguage\":\"lv-LV\",\"potentialAction\":[{\"@type\":\"ReadAction\",\"target\":[\"https:\/\/test.puhdasplus.ee\/lv\/tooted\/superediens\/biologisks-kviesu-diglu-pulveris-200-g\/\"]}]},{\"@type\":\"ImageObject\",\"inLanguage\":\"lv-LV\",\"@id\":\"https:\/\/test.puhdasplus.ee\/lv\/tooted\/superediens\/biologisks-kviesu-diglu-pulveris-200-g\/#primaryimage\",\"url\":\"https:\/\/test.puhdasplus.ee\/wp-content\/uploads\/2025\/03\/174.jpg\",\"contentUrl\":\"https:\/\/test.puhdasplus.ee\/wp-content\/uploads\/2025\/03\/174.jpg\",\"width\":1862,\"height\":2560,\"caption\":\"Biolo\u0123isks kvie\u0161u asnu pulveris\"},{\"@type\":\"BreadcrumbList\",\"@id\":\"https:\/\/test.puhdasplus.ee\/lv\/tooted\/superediens\/biologisks-kviesu-diglu-pulveris-200-g\/#breadcrumb\",\"itemListElement\":[{\"@type\":\"ListItem\",\"position\":1,\"name\":\"S\u0101kums\",\"item\":\"https:\/\/test.puhdasplus.ee\/lv\/\"},{\"@type\":\"ListItem\",\"position\":2,\"name\":\"Produkti\",\"item\":\"https:\/\/test.puhdasplus.ee\/lv\/veikals\/\"},{\"@type\":\"ListItem\",\"position\":3,\"name\":\"Biolo\u0123isks kvie\u0161u d\u012bg\u013cu pulveris 200 g\"}]},{\"@type\":\"WebSite\",\"@id\":\"https:\/\/test.puhdasplus.ee\/lv\/#website\",\"url\":\"https:\/\/test.puhdasplus.ee\/lv\/\",\"name\":\"Puhdas+\",\"description\":\"Vitamiinid, Toidulisandid, looduskosmeetika, tervis, sport\",\"publisher\":{\"@id\":\"https:\/\/test.puhdasplus.ee\/lv\/#organization\"},\"potentialAction\":[{\"@type\":\"SearchAction\",\"target\":{\"@type\":\"EntryPoint\",\"urlTemplate\":\"https:\/\/test.puhdasplus.ee\/lv\/?s={search_term_string}\"},\"query-input\":{\"@type\":\"PropertyValueSpecification\",\"valueRequired\":true,\"valueName\":\"search_term_string\"}}],\"inLanguage\":\"lv-LV\"},{\"@type\":\"Organization\",\"@id\":\"https:\/\/test.puhdasplus.ee\/lv\/#organization\",\"name\":\"Puhdas+\",\"alternateName\":\"Puhdasplus\",\"url\":\"https:\/\/test.puhdasplus.ee\/lv\/\",\"logo\":{\"@type\":\"ImageObject\",\"inLanguage\":\"lv-LV\",\"@id\":\"https:\/\/test.puhdasplus.ee\/lv\/#\/schema\/logo\/image\/\",\"url\":\"https:\/\/test.puhdasplus.ee\/\/wp-content\/uploads\/2019\/10\/puhdas_logo-arvele.png\",\"contentUrl\":\"https:\/\/test.puhdasplus.ee\/\/wp-content\/uploads\/2019\/10\/puhdas_logo-arvele.png\",\"width\":114,\"height\":94,\"caption\":\"Puhdas+\"},\"image\":{\"@id\":\"https:\/\/test.puhdasplus.ee\/lv\/#\/schema\/logo\/image\/\"},\"sameAs\":[\"https:\/\/www.facebook.com\/puhdasplus\",\"https:\/\/www.instagram.com\/puhdasplus_ee\/\"]}]}<\/script>\n<!-- \/ Yoast SEO plugin. -->","yoast_head_json":{"title":"Biolo\u0123isks kvie\u0161u d\u012bg\u013cu pulveris 200 g - Puhdas+","description":"Pure+ Organic Wheatgrass Powder 200 g \u2013 uzturviel\u0101m bag\u0101ts za\u013c\u0161 super\u0113diens, kas atbalsta imunit\u0101ti, gremo\u0161anu un dabisko ener\u0123ijas l\u012bmeni.","robots":{"index":"noindex","follow":"follow","max-snippet":"max-snippet:-1","max-image-preview":"max-image-preview:large","max-video-preview":"max-video-preview:-1"},"og_locale":"lv_LV","og_type":"article","og_title":"Biolo\u0123isks kvie\u0161u d\u012bg\u013cu pulveris 200 g - Puhdas+","og_description":"Pure+ Organic Wheatgrass Powder 200 g \u2013 uzturviel\u0101m bag\u0101ts za\u013c\u0161 super\u0113diens, kas atbalsta imunit\u0101ti, gremo\u0161anu un dabisko ener\u0123ijas l\u012bmeni.","og_url":"https:\/\/test.puhdasplus.ee\/lv\/tooted\/superediens\/biologisks-kviesu-diglu-pulveris-200-g\/","og_site_name":"Puhdas+","article_publisher":"https:\/\/www.facebook.com\/puhdasplus","article_modified_time":"2026-03-10T12:14:59+00:00","og_image":[{"width":1862,"height":2560,"url":"https:\/\/test.puhdasplus.ee\/wp-content\/uploads\/2025\/03\/174.jpg","type":"image\/jpeg"}],"twitter_card":"summary_large_image","twitter_misc":{"Est. reading time":"2 min\u016btes"},"schema":{"@context":"https:\/\/schema.org","@graph":[{"@type":"WebPage","@id":"https:\/\/test.puhdasplus.ee\/lv\/tooted\/superediens\/biologisks-kviesu-diglu-pulveris-200-g\/","url":"https:\/\/test.puhdasplus.ee\/lv\/tooted\/superediens\/biologisks-kviesu-diglu-pulveris-200-g\/","name":"Biolo\u0123isks kvie\u0161u d\u012bg\u013cu pulveris 200 g - Puhdas+","isPartOf":{"@id":"https:\/\/test.puhdasplus.ee\/lv\/#website"},"primaryImageOfPage":{"@id":"https:\/\/test.puhdasplus.ee\/lv\/tooted\/superediens\/biologisks-kviesu-diglu-pulveris-200-g\/#primaryimage"},"image":{"@id":"https:\/\/test.puhdasplus.ee\/lv\/tooted\/superediens\/biologisks-kviesu-diglu-pulveris-200-g\/#primaryimage"},"thumbnailUrl":"https:\/\/test.puhdasplus.ee\/wp-content\/uploads\/2025\/03\/174.jpg","datePublished":"2025-01-16T15:19:38+00:00","dateModified":"2026-03-10T12:14:59+00:00","description":"Pure+ Organic Wheatgrass Powder 200 g \u2013 uzturviel\u0101m bag\u0101ts za\u013c\u0161 super\u0113diens, kas atbalsta imunit\u0101ti, gremo\u0161anu un dabisko ener\u0123ijas l\u012bmeni.","breadcrumb":{"@id":"https:\/\/test.puhdasplus.ee\/lv\/tooted\/superediens\/biologisks-kviesu-diglu-pulveris-200-g\/#breadcrumb"},"inLanguage":"lv-LV","potentialAction":[{"@type":"ReadAction","target":["https:\/\/test.puhdasplus.ee\/lv\/tooted\/superediens\/biologisks-kviesu-diglu-pulveris-200-g\/"]}]},{"@type":"ImageObject","inLanguage":"lv-LV","@id":"https:\/\/test.puhdasplus.ee\/lv\/tooted\/superediens\/biologisks-kviesu-diglu-pulveris-200-g\/#primaryimage","url":"https:\/\/test.puhdasplus.ee\/wp-content\/uploads\/2025\/03\/174.jpg","contentUrl":"https:\/\/test.puhdasplus.ee\/wp-content\/uploads\/2025\/03\/174.jpg","width":1862,"height":2560,"caption":"Biolo\u0123isks kvie\u0161u asnu pulveris"},{"@type":"BreadcrumbList","@id":"https:\/\/test.puhdasplus.ee\/lv\/tooted\/superediens\/biologisks-kviesu-diglu-pulveris-200-g\/#breadcrumb","itemListElement":[{"@type":"ListItem","position":1,"name":"S\u0101kums","item":"https:\/\/test.puhdasplus.ee\/lv\/"},{"@type":"ListItem","position":2,"name":"Produkti","item":"https:\/\/test.puhdasplus.ee\/lv\/veikals\/"},{"@type":"ListItem","position":3,"name":"Biolo\u0123isks kvie\u0161u d\u012bg\u013cu pulveris 200 g"}]},{"@type":"WebSite","@id":"https:\/\/test.puhdasplus.ee\/lv\/#website","url":"https:\/\/test.puhdasplus.ee\/lv\/","name":"Puhdas+","description":"Vitamiinid, Toidulisandid, looduskosmeetika, tervis, sport","publisher":{"@id":"https:\/\/test.puhdasplus.ee\/lv\/#organization"},"potentialAction":[{"@type":"SearchAction","target":{"@type":"EntryPoint","urlTemplate":"https:\/\/test.puhdasplus.ee\/lv\/?s={search_term_string}"},"query-input":{"@type":"PropertyValueSpecification","valueRequired":true,"valueName":"search_term_string"}}],"inLanguage":"lv-LV"},{"@type":"Organization","@id":"https:\/\/test.puhdasplus.ee\/lv\/#organization","name":"Puhdas+","alternateName":"Puhdasplus","url":"https:\/\/test.puhdasplus.ee\/lv\/","logo":{"@type":"ImageObject","inLanguage":"lv-LV","@id":"https:\/\/test.puhdasplus.ee\/lv\/#\/schema\/logo\/image\/","url":"https:\/\/test.puhdasplus.ee\/\/wp-content\/uploads\/2019\/10\/puhdas_logo-arvele.png","contentUrl":"https:\/\/test.puhdasplus.ee\/\/wp-content\/uploads\/2019\/10\/puhdas_logo-arvele.png","width":114,"height":94,"caption":"Puhdas+"},"image":{"@id":"https:\/\/test.puhdasplus.ee\/lv\/#\/schema\/logo\/image\/"},"sameAs":["https:\/\/www.facebook.com\/puhdasplus","https:\/\/www.instagram.com\/puhdasplus_ee\/"]}]}},"_links":{"self":[{"href":"https:\/\/test.puhdasplus.ee\/lv\/wp-json\/wp\/v2\/product\/33392","targetHints":{"allow":["GET"]}}],"collection":[{"href":"https:\/\/test.puhdasplus.ee\/lv\/wp-json\/wp\/v2\/product"}],"about":[{"href":"https:\/\/test.puhdasplus.ee\/lv\/wp-json\/wp\/v2\/types\/product"}],"replies":[{"embeddable":true,"href":"https:\/\/test.puhdasplus.ee\/lv\/wp-json\/wp\/v2\/comments?post=33392"}],"wp:featuredmedia":[{"embeddable":true,"href":"https:\/\/test.puhdasplus.ee\/lv\/wp-json\/wp\/v2\/media\/33395"}],"wp:attachment":[{"href":"https:\/\/test.puhdasplus.ee\/lv\/wp-json\/wp\/v2\/media?parent=33392"}],"wp:term":[{"taxonomy":"product_brand","embeddable":true,"href":"https:\/\/test.puhdasplus.ee\/lv\/wp-json\/wp\/v2\/product_brand?post=33392"},{"taxonomy":"product_cat","embeddable":true,"href":"https:\/\/test.puhdasplus.ee\/lv\/wp-json\/wp\/v2\/product_cat?post=33392"},{"taxonomy":"product_tag","embeddable":true,"href":"https:\/\/test.puhdasplus.ee\/lv\/wp-json\/wp\/v2\/product_tag?post=33392"}],"curies":[{"name":"wp","href":"https:\/\/api.w.org\/{rel}","templated":true}]}}