{"id":33375,"date":"2024-05-27T11:16:16","date_gmt":"2024-05-27T08:16:16","guid":{"rendered":"https:\/\/test.puhdasplus.ee\/\/tooted\/uncategorized\/elektrolitu-pulveris-ar-avenu-zemenu-garsu-120-g\/"},"modified":"2026-02-27T13:10:34","modified_gmt":"2026-02-27T11:10:34","slug":"elektrolitu-pulveris-ar-avenu-zemenu-garsu-120-g","status":"publish","type":"product","link":"https:\/\/test.puhdasplus.ee\/lv\/tooted\/sports-lv\/elektrolitu-pulveris-ar-avenu-zemenu-garsu-120-g\/","title":{"rendered":"Elektrol\u012btu pulveris ar ave\u0146u-zeme\u0146u gar\u0161u 120 g"},"content":{"rendered":"<h2 class=\"\" data-start=\"220\" data-end=\"260\">Kas ir Pure+ elektrol\u012btu pulveris?<\/h2>\n<p data-start=\"255\" data-end=\"543\">Pure+ elektrol\u012btu pulveris ir augstas kvalit\u0101tes uztura bag\u0101tin\u0101t\u0101js, kas paredz\u0113ts \u0161\u0137idruma un miner\u0101lvielu l\u012bdzsvara uztur\u0113\u0161anai. Produkts ir \u012bpa\u0161i piem\u0113rots akt\u012bviem cilv\u0113kiem, sportistiem un tiem, kam ir liel\u0101ka fizisk\u0101 aktivit\u0101te dienas laik\u0101, karst\u0101 laik\u0101 vai cit\u0101s situ\u0101cij\u0101s, kad organisms zaud\u0113 \u0161\u0137idrumu. <\/p>\n<p data-start=\"545\" data-end=\"685\">Pulveris ar pat\u012bkamu ave\u0146u-zeme\u0146u gar\u0161u viegli sajaucas ar \u016bdeni un pied\u0101v\u0101 atsvaidzino\u0161u un dabisku veidu, k\u0101 atbalst\u012bt ikdienas l\u012bdzsvaru.<\/p>\n<h2 class=\"\" data-start=\"709\" data-end=\"743\">K\u0101p\u0113c elektrol\u012bti ir svar\u012bgi?<\/h2>\n<p data-start=\"729\" data-end=\"898\">Elektrol\u012bti, piem\u0113ram, <strong data-start=\"750\" data-end=\"762\">n\u0101trijs<\/strong> , <strong data-start=\"764\" data-end=\"775\">k\u0101lijs<\/strong> , <strong data-start=\"777\" data-end=\"791\">magnijs<\/strong> un <strong data-start=\"795\" data-end=\"807\">kalcijs<\/strong> , ir svar\u012bgi miner\u0101li, kas ir iesaist\u012bti daudz\u0101s organisma funkcij\u0101s. Tie: <\/p>\n<ul data-start=\"900\" data-end=\"1056\">\n<li data-start=\"900\" data-end=\"946\">\n<p data-start=\"902\" data-end=\"946\">pal\u012bdz uztur\u0113t \u0161\u0137idruma l\u012bdzsvaru organism\u0101,<\/p>\n<\/li>\n<li data-start=\"947\" data-end=\"1008\">\n<p data-start=\"949\" data-end=\"1008\">ir saist\u012bts ar norm\u0101lu nervu sist\u0113mas un musku\u013cu darb\u012bbu,<\/p>\n<\/li>\n<li data-start=\"1009\" data-end=\"1056\">\n<p data-start=\"1011\" data-end=\"1056\">atbalst\u012bt visp\u0101r\u0113ju labsaj\u016btu un aktivit\u0101tes saj\u016btu.<\/p>\n<\/li>\n<\/ul>\n<p data-start=\"1058\" data-end=\"1217\">Fiziska slodze, sv\u012b\u0161ana vai \u0161\u0137idruma zudums var ietekm\u0113t elektrol\u012btu l\u012bmeni, t\u0101p\u0113c var b\u016bt nepiecie\u0161ams tos papildin\u0101t ar uztura bag\u0101tin\u0101t\u0101jiem.<\/p>\n<h2 class=\"\" data-start=\"1222\" data-end=\"1242\">Produkta sast\u0101vda\u013cas<\/h2>\n<p class=\"\" data-start=\"1244\" data-end=\"1340\">Pure+ elektrol\u012btu pulveris satur \u0161\u0101das sast\u0101vda\u013cas: n\u0101trija hlor\u012bdu, sk\u0101buma regulatoru: \u0101bolsk\u0101bi, n\u0101trija bikarbon\u0101tu, L-glic\u012bnu, n\u0101trija askorb\u0101tu (C vitam\u012bna avots), kalcija citr\u0101tu, magnija mal\u0101tu, k\u0101lija hlor\u012bdu, dab\u012bg\u0101s gar\u0161as (ave\u0146u, zeme\u0146u, dz\u0113rve\u0146u), saldin\u0101t\u0101ju: steviolglikoz\u012bdus (no st\u0113vijas).<\/p>\n<p class=\"\" data-start=\"1646\" data-end=\"1724\"><strong data-start=\"1646\" data-end=\"1701\">Produkts nesatur laktozi, raugu, glut\u0113nu vai soju<\/strong> un ir piem\u0113rots veg\u0101niem.<\/p>\n<h2 class=\"\" data-start=\"1731\" data-end=\"1786\">Uzturv\u0113rt\u012bba (dienas deva 9 ml vai 3 m\u0113rkarotes)<\/h2>\n<div class=\"group pointer-events-none relative flex justify-center *:pointer-events-auto\">\n<div class=\"tableContainer horzScrollShadows relative\">\n<table>\n<tbody>\n<tr>\n<td>Magnijs<\/td>\n<td>87 mg (*23%)<\/td>\n<\/tr>\n<tr>\n<td>N\u0101trijs<\/td>\n<td>1617 mg<\/td>\n<\/tr>\n<tr>\n<td>Hlor\u012bds\/hlor\u012bdi<\/td>\n<td>1950 mg (*244%)<\/td>\n<\/tr>\n<tr>\n<td>Glic\u012bns \/ Glic\u012bns<\/td>\n<td>1386 mg<\/td>\n<\/tr>\n<tr>\n<td>C vitam\u012bns \/ vitam\u012bns<\/td>\n<td>606 mg (*758%)<\/td>\n<\/tr>\n<\/tbody>\n<\/table>\n<\/div>\n<\/div>\n<p class=\"\" data-start=\"2189\" data-end=\"2233\">*NRV \u2013 ieteicam\u0101 dienas deva pieaugu\u0161ajiem.<\/p>\n<h2 class=\"\" data-start=\"2240\" data-end=\"2253\">Lietojums<\/h2>\n<p class=\"\" data-start=\"2255\" data-end=\"2427\">Pieaugu\u0161ajiem ieteicams lietot 1 m\u0113rkaroti (3 ml) tr\u012bs reizes dien\u0101. Pulveris j\u0101sajauc ar aptuveni 5 dl \u016bdens vai cita \u0161\u0137idruma.  Ieteicamo dienas devu nedr\u012bkst p\u0101rsniegt.<\/p>\n<p class=\"\" data-start=\"2429\" data-end=\"2529\"><strong data-start=\"2429\" data-end=\"2439\">Piez\u012bme<\/strong> : Uztura bag\u0101tin\u0101t\u0101ji neaizst\u0101j daudzveid\u012bgu un sabalans\u0113tu uzturu vai vesel\u012bgu dz\u012bvesveidu.<\/p>\n<h2 class=\"\" data-start=\"2536\" data-end=\"2576\">Pure+ elektrol\u012btu pulvera priek\u0161roc\u012bbas<\/h2>\n<ul>\n<li data-start=\"2368\" data-end=\"2423\">\n<p data-start=\"2370\" data-end=\"2423\">Gard\u012bgs ave\u0146u un zeme\u0146u mais\u012bjums \u2013 atsvaidzino\u0161s jebkur\u0101 laik\u0101<\/p>\n<\/li>\n<li data-start=\"2424\" data-end=\"2464\">\n<p data-start=\"2426\" data-end=\"2464\">Piem\u0113rots cilv\u0113kiem ar akt\u012bvu dz\u012bvesveidu<\/p>\n<\/li>\n<li data-start=\"2465\" data-end=\"2526\">\n<p data-start=\"2467\" data-end=\"2526\">Nesatur cukuru, m\u0101ksl\u012bgos saldin\u0101t\u0101jus vai kr\u0101svielas<\/p>\n<\/li>\n<li data-start=\"2527\" data-end=\"2553\">\n<p data-start=\"2529\" data-end=\"2553\">Veg\u0101niem draudz\u012bgs sast\u0101vs<\/p>\n<\/li>\n<li data-start=\"2554\" data-end=\"2612\">\n<p data-start=\"2556\" data-end=\"2612\">Ra\u017eots Somij\u0101 atbilsto\u0161i augstiem kvalit\u0101tes standartiem<\/p>\n<\/li>\n<\/ul>\n","protected":false},"excerpt":{"rendered":"<p data-start=\"189\" data-end=\"542\"><strong data-start=\"189\" data-end=\"253\">Puhdas+ elektrol\u012btu pulveris ar ave\u0146u-zeme\u0146u gar\u0161u 120 g<\/strong> ir gards un efekt\u012bvs veids, k\u0101 atbalst\u012bt \u0161\u0137idruma un miner\u0101lvielu l\u012bdzsvaru organism\u0101. Pulveris satur svar\u012bgus elektrol\u012btus \u2013 n\u0101triju, k\u0101liju, magniju un kalciju \u2013, kas veicina norm\u0101lu organisma darb\u012bbu ikdienas stresa, karst\u0101 laik\u0101 vai palielin\u0101ta \u0161\u0137idruma zuduma laik\u0101. <\/p>\n<p data-start=\"544\" data-end=\"644\">C vitam\u012bns un glic\u012bns pal\u012bdz mazin\u0101t nogurumu un uztur\u0113t visp\u0101r\u0113jo labsaj\u016btu.<\/p>\n<p data-start=\"646\" data-end=\"814\"><strong data-start=\"646\" data-end=\"709\">Bez cukura, dab\u012bgi aromatiz\u0113ta un veg\u0101niem draudz\u012bga formula<\/strong> \u2013 ide\u0101li piem\u0113rota tiem, kas v\u0113las vienk\u0101r\u0161u, dabisku un sabalans\u0113tu atbalstu akt\u012bvai dz\u012bvei.<\/p>\n","protected":false},"featured_media":33379,"comment_status":"closed","ping_status":"closed","template":"","meta":{"_acf_changed":false},"product_brand":[],"product_cat":[3201,3067,3200,3038],"product_tag":[3578,3202,3220,3204,3042,3044,3214,3209,3212,3203,3225,3216,3221,3218,3208,3581,3206],"class_list":{"0":"post-33375","1":"product","2":"type-product","3":"status-publish","4":"has-post-thumbnail","6":"product_cat-elektroliti","7":"product_cat-ipasie-piedavajumi","8":"product_cat-minerali","9":"product_cat-sports-lv","10":"product_tag-avenu-zemenu-garsa","11":"product_tag-c-vitamins-lv","12":"product_tag-elektroliti","13":"product_tag-elektrolits","14":"product_tag-energija-lv","15":"product_tag-energija-un-nogurums","16":"product_tag-glicins","17":"product_tag-kalcijs","18":"product_tag-kalijs","19":"product_tag-magnijs","20":"product_tag-muskuli-un-locitavas","21":"product_tag-muskulu-funkcija","22":"product_tag-natrijs","23":"product_tag-noguruma-mazinasana","24":"product_tag-nogurums","25":"product_tag-nogurums-un-energija","26":"product_tag-uztura-bagatinatajs","28":"first","29":"instock","30":"sale","31":"taxable","32":"shipping-taxable","33":"purchasable","34":"product-type-simple"},"acf":[],"yoast_head":"<!-- This site is optimized with the Yoast SEO plugin v27.1.1 - https:\/\/yoast.com\/product\/yoast-seo-wordpress\/ -->\n<title>Elektrol\u012btu pulveris ar ave\u0146u-zeme\u0146u gar\u0161u 120 g - Puhdas+<\/title>\n<meta name=\"description\" content=\"Puhdas+ elektrol\u012btu pulveris ar ave\u0146u-zeme\u0146u gar\u0161u pal\u012bdz atjaunot organisma \u0161\u0137idruma l\u012bdzsvaru, atbalsta musku\u013cu darb\u012bbu un mazina nogurumu.\" \/>\n<meta name=\"robots\" content=\"noindex, follow, max-snippet:-1, max-image-preview:large, max-video-preview:-1\" \/>\n<meta property=\"og:locale\" content=\"lv_LV\" \/>\n<meta property=\"og:type\" content=\"article\" \/>\n<meta property=\"og:title\" content=\"Elektrol\u012btu pulveris ar ave\u0146u-zeme\u0146u gar\u0161u 120 g - Puhdas+\" \/>\n<meta property=\"og:description\" content=\"Puhdas+ elektrol\u012btu pulveris ar ave\u0146u-zeme\u0146u gar\u0161u pal\u012bdz atjaunot organisma \u0161\u0137idruma l\u012bdzsvaru, atbalsta musku\u013cu darb\u012bbu un mazina nogurumu.\" \/>\n<meta property=\"og:url\" content=\"https:\/\/test.puhdasplus.ee\/lv\/tooted\/sports-lv\/elektrolitu-pulveris-ar-avenu-zemenu-garsu-120-g\/\" \/>\n<meta property=\"og:site_name\" content=\"Puhdas+\" \/>\n<meta property=\"article:publisher\" content=\"https:\/\/www.facebook.com\/puhdasplus\" \/>\n<meta property=\"article:modified_time\" content=\"2026-02-27T11:10:34+00:00\" \/>\n<meta property=\"og:image\" content=\"https:\/\/test.puhdasplus.ee\/wp-content\/uploads\/2025\/03\/77.jpg\" \/>\n\t<meta property=\"og:image:width\" content=\"1862\" \/>\n\t<meta property=\"og:image:height\" content=\"2560\" \/>\n\t<meta property=\"og:image:type\" content=\"image\/jpeg\" \/>\n<meta name=\"twitter:card\" content=\"summary_large_image\" \/>\n<meta name=\"twitter:label1\" content=\"Est. reading time\" \/>\n\t<meta name=\"twitter:data1\" content=\"2 min\u016btes\" \/>\n<script type=\"application\/ld+json\" class=\"yoast-schema-graph\">{\"@context\":\"https:\/\/schema.org\",\"@graph\":[{\"@type\":\"WebPage\",\"@id\":\"https:\/\/test.puhdasplus.ee\/lv\/tooted\/sports-lv\/elektrolitu-pulveris-ar-avenu-zemenu-garsu-120-g\/\",\"url\":\"https:\/\/test.puhdasplus.ee\/lv\/tooted\/sports-lv\/elektrolitu-pulveris-ar-avenu-zemenu-garsu-120-g\/\",\"name\":\"Elektrol\u012btu pulveris ar ave\u0146u-zeme\u0146u gar\u0161u 120 g - Puhdas+\",\"isPartOf\":{\"@id\":\"https:\/\/test.puhdasplus.ee\/lv\/#website\"},\"primaryImageOfPage\":{\"@id\":\"https:\/\/test.puhdasplus.ee\/lv\/tooted\/sports-lv\/elektrolitu-pulveris-ar-avenu-zemenu-garsu-120-g\/#primaryimage\"},\"image\":{\"@id\":\"https:\/\/test.puhdasplus.ee\/lv\/tooted\/sports-lv\/elektrolitu-pulveris-ar-avenu-zemenu-garsu-120-g\/#primaryimage\"},\"thumbnailUrl\":\"https:\/\/test.puhdasplus.ee\/wp-content\/uploads\/2025\/03\/77.jpg\",\"datePublished\":\"2024-05-27T08:16:16+00:00\",\"dateModified\":\"2026-02-27T11:10:34+00:00\",\"description\":\"Puhdas+ elektrol\u012btu pulveris ar ave\u0146u-zeme\u0146u gar\u0161u pal\u012bdz atjaunot organisma \u0161\u0137idruma l\u012bdzsvaru, atbalsta musku\u013cu darb\u012bbu un mazina nogurumu.\",\"breadcrumb\":{\"@id\":\"https:\/\/test.puhdasplus.ee\/lv\/tooted\/sports-lv\/elektrolitu-pulveris-ar-avenu-zemenu-garsu-120-g\/#breadcrumb\"},\"inLanguage\":\"lv-LV\",\"potentialAction\":[{\"@type\":\"ReadAction\",\"target\":[\"https:\/\/test.puhdasplus.ee\/lv\/tooted\/sports-lv\/elektrolitu-pulveris-ar-avenu-zemenu-garsu-120-g\/\"]}]},{\"@type\":\"ImageObject\",\"inLanguage\":\"lv-LV\",\"@id\":\"https:\/\/test.puhdasplus.ee\/lv\/tooted\/sports-lv\/elektrolitu-pulveris-ar-avenu-zemenu-garsu-120-g\/#primaryimage\",\"url\":\"https:\/\/test.puhdasplus.ee\/wp-content\/uploads\/2025\/03\/77.jpg\",\"contentUrl\":\"https:\/\/test.puhdasplus.ee\/wp-content\/uploads\/2025\/03\/77.jpg\",\"width\":1862,\"height\":2560,\"caption\":\"Elektrol\u012btu pulveris ar ave\u0146u-zeme\u0146u gar\u0161u\"},{\"@type\":\"BreadcrumbList\",\"@id\":\"https:\/\/test.puhdasplus.ee\/lv\/tooted\/sports-lv\/elektrolitu-pulveris-ar-avenu-zemenu-garsu-120-g\/#breadcrumb\",\"itemListElement\":[{\"@type\":\"ListItem\",\"position\":1,\"name\":\"S\u0101kums\",\"item\":\"https:\/\/test.puhdasplus.ee\/lv\/\"},{\"@type\":\"ListItem\",\"position\":2,\"name\":\"Produkti\",\"item\":\"https:\/\/test.puhdasplus.ee\/lv\/veikals\/\"},{\"@type\":\"ListItem\",\"position\":3,\"name\":\"Elektrol\u012btu pulveris ar ave\u0146u-zeme\u0146u gar\u0161u 120 g\"}]},{\"@type\":\"WebSite\",\"@id\":\"https:\/\/test.puhdasplus.ee\/lv\/#website\",\"url\":\"https:\/\/test.puhdasplus.ee\/lv\/\",\"name\":\"Puhdas+\",\"description\":\"Vitamiinid, Toidulisandid, looduskosmeetika, tervis, sport\",\"publisher\":{\"@id\":\"https:\/\/test.puhdasplus.ee\/lv\/#organization\"},\"potentialAction\":[{\"@type\":\"SearchAction\",\"target\":{\"@type\":\"EntryPoint\",\"urlTemplate\":\"https:\/\/test.puhdasplus.ee\/lv\/?s={search_term_string}\"},\"query-input\":{\"@type\":\"PropertyValueSpecification\",\"valueRequired\":true,\"valueName\":\"search_term_string\"}}],\"inLanguage\":\"lv-LV\"},{\"@type\":\"Organization\",\"@id\":\"https:\/\/test.puhdasplus.ee\/lv\/#organization\",\"name\":\"Puhdas+\",\"alternateName\":\"Puhdasplus\",\"url\":\"https:\/\/test.puhdasplus.ee\/lv\/\",\"logo\":{\"@type\":\"ImageObject\",\"inLanguage\":\"lv-LV\",\"@id\":\"https:\/\/test.puhdasplus.ee\/lv\/#\/schema\/logo\/image\/\",\"url\":\"https:\/\/test.puhdasplus.ee\/\/wp-content\/uploads\/2019\/10\/puhdas_logo-arvele.png\",\"contentUrl\":\"https:\/\/test.puhdasplus.ee\/\/wp-content\/uploads\/2019\/10\/puhdas_logo-arvele.png\",\"width\":114,\"height\":94,\"caption\":\"Puhdas+\"},\"image\":{\"@id\":\"https:\/\/test.puhdasplus.ee\/lv\/#\/schema\/logo\/image\/\"},\"sameAs\":[\"https:\/\/www.facebook.com\/puhdasplus\",\"https:\/\/www.instagram.com\/puhdasplus_ee\/\"]}]}<\/script>\n<!-- \/ Yoast SEO plugin. -->","yoast_head_json":{"title":"Elektrol\u012btu pulveris ar ave\u0146u-zeme\u0146u gar\u0161u 120 g - Puhdas+","description":"Puhdas+ elektrol\u012btu pulveris ar ave\u0146u-zeme\u0146u gar\u0161u pal\u012bdz atjaunot organisma \u0161\u0137idruma l\u012bdzsvaru, atbalsta musku\u013cu darb\u012bbu un mazina nogurumu.","robots":{"index":"noindex","follow":"follow","max-snippet":"max-snippet:-1","max-image-preview":"max-image-preview:large","max-video-preview":"max-video-preview:-1"},"og_locale":"lv_LV","og_type":"article","og_title":"Elektrol\u012btu pulveris ar ave\u0146u-zeme\u0146u gar\u0161u 120 g - Puhdas+","og_description":"Puhdas+ elektrol\u012btu pulveris ar ave\u0146u-zeme\u0146u gar\u0161u pal\u012bdz atjaunot organisma \u0161\u0137idruma l\u012bdzsvaru, atbalsta musku\u013cu darb\u012bbu un mazina nogurumu.","og_url":"https:\/\/test.puhdasplus.ee\/lv\/tooted\/sports-lv\/elektrolitu-pulveris-ar-avenu-zemenu-garsu-120-g\/","og_site_name":"Puhdas+","article_publisher":"https:\/\/www.facebook.com\/puhdasplus","article_modified_time":"2026-02-27T11:10:34+00:00","og_image":[{"width":1862,"height":2560,"url":"https:\/\/test.puhdasplus.ee\/wp-content\/uploads\/2025\/03\/77.jpg","type":"image\/jpeg"}],"twitter_card":"summary_large_image","twitter_misc":{"Est. reading time":"2 min\u016btes"},"schema":{"@context":"https:\/\/schema.org","@graph":[{"@type":"WebPage","@id":"https:\/\/test.puhdasplus.ee\/lv\/tooted\/sports-lv\/elektrolitu-pulveris-ar-avenu-zemenu-garsu-120-g\/","url":"https:\/\/test.puhdasplus.ee\/lv\/tooted\/sports-lv\/elektrolitu-pulveris-ar-avenu-zemenu-garsu-120-g\/","name":"Elektrol\u012btu pulveris ar ave\u0146u-zeme\u0146u gar\u0161u 120 g - Puhdas+","isPartOf":{"@id":"https:\/\/test.puhdasplus.ee\/lv\/#website"},"primaryImageOfPage":{"@id":"https:\/\/test.puhdasplus.ee\/lv\/tooted\/sports-lv\/elektrolitu-pulveris-ar-avenu-zemenu-garsu-120-g\/#primaryimage"},"image":{"@id":"https:\/\/test.puhdasplus.ee\/lv\/tooted\/sports-lv\/elektrolitu-pulveris-ar-avenu-zemenu-garsu-120-g\/#primaryimage"},"thumbnailUrl":"https:\/\/test.puhdasplus.ee\/wp-content\/uploads\/2025\/03\/77.jpg","datePublished":"2024-05-27T08:16:16+00:00","dateModified":"2026-02-27T11:10:34+00:00","description":"Puhdas+ elektrol\u012btu pulveris ar ave\u0146u-zeme\u0146u gar\u0161u pal\u012bdz atjaunot organisma \u0161\u0137idruma l\u012bdzsvaru, atbalsta musku\u013cu darb\u012bbu un mazina nogurumu.","breadcrumb":{"@id":"https:\/\/test.puhdasplus.ee\/lv\/tooted\/sports-lv\/elektrolitu-pulveris-ar-avenu-zemenu-garsu-120-g\/#breadcrumb"},"inLanguage":"lv-LV","potentialAction":[{"@type":"ReadAction","target":["https:\/\/test.puhdasplus.ee\/lv\/tooted\/sports-lv\/elektrolitu-pulveris-ar-avenu-zemenu-garsu-120-g\/"]}]},{"@type":"ImageObject","inLanguage":"lv-LV","@id":"https:\/\/test.puhdasplus.ee\/lv\/tooted\/sports-lv\/elektrolitu-pulveris-ar-avenu-zemenu-garsu-120-g\/#primaryimage","url":"https:\/\/test.puhdasplus.ee\/wp-content\/uploads\/2025\/03\/77.jpg","contentUrl":"https:\/\/test.puhdasplus.ee\/wp-content\/uploads\/2025\/03\/77.jpg","width":1862,"height":2560,"caption":"Elektrol\u012btu pulveris ar ave\u0146u-zeme\u0146u gar\u0161u"},{"@type":"BreadcrumbList","@id":"https:\/\/test.puhdasplus.ee\/lv\/tooted\/sports-lv\/elektrolitu-pulveris-ar-avenu-zemenu-garsu-120-g\/#breadcrumb","itemListElement":[{"@type":"ListItem","position":1,"name":"S\u0101kums","item":"https:\/\/test.puhdasplus.ee\/lv\/"},{"@type":"ListItem","position":2,"name":"Produkti","item":"https:\/\/test.puhdasplus.ee\/lv\/veikals\/"},{"@type":"ListItem","position":3,"name":"Elektrol\u012btu pulveris ar ave\u0146u-zeme\u0146u gar\u0161u 120 g"}]},{"@type":"WebSite","@id":"https:\/\/test.puhdasplus.ee\/lv\/#website","url":"https:\/\/test.puhdasplus.ee\/lv\/","name":"Puhdas+","description":"Vitamiinid, Toidulisandid, looduskosmeetika, tervis, sport","publisher":{"@id":"https:\/\/test.puhdasplus.ee\/lv\/#organization"},"potentialAction":[{"@type":"SearchAction","target":{"@type":"EntryPoint","urlTemplate":"https:\/\/test.puhdasplus.ee\/lv\/?s={search_term_string}"},"query-input":{"@type":"PropertyValueSpecification","valueRequired":true,"valueName":"search_term_string"}}],"inLanguage":"lv-LV"},{"@type":"Organization","@id":"https:\/\/test.puhdasplus.ee\/lv\/#organization","name":"Puhdas+","alternateName":"Puhdasplus","url":"https:\/\/test.puhdasplus.ee\/lv\/","logo":{"@type":"ImageObject","inLanguage":"lv-LV","@id":"https:\/\/test.puhdasplus.ee\/lv\/#\/schema\/logo\/image\/","url":"https:\/\/test.puhdasplus.ee\/\/wp-content\/uploads\/2019\/10\/puhdas_logo-arvele.png","contentUrl":"https:\/\/test.puhdasplus.ee\/\/wp-content\/uploads\/2019\/10\/puhdas_logo-arvele.png","width":114,"height":94,"caption":"Puhdas+"},"image":{"@id":"https:\/\/test.puhdasplus.ee\/lv\/#\/schema\/logo\/image\/"},"sameAs":["https:\/\/www.facebook.com\/puhdasplus","https:\/\/www.instagram.com\/puhdasplus_ee\/"]}]}},"_links":{"self":[{"href":"https:\/\/test.puhdasplus.ee\/lv\/wp-json\/wp\/v2\/product\/33375","targetHints":{"allow":["GET"]}}],"collection":[{"href":"https:\/\/test.puhdasplus.ee\/lv\/wp-json\/wp\/v2\/product"}],"about":[{"href":"https:\/\/test.puhdasplus.ee\/lv\/wp-json\/wp\/v2\/types\/product"}],"replies":[{"embeddable":true,"href":"https:\/\/test.puhdasplus.ee\/lv\/wp-json\/wp\/v2\/comments?post=33375"}],"wp:featuredmedia":[{"embeddable":true,"href":"https:\/\/test.puhdasplus.ee\/lv\/wp-json\/wp\/v2\/media\/33379"}],"wp:attachment":[{"href":"https:\/\/test.puhdasplus.ee\/lv\/wp-json\/wp\/v2\/media?parent=33375"}],"wp:term":[{"taxonomy":"product_brand","embeddable":true,"href":"https:\/\/test.puhdasplus.ee\/lv\/wp-json\/wp\/v2\/product_brand?post=33375"},{"taxonomy":"product_cat","embeddable":true,"href":"https:\/\/test.puhdasplus.ee\/lv\/wp-json\/wp\/v2\/product_cat?post=33375"},{"taxonomy":"product_tag","embeddable":true,"href":"https:\/\/test.puhdasplus.ee\/lv\/wp-json\/wp\/v2\/product_tag?post=33375"}],"curies":[{"name":"wp","href":"https:\/\/api.w.org\/{rel}","templated":true}]}}