{"id":33374,"date":"2025-01-16T16:22:22","date_gmt":"2025-01-16T14:22:22","guid":{"rendered":"https:\/\/test.puhdasplus.ee\/\/tooted\/uncategorized\/l-citrulina-malats-200-g\/"},"modified":"2026-02-27T11:26:20","modified_gmt":"2026-02-27T09:26:20","slug":"l-citrulina-malats-200-g","status":"publish","type":"product","link":"https:\/\/test.puhdasplus.ee\/lv\/tooted\/ipasie-piedavajumi\/l-citrulina-malats-200-g\/","title":{"rendered":"L-citrul\u012bna mal\u0101ts 200 g"},"content":{"rendered":"<h2 data-start=\"347\" data-end=\"744\">Kas ir L-citrul\u012bna mal\u0101ts?<\/h2>\n<p class=\"\" data-start=\"347\" data-end=\"744\"><strong data-start=\"347\" data-end=\"378\">L-citrul\u012bna mal\u0101ts<\/strong> ir augstas t\u012br\u012bbas pak\u0101pes pulverveida uztura bag\u0101tin\u0101t\u0101js, kas apvieno divas akt\u012bv\u0101s vielas: <strong data-start=\"462\" data-end=\"480\">L-citrul\u012bnu<\/strong> un <strong data-start=\"484\" data-end=\"495\">mal\u0101tu<\/strong> (\u0101bolsk\u0101bes s\u0101li). \u0160o divu sast\u0101vda\u013cu siner\u0123ija galvenok\u0101rt ir zin\u0101ma sporta uztur\u0101, kur t\u0101s tiek v\u0113rt\u0113tas par sp\u0113ju <strong data-start=\"613\" data-end=\"642\">atbalst\u012bt musku\u013cu darb\u012bbu<\/strong> , <strong data-start=\"644\" data-end=\"671\">uzlabot asinsriti<\/strong> , <strong data-start=\"675\" data-end=\"724\">samazin\u0101t musku\u013cu nogurumu un atjauno\u0161an\u0101s laiku<\/strong> p\u0113c slodzes. <\/p>\n<p class=\"\" data-start=\"746\" data-end=\"933\">Produkts ir <strong data-start=\"755\" data-end=\"778\">100% bez piedev\u0101m<\/strong> \u2013 nesatur saldin\u0101t\u0101jus, kr\u0101svielas, glut\u0113nu, laktozi vai raugu. Piem\u0113rots veg\u0101niem un ra\u017eots <strong data-start=\"882\" data-end=\"892\">Somij\u0101<\/strong> , iev\u0113rojot augstus kvalit\u0101tes standartus. <\/p>\n<h2 data-start=\"940\" data-end=\"990\">Kam paredz\u0113ts L-citrul\u012bna mal\u0101ts?<\/h2>\n<h4 class=\"\" data-start=\"992\" data-end=\"1035\">Palielina fizisko sniegumu un ener\u0123iju<\/h4>\n<p class=\"\" data-start=\"1036\" data-end=\"1298\">L-citrul\u012bns organism\u0101 tiek p\u0101rveidots par argin\u012bnu un atbalsta <strong data-start=\"1086\" data-end=\"1120\">sl\u0101pek\u013ca oks\u012bda (NO) ra\u017eo\u0161anu<\/strong> , kas savuk\u0101rt papla\u0161ina asinsvadus. Paaugstin\u0101ta asins pl\u016bsma uzlabo sk\u0101bek\u013ca un bar\u012bbas vielu transport\u0113\u0161anu uz musku\u013ciem, pal\u012bdzot palielin\u0101t sniegumu un iztur\u012bbu fizisko aktivit\u0101\u0161u laik\u0101. <\/p>\n<h4 class=\"\" data-start=\"1300\" data-end=\"1357\">Pal\u012bdz mazin\u0101t musku\u013cu nogurumu un veicina atjauno\u0161anos<\/h4>\n<p class=\"\" data-start=\"1358\" data-end=\"1604\">Mal\u0101tam ir noz\u012bme <strong data-start=\"1378\" data-end=\"1398\">ener\u0123ijas ra\u017eo\u0161an\u0101<\/strong> un <strong data-start=\"1402\" data-end=\"1428\">piensk\u0101bes izvad\u012b\u0161an\u0101<\/strong> , pal\u012bdzot nov\u0113rst musku\u013cu p\u0101rslodzi un nogurumu. Kop\u0101 ar L-citrul\u012bnu tas pal\u012bdz pa\u0101trin\u0101t atjauno\u0161anos p\u0113c treni\u0146a, mazin\u0101t musku\u013cu s\u0101p\u012bgumu un atjaunot musku\u013cu veiktsp\u0113ju. <\/p>\n<h4 class=\"\" data-start=\"1606\" data-end=\"1644\">Piem\u0113rots ikdienas lieto\u0161anai<\/h4>\n<p class=\"\" data-start=\"1645\" data-end=\"1899\">Produktu var lietot gan pirms, gan p\u0113c treni\u0146a. Tas ir piem\u0113rots ar\u012b ikdienas atjauno\u0161an\u0101s atbalstam periodos, kad \u0137ermenim ir paaugstin\u0101ta nepiecie\u0161am\u012bba p\u0113c atjauno\u0161an\u0101s un ener\u0123ijas atbalsta, piem\u0113ram, stresa, saspringta darba perioda vai miega par\u0101da laik\u0101. <\/p>\n<h2 data-start=\"1906\" data-end=\"1959\">Kam ir piem\u0113rots Pure+ L-citrul\u012bna mal\u0101ts?<\/h2>\n<ul>\n<li class=\"\" data-start=\"1961\" data-end=\"2052\">\n<p class=\"\" data-start=\"1963\" data-end=\"2052\">Sportistiem un vingrot\u0101jiem, kuri v\u0113las uzlabot fizisko sniegumu<\/p>\n<\/li>\n<li class=\"\" data-start=\"2053\" data-end=\"2125\">\n<p class=\"\" data-start=\"2055\" data-end=\"2125\">Tiem, kas v\u0113las pa\u0101trin\u0101t atjauno\u0161anos un mazin\u0101t musku\u013cu nogurumu<\/p>\n<\/li>\n<li class=\"\" data-start=\"2126\" data-end=\"2182\">\n<p class=\"\" data-start=\"2128\" data-end=\"2182\">Cilv\u0113kiem, kuru treni\u0146i ir intens\u012bvi vai atk\u0101rtoti<\/p>\n<\/li>\n<li data-start=\"2185\" data-end=\"2270\">Visiem, kas nov\u0113rt\u0113 t\u012bru formulu bez sint\u0113tisk\u0101m piedev\u0101m<\/li>\n<li class=\"\" data-start=\"2271\" data-end=\"2320\">\n<p class=\"\" data-start=\"2273\" data-end=\"2320\">Veg\u0101niem un lietot\u0101jiem ar jut\u012bgu gremo\u0161anu<\/p>\n<\/li>\n<\/ul>\n<h2 data-start=\"2327\" data-end=\"2348\">Lietojums<\/h2>\n<p class=\"\" data-start=\"2350\" data-end=\"2527\"><strong data-start=\"2350\" data-end=\"2379\">Ieteicam\u0101 dienas deva:<\/strong> 1\u20132 t\u0113jkarotes (aptuveni 3\u20136 g).<br data-start=\"2408\" data-end=\"2411\"> Sajauciet ar \u016bdeni, sulu vai pievienojiet sm\u016btijiem.<br data-start=\"2454\" data-end=\"2457\"> Vislab\u0101k lietot 30\u201360 min\u016btes pirms vai t\u016bl\u012bt p\u0113c treni\u0146a.<\/p>\n<p class=\"\" data-start=\"2529\" data-end=\"2689\">Uztura bag\u0101tin\u0101t\u0101js neaizst\u0101j daudzveid\u012bgu uzturu vai vesel\u012bgu dz\u012bvesveidu. Nep\u0101rsniedziet ieteicamo dienas devu. Sarg\u0101t no b\u0113rniem.  <\/p>\n<h2 data-start=\"2696\" data-end=\"2734\">Sast\u0101vda\u013cas un uzturv\u0113rt\u012bba<\/h2>\n<p class=\"\" data-start=\"2736\" data-end=\"2754\"><strong data-start=\"2736\" data-end=\"2752\">Sast\u0101vda\u013cas:<\/strong><\/p>\n<ul data-start=\"2755\" data-end=\"2783\">\n<li class=\"\" data-start=\"2755\" data-end=\"2772\">\n<p class=\"\" data-start=\"2757\" data-end=\"2772\">L-citrul\u012bns<\/p>\n<\/li>\n<li class=\"\" data-start=\"2773\" data-end=\"2783\">\n<p class=\"\" data-start=\"2775\" data-end=\"2783\">Mal\u0101ts<\/p>\n<\/li>\n<\/ul>\n<p class=\"\" data-start=\"2785\" data-end=\"2822\"><strong data-start=\"2785\" data-end=\"2820\">1 t\u0113jkarote (3 g) satur:<\/strong><\/p>\n<ul data-start=\"2823\" data-end=\"2861\">\n<li class=\"\" data-start=\"2823\" data-end=\"2845\">\n<p class=\"\" data-start=\"2825\" data-end=\"2845\">L-citrul\u012bns: 2 g<\/p>\n<\/li>\n<li class=\"\" data-start=\"2846\" data-end=\"2861\">\n<p class=\"\" data-start=\"2848\" data-end=\"2861\">Mal\u0101ts: 1 g<\/p>\n<\/li>\n<\/ul>\n<p class=\"\" data-start=\"2863\" data-end=\"2959\"><strong data-start=\"2863\" data-end=\"2878\">Nesatur:<\/strong> glut\u0113nu, laktozi, s\u0101li, cukuru, raugu, saldin\u0101t\u0101jus vai m\u0101ksl\u012bgas piedevas.<\/p>\n","protected":false},"excerpt":{"rendered":"<p class=\"\" data-start=\"238\" data-end=\"609\">Pure+ L-Citrul\u012bna mal\u0101ts 200 g ir efekt\u012bvs un t\u012brs uztura bag\u0101tin\u0101t\u0101js, kas pal\u012bdz uzlabot fizisko slodzi, palielin\u0101t iztur\u012bbu un pa\u0101trin\u0101t atjauno\u0161anos. L-Citrul\u012bns atbalsta sl\u0101pek\u013ca oks\u012bda ra\u017eo\u0161anu organism\u0101, t\u0101d\u0113j\u0101di pal\u012bdzot uzlabot asinsriti un sk\u0101bek\u013ca transport\u0113\u0161anu uz musku\u013ciem. Mal\u0101ts jeb \u0101bolsk\u0101bes s\u0101ls pal\u012bdz palielin\u0101t ener\u0123ijas l\u012bmeni un mazin\u0101t musku\u013cu nogurumu.  <\/p>\n<p class=\"\" data-start=\"611\" data-end=\"969\">\u0160\u012b kombin\u0101cija padara produktu \u012bpa\u0161i piem\u0113rotu sportistiem un akt\u012bviem cilv\u0113kiem, kuri v\u0113las tren\u0113ties efekt\u012bv\u0101k un \u0101tr\u0101k atg\u016bties. Pulverim ir neitr\u0101la gar\u0161a, tas viegli sajaucas ar \u016bdeni vai koktei\u013ciem, un tas nesatur glut\u0113nu, laktozi, raugu vai m\u0101ksl\u012bgas piedevas. Tas ir lieliski piem\u0113rots ar\u012b veg\u0101niem un cilv\u0113kiem ar jut\u012bgu gremo\u0161anu.  <\/p>\n","protected":false},"featured_media":357396,"comment_status":"closed","ping_status":"closed","template":"","meta":{"_acf_changed":false},"product_brand":[],"product_cat":[3509,3067],"product_tag":[3485,3580,3579,3577,3225,3218,3576,3206],"class_list":{"0":"post-33374","1":"product","2":"type-product","3":"status-publish","4":"has-post-thumbnail","6":"product_cat-aminoskabes","7":"product_cat-ipasie-piedavajumi","8":"product_tag-aminoskabe","9":"product_tag-apmacibas-efektivitate","10":"product_tag-asinsrite","11":"product_tag-citrulina-malats","12":"product_tag-muskuli-un-locitavas","13":"product_tag-noguruma-mazinasana","14":"product_tag-sports-lv","15":"product_tag-uztura-bagatinatajs","17":"first","18":"instock","19":"sale","20":"taxable","21":"shipping-taxable","22":"purchasable","23":"product-type-simple"},"acf":[],"yoast_head":"<!-- This site is optimized with the Yoast SEO plugin v27.1.1 - https:\/\/yoast.com\/product\/yoast-seo-wordpress\/ -->\n<title>L-citrul\u012bna mal\u0101ts 200 g - Puhdas+<\/title>\n<meta name=\"description\" content=\"Citrul\u012bna mal\u0101ta pulveris 200 g ir t\u012bra aminosk\u0101bju uztura bag\u0101tin\u0101t\u0101js, kas atbalsta asinsriti, uzlabo vingrojumu efektivit\u0101ti un mazina nogurumu.\" \/>\n<meta name=\"robots\" content=\"noindex, follow, max-snippet:-1, max-image-preview:large, max-video-preview:-1\" \/>\n<meta property=\"og:locale\" content=\"lv_LV\" \/>\n<meta property=\"og:type\" content=\"article\" \/>\n<meta property=\"og:title\" content=\"L-citrul\u012bna mal\u0101ts 200 g - Puhdas+\" \/>\n<meta property=\"og:description\" content=\"Citrul\u012bna mal\u0101ta pulveris 200 g ir t\u012bra aminosk\u0101bju uztura bag\u0101tin\u0101t\u0101js, kas atbalsta asinsriti, uzlabo vingrojumu efektivit\u0101ti un mazina nogurumu.\" \/>\n<meta property=\"og:url\" content=\"https:\/\/test.puhdasplus.ee\/lv\/tooted\/ipasie-piedavajumi\/l-citrulina-malats-200-g\/\" \/>\n<meta property=\"og:site_name\" content=\"Puhdas+\" \/>\n<meta property=\"article:publisher\" content=\"https:\/\/www.facebook.com\/puhdasplus\" \/>\n<meta property=\"article:modified_time\" content=\"2026-02-27T09:26:20+00:00\" \/>\n<meta property=\"og:image\" content=\"https:\/\/test.puhdasplus.ee\/wp-content\/uploads\/2025\/01\/L-tsitrulliinmalaat-200-g-PuhdasPlus-scaled.jpg\" \/>\n\t<meta property=\"og:image:width\" content=\"1862\" \/>\n\t<meta property=\"og:image:height\" content=\"2560\" \/>\n\t<meta property=\"og:image:type\" content=\"image\/jpeg\" \/>\n<meta name=\"twitter:card\" content=\"summary_large_image\" \/>\n<meta name=\"twitter:label1\" content=\"Est. reading time\" \/>\n\t<meta name=\"twitter:data1\" content=\"2 min\u016btes\" \/>\n<script type=\"application\/ld+json\" class=\"yoast-schema-graph\">{\"@context\":\"https:\/\/schema.org\",\"@graph\":[{\"@type\":\"WebPage\",\"@id\":\"https:\/\/test.puhdasplus.ee\/lv\/tooted\/ipasie-piedavajumi\/l-citrulina-malats-200-g\/\",\"url\":\"https:\/\/test.puhdasplus.ee\/lv\/tooted\/ipasie-piedavajumi\/l-citrulina-malats-200-g\/\",\"name\":\"L-citrul\u012bna mal\u0101ts 200 g - Puhdas+\",\"isPartOf\":{\"@id\":\"https:\/\/test.puhdasplus.ee\/lv\/#website\"},\"primaryImageOfPage\":{\"@id\":\"https:\/\/test.puhdasplus.ee\/lv\/tooted\/ipasie-piedavajumi\/l-citrulina-malats-200-g\/#primaryimage\"},\"image\":{\"@id\":\"https:\/\/test.puhdasplus.ee\/lv\/tooted\/ipasie-piedavajumi\/l-citrulina-malats-200-g\/#primaryimage\"},\"thumbnailUrl\":\"https:\/\/test.puhdasplus.ee\/wp-content\/uploads\/2025\/01\/L-tsitrulliinmalaat-200-g-PuhdasPlus-scaled.jpg\",\"datePublished\":\"2025-01-16T14:22:22+00:00\",\"dateModified\":\"2026-02-27T09:26:20+00:00\",\"description\":\"Citrul\u012bna mal\u0101ta pulveris 200 g ir t\u012bra aminosk\u0101bju uztura bag\u0101tin\u0101t\u0101js, kas atbalsta asinsriti, uzlabo vingrojumu efektivit\u0101ti un mazina nogurumu.\",\"breadcrumb\":{\"@id\":\"https:\/\/test.puhdasplus.ee\/lv\/tooted\/ipasie-piedavajumi\/l-citrulina-malats-200-g\/#breadcrumb\"},\"inLanguage\":\"lv-LV\",\"potentialAction\":[{\"@type\":\"ReadAction\",\"target\":[\"https:\/\/test.puhdasplus.ee\/lv\/tooted\/ipasie-piedavajumi\/l-citrulina-malats-200-g\/\"]}]},{\"@type\":\"ImageObject\",\"inLanguage\":\"lv-LV\",\"@id\":\"https:\/\/test.puhdasplus.ee\/lv\/tooted\/ipasie-piedavajumi\/l-citrulina-malats-200-g\/#primaryimage\",\"url\":\"https:\/\/test.puhdasplus.ee\/wp-content\/uploads\/2025\/01\/L-tsitrulliinmalaat-200-g-PuhdasPlus-scaled.jpg\",\"contentUrl\":\"https:\/\/test.puhdasplus.ee\/wp-content\/uploads\/2025\/01\/L-tsitrulliinmalaat-200-g-PuhdasPlus-scaled.jpg\",\"width\":1862,\"height\":2560,\"caption\":\"L-tsitrulliinmalaat 200 g PuhdasPlus\"},{\"@type\":\"BreadcrumbList\",\"@id\":\"https:\/\/test.puhdasplus.ee\/lv\/tooted\/ipasie-piedavajumi\/l-citrulina-malats-200-g\/#breadcrumb\",\"itemListElement\":[{\"@type\":\"ListItem\",\"position\":1,\"name\":\"S\u0101kums\",\"item\":\"https:\/\/test.puhdasplus.ee\/lv\/\"},{\"@type\":\"ListItem\",\"position\":2,\"name\":\"Produkti\",\"item\":\"https:\/\/test.puhdasplus.ee\/lv\/veikals\/\"},{\"@type\":\"ListItem\",\"position\":3,\"name\":\"L-citrul\u012bna mal\u0101ts 200 g\"}]},{\"@type\":\"WebSite\",\"@id\":\"https:\/\/test.puhdasplus.ee\/lv\/#website\",\"url\":\"https:\/\/test.puhdasplus.ee\/lv\/\",\"name\":\"Puhdas+\",\"description\":\"Vitamiinid, Toidulisandid, looduskosmeetika, tervis, sport\",\"publisher\":{\"@id\":\"https:\/\/test.puhdasplus.ee\/lv\/#organization\"},\"potentialAction\":[{\"@type\":\"SearchAction\",\"target\":{\"@type\":\"EntryPoint\",\"urlTemplate\":\"https:\/\/test.puhdasplus.ee\/lv\/?s={search_term_string}\"},\"query-input\":{\"@type\":\"PropertyValueSpecification\",\"valueRequired\":true,\"valueName\":\"search_term_string\"}}],\"inLanguage\":\"lv-LV\"},{\"@type\":\"Organization\",\"@id\":\"https:\/\/test.puhdasplus.ee\/lv\/#organization\",\"name\":\"Puhdas+\",\"alternateName\":\"Puhdasplus\",\"url\":\"https:\/\/test.puhdasplus.ee\/lv\/\",\"logo\":{\"@type\":\"ImageObject\",\"inLanguage\":\"lv-LV\",\"@id\":\"https:\/\/test.puhdasplus.ee\/lv\/#\/schema\/logo\/image\/\",\"url\":\"https:\/\/test.puhdasplus.ee\/\/wp-content\/uploads\/2019\/10\/puhdas_logo-arvele.png\",\"contentUrl\":\"https:\/\/test.puhdasplus.ee\/\/wp-content\/uploads\/2019\/10\/puhdas_logo-arvele.png\",\"width\":114,\"height\":94,\"caption\":\"Puhdas+\"},\"image\":{\"@id\":\"https:\/\/test.puhdasplus.ee\/lv\/#\/schema\/logo\/image\/\"},\"sameAs\":[\"https:\/\/www.facebook.com\/puhdasplus\",\"https:\/\/www.instagram.com\/puhdasplus_ee\/\"]}]}<\/script>\n<!-- \/ Yoast SEO plugin. -->","yoast_head_json":{"title":"L-citrul\u012bna mal\u0101ts 200 g - Puhdas+","description":"Citrul\u012bna mal\u0101ta pulveris 200 g ir t\u012bra aminosk\u0101bju uztura bag\u0101tin\u0101t\u0101js, kas atbalsta asinsriti, uzlabo vingrojumu efektivit\u0101ti un mazina nogurumu.","robots":{"index":"noindex","follow":"follow","max-snippet":"max-snippet:-1","max-image-preview":"max-image-preview:large","max-video-preview":"max-video-preview:-1"},"og_locale":"lv_LV","og_type":"article","og_title":"L-citrul\u012bna mal\u0101ts 200 g - Puhdas+","og_description":"Citrul\u012bna mal\u0101ta pulveris 200 g ir t\u012bra aminosk\u0101bju uztura bag\u0101tin\u0101t\u0101js, kas atbalsta asinsriti, uzlabo vingrojumu efektivit\u0101ti un mazina nogurumu.","og_url":"https:\/\/test.puhdasplus.ee\/lv\/tooted\/ipasie-piedavajumi\/l-citrulina-malats-200-g\/","og_site_name":"Puhdas+","article_publisher":"https:\/\/www.facebook.com\/puhdasplus","article_modified_time":"2026-02-27T09:26:20+00:00","og_image":[{"width":1862,"height":2560,"url":"https:\/\/test.puhdasplus.ee\/wp-content\/uploads\/2025\/01\/L-tsitrulliinmalaat-200-g-PuhdasPlus-scaled.jpg","type":"image\/jpeg"}],"twitter_card":"summary_large_image","twitter_misc":{"Est. reading time":"2 min\u016btes"},"schema":{"@context":"https:\/\/schema.org","@graph":[{"@type":"WebPage","@id":"https:\/\/test.puhdasplus.ee\/lv\/tooted\/ipasie-piedavajumi\/l-citrulina-malats-200-g\/","url":"https:\/\/test.puhdasplus.ee\/lv\/tooted\/ipasie-piedavajumi\/l-citrulina-malats-200-g\/","name":"L-citrul\u012bna mal\u0101ts 200 g - Puhdas+","isPartOf":{"@id":"https:\/\/test.puhdasplus.ee\/lv\/#website"},"primaryImageOfPage":{"@id":"https:\/\/test.puhdasplus.ee\/lv\/tooted\/ipasie-piedavajumi\/l-citrulina-malats-200-g\/#primaryimage"},"image":{"@id":"https:\/\/test.puhdasplus.ee\/lv\/tooted\/ipasie-piedavajumi\/l-citrulina-malats-200-g\/#primaryimage"},"thumbnailUrl":"https:\/\/test.puhdasplus.ee\/wp-content\/uploads\/2025\/01\/L-tsitrulliinmalaat-200-g-PuhdasPlus-scaled.jpg","datePublished":"2025-01-16T14:22:22+00:00","dateModified":"2026-02-27T09:26:20+00:00","description":"Citrul\u012bna mal\u0101ta pulveris 200 g ir t\u012bra aminosk\u0101bju uztura bag\u0101tin\u0101t\u0101js, kas atbalsta asinsriti, uzlabo vingrojumu efektivit\u0101ti un mazina nogurumu.","breadcrumb":{"@id":"https:\/\/test.puhdasplus.ee\/lv\/tooted\/ipasie-piedavajumi\/l-citrulina-malats-200-g\/#breadcrumb"},"inLanguage":"lv-LV","potentialAction":[{"@type":"ReadAction","target":["https:\/\/test.puhdasplus.ee\/lv\/tooted\/ipasie-piedavajumi\/l-citrulina-malats-200-g\/"]}]},{"@type":"ImageObject","inLanguage":"lv-LV","@id":"https:\/\/test.puhdasplus.ee\/lv\/tooted\/ipasie-piedavajumi\/l-citrulina-malats-200-g\/#primaryimage","url":"https:\/\/test.puhdasplus.ee\/wp-content\/uploads\/2025\/01\/L-tsitrulliinmalaat-200-g-PuhdasPlus-scaled.jpg","contentUrl":"https:\/\/test.puhdasplus.ee\/wp-content\/uploads\/2025\/01\/L-tsitrulliinmalaat-200-g-PuhdasPlus-scaled.jpg","width":1862,"height":2560,"caption":"L-tsitrulliinmalaat 200 g PuhdasPlus"},{"@type":"BreadcrumbList","@id":"https:\/\/test.puhdasplus.ee\/lv\/tooted\/ipasie-piedavajumi\/l-citrulina-malats-200-g\/#breadcrumb","itemListElement":[{"@type":"ListItem","position":1,"name":"S\u0101kums","item":"https:\/\/test.puhdasplus.ee\/lv\/"},{"@type":"ListItem","position":2,"name":"Produkti","item":"https:\/\/test.puhdasplus.ee\/lv\/veikals\/"},{"@type":"ListItem","position":3,"name":"L-citrul\u012bna mal\u0101ts 200 g"}]},{"@type":"WebSite","@id":"https:\/\/test.puhdasplus.ee\/lv\/#website","url":"https:\/\/test.puhdasplus.ee\/lv\/","name":"Puhdas+","description":"Vitamiinid, Toidulisandid, looduskosmeetika, tervis, sport","publisher":{"@id":"https:\/\/test.puhdasplus.ee\/lv\/#organization"},"potentialAction":[{"@type":"SearchAction","target":{"@type":"EntryPoint","urlTemplate":"https:\/\/test.puhdasplus.ee\/lv\/?s={search_term_string}"},"query-input":{"@type":"PropertyValueSpecification","valueRequired":true,"valueName":"search_term_string"}}],"inLanguage":"lv-LV"},{"@type":"Organization","@id":"https:\/\/test.puhdasplus.ee\/lv\/#organization","name":"Puhdas+","alternateName":"Puhdasplus","url":"https:\/\/test.puhdasplus.ee\/lv\/","logo":{"@type":"ImageObject","inLanguage":"lv-LV","@id":"https:\/\/test.puhdasplus.ee\/lv\/#\/schema\/logo\/image\/","url":"https:\/\/test.puhdasplus.ee\/\/wp-content\/uploads\/2019\/10\/puhdas_logo-arvele.png","contentUrl":"https:\/\/test.puhdasplus.ee\/\/wp-content\/uploads\/2019\/10\/puhdas_logo-arvele.png","width":114,"height":94,"caption":"Puhdas+"},"image":{"@id":"https:\/\/test.puhdasplus.ee\/lv\/#\/schema\/logo\/image\/"},"sameAs":["https:\/\/www.facebook.com\/puhdasplus","https:\/\/www.instagram.com\/puhdasplus_ee\/"]}]}},"_links":{"self":[{"href":"https:\/\/test.puhdasplus.ee\/lv\/wp-json\/wp\/v2\/product\/33374","targetHints":{"allow":["GET"]}}],"collection":[{"href":"https:\/\/test.puhdasplus.ee\/lv\/wp-json\/wp\/v2\/product"}],"about":[{"href":"https:\/\/test.puhdasplus.ee\/lv\/wp-json\/wp\/v2\/types\/product"}],"replies":[{"embeddable":true,"href":"https:\/\/test.puhdasplus.ee\/lv\/wp-json\/wp\/v2\/comments?post=33374"}],"wp:featuredmedia":[{"embeddable":true,"href":"https:\/\/test.puhdasplus.ee\/lv\/wp-json\/wp\/v2\/media\/357396"}],"wp:attachment":[{"href":"https:\/\/test.puhdasplus.ee\/lv\/wp-json\/wp\/v2\/media?parent=33374"}],"wp:term":[{"taxonomy":"product_brand","embeddable":true,"href":"https:\/\/test.puhdasplus.ee\/lv\/wp-json\/wp\/v2\/product_brand?post=33374"},{"taxonomy":"product_cat","embeddable":true,"href":"https:\/\/test.puhdasplus.ee\/lv\/wp-json\/wp\/v2\/product_cat?post=33374"},{"taxonomy":"product_tag","embeddable":true,"href":"https:\/\/test.puhdasplus.ee\/lv\/wp-json\/wp\/v2\/product_tag?post=33374"}],"curies":[{"name":"wp","href":"https:\/\/api.w.org\/{rel}","templated":true}]}}