{"id":33341,"date":"2025-01-16T14:37:49","date_gmt":"2025-01-16T12:37:49","guid":{"rendered":"https:\/\/test.puhdasplus.ee\/\/tooted\/uncategorized\/karnozins-500-mg-50-kapsulas\/"},"modified":"2026-02-27T13:11:02","modified_gmt":"2026-02-27T11:11:02","slug":"karnozins-500-mg-50-kapsulas","status":"publish","type":"product","link":"https:\/\/test.puhdasplus.ee\/lv\/tooted\/sports-lv\/karnozins-500-mg-50-kapsulas\/","title":{"rendered":"Karnoz\u012bns 500 mg 50 kapsulas"},"content":{"rendered":"<h2 data-start=\"296\" data-end=\"323\">Kas ir karnoz\u012bns?<\/h2>\n<p class=\"\" data-start=\"325\" data-end=\"802\"><strong data-start=\"325\" data-end=\"338\">L-karnoz\u012bns<\/strong> ir dabiski sastopams dipept\u012bds, kas sast\u0101v no div\u0101m aminosk\u0101b\u0113m: <strong data-start=\"406\" data-end=\"426\">beta-alan\u012bna<\/strong> un <strong data-start=\"430\" data-end=\"446\">histid\u012bna<\/strong> . Tas liel\u0101kos daudzumos ir atrodams musku\u013cu audos un smadzen\u0113s. Organism\u0101 karnoz\u012bns darbojas k\u0101 sp\u0113c\u012bgs <strong data-start=\"526\" data-end=\"545\">antioksidants<\/strong> , pal\u012bdzot aizsarg\u0101t \u0161\u016bnas no oksidat\u012bv\u0101 stresa.  <\/p>\n<p><strong data-start=\"185\" data-end=\"212\">Pure+ Strong Carnosine<\/strong> ir 100% t\u012brs un augstas kvalit\u0101tes uztura bag\u0101tin\u0101t\u0101js, <span class=\"relative -mx-px my-[-0.2rem] rounded px-px py-[0.2rem] transition-colors duration-100 ease-in-out\">kas ra\u017eots Somij\u0101, iev\u0113rojot augstus kvalit\u0101tes standartus, un nesatur konservantus, kr\u0101svielas vai citas piedevas.<\/span><\/p>\n<h2 data-start=\"772\" data-end=\"817\">K\u0101p\u0113c Pure+ karnos\u012bns ir labv\u0113l\u012bgs?<\/h2>\n<p class=\"\" data-start=\"819\" data-end=\"1058\"><strong data-start=\"819\" data-end=\"846\">Pure+ Strong Carnosine<\/strong> satur 500 mg t\u012bra L-karnoz\u012bna vien\u0101 kapsul\u0101. \u0160\u012b ir <strong data-start=\"904\" data-end=\"933\">\u013coti biolo\u0123iski pieejama forma<\/strong> , kas ir piem\u0113rota ikdienas lieto\u0161anai, ja v\u0113laties stiprin\u0101t organisma dabisk\u0101s aizsargsp\u0113jas un atbalst\u012bt \u0161\u016bnu vesel\u012bbu. <\/p>\n<h3 data-start=\"1060\" data-end=\"1089\">Antioksidantu atbalsts<\/h3>\n<p class=\"\" data-start=\"1090\" data-end=\"1262\">L-karnoz\u012bns pal\u012bdz neitraliz\u0113t br\u012bvo radik\u0101\u013cu p\u0101rpalikumu organism\u0101 un samazina oksidat\u012bvo stresu.<\/p>\n<h3 data-start=\"1264\" data-end=\"1299\">Atbalsts musku\u013ciem un smadzen\u0113m<\/h3>\n<p class=\"\" data-start=\"1300\" data-end=\"1447\">T\u0101 k\u0101 karnoz\u012bns ir atrodams liel\u0101 daudzum\u0101 musku\u013cos un nervu sist\u0113m\u0101, tas ir svar\u012bgs atbalsts tiem, kas v\u0113las pievienot karnoz\u012bnu savam uzturam.<\/p>\n<h3 data-start=\"1449\" data-end=\"1472\">T\u012brs sast\u0101vs<\/h3>\n<p class=\"\" data-start=\"1473\" data-end=\"1602\">Nesatur glut\u0113nu, laktozi, raugu, cukuru vai m\u0101ksl\u012bgas piedevas. Piem\u0113rots ar\u012b veg\u0101niem un cilv\u0113kiem ar jut\u012bgu gremo\u0161anas sist\u0113mu. <\/p>\n<h2 data-start=\"1936\" data-end=\"1957\">Lietojums<\/h2>\n<p class=\"\" data-start=\"1959\" data-end=\"2021\"><strong data-start=\"1959\" data-end=\"1988\">Ieteicam\u0101 dienas deva:<\/strong> 1\u20132 kapsulas dien\u0101, uzdzerot \u016bdeni.<\/p>\n<p class=\"\" data-start=\"2023\" data-end=\"2169\">Uztura bag\u0101tin\u0101t\u0101js neaizst\u0101j daudzveid\u012bgu uzturu vai vesel\u012bgu dz\u012bvesveidu. Nep\u0101rsniedziet ieteicamo dienas devu. Sarg\u0101t no b\u0113rniem.  <\/p>\n<h2 data-start=\"2176\" data-end=\"2214\">Sast\u0101vda\u013cas un uzturv\u0113rt\u012bba<\/h2>\n<ul data-start=\"2216\" data-end=\"2384\">\n<li class=\"\" data-start=\"2216\" data-end=\"2290\">\n<p class=\"\" data-start=\"2218\" data-end=\"2290\"><strong data-start=\"2218\" data-end=\"2234\">Sast\u0101vda\u013cas:<\/strong> L-karnoz\u012bns, kapsula (hidroksipropilmetilceluloze)<\/p>\n<\/li>\n<li class=\"\" data-start=\"2291\" data-end=\"2336\">\n<p class=\"\" data-start=\"2293\" data-end=\"2336\"><strong data-start=\"2293\" data-end=\"2315\">1 kapsula satur:<\/strong> L-karnoz\u012bnu 500 mg<\/p>\n<\/li>\n<li class=\"\" data-start=\"2337\" data-end=\"2384\">\n<p class=\"\" data-start=\"2339\" data-end=\"2384\"><strong data-start=\"2339\" data-end=\"2364\">2 kapsulas satur:<\/strong> L-karnoz\u012bnu 1000 mg<\/p>\n<\/li>\n<\/ul>\n","protected":false},"excerpt":{"rendered":"<p>L-karnoz\u012bns 500 mg ir dab\u012bgs uztura bag\u0101tin\u0101t\u0101js, kas pal\u012bdz papildin\u0101t ikdienas uzturu un atbalsta visp\u0101r\u0113jo labsaj\u016btu. L-karnoz\u012bns ir dabiski organism\u0101 sastopams savienojums, kas \u012bpa\u0161i atrodams musku\u013cos un smadzen\u0113s. Tas saista br\u012bvos radik\u0101\u013cus un pal\u012bdz aizsarg\u0101t \u0161\u016bnas no oksidat\u012bv\u0101 stresa. Pateicoties t\u0101 pla\u0161ajai kl\u0101tb\u016btnei organism\u0101, L-karnoz\u012bns ir popul\u0101ra izv\u0113le cilv\u0113kiem, kuri v\u0113las atbalst\u012bt savu ikdienas aktivit\u0101ti un vitalit\u0101ti. Katra kapsula satur 500 mg t\u012bra L-karnoz\u012bna \u2013 produkts ir bez piedev\u0101m, veg\u0101niem draudz\u012bgs un ra\u017eots Somij\u0101 atbilsto\u0161i augstiem kvalit\u0101tes standartiem.    <\/p>\n","protected":false},"featured_media":33344,"comment_status":"closed","ping_status":"closed","template":"","meta":{"_acf_changed":false},"product_brand":[],"product_cat":[3509,3066,3067,3483,3038],"product_tag":[3513,3425,3514,3515,3519,3440,3518,3511,3520,3512,3522,3225,3517,3426,3430,3516,3422,3510],"class_list":{"0":"post-33341","1":"product","2":"type-product","3":"status-publish","4":"has-post-thumbnail","6":"product_cat-aminoskabes","7":"product_cat-imunsistema","8":"product_cat-ipasie-piedavajumi","9":"product_cat-locitavas-muskuli-un-kauli","10":"product_cat-sports-lv","11":"product_tag-aminoskabju-piedevas","12":"product_tag-antioksidantu-aizsardziba","13":"product_tag-atbalstot-muskulu-veselibu","14":"product_tag-atbalstot-smadzenu-darbibu","15":"product_tag-atbalstot-sunu-atjaunosanos","16":"product_tag-brivo-radikalu-neitralizacija","17":"product_tag-fiziskas-veiktspejas-uzlabosana","18":"product_tag-karnozina-uztura-bagatinatajs","19":"product_tag-karnozins","20":"product_tag-l-karnozins","21":"product_tag-miegs-un-stress","22":"product_tag-muskuli-un-locitavas","23":"product_tag-paleninot-organisma-novecosanas-procesus","24":"product_tag-pretiekaisuma-iedarbiba","25":"product_tag-stiprinot-organisma-aizsardzibas-mehanismus","26":"product_tag-sunu-aizsardziba-lv","27":"product_tag-veganu-uztura-bagatinataji","28":"product_tag-vegetarie-uztura-bagatinataji","30":"first","31":"instock","32":"sale","33":"taxable","34":"shipping-taxable","35":"purchasable","36":"product-type-simple"},"acf":[],"yoast_head":"<!-- This site is optimized with the Yoast SEO plugin v27.1.1 - https:\/\/yoast.com\/product\/yoast-seo-wordpress\/ -->\n<title>Karnoz\u012bns 500 mg 50 kapsulas - Puhdas+<\/title>\n<meta name=\"description\" content=\"Karnoz\u012bns 500 mg \u2013 dab\u012bgs antioksidants, kas atbalsta musku\u013cu iztur\u012bbu, \u0161\u016bnu aizsardz\u012bbu un smadze\u0146u vesel\u012bbu. Piem\u0113rots veg\u0101niem, bez piedev\u0101m.\" \/>\n<meta name=\"robots\" content=\"noindex, follow, max-snippet:-1, max-image-preview:large, max-video-preview:-1\" \/>\n<meta property=\"og:locale\" content=\"lv_LV\" \/>\n<meta property=\"og:type\" content=\"article\" \/>\n<meta property=\"og:title\" content=\"Karnoz\u012bns 500 mg 50 kapsulas - Puhdas+\" \/>\n<meta property=\"og:description\" content=\"Karnoz\u012bns 500 mg \u2013 dab\u012bgs antioksidants, kas atbalsta musku\u013cu iztur\u012bbu, \u0161\u016bnu aizsardz\u012bbu un smadze\u0146u vesel\u012bbu. Piem\u0113rots veg\u0101niem, bez piedev\u0101m.\" \/>\n<meta property=\"og:url\" content=\"https:\/\/test.puhdasplus.ee\/lv\/tooted\/sports-lv\/karnozins-500-mg-50-kapsulas\/\" \/>\n<meta property=\"og:site_name\" content=\"Puhdas+\" \/>\n<meta property=\"article:publisher\" content=\"https:\/\/www.facebook.com\/puhdasplus\" \/>\n<meta property=\"article:modified_time\" content=\"2026-02-27T11:11:02+00:00\" \/>\n<meta property=\"og:image\" content=\"https:\/\/test.puhdasplus.ee\/wp-content\/uploads\/2025\/03\/182.jpg\" \/>\n\t<meta property=\"og:image:width\" content=\"1862\" \/>\n\t<meta property=\"og:image:height\" content=\"2560\" \/>\n\t<meta property=\"og:image:type\" content=\"image\/jpeg\" \/>\n<meta name=\"twitter:card\" content=\"summary_large_image\" \/>\n<meta name=\"twitter:label1\" content=\"Est. reading time\" \/>\n\t<meta name=\"twitter:data1\" content=\"1 minute\" \/>\n<script type=\"application\/ld+json\" class=\"yoast-schema-graph\">{\"@context\":\"https:\/\/schema.org\",\"@graph\":[{\"@type\":\"WebPage\",\"@id\":\"https:\/\/test.puhdasplus.ee\/lv\/tooted\/sports-lv\/karnozins-500-mg-50-kapsulas\/\",\"url\":\"https:\/\/test.puhdasplus.ee\/lv\/tooted\/sports-lv\/karnozins-500-mg-50-kapsulas\/\",\"name\":\"Karnoz\u012bns 500 mg 50 kapsulas - Puhdas+\",\"isPartOf\":{\"@id\":\"https:\/\/test.puhdasplus.ee\/lv\/#website\"},\"primaryImageOfPage\":{\"@id\":\"https:\/\/test.puhdasplus.ee\/lv\/tooted\/sports-lv\/karnozins-500-mg-50-kapsulas\/#primaryimage\"},\"image\":{\"@id\":\"https:\/\/test.puhdasplus.ee\/lv\/tooted\/sports-lv\/karnozins-500-mg-50-kapsulas\/#primaryimage\"},\"thumbnailUrl\":\"https:\/\/test.puhdasplus.ee\/wp-content\/uploads\/2025\/03\/182.jpg\",\"datePublished\":\"2025-01-16T12:37:49+00:00\",\"dateModified\":\"2026-02-27T11:11:02+00:00\",\"description\":\"Karnoz\u012bns 500 mg \u2013 dab\u012bgs antioksidants, kas atbalsta musku\u013cu iztur\u012bbu, \u0161\u016bnu aizsardz\u012bbu un smadze\u0146u vesel\u012bbu. Piem\u0113rots veg\u0101niem, bez piedev\u0101m.\",\"breadcrumb\":{\"@id\":\"https:\/\/test.puhdasplus.ee\/lv\/tooted\/sports-lv\/karnozins-500-mg-50-kapsulas\/#breadcrumb\"},\"inLanguage\":\"lv-LV\",\"potentialAction\":[{\"@type\":\"ReadAction\",\"target\":[\"https:\/\/test.puhdasplus.ee\/lv\/tooted\/sports-lv\/karnozins-500-mg-50-kapsulas\/\"]}]},{\"@type\":\"ImageObject\",\"inLanguage\":\"lv-LV\",\"@id\":\"https:\/\/test.puhdasplus.ee\/lv\/tooted\/sports-lv\/karnozins-500-mg-50-kapsulas\/#primaryimage\",\"url\":\"https:\/\/test.puhdasplus.ee\/wp-content\/uploads\/2025\/03\/182.jpg\",\"contentUrl\":\"https:\/\/test.puhdasplus.ee\/wp-content\/uploads\/2025\/03\/182.jpg\",\"width\":1862,\"height\":2560,\"caption\":\"Karnoz\u012bns 500 mg 50 kapsulas\"},{\"@type\":\"BreadcrumbList\",\"@id\":\"https:\/\/test.puhdasplus.ee\/lv\/tooted\/sports-lv\/karnozins-500-mg-50-kapsulas\/#breadcrumb\",\"itemListElement\":[{\"@type\":\"ListItem\",\"position\":1,\"name\":\"S\u0101kums\",\"item\":\"https:\/\/test.puhdasplus.ee\/lv\/\"},{\"@type\":\"ListItem\",\"position\":2,\"name\":\"Produkti\",\"item\":\"https:\/\/test.puhdasplus.ee\/lv\/veikals\/\"},{\"@type\":\"ListItem\",\"position\":3,\"name\":\"Karnoz\u012bns 500 mg 50 kapsulas\"}]},{\"@type\":\"WebSite\",\"@id\":\"https:\/\/test.puhdasplus.ee\/lv\/#website\",\"url\":\"https:\/\/test.puhdasplus.ee\/lv\/\",\"name\":\"Puhdas+\",\"description\":\"Vitamiinid, Toidulisandid, looduskosmeetika, tervis, sport\",\"publisher\":{\"@id\":\"https:\/\/test.puhdasplus.ee\/lv\/#organization\"},\"potentialAction\":[{\"@type\":\"SearchAction\",\"target\":{\"@type\":\"EntryPoint\",\"urlTemplate\":\"https:\/\/test.puhdasplus.ee\/lv\/?s={search_term_string}\"},\"query-input\":{\"@type\":\"PropertyValueSpecification\",\"valueRequired\":true,\"valueName\":\"search_term_string\"}}],\"inLanguage\":\"lv-LV\"},{\"@type\":\"Organization\",\"@id\":\"https:\/\/test.puhdasplus.ee\/lv\/#organization\",\"name\":\"Puhdas+\",\"alternateName\":\"Puhdasplus\",\"url\":\"https:\/\/test.puhdasplus.ee\/lv\/\",\"logo\":{\"@type\":\"ImageObject\",\"inLanguage\":\"lv-LV\",\"@id\":\"https:\/\/test.puhdasplus.ee\/lv\/#\/schema\/logo\/image\/\",\"url\":\"https:\/\/test.puhdasplus.ee\/\/wp-content\/uploads\/2019\/10\/puhdas_logo-arvele.png\",\"contentUrl\":\"https:\/\/test.puhdasplus.ee\/\/wp-content\/uploads\/2019\/10\/puhdas_logo-arvele.png\",\"width\":114,\"height\":94,\"caption\":\"Puhdas+\"},\"image\":{\"@id\":\"https:\/\/test.puhdasplus.ee\/lv\/#\/schema\/logo\/image\/\"},\"sameAs\":[\"https:\/\/www.facebook.com\/puhdasplus\",\"https:\/\/www.instagram.com\/puhdasplus_ee\/\"]}]}<\/script>\n<!-- \/ Yoast SEO plugin. -->","yoast_head_json":{"title":"Karnoz\u012bns 500 mg 50 kapsulas - Puhdas+","description":"Karnoz\u012bns 500 mg \u2013 dab\u012bgs antioksidants, kas atbalsta musku\u013cu iztur\u012bbu, \u0161\u016bnu aizsardz\u012bbu un smadze\u0146u vesel\u012bbu. Piem\u0113rots veg\u0101niem, bez piedev\u0101m.","robots":{"index":"noindex","follow":"follow","max-snippet":"max-snippet:-1","max-image-preview":"max-image-preview:large","max-video-preview":"max-video-preview:-1"},"og_locale":"lv_LV","og_type":"article","og_title":"Karnoz\u012bns 500 mg 50 kapsulas - Puhdas+","og_description":"Karnoz\u012bns 500 mg \u2013 dab\u012bgs antioksidants, kas atbalsta musku\u013cu iztur\u012bbu, \u0161\u016bnu aizsardz\u012bbu un smadze\u0146u vesel\u012bbu. Piem\u0113rots veg\u0101niem, bez piedev\u0101m.","og_url":"https:\/\/test.puhdasplus.ee\/lv\/tooted\/sports-lv\/karnozins-500-mg-50-kapsulas\/","og_site_name":"Puhdas+","article_publisher":"https:\/\/www.facebook.com\/puhdasplus","article_modified_time":"2026-02-27T11:11:02+00:00","og_image":[{"width":1862,"height":2560,"url":"https:\/\/test.puhdasplus.ee\/wp-content\/uploads\/2025\/03\/182.jpg","type":"image\/jpeg"}],"twitter_card":"summary_large_image","twitter_misc":{"Est. reading time":"1 minute"},"schema":{"@context":"https:\/\/schema.org","@graph":[{"@type":"WebPage","@id":"https:\/\/test.puhdasplus.ee\/lv\/tooted\/sports-lv\/karnozins-500-mg-50-kapsulas\/","url":"https:\/\/test.puhdasplus.ee\/lv\/tooted\/sports-lv\/karnozins-500-mg-50-kapsulas\/","name":"Karnoz\u012bns 500 mg 50 kapsulas - Puhdas+","isPartOf":{"@id":"https:\/\/test.puhdasplus.ee\/lv\/#website"},"primaryImageOfPage":{"@id":"https:\/\/test.puhdasplus.ee\/lv\/tooted\/sports-lv\/karnozins-500-mg-50-kapsulas\/#primaryimage"},"image":{"@id":"https:\/\/test.puhdasplus.ee\/lv\/tooted\/sports-lv\/karnozins-500-mg-50-kapsulas\/#primaryimage"},"thumbnailUrl":"https:\/\/test.puhdasplus.ee\/wp-content\/uploads\/2025\/03\/182.jpg","datePublished":"2025-01-16T12:37:49+00:00","dateModified":"2026-02-27T11:11:02+00:00","description":"Karnoz\u012bns 500 mg \u2013 dab\u012bgs antioksidants, kas atbalsta musku\u013cu iztur\u012bbu, \u0161\u016bnu aizsardz\u012bbu un smadze\u0146u vesel\u012bbu. Piem\u0113rots veg\u0101niem, bez piedev\u0101m.","breadcrumb":{"@id":"https:\/\/test.puhdasplus.ee\/lv\/tooted\/sports-lv\/karnozins-500-mg-50-kapsulas\/#breadcrumb"},"inLanguage":"lv-LV","potentialAction":[{"@type":"ReadAction","target":["https:\/\/test.puhdasplus.ee\/lv\/tooted\/sports-lv\/karnozins-500-mg-50-kapsulas\/"]}]},{"@type":"ImageObject","inLanguage":"lv-LV","@id":"https:\/\/test.puhdasplus.ee\/lv\/tooted\/sports-lv\/karnozins-500-mg-50-kapsulas\/#primaryimage","url":"https:\/\/test.puhdasplus.ee\/wp-content\/uploads\/2025\/03\/182.jpg","contentUrl":"https:\/\/test.puhdasplus.ee\/wp-content\/uploads\/2025\/03\/182.jpg","width":1862,"height":2560,"caption":"Karnoz\u012bns 500 mg 50 kapsulas"},{"@type":"BreadcrumbList","@id":"https:\/\/test.puhdasplus.ee\/lv\/tooted\/sports-lv\/karnozins-500-mg-50-kapsulas\/#breadcrumb","itemListElement":[{"@type":"ListItem","position":1,"name":"S\u0101kums","item":"https:\/\/test.puhdasplus.ee\/lv\/"},{"@type":"ListItem","position":2,"name":"Produkti","item":"https:\/\/test.puhdasplus.ee\/lv\/veikals\/"},{"@type":"ListItem","position":3,"name":"Karnoz\u012bns 500 mg 50 kapsulas"}]},{"@type":"WebSite","@id":"https:\/\/test.puhdasplus.ee\/lv\/#website","url":"https:\/\/test.puhdasplus.ee\/lv\/","name":"Puhdas+","description":"Vitamiinid, Toidulisandid, looduskosmeetika, tervis, sport","publisher":{"@id":"https:\/\/test.puhdasplus.ee\/lv\/#organization"},"potentialAction":[{"@type":"SearchAction","target":{"@type":"EntryPoint","urlTemplate":"https:\/\/test.puhdasplus.ee\/lv\/?s={search_term_string}"},"query-input":{"@type":"PropertyValueSpecification","valueRequired":true,"valueName":"search_term_string"}}],"inLanguage":"lv-LV"},{"@type":"Organization","@id":"https:\/\/test.puhdasplus.ee\/lv\/#organization","name":"Puhdas+","alternateName":"Puhdasplus","url":"https:\/\/test.puhdasplus.ee\/lv\/","logo":{"@type":"ImageObject","inLanguage":"lv-LV","@id":"https:\/\/test.puhdasplus.ee\/lv\/#\/schema\/logo\/image\/","url":"https:\/\/test.puhdasplus.ee\/\/wp-content\/uploads\/2019\/10\/puhdas_logo-arvele.png","contentUrl":"https:\/\/test.puhdasplus.ee\/\/wp-content\/uploads\/2019\/10\/puhdas_logo-arvele.png","width":114,"height":94,"caption":"Puhdas+"},"image":{"@id":"https:\/\/test.puhdasplus.ee\/lv\/#\/schema\/logo\/image\/"},"sameAs":["https:\/\/www.facebook.com\/puhdasplus","https:\/\/www.instagram.com\/puhdasplus_ee\/"]}]}},"_links":{"self":[{"href":"https:\/\/test.puhdasplus.ee\/lv\/wp-json\/wp\/v2\/product\/33341","targetHints":{"allow":["GET"]}}],"collection":[{"href":"https:\/\/test.puhdasplus.ee\/lv\/wp-json\/wp\/v2\/product"}],"about":[{"href":"https:\/\/test.puhdasplus.ee\/lv\/wp-json\/wp\/v2\/types\/product"}],"replies":[{"embeddable":true,"href":"https:\/\/test.puhdasplus.ee\/lv\/wp-json\/wp\/v2\/comments?post=33341"}],"wp:featuredmedia":[{"embeddable":true,"href":"https:\/\/test.puhdasplus.ee\/lv\/wp-json\/wp\/v2\/media\/33344"}],"wp:attachment":[{"href":"https:\/\/test.puhdasplus.ee\/lv\/wp-json\/wp\/v2\/media?parent=33341"}],"wp:term":[{"taxonomy":"product_brand","embeddable":true,"href":"https:\/\/test.puhdasplus.ee\/lv\/wp-json\/wp\/v2\/product_brand?post=33341"},{"taxonomy":"product_cat","embeddable":true,"href":"https:\/\/test.puhdasplus.ee\/lv\/wp-json\/wp\/v2\/product_cat?post=33341"},{"taxonomy":"product_tag","embeddable":true,"href":"https:\/\/test.puhdasplus.ee\/lv\/wp-json\/wp\/v2\/product_tag?post=33341"}],"curies":[{"name":"wp","href":"https:\/\/api.w.org\/{rel}","templated":true}]}}