{"id":33332,"date":"2025-01-16T16:09:38","date_gmt":"2025-01-16T14:09:38","guid":{"rendered":"https:\/\/test.puhdasplus.ee\/\/tooted\/uncategorized\/l-lizina-pulveris-200g\/"},"modified":"2026-03-10T14:10:23","modified_gmt":"2026-03-10T12:10:23","slug":"l-lizina-pulveris-200g","status":"publish","type":"product","link":"https:\/\/test.puhdasplus.ee\/lv\/tooted\/sports-lv\/l-lizina-pulveris-200g\/","title":{"rendered":"L-liz\u012bna pulveris 200g"},"content":{"rendered":"<h2 class=\"\" data-start=\"241\" data-end=\"283\">K\u0101p\u0113c L-liz\u012bns ir svar\u012bgs organismam?<\/h2>\n<p class=\"p1\">L-liz\u012bns ir viena no neaizvietojam\u0101m aminosk\u0101b\u0113m, ko organisms sa\u0146em ar uzturu. Aminosk\u0101bes ir <strong>olbaltumvielu pamatbloki<\/strong>, un t\u0101s ir atrodamas daudz\u0101s organisma olbaltumviel\u0101s. L-liz\u012bnu saturo\u0161us uztura bag\u0101tin\u0101t\u0101jus b<strong>ie\u017ei izmanto, lai papildin\u0101tu ikdienas aminosk\u0101bju pat\u0113ri\u0146u.<\/strong>  <\/p>\n<h2 class=\"\" data-start=\"985\" data-end=\"1036\">Kam var b\u016bt noder\u012bgs L-liz\u012bns?<\/h2>\n<h3 class=\"\" data-start=\"1038\" data-end=\"1076\">Veg\u0101ni un ve\u0123et\u0101rie\u0161i<\/h3>\n<p class=\"p1\">Da\u017eas augu izcelsmes olbaltumvielas (piem\u0113ram, kvie\u0161i vai kukur\u016bza) var satur\u0113t maz\u0101k liz\u012bna nek\u0101 dz\u012bvnieku izcelsmes olbaltumvielas. T\u0101p\u0113c L-liz\u012bnu bie\u017ei izmanto k\u0101 uztura bag\u0101tin\u0101t\u0101ju, lai papildin\u0101tu ikdienas aminosk\u0101bju pat\u0113ri\u0146u. <\/p>\n<h3 class=\"\" data-start=\"1269\" data-end=\"1312\">Fiziski akt\u012bvi cilv\u0113ki<\/h3>\n<p class=\"\" data-start=\"1313\" data-end=\"1485\">Sportistiem un fiziski akt\u012bviem cilv\u0113kiem palielin\u0101s nepiecie\u0161am\u012bba p\u0113c aminosk\u0101b\u0113m. L-liz\u012bnu izmanto k\u0101 uztura bag\u0101tin\u0101t\u0101ju ikdienas uztura sabalans\u0113\u0161anai. <\/p>\n<h3 class=\"\" data-start=\"1487\" data-end=\"1529\">Ikdienas uztura papildin\u0101\u0161anai<\/h3>\n<p class=\"p1\">L-liz\u012bnu saturo\u0161us uztura bag\u0101tin\u0101t\u0101jus izmanto situ\u0101cij\u0101s, kad ir v\u0113lme papildin\u0101t uzturu ar vienu neaizvietojamo aminosk\u0101bi.<\/p>\n<h2 class=\"\" data-start=\"1029\" data-end=\"1048\">Sast\u0101vda\u013cas<\/h2>\n<ul data-start=\"1049\" data-end=\"1077\">\n<li class=\"\" data-start=\"1049\" data-end=\"1077\">\n<p class=\"\" data-start=\"1051\" data-end=\"1077\"><strong data-start=\"1051\" data-end=\"1077\">L-liz\u012bna hidrohlor\u012bds<\/strong><\/p>\n<\/li>\n<\/ul>\n<p class=\"\" data-start=\"1079\" data-end=\"1183\"><strong data-start=\"1079\" data-end=\"1094\">Nesatur:<\/strong> laktozi, glut\u0113nu, raugu, soju, saldin\u0101t\u0101jus vai m\u0101ksl\u012bg\u0101s piedevas.<br data-start=\"1167\" data-end=\"1170\">\u2714 100% veg\u0101nisks.<\/p>\n<h2 class=\"\" data-start=\"1190\" data-end=\"1211\">Lietot\u0101ja rokasgr\u0101mata<\/h2>\n<p class=\"\" data-start=\"1212\" data-end=\"1356\">Ieteicam\u0101 dienas deva: <strong data-start=\"1238\" data-end=\"1267\">1 t\u0113jkarote (aptuveni 2,4 g)<\/strong>.<br data-start=\"1268\" data-end=\"1271\">Sajauciet pulveri ar \u016bdeni, sulu vai citu \u0161\u0137idrumu.<br data-start=\"1313\" data-end=\"1316\">Nep\u0101rsniedziet ieteicamo dienas devu.<\/p>\n<p data-start=\"1212\" data-end=\"1356\">Uztura bag\u0101tin\u0101t\u0101js neaizst\u0101j daudzveid\u012bgu un sabalans\u0113tu uzturu vai vesel\u012bgu dz\u012bvesveidu.<br data-start=\"1473\" data-end=\"1476\">Uzglab\u0101t b\u0113rniem nepieejam\u0101 viet\u0101.<br data-start=\"1510\" data-end=\"1513\">Uzglab\u0101t saus\u0101 viet\u0101 istabas temperat\u016br\u0101.<\/p>\n<h2 class=\"\" data-start=\"1769\" data-end=\"1813\">K\u0101p\u0113c izv\u0113l\u0113ties Pure+ L-liz\u012bnu?<\/h2>\n<ul data-start=\"1815\" data-end=\"2074\">\n<li class=\"\" data-start=\"1815\" data-end=\"1916\">\n<p class=\"\" data-start=\"1817\" data-end=\"1916\"><strong data-start=\"1817\" data-end=\"1848\">100% veg\u0101nas un t\u012bras sast\u0101vda\u013cas<\/strong> \u2013 bez konservantiem, kr\u0101sviel\u0101m vai nevajadz\u012bg\u0101m pildviel\u0101m<\/p>\n<\/li>\n<li class=\"\" data-start=\"1917\" data-end=\"1996\">\n<p class=\"\" data-start=\"1919\" data-end=\"1996\"><strong data-start=\"1919\" data-end=\"1938\">Pulverveida forma<\/strong> \u2013 nodro\u0161ina elast\u012bgu doz\u0113\u0161anu un \u0101tru uzs\u016bk\u0161anos<\/p>\n<\/li>\n<li class=\"\" data-start=\"1997\" data-end=\"2074\">\n<p class=\"\" data-start=\"1999\" data-end=\"2074\"><strong data-start=\"1999\" data-end=\"2034\">Piem\u0113rots ikdienas lieto\u0161anai<\/strong> \u2013 viegli sajaucams ar \u016bdeni, sulu vai sm\u016btiju<\/p>\n<\/li>\n<\/ul>\n","protected":false},"excerpt":{"rendered":"<p class=\"p1\"><span class=\"s1\"><b>Puhdas+ L-liz\u012bns<\/b><\/span> satur L-liz\u012bnu, kas ir viena no devi\u0146\u0101m neaizvietojam\u0101m aminosk\u0101b\u0113m. Neaizvietojam\u0101s aminosk\u0101bes organisms pats nesp\u0113j sara\u017eot, t\u0101p\u0113c t\u0101s ir j\u0101uz\u0146em ar uzturu vai uztura bag\u0101tin\u0101t\u0101jiem. <\/p>\n<p class=\"p1\">L-liz\u012bnu saturo\u0161us uztura bag\u0101tin\u0101t\u0101jus bie\u017ei izmanto, lai papildin\u0101tu ikdienas aminosk\u0101bju pat\u0113ri\u0146u. Puhdas+ L-liz\u012bns satur tikai L-liz\u012bnu un nesatur citas sast\u0101vda\u013cas. Produkta ra\u017eo\u0161an\u0101 netiek izmantoti konservanti, kr\u0101svielas vai aromatiz\u0113t\u0101ji.  <\/p>\n<p class=\"p1\">Pulvera forma \u013cauj L-liz\u012bnu viegli sajaukt ar \u016bdeni, sulu, jogurtu vai sm\u016btiju. Produkts ir 100% veg\u0101nisks un ir piem\u0113rots tiem, kuri dod priek\u0161roku uztura bag\u0101tin\u0101t\u0101jiem ar t\u012bru sast\u0101vu. <\/p>\n","protected":false},"featured_media":33335,"comment_status":"closed","ping_status":"closed","template":"","meta":{"_acf_changed":false},"product_brand":[],"product_cat":[3066,3483,3038],"product_tag":[3485,3348,3347,3041,3486,3491,3484,3487,3225,3489,3488,3206],"class_list":{"0":"post-33332","1":"product","2":"type-product","3":"status-publish","4":"has-post-thumbnail","6":"product_cat-imunsistema","7":"product_cat-locitavas-muskuli-un-kauli","8":"product_cat-sports-lv","9":"product_tag-aminoskabe","10":"product_tag-bez-glutena","11":"product_tag-bez-laktozes","12":"product_tag-imunitate","13":"product_tag-imunsistema","14":"product_tag-kalcija-absorbcija","15":"product_tag-kolagens","16":"product_tag-l-lizins","17":"product_tag-muskuli-un-locitavas","18":"product_tag-muskulu-augsana","19":"product_tag-neaizvietojama-aminoskabe","20":"product_tag-uztura-bagatinatajs","22":"first","23":"onbackorder","24":"taxable","25":"shipping-taxable","26":"purchasable","27":"product-type-simple"},"acf":[],"yoast_head":"<!-- This site is optimized with the Yoast SEO plugin v27.1.1 - https:\/\/yoast.com\/product\/yoast-seo-wordpress\/ -->\n<title>L-liz\u012bna pulveris 200g - Puhdas+<\/title>\n<meta name=\"description\" content=\"L-liz\u012bna pulveris 200 g ir t\u012bra neaizvietojam\u0101 aminosk\u0101be, kas atbalsta musku\u013cu aug\u0161anu, im\u016bnsist\u0113mu un kalcija uzs\u016bk\u0161anos. Piem\u0113rots veg\u0101niem.\" \/>\n<meta name=\"robots\" content=\"noindex, follow, max-snippet:-1, max-image-preview:large, max-video-preview:-1\" \/>\n<meta property=\"og:locale\" content=\"lv_LV\" \/>\n<meta property=\"og:type\" content=\"article\" \/>\n<meta property=\"og:title\" content=\"L-liz\u012bna pulveris 200g - Puhdas+\" \/>\n<meta property=\"og:description\" content=\"L-liz\u012bna pulveris 200 g ir t\u012bra neaizvietojam\u0101 aminosk\u0101be, kas atbalsta musku\u013cu aug\u0161anu, im\u016bnsist\u0113mu un kalcija uzs\u016bk\u0161anos. Piem\u0113rots veg\u0101niem.\" \/>\n<meta property=\"og:url\" content=\"https:\/\/test.puhdasplus.ee\/lv\/tooted\/sports-lv\/l-lizina-pulveris-200g\/\" \/>\n<meta property=\"og:site_name\" content=\"Puhdas+\" \/>\n<meta property=\"article:publisher\" content=\"https:\/\/www.facebook.com\/puhdasplus\" \/>\n<meta property=\"article:modified_time\" content=\"2026-03-10T12:10:23+00:00\" \/>\n<meta property=\"og:image\" content=\"https:\/\/test.puhdasplus.ee\/wp-content\/uploads\/2025\/03\/180.jpg\" \/>\n\t<meta property=\"og:image:width\" content=\"1862\" \/>\n\t<meta property=\"og:image:height\" content=\"2560\" \/>\n\t<meta property=\"og:image:type\" content=\"image\/jpeg\" \/>\n<meta name=\"twitter:card\" content=\"summary_large_image\" \/>\n<meta name=\"twitter:label1\" content=\"Est. reading time\" \/>\n\t<meta name=\"twitter:data1\" content=\"2 min\u016btes\" \/>\n<script type=\"application\/ld+json\" class=\"yoast-schema-graph\">{\"@context\":\"https:\/\/schema.org\",\"@graph\":[{\"@type\":\"WebPage\",\"@id\":\"https:\/\/test.puhdasplus.ee\/lv\/tooted\/sports-lv\/l-lizina-pulveris-200g\/\",\"url\":\"https:\/\/test.puhdasplus.ee\/lv\/tooted\/sports-lv\/l-lizina-pulveris-200g\/\",\"name\":\"L-liz\u012bna pulveris 200g - Puhdas+\",\"isPartOf\":{\"@id\":\"https:\/\/test.puhdasplus.ee\/lv\/#website\"},\"primaryImageOfPage\":{\"@id\":\"https:\/\/test.puhdasplus.ee\/lv\/tooted\/sports-lv\/l-lizina-pulveris-200g\/#primaryimage\"},\"image\":{\"@id\":\"https:\/\/test.puhdasplus.ee\/lv\/tooted\/sports-lv\/l-lizina-pulveris-200g\/#primaryimage\"},\"thumbnailUrl\":\"https:\/\/test.puhdasplus.ee\/wp-content\/uploads\/2025\/03\/180.jpg\",\"datePublished\":\"2025-01-16T14:09:38+00:00\",\"dateModified\":\"2026-03-10T12:10:23+00:00\",\"description\":\"L-liz\u012bna pulveris 200 g ir t\u012bra neaizvietojam\u0101 aminosk\u0101be, kas atbalsta musku\u013cu aug\u0161anu, im\u016bnsist\u0113mu un kalcija uzs\u016bk\u0161anos. Piem\u0113rots veg\u0101niem.\",\"breadcrumb\":{\"@id\":\"https:\/\/test.puhdasplus.ee\/lv\/tooted\/sports-lv\/l-lizina-pulveris-200g\/#breadcrumb\"},\"inLanguage\":\"lv-LV\",\"potentialAction\":[{\"@type\":\"ReadAction\",\"target\":[\"https:\/\/test.puhdasplus.ee\/lv\/tooted\/sports-lv\/l-lizina-pulveris-200g\/\"]}]},{\"@type\":\"ImageObject\",\"inLanguage\":\"lv-LV\",\"@id\":\"https:\/\/test.puhdasplus.ee\/lv\/tooted\/sports-lv\/l-lizina-pulveris-200g\/#primaryimage\",\"url\":\"https:\/\/test.puhdasplus.ee\/wp-content\/uploads\/2025\/03\/180.jpg\",\"contentUrl\":\"https:\/\/test.puhdasplus.ee\/wp-content\/uploads\/2025\/03\/180.jpg\",\"width\":1862,\"height\":2560,\"caption\":\"L-liz\u012bna pulveris 200g\"},{\"@type\":\"BreadcrumbList\",\"@id\":\"https:\/\/test.puhdasplus.ee\/lv\/tooted\/sports-lv\/l-lizina-pulveris-200g\/#breadcrumb\",\"itemListElement\":[{\"@type\":\"ListItem\",\"position\":1,\"name\":\"S\u0101kums\",\"item\":\"https:\/\/test.puhdasplus.ee\/lv\/\"},{\"@type\":\"ListItem\",\"position\":2,\"name\":\"Produkti\",\"item\":\"https:\/\/test.puhdasplus.ee\/lv\/veikals\/\"},{\"@type\":\"ListItem\",\"position\":3,\"name\":\"L-liz\u012bna pulveris 200g\"}]},{\"@type\":\"WebSite\",\"@id\":\"https:\/\/test.puhdasplus.ee\/lv\/#website\",\"url\":\"https:\/\/test.puhdasplus.ee\/lv\/\",\"name\":\"Puhdas+\",\"description\":\"Vitamiinid, Toidulisandid, looduskosmeetika, tervis, sport\",\"publisher\":{\"@id\":\"https:\/\/test.puhdasplus.ee\/lv\/#organization\"},\"potentialAction\":[{\"@type\":\"SearchAction\",\"target\":{\"@type\":\"EntryPoint\",\"urlTemplate\":\"https:\/\/test.puhdasplus.ee\/lv\/?s={search_term_string}\"},\"query-input\":{\"@type\":\"PropertyValueSpecification\",\"valueRequired\":true,\"valueName\":\"search_term_string\"}}],\"inLanguage\":\"lv-LV\"},{\"@type\":\"Organization\",\"@id\":\"https:\/\/test.puhdasplus.ee\/lv\/#organization\",\"name\":\"Puhdas+\",\"alternateName\":\"Puhdasplus\",\"url\":\"https:\/\/test.puhdasplus.ee\/lv\/\",\"logo\":{\"@type\":\"ImageObject\",\"inLanguage\":\"lv-LV\",\"@id\":\"https:\/\/test.puhdasplus.ee\/lv\/#\/schema\/logo\/image\/\",\"url\":\"https:\/\/test.puhdasplus.ee\/\/wp-content\/uploads\/2019\/10\/puhdas_logo-arvele.png\",\"contentUrl\":\"https:\/\/test.puhdasplus.ee\/\/wp-content\/uploads\/2019\/10\/puhdas_logo-arvele.png\",\"width\":114,\"height\":94,\"caption\":\"Puhdas+\"},\"image\":{\"@id\":\"https:\/\/test.puhdasplus.ee\/lv\/#\/schema\/logo\/image\/\"},\"sameAs\":[\"https:\/\/www.facebook.com\/puhdasplus\",\"https:\/\/www.instagram.com\/puhdasplus_ee\/\"]}]}<\/script>\n<!-- \/ Yoast SEO plugin. -->","yoast_head_json":{"title":"L-liz\u012bna pulveris 200g - Puhdas+","description":"L-liz\u012bna pulveris 200 g ir t\u012bra neaizvietojam\u0101 aminosk\u0101be, kas atbalsta musku\u013cu aug\u0161anu, im\u016bnsist\u0113mu un kalcija uzs\u016bk\u0161anos. Piem\u0113rots veg\u0101niem.","robots":{"index":"noindex","follow":"follow","max-snippet":"max-snippet:-1","max-image-preview":"max-image-preview:large","max-video-preview":"max-video-preview:-1"},"og_locale":"lv_LV","og_type":"article","og_title":"L-liz\u012bna pulveris 200g - Puhdas+","og_description":"L-liz\u012bna pulveris 200 g ir t\u012bra neaizvietojam\u0101 aminosk\u0101be, kas atbalsta musku\u013cu aug\u0161anu, im\u016bnsist\u0113mu un kalcija uzs\u016bk\u0161anos. Piem\u0113rots veg\u0101niem.","og_url":"https:\/\/test.puhdasplus.ee\/lv\/tooted\/sports-lv\/l-lizina-pulveris-200g\/","og_site_name":"Puhdas+","article_publisher":"https:\/\/www.facebook.com\/puhdasplus","article_modified_time":"2026-03-10T12:10:23+00:00","og_image":[{"width":1862,"height":2560,"url":"https:\/\/test.puhdasplus.ee\/wp-content\/uploads\/2025\/03\/180.jpg","type":"image\/jpeg"}],"twitter_card":"summary_large_image","twitter_misc":{"Est. reading time":"2 min\u016btes"},"schema":{"@context":"https:\/\/schema.org","@graph":[{"@type":"WebPage","@id":"https:\/\/test.puhdasplus.ee\/lv\/tooted\/sports-lv\/l-lizina-pulveris-200g\/","url":"https:\/\/test.puhdasplus.ee\/lv\/tooted\/sports-lv\/l-lizina-pulveris-200g\/","name":"L-liz\u012bna pulveris 200g - Puhdas+","isPartOf":{"@id":"https:\/\/test.puhdasplus.ee\/lv\/#website"},"primaryImageOfPage":{"@id":"https:\/\/test.puhdasplus.ee\/lv\/tooted\/sports-lv\/l-lizina-pulveris-200g\/#primaryimage"},"image":{"@id":"https:\/\/test.puhdasplus.ee\/lv\/tooted\/sports-lv\/l-lizina-pulveris-200g\/#primaryimage"},"thumbnailUrl":"https:\/\/test.puhdasplus.ee\/wp-content\/uploads\/2025\/03\/180.jpg","datePublished":"2025-01-16T14:09:38+00:00","dateModified":"2026-03-10T12:10:23+00:00","description":"L-liz\u012bna pulveris 200 g ir t\u012bra neaizvietojam\u0101 aminosk\u0101be, kas atbalsta musku\u013cu aug\u0161anu, im\u016bnsist\u0113mu un kalcija uzs\u016bk\u0161anos. Piem\u0113rots veg\u0101niem.","breadcrumb":{"@id":"https:\/\/test.puhdasplus.ee\/lv\/tooted\/sports-lv\/l-lizina-pulveris-200g\/#breadcrumb"},"inLanguage":"lv-LV","potentialAction":[{"@type":"ReadAction","target":["https:\/\/test.puhdasplus.ee\/lv\/tooted\/sports-lv\/l-lizina-pulveris-200g\/"]}]},{"@type":"ImageObject","inLanguage":"lv-LV","@id":"https:\/\/test.puhdasplus.ee\/lv\/tooted\/sports-lv\/l-lizina-pulveris-200g\/#primaryimage","url":"https:\/\/test.puhdasplus.ee\/wp-content\/uploads\/2025\/03\/180.jpg","contentUrl":"https:\/\/test.puhdasplus.ee\/wp-content\/uploads\/2025\/03\/180.jpg","width":1862,"height":2560,"caption":"L-liz\u012bna pulveris 200g"},{"@type":"BreadcrumbList","@id":"https:\/\/test.puhdasplus.ee\/lv\/tooted\/sports-lv\/l-lizina-pulveris-200g\/#breadcrumb","itemListElement":[{"@type":"ListItem","position":1,"name":"S\u0101kums","item":"https:\/\/test.puhdasplus.ee\/lv\/"},{"@type":"ListItem","position":2,"name":"Produkti","item":"https:\/\/test.puhdasplus.ee\/lv\/veikals\/"},{"@type":"ListItem","position":3,"name":"L-liz\u012bna pulveris 200g"}]},{"@type":"WebSite","@id":"https:\/\/test.puhdasplus.ee\/lv\/#website","url":"https:\/\/test.puhdasplus.ee\/lv\/","name":"Puhdas+","description":"Vitamiinid, Toidulisandid, looduskosmeetika, tervis, sport","publisher":{"@id":"https:\/\/test.puhdasplus.ee\/lv\/#organization"},"potentialAction":[{"@type":"SearchAction","target":{"@type":"EntryPoint","urlTemplate":"https:\/\/test.puhdasplus.ee\/lv\/?s={search_term_string}"},"query-input":{"@type":"PropertyValueSpecification","valueRequired":true,"valueName":"search_term_string"}}],"inLanguage":"lv-LV"},{"@type":"Organization","@id":"https:\/\/test.puhdasplus.ee\/lv\/#organization","name":"Puhdas+","alternateName":"Puhdasplus","url":"https:\/\/test.puhdasplus.ee\/lv\/","logo":{"@type":"ImageObject","inLanguage":"lv-LV","@id":"https:\/\/test.puhdasplus.ee\/lv\/#\/schema\/logo\/image\/","url":"https:\/\/test.puhdasplus.ee\/\/wp-content\/uploads\/2019\/10\/puhdas_logo-arvele.png","contentUrl":"https:\/\/test.puhdasplus.ee\/\/wp-content\/uploads\/2019\/10\/puhdas_logo-arvele.png","width":114,"height":94,"caption":"Puhdas+"},"image":{"@id":"https:\/\/test.puhdasplus.ee\/lv\/#\/schema\/logo\/image\/"},"sameAs":["https:\/\/www.facebook.com\/puhdasplus","https:\/\/www.instagram.com\/puhdasplus_ee\/"]}]}},"_links":{"self":[{"href":"https:\/\/test.puhdasplus.ee\/lv\/wp-json\/wp\/v2\/product\/33332","targetHints":{"allow":["GET"]}}],"collection":[{"href":"https:\/\/test.puhdasplus.ee\/lv\/wp-json\/wp\/v2\/product"}],"about":[{"href":"https:\/\/test.puhdasplus.ee\/lv\/wp-json\/wp\/v2\/types\/product"}],"replies":[{"embeddable":true,"href":"https:\/\/test.puhdasplus.ee\/lv\/wp-json\/wp\/v2\/comments?post=33332"}],"wp:featuredmedia":[{"embeddable":true,"href":"https:\/\/test.puhdasplus.ee\/lv\/wp-json\/wp\/v2\/media\/33335"}],"wp:attachment":[{"href":"https:\/\/test.puhdasplus.ee\/lv\/wp-json\/wp\/v2\/media?parent=33332"}],"wp:term":[{"taxonomy":"product_brand","embeddable":true,"href":"https:\/\/test.puhdasplus.ee\/lv\/wp-json\/wp\/v2\/product_brand?post=33332"},{"taxonomy":"product_cat","embeddable":true,"href":"https:\/\/test.puhdasplus.ee\/lv\/wp-json\/wp\/v2\/product_cat?post=33332"},{"taxonomy":"product_tag","embeddable":true,"href":"https:\/\/test.puhdasplus.ee\/lv\/wp-json\/wp\/v2\/product_tag?post=33332"}],"curies":[{"name":"wp","href":"https:\/\/api.w.org\/{rel}","templated":true}]}}