{"id":33320,"date":"2025-01-16T12:40:44","date_gmt":"2025-01-16T10:40:44","guid":{"rendered":"https:\/\/test.puhdasplus.ee\/\/tooted\/uncategorized\/augstakas-kvalitates-omega-3-180-mg-epa-120-mg-dha\/"},"modified":"2026-02-27T13:10:56","modified_gmt":"2026-02-27T11:10:56","slug":"augstakas-kvalitates-omega-3-180-mg-epa-120-mg-dha","status":"publish","type":"product","link":"https:\/\/test.puhdasplus.ee\/lv\/tooted\/sirds-veseliba\/omega-3-lv\/augstakas-kvalitates-omega-3-180-mg-epa-120-mg-dha\/","title":{"rendered":"Augst\u0101k\u0101s kvalit\u0101tes Omega-3 180 mg EPA + 120 mg DHA"},"content":{"rendered":"<h2 data-start=\"399\" data-end=\"441\">Kas ir Pure+ Premium Omega-3 180 mg EPA + 120 mg DHA?<\/h2>\n<p class=\"\" data-start=\"443\" data-end=\"784\">Puhdas+ Premium Omega-3 ir augstas kvalit\u0101tes zivju e\u013c\u013cas uztura bag\u0101tin\u0101t\u0101js, kas ra\u017eots Somij\u0101 un satur divas svar\u012bgas omega-3 tauksk\u0101bes \u2013 EPA un DHA \u2013 \u013coti labi uzs\u016bcam\u0101 dabisk\u0101 triglicer\u012bdu form\u0101.<\/p>\n<p class=\"p1\">Produkts paredz\u0113ts ikdienas lieto\u0161anai. DHA un EPA atbalsta sirds darb\u012bbu, un DHA pal\u012bdz uztur\u0113t norm\u0101lu smadze\u0146u darb\u012bbu un redzi. <\/p>\n<h2 data-start=\"791\" data-end=\"835\">T\u012bra izcelsme un augsta kvalit\u0101te<\/h2>\n<ul data-start=\"837\" data-end=\"1172\">\n<li class=\"\" data-start=\"837\" data-end=\"961\">\n<p class=\"\" data-start=\"839\" data-end=\"961\">Tiek izmantotas tikai <strong data-start=\"859\" data-end=\"897\">savva\u013c\u0101 nozvejotas an\u0161ovas<\/strong> no ekolo\u0123iski t\u012br\u0101 Klus\u0101 oke\u0101na dienvidu da\u013cas.<\/p>\n<\/li>\n<li class=\"\" data-start=\"962\" data-end=\"1036\">\n<p class=\"\" data-start=\"964\" data-end=\"1036\">Zivju e\u013c\u013ca ir r\u016bp\u012bgi <strong data-start=\"987\" data-end=\"1035\">att\u012br\u012bta no smagajiem met\u0101liem un piemais\u012bjumiem<\/strong> .<\/p>\n<\/li>\n<li class=\"\" data-start=\"1037\" data-end=\"1137\">\n<p class=\"\" data-start=\"1039\" data-end=\"1137\">Ra\u017eots atbilsto\u0161i augstiem kvalit\u0101tes standartiem, produkts ir sertific\u0113ts ar <strong data-start=\"1103\" data-end=\"1124\">Friend of the Sea<\/strong> sertifik\u0101tu.<\/p>\n<\/li>\n<li class=\"\" data-start=\"1138\" data-end=\"1172\">\n<p class=\"\" data-start=\"1140\" data-end=\"1172\">Katra partija ir <strong data-start=\"1154\" data-end=\"1171\">100% izsekojama<\/strong> .<\/p>\n<\/li>\n<\/ul>\n<h2 data-start=\"1179\" data-end=\"1224\">EPA un DHA \u2013 k\u0101p\u0113c t\u0101s ir svar\u012bgas?<\/h2>\n<ul data-start=\"1226\" data-end=\"1665\">\n<li class=\"\" data-start=\"1226\" data-end=\"1339\">\n<p class=\"\" data-start=\"1228\" data-end=\"1339\"><strong data-start=\"1228\" data-end=\"1256\">EPA<\/strong> veicina norm\u0101lu sirds darb\u012bbu.<\/p>\n<\/li>\n<li class=\"\" data-start=\"1340\" data-end=\"1443\">\n<p class=\"\" data-start=\"1342\" data-end=\"1443\"><strong data-start=\"1342\" data-end=\"1370\">DHA<\/strong> pal\u012bdz uztur\u0113t norm\u0101lu smadze\u0146u darb\u012bbu un redzi.<\/p>\n<\/li>\n<li class=\"\" data-start=\"1444\" data-end=\"1665\">\n<p class=\"\" data-start=\"1446\" data-end=\"1474\">Kop\u0101 EPA un DHA veicina norm\u0101lu sirds darb\u012bbu<\/p>\n<\/li>\n<\/ul>\n<h2>Kam ir piem\u0113rots Premium Omega-3 180 mg EPA + 120 mg DHA uztura bag\u0101tin\u0101t\u0101js?<\/h2>\n<ul>\n<li style=\"list-style-type: none;\">\n<ul data-start=\"1715\" data-end=\"2085\">\n<li class=\"\" data-start=\"1715\" data-end=\"1801\">\n<p class=\"\" data-start=\"1717\" data-end=\"1801\"><strong data-start=\"1717\" data-end=\"1757\">Str\u0101d\u0101jo\u0161iem un stud\u0113jo\u0161iem cilv\u0113kiem<\/strong> , kuriem nepiecie\u0161ams atbalsts smadze\u0146u darb\u012bbai un atmi\u0146ai<\/p>\n<\/li>\n<li class=\"\" data-start=\"1802\" data-end=\"1886\">\n<p class=\"\" data-start=\"1804\" data-end=\"1886\"><strong data-start=\"1804\" data-end=\"1829\">Gados vec\u0101kiem cilv\u0113kiem<\/strong> , kuriem ir liel\u0101ka nepiecie\u0161am\u012bba p\u0113c sirds un redzes atbalsta<\/p>\n<\/li>\n<li class=\"\" data-start=\"1887\" data-end=\"1998\">\n<p class=\"\" data-start=\"1889\" data-end=\"1998\"><strong data-start=\"1889\" data-end=\"1926\">Gr\u016btniec\u0113m un m\u0101t\u0113m, kas baro b\u0113rnu ar kr\u016bti<\/strong> (konsult\u0113jieties ar \u0101rstu vai vecm\u0101ti) \u2013 DHA atbalsta aug\u013ca smadze\u0146u att\u012bst\u012bbu.<\/p>\n<\/li>\n<li class=\"\" data-start=\"1999\" data-end=\"2085\">\n<p class=\"\" data-start=\"2001\" data-end=\"2085\"><strong data-start=\"2001\" data-end=\"2042\">Tiem, kas regul\u0101ri ne\u0113d zivis<\/strong> vai kuriem ir samazin\u0101ts omega-3 tauksk\u0101bju pat\u0113ri\u0146\u0161.<\/p>\n<\/li>\n<\/ul>\n<\/li>\n<\/ul>\n<h2 data-start=\"2092\" data-end=\"2114\">Sast\u0101vda\u013cas<\/h2>\n<ul data-start=\"2116\" data-end=\"2246\">\n<li class=\"\" data-start=\"2116\" data-end=\"2172\">\n<p class=\"\" data-start=\"2118\" data-end=\"2172\">Zivju e\u013c\u013cas koncentr\u0101ts (triglicer\u012bdi \u2013 dabisk\u0101 veid\u0101)<\/p>\n<\/li>\n<li class=\"\" data-start=\"2173\" data-end=\"2201\">\n<p class=\"\" data-start=\"2175\" data-end=\"2201\">\u017delat\u012bns (dz\u012bvnieku, liellopu)<\/p>\n<\/li>\n<li class=\"\" data-start=\"2202\" data-end=\"2233\">\n<p class=\"\" data-start=\"2204\" data-end=\"2233\">Mitrumuztur\u0113t\u0101js: glicer\u012bns<\/p>\n<\/li>\n<li class=\"\" data-start=\"2234\" data-end=\"2246\">\n<p class=\"\" data-start=\"2236\" data-end=\"2246\">T\u012brs \u016bdens<\/p>\n<\/li>\n<\/ul>\n<p class=\"\" data-start=\"2248\" data-end=\"2338\"><strong data-start=\"2248\" data-end=\"2262\">Nesatur<\/strong> laktozi, raugu, glut\u0113nu, cukuru, s\u0101li, soju vai m\u0101ksl\u012bgos saldin\u0101t\u0101jus.<\/p>\n<h2 data-start=\"2345\" data-end=\"2396\">Uzturv\u0113rt\u012bba (dienas deva \u2013 2 kapsulas)<\/h2>\n<ul data-start=\"2398\" data-end=\"2477\">\n<li class=\"\" data-start=\"2398\" data-end=\"2477\">\n<p class=\"\" data-start=\"2400\" data-end=\"2435\">Kop\u0113jais omega-3 tauksk\u0101bju daudzums: 350 mg<\/p>\n<ul data-start=\"2438\" data-end=\"2477\">\n<li class=\"\" data-start=\"2438\" data-end=\"2457\">\n<p class=\"\" data-start=\"2440\" data-end=\"2457\"><strong data-start=\"2440\" data-end=\"2447\">EPA<\/strong> : 180 mg<\/p>\n<\/li>\n<li class=\"\" data-start=\"2460\" data-end=\"2477\">\n<p class=\"\" data-start=\"2462\" data-end=\"2477\"><strong data-start=\"2462\" data-end=\"2469\">DHA<\/strong> : 120 mg<\/p>\n<\/li>\n<\/ul>\n<\/li>\n<\/ul>\n<h2 data-start=\"2484\" data-end=\"2508\">Lietot\u0101ja rokasgr\u0101mata<\/h2>\n<ul data-start=\"2510\" data-end=\"2732\">\n<li class=\"\" data-start=\"2510\" data-end=\"2571\">\n<p class=\"\" data-start=\"2512\" data-end=\"2571\">Ieteicam\u0101 dienas deva: <strong data-start=\"2538\" data-end=\"2571\">2 kapsulas dien\u0101 kop\u0101 ar \u0113dienu<\/strong><\/p>\n<\/li>\n<li class=\"\" data-start=\"2572\" data-end=\"2602\">\n<p class=\"\" data-start=\"2574\" data-end=\"2602\">Nor\u012bt, uzdzerot \u016bdeni, neko\u0161\u013c\u0101t.<\/p>\n<\/li>\n<li class=\"\" data-start=\"2603\" data-end=\"2641\">\n<p class=\"\" data-start=\"2605\" data-end=\"2641\">Ieteicamo devu nedr\u012bkst p\u0101rsniegt.<\/p>\n<\/li>\n<li class=\"\" data-start=\"2642\" data-end=\"2732\">\n<p class=\"\" data-start=\"2644\" data-end=\"2732\">Uztura bag\u0101tin\u0101t\u0101js neaizst\u0101j sabalans\u0113tu un daudzveid\u012bgu uzturu vai vesel\u012bgu dz\u012bvesveidu.<\/p>\n<\/li>\n<\/ul>\n<h2 data-start=\"2739\" data-end=\"2774\">Br\u012bdin\u0101jumi un uzglab\u0101\u0161ana<\/h2>\n<ul data-start=\"2776\" data-end=\"2971\">\n<li class=\"\" data-start=\"2776\" data-end=\"2846\">\n<p class=\"\" data-start=\"2778\" data-end=\"2846\">Uzglab\u0101t <strong data-start=\"2784\" data-end=\"2812\">saus\u0101 viet\u0101, istabas temperat\u016br\u0101<\/strong> un sarg\u0101t no saules gaismas.<\/p>\n<\/li>\n<li class=\"\" data-start=\"2847\" data-end=\"2887\">\n<p class=\"\" data-start=\"2849\" data-end=\"2887\"><strong data-start=\"2855\" data-end=\"2886\">Sarg\u0101t no b\u0113rniem<\/strong> .<\/p>\n<\/li>\n<li class=\"\" data-start=\"2888\" data-end=\"2971\">\n<p class=\"\" data-start=\"2890\" data-end=\"2971\">Konsult\u0113jieties ar \u0101rstu, ja lietojat asins \u0161\u0137idrin\u0101t\u0101jus vai Jums ir asins rec\u0113\u0161anas trauc\u0113jumi.<\/p>\n<\/li>\n<\/ul>\n<h2 data-start=\"2978\" data-end=\"3005\">Iepakojuma izm\u0113ri<\/h2>\n<ul data-start=\"3007\" data-end=\"3069\">\n<li class=\"\" data-start=\"3007\" data-end=\"3038\">\n<p class=\"\" data-start=\"3009\" data-end=\"3038\"><strong data-start=\"3009\" data-end=\"3023\">80 kapsulas<\/strong> \u2013 40 dien\u0101m<\/p>\n<\/li>\n<li class=\"\" data-start=\"3039\" data-end=\"3069\">\n<p class=\"\" data-start=\"3041\" data-end=\"3069\"><strong data-start=\"3041\" data-end=\"3056\">160 kapsulas<\/strong> \u2013 80 dienas<\/p>\n<\/li>\n<\/ul>\n","protected":false},"excerpt":{"rendered":"<p class=\"p1\"><b>Puhdas+ Premium Omega-3 ir augstas kvalit\u0101tes uztura bag\u0101tin\u0101t\u0101js, kas satur viegli uzs\u016bcamas EPA un DHA tauksk\u0101bju formas \u2013 divus svar\u012bgus omega-3 avotus, ko organisms nesp\u0113j sara\u017eot pietiekam\u0101 daudzum\u0101. \u0160\u012bs tauksk\u0101bes veicina norm\u0101lu sirds darb\u012bbu, un DHA pal\u012bdz uztur\u0113t norm\u0101lu smadze\u0146u darb\u012bbu un redzi. <\/b><b><\/b><\/p>\n<p class=\"p3\">Produkts ir labi piem\u0113rots cilv\u0113kiem, kuri:<\/p>\n<p class=\"p3\">\u2013 uztur\u0101 lieto maz zivju vai neuz\u0146em pietiekami daudz omega-3 tauksk\u0101bju ar p\u0101rtiku,<\/p>\n<p class=\"p3\">\u2013 v\u0113las atbalst\u012bt norm\u0101lu sirds darb\u012bbu,<\/p>\n<p class=\"p3\">\u2013 nepiecie\u0161ams atbalsts smadze\u0146u darb\u012bbai un koncentr\u0113\u0161an\u0101s sp\u0113j\u0101m \u2013 DHA pal\u012bdz uztur\u0113t norm\u0101lu smadze\u0146u darb\u012bbu,<\/p>\n<p class=\"p3\">\u2013 r\u016bp\u0113jas par savu acu vesel\u012bbu,<\/p>\n<p class=\"p3\">\u2013 v\u0113las atbalst\u012bt \u0137erme\u0146a l\u012bdzsvaru un visp\u0101r\u0113jo labsaj\u016btu.<\/p>\n<p class=\"p3\">Zivju e\u013c\u013ca ir ieg\u016bta no atbild\u012bgi nozvejot\u0101m an\u0161ov\u0101m un att\u012br\u012bta no smagajiem met\u0101liem, nodro\u0161inot t\u012bru un dro\u0161u gala rezult\u0101tu. Pateicoties dabiskajai triglicer\u012bdu formai, tauksk\u0101bes organism\u0101 viegli uzs\u016bcas un ir piem\u0113rotas ikdienas lieto\u0161anai. <\/p>\n","protected":false},"featured_media":32536,"comment_status":"closed","ping_status":"closed","template":"","meta":{"_acf_changed":false},"product_brand":[],"product_cat":[3442,3441],"product_tag":[3348,3347,3445,3446,3041,3966,3444,2559,3447],"class_list":{"0":"post-33320","1":"product","2":"type-product","3":"status-publish","4":"has-post-thumbnail","6":"product_cat-omega-3-lv","7":"product_cat-sirds-veseliba","8":"product_tag-bez-glutena","9":"product_tag-bez-laktozes","10":"product_tag-dha-dokozaheksaenskabe","11":"product_tag-epa-eikosapentaenskabe","12":"product_tag-imunitate","13":"product_tag-omega-3-lv","14":"product_tag-sertificeta-zivju-ella","15":"product_tag-tirs-skaistums","16":"product_tag-zivju-ella","18":"first","19":"instock","20":"taxable","21":"shipping-taxable","22":"purchasable","23":"product-type-variable","24":"has-default-attributes"},"acf":[],"yoast_head":"<!-- This site is optimized with the Yoast SEO plugin v27.1.1 - https:\/\/yoast.com\/product\/yoast-seo-wordpress\/ -->\n<title>Augst\u0101k\u0101s kvalit\u0101tes Omega-3 180 mg EPA + 120 mg DHA - Puhdas+<\/title>\n<meta name=\"description\" content=\"Premium Omega-3 180 mg EPA + 120 mg DHA \u2013 augstas kvalit\u0101tes zivju e\u013c\u013ca sirds un smadze\u0146u vesel\u012bbas atbalstam. Satur dab\u012bgas omega-3 tauksk\u0101bes.\" \/>\n<meta name=\"robots\" content=\"noindex, follow, max-snippet:-1, max-image-preview:large, max-video-preview:-1\" \/>\n<meta property=\"og:locale\" content=\"lv_LV\" \/>\n<meta property=\"og:type\" content=\"article\" \/>\n<meta property=\"og:title\" content=\"Augst\u0101k\u0101s kvalit\u0101tes Omega-3 180 mg EPA + 120 mg DHA - Puhdas+\" \/>\n<meta property=\"og:description\" content=\"Premium Omega-3 180 mg EPA + 120 mg DHA \u2013 augstas kvalit\u0101tes zivju e\u013c\u013ca sirds un smadze\u0146u vesel\u012bbas atbalstam. Satur dab\u012bgas omega-3 tauksk\u0101bes.\" \/>\n<meta property=\"og:url\" content=\"https:\/\/test.puhdasplus.ee\/lv\/tooted\/sirds-veseliba\/omega-3-lv\/augstakas-kvalitates-omega-3-180-mg-epa-120-mg-dha\/\" \/>\n<meta property=\"og:site_name\" content=\"Puhdas+\" \/>\n<meta property=\"article:publisher\" content=\"https:\/\/www.facebook.com\/puhdasplus\" \/>\n<meta property=\"article:modified_time\" content=\"2026-02-27T11:10:56+00:00\" \/>\n<meta property=\"og:image\" content=\"https:\/\/test.puhdasplus.ee\/wp-content\/uploads\/2025\/03\/183.jpg\" \/>\n\t<meta property=\"og:image:width\" content=\"1862\" \/>\n\t<meta property=\"og:image:height\" content=\"2560\" \/>\n\t<meta property=\"og:image:type\" content=\"image\/jpeg\" \/>\n<meta name=\"twitter:card\" content=\"summary_large_image\" \/>\n<meta name=\"twitter:label1\" content=\"Est. reading time\" \/>\n\t<meta name=\"twitter:data1\" content=\"2 min\u016btes\" \/>\n<script type=\"application\/ld+json\" class=\"yoast-schema-graph\">{\"@context\":\"https:\/\/schema.org\",\"@graph\":[{\"@type\":\"WebPage\",\"@id\":\"https:\/\/test.puhdasplus.ee\/lv\/tooted\/sirds-veseliba\/omega-3-lv\/augstakas-kvalitates-omega-3-180-mg-epa-120-mg-dha\/\",\"url\":\"https:\/\/test.puhdasplus.ee\/lv\/tooted\/sirds-veseliba\/omega-3-lv\/augstakas-kvalitates-omega-3-180-mg-epa-120-mg-dha\/\",\"name\":\"Augst\u0101k\u0101s kvalit\u0101tes Omega-3 180 mg EPA + 120 mg DHA - Puhdas+\",\"isPartOf\":{\"@id\":\"https:\/\/test.puhdasplus.ee\/lv\/#website\"},\"primaryImageOfPage\":{\"@id\":\"https:\/\/test.puhdasplus.ee\/lv\/tooted\/sirds-veseliba\/omega-3-lv\/augstakas-kvalitates-omega-3-180-mg-epa-120-mg-dha\/#primaryimage\"},\"image\":{\"@id\":\"https:\/\/test.puhdasplus.ee\/lv\/tooted\/sirds-veseliba\/omega-3-lv\/augstakas-kvalitates-omega-3-180-mg-epa-120-mg-dha\/#primaryimage\"},\"thumbnailUrl\":\"https:\/\/test.puhdasplus.ee\/wp-content\/uploads\/2025\/03\/183.jpg\",\"datePublished\":\"2025-01-16T10:40:44+00:00\",\"dateModified\":\"2026-02-27T11:10:56+00:00\",\"description\":\"Premium Omega-3 180 mg EPA + 120 mg DHA \u2013 augstas kvalit\u0101tes zivju e\u013c\u013ca sirds un smadze\u0146u vesel\u012bbas atbalstam. Satur dab\u012bgas omega-3 tauksk\u0101bes.\",\"breadcrumb\":{\"@id\":\"https:\/\/test.puhdasplus.ee\/lv\/tooted\/sirds-veseliba\/omega-3-lv\/augstakas-kvalitates-omega-3-180-mg-epa-120-mg-dha\/#breadcrumb\"},\"inLanguage\":\"lv-LV\",\"potentialAction\":[{\"@type\":\"ReadAction\",\"target\":[\"https:\/\/test.puhdasplus.ee\/lv\/tooted\/sirds-veseliba\/omega-3-lv\/augstakas-kvalitates-omega-3-180-mg-epa-120-mg-dha\/\"]}]},{\"@type\":\"ImageObject\",\"inLanguage\":\"lv-LV\",\"@id\":\"https:\/\/test.puhdasplus.ee\/lv\/tooted\/sirds-veseliba\/omega-3-lv\/augstakas-kvalitates-omega-3-180-mg-epa-120-mg-dha\/#primaryimage\",\"url\":\"https:\/\/test.puhdasplus.ee\/wp-content\/uploads\/2025\/03\/183.jpg\",\"contentUrl\":\"https:\/\/test.puhdasplus.ee\/wp-content\/uploads\/2025\/03\/183.jpg\",\"width\":1862,\"height\":2560,\"caption\":\"Augst\u0101k\u0101s kvalit\u0101tes Omega-3 180 mg EPA + 120 mg DHA\"},{\"@type\":\"BreadcrumbList\",\"@id\":\"https:\/\/test.puhdasplus.ee\/lv\/tooted\/sirds-veseliba\/omega-3-lv\/augstakas-kvalitates-omega-3-180-mg-epa-120-mg-dha\/#breadcrumb\",\"itemListElement\":[{\"@type\":\"ListItem\",\"position\":1,\"name\":\"S\u0101kums\",\"item\":\"https:\/\/test.puhdasplus.ee\/lv\/\"},{\"@type\":\"ListItem\",\"position\":2,\"name\":\"Produkti\",\"item\":\"https:\/\/test.puhdasplus.ee\/lv\/veikals\/\"},{\"@type\":\"ListItem\",\"position\":3,\"name\":\"Augst\u0101k\u0101s kvalit\u0101tes Omega-3 180 mg EPA + 120 mg DHA\"}]},{\"@type\":\"WebSite\",\"@id\":\"https:\/\/test.puhdasplus.ee\/lv\/#website\",\"url\":\"https:\/\/test.puhdasplus.ee\/lv\/\",\"name\":\"Puhdas+\",\"description\":\"Vitamiinid, Toidulisandid, looduskosmeetika, tervis, sport\",\"publisher\":{\"@id\":\"https:\/\/test.puhdasplus.ee\/lv\/#organization\"},\"potentialAction\":[{\"@type\":\"SearchAction\",\"target\":{\"@type\":\"EntryPoint\",\"urlTemplate\":\"https:\/\/test.puhdasplus.ee\/lv\/?s={search_term_string}\"},\"query-input\":{\"@type\":\"PropertyValueSpecification\",\"valueRequired\":true,\"valueName\":\"search_term_string\"}}],\"inLanguage\":\"lv-LV\"},{\"@type\":\"Organization\",\"@id\":\"https:\/\/test.puhdasplus.ee\/lv\/#organization\",\"name\":\"Puhdas+\",\"alternateName\":\"Puhdasplus\",\"url\":\"https:\/\/test.puhdasplus.ee\/lv\/\",\"logo\":{\"@type\":\"ImageObject\",\"inLanguage\":\"lv-LV\",\"@id\":\"https:\/\/test.puhdasplus.ee\/lv\/#\/schema\/logo\/image\/\",\"url\":\"https:\/\/test.puhdasplus.ee\/\/wp-content\/uploads\/2019\/10\/puhdas_logo-arvele.png\",\"contentUrl\":\"https:\/\/test.puhdasplus.ee\/\/wp-content\/uploads\/2019\/10\/puhdas_logo-arvele.png\",\"width\":114,\"height\":94,\"caption\":\"Puhdas+\"},\"image\":{\"@id\":\"https:\/\/test.puhdasplus.ee\/lv\/#\/schema\/logo\/image\/\"},\"sameAs\":[\"https:\/\/www.facebook.com\/puhdasplus\",\"https:\/\/www.instagram.com\/puhdasplus_ee\/\"]}]}<\/script>\n<!-- \/ Yoast SEO plugin. -->","yoast_head_json":{"title":"Augst\u0101k\u0101s kvalit\u0101tes Omega-3 180 mg EPA + 120 mg DHA - Puhdas+","description":"Premium Omega-3 180 mg EPA + 120 mg DHA \u2013 augstas kvalit\u0101tes zivju e\u013c\u013ca sirds un smadze\u0146u vesel\u012bbas atbalstam. Satur dab\u012bgas omega-3 tauksk\u0101bes.","robots":{"index":"noindex","follow":"follow","max-snippet":"max-snippet:-1","max-image-preview":"max-image-preview:large","max-video-preview":"max-video-preview:-1"},"og_locale":"lv_LV","og_type":"article","og_title":"Augst\u0101k\u0101s kvalit\u0101tes Omega-3 180 mg EPA + 120 mg DHA - Puhdas+","og_description":"Premium Omega-3 180 mg EPA + 120 mg DHA \u2013 augstas kvalit\u0101tes zivju e\u013c\u013ca sirds un smadze\u0146u vesel\u012bbas atbalstam. Satur dab\u012bgas omega-3 tauksk\u0101bes.","og_url":"https:\/\/test.puhdasplus.ee\/lv\/tooted\/sirds-veseliba\/omega-3-lv\/augstakas-kvalitates-omega-3-180-mg-epa-120-mg-dha\/","og_site_name":"Puhdas+","article_publisher":"https:\/\/www.facebook.com\/puhdasplus","article_modified_time":"2026-02-27T11:10:56+00:00","og_image":[{"width":1862,"height":2560,"url":"https:\/\/test.puhdasplus.ee\/wp-content\/uploads\/2025\/03\/183.jpg","type":"image\/jpeg"}],"twitter_card":"summary_large_image","twitter_misc":{"Est. reading time":"2 min\u016btes"},"schema":{"@context":"https:\/\/schema.org","@graph":[{"@type":"WebPage","@id":"https:\/\/test.puhdasplus.ee\/lv\/tooted\/sirds-veseliba\/omega-3-lv\/augstakas-kvalitates-omega-3-180-mg-epa-120-mg-dha\/","url":"https:\/\/test.puhdasplus.ee\/lv\/tooted\/sirds-veseliba\/omega-3-lv\/augstakas-kvalitates-omega-3-180-mg-epa-120-mg-dha\/","name":"Augst\u0101k\u0101s kvalit\u0101tes Omega-3 180 mg EPA + 120 mg DHA - Puhdas+","isPartOf":{"@id":"https:\/\/test.puhdasplus.ee\/lv\/#website"},"primaryImageOfPage":{"@id":"https:\/\/test.puhdasplus.ee\/lv\/tooted\/sirds-veseliba\/omega-3-lv\/augstakas-kvalitates-omega-3-180-mg-epa-120-mg-dha\/#primaryimage"},"image":{"@id":"https:\/\/test.puhdasplus.ee\/lv\/tooted\/sirds-veseliba\/omega-3-lv\/augstakas-kvalitates-omega-3-180-mg-epa-120-mg-dha\/#primaryimage"},"thumbnailUrl":"https:\/\/test.puhdasplus.ee\/wp-content\/uploads\/2025\/03\/183.jpg","datePublished":"2025-01-16T10:40:44+00:00","dateModified":"2026-02-27T11:10:56+00:00","description":"Premium Omega-3 180 mg EPA + 120 mg DHA \u2013 augstas kvalit\u0101tes zivju e\u013c\u013ca sirds un smadze\u0146u vesel\u012bbas atbalstam. Satur dab\u012bgas omega-3 tauksk\u0101bes.","breadcrumb":{"@id":"https:\/\/test.puhdasplus.ee\/lv\/tooted\/sirds-veseliba\/omega-3-lv\/augstakas-kvalitates-omega-3-180-mg-epa-120-mg-dha\/#breadcrumb"},"inLanguage":"lv-LV","potentialAction":[{"@type":"ReadAction","target":["https:\/\/test.puhdasplus.ee\/lv\/tooted\/sirds-veseliba\/omega-3-lv\/augstakas-kvalitates-omega-3-180-mg-epa-120-mg-dha\/"]}]},{"@type":"ImageObject","inLanguage":"lv-LV","@id":"https:\/\/test.puhdasplus.ee\/lv\/tooted\/sirds-veseliba\/omega-3-lv\/augstakas-kvalitates-omega-3-180-mg-epa-120-mg-dha\/#primaryimage","url":"https:\/\/test.puhdasplus.ee\/wp-content\/uploads\/2025\/03\/183.jpg","contentUrl":"https:\/\/test.puhdasplus.ee\/wp-content\/uploads\/2025\/03\/183.jpg","width":1862,"height":2560,"caption":"Augst\u0101k\u0101s kvalit\u0101tes Omega-3 180 mg EPA + 120 mg DHA"},{"@type":"BreadcrumbList","@id":"https:\/\/test.puhdasplus.ee\/lv\/tooted\/sirds-veseliba\/omega-3-lv\/augstakas-kvalitates-omega-3-180-mg-epa-120-mg-dha\/#breadcrumb","itemListElement":[{"@type":"ListItem","position":1,"name":"S\u0101kums","item":"https:\/\/test.puhdasplus.ee\/lv\/"},{"@type":"ListItem","position":2,"name":"Produkti","item":"https:\/\/test.puhdasplus.ee\/lv\/veikals\/"},{"@type":"ListItem","position":3,"name":"Augst\u0101k\u0101s kvalit\u0101tes Omega-3 180 mg EPA + 120 mg DHA"}]},{"@type":"WebSite","@id":"https:\/\/test.puhdasplus.ee\/lv\/#website","url":"https:\/\/test.puhdasplus.ee\/lv\/","name":"Puhdas+","description":"Vitamiinid, Toidulisandid, looduskosmeetika, tervis, sport","publisher":{"@id":"https:\/\/test.puhdasplus.ee\/lv\/#organization"},"potentialAction":[{"@type":"SearchAction","target":{"@type":"EntryPoint","urlTemplate":"https:\/\/test.puhdasplus.ee\/lv\/?s={search_term_string}"},"query-input":{"@type":"PropertyValueSpecification","valueRequired":true,"valueName":"search_term_string"}}],"inLanguage":"lv-LV"},{"@type":"Organization","@id":"https:\/\/test.puhdasplus.ee\/lv\/#organization","name":"Puhdas+","alternateName":"Puhdasplus","url":"https:\/\/test.puhdasplus.ee\/lv\/","logo":{"@type":"ImageObject","inLanguage":"lv-LV","@id":"https:\/\/test.puhdasplus.ee\/lv\/#\/schema\/logo\/image\/","url":"https:\/\/test.puhdasplus.ee\/\/wp-content\/uploads\/2019\/10\/puhdas_logo-arvele.png","contentUrl":"https:\/\/test.puhdasplus.ee\/\/wp-content\/uploads\/2019\/10\/puhdas_logo-arvele.png","width":114,"height":94,"caption":"Puhdas+"},"image":{"@id":"https:\/\/test.puhdasplus.ee\/lv\/#\/schema\/logo\/image\/"},"sameAs":["https:\/\/www.facebook.com\/puhdasplus","https:\/\/www.instagram.com\/puhdasplus_ee\/"]}]}},"_links":{"self":[{"href":"https:\/\/test.puhdasplus.ee\/lv\/wp-json\/wp\/v2\/product\/33320","targetHints":{"allow":["GET"]}}],"collection":[{"href":"https:\/\/test.puhdasplus.ee\/lv\/wp-json\/wp\/v2\/product"}],"about":[{"href":"https:\/\/test.puhdasplus.ee\/lv\/wp-json\/wp\/v2\/types\/product"}],"replies":[{"embeddable":true,"href":"https:\/\/test.puhdasplus.ee\/lv\/wp-json\/wp\/v2\/comments?post=33320"}],"wp:featuredmedia":[{"embeddable":true,"href":"https:\/\/test.puhdasplus.ee\/lv\/wp-json\/wp\/v2\/media\/32536"}],"wp:attachment":[{"href":"https:\/\/test.puhdasplus.ee\/lv\/wp-json\/wp\/v2\/media?parent=33320"}],"wp:term":[{"taxonomy":"product_brand","embeddable":true,"href":"https:\/\/test.puhdasplus.ee\/lv\/wp-json\/wp\/v2\/product_brand?post=33320"},{"taxonomy":"product_cat","embeddable":true,"href":"https:\/\/test.puhdasplus.ee\/lv\/wp-json\/wp\/v2\/product_cat?post=33320"},{"taxonomy":"product_tag","embeddable":true,"href":"https:\/\/test.puhdasplus.ee\/lv\/wp-json\/wp\/v2\/product_tag?post=33320"}],"curies":[{"name":"wp","href":"https:\/\/api.w.org\/{rel}","templated":true}]}}