{"id":33319,"date":"2025-01-16T14:27:00","date_gmt":"2025-01-16T12:27:00","guid":{"rendered":"https:\/\/test.puhdasplus.ee\/\/tooted\/uncategorized\/kvercetins-500-mg-60-kapsulas-uztura-bagatinatajs\/"},"modified":"2026-02-27T13:10:59","modified_gmt":"2026-02-27T11:10:59","slug":"kvercetins-500-mg-60-kapsulas-uztura-bagatinatajs","status":"publish","type":"product","link":"https:\/\/test.puhdasplus.ee\/lv\/tooted\/imunsistema\/kvercetins-500-mg-60-kapsulas-uztura-bagatinatajs\/","title":{"rendered":"Efekt\u012bvs kvercet\u012bns 500 mg 60 kapsulas"},"content":{"rendered":"<h2 data-start=\"107\" data-end=\"125\"><strong data-start=\"187\" data-end=\"215\">Efekt\u012bvs kvercet\u012bns 500 mg<\/strong><\/h2>\n<p data-start=\"107\" data-end=\"125\">  \u2013 ir kvalitat\u012bvs un t\u012brs uztura bag\u0101tin\u0101t\u0101js, kas satur sp\u0113c\u012bgu augu izcelsmes kvercet\u012bna devu. Kvercet\u012bns ir dabisks bioflavono\u012bds un augu savienojums, kas atrodams daudzos aug\u013cos un d\u0101rze\u0146os, piem\u0113ram, s\u012bpolos, \u0101bolos un og\u0101s. Tas ir \u0113rts veids, k\u0101 iek\u013caut kvercet\u012bnu sav\u0101 ikdienas uztur\u0101. <\/p>\n<h2 data-start=\"107\" data-end=\"125\">Galven\u0101s iez\u012bmes:<\/h2>\n<ul>\n<li data-start=\"632\" data-end=\"726\">\n<p data-start=\"634\" data-end=\"726\"><strong data-start=\"634\" data-end=\"654\">Ikdienas atbalsts:<\/strong> piem\u0113rots lieto\u0161anai labsaj\u016btas atbalstam un k\u0101 da\u013ca no daudzveid\u012bga uztura.<\/p>\n<\/li>\n<li data-start=\"727\" data-end=\"826\">\n<p data-start=\"729\" data-end=\"826\"><strong data-start=\"729\" data-end=\"753\">T\u012br\u012bba un kvalit\u0101te:<\/strong> bez nevajadz\u012bg\u0101m piedev\u0101m, piem\u0113rots veg\u0101niem un ve\u0123et\u0101rie\u0161iem.<\/p>\n<\/li>\n<li data-start=\"827\" data-end=\"879\">\n<p data-start=\"829\" data-end=\"879\"><strong data-start=\"829\" data-end=\"845\">Efekt\u012bv\u0101 deva:<\/strong> 500 mg kvercet\u012bna vien\u0101 kapsul\u0101.<\/p>\n<\/li>\n<\/ul>\n<h2 data-start=\"107\" data-end=\"125\">Sast\u0101vda\u013cas:<\/h2>\n<ul data-start=\"126\" data-end=\"338\">\n<li data-start=\"126\" data-end=\"167\">\n<p data-start=\"382\" data-end=\"613\">Kvercet\u012bns (500 mg vien\u0101 kapsul\u0101)<\/p>\n<\/li>\n<li data-start=\"126\" data-end=\"167\">\n<p data-start=\"382\" data-end=\"613\">Pildvielas: kalcija karbon\u0101ts, mikrokrist\u0101lisk\u0101 celuloze<\/p>\n<\/li>\n<li data-start=\"126\" data-end=\"167\">\n<p data-start=\"382\" data-end=\"613\">Stabilizators: hidroksipropilmetilceluloze<\/p>\n<\/li>\n<li data-start=\"126\" data-end=\"167\">\n<p data-start=\"382\" data-end=\"613\">D\u0101rze\u0146u kapsulas (stabilizators: hidroksipropilmetilceluloze)<\/p>\n<\/li>\n<li data-start=\"126\" data-end=\"167\">Nesatur pienu, laktozi, glut\u0113nu, soju, s\u0101li, cukuru vai saldin\u0101t\u0101jus.<\/li>\n<\/ul>\n<h2 data-start=\"340\" data-end=\"365\">Neto daudzums:<\/h2>\n<p data-start=\"340\" data-end=\"365\">60 kapsulas<\/p>\n<h2 data-start=\"490\" data-end=\"549\"><strong data-start=\"490\" data-end=\"509\">Lietojums:  <\/strong><\/h2>\n<p data-start=\"490\" data-end=\"549\">Ieteicam\u0101 deva: 1 kapsula dien\u0101, uzdzerot \u016bdeni. Ir svar\u012bgi \u0113st daudzveid\u012bgu un sabalans\u0113tu uzturu un iev\u0113rot vesel\u012bgu dz\u012bvesveidu.  Ieteicamo dienas devu nedr\u012bkst p\u0101rsniegt.<\/p>\n<h2 data-start=\"551\" data-end=\"567\">Br\u012bdin\u0101jumi:<\/h2>\n<ul data-start=\"568\" data-end=\"693\">\n<li data-start=\"568\" data-end=\"609\">\n<p data-start=\"570\" data-end=\"609\">Uztura bag\u0101tin\u0101t\u0101js neaizst\u0101j daudzveid\u012bgu uzturu vai vesel\u012bgu dz\u012bvesveidu.<\/p>\n<\/li>\n<li data-start=\"568\" data-end=\"609\">\n<p data-start=\"570\" data-end=\"609\">Konsult\u0113jieties ar \u0101rstu, ja esat gr\u016btniece, barojat b\u0113rnu ar kr\u016bti, Jums ir hroniskas slim\u012bbas vai lietojat medikamentus.<\/p>\n<\/li>\n<li data-start=\"568\" data-end=\"609\">\n<p data-start=\"570\" data-end=\"609\">Sarg\u0101t no b\u0113rniem.<\/p>\n<\/li>\n<\/ul>\n<p data-start=\"695\" data-end=\"753\"><strong data-start=\"695\" data-end=\"711\">Uzglab\u0101\u0161ana:<\/strong><br data-start=\"711\" data-end=\"714\"> Uzglab\u0101t saus\u0101 un v\u0113s\u0101 viet\u0101, sarg\u0101t no tie\u0161iem saules stariem.<\/p>\n<p data-start=\"695\" data-end=\"753\"><strong data-start=\"126\" data-end=\"137\">Ra\u017eot\u0101js:<\/strong> New Organics Oy, Somija.<\/p>\n<p data-start=\"695\" data-end=\"753\"><strong data-start=\"189\" data-end=\"210\" data-is-only-node=\"\">Import\u0113t\u0101js Igaunij\u0101:<\/strong> NordenBio O\u00dc, Narva mnt 7, 10117 Tallina, Igaunija.<\/p>\n","protected":false},"excerpt":{"rendered":"<p><strong data-start=\"187\" data-end=\"215\">Pure+ Effective Quercetin 500 mg<\/strong> ir augstas kvalit\u0101tes, t\u012brs uztura bag\u0101tin\u0101t\u0101js, kas satur sp\u0113c\u012bgu augu izcelsmes kvercet\u012bna devu. Kvercet\u012bns ir dab\u012bgs bioflavono\u012bds un augu savienojums, kas atrodams daudzos aug\u013cos un d\u0101rze\u0146os, piem\u0113ram, s\u012bpolos, \u0101bolos un og\u0101s. Tas ir \u0113rts veids, k\u0101 pievienot kvercet\u012bnu ikdienas uzturam.  <\/p>\n","protected":false},"featured_media":33322,"comment_status":"closed","ping_status":"closed","template":"","meta":{"_acf_changed":false},"product_brand":[],"product_cat":[3066],"product_tag":[3437,3425,3439,3438,3428,3440,3421,3424,3041,3427,3436,3431,3435,3423,3433,3429,3426,3430,3432,3434,3422],"class_list":{"0":"post-33319","1":"product","2":"type-product","3":"status-publish","4":"has-post-thumbnail","6":"product_cat-imunsistema","7":"product_tag-alergijas-simptomu-atvieglosana","8":"product_tag-antioksidantu-aizsardziba","9":"product_tag-asinsspiediena-regulesana","10":"product_tag-asinsvadu-aizsardziba","11":"product_tag-atbalstot-sirds-un-asinsvadu-veselibu","12":"product_tag-brivo-radikalu-neitralizacija","13":"product_tag-dabigi-uztura-bagatinataji","14":"product_tag-hidroksipropilmetilceluloze","15":"product_tag-imunitate","16":"product_tag-imunsistemas-stiprinasana","17":"product_tag-kalcija-karbonats","18":"product_tag-kvercetina-piedeva","19":"product_tag-kvercetins","20":"product_tag-mikrokristaliska-celuloze","21":"product_tag-oksidativa-stresa-mazinasana","22":"product_tag-pazeminot-holesterina-limeni","23":"product_tag-pretiekaisuma-iedarbiba","24":"product_tag-stiprinot-organisma-aizsardzibas-mehanismus","25":"product_tag-sunu-aizsardziba","26":"product_tag-tiri-uztura-bagatinataji","27":"product_tag-veganu-uztura-bagatinataji","29":"first","30":"instock","31":"taxable","32":"shipping-taxable","33":"purchasable","34":"product-type-simple"},"acf":[],"yoast_head":"<!-- This site is optimized with the Yoast SEO plugin v27.1.1 - https:\/\/yoast.com\/product\/yoast-seo-wordpress\/ -->\n<title>Efekt\u012bvs kvercet\u012bns 500 mg 60 kapsulas - Puhdas+<\/title>\n<meta name=\"description\" content=\"Dab\u012bgs antioksidants kvercet\u012bns 500 mg \u2013 atbalsta imunit\u0101ti, mazina aler\u0123ijas un pal\u012bdz organismam c\u012bn\u012bties ar oksidat\u012bvo stresu. Piem\u0113rots ar\u012b veg\u0101niem.\" \/>\n<meta name=\"robots\" content=\"noindex, follow, max-snippet:-1, max-image-preview:large, max-video-preview:-1\" \/>\n<meta property=\"og:locale\" content=\"lv_LV\" \/>\n<meta property=\"og:type\" content=\"article\" \/>\n<meta property=\"og:title\" content=\"Efekt\u012bvs kvercet\u012bns 500 mg 60 kapsulas - Puhdas+\" \/>\n<meta property=\"og:description\" content=\"Dab\u012bgs antioksidants kvercet\u012bns 500 mg \u2013 atbalsta imunit\u0101ti, mazina aler\u0123ijas un pal\u012bdz organismam c\u012bn\u012bties ar oksidat\u012bvo stresu. Piem\u0113rots ar\u012b veg\u0101niem.\" \/>\n<meta property=\"og:url\" content=\"https:\/\/test.puhdasplus.ee\/lv\/tooted\/imunsistema\/kvercetins-500-mg-60-kapsulas-uztura-bagatinatajs\/\" \/>\n<meta property=\"og:site_name\" content=\"Puhdas+\" \/>\n<meta property=\"article:publisher\" content=\"https:\/\/www.facebook.com\/puhdasplus\" \/>\n<meta property=\"article:modified_time\" content=\"2026-02-27T11:10:59+00:00\" \/>\n<meta property=\"og:image\" content=\"https:\/\/test.puhdasplus.ee\/wp-content\/uploads\/2025\/03\/181.jpg\" \/>\n\t<meta property=\"og:image:width\" content=\"1862\" \/>\n\t<meta property=\"og:image:height\" content=\"2560\" \/>\n\t<meta property=\"og:image:type\" content=\"image\/jpeg\" \/>\n<meta name=\"twitter:card\" content=\"summary_large_image\" \/>\n<meta name=\"twitter:label1\" content=\"Est. reading time\" \/>\n\t<meta name=\"twitter:data1\" content=\"1 minute\" \/>\n<script type=\"application\/ld+json\" class=\"yoast-schema-graph\">{\"@context\":\"https:\/\/schema.org\",\"@graph\":[{\"@type\":\"WebPage\",\"@id\":\"https:\/\/test.puhdasplus.ee\/lv\/tooted\/imunsistema\/kvercetins-500-mg-60-kapsulas-uztura-bagatinatajs\/\",\"url\":\"https:\/\/test.puhdasplus.ee\/lv\/tooted\/imunsistema\/kvercetins-500-mg-60-kapsulas-uztura-bagatinatajs\/\",\"name\":\"Efekt\u012bvs kvercet\u012bns 500 mg 60 kapsulas - Puhdas+\",\"isPartOf\":{\"@id\":\"https:\/\/test.puhdasplus.ee\/lv\/#website\"},\"primaryImageOfPage\":{\"@id\":\"https:\/\/test.puhdasplus.ee\/lv\/tooted\/imunsistema\/kvercetins-500-mg-60-kapsulas-uztura-bagatinatajs\/#primaryimage\"},\"image\":{\"@id\":\"https:\/\/test.puhdasplus.ee\/lv\/tooted\/imunsistema\/kvercetins-500-mg-60-kapsulas-uztura-bagatinatajs\/#primaryimage\"},\"thumbnailUrl\":\"https:\/\/test.puhdasplus.ee\/wp-content\/uploads\/2025\/03\/181.jpg\",\"datePublished\":\"2025-01-16T12:27:00+00:00\",\"dateModified\":\"2026-02-27T11:10:59+00:00\",\"description\":\"Dab\u012bgs antioksidants kvercet\u012bns 500 mg \u2013 atbalsta imunit\u0101ti, mazina aler\u0123ijas un pal\u012bdz organismam c\u012bn\u012bties ar oksidat\u012bvo stresu. Piem\u0113rots ar\u012b veg\u0101niem.\",\"breadcrumb\":{\"@id\":\"https:\/\/test.puhdasplus.ee\/lv\/tooted\/imunsistema\/kvercetins-500-mg-60-kapsulas-uztura-bagatinatajs\/#breadcrumb\"},\"inLanguage\":\"lv-LV\",\"potentialAction\":[{\"@type\":\"ReadAction\",\"target\":[\"https:\/\/test.puhdasplus.ee\/lv\/tooted\/imunsistema\/kvercetins-500-mg-60-kapsulas-uztura-bagatinatajs\/\"]}]},{\"@type\":\"ImageObject\",\"inLanguage\":\"lv-LV\",\"@id\":\"https:\/\/test.puhdasplus.ee\/lv\/tooted\/imunsistema\/kvercetins-500-mg-60-kapsulas-uztura-bagatinatajs\/#primaryimage\",\"url\":\"https:\/\/test.puhdasplus.ee\/wp-content\/uploads\/2025\/03\/181.jpg\",\"contentUrl\":\"https:\/\/test.puhdasplus.ee\/wp-content\/uploads\/2025\/03\/181.jpg\",\"width\":1862,\"height\":2560,\"caption\":\"Kvercet\u012bns 500 mg 60 kapsulas\"},{\"@type\":\"BreadcrumbList\",\"@id\":\"https:\/\/test.puhdasplus.ee\/lv\/tooted\/imunsistema\/kvercetins-500-mg-60-kapsulas-uztura-bagatinatajs\/#breadcrumb\",\"itemListElement\":[{\"@type\":\"ListItem\",\"position\":1,\"name\":\"S\u0101kums\",\"item\":\"https:\/\/test.puhdasplus.ee\/lv\/\"},{\"@type\":\"ListItem\",\"position\":2,\"name\":\"Produkti\",\"item\":\"https:\/\/test.puhdasplus.ee\/lv\/veikals\/\"},{\"@type\":\"ListItem\",\"position\":3,\"name\":\"Efekt\u012bvs kvercet\u012bns 500 mg 60 kapsulas\"}]},{\"@type\":\"WebSite\",\"@id\":\"https:\/\/test.puhdasplus.ee\/lv\/#website\",\"url\":\"https:\/\/test.puhdasplus.ee\/lv\/\",\"name\":\"Puhdas+\",\"description\":\"Vitamiinid, Toidulisandid, looduskosmeetika, tervis, sport\",\"publisher\":{\"@id\":\"https:\/\/test.puhdasplus.ee\/lv\/#organization\"},\"potentialAction\":[{\"@type\":\"SearchAction\",\"target\":{\"@type\":\"EntryPoint\",\"urlTemplate\":\"https:\/\/test.puhdasplus.ee\/lv\/?s={search_term_string}\"},\"query-input\":{\"@type\":\"PropertyValueSpecification\",\"valueRequired\":true,\"valueName\":\"search_term_string\"}}],\"inLanguage\":\"lv-LV\"},{\"@type\":\"Organization\",\"@id\":\"https:\/\/test.puhdasplus.ee\/lv\/#organization\",\"name\":\"Puhdas+\",\"alternateName\":\"Puhdasplus\",\"url\":\"https:\/\/test.puhdasplus.ee\/lv\/\",\"logo\":{\"@type\":\"ImageObject\",\"inLanguage\":\"lv-LV\",\"@id\":\"https:\/\/test.puhdasplus.ee\/lv\/#\/schema\/logo\/image\/\",\"url\":\"https:\/\/test.puhdasplus.ee\/\/wp-content\/uploads\/2019\/10\/puhdas_logo-arvele.png\",\"contentUrl\":\"https:\/\/test.puhdasplus.ee\/\/wp-content\/uploads\/2019\/10\/puhdas_logo-arvele.png\",\"width\":114,\"height\":94,\"caption\":\"Puhdas+\"},\"image\":{\"@id\":\"https:\/\/test.puhdasplus.ee\/lv\/#\/schema\/logo\/image\/\"},\"sameAs\":[\"https:\/\/www.facebook.com\/puhdasplus\",\"https:\/\/www.instagram.com\/puhdasplus_ee\/\"]}]}<\/script>\n<!-- \/ Yoast SEO plugin. -->","yoast_head_json":{"title":"Efekt\u012bvs kvercet\u012bns 500 mg 60 kapsulas - Puhdas+","description":"Dab\u012bgs antioksidants kvercet\u012bns 500 mg \u2013 atbalsta imunit\u0101ti, mazina aler\u0123ijas un pal\u012bdz organismam c\u012bn\u012bties ar oksidat\u012bvo stresu. Piem\u0113rots ar\u012b veg\u0101niem.","robots":{"index":"noindex","follow":"follow","max-snippet":"max-snippet:-1","max-image-preview":"max-image-preview:large","max-video-preview":"max-video-preview:-1"},"og_locale":"lv_LV","og_type":"article","og_title":"Efekt\u012bvs kvercet\u012bns 500 mg 60 kapsulas - Puhdas+","og_description":"Dab\u012bgs antioksidants kvercet\u012bns 500 mg \u2013 atbalsta imunit\u0101ti, mazina aler\u0123ijas un pal\u012bdz organismam c\u012bn\u012bties ar oksidat\u012bvo stresu. Piem\u0113rots ar\u012b veg\u0101niem.","og_url":"https:\/\/test.puhdasplus.ee\/lv\/tooted\/imunsistema\/kvercetins-500-mg-60-kapsulas-uztura-bagatinatajs\/","og_site_name":"Puhdas+","article_publisher":"https:\/\/www.facebook.com\/puhdasplus","article_modified_time":"2026-02-27T11:10:59+00:00","og_image":[{"width":1862,"height":2560,"url":"https:\/\/test.puhdasplus.ee\/wp-content\/uploads\/2025\/03\/181.jpg","type":"image\/jpeg"}],"twitter_card":"summary_large_image","twitter_misc":{"Est. reading time":"1 minute"},"schema":{"@context":"https:\/\/schema.org","@graph":[{"@type":"WebPage","@id":"https:\/\/test.puhdasplus.ee\/lv\/tooted\/imunsistema\/kvercetins-500-mg-60-kapsulas-uztura-bagatinatajs\/","url":"https:\/\/test.puhdasplus.ee\/lv\/tooted\/imunsistema\/kvercetins-500-mg-60-kapsulas-uztura-bagatinatajs\/","name":"Efekt\u012bvs kvercet\u012bns 500 mg 60 kapsulas - Puhdas+","isPartOf":{"@id":"https:\/\/test.puhdasplus.ee\/lv\/#website"},"primaryImageOfPage":{"@id":"https:\/\/test.puhdasplus.ee\/lv\/tooted\/imunsistema\/kvercetins-500-mg-60-kapsulas-uztura-bagatinatajs\/#primaryimage"},"image":{"@id":"https:\/\/test.puhdasplus.ee\/lv\/tooted\/imunsistema\/kvercetins-500-mg-60-kapsulas-uztura-bagatinatajs\/#primaryimage"},"thumbnailUrl":"https:\/\/test.puhdasplus.ee\/wp-content\/uploads\/2025\/03\/181.jpg","datePublished":"2025-01-16T12:27:00+00:00","dateModified":"2026-02-27T11:10:59+00:00","description":"Dab\u012bgs antioksidants kvercet\u012bns 500 mg \u2013 atbalsta imunit\u0101ti, mazina aler\u0123ijas un pal\u012bdz organismam c\u012bn\u012bties ar oksidat\u012bvo stresu. Piem\u0113rots ar\u012b veg\u0101niem.","breadcrumb":{"@id":"https:\/\/test.puhdasplus.ee\/lv\/tooted\/imunsistema\/kvercetins-500-mg-60-kapsulas-uztura-bagatinatajs\/#breadcrumb"},"inLanguage":"lv-LV","potentialAction":[{"@type":"ReadAction","target":["https:\/\/test.puhdasplus.ee\/lv\/tooted\/imunsistema\/kvercetins-500-mg-60-kapsulas-uztura-bagatinatajs\/"]}]},{"@type":"ImageObject","inLanguage":"lv-LV","@id":"https:\/\/test.puhdasplus.ee\/lv\/tooted\/imunsistema\/kvercetins-500-mg-60-kapsulas-uztura-bagatinatajs\/#primaryimage","url":"https:\/\/test.puhdasplus.ee\/wp-content\/uploads\/2025\/03\/181.jpg","contentUrl":"https:\/\/test.puhdasplus.ee\/wp-content\/uploads\/2025\/03\/181.jpg","width":1862,"height":2560,"caption":"Kvercet\u012bns 500 mg 60 kapsulas"},{"@type":"BreadcrumbList","@id":"https:\/\/test.puhdasplus.ee\/lv\/tooted\/imunsistema\/kvercetins-500-mg-60-kapsulas-uztura-bagatinatajs\/#breadcrumb","itemListElement":[{"@type":"ListItem","position":1,"name":"S\u0101kums","item":"https:\/\/test.puhdasplus.ee\/lv\/"},{"@type":"ListItem","position":2,"name":"Produkti","item":"https:\/\/test.puhdasplus.ee\/lv\/veikals\/"},{"@type":"ListItem","position":3,"name":"Efekt\u012bvs kvercet\u012bns 500 mg 60 kapsulas"}]},{"@type":"WebSite","@id":"https:\/\/test.puhdasplus.ee\/lv\/#website","url":"https:\/\/test.puhdasplus.ee\/lv\/","name":"Puhdas+","description":"Vitamiinid, Toidulisandid, looduskosmeetika, tervis, sport","publisher":{"@id":"https:\/\/test.puhdasplus.ee\/lv\/#organization"},"potentialAction":[{"@type":"SearchAction","target":{"@type":"EntryPoint","urlTemplate":"https:\/\/test.puhdasplus.ee\/lv\/?s={search_term_string}"},"query-input":{"@type":"PropertyValueSpecification","valueRequired":true,"valueName":"search_term_string"}}],"inLanguage":"lv-LV"},{"@type":"Organization","@id":"https:\/\/test.puhdasplus.ee\/lv\/#organization","name":"Puhdas+","alternateName":"Puhdasplus","url":"https:\/\/test.puhdasplus.ee\/lv\/","logo":{"@type":"ImageObject","inLanguage":"lv-LV","@id":"https:\/\/test.puhdasplus.ee\/lv\/#\/schema\/logo\/image\/","url":"https:\/\/test.puhdasplus.ee\/\/wp-content\/uploads\/2019\/10\/puhdas_logo-arvele.png","contentUrl":"https:\/\/test.puhdasplus.ee\/\/wp-content\/uploads\/2019\/10\/puhdas_logo-arvele.png","width":114,"height":94,"caption":"Puhdas+"},"image":{"@id":"https:\/\/test.puhdasplus.ee\/lv\/#\/schema\/logo\/image\/"},"sameAs":["https:\/\/www.facebook.com\/puhdasplus","https:\/\/www.instagram.com\/puhdasplus_ee\/"]}]}},"_links":{"self":[{"href":"https:\/\/test.puhdasplus.ee\/lv\/wp-json\/wp\/v2\/product\/33319","targetHints":{"allow":["GET"]}}],"collection":[{"href":"https:\/\/test.puhdasplus.ee\/lv\/wp-json\/wp\/v2\/product"}],"about":[{"href":"https:\/\/test.puhdasplus.ee\/lv\/wp-json\/wp\/v2\/types\/product"}],"replies":[{"embeddable":true,"href":"https:\/\/test.puhdasplus.ee\/lv\/wp-json\/wp\/v2\/comments?post=33319"}],"wp:featuredmedia":[{"embeddable":true,"href":"https:\/\/test.puhdasplus.ee\/lv\/wp-json\/wp\/v2\/media\/33322"}],"wp:attachment":[{"href":"https:\/\/test.puhdasplus.ee\/lv\/wp-json\/wp\/v2\/media?parent=33319"}],"wp:term":[{"taxonomy":"product_brand","embeddable":true,"href":"https:\/\/test.puhdasplus.ee\/lv\/wp-json\/wp\/v2\/product_brand?post=33319"},{"taxonomy":"product_cat","embeddable":true,"href":"https:\/\/test.puhdasplus.ee\/lv\/wp-json\/wp\/v2\/product_cat?post=33319"},{"taxonomy":"product_tag","embeddable":true,"href":"https:\/\/test.puhdasplus.ee\/lv\/wp-json\/wp\/v2\/product_tag?post=33319"}],"curies":[{"name":"wp","href":"https:\/\/api.w.org\/{rel}","templated":true}]}}