{"id":33289,"date":"2024-07-15T15:18:58","date_gmt":"2024-07-15T12:18:58","guid":{"rendered":"https:\/\/test.puhdasplus.ee\/\/tooted\/uncategorized\/skaistuma-biotins-5000-%c2%b5g-60-kapsulas\/"},"modified":"2026-03-10T14:10:26","modified_gmt":"2026-03-10T12:10:26","slug":"skaistuma-biotins-5000-%c2%b5g-60-kapsulas","status":"publish","type":"product","link":"https:\/\/test.puhdasplus.ee\/lv\/tooted\/ipasie-piedavajumi\/skaistuma-biotins-5000-%c2%b5g-60-kapsulas\/","title":{"rendered":"Skaistuma biot\u012bns 5000 \u00b5g 60 kapsulas"},"content":{"rendered":"<h2 data-start=\"304\" data-end=\"329\">Kas ir biot\u012bns?<\/h2>\n<p class=\"\" data-start=\"331\" data-end=\"623\">Biot\u012bns, kas paz\u012bstams ar\u012b k\u0101 B7 vitam\u012bns vai H vitam\u012bns, ir \u016bden\u012b \u0161\u0137\u012bsto\u0161s B vitam\u012bns, kam ir svar\u012bga loma <strong data-start=\"442\" data-end=\"495\">organisma vielmai\u0146\u0101, nervu sist\u0113mas darb\u012bb\u0101<\/strong> , k\u0101 ar\u012b <strong data-start=\"501\" data-end=\"527\">matu un \u0101das labsaj\u016bt\u0101<\/strong> . Biot\u012bns pal\u012bdz organismam izmantot taukus, olbaltumvielas un og\u013chidr\u0101tus un atbalsta \u0161\u016bnu ener\u0123ijas vielmai\u0146u. <\/p>\n<p class=\"\" data-start=\"625\" data-end=\"830\">T\u0101 k\u0101 biot\u012bnam ir tie\u0161a ietekme uz kerat\u012bna \u2013 galven\u0101 matu, \u0101das un nagu veidojo\u0161\u0101 prote\u012bna \u2013 ra\u017eo\u0161anu, tas ir viens no svar\u012bg\u0101kajiem vitam\u012bniem, ja v\u0113laties <strong data-start=\"781\" data-end=\"829\">vesel\u012bgus matus, stiprus nagus un mirdzo\u0161u \u0101du<\/strong> .<\/p>\n<h2 data-start=\"837\" data-end=\"889\">K\u0101p\u0113c Pure+ Biot\u012bns 5000 \u00b5g ir labv\u0113l\u012bgs?<\/h2>\n<h3 data-start=\"893\" data-end=\"1108\">Veicina norm\u0101lu matu st\u0101vokli<\/h3>\n<p data-start=\"893\" data-end=\"1108\">Biot\u012bns atbalsta kerat\u012bna ra\u017eo\u0161anu, t\u0101d\u0113j\u0101di veicinot matu aug\u0161anu, biezumu un stipr\u012bbu. Piem\u0113rots tiem, kas v\u0113las uztur\u0113t matus lab\u0101 st\u0101vokl\u012b vai saglab\u0101t labus izskatus. <\/p>\n<h3 data-start=\"1112\" data-end=\"1290\">R\u016bp\u0113jas par \u0101du un g\u013cot\u0101d\u0101m<\/h3>\n<p class=\"\" data-start=\"1112\" data-end=\"1290\">Biot\u012bns pal\u012bdz uztur\u0113t \u0101du vesel\u012bgu un mitrin\u0101tu, k\u0101 ar\u012b atbalsta norm\u0101lu g\u013cot\u0101du st\u0101vokli, pal\u012bdzot nov\u0113rst sausumu vai kairin\u0101jumu.<\/p>\n<h3 data-start=\"1294\" data-end=\"1442\">Atbalsta nervu sist\u0113mu<\/h3>\n<p class=\"\" data-start=\"1294\" data-end=\"1442\">Vitam\u012bns B7 veicina norm\u0101lu nervu sist\u0113mas darb\u012bbu, un biot\u012bns veicina norm\u0101lu nervu sist\u0113mas darb\u012bbu.<\/p>\n<h3 data-start=\"1446\" data-end=\"1681\">Piem\u0113rots veg\u0101niem un cilv\u0113kiem ar jut\u012bgu gremo\u0161anas sist\u0113mu<\/h3>\n<p class=\"\" data-start=\"1446\" data-end=\"1681\">Pure+ Biotin 5000 \u00b5g ir 100% t\u012brs produkts, kas nesatur glut\u0113nu, laktozi, cukuru, raugu, s\u0101li, cieti, soju vai m\u0101ksl\u012bgos saldin\u0101t\u0101jus. Tas ir ide\u0101li piem\u0113rots ar\u012b veg\u0101niem. <\/p>\n<h2 data-start=\"1688\" data-end=\"1723\">Kam \u0161is produkts ir piem\u0113rots?<\/h2>\n<ul data-start=\"1725\" data-end=\"2080\">\n<li class=\"\" data-start=\"1725\" data-end=\"1804\">\n<p class=\"\" data-start=\"1727\" data-end=\"1804\">Cilv\u0113kiem, kuriem ir probl\u0113mas ar matu izkri\u0161anu vai pl\u0101niem matiem<\/p>\n<\/li>\n<li class=\"\" data-start=\"1805\" data-end=\"1873\">\n<p class=\"\" data-start=\"1807\" data-end=\"1873\">Tiem, kas v\u0113las stiprin\u0101t nagus vai uzlabot \u0101das st\u0101vokli<\/p>\n<\/li>\n<li class=\"\" data-start=\"1874\" data-end=\"1942\">\n<p class=\"\" data-start=\"1876\" data-end=\"1942\">Ikvienam, kur\u0161 v\u0113las atbalst\u012bt vielmai\u0146u un nervu sist\u0113mas darb\u012bbu<\/p>\n<\/li>\n<li class=\"\" data-start=\"1943\" data-end=\"2024\">\n<p class=\"\" data-start=\"1945\" data-end=\"2024\">Ve\u0123et\u0101rie\u0161iem un veg\u0101niem, kuru biot\u012bna l\u012bmenis var b\u016bt ierobe\u017eots uztura d\u0113\u013c<\/p>\n<\/li>\n<li class=\"\" data-start=\"2025\" data-end=\"2080\">\n<p class=\"\" data-start=\"2027\" data-end=\"2080\">Ikdienas lieto\u0161anai k\u0101 da\u013ca no skaistumkop\u0161anas un labsaj\u016btas rut\u012bnas<\/p>\n<\/li>\n<\/ul>\n<h2 data-start=\"2087\" data-end=\"2108\">Lietojums<\/h2>\n<p class=\"\" data-start=\"2110\" data-end=\"2169\"><strong data-start=\"2110\" data-end=\"2139\">Ieteicam\u0101 dienas deva:<\/strong> 1 kapsula dien\u0101, uzdzerot \u016bdeni.<\/p>\n<p class=\"\" data-start=\"2171\" data-end=\"2319\">Nep\u0101rsniedziet ieteicamo dienas devu. Uztura bag\u0101tin\u0101t\u0101js neaizst\u0101j daudzveid\u012bgu uzturu vai vesel\u012bgu dz\u012bvesveidu. Sarg\u0101t no b\u0113rniem.  <\/p>\n<h2 data-start=\"2326\" data-end=\"2364\">Sast\u0101vda\u013cas un uzturv\u0113rt\u012bba<\/h2>\n<ul data-start=\"2366\" data-end=\"2545\">\n<li class=\"\" data-start=\"2366\" data-end=\"2481\">\n<p class=\"\" data-start=\"2368\" data-end=\"2481\"><strong data-start=\"2368\" data-end=\"2384\">Sast\u0101vda\u013cas:<\/strong> mikrokrist\u0101lisk\u0101 celuloze (pildviela), kapsula (hidroksipropilmetilceluloze), D-biot\u012bns<\/p>\n<\/li>\n<li class=\"\" data-start=\"2482\" data-end=\"2545\">\n<p class=\"\" data-start=\"2484\" data-end=\"2508\"><strong data-start=\"2484\" data-end=\"2506\">1 kapsula satur:<\/strong><\/p>\n<ul data-start=\"2511\" data-end=\"2545\">\n<li class=\"\" data-start=\"2511\" data-end=\"2545\">\n<p class=\"\" data-start=\"2513\" data-end=\"2545\">Biot\u012bns: 5000 \u00b5g (10 000% no ieteicam\u0101s dienas devas*)<\/p>\n<\/li>\n<\/ul>\n<\/li>\n<\/ul>\n<p class=\"\" data-start=\"2547\" data-end=\"2581\">(*NRV \u2013 ieteicam\u0101 dienas deva)<\/p>\n<p data-start=\"2547\" data-end=\"2581\"><strong data-start=\"104\" data-end=\"115\">Ra\u017eot\u0101js:<\/strong> New Organics Oy, Somija<br data-start=\"138\" data-end=\"141\"><strong data-start=\"141\" data-end=\"156\">Import\u0113t\u0101js:<\/strong> NordenBio O\u00dc, Narva mnt 7, 10117 Tallina, Igaunija<\/p>\n","protected":false},"excerpt":{"rendered":"<blockquote><p><b>Pure+ Strong Biotin 5000 \u00b5g ir augstas kvalit\u0101tes uztura bag\u0101tin\u0101t\u0101js, kas satur lielu devu viegli uzs\u016bcama biot\u012bna (B7 vitam\u012bna). Biot\u012bns pal\u012bdz uztur\u0113t norm\u0101lu matu, \u0101das un g\u013cot\u0101du st\u0101vokli un atbalsta norm\u0101lu nervu sist\u0113mas darb\u012bbu. Produkts ir ra\u017eots Somij\u0101, nesatur laktozi, glut\u0113nu, raugu, cukuru, s\u0101li, soju vai m\u0101ksl\u012bgas piedevas un ir piem\u0113rots veg\u0101niem.  <\/b><\/p><\/blockquote>\n","protected":false},"featured_media":33294,"comment_status":"closed","ping_status":"closed","template":"","meta":{"_acf_changed":false},"product_brand":[],"product_cat":[3296,3297,3067],"product_tag":[3301,3303,3299,3309,3315,3310,3317,3312,3307,3316,2559,3304],"class_list":{"0":"post-33289","1":"product","2":"type-product","3":"status-publish","4":"has-post-thumbnail","6":"product_cat-ada-mati-nagi","7":"product_cat-biotins","8":"product_cat-ipasie-piedavajumi","9":"product_tag-adas-veseliba","10":"product_tag-biotina-piedeva","11":"product_tag-biotins","12":"product_tag-biotins-5000-g","13":"product_tag-keratina-razosana","14":"product_tag-matu-augsanas-atbalsts","15":"product_tag-mirdzosa-ada","16":"product_tag-nagu-stiprinasana","17":"product_tag-skaistuma-vitamins","18":"product_tag-stipri-nagi","19":"product_tag-tirs-skaistums","20":"product_tag-vegans-biotins","22":"first","23":"instock","24":"sale","25":"taxable","26":"shipping-taxable","27":"purchasable","28":"product-type-simple"},"acf":[],"yoast_head":"<!-- This site is optimized with the Yoast SEO plugin v27.1.1 - https:\/\/yoast.com\/product\/yoast-seo-wordpress\/ -->\n<title>Skaistuma biot\u012bns 5000 \u00b5g 60 kapsulas - Puhdas+<\/title>\n<meta name=\"description\" content=\"Beauty Biotin 5000 \u00b5g \u2013 augstas iedarb\u012bbas biot\u012bna uztura bag\u0101tin\u0101t\u0101js, kas atbalsta matu aug\u0161anu, nagu stipr\u012bbu un \u0101das vesel\u012bbu. Piem\u0113rots veg\u0101niem!\" \/>\n<meta name=\"robots\" content=\"noindex, follow, max-snippet:-1, max-image-preview:large, max-video-preview:-1\" \/>\n<meta property=\"og:locale\" content=\"lv_LV\" \/>\n<meta property=\"og:type\" content=\"article\" \/>\n<meta property=\"og:title\" content=\"Skaistuma biot\u012bns 5000 \u00b5g 60 kapsulas - Puhdas+\" \/>\n<meta property=\"og:description\" content=\"Beauty Biotin 5000 \u00b5g \u2013 augstas iedarb\u012bbas biot\u012bna uztura bag\u0101tin\u0101t\u0101js, kas atbalsta matu aug\u0161anu, nagu stipr\u012bbu un \u0101das vesel\u012bbu. Piem\u0113rots veg\u0101niem!\" \/>\n<meta property=\"og:url\" content=\"https:\/\/test.puhdasplus.ee\/lv\/tooted\/ipasie-piedavajumi\/skaistuma-biotins-5000-%c2%b5g-60-kapsulas\/\" \/>\n<meta property=\"og:site_name\" content=\"Puhdas+\" \/>\n<meta property=\"article:publisher\" content=\"https:\/\/www.facebook.com\/puhdasplus\" \/>\n<meta property=\"article:modified_time\" content=\"2026-03-10T12:10:26+00:00\" \/>\n<meta property=\"og:image\" content=\"https:\/\/test.puhdasplus.ee\/wp-content\/uploads\/2025\/03\/106.jpg\" \/>\n\t<meta property=\"og:image:width\" content=\"1862\" \/>\n\t<meta property=\"og:image:height\" content=\"2560\" \/>\n\t<meta property=\"og:image:type\" content=\"image\/jpeg\" \/>\n<meta name=\"twitter:card\" content=\"summary_large_image\" \/>\n<meta name=\"twitter:label1\" content=\"Est. reading time\" \/>\n\t<meta name=\"twitter:data1\" content=\"2 min\u016btes\" \/>\n<script type=\"application\/ld+json\" class=\"yoast-schema-graph\">{\"@context\":\"https:\/\/schema.org\",\"@graph\":[{\"@type\":\"WebPage\",\"@id\":\"https:\/\/test.puhdasplus.ee\/lv\/tooted\/ipasie-piedavajumi\/skaistuma-biotins-5000-%c2%b5g-60-kapsulas\/\",\"url\":\"https:\/\/test.puhdasplus.ee\/lv\/tooted\/ipasie-piedavajumi\/skaistuma-biotins-5000-%c2%b5g-60-kapsulas\/\",\"name\":\"Skaistuma biot\u012bns 5000 \u00b5g 60 kapsulas - Puhdas+\",\"isPartOf\":{\"@id\":\"https:\/\/test.puhdasplus.ee\/lv\/#website\"},\"primaryImageOfPage\":{\"@id\":\"https:\/\/test.puhdasplus.ee\/lv\/tooted\/ipasie-piedavajumi\/skaistuma-biotins-5000-%c2%b5g-60-kapsulas\/#primaryimage\"},\"image\":{\"@id\":\"https:\/\/test.puhdasplus.ee\/lv\/tooted\/ipasie-piedavajumi\/skaistuma-biotins-5000-%c2%b5g-60-kapsulas\/#primaryimage\"},\"thumbnailUrl\":\"https:\/\/test.puhdasplus.ee\/wp-content\/uploads\/2025\/03\/106.jpg\",\"datePublished\":\"2024-07-15T12:18:58+00:00\",\"dateModified\":\"2026-03-10T12:10:26+00:00\",\"description\":\"Beauty Biotin 5000 \u00b5g \u2013 augstas iedarb\u012bbas biot\u012bna uztura bag\u0101tin\u0101t\u0101js, kas atbalsta matu aug\u0161anu, nagu stipr\u012bbu un \u0101das vesel\u012bbu. Piem\u0113rots veg\u0101niem!\",\"breadcrumb\":{\"@id\":\"https:\/\/test.puhdasplus.ee\/lv\/tooted\/ipasie-piedavajumi\/skaistuma-biotins-5000-%c2%b5g-60-kapsulas\/#breadcrumb\"},\"inLanguage\":\"lv-LV\",\"potentialAction\":[{\"@type\":\"ReadAction\",\"target\":[\"https:\/\/test.puhdasplus.ee\/lv\/tooted\/ipasie-piedavajumi\/skaistuma-biotins-5000-%c2%b5g-60-kapsulas\/\"]}]},{\"@type\":\"ImageObject\",\"inLanguage\":\"lv-LV\",\"@id\":\"https:\/\/test.puhdasplus.ee\/lv\/tooted\/ipasie-piedavajumi\/skaistuma-biotins-5000-%c2%b5g-60-kapsulas\/#primaryimage\",\"url\":\"https:\/\/test.puhdasplus.ee\/wp-content\/uploads\/2025\/03\/106.jpg\",\"contentUrl\":\"https:\/\/test.puhdasplus.ee\/wp-content\/uploads\/2025\/03\/106.jpg\",\"width\":1862,\"height\":2560,\"caption\":\"Skaistuma biot\u012bns 5000 \u00b5g 60 ve\u0123et\u0101r\u0101s kapsulas\"},{\"@type\":\"BreadcrumbList\",\"@id\":\"https:\/\/test.puhdasplus.ee\/lv\/tooted\/ipasie-piedavajumi\/skaistuma-biotins-5000-%c2%b5g-60-kapsulas\/#breadcrumb\",\"itemListElement\":[{\"@type\":\"ListItem\",\"position\":1,\"name\":\"S\u0101kums\",\"item\":\"https:\/\/test.puhdasplus.ee\/lv\/\"},{\"@type\":\"ListItem\",\"position\":2,\"name\":\"Produkti\",\"item\":\"https:\/\/test.puhdasplus.ee\/lv\/veikals\/\"},{\"@type\":\"ListItem\",\"position\":3,\"name\":\"Skaistuma biot\u012bns 5000 \u00b5g 60 kapsulas\"}]},{\"@type\":\"WebSite\",\"@id\":\"https:\/\/test.puhdasplus.ee\/lv\/#website\",\"url\":\"https:\/\/test.puhdasplus.ee\/lv\/\",\"name\":\"Puhdas+\",\"description\":\"Vitamiinid, Toidulisandid, looduskosmeetika, tervis, sport\",\"publisher\":{\"@id\":\"https:\/\/test.puhdasplus.ee\/lv\/#organization\"},\"potentialAction\":[{\"@type\":\"SearchAction\",\"target\":{\"@type\":\"EntryPoint\",\"urlTemplate\":\"https:\/\/test.puhdasplus.ee\/lv\/?s={search_term_string}\"},\"query-input\":{\"@type\":\"PropertyValueSpecification\",\"valueRequired\":true,\"valueName\":\"search_term_string\"}}],\"inLanguage\":\"lv-LV\"},{\"@type\":\"Organization\",\"@id\":\"https:\/\/test.puhdasplus.ee\/lv\/#organization\",\"name\":\"Puhdas+\",\"alternateName\":\"Puhdasplus\",\"url\":\"https:\/\/test.puhdasplus.ee\/lv\/\",\"logo\":{\"@type\":\"ImageObject\",\"inLanguage\":\"lv-LV\",\"@id\":\"https:\/\/test.puhdasplus.ee\/lv\/#\/schema\/logo\/image\/\",\"url\":\"https:\/\/test.puhdasplus.ee\/\/wp-content\/uploads\/2019\/10\/puhdas_logo-arvele.png\",\"contentUrl\":\"https:\/\/test.puhdasplus.ee\/\/wp-content\/uploads\/2019\/10\/puhdas_logo-arvele.png\",\"width\":114,\"height\":94,\"caption\":\"Puhdas+\"},\"image\":{\"@id\":\"https:\/\/test.puhdasplus.ee\/lv\/#\/schema\/logo\/image\/\"},\"sameAs\":[\"https:\/\/www.facebook.com\/puhdasplus\",\"https:\/\/www.instagram.com\/puhdasplus_ee\/\"]}]}<\/script>\n<!-- \/ Yoast SEO plugin. -->","yoast_head_json":{"title":"Skaistuma biot\u012bns 5000 \u00b5g 60 kapsulas - Puhdas+","description":"Beauty Biotin 5000 \u00b5g \u2013 augstas iedarb\u012bbas biot\u012bna uztura bag\u0101tin\u0101t\u0101js, kas atbalsta matu aug\u0161anu, nagu stipr\u012bbu un \u0101das vesel\u012bbu. Piem\u0113rots veg\u0101niem!","robots":{"index":"noindex","follow":"follow","max-snippet":"max-snippet:-1","max-image-preview":"max-image-preview:large","max-video-preview":"max-video-preview:-1"},"og_locale":"lv_LV","og_type":"article","og_title":"Skaistuma biot\u012bns 5000 \u00b5g 60 kapsulas - Puhdas+","og_description":"Beauty Biotin 5000 \u00b5g \u2013 augstas iedarb\u012bbas biot\u012bna uztura bag\u0101tin\u0101t\u0101js, kas atbalsta matu aug\u0161anu, nagu stipr\u012bbu un \u0101das vesel\u012bbu. Piem\u0113rots veg\u0101niem!","og_url":"https:\/\/test.puhdasplus.ee\/lv\/tooted\/ipasie-piedavajumi\/skaistuma-biotins-5000-%c2%b5g-60-kapsulas\/","og_site_name":"Puhdas+","article_publisher":"https:\/\/www.facebook.com\/puhdasplus","article_modified_time":"2026-03-10T12:10:26+00:00","og_image":[{"width":1862,"height":2560,"url":"https:\/\/test.puhdasplus.ee\/wp-content\/uploads\/2025\/03\/106.jpg","type":"image\/jpeg"}],"twitter_card":"summary_large_image","twitter_misc":{"Est. reading time":"2 min\u016btes"},"schema":{"@context":"https:\/\/schema.org","@graph":[{"@type":"WebPage","@id":"https:\/\/test.puhdasplus.ee\/lv\/tooted\/ipasie-piedavajumi\/skaistuma-biotins-5000-%c2%b5g-60-kapsulas\/","url":"https:\/\/test.puhdasplus.ee\/lv\/tooted\/ipasie-piedavajumi\/skaistuma-biotins-5000-%c2%b5g-60-kapsulas\/","name":"Skaistuma biot\u012bns 5000 \u00b5g 60 kapsulas - Puhdas+","isPartOf":{"@id":"https:\/\/test.puhdasplus.ee\/lv\/#website"},"primaryImageOfPage":{"@id":"https:\/\/test.puhdasplus.ee\/lv\/tooted\/ipasie-piedavajumi\/skaistuma-biotins-5000-%c2%b5g-60-kapsulas\/#primaryimage"},"image":{"@id":"https:\/\/test.puhdasplus.ee\/lv\/tooted\/ipasie-piedavajumi\/skaistuma-biotins-5000-%c2%b5g-60-kapsulas\/#primaryimage"},"thumbnailUrl":"https:\/\/test.puhdasplus.ee\/wp-content\/uploads\/2025\/03\/106.jpg","datePublished":"2024-07-15T12:18:58+00:00","dateModified":"2026-03-10T12:10:26+00:00","description":"Beauty Biotin 5000 \u00b5g \u2013 augstas iedarb\u012bbas biot\u012bna uztura bag\u0101tin\u0101t\u0101js, kas atbalsta matu aug\u0161anu, nagu stipr\u012bbu un \u0101das vesel\u012bbu. Piem\u0113rots veg\u0101niem!","breadcrumb":{"@id":"https:\/\/test.puhdasplus.ee\/lv\/tooted\/ipasie-piedavajumi\/skaistuma-biotins-5000-%c2%b5g-60-kapsulas\/#breadcrumb"},"inLanguage":"lv-LV","potentialAction":[{"@type":"ReadAction","target":["https:\/\/test.puhdasplus.ee\/lv\/tooted\/ipasie-piedavajumi\/skaistuma-biotins-5000-%c2%b5g-60-kapsulas\/"]}]},{"@type":"ImageObject","inLanguage":"lv-LV","@id":"https:\/\/test.puhdasplus.ee\/lv\/tooted\/ipasie-piedavajumi\/skaistuma-biotins-5000-%c2%b5g-60-kapsulas\/#primaryimage","url":"https:\/\/test.puhdasplus.ee\/wp-content\/uploads\/2025\/03\/106.jpg","contentUrl":"https:\/\/test.puhdasplus.ee\/wp-content\/uploads\/2025\/03\/106.jpg","width":1862,"height":2560,"caption":"Skaistuma biot\u012bns 5000 \u00b5g 60 ve\u0123et\u0101r\u0101s kapsulas"},{"@type":"BreadcrumbList","@id":"https:\/\/test.puhdasplus.ee\/lv\/tooted\/ipasie-piedavajumi\/skaistuma-biotins-5000-%c2%b5g-60-kapsulas\/#breadcrumb","itemListElement":[{"@type":"ListItem","position":1,"name":"S\u0101kums","item":"https:\/\/test.puhdasplus.ee\/lv\/"},{"@type":"ListItem","position":2,"name":"Produkti","item":"https:\/\/test.puhdasplus.ee\/lv\/veikals\/"},{"@type":"ListItem","position":3,"name":"Skaistuma biot\u012bns 5000 \u00b5g 60 kapsulas"}]},{"@type":"WebSite","@id":"https:\/\/test.puhdasplus.ee\/lv\/#website","url":"https:\/\/test.puhdasplus.ee\/lv\/","name":"Puhdas+","description":"Vitamiinid, Toidulisandid, looduskosmeetika, tervis, sport","publisher":{"@id":"https:\/\/test.puhdasplus.ee\/lv\/#organization"},"potentialAction":[{"@type":"SearchAction","target":{"@type":"EntryPoint","urlTemplate":"https:\/\/test.puhdasplus.ee\/lv\/?s={search_term_string}"},"query-input":{"@type":"PropertyValueSpecification","valueRequired":true,"valueName":"search_term_string"}}],"inLanguage":"lv-LV"},{"@type":"Organization","@id":"https:\/\/test.puhdasplus.ee\/lv\/#organization","name":"Puhdas+","alternateName":"Puhdasplus","url":"https:\/\/test.puhdasplus.ee\/lv\/","logo":{"@type":"ImageObject","inLanguage":"lv-LV","@id":"https:\/\/test.puhdasplus.ee\/lv\/#\/schema\/logo\/image\/","url":"https:\/\/test.puhdasplus.ee\/\/wp-content\/uploads\/2019\/10\/puhdas_logo-arvele.png","contentUrl":"https:\/\/test.puhdasplus.ee\/\/wp-content\/uploads\/2019\/10\/puhdas_logo-arvele.png","width":114,"height":94,"caption":"Puhdas+"},"image":{"@id":"https:\/\/test.puhdasplus.ee\/lv\/#\/schema\/logo\/image\/"},"sameAs":["https:\/\/www.facebook.com\/puhdasplus","https:\/\/www.instagram.com\/puhdasplus_ee\/"]}]}},"_links":{"self":[{"href":"https:\/\/test.puhdasplus.ee\/lv\/wp-json\/wp\/v2\/product\/33289","targetHints":{"allow":["GET"]}}],"collection":[{"href":"https:\/\/test.puhdasplus.ee\/lv\/wp-json\/wp\/v2\/product"}],"about":[{"href":"https:\/\/test.puhdasplus.ee\/lv\/wp-json\/wp\/v2\/types\/product"}],"replies":[{"embeddable":true,"href":"https:\/\/test.puhdasplus.ee\/lv\/wp-json\/wp\/v2\/comments?post=33289"}],"wp:featuredmedia":[{"embeddable":true,"href":"https:\/\/test.puhdasplus.ee\/lv\/wp-json\/wp\/v2\/media\/33294"}],"wp:attachment":[{"href":"https:\/\/test.puhdasplus.ee\/lv\/wp-json\/wp\/v2\/media?parent=33289"}],"wp:term":[{"taxonomy":"product_brand","embeddable":true,"href":"https:\/\/test.puhdasplus.ee\/lv\/wp-json\/wp\/v2\/product_brand?post=33289"},{"taxonomy":"product_cat","embeddable":true,"href":"https:\/\/test.puhdasplus.ee\/lv\/wp-json\/wp\/v2\/product_cat?post=33289"},{"taxonomy":"product_tag","embeddable":true,"href":"https:\/\/test.puhdasplus.ee\/lv\/wp-json\/wp\/v2\/product_tag?post=33289"}],"curies":[{"name":"wp","href":"https:\/\/api.w.org\/{rel}","templated":true}]}}