{"id":33280,"date":"2025-01-15T17:36:42","date_gmt":"2025-01-15T15:36:42","guid":{"rendered":"https:\/\/test.puhdasplus.ee\/\/tooted\/uncategorized\/magnija-glicinats-200-g\/"},"modified":"2026-02-27T13:10:48","modified_gmt":"2026-02-27T11:10:48","slug":"magnija-glicinats-200-g","status":"publish","type":"product","link":"https:\/\/test.puhdasplus.ee\/lv\/tooted\/minerali\/magnijs\/magnija-glicinats-200-g\/","title":{"rendered":"Magnija glicin\u0101ts 200 g"},"content":{"rendered":"<h2 data-start=\"374\" data-end=\"396\">Kas ir Pure+ magnija glicin\u0101ts un k\u0101p\u0113c tas ir labv\u0113l\u012bgs?<\/h2>\n<p class=\"\" data-start=\"367\" data-end=\"762\">Pure+ magnija glicin\u0101ta pulveris ir t\u012brs, augstas kvalit\u0101tes magnija uztura bag\u0101tin\u0101t\u0101js, kas satur tikai vienu akt\u012bvo vielu \u2013 <strong data-start=\"503\" data-end=\"531\">magnija bisglicin\u0101tu<\/strong> , vienu no vislab\u0101k absorb\u0113jamaj\u0101m un sagremojamaj\u0101m magnija form\u0101m. Tas ir pulverveida uztura bag\u0101tin\u0101t\u0101js, ko viegli sajaukt ar \u016bdeni, sulu vai koktei\u013ciem, un tas ir lieliski piem\u0113rots tiem, kas nev\u0113las lietot kapsulas vai tabletes. <\/p>\n<p class=\"\" data-start=\"764\" data-end=\"1122\"><strong data-start=\"764\" data-end=\"791\">Magnija bisglicin\u0101ts<\/strong> ir magnija aminosk\u0101bes hel\u0101ts, kas noz\u012bm\u0113, ka magnijs saist\u0101s ar glic\u012bnu, iev\u0113rojami palielinot t\u0101 uzs\u016bk\u0161anos gremo\u0161anas trakt\u0101 un samazinot ku\u0146\u0123a darb\u012bbas trauc\u0113jumu risku. Tas padara to \u012bpa\u0161i piem\u0113rotu izv\u0113li cilv\u0113kiem ar jut\u012bgu gremo\u0161anu vai tiem, kuriem iepriek\u0161 ir biju\u0161as gr\u016bt\u012bbas panest citas magnija formas. <\/p>\n<p class=\"\" data-start=\"1124\" data-end=\"1162\">Magnijs ir svar\u012bgs miner\u0101ls, kas:<\/p>\n<ul data-start=\"1163\" data-end=\"1442\">\n<li class=\"\" data-start=\"1163\" data-end=\"1217\">\n<p class=\"\" data-start=\"1165\" data-end=\"1217\"><strong data-start=\"1165\" data-end=\"1214\">veicina norm\u0101lu musku\u013cu darb\u012bbu<\/strong> ,<\/p>\n<\/li>\n<li class=\"\" data-start=\"1218\" data-end=\"1276\">\n<p class=\"\" data-start=\"1220\" data-end=\"1276\"><strong data-start=\"1220\" data-end=\"1273\">atbalsta nervu sist\u0113mu un psiholo\u0123isk\u0101s funkcijas<\/strong> ,<\/p>\n<\/li>\n<li class=\"\" data-start=\"1277\" data-end=\"1316\">\n<p class=\"\" data-start=\"1279\" data-end=\"1316\"><strong data-start=\"1279\" data-end=\"1313\">mazina nogurumu un nesp\u0113ku<\/strong> ,<\/p>\n<\/li>\n<li class=\"\" data-start=\"1317\" data-end=\"1389\">\n<p class=\"\" data-start=\"1319\" data-end=\"1389\"><strong data-start=\"1319\" data-end=\"1386\">piedal\u0101s ener\u0123ijas metabolism\u0101 un elektrol\u012btu l\u012bdzsvara uztur\u0113\u0161an\u0101<\/strong> ;<\/p>\n<\/li>\n<li class=\"\" data-start=\"1390\" data-end=\"1442\">\n<p class=\"\" data-start=\"1392\" data-end=\"1442\"><strong data-start=\"1392\" data-end=\"1441\">atbalsta norm\u0101lu kaulu un zobu st\u0101vokli<\/strong> .<\/p>\n<\/li>\n<\/ul>\n<p class=\"p1\">T\u0101 k\u0101 magnijs no organisma tiek zaud\u0113ts katru dienu ar t\u0101diem faktoriem k\u0101 sv\u012b\u0161ana, stress un fizisk\u0101s aktivit\u0101tes, pietiekama magnija uz\u0146em\u0161ana var b\u016bt svar\u012bga labsaj\u016btas un ener\u0123ijas l\u012bme\u0146a uztur\u0113\u0161anai. Magnijs veicina norm\u0101lu musku\u013cu un nervu sist\u0113mas darb\u012bbu un pal\u012bdz mazin\u0101t nogurumu un nesp\u0113ku. <\/p>\n<p class=\"\" data-start=\"1834\" data-end=\"1870\">Pure+ magnija glicin\u0101ta pulveris:<\/p>\n<ul data-start=\"1871\" data-end=\"2090\">\n<li class=\"\" data-start=\"1871\" data-end=\"1936\">\n<p class=\"\" data-start=\"1873\" data-end=\"1936\">nesatur m\u0101ksl\u012bgas piedevas, kr\u0101svielas vai saldin\u0101t\u0101jus,<\/p>\n<\/li>\n<li class=\"\" data-start=\"1937\" data-end=\"1982\">\n<p class=\"\" data-start=\"1939\" data-end=\"1982\">piem\u0113rots <strong data-start=\"1945\" data-end=\"1979\">ve\u0123et\u0101rie\u0161iem un veg\u0101niem<\/strong> ,<\/p>\n<\/li>\n<li class=\"\" data-start=\"1983\" data-end=\"2027\">\n<p class=\"\" data-start=\"1985\" data-end=\"2027\"><strong data-start=\"1988\" data-end=\"2024\">nesatur laktozi, glut\u0113nu un soju<\/strong> ,<\/p>\n<\/li>\n<li class=\"\" data-start=\"2028\" data-end=\"2090\">\n<p class=\"\" data-start=\"2030\" data-end=\"2090\">ra\u017eots <strong data-start=\"2042\" data-end=\"2052\">Somij\u0101<\/strong> , iev\u0113rojot augstus kvalit\u0101tes standartus.<\/p>\n<\/li>\n<\/ul>\n<p class=\"\" data-start=\"2092\" data-end=\"2289\">Pateicoties vienk\u0101r\u0161ajam un t\u012brajam sast\u0101vam, t\u0101 ir ide\u0101la izv\u0113le cilv\u0113kiem, kuri v\u0113las papildin\u0101t magniju dabisk\u0101 un \u0113rt\u0101 veid\u0101 \u2013 bez nevajadz\u012bgu pildvielu vai kapsulu apvalku pievieno\u0161anas.<\/p>\n<h2 data-start=\"374\" data-end=\"396\">Kam tas ir piem\u0113rots?<\/h2>\n<p class=\"\" data-start=\"398\" data-end=\"517\"><span class=\"relative -mx-px my-[-0.2rem] rounded px-px py-[0.2rem] transition-colors duration-100 ease-in-out\">Produkts ir piem\u0113rots pieaugu\u0161ajiem, kuri v\u0113las papildin\u0101t savas magnija rezerves.<\/span> <span class=\"relative -mx-px my-[-0.2rem] rounded px-px py-[0.2rem] transition-colors duration-100 ease-in-out\">Tas var\u0113tu b\u016bt \u012bpa\u0161i noder\u012bgi tiem, kuri regul\u0101ri veic fiziskas aktivit\u0101tes, bie\u017ei j\u016btas noguru\u0161i vai izsmelti, vai v\u0113las atbalst\u012bt norm\u0101lu nervu sist\u0113mas darb\u012bbu.<\/span><\/p>\n<h2 data-start=\"524\" data-end=\"544\">K\u0101 lietot?<\/h2>\n<p class=\"\" data-start=\"546\" data-end=\"787\"><span class=\"relative -mx-px my-[-0.2rem] rounded px-px py-[0.2rem] transition-colors duration-100 ease-in-out\">Ieteicam\u0101 deva ir 3 m\u0113rkarotes dien\u0101.<\/span> <span class=\"relative -mx-px my-[-0.2rem] rounded px-px py-[0.2rem] transition-colors duration-100 ease-in-out\">Pulveri var sajaukt ar gl\u0101zi \u016bdens, sulas vai sm\u016btija.<\/span> <span class=\"relative -mx-px my-[-0.2rem] rounded px-px py-[0.2rem] transition-colors duration-100 ease-in-out\">Ieteicamo dienas devu nedr\u012bkst p\u0101rsniegt.<\/span> <span class=\"relative -mx-px my-[-0.2rem] rounded px-px py-[0.2rem] transition-colors duration-100 ease-in-out\">Uztura bag\u0101tin\u0101t\u0101js neaizst\u0101j daudzveid\u012bgu un sabalans\u0113tu uzturu vai vesel\u012bgu dz\u012bvesveidu.<\/span> <span class=\"relative -mx-px my-[-0.2rem] rounded px-px py-[0.2rem] transition-colors duration-100 ease-in-out\">Sarg\u0101t no b\u0113rniem.<\/span><\/p>\n<h2 data-start=\"794\" data-end=\"809\">Sast\u0101vda\u013cas<\/h2>\n<p class=\"\" data-start=\"811\" data-end=\"1016\"><span class=\"relative -mx-px my-[-0.2rem] rounded px-px py-[0.2rem] transition-colors duration-100 ease-in-out\">Magnija bisglicin\u0101ts.<\/span> <span class=\"relative -mx-px my-[-0.2rem] rounded px-px py-[0.2rem] transition-colors duration-100 ease-in-out\">Nesatur laktozi, raugu vai glut\u0113nu.<\/span> <span class=\"relative -mx-px my-[-0.2rem] rounded px-px py-[0.2rem] transition-colors duration-100 ease-in-out\">Nesatur cukuru, s\u0101li, cieti, kukur\u016bzu, soju vai saldin\u0101t\u0101jus.<\/span> <span class=\"relative -mx-px my-[-0.2rem] rounded px-px py-[0.2rem] transition-colors duration-100 ease-in-out\">Piem\u0113rots ve\u0123et\u0101rie\u0161iem un veg\u0101niem.<\/span><\/p>\n<h2 data-start=\"1023\" data-end=\"1039\">Uzturv\u0113rt\u012bba<\/h2>\n<p class=\"\" data-start=\"1041\" data-end=\"1126\"><span class=\"relative -mx-px my-[-0.2rem] rounded px-px py-[0.2rem] transition-colors duration-100 ease-in-out\">3 m\u0113rkarotes satur:<\/span><\/p>\n<ul data-start=\"1128\" data-end=\"1215\">\n<li class=\"\" data-start=\"1128\" data-end=\"1215\">\n<p class=\"\" data-start=\"1130\" data-end=\"1215\"><span class=\"relative -mx-px my-[-0.2rem] rounded px-px py-[0.2rem] transition-colors duration-100 ease-in-out\">Magnijs: 250 mg (67% no ieteicam\u0101s dienas devas)<\/span><\/p>\n<\/li>\n<\/ul>\n<h2>K\u0101p\u0113c izv\u0113l\u0113ties Pure+ magnija glicin\u0101tu?<\/h2>\n<ul>\n<li style=\"list-style-type: none;\">\n<ul data-start=\"1276\" data-end=\"1573\">\n<li class=\"\" data-start=\"1276\" data-end=\"1317\">\n<p class=\"\" data-start=\"1278\" data-end=\"1317\"><span class=\"relative -mx-px my-[-0.2rem] rounded px-px py-[0.2rem] transition-colors duration-100 ease-in-out\">Satur magnija bisglicin\u0101tu \u2013 viegli uzs\u016bco\u0161u un sagremojamu magnija formu<\/span><\/p>\n<\/li>\n<li class=\"\" data-start=\"1318\" data-end=\"1359\">\n<p class=\"\" data-start=\"1320\" data-end=\"1359\"><span class=\"relative -mx-px my-[-0.2rem] rounded px-px py-[0.2rem] transition-colors duration-100 ease-in-out\">Atbalsta norm\u0101lu musku\u013cu un nervu sist\u0113mas darb\u012bbu<\/span><\/p>\n<\/li>\n<li class=\"\" data-start=\"1360\" data-end=\"1401\">\n<p class=\"\" data-start=\"1362\" data-end=\"1401\"><span class=\"relative -mx-px my-[-0.2rem] rounded px-px py-[0.2rem] transition-colors duration-100 ease-in-out\">Pal\u012bdz mazin\u0101t nogurumu un nesp\u0113ku<\/span><\/p>\n<\/li>\n<li class=\"\" data-start=\"1402\" data-end=\"1443\">\n<p class=\"\" data-start=\"1404\" data-end=\"1443\"><span class=\"relative -mx-px my-[-0.2rem] rounded px-px py-[0.2rem] transition-colors duration-100 ease-in-out\">Nesatur m\u0101ksl\u012bgas piedevas vai alerg\u0113nus<\/span><\/p>\n<\/li>\n<li class=\"\" data-start=\"1444\" data-end=\"1485\">\n<p class=\"\" data-start=\"1446\" data-end=\"1485\"><span class=\"relative -mx-px my-[-0.2rem] rounded px-px py-[0.2rem] transition-colors duration-100 ease-in-out\">Piem\u0113rots ve\u0123et\u0101rie\u0161iem un veg\u0101niem<\/span><\/p>\n<\/li>\n<li class=\"\" data-start=\"1486\" data-end=\"1573\">\n<p class=\"\" data-start=\"1488\" data-end=\"1573\"><span class=\"relative -mx-px my-[-0.2rem] rounded px-px py-[0.2rem] transition-colors duration-100 ease-in-out\">Ra\u017eots Somij\u0101<\/span><\/p>\n<\/li>\n<\/ul>\n<\/li>\n<\/ul>\n","protected":false},"excerpt":{"rendered":"<p class=\"p1\"><span class=\"s1\"><b>Puhdas+ magnija glicin\u0101ta pulveris<\/b><\/span> ir viegli uzs\u016bco\u0161s un sagremojams magnija uztura bag\u0101tin\u0101t\u0101js, kas veicina norm\u0101lu musku\u013cu, nervu sist\u0113mas darb\u012bbu un ener\u0123ijas metabolismu. Pulveris satur magnija bisglicin\u0101tu \u2013 magnija formu, kas saist\u012bta ar aminosk\u0101bi glic\u012bnu, kas ir paz\u012bstama ar labu uzs\u016bcam\u012bbu un vieglo iedarb\u012bbu. <\/p>\n<p class=\"p1\">Pulverveida forma \u013cauj produktu sajaukt ar \u016bdeni, sulu vai koktei\u013ciem, nodro\u0161inot elast\u012bgu un vienk\u0101r\u0161u lieto\u0161anas veidu tiem, kas nev\u0113las kapsulas vai tabletes.<\/p>\n<p class=\"p1\">Produkts nesatur m\u0101ksl\u012bgas piedevas, saldin\u0101t\u0101jus, laktozi, glut\u0113nu vai soju un ir piem\u0113rots veg\u0101niem. T\u0101 ir piem\u0113rota izv\u0113le, lai atbalst\u012btu j\u016bsu ikdienas magnija uz\u0146em\u0161anu. <\/p>\n","protected":false},"featured_media":33282,"comment_status":"closed","ping_status":"closed","template":"","meta":{"_acf_changed":false},"product_brand":[],"product_cat":[3280],"product_tag":[3281,3203,3225],"class_list":{"0":"post-33280","1":"product","2":"type-product","3":"status-publish","4":"has-post-thumbnail","6":"product_cat-magnijs","7":"product_tag-magnija-glicinata-pulveris","8":"product_tag-magnijs","9":"product_tag-muskuli-un-locitavas","11":"first","12":"onbackorder","13":"taxable","14":"shipping-taxable","15":"purchasable","16":"product-type-simple"},"acf":[],"yoast_head":"<!-- This site is optimized with the Yoast SEO plugin v27.1.1 - https:\/\/yoast.com\/product\/yoast-seo-wordpress\/ -->\n<title>Magnija glicin\u0101ts 200 g - Puhdas+<\/title>\n<meta name=\"description\" content=\"Augsti absorb\u0113jo\u0161s magnija bisglicin\u0101ta pulveris. Atbalsta musku\u013cus, nervu sist\u0113mu un ener\u0123ijas l\u012bmeni. Ar t\u012bru sast\u0101vu, piem\u0113rots ar\u012b jut\u012bgai gremo\u0161anai.\" \/>\n<meta name=\"robots\" content=\"noindex, follow, max-snippet:-1, max-image-preview:large, max-video-preview:-1\" \/>\n<meta property=\"og:locale\" content=\"lv_LV\" \/>\n<meta property=\"og:type\" content=\"article\" \/>\n<meta property=\"og:title\" content=\"Magnija glicin\u0101ts 200 g - Puhdas+\" \/>\n<meta property=\"og:description\" content=\"Augsti absorb\u0113jo\u0161s magnija bisglicin\u0101ta pulveris. Atbalsta musku\u013cus, nervu sist\u0113mu un ener\u0123ijas l\u012bmeni. Ar t\u012bru sast\u0101vu, piem\u0113rots ar\u012b jut\u012bgai gremo\u0161anai.\" \/>\n<meta property=\"og:url\" content=\"https:\/\/test.puhdasplus.ee\/lv\/tooted\/minerali\/magnijs\/magnija-glicinats-200-g\/\" \/>\n<meta property=\"og:site_name\" content=\"Puhdas+\" \/>\n<meta property=\"article:publisher\" content=\"https:\/\/www.facebook.com\/puhdasplus\" \/>\n<meta property=\"article:modified_time\" content=\"2026-02-27T11:10:48+00:00\" \/>\n<meta property=\"og:image\" content=\"https:\/\/test.puhdasplus.ee\/wp-content\/uploads\/2025\/03\/188.jpg\" \/>\n\t<meta property=\"og:image:width\" content=\"1862\" \/>\n\t<meta property=\"og:image:height\" content=\"2560\" \/>\n\t<meta property=\"og:image:type\" content=\"image\/jpeg\" \/>\n<meta name=\"twitter:card\" content=\"summary_large_image\" \/>\n<meta name=\"twitter:label1\" content=\"Est. reading time\" \/>\n\t<meta name=\"twitter:data1\" content=\"3 min\u016btes\" \/>\n<script type=\"application\/ld+json\" class=\"yoast-schema-graph\">{\"@context\":\"https:\/\/schema.org\",\"@graph\":[{\"@type\":\"WebPage\",\"@id\":\"https:\/\/test.puhdasplus.ee\/lv\/tooted\/minerali\/magnijs\/magnija-glicinats-200-g\/\",\"url\":\"https:\/\/test.puhdasplus.ee\/lv\/tooted\/minerali\/magnijs\/magnija-glicinats-200-g\/\",\"name\":\"Magnija glicin\u0101ts 200 g - Puhdas+\",\"isPartOf\":{\"@id\":\"https:\/\/test.puhdasplus.ee\/lv\/#website\"},\"primaryImageOfPage\":{\"@id\":\"https:\/\/test.puhdasplus.ee\/lv\/tooted\/minerali\/magnijs\/magnija-glicinats-200-g\/#primaryimage\"},\"image\":{\"@id\":\"https:\/\/test.puhdasplus.ee\/lv\/tooted\/minerali\/magnijs\/magnija-glicinats-200-g\/#primaryimage\"},\"thumbnailUrl\":\"https:\/\/test.puhdasplus.ee\/wp-content\/uploads\/2025\/03\/188.jpg\",\"datePublished\":\"2025-01-15T15:36:42+00:00\",\"dateModified\":\"2026-02-27T11:10:48+00:00\",\"description\":\"Augsti absorb\u0113jo\u0161s magnija bisglicin\u0101ta pulveris. Atbalsta musku\u013cus, nervu sist\u0113mu un ener\u0123ijas l\u012bmeni. Ar t\u012bru sast\u0101vu, piem\u0113rots ar\u012b jut\u012bgai gremo\u0161anai.\",\"breadcrumb\":{\"@id\":\"https:\/\/test.puhdasplus.ee\/lv\/tooted\/minerali\/magnijs\/magnija-glicinats-200-g\/#breadcrumb\"},\"inLanguage\":\"lv-LV\",\"potentialAction\":[{\"@type\":\"ReadAction\",\"target\":[\"https:\/\/test.puhdasplus.ee\/lv\/tooted\/minerali\/magnijs\/magnija-glicinats-200-g\/\"]}]},{\"@type\":\"ImageObject\",\"inLanguage\":\"lv-LV\",\"@id\":\"https:\/\/test.puhdasplus.ee\/lv\/tooted\/minerali\/magnijs\/magnija-glicinats-200-g\/#primaryimage\",\"url\":\"https:\/\/test.puhdasplus.ee\/wp-content\/uploads\/2025\/03\/188.jpg\",\"contentUrl\":\"https:\/\/test.puhdasplus.ee\/wp-content\/uploads\/2025\/03\/188.jpg\",\"width\":1862,\"height\":2560,\"caption\":\"Magnija glicin\u0101ta pulveris 200 g\"},{\"@type\":\"BreadcrumbList\",\"@id\":\"https:\/\/test.puhdasplus.ee\/lv\/tooted\/minerali\/magnijs\/magnija-glicinats-200-g\/#breadcrumb\",\"itemListElement\":[{\"@type\":\"ListItem\",\"position\":1,\"name\":\"S\u0101kums\",\"item\":\"https:\/\/test.puhdasplus.ee\/lv\/\"},{\"@type\":\"ListItem\",\"position\":2,\"name\":\"Produkti\",\"item\":\"https:\/\/test.puhdasplus.ee\/lv\/veikals\/\"},{\"@type\":\"ListItem\",\"position\":3,\"name\":\"Magnija glicin\u0101ts 200 g\"}]},{\"@type\":\"WebSite\",\"@id\":\"https:\/\/test.puhdasplus.ee\/lv\/#website\",\"url\":\"https:\/\/test.puhdasplus.ee\/lv\/\",\"name\":\"Puhdas+\",\"description\":\"Vitamiinid, Toidulisandid, looduskosmeetika, tervis, sport\",\"publisher\":{\"@id\":\"https:\/\/test.puhdasplus.ee\/lv\/#organization\"},\"potentialAction\":[{\"@type\":\"SearchAction\",\"target\":{\"@type\":\"EntryPoint\",\"urlTemplate\":\"https:\/\/test.puhdasplus.ee\/lv\/?s={search_term_string}\"},\"query-input\":{\"@type\":\"PropertyValueSpecification\",\"valueRequired\":true,\"valueName\":\"search_term_string\"}}],\"inLanguage\":\"lv-LV\"},{\"@type\":\"Organization\",\"@id\":\"https:\/\/test.puhdasplus.ee\/lv\/#organization\",\"name\":\"Puhdas+\",\"alternateName\":\"Puhdasplus\",\"url\":\"https:\/\/test.puhdasplus.ee\/lv\/\",\"logo\":{\"@type\":\"ImageObject\",\"inLanguage\":\"lv-LV\",\"@id\":\"https:\/\/test.puhdasplus.ee\/lv\/#\/schema\/logo\/image\/\",\"url\":\"https:\/\/test.puhdasplus.ee\/\/wp-content\/uploads\/2019\/10\/puhdas_logo-arvele.png\",\"contentUrl\":\"https:\/\/test.puhdasplus.ee\/\/wp-content\/uploads\/2019\/10\/puhdas_logo-arvele.png\",\"width\":114,\"height\":94,\"caption\":\"Puhdas+\"},\"image\":{\"@id\":\"https:\/\/test.puhdasplus.ee\/lv\/#\/schema\/logo\/image\/\"},\"sameAs\":[\"https:\/\/www.facebook.com\/puhdasplus\",\"https:\/\/www.instagram.com\/puhdasplus_ee\/\"]}]}<\/script>\n<!-- \/ Yoast SEO plugin. -->","yoast_head_json":{"title":"Magnija glicin\u0101ts 200 g - Puhdas+","description":"Augsti absorb\u0113jo\u0161s magnija bisglicin\u0101ta pulveris. Atbalsta musku\u013cus, nervu sist\u0113mu un ener\u0123ijas l\u012bmeni. Ar t\u012bru sast\u0101vu, piem\u0113rots ar\u012b jut\u012bgai gremo\u0161anai.","robots":{"index":"noindex","follow":"follow","max-snippet":"max-snippet:-1","max-image-preview":"max-image-preview:large","max-video-preview":"max-video-preview:-1"},"og_locale":"lv_LV","og_type":"article","og_title":"Magnija glicin\u0101ts 200 g - Puhdas+","og_description":"Augsti absorb\u0113jo\u0161s magnija bisglicin\u0101ta pulveris. Atbalsta musku\u013cus, nervu sist\u0113mu un ener\u0123ijas l\u012bmeni. Ar t\u012bru sast\u0101vu, piem\u0113rots ar\u012b jut\u012bgai gremo\u0161anai.","og_url":"https:\/\/test.puhdasplus.ee\/lv\/tooted\/minerali\/magnijs\/magnija-glicinats-200-g\/","og_site_name":"Puhdas+","article_publisher":"https:\/\/www.facebook.com\/puhdasplus","article_modified_time":"2026-02-27T11:10:48+00:00","og_image":[{"width":1862,"height":2560,"url":"https:\/\/test.puhdasplus.ee\/wp-content\/uploads\/2025\/03\/188.jpg","type":"image\/jpeg"}],"twitter_card":"summary_large_image","twitter_misc":{"Est. reading time":"3 min\u016btes"},"schema":{"@context":"https:\/\/schema.org","@graph":[{"@type":"WebPage","@id":"https:\/\/test.puhdasplus.ee\/lv\/tooted\/minerali\/magnijs\/magnija-glicinats-200-g\/","url":"https:\/\/test.puhdasplus.ee\/lv\/tooted\/minerali\/magnijs\/magnija-glicinats-200-g\/","name":"Magnija glicin\u0101ts 200 g - Puhdas+","isPartOf":{"@id":"https:\/\/test.puhdasplus.ee\/lv\/#website"},"primaryImageOfPage":{"@id":"https:\/\/test.puhdasplus.ee\/lv\/tooted\/minerali\/magnijs\/magnija-glicinats-200-g\/#primaryimage"},"image":{"@id":"https:\/\/test.puhdasplus.ee\/lv\/tooted\/minerali\/magnijs\/magnija-glicinats-200-g\/#primaryimage"},"thumbnailUrl":"https:\/\/test.puhdasplus.ee\/wp-content\/uploads\/2025\/03\/188.jpg","datePublished":"2025-01-15T15:36:42+00:00","dateModified":"2026-02-27T11:10:48+00:00","description":"Augsti absorb\u0113jo\u0161s magnija bisglicin\u0101ta pulveris. Atbalsta musku\u013cus, nervu sist\u0113mu un ener\u0123ijas l\u012bmeni. Ar t\u012bru sast\u0101vu, piem\u0113rots ar\u012b jut\u012bgai gremo\u0161anai.","breadcrumb":{"@id":"https:\/\/test.puhdasplus.ee\/lv\/tooted\/minerali\/magnijs\/magnija-glicinats-200-g\/#breadcrumb"},"inLanguage":"lv-LV","potentialAction":[{"@type":"ReadAction","target":["https:\/\/test.puhdasplus.ee\/lv\/tooted\/minerali\/magnijs\/magnija-glicinats-200-g\/"]}]},{"@type":"ImageObject","inLanguage":"lv-LV","@id":"https:\/\/test.puhdasplus.ee\/lv\/tooted\/minerali\/magnijs\/magnija-glicinats-200-g\/#primaryimage","url":"https:\/\/test.puhdasplus.ee\/wp-content\/uploads\/2025\/03\/188.jpg","contentUrl":"https:\/\/test.puhdasplus.ee\/wp-content\/uploads\/2025\/03\/188.jpg","width":1862,"height":2560,"caption":"Magnija glicin\u0101ta pulveris 200 g"},{"@type":"BreadcrumbList","@id":"https:\/\/test.puhdasplus.ee\/lv\/tooted\/minerali\/magnijs\/magnija-glicinats-200-g\/#breadcrumb","itemListElement":[{"@type":"ListItem","position":1,"name":"S\u0101kums","item":"https:\/\/test.puhdasplus.ee\/lv\/"},{"@type":"ListItem","position":2,"name":"Produkti","item":"https:\/\/test.puhdasplus.ee\/lv\/veikals\/"},{"@type":"ListItem","position":3,"name":"Magnija glicin\u0101ts 200 g"}]},{"@type":"WebSite","@id":"https:\/\/test.puhdasplus.ee\/lv\/#website","url":"https:\/\/test.puhdasplus.ee\/lv\/","name":"Puhdas+","description":"Vitamiinid, Toidulisandid, looduskosmeetika, tervis, sport","publisher":{"@id":"https:\/\/test.puhdasplus.ee\/lv\/#organization"},"potentialAction":[{"@type":"SearchAction","target":{"@type":"EntryPoint","urlTemplate":"https:\/\/test.puhdasplus.ee\/lv\/?s={search_term_string}"},"query-input":{"@type":"PropertyValueSpecification","valueRequired":true,"valueName":"search_term_string"}}],"inLanguage":"lv-LV"},{"@type":"Organization","@id":"https:\/\/test.puhdasplus.ee\/lv\/#organization","name":"Puhdas+","alternateName":"Puhdasplus","url":"https:\/\/test.puhdasplus.ee\/lv\/","logo":{"@type":"ImageObject","inLanguage":"lv-LV","@id":"https:\/\/test.puhdasplus.ee\/lv\/#\/schema\/logo\/image\/","url":"https:\/\/test.puhdasplus.ee\/\/wp-content\/uploads\/2019\/10\/puhdas_logo-arvele.png","contentUrl":"https:\/\/test.puhdasplus.ee\/\/wp-content\/uploads\/2019\/10\/puhdas_logo-arvele.png","width":114,"height":94,"caption":"Puhdas+"},"image":{"@id":"https:\/\/test.puhdasplus.ee\/lv\/#\/schema\/logo\/image\/"},"sameAs":["https:\/\/www.facebook.com\/puhdasplus","https:\/\/www.instagram.com\/puhdasplus_ee\/"]}]}},"_links":{"self":[{"href":"https:\/\/test.puhdasplus.ee\/lv\/wp-json\/wp\/v2\/product\/33280","targetHints":{"allow":["GET"]}}],"collection":[{"href":"https:\/\/test.puhdasplus.ee\/lv\/wp-json\/wp\/v2\/product"}],"about":[{"href":"https:\/\/test.puhdasplus.ee\/lv\/wp-json\/wp\/v2\/types\/product"}],"replies":[{"embeddable":true,"href":"https:\/\/test.puhdasplus.ee\/lv\/wp-json\/wp\/v2\/comments?post=33280"}],"wp:featuredmedia":[{"embeddable":true,"href":"https:\/\/test.puhdasplus.ee\/lv\/wp-json\/wp\/v2\/media\/33282"}],"wp:attachment":[{"href":"https:\/\/test.puhdasplus.ee\/lv\/wp-json\/wp\/v2\/media?parent=33280"}],"wp:term":[{"taxonomy":"product_brand","embeddable":true,"href":"https:\/\/test.puhdasplus.ee\/lv\/wp-json\/wp\/v2\/product_brand?post=33280"},{"taxonomy":"product_cat","embeddable":true,"href":"https:\/\/test.puhdasplus.ee\/lv\/wp-json\/wp\/v2\/product_cat?post=33280"},{"taxonomy":"product_tag","embeddable":true,"href":"https:\/\/test.puhdasplus.ee\/lv\/wp-json\/wp\/v2\/product_tag?post=33280"}],"curies":[{"name":"wp","href":"https:\/\/api.w.org\/{rel}","templated":true}]}}