{"id":33268,"date":"2024-07-15T14:46:54","date_gmt":"2024-07-15T11:46:54","guid":{"rendered":"https:\/\/test.puhdasplus.ee\/\/tooted\/uncategorized\/multivitamins-b-60-kapsulas\/"},"modified":"2026-03-10T14:10:43","modified_gmt":"2026-03-10T12:10:43","slug":"multivitamins-b-60-kapsulas","status":"publish","type":"product","link":"https:\/\/test.puhdasplus.ee\/lv\/tooted\/vitamini\/b-vitamins\/multivitamins-b-60-kapsulas\/","title":{"rendered":"Multivitam\u012bns B 60 kapsulas"},"content":{"rendered":"<h2>Kas ir B vitam\u012bni un k\u0101p\u0113c tie ir svar\u012bgi?<\/h2>\n<p data-start=\"1085\" data-end=\"1411\">B vitam\u012bni ir \u016bden\u012b \u0161\u0137\u012bsto\u0161i vitam\u012bni, kam ir svar\u012bga loma organisma ener\u0123ijas metabolism\u0101, nervu sist\u0113mas darb\u012bb\u0101 un noguruma mazin\u0101\u0161an\u0101. T\u0101 k\u0101 B vitam\u012bni organism\u0101 neuzglab\u0101jas ilgsto\u0161i, ir svar\u012bgi nodro\u0161in\u0101t, lai tie regul\u0101ri tiktu uz\u0146emti ar p\u0101rtiku vai uztura bag\u0101tin\u0101t\u0101jiem. <\/p>\n<p data-start=\"1413\" data-end=\"1620\"><strong data-start=\"1413\" data-end=\"1450\">Pure+ Multi B vitam\u012bnu kapsulas<\/strong> satur visus galvenos B vitam\u012bnus, tostarp B1, B2, B3, B5, B6, B7 (biot\u012bns), B9 (folsk\u0101be) un B12, vien\u0101 kapsul\u0101, lai nodro\u0161in\u0101tu pla\u0161a spektra atbalstu organismam.<\/p>\n<p class=\"\" data-start=\"948\" data-end=\"969\">B vitam\u012bni pal\u012bdz:<\/p>\n<ul>\n<li data-start=\"1650\" data-end=\"1689\">\n<p data-start=\"1652\" data-end=\"1689\">veicina norm\u0101lu ener\u0123ijas metabolismu<\/p>\n<\/li>\n<li data-start=\"1690\" data-end=\"1725\">\n<p data-start=\"1692\" data-end=\"1725\">mazin\u0101t nogurumu un izs\u012bkumu<\/p>\n<\/li>\n<li data-start=\"1726\" data-end=\"1772\">\n<p data-start=\"1728\" data-end=\"1772\">atbalst\u012bt norm\u0101lu nervu sist\u0113mas darb\u012bbu<\/p>\n<\/li>\n<li data-start=\"1773\" data-end=\"1812\">\n<p data-start=\"1775\" data-end=\"1812\">atbalst\u012bt psiholo\u0123isk\u0101s funkcijas<\/p>\n<\/li>\n<li data-start=\"1813\" data-end=\"1866\">\n<p data-start=\"1815\" data-end=\"1866\">Biot\u012bns pal\u012bdz uztur\u0113t norm\u0101lu matu un \u0101das st\u0101vokli<\/p>\n<\/li>\n<li data-start=\"1867\" data-end=\"1937\">\n<p data-start=\"1869\" data-end=\"1937\">fol\u0101ts un B12 vitam\u012bns veicina norm\u0101lu im\u016bnsist\u0113mas darb\u012bbu<\/p>\n<\/li>\n<li data-start=\"1938\" data-end=\"1989\">\n<p data-start=\"1940\" data-end=\"1989\">fol\u0101ts un B12 vitam\u012bns ar\u012b veicina norm\u0101lu asinsradi<\/p>\n<\/li>\n<\/ul>\n<p data-start=\"1017\" data-end=\"1257\">At\u0161\u0137ir\u012bb\u0101 no daudziem vitam\u012bniem, B vitam\u012bni organism\u0101 neuzkr\u0101jas, t\u0101p\u0113c ir svar\u012bgi tos uz\u0146emt katru dienu. Tas var b\u016bt \u012bpa\u0161i svar\u012bgi cilv\u0113kiem, kuri iev\u0113ro augu izcelsmes di\u0113tu vai kuru uzturs ne vienm\u0113r ir sabalans\u0113ts. <\/p>\n<p data-start=\"1259\" data-end=\"1476\">Puhdas+ Multi B vitam\u012bni ir vienk\u0101r\u0161s un efekt\u012bvs veids, k\u0101 nodro\u0161in\u0101t nepiecie\u0161amo B vitam\u012bnu ikdienas devu, kas veicina norm\u0101lu ener\u0123ijas metabolismu, nervu sist\u0113mas darb\u012bbu un noguruma un nesp\u0113ka mazin\u0101\u0161anu.<\/p>\n<h2 data-start=\"466\" data-end=\"510\">Kam piem\u0113rots Puhdas+ Multi B vitam\u012bns?<\/h2>\n<p class=\"\" data-start=\"512\" data-end=\"633\">Produkts ir piem\u0113rots pieaugu\u0161ajiem, kuri v\u0113las uztur\u0113t savu ener\u0123ijas l\u012bmeni, nervu sist\u0113mu un visp\u0101r\u0113jo labsaj\u016btu. Tas var\u0113tu b\u016bt \u012bpa\u0161i noder\u012bgs cilv\u0113kiem ar liel\u0101ku nepiecie\u0161am\u012bbu p\u0113c B vitam\u012bniem, piem\u0113ram, ve\u0123et\u0101rie\u0161iem, veg\u0101niem un vec\u0101ka gadag\u0101juma cilv\u0113kiem. <\/p>\n<h2 data-start=\"640\" data-end=\"675\">K\u0101 un kad to lietot?<\/h2>\n<p class=\"\" data-start=\"677\" data-end=\"941\"><strong data-start=\"677\" data-end=\"695\">Lieto\u0161anas instrukcija:<\/strong> <span class=\"relative -mx-px my-[-0.2rem] rounded px-px py-[0.2rem] transition-colors duration-100 ease-in-out\">Ieteicam\u0101 deva pieaugu\u0161ajiem ir 1 kapsula dien\u0101.<\/span> <span class=\"relative -mx-px my-[-0.2rem] rounded px-px py-[0.2rem] transition-colors duration-100 ease-in-out\">Kapsula j\u0101norij, uzdzerot \u016bdeni.<\/span> <span class=\"relative -mx-px my-[-0.2rem] rounded px-px py-[0.2rem] transition-colors duration-100 ease-in-out\">Ieteicamo dienas devu nedr\u012bkst p\u0101rsniegt.<\/span> <span class=\"relative -mx-px my-[-0.2rem] rounded px-px py-[0.2rem] transition-colors duration-100 ease-in-out\">Uztura bag\u0101tin\u0101t\u0101js neaizst\u0101j daudzveid\u012bgu un sabalans\u0113tu uzturu vai vesel\u012bgu dz\u012bvesveidu.<\/span> <span class=\"relative -mx-px my-[-0.2rem] rounded px-px py-[0.2rem] transition-colors duration-100 ease-in-out\">Sarg\u0101t no b\u0113rniem.<\/span><\/p>\n<h2 data-start=\"948\" data-end=\"987\">K\u0101das ir sast\u0101vda\u013cas un uzturv\u0113rt\u012bba?<\/h2>\n<p class=\"\" data-start=\"989\" data-end=\"1211\"><strong data-start=\"989\" data-end=\"1005\">Sast\u0101vda\u013cas:<\/strong><\/p>\n<p data-start=\"21\" data-end=\"322\"><strong data-start=\"21\" data-end=\"34\">Pildviela<\/strong> (dikalcija fosf\u0101ts), <strong data-start=\"56\" data-end=\"66\">kapsula<\/strong> (stabilizators: hidroksipropilmetilceluloze), <strong data-start=\"117\" data-end=\"134\">nikot\u012bnam\u012bds<\/strong> , <strong data-start=\"136\" data-end=\"161\" data-is-only-node=\"\">D-kalcija pantoten\u0101ts<\/strong> , <strong data-start=\"163\" data-end=\"187\">pretsalipes viela<\/strong> (sil\u012bcija oks\u012bds), <strong data-start=\"202\" data-end=\"231\">piridoks\u012bna hidrohlor\u012bds<\/strong> , <strong data-start=\"233\" data-end=\"248\">riboflav\u012bns<\/strong> , <strong data-start=\"250\" data-end=\"272\">tiam\u012bna mononitr\u0101ts<\/strong> , <strong data-start=\"274\" data-end=\"286\">folsk\u0101be<\/strong> , <strong data-start=\"288\" data-end=\"299\">biot\u012bns<\/strong> , <strong data-start=\"301\" data-end=\"321\">metilkobalam\u012bns<\/strong> .<\/p>\n<p data-start=\"324\" data-end=\"420\">Nesatur laktozi, pienu, raugu vai glut\u0113nu. Nesatur cukuru, s\u0101li, soju vai saldin\u0101t\u0101jus. <\/p>\n<p class=\"\" data-start=\"1213\" data-end=\"1241\"><strong data-start=\"1213\" data-end=\"1241\">Uzturv\u0113rt\u012bba (1 kapsula):<\/strong><\/p>\n<ul data-start=\"1242\" data-end=\"1623\">\n<li class=\"\" data-start=\"1242\" data-end=\"1283\">\n<p class=\"\" data-start=\"1244\" data-end=\"1283\"><span class=\"relative -mx-px my-[-0.2rem] rounded px-px py-[0.2rem] transition-colors duration-100 ease-in-out\">B1 vitam\u012bns (tiam\u012bns): 1,4 mg (127% no ieteicam\u0101s dienas devas)<\/span><\/p>\n<\/li>\n<li class=\"\" data-start=\"1284\" data-end=\"1325\">\n<p class=\"\" data-start=\"1286\" data-end=\"1325\"><span class=\"relative -mx-px my-[-0.2rem] rounded px-px py-[0.2rem] transition-colors duration-100 ease-in-out\">B2 vitam\u012bns (riboflav\u012bns): 1,7 mg (121%)<\/span><\/p>\n<\/li>\n<li class=\"\" data-start=\"1326\" data-end=\"1367\">\n<p class=\"\" data-start=\"1328\" data-end=\"1367\"><span class=\"relative -mx-px my-[-0.2rem] rounded px-px py-[0.2rem] transition-colors duration-100 ease-in-out\">B3 vitam\u012bns (niac\u012bns): 18 mg (113%)<\/span><\/p>\n<\/li>\n<li class=\"\" data-start=\"1368\" data-end=\"1409\">\n<p class=\"\" data-start=\"1370\" data-end=\"1409\"><span class=\"relative -mx-px my-[-0.2rem] rounded px-px py-[0.2rem] transition-colors duration-100 ease-in-out\">Pantot\u0113nsk\u0101be: 6 mg (100%)<\/span><\/p>\n<\/li>\n<li class=\"\" data-start=\"1410\" data-end=\"1451\">\n<p class=\"\" data-start=\"1412\" data-end=\"1451\"><span class=\"relative -mx-px my-[-0.2rem] rounded px-px py-[0.2rem] transition-colors duration-100 ease-in-out\">B6 vitam\u012bns: 1,6 mg (114%)<\/span><\/p>\n<\/li>\n<li class=\"\" data-start=\"1452\" data-end=\"1493\">\n<p class=\"\" data-start=\"1454\" data-end=\"1493\"><span class=\"relative -mx-px my-[-0.2rem] rounded px-px py-[0.2rem] transition-colors duration-100 ease-in-out\">B12 vitam\u012bns: 25 \u00b5g (1000%)<\/span><\/p>\n<\/li>\n<li class=\"\" data-start=\"1494\" data-end=\"1535\">\n<p class=\"\" data-start=\"1496\" data-end=\"1535\"><span class=\"relative -mx-px my-[-0.2rem] rounded px-px py-[0.2rem] transition-colors duration-100 ease-in-out\">Folijsk\u0101be: 400 \u00b5g (200%)<\/span><\/p>\n<\/li>\n<li class=\"\" data-start=\"1536\" data-end=\"1623\">\n<p class=\"\" data-start=\"1538\" data-end=\"1623\"><span class=\"relative -mx-px my-[-0.2rem] rounded px-px py-[0.2rem] transition-colors duration-100 ease-in-out\">Biot\u012bns: 50 \u00b5g (100%)<\/span><\/p>\n<\/li>\n<\/ul>\n<p class=\"\" data-start=\"1663\" data-end=\"1748\"><strong data-start=\"65\" data-end=\"76\">Ra\u017eot\u0101js:<\/strong> New Organics Oy, Somija<br data-start=\"99\" data-end=\"102\"><strong data-start=\"102\" data-end=\"117\" data-is-only-node=\"\">Import\u0113t\u0101js:<\/strong> NordenBio O\u00dc, Narva mnt 7, 10117 Tallina, Igaunija<\/p>\n","protected":false},"excerpt":{"rendered":"<p data-start=\"937\" data-end=\"1281\"><strong data-start=\"937\" data-end=\"966\">Puhdas+ Multi B vitam\u012bns<\/strong> ir uztura bag\u0101tin\u0101t\u0101js, kas veicina norm\u0101lu ener\u0123ijas metabolismu, atbalsta nervu sist\u0113mu un pal\u012bdz mazin\u0101t nogurumu un nesp\u0113ku. B grupas vitam\u012bni ir svar\u012bgi organismam, jo \u200b\u200btie pal\u012bdz p\u0101rv\u0113rst ener\u0123iju no p\u0101rtikas izmantojam\u0101 ener\u0123ij\u0101. Tie atbalsta ar\u012b psiholo\u0123isk\u0101s funkcijas un asinsradi.  <\/p>\n<p data-start=\"1283\" data-end=\"1641\">B vitam\u012bni organism\u0101 neuzglab\u0101jas ilgsto\u0161i, t\u0101p\u0113c ir svar\u012bgi tos uz\u0146emt katru dienu ar p\u0101rtiku vai uztura bag\u0101tin\u0101t\u0101jiem. Tas ir \u012bpa\u0161i svar\u012bgi cilv\u0113kiem ar aiz\u0146emtu dz\u012bvesveidu vai nesabalans\u0113tu uzturu. Ve\u0123et\u0101rie\u0161iem, veg\u0101niem un vec\u0101ka gadag\u0101juma cilv\u0113kiem var b\u016bt nepiecie\u0161ams papildu atbalsts, jo var b\u016bt gr\u016bti vai nepietiekami uz\u0146emt da\u017eus B vitam\u012bnus ar p\u0101rtiku.  <\/p>\n<p data-start=\"1643\" data-end=\"1883\"><strong data-start=\"1643\" data-end=\"1662\">Pure+ Multi B<\/strong> satur visus nepiecie\u0161amos B vitam\u012bnus (tostarp B12, folsk\u0101bi, biot\u012bnu) pareizaj\u0101 daudzum\u0101 un \u013coti labi uzs\u016bcam\u0101 veid\u0101. Produkts ir t\u012brs, bez m\u0101ksl\u012bg\u0101m piedev\u0101m, glut\u0113na, laktozes vai saldin\u0101t\u0101jiem, un ir piem\u0113rots veg\u0101niem. <\/p>\n","protected":false},"featured_media":33271,"comment_status":"closed","ping_status":"closed","template":"","meta":{"_acf_changed":false},"product_brand":[],"product_cat":[3207,3067,3205],"product_tag":[3228,3231,3229,3237,3234,3232,3222,3235,3219,3210,3236,3238,3226,3227,3215,3217,3213,3211,3233,3239,3240,3223,3230],"class_list":{"0":"post-33268","1":"product","2":"type-product","3":"status-publish","4":"has-post-thumbnail","6":"product_cat-b-vitamins","7":"product_cat-ipasie-piedavajumi","8":"product_cat-vitamini","9":"product_tag-augu-izcelsmes-b-vitamins","10":"product_tag-b-kompleksa-vitamini","11":"product_tag-b-vitamina-piedeva","12":"product_tag-b-vitamins-atveselosanai","13":"product_tag-b-vitamins-imunitatei","14":"product_tag-b-vitamins-noguruma-mazinasanai","15":"product_tag-b-vitamins-pret-stresu","16":"product_tag-b-vitamins-sportistiem","17":"product_tag-b-vitaminu-komplekss","18":"product_tag-b12-lv","19":"product_tag-dabigais-b-vitamins","20":"product_tag-dienas-vitamini","21":"product_tag-energijas-un-vielmainas-atbalstitajs","22":"product_tag-labakais-b-vitaminu-komplekss","23":"product_tag-multi-b-vitamins","24":"product_tag-multi-b-vitamins-60-kapsulas","25":"product_tag-multivitamini","26":"product_tag-nervu-sistemas-atbalsts","27":"product_tag-pure-b-vitamini","28":"product_tag-vitamini-koncentresanas-spejai-un-atminai","29":"product_tag-vitamini-nervu-nomierinasanai","30":"product_tag-vitamini-pret-nogurumu","31":"product_tag-vitamini-stresa-periodiem","33":"first","34":"instock","35":"sale","36":"taxable","37":"shipping-taxable","38":"purchasable","39":"product-type-simple"},"acf":[],"yoast_head":"<!-- This site is optimized with the Yoast SEO plugin v27.1.1 - https:\/\/yoast.com\/product\/yoast-seo-wordpress\/ -->\n<title>Multivitam\u012bns B 60 kapsulas - Puhdas+<\/title>\n<meta name=\"robots\" content=\"noindex, follow, max-snippet:-1, max-image-preview:large, max-video-preview:-1\" \/>\n<meta property=\"og:locale\" content=\"lv_LV\" \/>\n<meta property=\"og:type\" content=\"article\" \/>\n<meta property=\"og:title\" content=\"Multivitam\u012bns B 60 kapsulas - Puhdas+\" \/>\n<meta property=\"og:description\" content=\"Puhdas+ Multi B vitam\u012bns ir uztura bag\u0101tin\u0101t\u0101js, kas veicina norm\u0101lu ener\u0123ijas metabolismu, atbalsta nervu sist\u0113mu un pal\u012bdz mazin\u0101t nogurumu un nesp\u0113ku. B grupas vitam\u012bni ir svar\u012bgi organismam, jo \u200b\u200btie pal\u012bdz p\u0101rv\u0113rst ener\u0123iju no p\u0101rtikas izmantojam\u0101 ener\u0123ij\u0101. Tie atbalsta ar\u012b psiholo\u0123isk\u0101s funkcijas un asinsradi.  B vitam\u012bni organism\u0101 neuzglab\u0101jas ilgsto\u0161i, t\u0101p\u0113c ir svar\u012bgi tos uz\u0146emt katru dienu ar p\u0101rtiku vai uztura bag\u0101tin\u0101t\u0101jiem. Tas ir \u012bpa\u0161i svar\u012bgi cilv\u0113kiem ar aiz\u0146emtu dz\u012bvesveidu vai nesabalans\u0113tu uzturu. Ve\u0123et\u0101rie\u0161iem, veg\u0101niem un vec\u0101ka gadag\u0101juma cilv\u0113kiem var b\u016bt nepiecie\u0161ams papildu atbalsts, jo var b\u016bt gr\u016bti vai nepietiekami uz\u0146emt da\u017eus B vitam\u012bnus ar p\u0101rtiku.  Pure+ Multi B satur visus nepiecie\u0161amos B vitam\u012bnus (tostarp B12, folsk\u0101bi, biot\u012bnu) pareizaj\u0101 daudzum\u0101 un \u013coti labi uzs\u016bcam\u0101 veid\u0101. Produkts ir t\u012brs, bez m\u0101ksl\u012bg\u0101m piedev\u0101m, glut\u0113na, laktozes vai saldin\u0101t\u0101jiem, un ir piem\u0113rots veg\u0101niem.\" \/>\n<meta property=\"og:url\" content=\"https:\/\/test.puhdasplus.ee\/lv\/tooted\/vitamini\/b-vitamins\/multivitamins-b-60-kapsulas\/\" \/>\n<meta property=\"og:site_name\" content=\"Puhdas+\" \/>\n<meta property=\"article:publisher\" content=\"https:\/\/www.facebook.com\/puhdasplus\" \/>\n<meta property=\"article:modified_time\" content=\"2026-03-10T12:10:43+00:00\" \/>\n<meta property=\"og:image\" content=\"https:\/\/test.puhdasplus.ee\/wp-content\/uploads\/2025\/03\/99.jpg\" \/>\n\t<meta property=\"og:image:width\" content=\"1862\" \/>\n\t<meta property=\"og:image:height\" content=\"2560\" \/>\n\t<meta property=\"og:image:type\" content=\"image\/jpeg\" \/>\n<meta name=\"twitter:card\" content=\"summary_large_image\" \/>\n<meta name=\"twitter:label1\" content=\"Est. reading time\" \/>\n\t<meta name=\"twitter:data1\" content=\"3 min\u016btes\" \/>\n<script type=\"application\/ld+json\" class=\"yoast-schema-graph\">{\"@context\":\"https:\/\/schema.org\",\"@graph\":[{\"@type\":\"WebPage\",\"@id\":\"https:\/\/test.puhdasplus.ee\/lv\/tooted\/vitamini\/b-vitamins\/multivitamins-b-60-kapsulas\/\",\"url\":\"https:\/\/test.puhdasplus.ee\/lv\/tooted\/vitamini\/b-vitamins\/multivitamins-b-60-kapsulas\/\",\"name\":\"Multivitam\u012bns B 60 kapsulas - Puhdas+\",\"isPartOf\":{\"@id\":\"https:\/\/test.puhdasplus.ee\/lv\/#website\"},\"primaryImageOfPage\":{\"@id\":\"https:\/\/test.puhdasplus.ee\/lv\/tooted\/vitamini\/b-vitamins\/multivitamins-b-60-kapsulas\/#primaryimage\"},\"image\":{\"@id\":\"https:\/\/test.puhdasplus.ee\/lv\/tooted\/vitamini\/b-vitamins\/multivitamins-b-60-kapsulas\/#primaryimage\"},\"thumbnailUrl\":\"https:\/\/test.puhdasplus.ee\/wp-content\/uploads\/2025\/03\/99.jpg\",\"datePublished\":\"2024-07-15T11:46:54+00:00\",\"dateModified\":\"2026-03-10T12:10:43+00:00\",\"breadcrumb\":{\"@id\":\"https:\/\/test.puhdasplus.ee\/lv\/tooted\/vitamini\/b-vitamins\/multivitamins-b-60-kapsulas\/#breadcrumb\"},\"inLanguage\":\"lv-LV\",\"potentialAction\":[{\"@type\":\"ReadAction\",\"target\":[\"https:\/\/test.puhdasplus.ee\/lv\/tooted\/vitamini\/b-vitamins\/multivitamins-b-60-kapsulas\/\"]}]},{\"@type\":\"ImageObject\",\"inLanguage\":\"lv-LV\",\"@id\":\"https:\/\/test.puhdasplus.ee\/lv\/tooted\/vitamini\/b-vitamins\/multivitamins-b-60-kapsulas\/#primaryimage\",\"url\":\"https:\/\/test.puhdasplus.ee\/wp-content\/uploads\/2025\/03\/99.jpg\",\"contentUrl\":\"https:\/\/test.puhdasplus.ee\/wp-content\/uploads\/2025\/03\/99.jpg\",\"width\":1862,\"height\":2560,\"caption\":\"MULTI B vitam\u012bns 60 kapsulas\"},{\"@type\":\"BreadcrumbList\",\"@id\":\"https:\/\/test.puhdasplus.ee\/lv\/tooted\/vitamini\/b-vitamins\/multivitamins-b-60-kapsulas\/#breadcrumb\",\"itemListElement\":[{\"@type\":\"ListItem\",\"position\":1,\"name\":\"S\u0101kums\",\"item\":\"https:\/\/test.puhdasplus.ee\/lv\/\"},{\"@type\":\"ListItem\",\"position\":2,\"name\":\"Produkti\",\"item\":\"https:\/\/test.puhdasplus.ee\/lv\/veikals\/\"},{\"@type\":\"ListItem\",\"position\":3,\"name\":\"Multivitam\u012bns B 60 kapsulas\"}]},{\"@type\":\"WebSite\",\"@id\":\"https:\/\/test.puhdasplus.ee\/lv\/#website\",\"url\":\"https:\/\/test.puhdasplus.ee\/lv\/\",\"name\":\"Puhdas+\",\"description\":\"Vitamiinid, Toidulisandid, looduskosmeetika, tervis, sport\",\"publisher\":{\"@id\":\"https:\/\/test.puhdasplus.ee\/lv\/#organization\"},\"potentialAction\":[{\"@type\":\"SearchAction\",\"target\":{\"@type\":\"EntryPoint\",\"urlTemplate\":\"https:\/\/test.puhdasplus.ee\/lv\/?s={search_term_string}\"},\"query-input\":{\"@type\":\"PropertyValueSpecification\",\"valueRequired\":true,\"valueName\":\"search_term_string\"}}],\"inLanguage\":\"lv-LV\"},{\"@type\":\"Organization\",\"@id\":\"https:\/\/test.puhdasplus.ee\/lv\/#organization\",\"name\":\"Puhdas+\",\"alternateName\":\"Puhdasplus\",\"url\":\"https:\/\/test.puhdasplus.ee\/lv\/\",\"logo\":{\"@type\":\"ImageObject\",\"inLanguage\":\"lv-LV\",\"@id\":\"https:\/\/test.puhdasplus.ee\/lv\/#\/schema\/logo\/image\/\",\"url\":\"https:\/\/test.puhdasplus.ee\/\/wp-content\/uploads\/2019\/10\/puhdas_logo-arvele.png\",\"contentUrl\":\"https:\/\/test.puhdasplus.ee\/\/wp-content\/uploads\/2019\/10\/puhdas_logo-arvele.png\",\"width\":114,\"height\":94,\"caption\":\"Puhdas+\"},\"image\":{\"@id\":\"https:\/\/test.puhdasplus.ee\/lv\/#\/schema\/logo\/image\/\"},\"sameAs\":[\"https:\/\/www.facebook.com\/puhdasplus\",\"https:\/\/www.instagram.com\/puhdasplus_ee\/\"]}]}<\/script>\n<!-- \/ Yoast SEO plugin. -->","yoast_head_json":{"title":"Multivitam\u012bns B 60 kapsulas - Puhdas+","robots":{"index":"noindex","follow":"follow","max-snippet":"max-snippet:-1","max-image-preview":"max-image-preview:large","max-video-preview":"max-video-preview:-1"},"og_locale":"lv_LV","og_type":"article","og_title":"Multivitam\u012bns B 60 kapsulas - Puhdas+","og_description":"Puhdas+ Multi B vitam\u012bns ir uztura bag\u0101tin\u0101t\u0101js, kas veicina norm\u0101lu ener\u0123ijas metabolismu, atbalsta nervu sist\u0113mu un pal\u012bdz mazin\u0101t nogurumu un nesp\u0113ku. B grupas vitam\u012bni ir svar\u012bgi organismam, jo \u200b\u200btie pal\u012bdz p\u0101rv\u0113rst ener\u0123iju no p\u0101rtikas izmantojam\u0101 ener\u0123ij\u0101. Tie atbalsta ar\u012b psiholo\u0123isk\u0101s funkcijas un asinsradi.  B vitam\u012bni organism\u0101 neuzglab\u0101jas ilgsto\u0161i, t\u0101p\u0113c ir svar\u012bgi tos uz\u0146emt katru dienu ar p\u0101rtiku vai uztura bag\u0101tin\u0101t\u0101jiem. Tas ir \u012bpa\u0161i svar\u012bgi cilv\u0113kiem ar aiz\u0146emtu dz\u012bvesveidu vai nesabalans\u0113tu uzturu. Ve\u0123et\u0101rie\u0161iem, veg\u0101niem un vec\u0101ka gadag\u0101juma cilv\u0113kiem var b\u016bt nepiecie\u0161ams papildu atbalsts, jo var b\u016bt gr\u016bti vai nepietiekami uz\u0146emt da\u017eus B vitam\u012bnus ar p\u0101rtiku.  Pure+ Multi B satur visus nepiecie\u0161amos B vitam\u012bnus (tostarp B12, folsk\u0101bi, biot\u012bnu) pareizaj\u0101 daudzum\u0101 un \u013coti labi uzs\u016bcam\u0101 veid\u0101. Produkts ir t\u012brs, bez m\u0101ksl\u012bg\u0101m piedev\u0101m, glut\u0113na, laktozes vai saldin\u0101t\u0101jiem, un ir piem\u0113rots veg\u0101niem.","og_url":"https:\/\/test.puhdasplus.ee\/lv\/tooted\/vitamini\/b-vitamins\/multivitamins-b-60-kapsulas\/","og_site_name":"Puhdas+","article_publisher":"https:\/\/www.facebook.com\/puhdasplus","article_modified_time":"2026-03-10T12:10:43+00:00","og_image":[{"width":1862,"height":2560,"url":"https:\/\/test.puhdasplus.ee\/wp-content\/uploads\/2025\/03\/99.jpg","type":"image\/jpeg"}],"twitter_card":"summary_large_image","twitter_misc":{"Est. reading time":"3 min\u016btes"},"schema":{"@context":"https:\/\/schema.org","@graph":[{"@type":"WebPage","@id":"https:\/\/test.puhdasplus.ee\/lv\/tooted\/vitamini\/b-vitamins\/multivitamins-b-60-kapsulas\/","url":"https:\/\/test.puhdasplus.ee\/lv\/tooted\/vitamini\/b-vitamins\/multivitamins-b-60-kapsulas\/","name":"Multivitam\u012bns B 60 kapsulas - Puhdas+","isPartOf":{"@id":"https:\/\/test.puhdasplus.ee\/lv\/#website"},"primaryImageOfPage":{"@id":"https:\/\/test.puhdasplus.ee\/lv\/tooted\/vitamini\/b-vitamins\/multivitamins-b-60-kapsulas\/#primaryimage"},"image":{"@id":"https:\/\/test.puhdasplus.ee\/lv\/tooted\/vitamini\/b-vitamins\/multivitamins-b-60-kapsulas\/#primaryimage"},"thumbnailUrl":"https:\/\/test.puhdasplus.ee\/wp-content\/uploads\/2025\/03\/99.jpg","datePublished":"2024-07-15T11:46:54+00:00","dateModified":"2026-03-10T12:10:43+00:00","breadcrumb":{"@id":"https:\/\/test.puhdasplus.ee\/lv\/tooted\/vitamini\/b-vitamins\/multivitamins-b-60-kapsulas\/#breadcrumb"},"inLanguage":"lv-LV","potentialAction":[{"@type":"ReadAction","target":["https:\/\/test.puhdasplus.ee\/lv\/tooted\/vitamini\/b-vitamins\/multivitamins-b-60-kapsulas\/"]}]},{"@type":"ImageObject","inLanguage":"lv-LV","@id":"https:\/\/test.puhdasplus.ee\/lv\/tooted\/vitamini\/b-vitamins\/multivitamins-b-60-kapsulas\/#primaryimage","url":"https:\/\/test.puhdasplus.ee\/wp-content\/uploads\/2025\/03\/99.jpg","contentUrl":"https:\/\/test.puhdasplus.ee\/wp-content\/uploads\/2025\/03\/99.jpg","width":1862,"height":2560,"caption":"MULTI B vitam\u012bns 60 kapsulas"},{"@type":"BreadcrumbList","@id":"https:\/\/test.puhdasplus.ee\/lv\/tooted\/vitamini\/b-vitamins\/multivitamins-b-60-kapsulas\/#breadcrumb","itemListElement":[{"@type":"ListItem","position":1,"name":"S\u0101kums","item":"https:\/\/test.puhdasplus.ee\/lv\/"},{"@type":"ListItem","position":2,"name":"Produkti","item":"https:\/\/test.puhdasplus.ee\/lv\/veikals\/"},{"@type":"ListItem","position":3,"name":"Multivitam\u012bns B 60 kapsulas"}]},{"@type":"WebSite","@id":"https:\/\/test.puhdasplus.ee\/lv\/#website","url":"https:\/\/test.puhdasplus.ee\/lv\/","name":"Puhdas+","description":"Vitamiinid, Toidulisandid, looduskosmeetika, tervis, sport","publisher":{"@id":"https:\/\/test.puhdasplus.ee\/lv\/#organization"},"potentialAction":[{"@type":"SearchAction","target":{"@type":"EntryPoint","urlTemplate":"https:\/\/test.puhdasplus.ee\/lv\/?s={search_term_string}"},"query-input":{"@type":"PropertyValueSpecification","valueRequired":true,"valueName":"search_term_string"}}],"inLanguage":"lv-LV"},{"@type":"Organization","@id":"https:\/\/test.puhdasplus.ee\/lv\/#organization","name":"Puhdas+","alternateName":"Puhdasplus","url":"https:\/\/test.puhdasplus.ee\/lv\/","logo":{"@type":"ImageObject","inLanguage":"lv-LV","@id":"https:\/\/test.puhdasplus.ee\/lv\/#\/schema\/logo\/image\/","url":"https:\/\/test.puhdasplus.ee\/\/wp-content\/uploads\/2019\/10\/puhdas_logo-arvele.png","contentUrl":"https:\/\/test.puhdasplus.ee\/\/wp-content\/uploads\/2019\/10\/puhdas_logo-arvele.png","width":114,"height":94,"caption":"Puhdas+"},"image":{"@id":"https:\/\/test.puhdasplus.ee\/lv\/#\/schema\/logo\/image\/"},"sameAs":["https:\/\/www.facebook.com\/puhdasplus","https:\/\/www.instagram.com\/puhdasplus_ee\/"]}]}},"_links":{"self":[{"href":"https:\/\/test.puhdasplus.ee\/lv\/wp-json\/wp\/v2\/product\/33268","targetHints":{"allow":["GET"]}}],"collection":[{"href":"https:\/\/test.puhdasplus.ee\/lv\/wp-json\/wp\/v2\/product"}],"about":[{"href":"https:\/\/test.puhdasplus.ee\/lv\/wp-json\/wp\/v2\/types\/product"}],"replies":[{"embeddable":true,"href":"https:\/\/test.puhdasplus.ee\/lv\/wp-json\/wp\/v2\/comments?post=33268"}],"wp:featuredmedia":[{"embeddable":true,"href":"https:\/\/test.puhdasplus.ee\/lv\/wp-json\/wp\/v2\/media\/33271"}],"wp:attachment":[{"href":"https:\/\/test.puhdasplus.ee\/lv\/wp-json\/wp\/v2\/media?parent=33268"}],"wp:term":[{"taxonomy":"product_brand","embeddable":true,"href":"https:\/\/test.puhdasplus.ee\/lv\/wp-json\/wp\/v2\/product_brand?post=33268"},{"taxonomy":"product_cat","embeddable":true,"href":"https:\/\/test.puhdasplus.ee\/lv\/wp-json\/wp\/v2\/product_cat?post=33268"},{"taxonomy":"product_tag","embeddable":true,"href":"https:\/\/test.puhdasplus.ee\/lv\/wp-json\/wp\/v2\/product_tag?post=33268"}],"curies":[{"name":"wp","href":"https:\/\/api.w.org\/{rel}","templated":true}]}}