{"id":33267,"date":"2024-05-27T11:24:17","date_gmt":"2024-05-27T08:24:17","guid":{"rendered":"https:\/\/test.puhdasplus.ee\/\/tooted\/uncategorized\/elektrolitu-pulveris-ar-mango-garsu-120-g\/"},"modified":"2026-02-27T13:10:30","modified_gmt":"2026-02-27T11:10:30","slug":"elektrolitu-pulveris-ar-mango-garsu-120-g","status":"publish","type":"product","link":"https:\/\/test.puhdasplus.ee\/lv\/tooted\/sports-lv\/elektrolitu-pulveris-ar-mango-garsu-120-g\/","title":{"rendered":"Elektrol\u012btu pulveris ar mango gar\u0161u 120 g"},"content":{"rendered":"<h2 class=\"\" data-start=\"182\" data-end=\"222\">Kas ir Pure+ elektrol\u012btu pulveris?<\/h2>\n<p class=\"\" data-start=\"224\" data-end=\"305\"><span class=\"relative -mx-px my-[-0.2rem] rounded px-px py-[0.2rem] transition-colors duration-100 ease-in-out\">Pure+ elektrol\u012btu pulveris ir augstas kvalit\u0101tes uztura bag\u0101tin\u0101t\u0101js, kas paredz\u0113ts organisma elektrol\u012btu l\u012bdzsvara atbalstam. Tas ir \u012bpa\u0161i noder\u012bgi fiziskas slodzes, karst\u0101 laik\u0101 vai dehidrat\u0101cijas laik\u0101. <\/span>\u200b<\/p>\n<p class=\"\" data-start=\"307\" data-end=\"464\">Gard\u0101 mango gar\u0161a padara \u0161o pulveri pat\u012bkamu, un tas viegli sajaucas ar \u016bdeni, nodro\u0161inot atspirdzino\u0161u dz\u0113rienu.<\/p>\n<h2 class=\"\" data-start=\"395\" data-end=\"429\">K\u0101p\u0113c elektrol\u012bti ir svar\u012bgi?<\/h2>\n<p class=\"\" data-start=\"431\" data-end=\"512\"><span class=\"relative -mx-px my-[-0.2rem] rounded px-px py-[0.2rem] transition-colors duration-100 ease-in-out\">Elektrol\u012bti, piem\u0113ram, n\u0101trijs, k\u0101lijs, magnijs un kalcijs, ir svar\u012bgi organisma norm\u0101lai darb\u012bbai. Tie: <\/span>\u200b<\/p>\n<ul data-start=\"514\" data-end=\"781\">\n<li class=\"\" data-start=\"514\" data-end=\"563\">\n<p class=\"\" data-start=\"516\" data-end=\"563\">Pal\u012bdz uztur\u0113t \u0161\u0137idruma l\u012bdzsvaru organism\u0101<\/p>\n<\/li>\n<li class=\"\" data-start=\"564\" data-end=\"614\">\n<p class=\"\" data-start=\"566\" data-end=\"614\">Atbalsta norm\u0101lu musku\u013cu un nervu darb\u012bbu<\/p>\n<\/li>\n<li class=\"\" data-start=\"615\" data-end=\"674\">\n<p class=\"\" data-start=\"617\" data-end=\"674\">Veicina ener\u0123ijas metabolismu un mazina nogurumu<\/p>\n<\/li>\n<li class=\"\" data-start=\"675\" data-end=\"781\">\n<p class=\"\" data-start=\"677\" data-end=\"781\">Ir svar\u012bgi sirds darb\u012bbai un asinsspiediena regul\u0113\u0161anai<\/p>\n<\/li>\n<\/ul>\n<p class=\"\" data-start=\"783\" data-end=\"959\">Elektrol\u012btu l\u012bmenis var pazemin\u0101ties fiziskas slodzes, sv\u012b\u0161anas vai slim\u012bbas laik\u0101, t\u0101p\u0113c ir svar\u012bgi to apzin\u0101ti papildin\u0101t.<\/p>\n<h2 class=\"\" data-start=\"819\" data-end=\"839\">Produkta sast\u0101vda\u013cas<\/h2>\n<p class=\"\" data-start=\"841\" data-end=\"926\"><span class=\"relative -mx-px my-[-0.2rem] rounded px-px py-[0.2rem] transition-colors duration-100 ease-in-out\">Pure+ elektrol\u012btu pulveris satur \u0161\u0101das sast\u0101vda\u013cas:<\/span> <span class=\"relative -mx-px my-[-0.2rem] rounded px-px py-[0.2rem] transition-colors duration-100 ease-in-out\">n\u0101trija hlor\u012bdu,<\/span> <span class=\"relative -mx-px my-[-0.2rem] rounded px-px py-[0.2rem] transition-colors duration-100 ease-in-out\">sk\u0101buma regulatoru (\u0101bolsk\u0101bi),<\/span> <span class=\"relative -mx-px my-[-0.2rem] rounded px-px py-[0.2rem] transition-colors duration-100 ease-in-out\">n\u0101trija bikarbon\u0101tu,<\/span> <span class=\"relative -mx-px my-[-0.2rem] rounded px-px py-[0.2rem] transition-colors duration-100 ease-in-out\">L-glic\u012bnu,<\/span> <span class=\"relative -mx-px my-[-0.2rem] rounded px-px py-[0.2rem] transition-colors duration-100 ease-in-out\">n\u0101trija askorb\u0101tu (C vitam\u012bna avotu),<\/span> <span class=\"relative -mx-px my-[-0.2rem] rounded px-px py-[0.2rem] transition-colors duration-100 ease-in-out\">kalcija citr\u0101tu,<\/span> <span class=\"relative -mx-px my-[-0.2rem] rounded px-px py-[0.2rem] transition-colors duration-100 ease-in-out\">magnija mal\u0101tu,<\/span> <span class=\"relative -mx-px my-[-0.2rem] rounded px-px py-[0.2rem] transition-colors duration-100 ease-in-out\">k\u0101lija hlor\u012bdu,<\/span> <span class=\"relative -mx-px my-[-0.2rem] rounded px-px py-[0.2rem] transition-colors duration-100 ease-in-out\">dab\u012bgu mango aromatiz\u0113t\u0101ju,<\/span> <span class=\"relative -mx-px my-[-0.2rem] rounded px-px py-[0.2rem] transition-colors duration-100 ease-in-out\">saldin\u0101t\u0101ju: steviolglikoz\u012bdus no st\u0113vijas<\/span> .<\/p>\n<p class=\"\" data-start=\"1395\" data-end=\"1515\">Produkts nesatur laktozi, raugu, glut\u0113nu vai soju un ir piem\u0113rots veg\u0101niem.<\/p>\n<h2 class=\"\" data-start=\"1487\" data-end=\"1543\">Uzturv\u0113rt\u012bba (dienas deva: 3 m\u0113rkarotes vai 9 ml)<\/h2>\n<div class=\"group pointer-events-none relative flex justify-center *:pointer-events-auto\">\n<div class=\"tableContainer horzScrollShadows relative\">\n<table class=\"min-w-full\" data-start=\"1545\" data-end=\"2340\">\n<thead data-start=\"1545\" data-end=\"1606\">\n<tr data-start=\"1545\" data-end=\"1606\">\n<th data-start=\"1545\" data-end=\"1560\">Akt\u012bv\u0101 viela<\/th>\n<th data-start=\"1560\" data-end=\"1568\">Daudzums<\/th>\n<th data-start=\"1568\" data-end=\"1606\">Dienas ieteicam\u0101s dienas devas (NRV*) %<\/th>\n<\/tr>\n<\/thead>\n<tbody data-start=\"1669\" data-end=\"2340\">\n<tr data-start=\"1669\" data-end=\"1792\">\n<td class=\"max-w-[calc(var(--thread-content-max-width)*2\/3)]\" data-start=\"1669\" data-end=\"1713\"><span class=\"relative -mx-px my-[-0.2rem] rounded px-px py-[0.2rem] transition-colors duration-100 ease-in-out\">Magnijs<\/span><\/td>\n<td class=\"max-w-[calc(var(--thread-content-max-width)*2\/3)]\" data-start=\"1713\" data-end=\"1755\"><span class=\"relative -mx-px my-[-0.2rem] rounded px-px py-[0.2rem] transition-colors duration-100 ease-in-out\">87 mg<\/span><\/td>\n<td class=\"max-w-[calc(var(--thread-content-max-width)*2\/3)]\" data-start=\"1755\" data-end=\"1792\">23%<\/td>\n<\/tr>\n<tr data-start=\"1793\" data-end=\"1917\">\n<td class=\"max-w-[calc(var(--thread-content-max-width)*2\/3)]\" data-start=\"1793\" data-end=\"1839\"><span class=\"relative -mx-px my-[-0.2rem] rounded px-px py-[0.2rem] transition-colors duration-100 ease-in-out\">N\u0101trijs<\/span><\/td>\n<td class=\"max-w-[calc(var(--thread-content-max-width)*2\/3)]\" data-start=\"1839\" data-end=\"1881\"><span class=\"relative -mx-px my-[-0.2rem] rounded px-px py-[0.2rem] transition-colors duration-100 ease-in-out\">1617 mg<\/span><\/td>\n<td class=\"max-w-[calc(var(--thread-content-max-width)*2\/3)]\" data-start=\"1881\" data-end=\"1917\">\u2013<\/td>\n<\/tr>\n<tr data-start=\"1918\" data-end=\"2045\">\n<td class=\"max-w-[calc(var(--thread-content-max-width)*2\/3)]\" data-start=\"1918\" data-end=\"1967\"><span class=\"relative -mx-px my-[-0.2rem] rounded px-px py-[0.2rem] transition-colors duration-100 ease-in-out\">Hlors<\/span><\/td>\n<td class=\"max-w-[calc(var(--thread-content-max-width)*2\/3)]\" data-start=\"1967\" data-end=\"2009\"><span class=\"relative -mx-px my-[-0.2rem] rounded px-px py-[0.2rem] transition-colors duration-100 ease-in-out\">1950 mg<\/span><\/td>\n<td class=\"max-w-[calc(var(--thread-content-max-width)*2\/3)]\" data-start=\"2009\" data-end=\"2045\">244%<\/td>\n<\/tr>\n<tr data-start=\"2046\" data-end=\"2170\">\n<td class=\"max-w-[calc(var(--thread-content-max-width)*2\/3)]\" data-start=\"2046\" data-end=\"2092\"><span class=\"relative -mx-px my-[-0.2rem] rounded px-px py-[0.2rem] transition-colors duration-100 ease-in-out\">Glic\u012bns<\/span><\/td>\n<td class=\"max-w-[calc(var(--thread-content-max-width)*2\/3)]\" data-start=\"2092\" data-end=\"2134\"><span class=\"relative -mx-px my-[-0.2rem] rounded px-px py-[0.2rem] transition-colors duration-100 ease-in-out\">1386 mg<\/span><\/td>\n<td class=\"max-w-[calc(var(--thread-content-max-width)*2\/3)]\" data-start=\"2134\" data-end=\"2170\">\u2013<\/td>\n<\/tr>\n<tr data-start=\"2171\" data-end=\"2340\">\n<td class=\"max-w-[calc(var(--thread-content-max-width)*2\/3)]\" data-start=\"2171\" data-end=\"2215\"><span class=\"relative -mx-px my-[-0.2rem] rounded px-px py-[0.2rem] transition-colors duration-100 ease-in-out\">C vitam\u012bns<\/span><\/td>\n<td class=\"max-w-[calc(var(--thread-content-max-width)*2\/3)]\" data-start=\"2215\" data-end=\"2257\"><span class=\"relative -mx-px my-[-0.2rem] rounded px-px py-[0.2rem] transition-colors duration-100 ease-in-out\">606 mg<\/span><\/td>\n<td class=\"max-w-[calc(var(--thread-content-max-width)*2\/3)]\" data-start=\"2257\" data-end=\"2293\">758%<\/td>\n<\/tr>\n<\/tbody>\n<\/table>\n<\/div>\n<\/div>\n<p class=\"\" data-start=\"2342\" data-end=\"2427\"><span class=\"relative -mx-px my-[-0.2rem] rounded px-px py-[0.2rem] transition-colors duration-100 ease-in-out\">*NRV \u2013 ieteicam\u0101 dienas deva<\/span><\/p>\n<h2 class=\"\" data-start=\"2434\" data-end=\"2447\">Lietojums<\/h2>\n<p class=\"\" data-start=\"2449\" data-end=\"2614\"><span class=\"relative -mx-px my-[-0.2rem] rounded px-px py-[0.2rem] transition-colors duration-100 ease-in-out\">Pieaugu\u0161ajiem: 1 m\u0113rkarote (3 ml) 3 reizes dien\u0101.<\/span> <span class=\"relative -mx-px my-[-0.2rem] rounded px-px py-[0.2rem] transition-colors duration-100 ease-in-out\">Sajauciet pulveri ar 5 dl \u016bdens vai cita \u0161\u0137idruma.<\/span> <span class=\"relative -mx-px my-[-0.2rem] rounded px-px py-[0.2rem] transition-colors duration-100 ease-in-out\">Nep\u0101rsniedziet ieteicamo dienas devu.<\/span><\/p>\n<h2 class=\"\" data-start=\"2621\" data-end=\"2661\">Pure+ elektrol\u012btu pulvera priek\u0161roc\u012bbas<\/h2>\n<ul data-start=\"2663\" data-end=\"2876\">\n<li class=\"\" data-start=\"2663\" data-end=\"2704\">\n<p class=\"\" data-start=\"2665\" data-end=\"2704\"><span class=\"relative -mx-px my-[-0.2rem] rounded px-px py-[0.2rem] transition-colors duration-100 ease-in-out\">Bez cukura<\/span><\/p>\n<\/li>\n<li class=\"\" data-start=\"2705\" data-end=\"2746\">\n<p class=\"\" data-start=\"2707\" data-end=\"2746\"><span class=\"relative -mx-px my-[-0.2rem] rounded px-px py-[0.2rem] transition-colors duration-100 ease-in-out\">Bez kr\u0101sviel\u0101m<\/span><\/p>\n<\/li>\n<li class=\"\" data-start=\"2747\" data-end=\"2788\">\n<p class=\"\" data-start=\"2749\" data-end=\"2788\"><span class=\"relative -mx-px my-[-0.2rem] rounded px-px py-[0.2rem] transition-colors duration-100 ease-in-out\">100% veg\u0101ns<\/span><\/p>\n<\/li>\n<li class=\"\" data-start=\"2789\" data-end=\"2876\">\n<p class=\"\" data-start=\"2791\" data-end=\"2876\"><span class=\"relative -mx-px my-[-0.2rem] rounded px-px py-[0.2rem] transition-colors duration-100 ease-in-out\">Ra\u017eots Somij\u0101<\/span><\/p>\n<\/li>\n<\/ul>\n<p class=\"\" data-start=\"2878\" data-end=\"2963\"><span class=\"relative -mx-px my-[-0.2rem] rounded px-px py-[0.2rem] transition-colors duration-100 ease-in-out\">Produkts ir lieliski piem\u0113rots sportistiem, akt\u012bviem cilv\u0113kiem un ikvienam, kur\u0161 v\u0113las dabisk\u0101 un efekt\u012bv\u0101 veid\u0101 atbalst\u012bt sava \u0137erme\u0146a elektrol\u012btu l\u012bdzsvaru.<\/span><\/p>\n","protected":false},"excerpt":{"rendered":"<p class=\"\" data-start=\"67\" data-end=\"465\"><strong data-start=\"67\" data-end=\"121\">Puhdas+ elektrol\u012btu pulveris ar mango gar\u0161u 120 g<\/strong> ir lieliska izv\u0113le akt\u012bviem cilv\u0113kiem, sportistiem un ikvienam, kur\u0161 v\u0113las atbalst\u012bt sava organisma \u0161\u0137idruma un miner\u0101lvielu l\u012bdzsvaru. \u0160is atsvaidzino\u0161ais mango gar\u0161as pulveris satur t\u0101dus svar\u012bgus elektrol\u012btus k\u0101 n\u0101trijs, k\u0101lijs, magnijs un kalcijs, kas pal\u012bdz uztur\u0113t norm\u0101lu musku\u013cu un nervu darb\u012bbu un mazin\u0101t nogurumu. <\/p>\n<p class=\"\" data-start=\"467\" data-end=\"742\">Turkl\u0101t produkt\u0101 eso\u0161ais glic\u012bns un C vitam\u012bns veicina atvese\u013co\u0161anos un im\u016bnsist\u0113mas darb\u012bbu. Produkts nesatur cukuru, tam ir dab\u012bgas gar\u0161as un tas ir piem\u0113rots ar\u012b veg\u0101niem. Puhdas+ pulveris ir vienk\u0101r\u0161s un efekt\u012bvs veids, k\u0101 uzlabot organisma ener\u0123ijas rezerves p\u0113c fiziskas slodzes, karst\u0101 laik\u0101 vai dehidrat\u0101cijas gad\u012bjum\u0101.  <\/p>\n","protected":false},"featured_media":33270,"comment_status":"closed","ping_status":"closed","template":"","meta":{"_acf_changed":false},"product_brand":[],"product_cat":[3201,3067,3200,3038],"product_tag":[3202,3220,3204,3044,3214,3209,3212,3203,3224,3225,3216,3221,3218,3208,3206],"class_list":{"0":"post-33267","1":"product","2":"type-product","3":"status-publish","4":"has-post-thumbnail","6":"product_cat-elektroliti","7":"product_cat-ipasie-piedavajumi","8":"product_cat-minerali","9":"product_cat-sports-lv","10":"product_tag-c-vitamins-lv","11":"product_tag-elektroliti","12":"product_tag-elektrolits","13":"product_tag-energija-un-nogurums","14":"product_tag-glicins","15":"product_tag-kalcijs","16":"product_tag-kalijs","17":"product_tag-magnijs","18":"product_tag-mango-garsas","19":"product_tag-muskuli-un-locitavas","20":"product_tag-muskulu-funkcija","21":"product_tag-natrijs","22":"product_tag-noguruma-mazinasana","23":"product_tag-nogurums","24":"product_tag-uztura-bagatinatajs","26":"first","27":"instock","28":"sale","29":"taxable","30":"shipping-taxable","31":"purchasable","32":"product-type-simple"},"acf":[],"yoast_head":"<!-- This site is optimized with the Yoast SEO plugin v27.1.1 - https:\/\/yoast.com\/product\/yoast-seo-wordpress\/ -->\n<title>Elektrol\u012btu pulveris ar mango gar\u0161u 120 g - Puhdas+<\/title>\n<meta name=\"description\" content=\"Mango gar\u0161as elektrol\u012btu pulveris 120 g satur svar\u012bgas miner\u0101lvielas un uzturvielas, kas atbalsta elektrol\u012btu l\u012bdzsvaru un norm\u0101lu musku\u013cu darb\u012bbu.\" \/>\n<meta name=\"robots\" content=\"noindex, follow, max-snippet:-1, max-image-preview:large, max-video-preview:-1\" \/>\n<meta property=\"og:locale\" content=\"lv_LV\" \/>\n<meta property=\"og:type\" content=\"article\" \/>\n<meta property=\"og:title\" content=\"Elektrol\u012btu pulveris ar mango gar\u0161u 120 g - Puhdas+\" \/>\n<meta property=\"og:description\" content=\"Mango gar\u0161as elektrol\u012btu pulveris 120 g satur svar\u012bgas miner\u0101lvielas un uzturvielas, kas atbalsta elektrol\u012btu l\u012bdzsvaru un norm\u0101lu musku\u013cu darb\u012bbu.\" \/>\n<meta property=\"og:url\" content=\"https:\/\/test.puhdasplus.ee\/lv\/tooted\/sports-lv\/elektrolitu-pulveris-ar-mango-garsu-120-g\/\" \/>\n<meta property=\"og:site_name\" content=\"Puhdas+\" \/>\n<meta property=\"article:publisher\" content=\"https:\/\/www.facebook.com\/puhdasplus\" \/>\n<meta property=\"article:modified_time\" content=\"2026-02-27T11:10:30+00:00\" \/>\n<meta property=\"og:image\" content=\"https:\/\/test.puhdasplus.ee\/wp-content\/uploads\/2025\/03\/100.jpg\" \/>\n\t<meta property=\"og:image:width\" content=\"1862\" \/>\n\t<meta property=\"og:image:height\" content=\"2560\" \/>\n\t<meta property=\"og:image:type\" content=\"image\/jpeg\" \/>\n<meta name=\"twitter:card\" content=\"summary_large_image\" \/>\n<meta name=\"twitter:label1\" content=\"Est. reading time\" \/>\n\t<meta name=\"twitter:data1\" content=\"2 min\u016btes\" \/>\n<script type=\"application\/ld+json\" class=\"yoast-schema-graph\">{\"@context\":\"https:\/\/schema.org\",\"@graph\":[{\"@type\":\"WebPage\",\"@id\":\"https:\/\/test.puhdasplus.ee\/lv\/tooted\/sports-lv\/elektrolitu-pulveris-ar-mango-garsu-120-g\/\",\"url\":\"https:\/\/test.puhdasplus.ee\/lv\/tooted\/sports-lv\/elektrolitu-pulveris-ar-mango-garsu-120-g\/\",\"name\":\"Elektrol\u012btu pulveris ar mango gar\u0161u 120 g - Puhdas+\",\"isPartOf\":{\"@id\":\"https:\/\/test.puhdasplus.ee\/lv\/#website\"},\"primaryImageOfPage\":{\"@id\":\"https:\/\/test.puhdasplus.ee\/lv\/tooted\/sports-lv\/elektrolitu-pulveris-ar-mango-garsu-120-g\/#primaryimage\"},\"image\":{\"@id\":\"https:\/\/test.puhdasplus.ee\/lv\/tooted\/sports-lv\/elektrolitu-pulveris-ar-mango-garsu-120-g\/#primaryimage\"},\"thumbnailUrl\":\"https:\/\/test.puhdasplus.ee\/wp-content\/uploads\/2025\/03\/100.jpg\",\"datePublished\":\"2024-05-27T08:24:17+00:00\",\"dateModified\":\"2026-02-27T11:10:30+00:00\",\"description\":\"Mango gar\u0161as elektrol\u012btu pulveris 120 g satur svar\u012bgas miner\u0101lvielas un uzturvielas, kas atbalsta elektrol\u012btu l\u012bdzsvaru un norm\u0101lu musku\u013cu darb\u012bbu.\",\"breadcrumb\":{\"@id\":\"https:\/\/test.puhdasplus.ee\/lv\/tooted\/sports-lv\/elektrolitu-pulveris-ar-mango-garsu-120-g\/#breadcrumb\"},\"inLanguage\":\"lv-LV\",\"potentialAction\":[{\"@type\":\"ReadAction\",\"target\":[\"https:\/\/test.puhdasplus.ee\/lv\/tooted\/sports-lv\/elektrolitu-pulveris-ar-mango-garsu-120-g\/\"]}]},{\"@type\":\"ImageObject\",\"inLanguage\":\"lv-LV\",\"@id\":\"https:\/\/test.puhdasplus.ee\/lv\/tooted\/sports-lv\/elektrolitu-pulveris-ar-mango-garsu-120-g\/#primaryimage\",\"url\":\"https:\/\/test.puhdasplus.ee\/wp-content\/uploads\/2025\/03\/100.jpg\",\"contentUrl\":\"https:\/\/test.puhdasplus.ee\/wp-content\/uploads\/2025\/03\/100.jpg\",\"width\":1862,\"height\":2560,\"caption\":\"Elektrol\u012btu pulveris ar mango gar\u0161u\"},{\"@type\":\"BreadcrumbList\",\"@id\":\"https:\/\/test.puhdasplus.ee\/lv\/tooted\/sports-lv\/elektrolitu-pulveris-ar-mango-garsu-120-g\/#breadcrumb\",\"itemListElement\":[{\"@type\":\"ListItem\",\"position\":1,\"name\":\"S\u0101kums\",\"item\":\"https:\/\/test.puhdasplus.ee\/lv\/\"},{\"@type\":\"ListItem\",\"position\":2,\"name\":\"Produkti\",\"item\":\"https:\/\/test.puhdasplus.ee\/lv\/veikals\/\"},{\"@type\":\"ListItem\",\"position\":3,\"name\":\"Elektrol\u012btu pulveris ar mango gar\u0161u 120 g\"}]},{\"@type\":\"WebSite\",\"@id\":\"https:\/\/test.puhdasplus.ee\/lv\/#website\",\"url\":\"https:\/\/test.puhdasplus.ee\/lv\/\",\"name\":\"Puhdas+\",\"description\":\"Vitamiinid, Toidulisandid, looduskosmeetika, tervis, sport\",\"publisher\":{\"@id\":\"https:\/\/test.puhdasplus.ee\/lv\/#organization\"},\"potentialAction\":[{\"@type\":\"SearchAction\",\"target\":{\"@type\":\"EntryPoint\",\"urlTemplate\":\"https:\/\/test.puhdasplus.ee\/lv\/?s={search_term_string}\"},\"query-input\":{\"@type\":\"PropertyValueSpecification\",\"valueRequired\":true,\"valueName\":\"search_term_string\"}}],\"inLanguage\":\"lv-LV\"},{\"@type\":\"Organization\",\"@id\":\"https:\/\/test.puhdasplus.ee\/lv\/#organization\",\"name\":\"Puhdas+\",\"alternateName\":\"Puhdasplus\",\"url\":\"https:\/\/test.puhdasplus.ee\/lv\/\",\"logo\":{\"@type\":\"ImageObject\",\"inLanguage\":\"lv-LV\",\"@id\":\"https:\/\/test.puhdasplus.ee\/lv\/#\/schema\/logo\/image\/\",\"url\":\"https:\/\/test.puhdasplus.ee\/\/wp-content\/uploads\/2019\/10\/puhdas_logo-arvele.png\",\"contentUrl\":\"https:\/\/test.puhdasplus.ee\/\/wp-content\/uploads\/2019\/10\/puhdas_logo-arvele.png\",\"width\":114,\"height\":94,\"caption\":\"Puhdas+\"},\"image\":{\"@id\":\"https:\/\/test.puhdasplus.ee\/lv\/#\/schema\/logo\/image\/\"},\"sameAs\":[\"https:\/\/www.facebook.com\/puhdasplus\",\"https:\/\/www.instagram.com\/puhdasplus_ee\/\"]}]}<\/script>\n<!-- \/ Yoast SEO plugin. -->","yoast_head_json":{"title":"Elektrol\u012btu pulveris ar mango gar\u0161u 120 g - Puhdas+","description":"Mango gar\u0161as elektrol\u012btu pulveris 120 g satur svar\u012bgas miner\u0101lvielas un uzturvielas, kas atbalsta elektrol\u012btu l\u012bdzsvaru un norm\u0101lu musku\u013cu darb\u012bbu.","robots":{"index":"noindex","follow":"follow","max-snippet":"max-snippet:-1","max-image-preview":"max-image-preview:large","max-video-preview":"max-video-preview:-1"},"og_locale":"lv_LV","og_type":"article","og_title":"Elektrol\u012btu pulveris ar mango gar\u0161u 120 g - Puhdas+","og_description":"Mango gar\u0161as elektrol\u012btu pulveris 120 g satur svar\u012bgas miner\u0101lvielas un uzturvielas, kas atbalsta elektrol\u012btu l\u012bdzsvaru un norm\u0101lu musku\u013cu darb\u012bbu.","og_url":"https:\/\/test.puhdasplus.ee\/lv\/tooted\/sports-lv\/elektrolitu-pulveris-ar-mango-garsu-120-g\/","og_site_name":"Puhdas+","article_publisher":"https:\/\/www.facebook.com\/puhdasplus","article_modified_time":"2026-02-27T11:10:30+00:00","og_image":[{"width":1862,"height":2560,"url":"https:\/\/test.puhdasplus.ee\/wp-content\/uploads\/2025\/03\/100.jpg","type":"image\/jpeg"}],"twitter_card":"summary_large_image","twitter_misc":{"Est. reading time":"2 min\u016btes"},"schema":{"@context":"https:\/\/schema.org","@graph":[{"@type":"WebPage","@id":"https:\/\/test.puhdasplus.ee\/lv\/tooted\/sports-lv\/elektrolitu-pulveris-ar-mango-garsu-120-g\/","url":"https:\/\/test.puhdasplus.ee\/lv\/tooted\/sports-lv\/elektrolitu-pulveris-ar-mango-garsu-120-g\/","name":"Elektrol\u012btu pulveris ar mango gar\u0161u 120 g - Puhdas+","isPartOf":{"@id":"https:\/\/test.puhdasplus.ee\/lv\/#website"},"primaryImageOfPage":{"@id":"https:\/\/test.puhdasplus.ee\/lv\/tooted\/sports-lv\/elektrolitu-pulveris-ar-mango-garsu-120-g\/#primaryimage"},"image":{"@id":"https:\/\/test.puhdasplus.ee\/lv\/tooted\/sports-lv\/elektrolitu-pulveris-ar-mango-garsu-120-g\/#primaryimage"},"thumbnailUrl":"https:\/\/test.puhdasplus.ee\/wp-content\/uploads\/2025\/03\/100.jpg","datePublished":"2024-05-27T08:24:17+00:00","dateModified":"2026-02-27T11:10:30+00:00","description":"Mango gar\u0161as elektrol\u012btu pulveris 120 g satur svar\u012bgas miner\u0101lvielas un uzturvielas, kas atbalsta elektrol\u012btu l\u012bdzsvaru un norm\u0101lu musku\u013cu darb\u012bbu.","breadcrumb":{"@id":"https:\/\/test.puhdasplus.ee\/lv\/tooted\/sports-lv\/elektrolitu-pulveris-ar-mango-garsu-120-g\/#breadcrumb"},"inLanguage":"lv-LV","potentialAction":[{"@type":"ReadAction","target":["https:\/\/test.puhdasplus.ee\/lv\/tooted\/sports-lv\/elektrolitu-pulveris-ar-mango-garsu-120-g\/"]}]},{"@type":"ImageObject","inLanguage":"lv-LV","@id":"https:\/\/test.puhdasplus.ee\/lv\/tooted\/sports-lv\/elektrolitu-pulveris-ar-mango-garsu-120-g\/#primaryimage","url":"https:\/\/test.puhdasplus.ee\/wp-content\/uploads\/2025\/03\/100.jpg","contentUrl":"https:\/\/test.puhdasplus.ee\/wp-content\/uploads\/2025\/03\/100.jpg","width":1862,"height":2560,"caption":"Elektrol\u012btu pulveris ar mango gar\u0161u"},{"@type":"BreadcrumbList","@id":"https:\/\/test.puhdasplus.ee\/lv\/tooted\/sports-lv\/elektrolitu-pulveris-ar-mango-garsu-120-g\/#breadcrumb","itemListElement":[{"@type":"ListItem","position":1,"name":"S\u0101kums","item":"https:\/\/test.puhdasplus.ee\/lv\/"},{"@type":"ListItem","position":2,"name":"Produkti","item":"https:\/\/test.puhdasplus.ee\/lv\/veikals\/"},{"@type":"ListItem","position":3,"name":"Elektrol\u012btu pulveris ar mango gar\u0161u 120 g"}]},{"@type":"WebSite","@id":"https:\/\/test.puhdasplus.ee\/lv\/#website","url":"https:\/\/test.puhdasplus.ee\/lv\/","name":"Puhdas+","description":"Vitamiinid, Toidulisandid, looduskosmeetika, tervis, sport","publisher":{"@id":"https:\/\/test.puhdasplus.ee\/lv\/#organization"},"potentialAction":[{"@type":"SearchAction","target":{"@type":"EntryPoint","urlTemplate":"https:\/\/test.puhdasplus.ee\/lv\/?s={search_term_string}"},"query-input":{"@type":"PropertyValueSpecification","valueRequired":true,"valueName":"search_term_string"}}],"inLanguage":"lv-LV"},{"@type":"Organization","@id":"https:\/\/test.puhdasplus.ee\/lv\/#organization","name":"Puhdas+","alternateName":"Puhdasplus","url":"https:\/\/test.puhdasplus.ee\/lv\/","logo":{"@type":"ImageObject","inLanguage":"lv-LV","@id":"https:\/\/test.puhdasplus.ee\/lv\/#\/schema\/logo\/image\/","url":"https:\/\/test.puhdasplus.ee\/\/wp-content\/uploads\/2019\/10\/puhdas_logo-arvele.png","contentUrl":"https:\/\/test.puhdasplus.ee\/\/wp-content\/uploads\/2019\/10\/puhdas_logo-arvele.png","width":114,"height":94,"caption":"Puhdas+"},"image":{"@id":"https:\/\/test.puhdasplus.ee\/lv\/#\/schema\/logo\/image\/"},"sameAs":["https:\/\/www.facebook.com\/puhdasplus","https:\/\/www.instagram.com\/puhdasplus_ee\/"]}]}},"_links":{"self":[{"href":"https:\/\/test.puhdasplus.ee\/lv\/wp-json\/wp\/v2\/product\/33267","targetHints":{"allow":["GET"]}}],"collection":[{"href":"https:\/\/test.puhdasplus.ee\/lv\/wp-json\/wp\/v2\/product"}],"about":[{"href":"https:\/\/test.puhdasplus.ee\/lv\/wp-json\/wp\/v2\/types\/product"}],"replies":[{"embeddable":true,"href":"https:\/\/test.puhdasplus.ee\/lv\/wp-json\/wp\/v2\/comments?post=33267"}],"wp:featuredmedia":[{"embeddable":true,"href":"https:\/\/test.puhdasplus.ee\/lv\/wp-json\/wp\/v2\/media\/33270"}],"wp:attachment":[{"href":"https:\/\/test.puhdasplus.ee\/lv\/wp-json\/wp\/v2\/media?parent=33267"}],"wp:term":[{"taxonomy":"product_brand","embeddable":true,"href":"https:\/\/test.puhdasplus.ee\/lv\/wp-json\/wp\/v2\/product_brand?post=33267"},{"taxonomy":"product_cat","embeddable":true,"href":"https:\/\/test.puhdasplus.ee\/lv\/wp-json\/wp\/v2\/product_cat?post=33267"},{"taxonomy":"product_tag","embeddable":true,"href":"https:\/\/test.puhdasplus.ee\/lv\/wp-json\/wp\/v2\/product_tag?post=33267"}],"curies":[{"name":"wp","href":"https:\/\/api.w.org\/{rel}","templated":true}]}}