{"id":33233,"date":"2024-02-24T14:25:53","date_gmt":"2024-02-24T12:25:53","guid":{"rendered":"https:\/\/test.puhdasplus.ee\/\/tooted\/uncategorized\/ehinacijas-tinktura-echinacea-purpurea-50-ml\/"},"modified":"2026-03-10T14:11:36","modified_gmt":"2026-03-10T12:11:36","slug":"ehinacijas-tinktura-echinacea-purpurea-50-ml","status":"publish","type":"product","link":"https:\/\/test.puhdasplus.ee\/lv\/tooted\/imunsistema\/ehinacijas-tinktura-echinacea-purpurea-50-ml\/","title":{"rendered":"Ehin\u0101cijas tinkt\u016bra (Echinacea purpurea) 50 ml"},"content":{"rendered":"<h2 data-start=\"198\" data-end=\"239\">Kas ir purpursarkan\u0101s ehinacejas tinkt\u016bra?<\/h2>\n<p class=\"\" data-start=\"241\" data-end=\"360\"><span class=\"relative -mx-px my-[-0.2rem] rounded px-px py-[0.2rem] transition-colors duration-100 ease-in-out\">Ehin\u0101cija ir Zieme\u013camerikas augs, <\/span>kas tradicion\u0101li tiek izmantots da\u017e\u0101dos augu produktos. Augs satur vair\u0101kus dab\u012bgus savienojumus, piem\u0113ram, flavono\u012bdus, polisahar\u012bdus un alkam\u012bdus. <\/p>\n<h2 data-start=\"327\" data-end=\"395\">Atbalsto\u0161a augu izv\u0113le rudens un ziemas periodam.<\/h2>\n<p class=\"p1\">Puhdas+ e\u017eziedes tinkt\u016bra apvieno divus paz\u012bstamus augus \u2013 s\u0101rto e\u017eziedi (Echinacea purpurea) un parasto timi\u0101nu \u2013, ko bie\u017ei izmanto augu uztura bag\u0101tin\u0101t\u0101jos tie\u0161i rudens un ziemas period\u0101.<\/p>\n<h2 data-start=\"1031\" data-end=\"1092\">Timi\u0101ns \u2013 <b>arom\u0101tisks un tradicion\u0101ls gar\u0161augs<\/b><\/h2>\n<p class=\"p1\">Parastais timi\u0101ns (Thymus vulgaris) ir paz\u012bstams k\u0101 dabisks gar\u0161augs ar senu v\u0113sturi gan p\u0101rtikas kult\u016br\u0101, gan tautas medic\u012bn\u0101. To bie\u017ei izmanto augu uztura bag\u0101tin\u0101t\u0101jos, \u012bpa\u0161i aukstajos m\u0113ne\u0161os. <\/p>\n<h2 data-start=\"362\" data-end=\"384\">Produkta funkcijas<\/h2>\n<ul data-start=\"386\" data-end=\"679\">\n<li class=\"\" data-start=\"386\" data-end=\"442\">\n<p class=\"\" data-start=\"388\" data-end=\"442\"><strong data-start=\"388\" data-end=\"404\">Sast\u0101vda\u013cas: <\/strong>Echinacea purpurea (s\u0101rt\u0101s e\u017eziedes) \u016bdens-etanola ekstrakts, Thymus vulgaris (parast\u0101 timi\u0101na) ekstrakts.<\/p>\n<\/li>\n<li class=\"\" data-start=\"443\" data-end=\"493\">\n<p class=\"\" data-start=\"445\" data-end=\"493\"><strong data-start=\"445\" data-end=\"455\">Veg\u0101ns:<\/strong> <span class=\"relative -mx-px my-[-0.2rem] rounded px-px py-[0.2rem] transition-colors duration-100 ease-in-out\">Produkts ir 100% veg\u0101ns.<\/span><\/p>\n<\/li>\n<li class=\"\" data-start=\"494\" data-end=\"552\">\n<p class=\"\" data-start=\"496\" data-end=\"552\"><strong data-start=\"496\" data-end=\"514\">Lieto\u0161anas instrukcija:<\/strong> <span class=\"relative -mx-px my-[-0.2rem] rounded px-px py-[0.2rem] transition-colors duration-100 ease-in-out\">Ieteicam\u0101 dienas deva ir 20 pilieni 3\u20135 reizes dien\u0101.<\/span><\/p>\n<\/li>\n<li class=\"\" data-start=\"553\" data-end=\"679\">\n<p class=\"\" data-start=\"555\" data-end=\"679\"><strong data-start=\"555\" data-end=\"595\">Dienas deva satur (sausn\u0101): <\/strong>s\u0101rt\u0101s e\u017eziedes ekstraktu 600\u20131000 mg, timi\u0101na ekstraktu 21\u201335 mg.<\/p>\n<\/li>\n<\/ul>\n<h2 data-start=\"95\" data-end=\"115\">Sast\u0101vda\u013cas<\/h2>\n<p class=\"\" data-start=\"119\" data-end=\"156\"><span class=\"relative -mx-px my-[-0.2rem] rounded px-px py-[0.2rem] transition-colors duration-100 ease-in-out\"><strong data-start=\"0\" data-end=\"22\" data-is-only-node=\"\">Echinacea purpurea<\/strong> (s\u0101rt\u0101s e\u017eziedes) ekstrakts, <\/span><span class=\"relative -mx-px my-[-0.2rem] rounded px-px py-[0.2rem] transition-colors duration-100 ease-in-out\"><strong data-start=\"0\" data-end=\"19\" data-is-only-node=\"\">Thymus vulgaris<\/strong> (parast\u0101 timi\u0101na) ekstrakts, <\/span><span class=\"relative -mx-px my-[-0.2rem] rounded px-px py-[0.2rem] transition-colors duration-100 ease-in-out\"><strong data-start=\"0\" data-end=\"11\" data-is-only-node=\"\">Etanols<\/strong> (\u0161\u0137\u012bdin\u0101t\u0101js), <\/span><span class=\"relative -mx-px my-[-0.2rem] rounded px-px py-[0.2rem] transition-colors duration-100 ease-in-out\"><strong data-start=\"0\" data-end=\"8\" data-is-last-node=\"\" data-is-only-node=\"\">\u016adens<\/strong><\/span>\u200b.<\/p>\n<p data-start=\"119\" data-end=\"156\"><span class=\"relative -mx-px my-[-0.2rem] rounded px-px py-[0.2rem] transition-colors duration-100 ease-in-out\">Produkts ir <strong data-start=\"24\" data-end=\"38\">100% veg\u0101ns<\/strong> un nesatur konservantus, m\u0101ksl\u012bgos saldin\u0101t\u0101jus vai citas nevajadz\u012bgas piedevas.<\/span><\/p>\n<h2 data-start=\"681\" data-end=\"713\">Br\u012bdin\u0101jumi un uzglab\u0101\u0161ana<\/h2>\n<ul data-start=\"715\" data-end=\"886\">\n<li class=\"\" data-start=\"715\" data-end=\"756\">\n<p class=\"\" data-start=\"717\" data-end=\"756\"><span class=\"relative -mx-px my-[-0.2rem] rounded px-px py-[0.2rem] transition-colors duration-100 ease-in-out\">Uztura bag\u0101tin\u0101t\u0101js neaizst\u0101j daudzveid\u012bgu un sabalans\u0113tu uzturu vai vesel\u012bgu dz\u012bvesveidu.<\/span><\/p>\n<\/li>\n<li class=\"\" data-start=\"757\" data-end=\"798\">\n<p class=\"\" data-start=\"759\" data-end=\"798\"><span class=\"relative -mx-px my-[-0.2rem] rounded px-px py-[0.2rem] transition-colors duration-100 ease-in-out\">Sarg\u0101t no b\u0113rniem.<\/span><\/p>\n<\/li>\n<li class=\"\" data-start=\"799\" data-end=\"886\">\n<p class=\"\" data-start=\"801\" data-end=\"886\"><span class=\"relative -mx-px my-[-0.2rem] rounded px-px py-[0.2rem] transition-colors duration-100 ease-in-out\">Uzglab\u0101t saus\u0101 un v\u0113s\u0101 viet\u0101.<\/span><\/p>\n<\/li>\n<\/ul>\n<h2>Lietojums<\/h2>\n<p class=\"\" data-start=\"145\" data-end=\"226\">Ieteicam\u0101 dienas deva pieaugu\u0161ajiem: 20 pilieni, 3\u20135 reizes dien\u0101<\/p>\n<p class=\"\" data-start=\"228\" data-end=\"294\">Pilienus var \u0146emt tie\u0161i no karotes vai sajaukt ar nelielu daudzumu \u016bdens vai sulas.<\/p>\n<h2 data-start=\"301\" data-end=\"320\">Uzman\u012bbu<\/h2>\n<ul data-start=\"322\" data-end=\"543\">\n<li class=\"\" data-start=\"322\" data-end=\"366\">\n<p class=\"\" data-start=\"324\" data-end=\"366\">Nep\u0101rsniedziet ieteicamo dienas devu.<\/p>\n<\/li>\n<li class=\"\" data-start=\"367\" data-end=\"461\">\n<p class=\"\" data-start=\"369\" data-end=\"461\">Uztura bag\u0101tin\u0101t\u0101js neaizst\u0101j daudzveid\u012bgu un sabalans\u0113tu uzturu vai vesel\u012bgu dz\u012bvesveidu.<\/p>\n<\/li>\n<li class=\"\" data-start=\"462\" data-end=\"502\">\n<p class=\"\" data-start=\"464\" data-end=\"502\">Sarg\u0101t no b\u0113rniem.<\/p>\n<\/li>\n<li class=\"\" data-start=\"503\" data-end=\"543\">\n<p class=\"\" data-start=\"505\" data-end=\"543\">Uzglab\u0101t saus\u0101 un v\u0113s\u0101 viet\u0101.<\/p>\n<\/li>\n<\/ul>\n","protected":false},"excerpt":{"rendered":"<p class=\"p1\"><strong>E\u017eziedes tinkt\u016bra (Echinacea purpurea)<\/strong> ir rad\u012bta, lai papildin\u0101tu ikdienas uzturu laik\u0101, kad organisms saskaras ar liel\u0101ku \u0101r\u0113jo ietekmi \u2013 piem\u0113ram, rudens-ziemas period\u0101, kad laikapst\u0101k\u013ci, <strong>stress un dz\u012bves ritma izmai\u0146as<\/strong> var ietekm\u0113t visp\u0101r\u0113jo pa\u0161saj\u016btu un labsaj\u016btu.<\/p>\n<p class=\"p1\"><strong>S\u0101rt\u0101 e\u017eziede<\/strong> satur da\u017e\u0101dus bioakt\u012bvus savienojumus, tostarp alkam\u012bdus un flavono\u012bdus, kuru d\u0113\u013c ehin\u0101cija jau sen ir bijusi nov\u0113rt\u0113ta sast\u0101vda\u013ca da\u017e\u0101dos augu prepar\u0101tos.<\/p>\n<p class=\"p1\">Pievienotais timi\u0101ns papildina produkta augu sast\u0101vu un pie\u0161\u0137ir tinkt\u016brai pat\u012bkamu gar\u0161as niansi. Timi\u0101ns ir paz\u012bstams gar\u0161augs, kas tradicion\u0101li tiek izmantots gan p\u0101rtik\u0101, gan augu izcelsmes produktos. <\/p>\n","protected":false},"featured_media":33238,"comment_status":"closed","ping_status":"closed","template":"","meta":{"_acf_changed":false},"product_brand":[],"product_cat":[3066],"product_tag":[3081,3072,3073,3041,3082,3068,3078,3079,3070,3069,3075],"class_list":{"0":"post-33233","1":"product","2":"type-product","3":"status-publish","4":"has-post-thumbnail","6":"product_cat-imunsistema","7":"product_tag-dabigs-kakla-atvieglotajs","8":"product_tag-dabigs-kakla-uztura-bagatinatajs","9":"product_tag-ehinacijas-purpura-tinktura","10":"product_tag-imunitate","11":"product_tag-imunitati-stiprinoss-uztura-bagatinatajs","12":"product_tag-imunsistemas-atbalsts","13":"product_tag-kakla-aprupe","14":"product_tag-labaka-tinktura-iekaisusam-kaklam","15":"product_tag-lidzeklis-pret-kakla-sapem","16":"product_tag-naktssveces-tinktura","17":"product_tag-timiana-ekstrakts","19":"first","20":"onbackorder","21":"taxable","22":"shipping-taxable","23":"purchasable","24":"product-type-simple"},"acf":[],"yoast_head":"<!-- This site is optimized with the Yoast SEO plugin v27.1.1 - https:\/\/yoast.com\/product\/yoast-seo-wordpress\/ -->\n<title>Ehin\u0101cijas tinkt\u016bra (Echinacea purpurea) 50 ml - Puhdas+<\/title>\n<meta name=\"description\" content=\"Sarkan\u0101 ehina ir labi paz\u012bstama dziedniece tautas medic\u012bn\u0101. Iecien\u012bts augs saaukst\u0113\u0161an\u0101s profilaksei un im\u016bnsist\u0113mas stiprin\u0101\u0161anai.\" \/>\n<meta name=\"robots\" content=\"noindex, follow, max-snippet:-1, max-image-preview:large, max-video-preview:-1\" \/>\n<meta property=\"og:locale\" content=\"lv_LV\" \/>\n<meta property=\"og:type\" content=\"article\" \/>\n<meta property=\"og:title\" content=\"Ehin\u0101cijas tinkt\u016bra (Echinacea purpurea) 50 ml - Puhdas+\" \/>\n<meta property=\"og:description\" content=\"Sarkan\u0101 ehina ir labi paz\u012bstama dziedniece tautas medic\u012bn\u0101. Iecien\u012bts augs saaukst\u0113\u0161an\u0101s profilaksei un im\u016bnsist\u0113mas stiprin\u0101\u0161anai.\" \/>\n<meta property=\"og:url\" content=\"https:\/\/test.puhdasplus.ee\/lv\/tooted\/imunsistema\/ehinacijas-tinktura-echinacea-purpurea-50-ml\/\" \/>\n<meta property=\"og:site_name\" content=\"Puhdas+\" \/>\n<meta property=\"article:publisher\" content=\"https:\/\/www.facebook.com\/puhdasplus\" \/>\n<meta property=\"article:modified_time\" content=\"2026-03-10T12:11:36+00:00\" \/>\n<meta property=\"og:image\" content=\"https:\/\/test.puhdasplus.ee\/wp-content\/uploads\/2025\/03\/92.jpg\" \/>\n\t<meta property=\"og:image:width\" content=\"1862\" \/>\n\t<meta property=\"og:image:height\" content=\"2560\" \/>\n\t<meta property=\"og:image:type\" content=\"image\/jpeg\" \/>\n<meta name=\"twitter:card\" content=\"summary_large_image\" \/>\n<meta name=\"twitter:label1\" content=\"Est. reading time\" \/>\n\t<meta name=\"twitter:data1\" content=\"2 min\u016btes\" \/>\n<script type=\"application\/ld+json\" class=\"yoast-schema-graph\">{\"@context\":\"https:\/\/schema.org\",\"@graph\":[{\"@type\":\"WebPage\",\"@id\":\"https:\/\/test.puhdasplus.ee\/lv\/tooted\/imunsistema\/ehinacijas-tinktura-echinacea-purpurea-50-ml\/\",\"url\":\"https:\/\/test.puhdasplus.ee\/lv\/tooted\/imunsistema\/ehinacijas-tinktura-echinacea-purpurea-50-ml\/\",\"name\":\"Ehin\u0101cijas tinkt\u016bra (Echinacea purpurea) 50 ml - Puhdas+\",\"isPartOf\":{\"@id\":\"https:\/\/test.puhdasplus.ee\/lv\/#website\"},\"primaryImageOfPage\":{\"@id\":\"https:\/\/test.puhdasplus.ee\/lv\/tooted\/imunsistema\/ehinacijas-tinktura-echinacea-purpurea-50-ml\/#primaryimage\"},\"image\":{\"@id\":\"https:\/\/test.puhdasplus.ee\/lv\/tooted\/imunsistema\/ehinacijas-tinktura-echinacea-purpurea-50-ml\/#primaryimage\"},\"thumbnailUrl\":\"https:\/\/test.puhdasplus.ee\/wp-content\/uploads\/2025\/03\/92.jpg\",\"datePublished\":\"2024-02-24T12:25:53+00:00\",\"dateModified\":\"2026-03-10T12:11:36+00:00\",\"description\":\"Sarkan\u0101 ehina ir labi paz\u012bstama dziedniece tautas medic\u012bn\u0101. Iecien\u012bts augs saaukst\u0113\u0161an\u0101s profilaksei un im\u016bnsist\u0113mas stiprin\u0101\u0161anai.\",\"breadcrumb\":{\"@id\":\"https:\/\/test.puhdasplus.ee\/lv\/tooted\/imunsistema\/ehinacijas-tinktura-echinacea-purpurea-50-ml\/#breadcrumb\"},\"inLanguage\":\"lv-LV\",\"potentialAction\":[{\"@type\":\"ReadAction\",\"target\":[\"https:\/\/test.puhdasplus.ee\/lv\/tooted\/imunsistema\/ehinacijas-tinktura-echinacea-purpurea-50-ml\/\"]}]},{\"@type\":\"ImageObject\",\"inLanguage\":\"lv-LV\",\"@id\":\"https:\/\/test.puhdasplus.ee\/lv\/tooted\/imunsistema\/ehinacijas-tinktura-echinacea-purpurea-50-ml\/#primaryimage\",\"url\":\"https:\/\/test.puhdasplus.ee\/wp-content\/uploads\/2025\/03\/92.jpg\",\"contentUrl\":\"https:\/\/test.puhdasplus.ee\/wp-content\/uploads\/2025\/03\/92.jpg\",\"width\":1862,\"height\":2560,\"caption\":\"Ehin\u0101cijas tinkt\u016bra (Echinacea purpurea)\"},{\"@type\":\"BreadcrumbList\",\"@id\":\"https:\/\/test.puhdasplus.ee\/lv\/tooted\/imunsistema\/ehinacijas-tinktura-echinacea-purpurea-50-ml\/#breadcrumb\",\"itemListElement\":[{\"@type\":\"ListItem\",\"position\":1,\"name\":\"S\u0101kums\",\"item\":\"https:\/\/test.puhdasplus.ee\/lv\/\"},{\"@type\":\"ListItem\",\"position\":2,\"name\":\"Produkti\",\"item\":\"https:\/\/test.puhdasplus.ee\/lv\/veikals\/\"},{\"@type\":\"ListItem\",\"position\":3,\"name\":\"Ehin\u0101cijas tinkt\u016bra (Echinacea purpurea) 50 ml\"}]},{\"@type\":\"WebSite\",\"@id\":\"https:\/\/test.puhdasplus.ee\/lv\/#website\",\"url\":\"https:\/\/test.puhdasplus.ee\/lv\/\",\"name\":\"Puhdas+\",\"description\":\"Vitamiinid, Toidulisandid, looduskosmeetika, tervis, sport\",\"publisher\":{\"@id\":\"https:\/\/test.puhdasplus.ee\/lv\/#organization\"},\"potentialAction\":[{\"@type\":\"SearchAction\",\"target\":{\"@type\":\"EntryPoint\",\"urlTemplate\":\"https:\/\/test.puhdasplus.ee\/lv\/?s={search_term_string}\"},\"query-input\":{\"@type\":\"PropertyValueSpecification\",\"valueRequired\":true,\"valueName\":\"search_term_string\"}}],\"inLanguage\":\"lv-LV\"},{\"@type\":\"Organization\",\"@id\":\"https:\/\/test.puhdasplus.ee\/lv\/#organization\",\"name\":\"Puhdas+\",\"alternateName\":\"Puhdasplus\",\"url\":\"https:\/\/test.puhdasplus.ee\/lv\/\",\"logo\":{\"@type\":\"ImageObject\",\"inLanguage\":\"lv-LV\",\"@id\":\"https:\/\/test.puhdasplus.ee\/lv\/#\/schema\/logo\/image\/\",\"url\":\"https:\/\/test.puhdasplus.ee\/\/wp-content\/uploads\/2019\/10\/puhdas_logo-arvele.png\",\"contentUrl\":\"https:\/\/test.puhdasplus.ee\/\/wp-content\/uploads\/2019\/10\/puhdas_logo-arvele.png\",\"width\":114,\"height\":94,\"caption\":\"Puhdas+\"},\"image\":{\"@id\":\"https:\/\/test.puhdasplus.ee\/lv\/#\/schema\/logo\/image\/\"},\"sameAs\":[\"https:\/\/www.facebook.com\/puhdasplus\",\"https:\/\/www.instagram.com\/puhdasplus_ee\/\"]}]}<\/script>\n<!-- \/ Yoast SEO plugin. -->","yoast_head_json":{"title":"Ehin\u0101cijas tinkt\u016bra (Echinacea purpurea) 50 ml - Puhdas+","description":"Sarkan\u0101 ehina ir labi paz\u012bstama dziedniece tautas medic\u012bn\u0101. Iecien\u012bts augs saaukst\u0113\u0161an\u0101s profilaksei un im\u016bnsist\u0113mas stiprin\u0101\u0161anai.","robots":{"index":"noindex","follow":"follow","max-snippet":"max-snippet:-1","max-image-preview":"max-image-preview:large","max-video-preview":"max-video-preview:-1"},"og_locale":"lv_LV","og_type":"article","og_title":"Ehin\u0101cijas tinkt\u016bra (Echinacea purpurea) 50 ml - Puhdas+","og_description":"Sarkan\u0101 ehina ir labi paz\u012bstama dziedniece tautas medic\u012bn\u0101. Iecien\u012bts augs saaukst\u0113\u0161an\u0101s profilaksei un im\u016bnsist\u0113mas stiprin\u0101\u0161anai.","og_url":"https:\/\/test.puhdasplus.ee\/lv\/tooted\/imunsistema\/ehinacijas-tinktura-echinacea-purpurea-50-ml\/","og_site_name":"Puhdas+","article_publisher":"https:\/\/www.facebook.com\/puhdasplus","article_modified_time":"2026-03-10T12:11:36+00:00","og_image":[{"width":1862,"height":2560,"url":"https:\/\/test.puhdasplus.ee\/wp-content\/uploads\/2025\/03\/92.jpg","type":"image\/jpeg"}],"twitter_card":"summary_large_image","twitter_misc":{"Est. reading time":"2 min\u016btes"},"schema":{"@context":"https:\/\/schema.org","@graph":[{"@type":"WebPage","@id":"https:\/\/test.puhdasplus.ee\/lv\/tooted\/imunsistema\/ehinacijas-tinktura-echinacea-purpurea-50-ml\/","url":"https:\/\/test.puhdasplus.ee\/lv\/tooted\/imunsistema\/ehinacijas-tinktura-echinacea-purpurea-50-ml\/","name":"Ehin\u0101cijas tinkt\u016bra (Echinacea purpurea) 50 ml - Puhdas+","isPartOf":{"@id":"https:\/\/test.puhdasplus.ee\/lv\/#website"},"primaryImageOfPage":{"@id":"https:\/\/test.puhdasplus.ee\/lv\/tooted\/imunsistema\/ehinacijas-tinktura-echinacea-purpurea-50-ml\/#primaryimage"},"image":{"@id":"https:\/\/test.puhdasplus.ee\/lv\/tooted\/imunsistema\/ehinacijas-tinktura-echinacea-purpurea-50-ml\/#primaryimage"},"thumbnailUrl":"https:\/\/test.puhdasplus.ee\/wp-content\/uploads\/2025\/03\/92.jpg","datePublished":"2024-02-24T12:25:53+00:00","dateModified":"2026-03-10T12:11:36+00:00","description":"Sarkan\u0101 ehina ir labi paz\u012bstama dziedniece tautas medic\u012bn\u0101. Iecien\u012bts augs saaukst\u0113\u0161an\u0101s profilaksei un im\u016bnsist\u0113mas stiprin\u0101\u0161anai.","breadcrumb":{"@id":"https:\/\/test.puhdasplus.ee\/lv\/tooted\/imunsistema\/ehinacijas-tinktura-echinacea-purpurea-50-ml\/#breadcrumb"},"inLanguage":"lv-LV","potentialAction":[{"@type":"ReadAction","target":["https:\/\/test.puhdasplus.ee\/lv\/tooted\/imunsistema\/ehinacijas-tinktura-echinacea-purpurea-50-ml\/"]}]},{"@type":"ImageObject","inLanguage":"lv-LV","@id":"https:\/\/test.puhdasplus.ee\/lv\/tooted\/imunsistema\/ehinacijas-tinktura-echinacea-purpurea-50-ml\/#primaryimage","url":"https:\/\/test.puhdasplus.ee\/wp-content\/uploads\/2025\/03\/92.jpg","contentUrl":"https:\/\/test.puhdasplus.ee\/wp-content\/uploads\/2025\/03\/92.jpg","width":1862,"height":2560,"caption":"Ehin\u0101cijas tinkt\u016bra (Echinacea purpurea)"},{"@type":"BreadcrumbList","@id":"https:\/\/test.puhdasplus.ee\/lv\/tooted\/imunsistema\/ehinacijas-tinktura-echinacea-purpurea-50-ml\/#breadcrumb","itemListElement":[{"@type":"ListItem","position":1,"name":"S\u0101kums","item":"https:\/\/test.puhdasplus.ee\/lv\/"},{"@type":"ListItem","position":2,"name":"Produkti","item":"https:\/\/test.puhdasplus.ee\/lv\/veikals\/"},{"@type":"ListItem","position":3,"name":"Ehin\u0101cijas tinkt\u016bra (Echinacea purpurea) 50 ml"}]},{"@type":"WebSite","@id":"https:\/\/test.puhdasplus.ee\/lv\/#website","url":"https:\/\/test.puhdasplus.ee\/lv\/","name":"Puhdas+","description":"Vitamiinid, Toidulisandid, looduskosmeetika, tervis, sport","publisher":{"@id":"https:\/\/test.puhdasplus.ee\/lv\/#organization"},"potentialAction":[{"@type":"SearchAction","target":{"@type":"EntryPoint","urlTemplate":"https:\/\/test.puhdasplus.ee\/lv\/?s={search_term_string}"},"query-input":{"@type":"PropertyValueSpecification","valueRequired":true,"valueName":"search_term_string"}}],"inLanguage":"lv-LV"},{"@type":"Organization","@id":"https:\/\/test.puhdasplus.ee\/lv\/#organization","name":"Puhdas+","alternateName":"Puhdasplus","url":"https:\/\/test.puhdasplus.ee\/lv\/","logo":{"@type":"ImageObject","inLanguage":"lv-LV","@id":"https:\/\/test.puhdasplus.ee\/lv\/#\/schema\/logo\/image\/","url":"https:\/\/test.puhdasplus.ee\/\/wp-content\/uploads\/2019\/10\/puhdas_logo-arvele.png","contentUrl":"https:\/\/test.puhdasplus.ee\/\/wp-content\/uploads\/2019\/10\/puhdas_logo-arvele.png","width":114,"height":94,"caption":"Puhdas+"},"image":{"@id":"https:\/\/test.puhdasplus.ee\/lv\/#\/schema\/logo\/image\/"},"sameAs":["https:\/\/www.facebook.com\/puhdasplus","https:\/\/www.instagram.com\/puhdasplus_ee\/"]}]}},"_links":{"self":[{"href":"https:\/\/test.puhdasplus.ee\/lv\/wp-json\/wp\/v2\/product\/33233","targetHints":{"allow":["GET"]}}],"collection":[{"href":"https:\/\/test.puhdasplus.ee\/lv\/wp-json\/wp\/v2\/product"}],"about":[{"href":"https:\/\/test.puhdasplus.ee\/lv\/wp-json\/wp\/v2\/types\/product"}],"replies":[{"embeddable":true,"href":"https:\/\/test.puhdasplus.ee\/lv\/wp-json\/wp\/v2\/comments?post=33233"}],"wp:featuredmedia":[{"embeddable":true,"href":"https:\/\/test.puhdasplus.ee\/lv\/wp-json\/wp\/v2\/media\/33238"}],"wp:attachment":[{"href":"https:\/\/test.puhdasplus.ee\/lv\/wp-json\/wp\/v2\/media?parent=33233"}],"wp:term":[{"taxonomy":"product_brand","embeddable":true,"href":"https:\/\/test.puhdasplus.ee\/lv\/wp-json\/wp\/v2\/product_brand?post=33233"},{"taxonomy":"product_cat","embeddable":true,"href":"https:\/\/test.puhdasplus.ee\/lv\/wp-json\/wp\/v2\/product_cat?post=33233"},{"taxonomy":"product_tag","embeddable":true,"href":"https:\/\/test.puhdasplus.ee\/lv\/wp-json\/wp\/v2\/product_tag?post=33233"}],"curies":[{"name":"wp","href":"https:\/\/api.w.org\/{rel}","templated":true}]}}