{"id":33224,"date":"2024-02-27T10:36:56","date_gmt":"2024-02-27T08:36:56","guid":{"rendered":"https:\/\/test.puhdasplus.ee\/\/tooted\/uncategorized\/kordicepsa-pulveris-40-g\/"},"modified":"2026-03-10T14:11:15","modified_gmt":"2026-03-10T12:11:15","slug":"kordicepsa-pulveris-40-g","status":"publish","type":"product","link":"https:\/\/test.puhdasplus.ee\/lv\/tooted\/stress-un-miegs\/kordicepsa-pulveris-40-g\/","title":{"rendered":"Kordicepsa pulveris 40 g"},"content":{"rendered":"<h2 data-start=\"215\" data-end=\"252\">Kas ir Puhdas+ kordicepsa pulveris?<\/h2>\n<p data-start=\"254\" data-end=\"531\">Puhdas+ kordicepsa pulveris satur augstas kvalit\u0101tes kordicepsa (<em data-start=\"316\" data-end=\"336\">Cordyceps sinensis<\/em>) s\u0113ni, kas \u0100zijas kult\u016br\u0101 tradicion\u0101li tiek izmantota jau gadsimtiem ilgi. Kordiceps pieder pie funkcion\u0101laj\u0101m s\u0113n\u0113m, un to bie\u017ei izmanto ikdienas uztura da\u017e\u0101do\u0161anai. <\/p>\n<p data-start=\"533\" data-end=\"732\">Pulveris ir izgatavots no kordicepsa aug\u013c\u0137erme\u0146a un ir piem\u0113rots lieto\u0161anai da\u017e\u0101dos dz\u0113rienos un \u0113dienos. Pateicoties neitr\u0101lajai gar\u0161ai, to var viegli pievienot sm\u016btijiem, t\u0113jai vai citiem dz\u0113rieniem. <\/p>\n<p data-start=\"734\" data-end=\"913\">Puhdas+ kordicepsa pulveris ir augu izcelsmes uztura bag\u0101tin\u0101t\u0101js, kas labi piem\u0113rots akt\u012bva dz\u012bvesveida piekrit\u0113jiem un tiem, kuri v\u0113las sav\u0101 ikdienas \u0113dienkart\u0113 iek\u013caut funkcion\u0101l\u0101s s\u0113nes.<\/p>\n<h2 data-start=\"920\" data-end=\"957\">K\u0101p\u0113c lietot kordicepsa pulveri?<\/h2>\n<p data-start=\"959\" data-end=\"1194\">Kordiceps (<em data-start=\"971\" data-end=\"991\">Cordyceps sinensis<\/em>) ir s\u0113\u0146u suga, ko izmanto tradicion\u0101laj\u0101 \u0100zijas uztura kult\u016br\u0101. S\u0113nes dabiski satur da\u017e\u0101dus bioakt\u012bvus savienojumus, piem\u0113ram, polisahar\u012bdus un citas s\u0113n\u0113m rakstur\u012bgas sast\u0101vda\u013cas. <\/p>\n<p data-start=\"1196\" data-end=\"1367\">Pulvera forma padara kordicepsa lieto\u0161anu vienk\u0101r\u0161u un \u0113rtu. To var pievienot ikdienas uzturam, piem\u0113ram, k\u0101 sast\u0101vda\u013cu sm\u016btijos, dz\u0113rienos vai da\u017e\u0101dos \u0113dienos. <\/p>\n<h2 data-start=\"1374\" data-end=\"1418\">Kam piem\u0113rots Puhdas+ kordicepsa pulveris?<\/h2>\n<p data-start=\"1420\" data-end=\"1520\">Kordicepsa pulveris ir piem\u0113rots cilv\u0113kiem, kuri v\u0113las papildin\u0101t savu uzturu ar funkcion\u0101laj\u0101m s\u0113n\u0113m.<\/p>\n<p data-start=\"1522\" data-end=\"1542\">Produkts ir piem\u0113rots, piem\u0113ram:<\/p>\n<p data-start=\"1544\" data-end=\"1760\">\u2022 cilv\u0113kiem ar akt\u012bvu dz\u012bvesveidu<br data-start=\"1576\" data-end=\"1579\">\u2022 cilv\u0113kiem, kuri nodarbojas ar sportu<br data-start=\"1613\" data-end=\"1616\">\u2022 tiem, kuri v\u0113las da\u017e\u0101dot savu ikdienas uzturu ar dab\u012bg\u0101m sast\u0101vda\u013c\u0101m<br data-start=\"1703\" data-end=\"1706\">\u2022 cilv\u0113kiem, kuri dod priek\u0161roku augu izcelsmes uztura bag\u0101tin\u0101t\u0101jiem<\/p>\n<p data-start=\"1762\" data-end=\"1799\">Piem\u0113rots veg\u0101niem un ve\u0123et\u0101rie\u0161iem.<\/p>\n<h2 data-start=\"1806\" data-end=\"1819\">Lietojums<\/h2>\n<p data-start=\"1821\" data-end=\"1932\">Sajauciet 1\/2 l\u012bdz 1 t\u0113jkaroti (aptuveni 1\u20132 g) kordicepsa pulvera ar \u016bdeni, t\u0113ju, sm\u016btiju vai \u0113dienu 1 reizi dien\u0101.<\/p>\n<p data-start=\"1934\" data-end=\"1978\">Ieteicamo dienas devu nedr\u012bkst p\u0101rsniegt.<\/p>\n<p data-start=\"1980\" data-end=\"2105\">Uztura bag\u0101tin\u0101t\u0101js neaizst\u0101j pilnv\u0113rt\u012bgu un sabalans\u0113tu uzturu, k\u0101 ar\u012b vesel\u012bgu dz\u012bvesveidu.<br data-start=\"2068\" data-end=\"2071\">Glab\u0101t b\u0113rniem nepieejam\u0101 viet\u0101.<\/p>\n<h2 data-start=\"2112\" data-end=\"2126\">Sast\u0101vda\u013cas<\/h2>\n<p data-start=\"2128\" data-end=\"2218\">Organisks kordicepsa (<em data-start=\"2153\" data-end=\"2173\">Cordyceps sinensis<\/em>) aug\u013c\u0137erme\u0146a pulveris, maltodekstr\u012bns (no kukur\u016bzas).<\/p>\n<p data-start=\"2220\" data-end=\"2235\">Neto daudzums: 40 g<\/p>\n<p>&nbsp;<\/p>\n","protected":false},"excerpt":{"rendered":"<p data-start=\"218\" data-end=\"497\"><strong data-start=\"218\" data-end=\"497\">Kordiceps (<em data-start=\"232\" data-end=\"252\">Cordyceps sinensis<\/em>) ir tradicion\u0101li nov\u0113rt\u0113ta s\u0113ne, kas \u0100zijas kult\u016br\u0101s tiek izmantota jau gadsimtiem ilgi. Puhdas+ kordicepsa pulveris ir augu izcelsmes uztura bag\u0101tin\u0101t\u0101js, kas satur augstas kvalit\u0101tes kordicepsa s\u0113\u0146u pulveri un ir piem\u0113rots ikdienas uztura da\u017e\u0101do\u0161anai. <\/strong><\/p>\n<p data-start=\"499\" data-end=\"779\">Kordicepsa s\u0113ne ir paz\u012bstama ar savu bag\u0101t\u012bgo sast\u0101vu un dabiski satur polisahar\u012bdus un citus s\u0113n\u0113m rakstur\u012bgus bioakt\u012bvus savienojumus. Pulvera forma padara produkta lieto\u0161anu vienk\u0101r\u0161u \u2013 to var \u0113rti pievienot sm\u016btijiem, dz\u0113rieniem vai da\u017e\u0101diem \u0113dieniem. <\/p>\n<p data-start=\"781\" data-end=\"975\">Puhdas+ kordicepsa pulveris ir labi piem\u0113rots akt\u012bva dz\u012bvesveida piekrit\u0113jiem un tiem, kuri v\u0113las sav\u0101 ikdienas \u0113dienkart\u0113 iek\u013caut funkcion\u0101l\u0101s s\u0113nes. Produkts ir augu izcelsmes un piem\u0113rots ar\u012b veg\u0101niem. <\/p>\n","protected":false},"featured_media":33226,"comment_status":"closed","ping_status":"closed","template":"","meta":{"_acf_changed":false},"product_brand":[],"product_cat":[3038,3037,3039],"product_tag":[3046,3045,3042,3044,3041,3047,3040,3043],"class_list":{"0":"post-33224","1":"product","2":"type-product","3":"status-publish","4":"has-post-thumbnail","6":"product_cat-sports-lv","7":"product_cat-stress-un-miegs","8":"product_cat-superediens","9":"product_tag-augu-izcelsmes","10":"product_tag-augu-pulveri","11":"product_tag-energija-lv","12":"product_tag-energija-un-nogurums","13":"product_tag-imunitate","14":"product_tag-kordicepsa-senu-ekstrakts","15":"product_tag-kordicepss","16":"product_tag-superediens","18":"first","19":"onbackorder","20":"taxable","21":"shipping-taxable","22":"purchasable","23":"product-type-simple"},"acf":[],"yoast_head":"<!-- This site is optimized with the Yoast SEO plugin v27.1.1 - https:\/\/yoast.com\/product\/yoast-seo-wordpress\/ -->\n<title>Kordicepsa pulveris 40 g - Puhdas+<\/title>\n<meta name=\"robots\" content=\"noindex, follow, max-snippet:-1, max-image-preview:large, max-video-preview:-1\" \/>\n<meta property=\"og:locale\" content=\"lv_LV\" \/>\n<meta property=\"og:type\" content=\"article\" \/>\n<meta property=\"og:title\" content=\"Kordicepsa pulveris 40 g - Puhdas+\" \/>\n<meta property=\"og:description\" content=\"Kordiceps (Cordyceps sinensis) ir tradicion\u0101li nov\u0113rt\u0113ta s\u0113ne, kas \u0100zijas kult\u016br\u0101s tiek izmantota jau gadsimtiem ilgi. Puhdas+ kordicepsa pulveris ir augu izcelsmes uztura bag\u0101tin\u0101t\u0101js, kas satur augstas kvalit\u0101tes kordicepsa s\u0113\u0146u pulveri un ir piem\u0113rots ikdienas uztura da\u017e\u0101do\u0161anai. Kordicepsa s\u0113ne ir paz\u012bstama ar savu bag\u0101t\u012bgo sast\u0101vu un dabiski satur polisahar\u012bdus un citus s\u0113n\u0113m rakstur\u012bgus bioakt\u012bvus savienojumus. Pulvera forma padara produkta lieto\u0161anu vienk\u0101r\u0161u \u2013 to var \u0113rti pievienot sm\u016btijiem, dz\u0113rieniem vai da\u017e\u0101diem \u0113dieniem. Puhdas+ kordicepsa pulveris ir labi piem\u0113rots akt\u012bva dz\u012bvesveida piekrit\u0113jiem un tiem, kuri v\u0113las sav\u0101 ikdienas \u0113dienkart\u0113 iek\u013caut funkcion\u0101l\u0101s s\u0113nes. Produkts ir augu izcelsmes un piem\u0113rots ar\u012b veg\u0101niem.\" \/>\n<meta property=\"og:url\" content=\"https:\/\/test.puhdasplus.ee\/lv\/tooted\/stress-un-miegs\/kordicepsa-pulveris-40-g\/\" \/>\n<meta property=\"og:site_name\" content=\"Puhdas+\" \/>\n<meta property=\"article:publisher\" content=\"https:\/\/www.facebook.com\/puhdasplus\" \/>\n<meta property=\"article:modified_time\" content=\"2026-03-10T12:11:15+00:00\" \/>\n<meta property=\"og:image\" content=\"https:\/\/test.puhdasplus.ee\/wp-content\/uploads\/2025\/03\/114.jpg\" \/>\n\t<meta property=\"og:image:width\" content=\"1862\" \/>\n\t<meta property=\"og:image:height\" content=\"2560\" \/>\n\t<meta property=\"og:image:type\" content=\"image\/jpeg\" \/>\n<meta name=\"twitter:card\" content=\"summary_large_image\" \/>\n<meta name=\"twitter:label1\" content=\"Est. reading time\" \/>\n\t<meta name=\"twitter:data1\" content=\"2 min\u016btes\" \/>\n<script type=\"application\/ld+json\" class=\"yoast-schema-graph\">{\"@context\":\"https:\/\/schema.org\",\"@graph\":[{\"@type\":\"WebPage\",\"@id\":\"https:\/\/test.puhdasplus.ee\/lv\/tooted\/stress-un-miegs\/kordicepsa-pulveris-40-g\/\",\"url\":\"https:\/\/test.puhdasplus.ee\/lv\/tooted\/stress-un-miegs\/kordicepsa-pulveris-40-g\/\",\"name\":\"Kordicepsa pulveris 40 g - Puhdas+\",\"isPartOf\":{\"@id\":\"https:\/\/test.puhdasplus.ee\/lv\/#website\"},\"primaryImageOfPage\":{\"@id\":\"https:\/\/test.puhdasplus.ee\/lv\/tooted\/stress-un-miegs\/kordicepsa-pulveris-40-g\/#primaryimage\"},\"image\":{\"@id\":\"https:\/\/test.puhdasplus.ee\/lv\/tooted\/stress-un-miegs\/kordicepsa-pulveris-40-g\/#primaryimage\"},\"thumbnailUrl\":\"https:\/\/test.puhdasplus.ee\/wp-content\/uploads\/2025\/03\/114.jpg\",\"datePublished\":\"2024-02-27T08:36:56+00:00\",\"dateModified\":\"2026-03-10T12:11:15+00:00\",\"breadcrumb\":{\"@id\":\"https:\/\/test.puhdasplus.ee\/lv\/tooted\/stress-un-miegs\/kordicepsa-pulveris-40-g\/#breadcrumb\"},\"inLanguage\":\"lv-LV\",\"potentialAction\":[{\"@type\":\"ReadAction\",\"target\":[\"https:\/\/test.puhdasplus.ee\/lv\/tooted\/stress-un-miegs\/kordicepsa-pulveris-40-g\/\"]}]},{\"@type\":\"ImageObject\",\"inLanguage\":\"lv-LV\",\"@id\":\"https:\/\/test.puhdasplus.ee\/lv\/tooted\/stress-un-miegs\/kordicepsa-pulveris-40-g\/#primaryimage\",\"url\":\"https:\/\/test.puhdasplus.ee\/wp-content\/uploads\/2025\/03\/114.jpg\",\"contentUrl\":\"https:\/\/test.puhdasplus.ee\/wp-content\/uploads\/2025\/03\/114.jpg\",\"width\":1862,\"height\":2560,\"caption\":\"Kordicepsa pulveris\"},{\"@type\":\"BreadcrumbList\",\"@id\":\"https:\/\/test.puhdasplus.ee\/lv\/tooted\/stress-un-miegs\/kordicepsa-pulveris-40-g\/#breadcrumb\",\"itemListElement\":[{\"@type\":\"ListItem\",\"position\":1,\"name\":\"S\u0101kums\",\"item\":\"https:\/\/test.puhdasplus.ee\/lv\/\"},{\"@type\":\"ListItem\",\"position\":2,\"name\":\"Produkti\",\"item\":\"https:\/\/test.puhdasplus.ee\/lv\/veikals\/\"},{\"@type\":\"ListItem\",\"position\":3,\"name\":\"Kordicepsa pulveris 40 g\"}]},{\"@type\":\"WebSite\",\"@id\":\"https:\/\/test.puhdasplus.ee\/lv\/#website\",\"url\":\"https:\/\/test.puhdasplus.ee\/lv\/\",\"name\":\"Puhdas+\",\"description\":\"Vitamiinid, Toidulisandid, looduskosmeetika, tervis, sport\",\"publisher\":{\"@id\":\"https:\/\/test.puhdasplus.ee\/lv\/#organization\"},\"potentialAction\":[{\"@type\":\"SearchAction\",\"target\":{\"@type\":\"EntryPoint\",\"urlTemplate\":\"https:\/\/test.puhdasplus.ee\/lv\/?s={search_term_string}\"},\"query-input\":{\"@type\":\"PropertyValueSpecification\",\"valueRequired\":true,\"valueName\":\"search_term_string\"}}],\"inLanguage\":\"lv-LV\"},{\"@type\":\"Organization\",\"@id\":\"https:\/\/test.puhdasplus.ee\/lv\/#organization\",\"name\":\"Puhdas+\",\"alternateName\":\"Puhdasplus\",\"url\":\"https:\/\/test.puhdasplus.ee\/lv\/\",\"logo\":{\"@type\":\"ImageObject\",\"inLanguage\":\"lv-LV\",\"@id\":\"https:\/\/test.puhdasplus.ee\/lv\/#\/schema\/logo\/image\/\",\"url\":\"https:\/\/test.puhdasplus.ee\/\/wp-content\/uploads\/2019\/10\/puhdas_logo-arvele.png\",\"contentUrl\":\"https:\/\/test.puhdasplus.ee\/\/wp-content\/uploads\/2019\/10\/puhdas_logo-arvele.png\",\"width\":114,\"height\":94,\"caption\":\"Puhdas+\"},\"image\":{\"@id\":\"https:\/\/test.puhdasplus.ee\/lv\/#\/schema\/logo\/image\/\"},\"sameAs\":[\"https:\/\/www.facebook.com\/puhdasplus\",\"https:\/\/www.instagram.com\/puhdasplus_ee\/\"]}]}<\/script>\n<!-- \/ Yoast SEO plugin. -->","yoast_head_json":{"title":"Kordicepsa pulveris 40 g - Puhdas+","robots":{"index":"noindex","follow":"follow","max-snippet":"max-snippet:-1","max-image-preview":"max-image-preview:large","max-video-preview":"max-video-preview:-1"},"og_locale":"lv_LV","og_type":"article","og_title":"Kordicepsa pulveris 40 g - Puhdas+","og_description":"Kordiceps (Cordyceps sinensis) ir tradicion\u0101li nov\u0113rt\u0113ta s\u0113ne, kas \u0100zijas kult\u016br\u0101s tiek izmantota jau gadsimtiem ilgi. Puhdas+ kordicepsa pulveris ir augu izcelsmes uztura bag\u0101tin\u0101t\u0101js, kas satur augstas kvalit\u0101tes kordicepsa s\u0113\u0146u pulveri un ir piem\u0113rots ikdienas uztura da\u017e\u0101do\u0161anai. Kordicepsa s\u0113ne ir paz\u012bstama ar savu bag\u0101t\u012bgo sast\u0101vu un dabiski satur polisahar\u012bdus un citus s\u0113n\u0113m rakstur\u012bgus bioakt\u012bvus savienojumus. Pulvera forma padara produkta lieto\u0161anu vienk\u0101r\u0161u \u2013 to var \u0113rti pievienot sm\u016btijiem, dz\u0113rieniem vai da\u017e\u0101diem \u0113dieniem. Puhdas+ kordicepsa pulveris ir labi piem\u0113rots akt\u012bva dz\u012bvesveida piekrit\u0113jiem un tiem, kuri v\u0113las sav\u0101 ikdienas \u0113dienkart\u0113 iek\u013caut funkcion\u0101l\u0101s s\u0113nes. Produkts ir augu izcelsmes un piem\u0113rots ar\u012b veg\u0101niem.","og_url":"https:\/\/test.puhdasplus.ee\/lv\/tooted\/stress-un-miegs\/kordicepsa-pulveris-40-g\/","og_site_name":"Puhdas+","article_publisher":"https:\/\/www.facebook.com\/puhdasplus","article_modified_time":"2026-03-10T12:11:15+00:00","og_image":[{"width":1862,"height":2560,"url":"https:\/\/test.puhdasplus.ee\/wp-content\/uploads\/2025\/03\/114.jpg","type":"image\/jpeg"}],"twitter_card":"summary_large_image","twitter_misc":{"Est. reading time":"2 min\u016btes"},"schema":{"@context":"https:\/\/schema.org","@graph":[{"@type":"WebPage","@id":"https:\/\/test.puhdasplus.ee\/lv\/tooted\/stress-un-miegs\/kordicepsa-pulveris-40-g\/","url":"https:\/\/test.puhdasplus.ee\/lv\/tooted\/stress-un-miegs\/kordicepsa-pulveris-40-g\/","name":"Kordicepsa pulveris 40 g - Puhdas+","isPartOf":{"@id":"https:\/\/test.puhdasplus.ee\/lv\/#website"},"primaryImageOfPage":{"@id":"https:\/\/test.puhdasplus.ee\/lv\/tooted\/stress-un-miegs\/kordicepsa-pulveris-40-g\/#primaryimage"},"image":{"@id":"https:\/\/test.puhdasplus.ee\/lv\/tooted\/stress-un-miegs\/kordicepsa-pulveris-40-g\/#primaryimage"},"thumbnailUrl":"https:\/\/test.puhdasplus.ee\/wp-content\/uploads\/2025\/03\/114.jpg","datePublished":"2024-02-27T08:36:56+00:00","dateModified":"2026-03-10T12:11:15+00:00","breadcrumb":{"@id":"https:\/\/test.puhdasplus.ee\/lv\/tooted\/stress-un-miegs\/kordicepsa-pulveris-40-g\/#breadcrumb"},"inLanguage":"lv-LV","potentialAction":[{"@type":"ReadAction","target":["https:\/\/test.puhdasplus.ee\/lv\/tooted\/stress-un-miegs\/kordicepsa-pulveris-40-g\/"]}]},{"@type":"ImageObject","inLanguage":"lv-LV","@id":"https:\/\/test.puhdasplus.ee\/lv\/tooted\/stress-un-miegs\/kordicepsa-pulveris-40-g\/#primaryimage","url":"https:\/\/test.puhdasplus.ee\/wp-content\/uploads\/2025\/03\/114.jpg","contentUrl":"https:\/\/test.puhdasplus.ee\/wp-content\/uploads\/2025\/03\/114.jpg","width":1862,"height":2560,"caption":"Kordicepsa pulveris"},{"@type":"BreadcrumbList","@id":"https:\/\/test.puhdasplus.ee\/lv\/tooted\/stress-un-miegs\/kordicepsa-pulveris-40-g\/#breadcrumb","itemListElement":[{"@type":"ListItem","position":1,"name":"S\u0101kums","item":"https:\/\/test.puhdasplus.ee\/lv\/"},{"@type":"ListItem","position":2,"name":"Produkti","item":"https:\/\/test.puhdasplus.ee\/lv\/veikals\/"},{"@type":"ListItem","position":3,"name":"Kordicepsa pulveris 40 g"}]},{"@type":"WebSite","@id":"https:\/\/test.puhdasplus.ee\/lv\/#website","url":"https:\/\/test.puhdasplus.ee\/lv\/","name":"Puhdas+","description":"Vitamiinid, Toidulisandid, looduskosmeetika, tervis, sport","publisher":{"@id":"https:\/\/test.puhdasplus.ee\/lv\/#organization"},"potentialAction":[{"@type":"SearchAction","target":{"@type":"EntryPoint","urlTemplate":"https:\/\/test.puhdasplus.ee\/lv\/?s={search_term_string}"},"query-input":{"@type":"PropertyValueSpecification","valueRequired":true,"valueName":"search_term_string"}}],"inLanguage":"lv-LV"},{"@type":"Organization","@id":"https:\/\/test.puhdasplus.ee\/lv\/#organization","name":"Puhdas+","alternateName":"Puhdasplus","url":"https:\/\/test.puhdasplus.ee\/lv\/","logo":{"@type":"ImageObject","inLanguage":"lv-LV","@id":"https:\/\/test.puhdasplus.ee\/lv\/#\/schema\/logo\/image\/","url":"https:\/\/test.puhdasplus.ee\/\/wp-content\/uploads\/2019\/10\/puhdas_logo-arvele.png","contentUrl":"https:\/\/test.puhdasplus.ee\/\/wp-content\/uploads\/2019\/10\/puhdas_logo-arvele.png","width":114,"height":94,"caption":"Puhdas+"},"image":{"@id":"https:\/\/test.puhdasplus.ee\/lv\/#\/schema\/logo\/image\/"},"sameAs":["https:\/\/www.facebook.com\/puhdasplus","https:\/\/www.instagram.com\/puhdasplus_ee\/"]}]}},"_links":{"self":[{"href":"https:\/\/test.puhdasplus.ee\/lv\/wp-json\/wp\/v2\/product\/33224","targetHints":{"allow":["GET"]}}],"collection":[{"href":"https:\/\/test.puhdasplus.ee\/lv\/wp-json\/wp\/v2\/product"}],"about":[{"href":"https:\/\/test.puhdasplus.ee\/lv\/wp-json\/wp\/v2\/types\/product"}],"replies":[{"embeddable":true,"href":"https:\/\/test.puhdasplus.ee\/lv\/wp-json\/wp\/v2\/comments?post=33224"}],"wp:featuredmedia":[{"embeddable":true,"href":"https:\/\/test.puhdasplus.ee\/lv\/wp-json\/wp\/v2\/media\/33226"}],"wp:attachment":[{"href":"https:\/\/test.puhdasplus.ee\/lv\/wp-json\/wp\/v2\/media?parent=33224"}],"wp:term":[{"taxonomy":"product_brand","embeddable":true,"href":"https:\/\/test.puhdasplus.ee\/lv\/wp-json\/wp\/v2\/product_brand?post=33224"},{"taxonomy":"product_cat","embeddable":true,"href":"https:\/\/test.puhdasplus.ee\/lv\/wp-json\/wp\/v2\/product_cat?post=33224"},{"taxonomy":"product_tag","embeddable":true,"href":"https:\/\/test.puhdasplus.ee\/lv\/wp-json\/wp\/v2\/product_tag?post=33224"}],"curies":[{"name":"wp","href":"https:\/\/api.w.org\/{rel}","templated":true}]}}