{"id":33211,"date":"2025-01-16T20:04:33","date_gmt":"2025-01-16T18:04:33","guid":{"rendered":"https:\/\/test.puhdasplus.ee\/\/tooted\/uncategorized\/bisu-indes-krems-50-ml\/"},"modified":"2026-02-27T11:26:43","modified_gmt":"2026-02-27T09:26:43","slug":"bisu-indes-krems-50-ml","status":"publish","type":"product","link":"https:\/\/test.puhdasplus.ee\/lv\/tooted\/kosmetika\/bisu-indes-krems-50-ml\/","title":{"rendered":"Bi\u0161u indes kr\u0113ms 50 ml"},"content":{"rendered":"<p data-start=\"0\" data-end=\"558\">Bi\u0161u inde kr\u0113ms ir grezns un efekt\u012bvs \u0101das kop\u0161anas kr\u0113ms, kas satur bi\u0161u indi \u2013 dab\u012bgu sast\u0101vda\u013cu, kas stimul\u0113 \u0101das atjauno\u0161anos un pal\u012bdz uzlabot t\u0101s elast\u012bbu. Bi\u0161u inde darbojas k\u0101 dabisks \u201cmikrolifteris\", pal\u012bdzot samazin\u0101t smalk\u0101s l\u012bnijas un grumbi\u0146as un padarot \u0101du glud\u0101ku un jaun\u0101ku. Kr\u0113ms satur ar\u012b mitrino\u0161as un barojo\u0161as sast\u0101vda\u013cas, kas nodro\u0161ina dzi\u013cu \u0101das mitrin\u0101\u0161anu un aizsarg\u0101 to no iz\u017e\u016b\u0161anas. Piem\u0113rots ikdienas lieto\u0161anai visiem \u0101das tipiem, \u012bpa\u0161i \u0101dai ar noveco\u0161an\u0101s paz\u012bm\u0113m.   <\/p>\n<p data-start=\"701\" data-end=\"725\"><strong data-start=\"701\" data-end=\"723\">Lieto\u0161anas instrukcija:<\/strong><\/p>\n<ol data-start=\"726\" data-end=\"989\">\n<li data-start=\"726\" data-end=\"781\">Pirms kr\u0113ma uzkl\u0101\u0161anas not\u012briet un nosusiniet \u0101du.<\/li>\n<li data-start=\"782\" data-end=\"877\">Uzkl\u0101jiet nelielu daudzumu kr\u0113ma uz sejas un kakla \u0101das un viegli iemas\u0113jiet \u0101d\u0101, l\u012bdz tas ies\u016bcas.<\/li>\n<li data-start=\"878\" data-end=\"928\">Piem\u0113rots lieto\u0161anai gan no r\u012bta, gan vakar\u0101.<\/li>\n<li data-start=\"929\" data-end=\"989\">Lai ieg\u016btu lab\u0101kos rezult\u0101tus, lietojiet regul\u0101ri.<\/li>\n<\/ol>\n<p data-start=\"991\" data-end=\"1188\"><strong data-start=\"991\" data-end=\"1007\">Sast\u0101vda\u013cas:<\/strong><br data-start=\"1007\" data-end=\"1010\"> \u016adens (Aqua), kaprilsk\u0101bes\/kapr\u012bnsk\u0101bes triglicer\u012bds, glicer\u012bns, C14-22 spirti, C12-20 alkilglikoz\u012bds, medus (Mel), saldo mande\u013cu e\u013c\u013ca (Prunus Amygdalus Dulcis) <em data-start=\"231\" data-end=\"402\" data-is-only-node=\"\">, me\u017eroz\u012b\u0161u s\u0113klu e\u013c\u013ca (Rosa Rubiginosa), bi\u0161u inde (Bee Venom), propoliss (Cera Propolis), sil\u012bcija dioks\u012bds (Silica), hidroliz\u0113ta hialuronsk\u0101be, kokosriekstu e\u013c\u013ca (Cocos Nucifera)<\/em> , bi\u0161u vasks (Cera Alba) <em data-start=\"427\" data-end=\"483\">, tokoferols, Argania Spinosa kauli\u0146u e\u013c\u013ca (Argania Spinosa Kernel Oil)<\/em> , \u0161\u012b sviests (Butyrospermum Parkii Butter)*, ksant\u0101na sve\u0137i, n\u0101trija benzo\u0101ts, k\u0101lija sorb\u0101ts, smar\u017evielas (Parfum), fenoksietanols, etilheksilglicer\u012bns, piensk\u0101be (Lactic Acid). Organiskas. <\/p>\n","protected":false},"excerpt":{"rendered":"<p>Dab\u012bgi atjaunojo\u0161s sejas kr\u0113ms ar bi\u0161u indi, kas stimul\u0113 kolag\u0113na veido\u0161anos, izl\u012bdzina \u0101du un samazina grumbas.<\/p>\n","protected":false},"featured_media":33213,"comment_status":"closed","ping_status":"closed","template":"","meta":{"_acf_changed":false},"product_brand":[],"product_cat":[2533],"product_tag":[2630,3009,3007,2541,2539,2843,2720,3010,3008,2904,2633,2559],"class_list":{"0":"post-33211","1":"product","2":"type-product","3":"status-publish","4":"has-post-thumbnail","6":"product_cat-kosmetika","7":"product_tag-adas-kopsana","8":"product_tag-atjaunojoss-krems","9":"product_tag-bisu-indes-krems","10":"product_tag-dabiska-skaistumkopsana","11":"product_tag-dzila-apudenosana","12":"product_tag-grumbu-samazinasana","13":"product_tag-kolagena-stimulacija","14":"product_tag-krejums","15":"product_tag-nostiprinoss-krems","16":"product_tag-organisks","17":"product_tag-pretnovecosanas-lidzeklis","18":"product_tag-tirs-skaistums","20":"first","21":"outofstock","22":"taxable","23":"shipping-taxable","24":"purchasable","25":"product-type-simple"},"acf":[],"yoast_head":"<!-- This site is optimized with the Yoast SEO plugin v27.1.1 - https:\/\/yoast.com\/product\/yoast-seo-wordpress\/ -->\n<title>Bi\u0161u indes kr\u0113ms 50 ml - Puhdas+<\/title>\n<meta name=\"description\" content=\"Bi\u0161u indes kr\u0113ms satur bi\u0161u indi, kas stimul\u0113 \u0101das atjauno\u0161anos, samazina grumbas un savelk \u0101du. Dzi\u013ci mitrino\u0161s un dabiski atjaunojo\u0161s kr\u0113ms!\" \/>\n<meta name=\"robots\" content=\"noindex, follow, max-snippet:-1, max-image-preview:large, max-video-preview:-1\" \/>\n<meta property=\"og:locale\" content=\"lv_LV\" \/>\n<meta property=\"og:type\" content=\"article\" \/>\n<meta property=\"og:title\" content=\"Bi\u0161u indes kr\u0113ms 50 ml - Puhdas+\" \/>\n<meta property=\"og:description\" content=\"Bi\u0161u indes kr\u0113ms satur bi\u0161u indi, kas stimul\u0113 \u0101das atjauno\u0161anos, samazina grumbas un savelk \u0101du. Dzi\u013ci mitrino\u0161s un dabiski atjaunojo\u0161s kr\u0113ms!\" \/>\n<meta property=\"og:url\" content=\"https:\/\/test.puhdasplus.ee\/lv\/tooted\/kosmetika\/bisu-indes-krems-50-ml\/\" \/>\n<meta property=\"og:site_name\" content=\"Puhdas+\" \/>\n<meta property=\"article:publisher\" content=\"https:\/\/www.facebook.com\/puhdasplus\" \/>\n<meta property=\"article:modified_time\" content=\"2026-02-27T09:26:43+00:00\" \/>\n<meta property=\"og:image\" content=\"https:\/\/test.puhdasplus.ee\/wp-content\/uploads\/2025\/03\/149.jpg\" \/>\n\t<meta property=\"og:image:width\" content=\"1862\" \/>\n\t<meta property=\"og:image:height\" content=\"2560\" \/>\n\t<meta property=\"og:image:type\" content=\"image\/jpeg\" \/>\n<meta name=\"twitter:card\" content=\"summary_large_image\" \/>\n<meta name=\"twitter:label1\" content=\"Est. reading time\" \/>\n\t<meta name=\"twitter:data1\" content=\"1 minute\" \/>\n<script type=\"application\/ld+json\" class=\"yoast-schema-graph\">{\"@context\":\"https:\/\/schema.org\",\"@graph\":[{\"@type\":\"WebPage\",\"@id\":\"https:\/\/test.puhdasplus.ee\/lv\/tooted\/kosmetika\/bisu-indes-krems-50-ml\/\",\"url\":\"https:\/\/test.puhdasplus.ee\/lv\/tooted\/kosmetika\/bisu-indes-krems-50-ml\/\",\"name\":\"Bi\u0161u indes kr\u0113ms 50 ml - Puhdas+\",\"isPartOf\":{\"@id\":\"https:\/\/test.puhdasplus.ee\/lv\/#website\"},\"primaryImageOfPage\":{\"@id\":\"https:\/\/test.puhdasplus.ee\/lv\/tooted\/kosmetika\/bisu-indes-krems-50-ml\/#primaryimage\"},\"image\":{\"@id\":\"https:\/\/test.puhdasplus.ee\/lv\/tooted\/kosmetika\/bisu-indes-krems-50-ml\/#primaryimage\"},\"thumbnailUrl\":\"https:\/\/test.puhdasplus.ee\/wp-content\/uploads\/2025\/03\/149.jpg\",\"datePublished\":\"2025-01-16T18:04:33+00:00\",\"dateModified\":\"2026-02-27T09:26:43+00:00\",\"description\":\"Bi\u0161u indes kr\u0113ms satur bi\u0161u indi, kas stimul\u0113 \u0101das atjauno\u0161anos, samazina grumbas un savelk \u0101du. Dzi\u013ci mitrino\u0161s un dabiski atjaunojo\u0161s kr\u0113ms!\",\"breadcrumb\":{\"@id\":\"https:\/\/test.puhdasplus.ee\/lv\/tooted\/kosmetika\/bisu-indes-krems-50-ml\/#breadcrumb\"},\"inLanguage\":\"lv-LV\",\"potentialAction\":[{\"@type\":\"ReadAction\",\"target\":[\"https:\/\/test.puhdasplus.ee\/lv\/tooted\/kosmetika\/bisu-indes-krems-50-ml\/\"]}]},{\"@type\":\"ImageObject\",\"inLanguage\":\"lv-LV\",\"@id\":\"https:\/\/test.puhdasplus.ee\/lv\/tooted\/kosmetika\/bisu-indes-krems-50-ml\/#primaryimage\",\"url\":\"https:\/\/test.puhdasplus.ee\/wp-content\/uploads\/2025\/03\/149.jpg\",\"contentUrl\":\"https:\/\/test.puhdasplus.ee\/wp-content\/uploads\/2025\/03\/149.jpg\",\"width\":1862,\"height\":2560,\"caption\":\"Bi\u0161u indes kr\u0113ms\"},{\"@type\":\"BreadcrumbList\",\"@id\":\"https:\/\/test.puhdasplus.ee\/lv\/tooted\/kosmetika\/bisu-indes-krems-50-ml\/#breadcrumb\",\"itemListElement\":[{\"@type\":\"ListItem\",\"position\":1,\"name\":\"S\u0101kums\",\"item\":\"https:\/\/test.puhdasplus.ee\/lv\/\"},{\"@type\":\"ListItem\",\"position\":2,\"name\":\"Produkti\",\"item\":\"https:\/\/test.puhdasplus.ee\/lv\/veikals\/\"},{\"@type\":\"ListItem\",\"position\":3,\"name\":\"Bi\u0161u indes kr\u0113ms 50 ml\"}]},{\"@type\":\"WebSite\",\"@id\":\"https:\/\/test.puhdasplus.ee\/lv\/#website\",\"url\":\"https:\/\/test.puhdasplus.ee\/lv\/\",\"name\":\"Puhdas+\",\"description\":\"Vitamiinid, Toidulisandid, looduskosmeetika, tervis, sport\",\"publisher\":{\"@id\":\"https:\/\/test.puhdasplus.ee\/lv\/#organization\"},\"potentialAction\":[{\"@type\":\"SearchAction\",\"target\":{\"@type\":\"EntryPoint\",\"urlTemplate\":\"https:\/\/test.puhdasplus.ee\/lv\/?s={search_term_string}\"},\"query-input\":{\"@type\":\"PropertyValueSpecification\",\"valueRequired\":true,\"valueName\":\"search_term_string\"}}],\"inLanguage\":\"lv-LV\"},{\"@type\":\"Organization\",\"@id\":\"https:\/\/test.puhdasplus.ee\/lv\/#organization\",\"name\":\"Puhdas+\",\"alternateName\":\"Puhdasplus\",\"url\":\"https:\/\/test.puhdasplus.ee\/lv\/\",\"logo\":{\"@type\":\"ImageObject\",\"inLanguage\":\"lv-LV\",\"@id\":\"https:\/\/test.puhdasplus.ee\/lv\/#\/schema\/logo\/image\/\",\"url\":\"https:\/\/test.puhdasplus.ee\/\/wp-content\/uploads\/2019\/10\/puhdas_logo-arvele.png\",\"contentUrl\":\"https:\/\/test.puhdasplus.ee\/\/wp-content\/uploads\/2019\/10\/puhdas_logo-arvele.png\",\"width\":114,\"height\":94,\"caption\":\"Puhdas+\"},\"image\":{\"@id\":\"https:\/\/test.puhdasplus.ee\/lv\/#\/schema\/logo\/image\/\"},\"sameAs\":[\"https:\/\/www.facebook.com\/puhdasplus\",\"https:\/\/www.instagram.com\/puhdasplus_ee\/\"]}]}<\/script>\n<!-- \/ Yoast SEO plugin. -->","yoast_head_json":{"title":"Bi\u0161u indes kr\u0113ms 50 ml - Puhdas+","description":"Bi\u0161u indes kr\u0113ms satur bi\u0161u indi, kas stimul\u0113 \u0101das atjauno\u0161anos, samazina grumbas un savelk \u0101du. Dzi\u013ci mitrino\u0161s un dabiski atjaunojo\u0161s kr\u0113ms!","robots":{"index":"noindex","follow":"follow","max-snippet":"max-snippet:-1","max-image-preview":"max-image-preview:large","max-video-preview":"max-video-preview:-1"},"og_locale":"lv_LV","og_type":"article","og_title":"Bi\u0161u indes kr\u0113ms 50 ml - Puhdas+","og_description":"Bi\u0161u indes kr\u0113ms satur bi\u0161u indi, kas stimul\u0113 \u0101das atjauno\u0161anos, samazina grumbas un savelk \u0101du. Dzi\u013ci mitrino\u0161s un dabiski atjaunojo\u0161s kr\u0113ms!","og_url":"https:\/\/test.puhdasplus.ee\/lv\/tooted\/kosmetika\/bisu-indes-krems-50-ml\/","og_site_name":"Puhdas+","article_publisher":"https:\/\/www.facebook.com\/puhdasplus","article_modified_time":"2026-02-27T09:26:43+00:00","og_image":[{"width":1862,"height":2560,"url":"https:\/\/test.puhdasplus.ee\/wp-content\/uploads\/2025\/03\/149.jpg","type":"image\/jpeg"}],"twitter_card":"summary_large_image","twitter_misc":{"Est. reading time":"1 minute"},"schema":{"@context":"https:\/\/schema.org","@graph":[{"@type":"WebPage","@id":"https:\/\/test.puhdasplus.ee\/lv\/tooted\/kosmetika\/bisu-indes-krems-50-ml\/","url":"https:\/\/test.puhdasplus.ee\/lv\/tooted\/kosmetika\/bisu-indes-krems-50-ml\/","name":"Bi\u0161u indes kr\u0113ms 50 ml - Puhdas+","isPartOf":{"@id":"https:\/\/test.puhdasplus.ee\/lv\/#website"},"primaryImageOfPage":{"@id":"https:\/\/test.puhdasplus.ee\/lv\/tooted\/kosmetika\/bisu-indes-krems-50-ml\/#primaryimage"},"image":{"@id":"https:\/\/test.puhdasplus.ee\/lv\/tooted\/kosmetika\/bisu-indes-krems-50-ml\/#primaryimage"},"thumbnailUrl":"https:\/\/test.puhdasplus.ee\/wp-content\/uploads\/2025\/03\/149.jpg","datePublished":"2025-01-16T18:04:33+00:00","dateModified":"2026-02-27T09:26:43+00:00","description":"Bi\u0161u indes kr\u0113ms satur bi\u0161u indi, kas stimul\u0113 \u0101das atjauno\u0161anos, samazina grumbas un savelk \u0101du. Dzi\u013ci mitrino\u0161s un dabiski atjaunojo\u0161s kr\u0113ms!","breadcrumb":{"@id":"https:\/\/test.puhdasplus.ee\/lv\/tooted\/kosmetika\/bisu-indes-krems-50-ml\/#breadcrumb"},"inLanguage":"lv-LV","potentialAction":[{"@type":"ReadAction","target":["https:\/\/test.puhdasplus.ee\/lv\/tooted\/kosmetika\/bisu-indes-krems-50-ml\/"]}]},{"@type":"ImageObject","inLanguage":"lv-LV","@id":"https:\/\/test.puhdasplus.ee\/lv\/tooted\/kosmetika\/bisu-indes-krems-50-ml\/#primaryimage","url":"https:\/\/test.puhdasplus.ee\/wp-content\/uploads\/2025\/03\/149.jpg","contentUrl":"https:\/\/test.puhdasplus.ee\/wp-content\/uploads\/2025\/03\/149.jpg","width":1862,"height":2560,"caption":"Bi\u0161u indes kr\u0113ms"},{"@type":"BreadcrumbList","@id":"https:\/\/test.puhdasplus.ee\/lv\/tooted\/kosmetika\/bisu-indes-krems-50-ml\/#breadcrumb","itemListElement":[{"@type":"ListItem","position":1,"name":"S\u0101kums","item":"https:\/\/test.puhdasplus.ee\/lv\/"},{"@type":"ListItem","position":2,"name":"Produkti","item":"https:\/\/test.puhdasplus.ee\/lv\/veikals\/"},{"@type":"ListItem","position":3,"name":"Bi\u0161u indes kr\u0113ms 50 ml"}]},{"@type":"WebSite","@id":"https:\/\/test.puhdasplus.ee\/lv\/#website","url":"https:\/\/test.puhdasplus.ee\/lv\/","name":"Puhdas+","description":"Vitamiinid, Toidulisandid, looduskosmeetika, tervis, sport","publisher":{"@id":"https:\/\/test.puhdasplus.ee\/lv\/#organization"},"potentialAction":[{"@type":"SearchAction","target":{"@type":"EntryPoint","urlTemplate":"https:\/\/test.puhdasplus.ee\/lv\/?s={search_term_string}"},"query-input":{"@type":"PropertyValueSpecification","valueRequired":true,"valueName":"search_term_string"}}],"inLanguage":"lv-LV"},{"@type":"Organization","@id":"https:\/\/test.puhdasplus.ee\/lv\/#organization","name":"Puhdas+","alternateName":"Puhdasplus","url":"https:\/\/test.puhdasplus.ee\/lv\/","logo":{"@type":"ImageObject","inLanguage":"lv-LV","@id":"https:\/\/test.puhdasplus.ee\/lv\/#\/schema\/logo\/image\/","url":"https:\/\/test.puhdasplus.ee\/\/wp-content\/uploads\/2019\/10\/puhdas_logo-arvele.png","contentUrl":"https:\/\/test.puhdasplus.ee\/\/wp-content\/uploads\/2019\/10\/puhdas_logo-arvele.png","width":114,"height":94,"caption":"Puhdas+"},"image":{"@id":"https:\/\/test.puhdasplus.ee\/lv\/#\/schema\/logo\/image\/"},"sameAs":["https:\/\/www.facebook.com\/puhdasplus","https:\/\/www.instagram.com\/puhdasplus_ee\/"]}]}},"_links":{"self":[{"href":"https:\/\/test.puhdasplus.ee\/lv\/wp-json\/wp\/v2\/product\/33211","targetHints":{"allow":["GET"]}}],"collection":[{"href":"https:\/\/test.puhdasplus.ee\/lv\/wp-json\/wp\/v2\/product"}],"about":[{"href":"https:\/\/test.puhdasplus.ee\/lv\/wp-json\/wp\/v2\/types\/product"}],"replies":[{"embeddable":true,"href":"https:\/\/test.puhdasplus.ee\/lv\/wp-json\/wp\/v2\/comments?post=33211"}],"wp:featuredmedia":[{"embeddable":true,"href":"https:\/\/test.puhdasplus.ee\/lv\/wp-json\/wp\/v2\/media\/33213"}],"wp:attachment":[{"href":"https:\/\/test.puhdasplus.ee\/lv\/wp-json\/wp\/v2\/media?parent=33211"}],"wp:term":[{"taxonomy":"product_brand","embeddable":true,"href":"https:\/\/test.puhdasplus.ee\/lv\/wp-json\/wp\/v2\/product_brand?post=33211"},{"taxonomy":"product_cat","embeddable":true,"href":"https:\/\/test.puhdasplus.ee\/lv\/wp-json\/wp\/v2\/product_cat?post=33211"},{"taxonomy":"product_tag","embeddable":true,"href":"https:\/\/test.puhdasplus.ee\/lv\/wp-json\/wp\/v2\/product_tag?post=33211"}],"curies":[{"name":"wp","href":"https:\/\/api.w.org\/{rel}","templated":true}]}}