{"id":33189,"date":"2025-01-16T20:33:12","date_gmt":"2025-01-16T18:33:12","guid":{"rendered":"https:\/\/test.puhdasplus.ee\/\/tooted\/uncategorized\/hialuronskabes-serums-ar-mellenu-ekstraktu-30-ml\/"},"modified":"2026-02-23T20:17:16","modified_gmt":"2026-02-23T18:17:16","slug":"hialuronskabes-serums-ar-mellenu-ekstraktu-30-ml","status":"publish","type":"product","link":"https:\/\/test.puhdasplus.ee\/lv\/tooted\/kosmetika\/hialuronskabes-serums-ar-mellenu-ekstraktu-30-ml\/","title":{"rendered":"Hialuronsk\u0101bes serums ar melle\u0146u ekstraktu 30 ml"},"content":{"rendered":"<p>Hialuronsk\u0101bes serums ar melle\u0146u ekstraktu ir intens\u012bvi mitrino\u0161s un \u0101du atjaunojo\u0161s serums, kas satur tr\u012bs da\u017e\u0101das molekulmasas hialuronsk\u0101bes, lai nodro\u0161in\u0101tu dzi\u013cu un ilgsto\u0161u mitrin\u0101\u0161anu. Melle\u0146u ekstrakts ir bag\u0101t\u012bgs antioksidantu avots, kas aizsarg\u0101 \u0101du no apk\u0101rt\u0113j\u0101s vides ietekmes, nomierina un izl\u012bdzina \u0101das toni. Serums pal\u012bdz samazin\u0101t smalk\u0101s l\u012bnijas, uzlabo \u0101das elast\u012bbu un pie\u0161\u0137ir \u0101dai vesel\u012bgu un jaunekl\u012bgu mirdzumu. Viegl\u0101 un \u0101tri ies\u016bco\u0161\u0101 formula ir piem\u0113rota visiem \u0101das tipiem, \u012bpa\u0161i sausai un noguru\u0161ai \u0101dai.   <\/p>\n<p data-start=\"691\" data-end=\"715\"><strong data-start=\"691\" data-end=\"713\">Lieto\u0161anas instrukcija:<\/strong><\/p>\n<ol data-start=\"716\" data-end=\"986\">\n<li data-start=\"716\" data-end=\"769\">Pirms seruma uzkl\u0101\u0161anas not\u012briet un nosusiniet \u0101du.<\/li>\n<li data-start=\"770\" data-end=\"865\">Uzkl\u0101jiet 2-3 pilienus seruma uz sejas un kakla \u0101das un viegli iemas\u0113jiet \u0101d\u0101, l\u012bdz tas ies\u016bcas.<\/li>\n<li data-start=\"866\" data-end=\"925\">Lietojiet no r\u012bta un\/vai vakar\u0101 pirms mitrin\u0101t\u0101ja lieto\u0161anas.<\/li>\n<li data-start=\"926\" data-end=\"986\">Lai ieg\u016btu lab\u0101kos rezult\u0101tus, lietojiet regul\u0101ri.<\/li>\n<\/ol>\n<p><strong data-start=\"988\" data-end=\"1004\">Sast\u0101vda\u013cas:<\/strong><br data-start=\"1004\" data-end=\"1007\">Aqua (\u016bdens), glicer\u012bns, prop\u0101ndiols, \u0101ra b\u0113rza (Betula Pendula) sula*, beta\u012bns, n\u0101trija hialuron\u0101ts, n\u0101trija benzo\u0101ts, hidroliz\u0113ta hialuronsk\u0101be, maltodekstr\u012bns, k\u0101lija sorb\u0101ts, ak\u0101ciju sve\u0137i (Acacia Senegal), ksant\u0101na sve\u0137i, melle\u0146u (Vaccinium Myrtillus) aug\u013cu ekstrakts*, piensk\u0101be. Organisks.<\/p>\n","protected":false},"excerpt":{"rendered":"<p>Dzi\u013ci mitrino\u0161s hialuronsk\u0101bes serums ar melle\u0146u ekstraktu, kas atjauno \u0101das elast\u012bbu un pie\u0161\u0137ir jaunekl\u012bgu mirdzumu.<\/p>\n","protected":false},"featured_media":33191,"comment_status":"closed","ping_status":"closed","template":"","meta":{"_acf_changed":false},"product_brand":[],"product_cat":[2533],"product_tag":[2991,2537,2675,2992,2549,2640,2989,2990,2904,2545,2559],"class_list":{"0":"post-33189","1":"product","2":"type-product","3":"status-publish","4":"has-post-thumbnail","6":"product_cat-kosmetika","7":"product_tag-adas-atjaunojosa","8":"product_tag-adas-elastiba","9":"product_tag-adas-tona-vienmerigums","10":"product_tag-antioksidants","11":"product_tag-dabiska-adas-kopsana","12":"product_tag-dzili-mitrinoss","13":"product_tag-hialuronskabes-serums","14":"product_tag-mellenu-ekstrakts","15":"product_tag-organisks","16":"product_tag-pretgrumbu-kopsana","17":"product_tag-tirs-skaistums","19":"first","20":"onbackorder","21":"taxable","22":"shipping-taxable","23":"purchasable","24":"product-type-simple"},"acf":[],"yoast_head":"<!-- This site is optimized with the Yoast SEO plugin v27.1.1 - https:\/\/yoast.com\/product\/yoast-seo-wordpress\/ -->\n<title>Hialuronsk\u0101bes serums ar melle\u0146u ekstraktu 30 ml - Puhdas+<\/title>\n<meta name=\"description\" content=\"Hialuronsk\u0101bes serums ar melle\u0146u ekstraktu 30 ml \u2013 dzi\u013ci mitrina, uzlabo \u0101das elast\u012bbu un aizsarg\u0101 pret br\u012bvajiem radik\u0101\u013ciem. Organisks.\" \/>\n<meta name=\"robots\" content=\"noindex, follow, max-snippet:-1, max-image-preview:large, max-video-preview:-1\" \/>\n<meta property=\"og:locale\" content=\"lv_LV\" \/>\n<meta property=\"og:type\" content=\"article\" \/>\n<meta property=\"og:title\" content=\"Hialuronsk\u0101bes serums ar melle\u0146u ekstraktu 30 ml - Puhdas+\" \/>\n<meta property=\"og:description\" content=\"Hialuronsk\u0101bes serums ar melle\u0146u ekstraktu 30 ml \u2013 dzi\u013ci mitrina, uzlabo \u0101das elast\u012bbu un aizsarg\u0101 pret br\u012bvajiem radik\u0101\u013ciem. Organisks.\" \/>\n<meta property=\"og:url\" content=\"https:\/\/test.puhdasplus.ee\/lv\/tooted\/kosmetika\/hialuronskabes-serums-ar-mellenu-ekstraktu-30-ml\/\" \/>\n<meta property=\"og:site_name\" content=\"Puhdas+\" \/>\n<meta property=\"article:publisher\" content=\"https:\/\/www.facebook.com\/puhdasplus\" \/>\n<meta property=\"article:modified_time\" content=\"2026-02-23T18:17:16+00:00\" \/>\n<meta property=\"og:image\" content=\"https:\/\/test.puhdasplus.ee\/wp-content\/uploads\/2025\/03\/142.jpg\" \/>\n\t<meta property=\"og:image:width\" content=\"1862\" \/>\n\t<meta property=\"og:image:height\" content=\"2560\" \/>\n\t<meta property=\"og:image:type\" content=\"image\/jpeg\" \/>\n<meta name=\"twitter:card\" content=\"summary_large_image\" \/>\n<meta name=\"twitter:label1\" content=\"Est. reading time\" \/>\n\t<meta name=\"twitter:data1\" content=\"1 minute\" \/>\n<script type=\"application\/ld+json\" class=\"yoast-schema-graph\">{\"@context\":\"https:\/\/schema.org\",\"@graph\":[{\"@type\":\"WebPage\",\"@id\":\"https:\/\/test.puhdasplus.ee\/lv\/tooted\/kosmetika\/hialuronskabes-serums-ar-mellenu-ekstraktu-30-ml\/\",\"url\":\"https:\/\/test.puhdasplus.ee\/lv\/tooted\/kosmetika\/hialuronskabes-serums-ar-mellenu-ekstraktu-30-ml\/\",\"name\":\"Hialuronsk\u0101bes serums ar melle\u0146u ekstraktu 30 ml - Puhdas+\",\"isPartOf\":{\"@id\":\"https:\/\/test.puhdasplus.ee\/lv\/#website\"},\"primaryImageOfPage\":{\"@id\":\"https:\/\/test.puhdasplus.ee\/lv\/tooted\/kosmetika\/hialuronskabes-serums-ar-mellenu-ekstraktu-30-ml\/#primaryimage\"},\"image\":{\"@id\":\"https:\/\/test.puhdasplus.ee\/lv\/tooted\/kosmetika\/hialuronskabes-serums-ar-mellenu-ekstraktu-30-ml\/#primaryimage\"},\"thumbnailUrl\":\"https:\/\/test.puhdasplus.ee\/wp-content\/uploads\/2025\/03\/142.jpg\",\"datePublished\":\"2025-01-16T18:33:12+00:00\",\"dateModified\":\"2026-02-23T18:17:16+00:00\",\"description\":\"Hialuronsk\u0101bes serums ar melle\u0146u ekstraktu 30 ml \u2013 dzi\u013ci mitrina, uzlabo \u0101das elast\u012bbu un aizsarg\u0101 pret br\u012bvajiem radik\u0101\u013ciem. Organisks.\",\"breadcrumb\":{\"@id\":\"https:\/\/test.puhdasplus.ee\/lv\/tooted\/kosmetika\/hialuronskabes-serums-ar-mellenu-ekstraktu-30-ml\/#breadcrumb\"},\"inLanguage\":\"lv-LV\",\"potentialAction\":[{\"@type\":\"ReadAction\",\"target\":[\"https:\/\/test.puhdasplus.ee\/lv\/tooted\/kosmetika\/hialuronskabes-serums-ar-mellenu-ekstraktu-30-ml\/\"]}]},{\"@type\":\"ImageObject\",\"inLanguage\":\"lv-LV\",\"@id\":\"https:\/\/test.puhdasplus.ee\/lv\/tooted\/kosmetika\/hialuronskabes-serums-ar-mellenu-ekstraktu-30-ml\/#primaryimage\",\"url\":\"https:\/\/test.puhdasplus.ee\/wp-content\/uploads\/2025\/03\/142.jpg\",\"contentUrl\":\"https:\/\/test.puhdasplus.ee\/wp-content\/uploads\/2025\/03\/142.jpg\",\"width\":1862,\"height\":2560,\"caption\":\"Hialuronsk\u0101bes serums ar melle\u0146u ekstraktu\"},{\"@type\":\"BreadcrumbList\",\"@id\":\"https:\/\/test.puhdasplus.ee\/lv\/tooted\/kosmetika\/hialuronskabes-serums-ar-mellenu-ekstraktu-30-ml\/#breadcrumb\",\"itemListElement\":[{\"@type\":\"ListItem\",\"position\":1,\"name\":\"S\u0101kums\",\"item\":\"https:\/\/test.puhdasplus.ee\/lv\/\"},{\"@type\":\"ListItem\",\"position\":2,\"name\":\"Produkti\",\"item\":\"https:\/\/test.puhdasplus.ee\/lv\/veikals\/\"},{\"@type\":\"ListItem\",\"position\":3,\"name\":\"Hialuronsk\u0101bes serums ar melle\u0146u ekstraktu 30 ml\"}]},{\"@type\":\"WebSite\",\"@id\":\"https:\/\/test.puhdasplus.ee\/lv\/#website\",\"url\":\"https:\/\/test.puhdasplus.ee\/lv\/\",\"name\":\"Puhdas+\",\"description\":\"Vitamiinid, Toidulisandid, looduskosmeetika, tervis, sport\",\"publisher\":{\"@id\":\"https:\/\/test.puhdasplus.ee\/lv\/#organization\"},\"potentialAction\":[{\"@type\":\"SearchAction\",\"target\":{\"@type\":\"EntryPoint\",\"urlTemplate\":\"https:\/\/test.puhdasplus.ee\/lv\/?s={search_term_string}\"},\"query-input\":{\"@type\":\"PropertyValueSpecification\",\"valueRequired\":true,\"valueName\":\"search_term_string\"}}],\"inLanguage\":\"lv-LV\"},{\"@type\":\"Organization\",\"@id\":\"https:\/\/test.puhdasplus.ee\/lv\/#organization\",\"name\":\"Puhdas+\",\"alternateName\":\"Puhdasplus\",\"url\":\"https:\/\/test.puhdasplus.ee\/lv\/\",\"logo\":{\"@type\":\"ImageObject\",\"inLanguage\":\"lv-LV\",\"@id\":\"https:\/\/test.puhdasplus.ee\/lv\/#\/schema\/logo\/image\/\",\"url\":\"https:\/\/test.puhdasplus.ee\/\/wp-content\/uploads\/2019\/10\/puhdas_logo-arvele.png\",\"contentUrl\":\"https:\/\/test.puhdasplus.ee\/\/wp-content\/uploads\/2019\/10\/puhdas_logo-arvele.png\",\"width\":114,\"height\":94,\"caption\":\"Puhdas+\"},\"image\":{\"@id\":\"https:\/\/test.puhdasplus.ee\/lv\/#\/schema\/logo\/image\/\"},\"sameAs\":[\"https:\/\/www.facebook.com\/puhdasplus\",\"https:\/\/www.instagram.com\/puhdasplus_ee\/\"]}]}<\/script>\n<!-- \/ Yoast SEO plugin. -->","yoast_head_json":{"title":"Hialuronsk\u0101bes serums ar melle\u0146u ekstraktu 30 ml - Puhdas+","description":"Hialuronsk\u0101bes serums ar melle\u0146u ekstraktu 30 ml \u2013 dzi\u013ci mitrina, uzlabo \u0101das elast\u012bbu un aizsarg\u0101 pret br\u012bvajiem radik\u0101\u013ciem. Organisks.","robots":{"index":"noindex","follow":"follow","max-snippet":"max-snippet:-1","max-image-preview":"max-image-preview:large","max-video-preview":"max-video-preview:-1"},"og_locale":"lv_LV","og_type":"article","og_title":"Hialuronsk\u0101bes serums ar melle\u0146u ekstraktu 30 ml - Puhdas+","og_description":"Hialuronsk\u0101bes serums ar melle\u0146u ekstraktu 30 ml \u2013 dzi\u013ci mitrina, uzlabo \u0101das elast\u012bbu un aizsarg\u0101 pret br\u012bvajiem radik\u0101\u013ciem. Organisks.","og_url":"https:\/\/test.puhdasplus.ee\/lv\/tooted\/kosmetika\/hialuronskabes-serums-ar-mellenu-ekstraktu-30-ml\/","og_site_name":"Puhdas+","article_publisher":"https:\/\/www.facebook.com\/puhdasplus","article_modified_time":"2026-02-23T18:17:16+00:00","og_image":[{"width":1862,"height":2560,"url":"https:\/\/test.puhdasplus.ee\/wp-content\/uploads\/2025\/03\/142.jpg","type":"image\/jpeg"}],"twitter_card":"summary_large_image","twitter_misc":{"Est. reading time":"1 minute"},"schema":{"@context":"https:\/\/schema.org","@graph":[{"@type":"WebPage","@id":"https:\/\/test.puhdasplus.ee\/lv\/tooted\/kosmetika\/hialuronskabes-serums-ar-mellenu-ekstraktu-30-ml\/","url":"https:\/\/test.puhdasplus.ee\/lv\/tooted\/kosmetika\/hialuronskabes-serums-ar-mellenu-ekstraktu-30-ml\/","name":"Hialuronsk\u0101bes serums ar melle\u0146u ekstraktu 30 ml - Puhdas+","isPartOf":{"@id":"https:\/\/test.puhdasplus.ee\/lv\/#website"},"primaryImageOfPage":{"@id":"https:\/\/test.puhdasplus.ee\/lv\/tooted\/kosmetika\/hialuronskabes-serums-ar-mellenu-ekstraktu-30-ml\/#primaryimage"},"image":{"@id":"https:\/\/test.puhdasplus.ee\/lv\/tooted\/kosmetika\/hialuronskabes-serums-ar-mellenu-ekstraktu-30-ml\/#primaryimage"},"thumbnailUrl":"https:\/\/test.puhdasplus.ee\/wp-content\/uploads\/2025\/03\/142.jpg","datePublished":"2025-01-16T18:33:12+00:00","dateModified":"2026-02-23T18:17:16+00:00","description":"Hialuronsk\u0101bes serums ar melle\u0146u ekstraktu 30 ml \u2013 dzi\u013ci mitrina, uzlabo \u0101das elast\u012bbu un aizsarg\u0101 pret br\u012bvajiem radik\u0101\u013ciem. Organisks.","breadcrumb":{"@id":"https:\/\/test.puhdasplus.ee\/lv\/tooted\/kosmetika\/hialuronskabes-serums-ar-mellenu-ekstraktu-30-ml\/#breadcrumb"},"inLanguage":"lv-LV","potentialAction":[{"@type":"ReadAction","target":["https:\/\/test.puhdasplus.ee\/lv\/tooted\/kosmetika\/hialuronskabes-serums-ar-mellenu-ekstraktu-30-ml\/"]}]},{"@type":"ImageObject","inLanguage":"lv-LV","@id":"https:\/\/test.puhdasplus.ee\/lv\/tooted\/kosmetika\/hialuronskabes-serums-ar-mellenu-ekstraktu-30-ml\/#primaryimage","url":"https:\/\/test.puhdasplus.ee\/wp-content\/uploads\/2025\/03\/142.jpg","contentUrl":"https:\/\/test.puhdasplus.ee\/wp-content\/uploads\/2025\/03\/142.jpg","width":1862,"height":2560,"caption":"Hialuronsk\u0101bes serums ar melle\u0146u ekstraktu"},{"@type":"BreadcrumbList","@id":"https:\/\/test.puhdasplus.ee\/lv\/tooted\/kosmetika\/hialuronskabes-serums-ar-mellenu-ekstraktu-30-ml\/#breadcrumb","itemListElement":[{"@type":"ListItem","position":1,"name":"S\u0101kums","item":"https:\/\/test.puhdasplus.ee\/lv\/"},{"@type":"ListItem","position":2,"name":"Produkti","item":"https:\/\/test.puhdasplus.ee\/lv\/veikals\/"},{"@type":"ListItem","position":3,"name":"Hialuronsk\u0101bes serums ar melle\u0146u ekstraktu 30 ml"}]},{"@type":"WebSite","@id":"https:\/\/test.puhdasplus.ee\/lv\/#website","url":"https:\/\/test.puhdasplus.ee\/lv\/","name":"Puhdas+","description":"Vitamiinid, Toidulisandid, looduskosmeetika, tervis, sport","publisher":{"@id":"https:\/\/test.puhdasplus.ee\/lv\/#organization"},"potentialAction":[{"@type":"SearchAction","target":{"@type":"EntryPoint","urlTemplate":"https:\/\/test.puhdasplus.ee\/lv\/?s={search_term_string}"},"query-input":{"@type":"PropertyValueSpecification","valueRequired":true,"valueName":"search_term_string"}}],"inLanguage":"lv-LV"},{"@type":"Organization","@id":"https:\/\/test.puhdasplus.ee\/lv\/#organization","name":"Puhdas+","alternateName":"Puhdasplus","url":"https:\/\/test.puhdasplus.ee\/lv\/","logo":{"@type":"ImageObject","inLanguage":"lv-LV","@id":"https:\/\/test.puhdasplus.ee\/lv\/#\/schema\/logo\/image\/","url":"https:\/\/test.puhdasplus.ee\/\/wp-content\/uploads\/2019\/10\/puhdas_logo-arvele.png","contentUrl":"https:\/\/test.puhdasplus.ee\/\/wp-content\/uploads\/2019\/10\/puhdas_logo-arvele.png","width":114,"height":94,"caption":"Puhdas+"},"image":{"@id":"https:\/\/test.puhdasplus.ee\/lv\/#\/schema\/logo\/image\/"},"sameAs":["https:\/\/www.facebook.com\/puhdasplus","https:\/\/www.instagram.com\/puhdasplus_ee\/"]}]}},"_links":{"self":[{"href":"https:\/\/test.puhdasplus.ee\/lv\/wp-json\/wp\/v2\/product\/33189","targetHints":{"allow":["GET"]}}],"collection":[{"href":"https:\/\/test.puhdasplus.ee\/lv\/wp-json\/wp\/v2\/product"}],"about":[{"href":"https:\/\/test.puhdasplus.ee\/lv\/wp-json\/wp\/v2\/types\/product"}],"replies":[{"embeddable":true,"href":"https:\/\/test.puhdasplus.ee\/lv\/wp-json\/wp\/v2\/comments?post=33189"}],"wp:featuredmedia":[{"embeddable":true,"href":"https:\/\/test.puhdasplus.ee\/lv\/wp-json\/wp\/v2\/media\/33191"}],"wp:attachment":[{"href":"https:\/\/test.puhdasplus.ee\/lv\/wp-json\/wp\/v2\/media?parent=33189"}],"wp:term":[{"taxonomy":"product_brand","embeddable":true,"href":"https:\/\/test.puhdasplus.ee\/lv\/wp-json\/wp\/v2\/product_brand?post=33189"},{"taxonomy":"product_cat","embeddable":true,"href":"https:\/\/test.puhdasplus.ee\/lv\/wp-json\/wp\/v2\/product_cat?post=33189"},{"taxonomy":"product_tag","embeddable":true,"href":"https:\/\/test.puhdasplus.ee\/lv\/wp-json\/wp\/v2\/product_tag?post=33189"}],"curies":[{"name":"wp","href":"https:\/\/api.w.org\/{rel}","templated":true}]}}