{"id":33170,"date":"2025-01-16T20:25:17","date_gmt":"2025-01-16T18:25:17","guid":{"rendered":"https:\/\/test.puhdasplus.ee\/\/tooted\/uncategorized\/niacinamida-10-serums-30-ml\/"},"modified":"2026-02-27T11:27:05","modified_gmt":"2026-02-27T09:27:05","slug":"niacinamida-10-serums-30-ml","status":"publish","type":"product","link":"https:\/\/test.puhdasplus.ee\/lv\/tooted\/kosmetika\/niacinamida-10-serums-30-ml\/","title":{"rendered":"Niacinam\u012bda 10% serums 30 ml"},"content":{"rendered":"<p data-start=\"30\" data-end=\"166\">Niacinam\u012bds, kas paz\u012bstams ar\u012b k\u0101 B3 vitam\u012bns, ir k\u013cuvis par vienu no iecien\u012bt\u0101kaj\u0101m kosm\u0113tikas sast\u0101vda\u013c\u0101m, pateicoties t\u0101 daudzpus\u012bgaj\u0101m \u012bpa\u0161\u012bb\u0101m.<\/p>\n<p data-start=\"168\" data-end=\"361\">Niacinam\u012bds ir paz\u012bstams ar sav\u0101m pretiekaisuma \u012bpa\u0161\u012bb\u0101m, t\u0101p\u0113c tas ir ide\u0101li piem\u0113rots jut\u012bgai un kairin\u0101tai \u0101dai. Tas pal\u012bdz nomierin\u0101t aps\u0101rtumu un kairin\u0101jumu, k\u0101 ar\u012b mazin\u0101t iekaisumu. <\/p>\n<p data-start=\"363\" data-end=\"499\">Niacinam\u012bds ir pier\u0101d\u012bjis sp\u0113ju kav\u0113t pigmenta veido\u0161anos \u0101d\u0101, pal\u012bdzot izl\u012bdzin\u0101t \u0101das toni un samazin\u0101t tum\u0161o plankumu par\u0101d\u012b\u0161anos.<\/p>\n<p data-start=\"501\" data-end=\"732\">Niacinam\u012bds atbalsta kolag\u0113na \u2014 olbaltumvielu, kas ir b\u016btiska \u0101das elast\u012bbas saglab\u0101\u0161anai, \u2014 ra\u017eo\u0161anu. Novecojot, kolag\u0113na ra\u017eo\u0161ana samazin\u0101s, kas veicina smalku l\u012bniju un grumbu par\u0101d\u012b\u0161anos. Niacinam\u012bds pal\u012bdz mazin\u0101t \u0161\u012bs noveco\u0161an\u0101s paz\u012bmes.  <\/p>\n<p data-start=\"734\" data-end=\"853\" data-is-last-node=\"\" data-is-only-node=\"\">Niacinam\u012bds ar\u012b pal\u012bdz regul\u0113t sebuma veido\u0161anos un uzlabo \u0101das elast\u012bbu, padarot poras maz\u0101k paman\u0101mas.<\/p>\n<p data-start=\"690\" data-end=\"714\"><strong data-start=\"690\" data-end=\"712\">Lieto\u0161anas instrukcija:<\/strong><\/p>\n<ol data-start=\"715\" data-end=\"1003\">\n<li data-start=\"715\" data-end=\"768\">Pirms seruma uzkl\u0101\u0161anas not\u012briet un nosusiniet \u0101du.<\/li>\n<li data-start=\"769\" data-end=\"864\">Uzkl\u0101jiet 2-3 pilienus seruma uz sejas un kakla \u0101das un viegli iemas\u0113jiet \u0101d\u0101, l\u012bdz tas ies\u016bcas.<\/li>\n<li data-start=\"865\" data-end=\"924\">Lietojiet no r\u012bta un\/vai vakar\u0101 pirms mitrin\u0101t\u0101ja lieto\u0161anas.<\/li>\n<li data-start=\"925\" data-end=\"1003\">Ja jums ir jut\u012bga \u0101da, s\u0101ciet lietot katru otro dienu, lai izvair\u012btos no kairin\u0101juma.<\/li>\n<\/ol>\n<h3 data-start=\"0\" data-end=\"41\">Vai man vajadz\u0113tu izv\u0113l\u0113ties 5% vai 10% koncentr\u0101ciju?<\/h3>\n<p data-start=\"43\" data-end=\"80\"><strong data-start=\"43\" data-end=\"78\">5% niacinam\u012bda serums ir piem\u0113rots:<\/strong><\/p>\n<ul data-start=\"81\" data-end=\"409\">\n<li data-start=\"81\" data-end=\"214\"><strong data-start=\"83\" data-end=\"105\">Jut\u012bgai \u0101dai:<\/strong> 5% koncentr\u0101cija parasti ir maig\u0101ka pret \u0101du un labi piem\u0113rota jut\u012bgai \u0101dai, samazinot kairin\u0101juma risku.<\/li>\n<li data-start=\"215\" data-end=\"315\"><strong data-start=\"217\" data-end=\"232\">Ies\u0101c\u0113jiem:<\/strong> ja iepriek\u0161 neesat lietojis produktus, kas satur niacinam\u012bdu, 5% ir labs s\u0101kums.<\/li>\n<li data-start=\"316\" data-end=\"409\"><strong data-start=\"318\" data-end=\"347\">Vienm\u0113r\u012bgam \u0101das tonim:<\/strong> Pal\u012bdz izl\u012bdzin\u0101t \u0101das toni un mazin\u0101t nelielas nepiln\u012bbas.<\/li>\n<\/ul>\n<p data-start=\"411\" data-end=\"449\"><strong data-start=\"411\" data-end=\"447\">10% niacinam\u012bda serums ir piem\u0113rots:<\/strong><\/p>\n<ul data-start=\"450\" data-end=\"796\" data-is-only-node=\"\" data-is-last-node=\"\">\n<li data-start=\"450\" data-end=\"522\"><strong data-start=\"452\" data-end=\"472\">Taukainai \u0101dai:<\/strong> 10% pal\u012bdz l\u012bdzsvarot lieko sebuma veido\u0161anos.<\/li>\n<li data-start=\"523\" data-end=\"664\"><strong data-start=\"525\" data-end=\"562\">\u0100dai, kurai nepiecie\u0161ama sp\u0113c\u012bg\u0101ka iedarb\u012bba:<\/strong> ja jau esat iepazinu\u0161ies ar niacinam\u012bdu un v\u0113laties intens\u012bv\u0101ku kop\u0161anu, 10% var\u0113tu b\u016bt lab\u0101ka izv\u0113le.<\/li>\n<li data-start=\"665\" data-end=\"796\" data-is-last-node=\"\"><strong data-start=\"667\" data-end=\"699\">\u0100dai ar noveco\u0161an\u0101s paz\u012bm\u0113m:<\/strong> Augst\u0101ka koncentr\u0101cija pal\u012bdz samazin\u0101t smalk\u0101s l\u012bnijas un grumbas un uzlabot \u0101das elast\u012bbu.<\/li>\n<\/ul>\n<p data-start=\"1005\" data-end=\"1183\"><strong data-start=\"1005\" data-end=\"1021\">Sast\u0101vda\u013cas:<\/strong><br data-start=\"1021\" data-end=\"1024\"> \u016adens (Aqua), niacinam\u012bds, glicer\u012bns, dikaprililkarbon\u0101ts, kaprilsk\u0101bes\/kapr\u012bnsk\u0101bes triglicer\u012bds, koko kapril\u0101ts\/kapr\u0101ts, dodek\u0101ns, sojas pupi\u0146u s\u0113klu ekstrakts (Glycine Soja), smar\u017eviela (Parfum), ksant\u0101na sve\u0137i, arb\u016bza s\u0113klu e\u013c\u013ca (Citrullus Lanatus), piensk\u0101be, n\u0101trija benzo\u0101ts, n\u0101trija hialuron\u0101ts, tokoferols, k\u0101lija sorb\u0101ts, fit\u012bnsk\u0101be.<\/p>\n","protected":false},"excerpt":{"rendered":"<p>Sp\u0113c\u012bgs niacinam\u012bda serums, kas regul\u0113 sebuma sekr\u0113ciju, izl\u012bdzina \u0101das toni un savelk poras.<\/p>\n","protected":false},"featured_media":33174,"comment_status":"closed","ping_status":"closed","template":"","meta":{"_acf_changed":false},"product_brand":[],"product_cat":[2533],"product_tag":[2942,2638,2535,2976,2940,2944,2943,2941,2977,2974],"class_list":{"0":"post-33170","1":"product","2":"type-product","3":"status-publish","4":"has-post-thumbnail","6":"product_cat-kosmetika","7":"product_tag-adas-tonis-vakars","8":"product_tag-dabiska-aprupe","9":"product_tag-hialuronskabe","10":"product_tag-niacinamids-10","11":"product_tag-poru-sasaurinasanas-lv","12":"product_tag-pretiekaisuma","13":"product_tag-problematiskas-adas-kopsana","14":"product_tag-sebuma-regulesana","15":"product_tag-uz-akni-tendeta-ada","16":"product_tag-vegans","18":"first","19":"onbackorder","20":"taxable","21":"shipping-taxable","22":"purchasable","23":"product-type-simple"},"acf":[],"yoast_head":"<!-- This site is optimized with the Yoast SEO plugin v27.1.1 - https:\/\/yoast.com\/product\/yoast-seo-wordpress\/ -->\n<title>Niacinam\u012bda 10% serums 30 ml - Puhdas+<\/title>\n<meta name=\"description\" content=\"Niacinam\u012bda 10% serums izl\u012bdzina \u0101das toni, savelk poras un regul\u0113 sebuma izdal\u012b\u0161anos. Ide\u0101li piem\u0113rots problem\u0101tiskai un taukainai \u0101dai! Veg\u0101ns.\" \/>\n<meta name=\"robots\" content=\"noindex, follow, max-snippet:-1, max-image-preview:large, max-video-preview:-1\" \/>\n<meta property=\"og:locale\" content=\"lv_LV\" \/>\n<meta property=\"og:type\" content=\"article\" \/>\n<meta property=\"og:title\" content=\"Niacinam\u012bda 10% serums 30 ml - Puhdas+\" \/>\n<meta property=\"og:description\" content=\"Niacinam\u012bda 10% serums izl\u012bdzina \u0101das toni, savelk poras un regul\u0113 sebuma izdal\u012b\u0161anos. Ide\u0101li piem\u0113rots problem\u0101tiskai un taukainai \u0101dai! Veg\u0101ns.\" \/>\n<meta property=\"og:url\" content=\"https:\/\/test.puhdasplus.ee\/lv\/tooted\/kosmetika\/niacinamida-10-serums-30-ml\/\" \/>\n<meta property=\"og:site_name\" content=\"Puhdas+\" \/>\n<meta property=\"article:publisher\" content=\"https:\/\/www.facebook.com\/puhdasplus\" \/>\n<meta property=\"article:modified_time\" content=\"2026-02-27T09:27:05+00:00\" \/>\n<meta property=\"og:image\" content=\"https:\/\/test.puhdasplus.ee\/wp-content\/uploads\/2025\/03\/144.jpg\" \/>\n\t<meta property=\"og:image:width\" content=\"1862\" \/>\n\t<meta property=\"og:image:height\" content=\"2560\" \/>\n\t<meta property=\"og:image:type\" content=\"image\/jpeg\" \/>\n<meta name=\"twitter:card\" content=\"summary_large_image\" \/>\n<meta name=\"twitter:label1\" content=\"Est. reading time\" \/>\n\t<meta name=\"twitter:data1\" content=\"2 min\u016btes\" \/>\n<script type=\"application\/ld+json\" class=\"yoast-schema-graph\">{\"@context\":\"https:\/\/schema.org\",\"@graph\":[{\"@type\":\"WebPage\",\"@id\":\"https:\/\/test.puhdasplus.ee\/lv\/tooted\/kosmetika\/niacinamida-10-serums-30-ml\/\",\"url\":\"https:\/\/test.puhdasplus.ee\/lv\/tooted\/kosmetika\/niacinamida-10-serums-30-ml\/\",\"name\":\"Niacinam\u012bda 10% serums 30 ml - Puhdas+\",\"isPartOf\":{\"@id\":\"https:\/\/test.puhdasplus.ee\/lv\/#website\"},\"primaryImageOfPage\":{\"@id\":\"https:\/\/test.puhdasplus.ee\/lv\/tooted\/kosmetika\/niacinamida-10-serums-30-ml\/#primaryimage\"},\"image\":{\"@id\":\"https:\/\/test.puhdasplus.ee\/lv\/tooted\/kosmetika\/niacinamida-10-serums-30-ml\/#primaryimage\"},\"thumbnailUrl\":\"https:\/\/test.puhdasplus.ee\/wp-content\/uploads\/2025\/03\/144.jpg\",\"datePublished\":\"2025-01-16T18:25:17+00:00\",\"dateModified\":\"2026-02-27T09:27:05+00:00\",\"description\":\"Niacinam\u012bda 10% serums izl\u012bdzina \u0101das toni, savelk poras un regul\u0113 sebuma izdal\u012b\u0161anos. Ide\u0101li piem\u0113rots problem\u0101tiskai un taukainai \u0101dai! Veg\u0101ns.\",\"breadcrumb\":{\"@id\":\"https:\/\/test.puhdasplus.ee\/lv\/tooted\/kosmetika\/niacinamida-10-serums-30-ml\/#breadcrumb\"},\"inLanguage\":\"lv-LV\",\"potentialAction\":[{\"@type\":\"ReadAction\",\"target\":[\"https:\/\/test.puhdasplus.ee\/lv\/tooted\/kosmetika\/niacinamida-10-serums-30-ml\/\"]}]},{\"@type\":\"ImageObject\",\"inLanguage\":\"lv-LV\",\"@id\":\"https:\/\/test.puhdasplus.ee\/lv\/tooted\/kosmetika\/niacinamida-10-serums-30-ml\/#primaryimage\",\"url\":\"https:\/\/test.puhdasplus.ee\/wp-content\/uploads\/2025\/03\/144.jpg\",\"contentUrl\":\"https:\/\/test.puhdasplus.ee\/wp-content\/uploads\/2025\/03\/144.jpg\",\"width\":1862,\"height\":2560,\"caption\":\"Niacinam\u012bda 10% serums\"},{\"@type\":\"BreadcrumbList\",\"@id\":\"https:\/\/test.puhdasplus.ee\/lv\/tooted\/kosmetika\/niacinamida-10-serums-30-ml\/#breadcrumb\",\"itemListElement\":[{\"@type\":\"ListItem\",\"position\":1,\"name\":\"S\u0101kums\",\"item\":\"https:\/\/test.puhdasplus.ee\/lv\/\"},{\"@type\":\"ListItem\",\"position\":2,\"name\":\"Produkti\",\"item\":\"https:\/\/test.puhdasplus.ee\/lv\/veikals\/\"},{\"@type\":\"ListItem\",\"position\":3,\"name\":\"Niacinam\u012bda 10% serums 30 ml\"}]},{\"@type\":\"WebSite\",\"@id\":\"https:\/\/test.puhdasplus.ee\/lv\/#website\",\"url\":\"https:\/\/test.puhdasplus.ee\/lv\/\",\"name\":\"Puhdas+\",\"description\":\"Vitamiinid, Toidulisandid, looduskosmeetika, tervis, sport\",\"publisher\":{\"@id\":\"https:\/\/test.puhdasplus.ee\/lv\/#organization\"},\"potentialAction\":[{\"@type\":\"SearchAction\",\"target\":{\"@type\":\"EntryPoint\",\"urlTemplate\":\"https:\/\/test.puhdasplus.ee\/lv\/?s={search_term_string}\"},\"query-input\":{\"@type\":\"PropertyValueSpecification\",\"valueRequired\":true,\"valueName\":\"search_term_string\"}}],\"inLanguage\":\"lv-LV\"},{\"@type\":\"Organization\",\"@id\":\"https:\/\/test.puhdasplus.ee\/lv\/#organization\",\"name\":\"Puhdas+\",\"alternateName\":\"Puhdasplus\",\"url\":\"https:\/\/test.puhdasplus.ee\/lv\/\",\"logo\":{\"@type\":\"ImageObject\",\"inLanguage\":\"lv-LV\",\"@id\":\"https:\/\/test.puhdasplus.ee\/lv\/#\/schema\/logo\/image\/\",\"url\":\"https:\/\/test.puhdasplus.ee\/\/wp-content\/uploads\/2019\/10\/puhdas_logo-arvele.png\",\"contentUrl\":\"https:\/\/test.puhdasplus.ee\/\/wp-content\/uploads\/2019\/10\/puhdas_logo-arvele.png\",\"width\":114,\"height\":94,\"caption\":\"Puhdas+\"},\"image\":{\"@id\":\"https:\/\/test.puhdasplus.ee\/lv\/#\/schema\/logo\/image\/\"},\"sameAs\":[\"https:\/\/www.facebook.com\/puhdasplus\",\"https:\/\/www.instagram.com\/puhdasplus_ee\/\"]}]}<\/script>\n<!-- \/ Yoast SEO plugin. -->","yoast_head_json":{"title":"Niacinam\u012bda 10% serums 30 ml - Puhdas+","description":"Niacinam\u012bda 10% serums izl\u012bdzina \u0101das toni, savelk poras un regul\u0113 sebuma izdal\u012b\u0161anos. Ide\u0101li piem\u0113rots problem\u0101tiskai un taukainai \u0101dai! Veg\u0101ns.","robots":{"index":"noindex","follow":"follow","max-snippet":"max-snippet:-1","max-image-preview":"max-image-preview:large","max-video-preview":"max-video-preview:-1"},"og_locale":"lv_LV","og_type":"article","og_title":"Niacinam\u012bda 10% serums 30 ml - Puhdas+","og_description":"Niacinam\u012bda 10% serums izl\u012bdzina \u0101das toni, savelk poras un regul\u0113 sebuma izdal\u012b\u0161anos. Ide\u0101li piem\u0113rots problem\u0101tiskai un taukainai \u0101dai! Veg\u0101ns.","og_url":"https:\/\/test.puhdasplus.ee\/lv\/tooted\/kosmetika\/niacinamida-10-serums-30-ml\/","og_site_name":"Puhdas+","article_publisher":"https:\/\/www.facebook.com\/puhdasplus","article_modified_time":"2026-02-27T09:27:05+00:00","og_image":[{"width":1862,"height":2560,"url":"https:\/\/test.puhdasplus.ee\/wp-content\/uploads\/2025\/03\/144.jpg","type":"image\/jpeg"}],"twitter_card":"summary_large_image","twitter_misc":{"Est. reading time":"2 min\u016btes"},"schema":{"@context":"https:\/\/schema.org","@graph":[{"@type":"WebPage","@id":"https:\/\/test.puhdasplus.ee\/lv\/tooted\/kosmetika\/niacinamida-10-serums-30-ml\/","url":"https:\/\/test.puhdasplus.ee\/lv\/tooted\/kosmetika\/niacinamida-10-serums-30-ml\/","name":"Niacinam\u012bda 10% serums 30 ml - Puhdas+","isPartOf":{"@id":"https:\/\/test.puhdasplus.ee\/lv\/#website"},"primaryImageOfPage":{"@id":"https:\/\/test.puhdasplus.ee\/lv\/tooted\/kosmetika\/niacinamida-10-serums-30-ml\/#primaryimage"},"image":{"@id":"https:\/\/test.puhdasplus.ee\/lv\/tooted\/kosmetika\/niacinamida-10-serums-30-ml\/#primaryimage"},"thumbnailUrl":"https:\/\/test.puhdasplus.ee\/wp-content\/uploads\/2025\/03\/144.jpg","datePublished":"2025-01-16T18:25:17+00:00","dateModified":"2026-02-27T09:27:05+00:00","description":"Niacinam\u012bda 10% serums izl\u012bdzina \u0101das toni, savelk poras un regul\u0113 sebuma izdal\u012b\u0161anos. Ide\u0101li piem\u0113rots problem\u0101tiskai un taukainai \u0101dai! Veg\u0101ns.","breadcrumb":{"@id":"https:\/\/test.puhdasplus.ee\/lv\/tooted\/kosmetika\/niacinamida-10-serums-30-ml\/#breadcrumb"},"inLanguage":"lv-LV","potentialAction":[{"@type":"ReadAction","target":["https:\/\/test.puhdasplus.ee\/lv\/tooted\/kosmetika\/niacinamida-10-serums-30-ml\/"]}]},{"@type":"ImageObject","inLanguage":"lv-LV","@id":"https:\/\/test.puhdasplus.ee\/lv\/tooted\/kosmetika\/niacinamida-10-serums-30-ml\/#primaryimage","url":"https:\/\/test.puhdasplus.ee\/wp-content\/uploads\/2025\/03\/144.jpg","contentUrl":"https:\/\/test.puhdasplus.ee\/wp-content\/uploads\/2025\/03\/144.jpg","width":1862,"height":2560,"caption":"Niacinam\u012bda 10% serums"},{"@type":"BreadcrumbList","@id":"https:\/\/test.puhdasplus.ee\/lv\/tooted\/kosmetika\/niacinamida-10-serums-30-ml\/#breadcrumb","itemListElement":[{"@type":"ListItem","position":1,"name":"S\u0101kums","item":"https:\/\/test.puhdasplus.ee\/lv\/"},{"@type":"ListItem","position":2,"name":"Produkti","item":"https:\/\/test.puhdasplus.ee\/lv\/veikals\/"},{"@type":"ListItem","position":3,"name":"Niacinam\u012bda 10% serums 30 ml"}]},{"@type":"WebSite","@id":"https:\/\/test.puhdasplus.ee\/lv\/#website","url":"https:\/\/test.puhdasplus.ee\/lv\/","name":"Puhdas+","description":"Vitamiinid, Toidulisandid, looduskosmeetika, tervis, sport","publisher":{"@id":"https:\/\/test.puhdasplus.ee\/lv\/#organization"},"potentialAction":[{"@type":"SearchAction","target":{"@type":"EntryPoint","urlTemplate":"https:\/\/test.puhdasplus.ee\/lv\/?s={search_term_string}"},"query-input":{"@type":"PropertyValueSpecification","valueRequired":true,"valueName":"search_term_string"}}],"inLanguage":"lv-LV"},{"@type":"Organization","@id":"https:\/\/test.puhdasplus.ee\/lv\/#organization","name":"Puhdas+","alternateName":"Puhdasplus","url":"https:\/\/test.puhdasplus.ee\/lv\/","logo":{"@type":"ImageObject","inLanguage":"lv-LV","@id":"https:\/\/test.puhdasplus.ee\/lv\/#\/schema\/logo\/image\/","url":"https:\/\/test.puhdasplus.ee\/\/wp-content\/uploads\/2019\/10\/puhdas_logo-arvele.png","contentUrl":"https:\/\/test.puhdasplus.ee\/\/wp-content\/uploads\/2019\/10\/puhdas_logo-arvele.png","width":114,"height":94,"caption":"Puhdas+"},"image":{"@id":"https:\/\/test.puhdasplus.ee\/lv\/#\/schema\/logo\/image\/"},"sameAs":["https:\/\/www.facebook.com\/puhdasplus","https:\/\/www.instagram.com\/puhdasplus_ee\/"]}]}},"_links":{"self":[{"href":"https:\/\/test.puhdasplus.ee\/lv\/wp-json\/wp\/v2\/product\/33170","targetHints":{"allow":["GET"]}}],"collection":[{"href":"https:\/\/test.puhdasplus.ee\/lv\/wp-json\/wp\/v2\/product"}],"about":[{"href":"https:\/\/test.puhdasplus.ee\/lv\/wp-json\/wp\/v2\/types\/product"}],"replies":[{"embeddable":true,"href":"https:\/\/test.puhdasplus.ee\/lv\/wp-json\/wp\/v2\/comments?post=33170"}],"wp:featuredmedia":[{"embeddable":true,"href":"https:\/\/test.puhdasplus.ee\/lv\/wp-json\/wp\/v2\/media\/33174"}],"wp:attachment":[{"href":"https:\/\/test.puhdasplus.ee\/lv\/wp-json\/wp\/v2\/media?parent=33170"}],"wp:term":[{"taxonomy":"product_brand","embeddable":true,"href":"https:\/\/test.puhdasplus.ee\/lv\/wp-json\/wp\/v2\/product_brand?post=33170"},{"taxonomy":"product_cat","embeddable":true,"href":"https:\/\/test.puhdasplus.ee\/lv\/wp-json\/wp\/v2\/product_cat?post=33170"},{"taxonomy":"product_tag","embeddable":true,"href":"https:\/\/test.puhdasplus.ee\/lv\/wp-json\/wp\/v2\/product_tag?post=33170"}],"curies":[{"name":"wp","href":"https:\/\/api.w.org\/{rel}","templated":true}]}}