{"id":33169,"date":"2025-01-16T20:29:04","date_gmt":"2025-01-16T18:29:04","guid":{"rendered":"https:\/\/test.puhdasplus.ee\/\/tooted\/uncategorized\/c-vitamina-serums-30-ml\/"},"modified":"2026-02-27T11:27:08","modified_gmt":"2026-02-27T09:27:08","slug":"c-vitamina-serums-30-ml","status":"publish","type":"product","link":"https:\/\/test.puhdasplus.ee\/lv\/tooted\/kosmetika\/c-vitamina-serums-30-ml\/","title":{"rendered":"C vitam\u012bna serums 30 ml"},"content":{"rendered":"<p>Atkl\u0101jiet savas \u0101das jauno lab\u0101ko draugu \u2013 efekt\u012bvu C vitam\u012bna serumu, kas izce\u013c \u0101das dabisko mirdzumu un elast\u012bbu. \u0160is br\u012bni\u0161\u0137\u012bgais serums ir bag\u0101tin\u0101ts ar C vitam\u012bnu, kas paz\u012bstams ar sav\u0101m lieliskaj\u0101m antioksidanta \u012bpa\u0161\u012bb\u0101m. C vitam\u012bns pal\u012bdz mazin\u0101t noveco\u0161an\u0101s paz\u012bmes, izl\u012bdzina \u0101das toni un nov\u0113r\u0161 jaunu pigment\u0101cijas plankumu veido\u0161anos. C vitam\u012bna serums padara \u0101du z\u012bdaini maigu un elast\u012bgu.   <\/p>\n<p>C vitam\u012bna 10% serums ir sp\u0113c\u012bgs antioksidantu serums, kas pal\u012bdz izl\u012bdzin\u0101t \u0101das toni, mazin\u0101t vecuma plankumus un pie\u0161\u0137irt \u0101dai starojo\u0161u sejas kr\u0101su. C vitam\u012bns (10%) stimul\u0113 kolag\u0113na veido\u0161anos, aizsarg\u0101 \u0101du no br\u012bvo radik\u0101\u013cu kait\u012bg\u0101s ietekmes un pal\u012bdz nov\u0113rst noveco\u0161an\u0101s paz\u012bmes. Serums satur ar\u012b hialuronsk\u0101bi, kas dzi\u013ci mitrina \u0101du, padarot to gludu un elast\u012bgu. Viegl\u0101 un \u0101tri ies\u016bco\u0161\u0101 formula ir piem\u0113rota visiem \u0101das tipiem, \u012bpa\u0161i \u0101dai ar bl\u0101vu un nevienm\u0113r\u012bgu sejas kr\u0101su.   <\/p>\n<p data-start=\"0\" data-end=\"36\">C vitam\u012bna priek\u0161roc\u012bbas \u0101das kop\u0161an\u0101:<\/p>\n<p data-start=\"38\" data-end=\"210\"><strong data-start=\"38\" data-end=\"64\">Antioksidantu aizsardz\u012bba:<\/strong> C vitam\u012bnam piem\u012bt sp\u0113c\u012bgas antioksidanta \u012bpa\u0161\u012bbas, kas pal\u012bdz c\u012bn\u012bties ar br\u012bvajiem radik\u0101\u013ciem un aizsarg\u0101 \u0101du no apk\u0101rt\u0113j\u0101s vides kait\u012bg\u0101s ietekmes.<\/p>\n<p data-start=\"212\" data-end=\"364\"><strong data-start=\"212\" data-end=\"239\">Izl\u012bdzina \u0101das toni:<\/strong> C vitam\u012bns pal\u012bdz samazin\u0101t eso\u0161o pigment\u0101ciju un nov\u0113rst jaunu plankumu veido\u0161anos, izce\u013cot \u0101das dabisko mirdzumu.<\/p>\n<p data-start=\"366\" data-end=\"503\" data-is-last-node=\"\" data-is-only-node=\"\"><strong data-start=\"366\" data-end=\"400\">Kolag\u0113na ra\u017eo\u0161anas atbalst\u012b\u0161ana:<\/strong> C vitam\u012bns atbalsta kolag\u0113na sint\u0113zi, pal\u012bdzot mazin\u0101t noveco\u0161an\u0101s paz\u012bmes un saglab\u0101t \u0101du jaunekl\u012bgu.<\/p>\n<p data-start=\"665\" data-end=\"689\"><strong data-start=\"665\" data-end=\"687\">Lieto\u0161anas instrukcija:<\/strong><\/p>\n<ol data-start=\"690\" data-end=\"965\">\n<li data-start=\"690\" data-end=\"743\">Pirms seruma uzkl\u0101\u0161anas not\u012briet un nosusiniet \u0101du.<\/li>\n<li data-start=\"744\" data-end=\"839\">Uzkl\u0101jiet 2-3 pilienus seruma uz sejas un kakla \u0101das un viegli iemas\u0113jiet \u0101d\u0101, l\u012bdz tas ies\u016bcas.<\/li>\n<li data-start=\"840\" data-end=\"904\">Lietojiet no r\u012bta pirms mitrin\u0101t\u0101ja un sau\u013co\u0161an\u0101s l\u012bdzek\u013ca lieto\u0161anas.<\/li>\n<li data-start=\"905\" data-end=\"965\">Lai ieg\u016btu lab\u0101kos rezult\u0101tus, lietojiet regul\u0101ri.<\/li>\n<\/ol>\n<p data-start=\"967\" data-end=\"1158\"><strong data-start=\"967\" data-end=\"983\">Sast\u0101vda\u013cas:<\/strong><br data-start=\"983\" data-end=\"986\"> \u016adens (Aqua), glicer\u012bns, askorbilglikoz\u012bds, dikaprilkarbon\u0101ts, kaprilsk\u0101bes\/kapr\u012bnsk\u0101bes triglicer\u012bds, pentil\u0113nglikols, argin\u012bns, kokosriekstu kapril\u0101ts\/kapr\u0101ts, dodek\u0101ns, sojas pupi\u0146u ekstrakts (Glycine Soja), ksant\u0101na sve\u0137i, smar\u017eviela (Parfum), arb\u016bzu s\u0113klu e\u013c\u013ca (Citrullus Lanatus), tokoferols, fit\u012bnsk\u0101be, n\u0101trija hialuron\u0101ts, citronsk\u0101be.<\/p>\n","protected":false},"excerpt":{"rendered":"<p>Izgaismojo\u0161s un vienm\u0113r\u012bga to\u0146a C vitam\u012bna serums, kas pal\u012bdz samazin\u0101t vecuma plankumus un stimul\u0113 kolag\u0113na ra\u017eo\u0161anu.<\/p>\n","protected":false},"featured_media":33172,"comment_status":"closed","ping_status":"closed","template":"","meta":{"_acf_changed":false},"product_brand":[],"product_cat":[2533],"product_tag":[2675,2971,2970,2549,2535,2720,2975,2973,2907,2972,2559],"class_list":{"0":"post-33169","1":"product","2":"type-product","3":"status-publish","4":"has-post-thumbnail","6":"product_cat-kosmetika","7":"product_tag-adas-tona-vienmerigums","8":"product_tag-antioksidantu-serums","9":"product_tag-c-vitamina-serums","10":"product_tag-dabiska-adas-kopsana","11":"product_tag-hialuronskabe","12":"product_tag-kolagena-stimulacija","13":"product_tag-pigmenta-plankumu-samazinasana","14":"product_tag-pretgrumbu-lidzeklis","15":"product_tag-serums","16":"product_tag-spiduma-kopsana","17":"product_tag-tirs-skaistums","19":"first","20":"onbackorder","21":"taxable","22":"shipping-taxable","23":"purchasable","24":"product-type-simple"},"acf":[],"yoast_head":"<!-- This site is optimized with the Yoast SEO plugin v27.1.1 - https:\/\/yoast.com\/product\/yoast-seo-wordpress\/ -->\n<title>C vitam\u012bna serums 30 ml - Puhdas+<\/title>\n<meta name=\"description\" content=\"C vitam\u012bna 10% serums pie\u0161\u0137ir \u0101dai mirdzumu, izl\u012bdzina sejas kr\u0101su un aizsarg\u0101 pret br\u012bvajiem radik\u0101\u013ciem. Satur C vitam\u012bnu un hialuronsk\u0101bi!\" \/>\n<meta name=\"robots\" content=\"noindex, follow, max-snippet:-1, max-image-preview:large, max-video-preview:-1\" \/>\n<meta property=\"og:locale\" content=\"lv_LV\" \/>\n<meta property=\"og:type\" content=\"article\" \/>\n<meta property=\"og:title\" content=\"C vitam\u012bna serums 30 ml - Puhdas+\" \/>\n<meta property=\"og:description\" content=\"C vitam\u012bna 10% serums pie\u0161\u0137ir \u0101dai mirdzumu, izl\u012bdzina sejas kr\u0101su un aizsarg\u0101 pret br\u012bvajiem radik\u0101\u013ciem. Satur C vitam\u012bnu un hialuronsk\u0101bi!\" \/>\n<meta property=\"og:url\" content=\"https:\/\/test.puhdasplus.ee\/lv\/tooted\/kosmetika\/c-vitamina-serums-30-ml\/\" \/>\n<meta property=\"og:site_name\" content=\"Puhdas+\" \/>\n<meta property=\"article:publisher\" content=\"https:\/\/www.facebook.com\/puhdasplus\" \/>\n<meta property=\"article:modified_time\" content=\"2026-02-27T09:27:08+00:00\" \/>\n<meta property=\"og:image\" content=\"https:\/\/test.puhdasplus.ee\/wp-content\/uploads\/2025\/03\/143.jpg\" \/>\n\t<meta property=\"og:image:width\" content=\"1862\" \/>\n\t<meta property=\"og:image:height\" content=\"2560\" \/>\n\t<meta property=\"og:image:type\" content=\"image\/jpeg\" \/>\n<meta name=\"twitter:card\" content=\"summary_large_image\" \/>\n<meta name=\"twitter:label1\" content=\"Est. reading time\" \/>\n\t<meta name=\"twitter:data1\" content=\"2 min\u016btes\" \/>\n<script type=\"application\/ld+json\" class=\"yoast-schema-graph\">{\"@context\":\"https:\/\/schema.org\",\"@graph\":[{\"@type\":\"WebPage\",\"@id\":\"https:\/\/test.puhdasplus.ee\/lv\/tooted\/kosmetika\/c-vitamina-serums-30-ml\/\",\"url\":\"https:\/\/test.puhdasplus.ee\/lv\/tooted\/kosmetika\/c-vitamina-serums-30-ml\/\",\"name\":\"C vitam\u012bna serums 30 ml - Puhdas+\",\"isPartOf\":{\"@id\":\"https:\/\/test.puhdasplus.ee\/lv\/#website\"},\"primaryImageOfPage\":{\"@id\":\"https:\/\/test.puhdasplus.ee\/lv\/tooted\/kosmetika\/c-vitamina-serums-30-ml\/#primaryimage\"},\"image\":{\"@id\":\"https:\/\/test.puhdasplus.ee\/lv\/tooted\/kosmetika\/c-vitamina-serums-30-ml\/#primaryimage\"},\"thumbnailUrl\":\"https:\/\/test.puhdasplus.ee\/wp-content\/uploads\/2025\/03\/143.jpg\",\"datePublished\":\"2025-01-16T18:29:04+00:00\",\"dateModified\":\"2026-02-27T09:27:08+00:00\",\"description\":\"C vitam\u012bna 10% serums pie\u0161\u0137ir \u0101dai mirdzumu, izl\u012bdzina sejas kr\u0101su un aizsarg\u0101 pret br\u012bvajiem radik\u0101\u013ciem. Satur C vitam\u012bnu un hialuronsk\u0101bi!\",\"breadcrumb\":{\"@id\":\"https:\/\/test.puhdasplus.ee\/lv\/tooted\/kosmetika\/c-vitamina-serums-30-ml\/#breadcrumb\"},\"inLanguage\":\"lv-LV\",\"potentialAction\":[{\"@type\":\"ReadAction\",\"target\":[\"https:\/\/test.puhdasplus.ee\/lv\/tooted\/kosmetika\/c-vitamina-serums-30-ml\/\"]}]},{\"@type\":\"ImageObject\",\"inLanguage\":\"lv-LV\",\"@id\":\"https:\/\/test.puhdasplus.ee\/lv\/tooted\/kosmetika\/c-vitamina-serums-30-ml\/#primaryimage\",\"url\":\"https:\/\/test.puhdasplus.ee\/wp-content\/uploads\/2025\/03\/143.jpg\",\"contentUrl\":\"https:\/\/test.puhdasplus.ee\/wp-content\/uploads\/2025\/03\/143.jpg\",\"width\":1862,\"height\":2560,\"caption\":\"C-vitam\u012bna serums\"},{\"@type\":\"BreadcrumbList\",\"@id\":\"https:\/\/test.puhdasplus.ee\/lv\/tooted\/kosmetika\/c-vitamina-serums-30-ml\/#breadcrumb\",\"itemListElement\":[{\"@type\":\"ListItem\",\"position\":1,\"name\":\"S\u0101kums\",\"item\":\"https:\/\/test.puhdasplus.ee\/lv\/\"},{\"@type\":\"ListItem\",\"position\":2,\"name\":\"Produkti\",\"item\":\"https:\/\/test.puhdasplus.ee\/lv\/veikals\/\"},{\"@type\":\"ListItem\",\"position\":3,\"name\":\"C vitam\u012bna serums 30 ml\"}]},{\"@type\":\"WebSite\",\"@id\":\"https:\/\/test.puhdasplus.ee\/lv\/#website\",\"url\":\"https:\/\/test.puhdasplus.ee\/lv\/\",\"name\":\"Puhdas+\",\"description\":\"Vitamiinid, Toidulisandid, looduskosmeetika, tervis, sport\",\"publisher\":{\"@id\":\"https:\/\/test.puhdasplus.ee\/lv\/#organization\"},\"potentialAction\":[{\"@type\":\"SearchAction\",\"target\":{\"@type\":\"EntryPoint\",\"urlTemplate\":\"https:\/\/test.puhdasplus.ee\/lv\/?s={search_term_string}\"},\"query-input\":{\"@type\":\"PropertyValueSpecification\",\"valueRequired\":true,\"valueName\":\"search_term_string\"}}],\"inLanguage\":\"lv-LV\"},{\"@type\":\"Organization\",\"@id\":\"https:\/\/test.puhdasplus.ee\/lv\/#organization\",\"name\":\"Puhdas+\",\"alternateName\":\"Puhdasplus\",\"url\":\"https:\/\/test.puhdasplus.ee\/lv\/\",\"logo\":{\"@type\":\"ImageObject\",\"inLanguage\":\"lv-LV\",\"@id\":\"https:\/\/test.puhdasplus.ee\/lv\/#\/schema\/logo\/image\/\",\"url\":\"https:\/\/test.puhdasplus.ee\/\/wp-content\/uploads\/2019\/10\/puhdas_logo-arvele.png\",\"contentUrl\":\"https:\/\/test.puhdasplus.ee\/\/wp-content\/uploads\/2019\/10\/puhdas_logo-arvele.png\",\"width\":114,\"height\":94,\"caption\":\"Puhdas+\"},\"image\":{\"@id\":\"https:\/\/test.puhdasplus.ee\/lv\/#\/schema\/logo\/image\/\"},\"sameAs\":[\"https:\/\/www.facebook.com\/puhdasplus\",\"https:\/\/www.instagram.com\/puhdasplus_ee\/\"]}]}<\/script>\n<!-- \/ Yoast SEO plugin. -->","yoast_head_json":{"title":"C vitam\u012bna serums 30 ml - Puhdas+","description":"C vitam\u012bna 10% serums pie\u0161\u0137ir \u0101dai mirdzumu, izl\u012bdzina sejas kr\u0101su un aizsarg\u0101 pret br\u012bvajiem radik\u0101\u013ciem. Satur C vitam\u012bnu un hialuronsk\u0101bi!","robots":{"index":"noindex","follow":"follow","max-snippet":"max-snippet:-1","max-image-preview":"max-image-preview:large","max-video-preview":"max-video-preview:-1"},"og_locale":"lv_LV","og_type":"article","og_title":"C vitam\u012bna serums 30 ml - Puhdas+","og_description":"C vitam\u012bna 10% serums pie\u0161\u0137ir \u0101dai mirdzumu, izl\u012bdzina sejas kr\u0101su un aizsarg\u0101 pret br\u012bvajiem radik\u0101\u013ciem. Satur C vitam\u012bnu un hialuronsk\u0101bi!","og_url":"https:\/\/test.puhdasplus.ee\/lv\/tooted\/kosmetika\/c-vitamina-serums-30-ml\/","og_site_name":"Puhdas+","article_publisher":"https:\/\/www.facebook.com\/puhdasplus","article_modified_time":"2026-02-27T09:27:08+00:00","og_image":[{"width":1862,"height":2560,"url":"https:\/\/test.puhdasplus.ee\/wp-content\/uploads\/2025\/03\/143.jpg","type":"image\/jpeg"}],"twitter_card":"summary_large_image","twitter_misc":{"Est. reading time":"2 min\u016btes"},"schema":{"@context":"https:\/\/schema.org","@graph":[{"@type":"WebPage","@id":"https:\/\/test.puhdasplus.ee\/lv\/tooted\/kosmetika\/c-vitamina-serums-30-ml\/","url":"https:\/\/test.puhdasplus.ee\/lv\/tooted\/kosmetika\/c-vitamina-serums-30-ml\/","name":"C vitam\u012bna serums 30 ml - Puhdas+","isPartOf":{"@id":"https:\/\/test.puhdasplus.ee\/lv\/#website"},"primaryImageOfPage":{"@id":"https:\/\/test.puhdasplus.ee\/lv\/tooted\/kosmetika\/c-vitamina-serums-30-ml\/#primaryimage"},"image":{"@id":"https:\/\/test.puhdasplus.ee\/lv\/tooted\/kosmetika\/c-vitamina-serums-30-ml\/#primaryimage"},"thumbnailUrl":"https:\/\/test.puhdasplus.ee\/wp-content\/uploads\/2025\/03\/143.jpg","datePublished":"2025-01-16T18:29:04+00:00","dateModified":"2026-02-27T09:27:08+00:00","description":"C vitam\u012bna 10% serums pie\u0161\u0137ir \u0101dai mirdzumu, izl\u012bdzina sejas kr\u0101su un aizsarg\u0101 pret br\u012bvajiem radik\u0101\u013ciem. Satur C vitam\u012bnu un hialuronsk\u0101bi!","breadcrumb":{"@id":"https:\/\/test.puhdasplus.ee\/lv\/tooted\/kosmetika\/c-vitamina-serums-30-ml\/#breadcrumb"},"inLanguage":"lv-LV","potentialAction":[{"@type":"ReadAction","target":["https:\/\/test.puhdasplus.ee\/lv\/tooted\/kosmetika\/c-vitamina-serums-30-ml\/"]}]},{"@type":"ImageObject","inLanguage":"lv-LV","@id":"https:\/\/test.puhdasplus.ee\/lv\/tooted\/kosmetika\/c-vitamina-serums-30-ml\/#primaryimage","url":"https:\/\/test.puhdasplus.ee\/wp-content\/uploads\/2025\/03\/143.jpg","contentUrl":"https:\/\/test.puhdasplus.ee\/wp-content\/uploads\/2025\/03\/143.jpg","width":1862,"height":2560,"caption":"C-vitam\u012bna serums"},{"@type":"BreadcrumbList","@id":"https:\/\/test.puhdasplus.ee\/lv\/tooted\/kosmetika\/c-vitamina-serums-30-ml\/#breadcrumb","itemListElement":[{"@type":"ListItem","position":1,"name":"S\u0101kums","item":"https:\/\/test.puhdasplus.ee\/lv\/"},{"@type":"ListItem","position":2,"name":"Produkti","item":"https:\/\/test.puhdasplus.ee\/lv\/veikals\/"},{"@type":"ListItem","position":3,"name":"C vitam\u012bna serums 30 ml"}]},{"@type":"WebSite","@id":"https:\/\/test.puhdasplus.ee\/lv\/#website","url":"https:\/\/test.puhdasplus.ee\/lv\/","name":"Puhdas+","description":"Vitamiinid, Toidulisandid, looduskosmeetika, tervis, sport","publisher":{"@id":"https:\/\/test.puhdasplus.ee\/lv\/#organization"},"potentialAction":[{"@type":"SearchAction","target":{"@type":"EntryPoint","urlTemplate":"https:\/\/test.puhdasplus.ee\/lv\/?s={search_term_string}"},"query-input":{"@type":"PropertyValueSpecification","valueRequired":true,"valueName":"search_term_string"}}],"inLanguage":"lv-LV"},{"@type":"Organization","@id":"https:\/\/test.puhdasplus.ee\/lv\/#organization","name":"Puhdas+","alternateName":"Puhdasplus","url":"https:\/\/test.puhdasplus.ee\/lv\/","logo":{"@type":"ImageObject","inLanguage":"lv-LV","@id":"https:\/\/test.puhdasplus.ee\/lv\/#\/schema\/logo\/image\/","url":"https:\/\/test.puhdasplus.ee\/\/wp-content\/uploads\/2019\/10\/puhdas_logo-arvele.png","contentUrl":"https:\/\/test.puhdasplus.ee\/\/wp-content\/uploads\/2019\/10\/puhdas_logo-arvele.png","width":114,"height":94,"caption":"Puhdas+"},"image":{"@id":"https:\/\/test.puhdasplus.ee\/lv\/#\/schema\/logo\/image\/"},"sameAs":["https:\/\/www.facebook.com\/puhdasplus","https:\/\/www.instagram.com\/puhdasplus_ee\/"]}]}},"_links":{"self":[{"href":"https:\/\/test.puhdasplus.ee\/lv\/wp-json\/wp\/v2\/product\/33169","targetHints":{"allow":["GET"]}}],"collection":[{"href":"https:\/\/test.puhdasplus.ee\/lv\/wp-json\/wp\/v2\/product"}],"about":[{"href":"https:\/\/test.puhdasplus.ee\/lv\/wp-json\/wp\/v2\/types\/product"}],"replies":[{"embeddable":true,"href":"https:\/\/test.puhdasplus.ee\/lv\/wp-json\/wp\/v2\/comments?post=33169"}],"wp:featuredmedia":[{"embeddable":true,"href":"https:\/\/test.puhdasplus.ee\/lv\/wp-json\/wp\/v2\/media\/33172"}],"wp:attachment":[{"href":"https:\/\/test.puhdasplus.ee\/lv\/wp-json\/wp\/v2\/media?parent=33169"}],"wp:term":[{"taxonomy":"product_brand","embeddable":true,"href":"https:\/\/test.puhdasplus.ee\/lv\/wp-json\/wp\/v2\/product_brand?post=33169"},{"taxonomy":"product_cat","embeddable":true,"href":"https:\/\/test.puhdasplus.ee\/lv\/wp-json\/wp\/v2\/product_cat?post=33169"},{"taxonomy":"product_tag","embeddable":true,"href":"https:\/\/test.puhdasplus.ee\/lv\/wp-json\/wp\/v2\/product_tag?post=33169"}],"curies":[{"name":"wp","href":"https:\/\/api.w.org\/{rel}","templated":true}]}}