{"id":33151,"date":"2025-01-16T20:22:18","date_gmt":"2025-01-16T18:22:18","guid":{"rendered":"https:\/\/test.puhdasplus.ee\/\/tooted\/uncategorized\/niacinamida-5-serums-30-ml\/"},"modified":"2026-02-27T11:26:48","modified_gmt":"2026-02-27T09:26:48","slug":"niacinamida-5-serums-30-ml","status":"publish","type":"product","link":"https:\/\/test.puhdasplus.ee\/lv\/tooted\/kosmetika\/niacinamida-5-serums-30-ml\/","title":{"rendered":"Niacinam\u012bda 5% serums 30 ml"},"content":{"rendered":"<p data-start=\"48\" data-end=\"114\"><strong data-start=\"48\" data-end=\"112\">Niacinam\u012bds \u2013 daudzpus\u012bga un efekt\u012bva \u0101das kop\u0161anas sast\u0101vda\u013ca<\/strong><\/p>\n<p data-start=\"116\" data-end=\"235\">Niacinam\u012bds, kas paz\u012bstams ar\u012b k\u0101 B3 vitam\u012bns, ir k\u013cuvis par \u012bstu iecien\u012bt\u0101ko kosm\u0113tik\u0101, pateicoties t\u0101 pla\u0161ajam iedarb\u012bbas spektram.<\/p>\n<p data-start=\"237\" data-end=\"437\">Niacinam\u012bds ir paz\u012bstams ar sav\u0101m pretiekaisuma \u012bpa\u0161\u012bb\u0101m, t\u0101p\u0113c tas ir lieliski piem\u0113rots jut\u012bgai vai kairin\u0101tai \u0101dai. Tas pal\u012bdz nomierin\u0101t aps\u0101rtumu, mazin\u0101t kairin\u0101jumu un mazin\u0101t iekaisumu. <\/p>\n<p data-start=\"439\" data-end=\"608\">Niacinam\u012bds ir ar\u012b pier\u0101d\u012bjis sp\u0113ju kav\u0113t liek\u0101 pigmenta veido\u0161anos \u0101d\u0101, t\u0101d\u0113j\u0101di pal\u012bdzot izl\u012bdzin\u0101t \u0101das toni un samazin\u0101t tum\u0161o plankumu par\u0101d\u012b\u0161anos.<\/p>\n<p data-start=\"610\" data-end=\"844\">Niacinam\u012bds atbalsta kolag\u0113na \u2013 olbaltumvielu, kas ir b\u016btiska \u0101das elast\u012bbas saglab\u0101\u0161anai, \u2013 ra\u017eo\u0161anu. Novecojot, kolag\u0113na ra\u017eo\u0161ana pal\u0113nin\u0101s, k\u0101 rezult\u0101t\u0101 par\u0101d\u0101s smalkas l\u012bnijas un grumbas. Niacinam\u012bds pal\u012bdz mazin\u0101t \u0161\u012bs noveco\u0161an\u0101s paz\u012bmes.  <\/p>\n<p data-start=\"846\" data-end=\"960\">Turkl\u0101t niacinam\u012bds pal\u012bdz regul\u0113t sebuma veido\u0161anos un uzlabo \u0101das elast\u012bbu, padarot poras maz\u0101k paman\u0101mas.<\/p>\n<h3 data-start=\"967\" data-end=\"1017\"><strong data-start=\"967\" data-end=\"1015\">Vai man vajadz\u0113tu izv\u0113l\u0113ties 5% vai 10% niacinam\u012bda serumu?<\/strong><\/h3>\n<p data-start=\"1019\" data-end=\"1056\"><strong data-start=\"1019\" data-end=\"1054\">5% niacinam\u012bda serums ir piem\u0113rots:<\/strong><\/p>\n<ul data-start=\"1057\" data-end=\"1356\">\n<li data-start=\"1057\" data-end=\"1176\"><strong data-start=\"1059\" data-end=\"1081\">Jut\u012bgai \u0101dai:<\/strong> 5% parasti ir maig\u0101ka alternat\u012bva, kas labi darbojas jut\u012bgai \u0101dai, samazinot kairin\u0101juma risku.<\/li>\n<li data-start=\"1177\" data-end=\"1257\"><strong data-start=\"1179\" data-end=\"1194\">Ies\u0101c\u0113jiem:<\/strong> ja iepriek\u0161 neesat lietojis niacinam\u012bdu, 5% ir labs s\u0101kums.<\/li>\n<li data-start=\"1258\" data-end=\"1356\"><strong data-start=\"1260\" data-end=\"1289\">Vienm\u0113r\u012bgam \u0101das tonim:<\/strong> Pal\u012bdz mazin\u0101t nelielas nepiln\u012bbas un izl\u012bdzin\u0101t \u0101das toni.<\/li>\n<\/ul>\n<p data-start=\"1358\" data-end=\"1396\"><strong data-start=\"1358\" data-end=\"1394\">10% niacinam\u012bda serums ir piem\u0113rots:<\/strong><\/p>\n<ul data-start=\"1397\" data-end=\"1742\">\n<li data-start=\"1397\" data-end=\"1483\"><strong data-start=\"1399\" data-end=\"1419\">Taukainai \u0101dai:<\/strong> 10% koncentr\u0101cija pal\u012bdz kontrol\u0113t lieko sebuma veido\u0161anos.<\/li>\n<li data-start=\"1484\" data-end=\"1610\"><strong data-start=\"1486\" data-end=\"1525\">\u0100dai, kurai nepiecie\u0161ama intens\u012bv\u0101ka kop\u0161ana:<\/strong> Ja jau esat iepazinu\u0161ies ar niacinam\u012bdu un mekl\u0113jat efekt\u012bv\u0101ku produktu, 10% ir laba izv\u0113le.<\/li>\n<li data-start=\"1611\" data-end=\"1742\"><strong data-start=\"1613\" data-end=\"1645\">\u0100dai ar noveco\u0161an\u0101s paz\u012bm\u0113m:<\/strong> Augst\u0101ka koncentr\u0101cija pal\u012bdz samazin\u0101t smalk\u0101s l\u012bnijas un grumbas un uzlabot \u0101das elast\u012bbu.<\/li>\n<\/ul>\n<p data-start=\"658\" data-end=\"682\"><strong data-start=\"658\" data-end=\"680\">Lieto\u0161anas instrukcija:<\/strong><\/p>\n<ol data-start=\"683\" data-end=\"953\">\n<li data-start=\"683\" data-end=\"736\">Pirms seruma uzkl\u0101\u0161anas not\u012briet un nosusiniet \u0101du.<\/li>\n<li data-start=\"737\" data-end=\"832\">Uzkl\u0101jiet 2-3 pilienus seruma uz sejas un kakla \u0101das un viegli iemas\u0113jiet \u0101d\u0101, l\u012bdz tas ies\u016bcas.<\/li>\n<li data-start=\"833\" data-end=\"892\">Lietojiet no r\u012bta un\/vai vakar\u0101 pirms mitrin\u0101t\u0101ja lieto\u0161anas.<\/li>\n<li data-start=\"893\" data-end=\"953\">Lai ieg\u016btu lab\u0101kos rezult\u0101tus, lietojiet regul\u0101ri.<\/li>\n<\/ol>\n<p data-start=\"955\" data-end=\"1132\"><strong data-start=\"955\" data-end=\"971\">Sast\u0101vda\u013cas:<\/strong><br data-start=\"971\" data-end=\"974\"> \u016adens (Aqua), glicer\u012bns, niacinam\u012bds, dikaprililkarbon\u0101ts, kaprilsk\u0101bes\/kapr\u012bnsk\u0101bes triglicer\u012bds, koko kapril\u0101ts\/kapr\u0101ts, dodek\u0101ns, sojas pupi\u0146u s\u0113klu ekstrakts (Glycine Soja), smar\u017eviela (Parfum), ksant\u0101na sve\u0137i, arb\u016bza s\u0113klu e\u013c\u013ca (Citrullus Lanatus), n\u0101trija benzo\u0101ts, piensk\u0101be, n\u0101trija hialuron\u0101ts, tokoferols, k\u0101lija sorb\u0101ts, fit\u012bnsk\u0101be.<\/p>\n","protected":false},"excerpt":{"rendered":"<p>\u0100das l\u012bdzsvarojo\u0161s un poras sa\u0161aurino\u0161s serums, kas samazina nel\u012bdzenumus un regul\u0113 sebuma izdal\u012b\u0161anos.<\/p>\n","protected":false},"featured_media":33153,"comment_status":"closed","ping_status":"closed","template":"","meta":{"_acf_changed":false},"product_brand":[],"product_cat":[3296,2533],"product_tag":[2942,2638,2535,2938,2939,2945,2940,2944,2943,2941,2907,2559],"class_list":{"0":"post-33151","1":"product","2":"type-product","3":"status-publish","4":"has-post-thumbnail","6":"product_cat-ada-mati-nagi","7":"product_cat-kosmetika","8":"product_tag-adas-tonis-vakars","9":"product_tag-dabiska-aprupe","10":"product_tag-hialuronskabe","11":"product_tag-mitrinoss-serums","12":"product_tag-niacinamida-serums","13":"product_tag-niacinamids","14":"product_tag-poru-sasaurinasanas-lv","15":"product_tag-pretiekaisuma","16":"product_tag-problematiskas-adas-kopsana","17":"product_tag-sebuma-regulesana","18":"product_tag-serums","19":"product_tag-tirs-skaistums","21":"first","22":"onbackorder","23":"taxable","24":"shipping-taxable","25":"purchasable","26":"product-type-simple"},"acf":[],"yoast_head":"<!-- This site is optimized with the Yoast SEO plugin v27.1.1 - https:\/\/yoast.com\/product\/yoast-seo-wordpress\/ -->\n<title>Niacinam\u012bda 5% serums 30 ml - Puhdas+<\/title>\n<meta name=\"description\" content=\"Niacinam\u012bda 5% serums pal\u012bdz izl\u012bdzin\u0101t \u0101das toni, mazin\u0101t plankumus un kontrol\u0113t sebuma izdal\u012b\u0161anos. Ide\u0101li piem\u0113rots ikdienas lieto\u0161anai! Veg\u0101ns.\" \/>\n<meta name=\"robots\" content=\"noindex, follow, max-snippet:-1, max-image-preview:large, max-video-preview:-1\" \/>\n<meta property=\"og:locale\" content=\"lv_LV\" \/>\n<meta property=\"og:type\" content=\"article\" \/>\n<meta property=\"og:title\" content=\"Niacinam\u012bda 5% serums 30 ml - Puhdas+\" \/>\n<meta property=\"og:description\" content=\"Niacinam\u012bda 5% serums pal\u012bdz izl\u012bdzin\u0101t \u0101das toni, mazin\u0101t plankumus un kontrol\u0113t sebuma izdal\u012b\u0161anos. Ide\u0101li piem\u0113rots ikdienas lieto\u0161anai! Veg\u0101ns.\" \/>\n<meta property=\"og:url\" content=\"https:\/\/test.puhdasplus.ee\/lv\/tooted\/kosmetika\/niacinamida-5-serums-30-ml\/\" \/>\n<meta property=\"og:site_name\" content=\"Puhdas+\" \/>\n<meta property=\"article:publisher\" content=\"https:\/\/www.facebook.com\/puhdasplus\" \/>\n<meta property=\"article:modified_time\" content=\"2026-02-27T09:26:48+00:00\" \/>\n<meta property=\"og:image\" content=\"https:\/\/test.puhdasplus.ee\/wp-content\/uploads\/2025\/03\/145.jpg\" \/>\n\t<meta property=\"og:image:width\" content=\"1862\" \/>\n\t<meta property=\"og:image:height\" content=\"2560\" \/>\n\t<meta property=\"og:image:type\" content=\"image\/jpeg\" \/>\n<meta name=\"twitter:card\" content=\"summary_large_image\" \/>\n<meta name=\"twitter:label1\" content=\"Est. reading time\" \/>\n\t<meta name=\"twitter:data1\" content=\"2 min\u016btes\" \/>\n<script type=\"application\/ld+json\" class=\"yoast-schema-graph\">{\"@context\":\"https:\/\/schema.org\",\"@graph\":[{\"@type\":\"WebPage\",\"@id\":\"https:\/\/test.puhdasplus.ee\/lv\/tooted\/kosmetika\/niacinamida-5-serums-30-ml\/\",\"url\":\"https:\/\/test.puhdasplus.ee\/lv\/tooted\/kosmetika\/niacinamida-5-serums-30-ml\/\",\"name\":\"Niacinam\u012bda 5% serums 30 ml - Puhdas+\",\"isPartOf\":{\"@id\":\"https:\/\/test.puhdasplus.ee\/lv\/#website\"},\"primaryImageOfPage\":{\"@id\":\"https:\/\/test.puhdasplus.ee\/lv\/tooted\/kosmetika\/niacinamida-5-serums-30-ml\/#primaryimage\"},\"image\":{\"@id\":\"https:\/\/test.puhdasplus.ee\/lv\/tooted\/kosmetika\/niacinamida-5-serums-30-ml\/#primaryimage\"},\"thumbnailUrl\":\"https:\/\/test.puhdasplus.ee\/wp-content\/uploads\/2025\/03\/145.jpg\",\"datePublished\":\"2025-01-16T18:22:18+00:00\",\"dateModified\":\"2026-02-27T09:26:48+00:00\",\"description\":\"Niacinam\u012bda 5% serums pal\u012bdz izl\u012bdzin\u0101t \u0101das toni, mazin\u0101t plankumus un kontrol\u0113t sebuma izdal\u012b\u0161anos. Ide\u0101li piem\u0113rots ikdienas lieto\u0161anai! Veg\u0101ns.\",\"breadcrumb\":{\"@id\":\"https:\/\/test.puhdasplus.ee\/lv\/tooted\/kosmetika\/niacinamida-5-serums-30-ml\/#breadcrumb\"},\"inLanguage\":\"lv-LV\",\"potentialAction\":[{\"@type\":\"ReadAction\",\"target\":[\"https:\/\/test.puhdasplus.ee\/lv\/tooted\/kosmetika\/niacinamida-5-serums-30-ml\/\"]}]},{\"@type\":\"ImageObject\",\"inLanguage\":\"lv-LV\",\"@id\":\"https:\/\/test.puhdasplus.ee\/lv\/tooted\/kosmetika\/niacinamida-5-serums-30-ml\/#primaryimage\",\"url\":\"https:\/\/test.puhdasplus.ee\/wp-content\/uploads\/2025\/03\/145.jpg\",\"contentUrl\":\"https:\/\/test.puhdasplus.ee\/wp-content\/uploads\/2025\/03\/145.jpg\",\"width\":1862,\"height\":2560,\"caption\":\"Niacinam\u012bda 5% serums\"},{\"@type\":\"BreadcrumbList\",\"@id\":\"https:\/\/test.puhdasplus.ee\/lv\/tooted\/kosmetika\/niacinamida-5-serums-30-ml\/#breadcrumb\",\"itemListElement\":[{\"@type\":\"ListItem\",\"position\":1,\"name\":\"S\u0101kums\",\"item\":\"https:\/\/test.puhdasplus.ee\/lv\/\"},{\"@type\":\"ListItem\",\"position\":2,\"name\":\"Produkti\",\"item\":\"https:\/\/test.puhdasplus.ee\/lv\/veikals\/\"},{\"@type\":\"ListItem\",\"position\":3,\"name\":\"Niacinam\u012bda 5% serums 30 ml\"}]},{\"@type\":\"WebSite\",\"@id\":\"https:\/\/test.puhdasplus.ee\/lv\/#website\",\"url\":\"https:\/\/test.puhdasplus.ee\/lv\/\",\"name\":\"Puhdas+\",\"description\":\"Vitamiinid, Toidulisandid, looduskosmeetika, tervis, sport\",\"publisher\":{\"@id\":\"https:\/\/test.puhdasplus.ee\/lv\/#organization\"},\"potentialAction\":[{\"@type\":\"SearchAction\",\"target\":{\"@type\":\"EntryPoint\",\"urlTemplate\":\"https:\/\/test.puhdasplus.ee\/lv\/?s={search_term_string}\"},\"query-input\":{\"@type\":\"PropertyValueSpecification\",\"valueRequired\":true,\"valueName\":\"search_term_string\"}}],\"inLanguage\":\"lv-LV\"},{\"@type\":\"Organization\",\"@id\":\"https:\/\/test.puhdasplus.ee\/lv\/#organization\",\"name\":\"Puhdas+\",\"alternateName\":\"Puhdasplus\",\"url\":\"https:\/\/test.puhdasplus.ee\/lv\/\",\"logo\":{\"@type\":\"ImageObject\",\"inLanguage\":\"lv-LV\",\"@id\":\"https:\/\/test.puhdasplus.ee\/lv\/#\/schema\/logo\/image\/\",\"url\":\"https:\/\/test.puhdasplus.ee\/\/wp-content\/uploads\/2019\/10\/puhdas_logo-arvele.png\",\"contentUrl\":\"https:\/\/test.puhdasplus.ee\/\/wp-content\/uploads\/2019\/10\/puhdas_logo-arvele.png\",\"width\":114,\"height\":94,\"caption\":\"Puhdas+\"},\"image\":{\"@id\":\"https:\/\/test.puhdasplus.ee\/lv\/#\/schema\/logo\/image\/\"},\"sameAs\":[\"https:\/\/www.facebook.com\/puhdasplus\",\"https:\/\/www.instagram.com\/puhdasplus_ee\/\"]}]}<\/script>\n<!-- \/ Yoast SEO plugin. -->","yoast_head_json":{"title":"Niacinam\u012bda 5% serums 30 ml - Puhdas+","description":"Niacinam\u012bda 5% serums pal\u012bdz izl\u012bdzin\u0101t \u0101das toni, mazin\u0101t plankumus un kontrol\u0113t sebuma izdal\u012b\u0161anos. Ide\u0101li piem\u0113rots ikdienas lieto\u0161anai! Veg\u0101ns.","robots":{"index":"noindex","follow":"follow","max-snippet":"max-snippet:-1","max-image-preview":"max-image-preview:large","max-video-preview":"max-video-preview:-1"},"og_locale":"lv_LV","og_type":"article","og_title":"Niacinam\u012bda 5% serums 30 ml - Puhdas+","og_description":"Niacinam\u012bda 5% serums pal\u012bdz izl\u012bdzin\u0101t \u0101das toni, mazin\u0101t plankumus un kontrol\u0113t sebuma izdal\u012b\u0161anos. Ide\u0101li piem\u0113rots ikdienas lieto\u0161anai! Veg\u0101ns.","og_url":"https:\/\/test.puhdasplus.ee\/lv\/tooted\/kosmetika\/niacinamida-5-serums-30-ml\/","og_site_name":"Puhdas+","article_publisher":"https:\/\/www.facebook.com\/puhdasplus","article_modified_time":"2026-02-27T09:26:48+00:00","og_image":[{"width":1862,"height":2560,"url":"https:\/\/test.puhdasplus.ee\/wp-content\/uploads\/2025\/03\/145.jpg","type":"image\/jpeg"}],"twitter_card":"summary_large_image","twitter_misc":{"Est. reading time":"2 min\u016btes"},"schema":{"@context":"https:\/\/schema.org","@graph":[{"@type":"WebPage","@id":"https:\/\/test.puhdasplus.ee\/lv\/tooted\/kosmetika\/niacinamida-5-serums-30-ml\/","url":"https:\/\/test.puhdasplus.ee\/lv\/tooted\/kosmetika\/niacinamida-5-serums-30-ml\/","name":"Niacinam\u012bda 5% serums 30 ml - Puhdas+","isPartOf":{"@id":"https:\/\/test.puhdasplus.ee\/lv\/#website"},"primaryImageOfPage":{"@id":"https:\/\/test.puhdasplus.ee\/lv\/tooted\/kosmetika\/niacinamida-5-serums-30-ml\/#primaryimage"},"image":{"@id":"https:\/\/test.puhdasplus.ee\/lv\/tooted\/kosmetika\/niacinamida-5-serums-30-ml\/#primaryimage"},"thumbnailUrl":"https:\/\/test.puhdasplus.ee\/wp-content\/uploads\/2025\/03\/145.jpg","datePublished":"2025-01-16T18:22:18+00:00","dateModified":"2026-02-27T09:26:48+00:00","description":"Niacinam\u012bda 5% serums pal\u012bdz izl\u012bdzin\u0101t \u0101das toni, mazin\u0101t plankumus un kontrol\u0113t sebuma izdal\u012b\u0161anos. Ide\u0101li piem\u0113rots ikdienas lieto\u0161anai! Veg\u0101ns.","breadcrumb":{"@id":"https:\/\/test.puhdasplus.ee\/lv\/tooted\/kosmetika\/niacinamida-5-serums-30-ml\/#breadcrumb"},"inLanguage":"lv-LV","potentialAction":[{"@type":"ReadAction","target":["https:\/\/test.puhdasplus.ee\/lv\/tooted\/kosmetika\/niacinamida-5-serums-30-ml\/"]}]},{"@type":"ImageObject","inLanguage":"lv-LV","@id":"https:\/\/test.puhdasplus.ee\/lv\/tooted\/kosmetika\/niacinamida-5-serums-30-ml\/#primaryimage","url":"https:\/\/test.puhdasplus.ee\/wp-content\/uploads\/2025\/03\/145.jpg","contentUrl":"https:\/\/test.puhdasplus.ee\/wp-content\/uploads\/2025\/03\/145.jpg","width":1862,"height":2560,"caption":"Niacinam\u012bda 5% serums"},{"@type":"BreadcrumbList","@id":"https:\/\/test.puhdasplus.ee\/lv\/tooted\/kosmetika\/niacinamida-5-serums-30-ml\/#breadcrumb","itemListElement":[{"@type":"ListItem","position":1,"name":"S\u0101kums","item":"https:\/\/test.puhdasplus.ee\/lv\/"},{"@type":"ListItem","position":2,"name":"Produkti","item":"https:\/\/test.puhdasplus.ee\/lv\/veikals\/"},{"@type":"ListItem","position":3,"name":"Niacinam\u012bda 5% serums 30 ml"}]},{"@type":"WebSite","@id":"https:\/\/test.puhdasplus.ee\/lv\/#website","url":"https:\/\/test.puhdasplus.ee\/lv\/","name":"Puhdas+","description":"Vitamiinid, Toidulisandid, looduskosmeetika, tervis, sport","publisher":{"@id":"https:\/\/test.puhdasplus.ee\/lv\/#organization"},"potentialAction":[{"@type":"SearchAction","target":{"@type":"EntryPoint","urlTemplate":"https:\/\/test.puhdasplus.ee\/lv\/?s={search_term_string}"},"query-input":{"@type":"PropertyValueSpecification","valueRequired":true,"valueName":"search_term_string"}}],"inLanguage":"lv-LV"},{"@type":"Organization","@id":"https:\/\/test.puhdasplus.ee\/lv\/#organization","name":"Puhdas+","alternateName":"Puhdasplus","url":"https:\/\/test.puhdasplus.ee\/lv\/","logo":{"@type":"ImageObject","inLanguage":"lv-LV","@id":"https:\/\/test.puhdasplus.ee\/lv\/#\/schema\/logo\/image\/","url":"https:\/\/test.puhdasplus.ee\/\/wp-content\/uploads\/2019\/10\/puhdas_logo-arvele.png","contentUrl":"https:\/\/test.puhdasplus.ee\/\/wp-content\/uploads\/2019\/10\/puhdas_logo-arvele.png","width":114,"height":94,"caption":"Puhdas+"},"image":{"@id":"https:\/\/test.puhdasplus.ee\/lv\/#\/schema\/logo\/image\/"},"sameAs":["https:\/\/www.facebook.com\/puhdasplus","https:\/\/www.instagram.com\/puhdasplus_ee\/"]}]}},"_links":{"self":[{"href":"https:\/\/test.puhdasplus.ee\/lv\/wp-json\/wp\/v2\/product\/33151","targetHints":{"allow":["GET"]}}],"collection":[{"href":"https:\/\/test.puhdasplus.ee\/lv\/wp-json\/wp\/v2\/product"}],"about":[{"href":"https:\/\/test.puhdasplus.ee\/lv\/wp-json\/wp\/v2\/types\/product"}],"replies":[{"embeddable":true,"href":"https:\/\/test.puhdasplus.ee\/lv\/wp-json\/wp\/v2\/comments?post=33151"}],"wp:featuredmedia":[{"embeddable":true,"href":"https:\/\/test.puhdasplus.ee\/lv\/wp-json\/wp\/v2\/media\/33153"}],"wp:attachment":[{"href":"https:\/\/test.puhdasplus.ee\/lv\/wp-json\/wp\/v2\/media?parent=33151"}],"wp:term":[{"taxonomy":"product_brand","embeddable":true,"href":"https:\/\/test.puhdasplus.ee\/lv\/wp-json\/wp\/v2\/product_brand?post=33151"},{"taxonomy":"product_cat","embeddable":true,"href":"https:\/\/test.puhdasplus.ee\/lv\/wp-json\/wp\/v2\/product_cat?post=33151"},{"taxonomy":"product_tag","embeddable":true,"href":"https:\/\/test.puhdasplus.ee\/lv\/wp-json\/wp\/v2\/product_tag?post=33151"}],"curies":[{"name":"wp","href":"https:\/\/api.w.org\/{rel}","templated":true}]}}