{"id":33135,"date":"2025-01-16T20:07:31","date_gmt":"2025-01-16T18:07:31","guid":{"rendered":"https:\/\/test.puhdasplus.ee\/\/tooted\/uncategorized\/bisu-indes-serums-30-ml\/"},"modified":"2026-02-27T11:27:04","modified_gmt":"2026-02-27T09:27:04","slug":"bisu-indes-serums-30-ml","status":"publish","type":"product","link":"https:\/\/test.puhdasplus.ee\/lv\/tooted\/kosmetika\/bisu-indes-serums-30-ml\/","title":{"rendered":"Bi\u0161u indes serums 30 ml"},"content":{"rendered":"<p>Bi\u0161u inde serums ir intens\u012bvi atjaunojo\u0161s un savelko\u0161s serums, kas satur bi\u0161u indi \u2013 dabisku sast\u0101vda\u013cu, kas stimul\u0113 \u0101das atjauno\u0161anos un kolag\u0113na ra\u017eo\u0161anu. Bi\u0161u inde darbojas k\u0101 dabisks \u201cmikrolifteris\", pal\u012bdzot samazin\u0101t smalk\u0101s l\u012bnijas un uzlabot \u0101das elast\u012bbu. Turkl\u0101t serums satur hialuronsk\u0101bi un dabiskus mitrino\u0161us ekstraktus, kas nodro\u0161ina dzi\u013cu mitrin\u0101\u0161anu un pie\u0161\u0137ir \u0101dai vesel\u012bgu mirdzumu. Viegl\u0101 formula \u0101tri ies\u016bcas un neatst\u0101j \u0101du taukainu. Piem\u0113rots visiem \u0101das tipiem, \u012bpa\u0161i nobriedu\u0161ai un noguru\u0161ai \u0101dai.    <\/p>\n<p data-start=\"699\" data-end=\"723\"><strong data-start=\"699\" data-end=\"721\">Lieto\u0161anas instrukcija:<\/strong><\/p>\n<ol data-start=\"724\" data-end=\"994\">\n<li data-start=\"724\" data-end=\"777\">Pirms seruma uzkl\u0101\u0161anas not\u012briet un nosusiniet \u0101du.<\/li>\n<li data-start=\"778\" data-end=\"873\">Uzkl\u0101jiet 2-3 pilienus seruma uz sejas un kakla \u0101das un viegli iemas\u0113jiet \u0101d\u0101, l\u012bdz tas ies\u016bcas.<\/li>\n<li data-start=\"874\" data-end=\"933\">Lietojiet no r\u012bta un\/vai vakar\u0101 pirms mitrin\u0101t\u0101ja lieto\u0161anas.<\/li>\n<li data-start=\"934\" data-end=\"994\">Lai ieg\u016btu lab\u0101kos rezult\u0101tus, lietojiet regul\u0101ri.<\/li>\n<\/ol>\n<p><strong data-start=\"996\" data-end=\"1012\">Sast\u0101vda\u013cas:<\/strong><br data-start=\"1012\" data-end=\"1015\">Aqua (\u016bdens), kaprila\/kapr\u012bna triglicer\u012bds, glicer\u012bns, C14-22 spirti, C12-20 alkilglikoz\u012bds, medus, saldo mande\u013cu e\u013c\u013ca (Prunus Amygdalus Dulcis)<em data-start=\"215\" data-end=\"374\">, me\u017eroz\u012b\u0161u s\u0113klu e\u013c\u013ca (Rosa Rubiginosa), bi\u0161u inde, propoliss (Propolis Cera), sil\u012bcija dioks\u012bds (silica), hidroliz\u0113ta hialuronsk\u0101be, kokosriekstu e\u013c\u013ca (Cocos Nucifera)<\/em>, bi\u0161u vasks (Cera Alba)<em data-start=\"399\" data-end=\"455\">, tokoferols, argana e\u013c\u013ca (Argania Spinosa Kernel Oil)<\/em>, \u0161\u012b sviests (Butyrospermum Parkii Butter)*, ksant\u0101na sve\u0137i, n\u0101trija benzo\u0101ts, k\u0101lija sorb\u0101ts, smar\u017eviela (parfum), fenoksietanols, etilheksilglicer\u012bns, piensk\u0101be. Organisks.<\/p>\n","protected":false},"excerpt":{"rendered":"<p>Nostiprino\u0161s un pretgrumbu serums ar bi\u0161u indi, kas stimul\u0113 \u0101das atjauno\u0161anos un dzi\u013ci mitrina \u0101du.<\/p>\n","protected":false},"featured_media":33137,"comment_status":"closed","ping_status":"closed","template":"","meta":{"_acf_changed":false},"product_brand":[],"product_cat":[2533],"product_tag":[2543,2630,2915,2541,2539,2720,2905,2916,2633,2907,2559],"class_list":{"0":"post-33135","1":"product","2":"type-product","3":"status-publish","4":"has-post-thumbnail","6":"product_cat-kosmetika","7":"product_tag-adas-atjaunosana","8":"product_tag-adas-kopsana","9":"product_tag-bisu-indes-serums","10":"product_tag-dabiska-skaistumkopsana","11":"product_tag-dzila-apudenosana","12":"product_tag-kolagena-stimulacija","13":"product_tag-nostiprinoss-serums","14":"product_tag-pretgrumbu-serums","15":"product_tag-pretnovecosanas-lidzeklis","16":"product_tag-serums","17":"product_tag-tirs-skaistums","19":"first","20":"onbackorder","21":"taxable","22":"shipping-taxable","23":"purchasable","24":"product-type-simple"},"acf":[],"yoast_head":"<!-- This site is optimized with the Yoast SEO plugin v27.1.1 - https:\/\/yoast.com\/product\/yoast-seo-wordpress\/ -->\n<title>Bi\u0161u indes serums 30 ml - Puhdas+<\/title>\n<meta name=\"description\" content=\"Bi\u0161u indes serums satur bi\u0161u indi, kas stimul\u0113 kolag\u0113na ra\u017eo\u0161anu, samazina grumbas un savelk \u0101du. Nostiprino\u0161s un atjaunojo\u0161s serums. Organisks.\" \/>\n<meta name=\"robots\" content=\"noindex, follow, max-snippet:-1, max-image-preview:large, max-video-preview:-1\" \/>\n<meta property=\"og:locale\" content=\"lv_LV\" \/>\n<meta property=\"og:type\" content=\"article\" \/>\n<meta property=\"og:title\" content=\"Bi\u0161u indes serums 30 ml - Puhdas+\" \/>\n<meta property=\"og:description\" content=\"Bi\u0161u indes serums satur bi\u0161u indi, kas stimul\u0113 kolag\u0113na ra\u017eo\u0161anu, samazina grumbas un savelk \u0101du. Nostiprino\u0161s un atjaunojo\u0161s serums. Organisks.\" \/>\n<meta property=\"og:url\" content=\"https:\/\/test.puhdasplus.ee\/lv\/tooted\/kosmetika\/bisu-indes-serums-30-ml\/\" \/>\n<meta property=\"og:site_name\" content=\"Puhdas+\" \/>\n<meta property=\"article:publisher\" content=\"https:\/\/www.facebook.com\/puhdasplus\" \/>\n<meta property=\"article:modified_time\" content=\"2026-02-27T09:27:04+00:00\" \/>\n<meta property=\"og:image\" content=\"https:\/\/test.puhdasplus.ee\/wp-content\/uploads\/2025\/03\/147.jpg\" \/>\n\t<meta property=\"og:image:width\" content=\"1862\" \/>\n\t<meta property=\"og:image:height\" content=\"2560\" \/>\n\t<meta property=\"og:image:type\" content=\"image\/jpeg\" \/>\n<meta name=\"twitter:card\" content=\"summary_large_image\" \/>\n<meta name=\"twitter:label1\" content=\"Est. reading time\" \/>\n\t<meta name=\"twitter:data1\" content=\"1 minute\" \/>\n<script type=\"application\/ld+json\" class=\"yoast-schema-graph\">{\"@context\":\"https:\/\/schema.org\",\"@graph\":[{\"@type\":\"WebPage\",\"@id\":\"https:\/\/test.puhdasplus.ee\/lv\/tooted\/kosmetika\/bisu-indes-serums-30-ml\/\",\"url\":\"https:\/\/test.puhdasplus.ee\/lv\/tooted\/kosmetika\/bisu-indes-serums-30-ml\/\",\"name\":\"Bi\u0161u indes serums 30 ml - Puhdas+\",\"isPartOf\":{\"@id\":\"https:\/\/test.puhdasplus.ee\/lv\/#website\"},\"primaryImageOfPage\":{\"@id\":\"https:\/\/test.puhdasplus.ee\/lv\/tooted\/kosmetika\/bisu-indes-serums-30-ml\/#primaryimage\"},\"image\":{\"@id\":\"https:\/\/test.puhdasplus.ee\/lv\/tooted\/kosmetika\/bisu-indes-serums-30-ml\/#primaryimage\"},\"thumbnailUrl\":\"https:\/\/test.puhdasplus.ee\/wp-content\/uploads\/2025\/03\/147.jpg\",\"datePublished\":\"2025-01-16T18:07:31+00:00\",\"dateModified\":\"2026-02-27T09:27:04+00:00\",\"description\":\"Bi\u0161u indes serums satur bi\u0161u indi, kas stimul\u0113 kolag\u0113na ra\u017eo\u0161anu, samazina grumbas un savelk \u0101du. Nostiprino\u0161s un atjaunojo\u0161s serums. Organisks.\",\"breadcrumb\":{\"@id\":\"https:\/\/test.puhdasplus.ee\/lv\/tooted\/kosmetika\/bisu-indes-serums-30-ml\/#breadcrumb\"},\"inLanguage\":\"lv-LV\",\"potentialAction\":[{\"@type\":\"ReadAction\",\"target\":[\"https:\/\/test.puhdasplus.ee\/lv\/tooted\/kosmetika\/bisu-indes-serums-30-ml\/\"]}]},{\"@type\":\"ImageObject\",\"inLanguage\":\"lv-LV\",\"@id\":\"https:\/\/test.puhdasplus.ee\/lv\/tooted\/kosmetika\/bisu-indes-serums-30-ml\/#primaryimage\",\"url\":\"https:\/\/test.puhdasplus.ee\/wp-content\/uploads\/2025\/03\/147.jpg\",\"contentUrl\":\"https:\/\/test.puhdasplus.ee\/wp-content\/uploads\/2025\/03\/147.jpg\",\"width\":1862,\"height\":2560,\"caption\":\"Bi\u0161u indes serums\"},{\"@type\":\"BreadcrumbList\",\"@id\":\"https:\/\/test.puhdasplus.ee\/lv\/tooted\/kosmetika\/bisu-indes-serums-30-ml\/#breadcrumb\",\"itemListElement\":[{\"@type\":\"ListItem\",\"position\":1,\"name\":\"S\u0101kums\",\"item\":\"https:\/\/test.puhdasplus.ee\/lv\/\"},{\"@type\":\"ListItem\",\"position\":2,\"name\":\"Produkti\",\"item\":\"https:\/\/test.puhdasplus.ee\/lv\/veikals\/\"},{\"@type\":\"ListItem\",\"position\":3,\"name\":\"Bi\u0161u indes serums 30 ml\"}]},{\"@type\":\"WebSite\",\"@id\":\"https:\/\/test.puhdasplus.ee\/lv\/#website\",\"url\":\"https:\/\/test.puhdasplus.ee\/lv\/\",\"name\":\"Puhdas+\",\"description\":\"Vitamiinid, Toidulisandid, looduskosmeetika, tervis, sport\",\"publisher\":{\"@id\":\"https:\/\/test.puhdasplus.ee\/lv\/#organization\"},\"potentialAction\":[{\"@type\":\"SearchAction\",\"target\":{\"@type\":\"EntryPoint\",\"urlTemplate\":\"https:\/\/test.puhdasplus.ee\/lv\/?s={search_term_string}\"},\"query-input\":{\"@type\":\"PropertyValueSpecification\",\"valueRequired\":true,\"valueName\":\"search_term_string\"}}],\"inLanguage\":\"lv-LV\"},{\"@type\":\"Organization\",\"@id\":\"https:\/\/test.puhdasplus.ee\/lv\/#organization\",\"name\":\"Puhdas+\",\"alternateName\":\"Puhdasplus\",\"url\":\"https:\/\/test.puhdasplus.ee\/lv\/\",\"logo\":{\"@type\":\"ImageObject\",\"inLanguage\":\"lv-LV\",\"@id\":\"https:\/\/test.puhdasplus.ee\/lv\/#\/schema\/logo\/image\/\",\"url\":\"https:\/\/test.puhdasplus.ee\/\/wp-content\/uploads\/2019\/10\/puhdas_logo-arvele.png\",\"contentUrl\":\"https:\/\/test.puhdasplus.ee\/\/wp-content\/uploads\/2019\/10\/puhdas_logo-arvele.png\",\"width\":114,\"height\":94,\"caption\":\"Puhdas+\"},\"image\":{\"@id\":\"https:\/\/test.puhdasplus.ee\/lv\/#\/schema\/logo\/image\/\"},\"sameAs\":[\"https:\/\/www.facebook.com\/puhdasplus\",\"https:\/\/www.instagram.com\/puhdasplus_ee\/\"]}]}<\/script>\n<!-- \/ Yoast SEO plugin. -->","yoast_head_json":{"title":"Bi\u0161u indes serums 30 ml - Puhdas+","description":"Bi\u0161u indes serums satur bi\u0161u indi, kas stimul\u0113 kolag\u0113na ra\u017eo\u0161anu, samazina grumbas un savelk \u0101du. Nostiprino\u0161s un atjaunojo\u0161s serums. Organisks.","robots":{"index":"noindex","follow":"follow","max-snippet":"max-snippet:-1","max-image-preview":"max-image-preview:large","max-video-preview":"max-video-preview:-1"},"og_locale":"lv_LV","og_type":"article","og_title":"Bi\u0161u indes serums 30 ml - Puhdas+","og_description":"Bi\u0161u indes serums satur bi\u0161u indi, kas stimul\u0113 kolag\u0113na ra\u017eo\u0161anu, samazina grumbas un savelk \u0101du. Nostiprino\u0161s un atjaunojo\u0161s serums. Organisks.","og_url":"https:\/\/test.puhdasplus.ee\/lv\/tooted\/kosmetika\/bisu-indes-serums-30-ml\/","og_site_name":"Puhdas+","article_publisher":"https:\/\/www.facebook.com\/puhdasplus","article_modified_time":"2026-02-27T09:27:04+00:00","og_image":[{"width":1862,"height":2560,"url":"https:\/\/test.puhdasplus.ee\/wp-content\/uploads\/2025\/03\/147.jpg","type":"image\/jpeg"}],"twitter_card":"summary_large_image","twitter_misc":{"Est. reading time":"1 minute"},"schema":{"@context":"https:\/\/schema.org","@graph":[{"@type":"WebPage","@id":"https:\/\/test.puhdasplus.ee\/lv\/tooted\/kosmetika\/bisu-indes-serums-30-ml\/","url":"https:\/\/test.puhdasplus.ee\/lv\/tooted\/kosmetika\/bisu-indes-serums-30-ml\/","name":"Bi\u0161u indes serums 30 ml - Puhdas+","isPartOf":{"@id":"https:\/\/test.puhdasplus.ee\/lv\/#website"},"primaryImageOfPage":{"@id":"https:\/\/test.puhdasplus.ee\/lv\/tooted\/kosmetika\/bisu-indes-serums-30-ml\/#primaryimage"},"image":{"@id":"https:\/\/test.puhdasplus.ee\/lv\/tooted\/kosmetika\/bisu-indes-serums-30-ml\/#primaryimage"},"thumbnailUrl":"https:\/\/test.puhdasplus.ee\/wp-content\/uploads\/2025\/03\/147.jpg","datePublished":"2025-01-16T18:07:31+00:00","dateModified":"2026-02-27T09:27:04+00:00","description":"Bi\u0161u indes serums satur bi\u0161u indi, kas stimul\u0113 kolag\u0113na ra\u017eo\u0161anu, samazina grumbas un savelk \u0101du. Nostiprino\u0161s un atjaunojo\u0161s serums. Organisks.","breadcrumb":{"@id":"https:\/\/test.puhdasplus.ee\/lv\/tooted\/kosmetika\/bisu-indes-serums-30-ml\/#breadcrumb"},"inLanguage":"lv-LV","potentialAction":[{"@type":"ReadAction","target":["https:\/\/test.puhdasplus.ee\/lv\/tooted\/kosmetika\/bisu-indes-serums-30-ml\/"]}]},{"@type":"ImageObject","inLanguage":"lv-LV","@id":"https:\/\/test.puhdasplus.ee\/lv\/tooted\/kosmetika\/bisu-indes-serums-30-ml\/#primaryimage","url":"https:\/\/test.puhdasplus.ee\/wp-content\/uploads\/2025\/03\/147.jpg","contentUrl":"https:\/\/test.puhdasplus.ee\/wp-content\/uploads\/2025\/03\/147.jpg","width":1862,"height":2560,"caption":"Bi\u0161u indes serums"},{"@type":"BreadcrumbList","@id":"https:\/\/test.puhdasplus.ee\/lv\/tooted\/kosmetika\/bisu-indes-serums-30-ml\/#breadcrumb","itemListElement":[{"@type":"ListItem","position":1,"name":"S\u0101kums","item":"https:\/\/test.puhdasplus.ee\/lv\/"},{"@type":"ListItem","position":2,"name":"Produkti","item":"https:\/\/test.puhdasplus.ee\/lv\/veikals\/"},{"@type":"ListItem","position":3,"name":"Bi\u0161u indes serums 30 ml"}]},{"@type":"WebSite","@id":"https:\/\/test.puhdasplus.ee\/lv\/#website","url":"https:\/\/test.puhdasplus.ee\/lv\/","name":"Puhdas+","description":"Vitamiinid, Toidulisandid, looduskosmeetika, tervis, sport","publisher":{"@id":"https:\/\/test.puhdasplus.ee\/lv\/#organization"},"potentialAction":[{"@type":"SearchAction","target":{"@type":"EntryPoint","urlTemplate":"https:\/\/test.puhdasplus.ee\/lv\/?s={search_term_string}"},"query-input":{"@type":"PropertyValueSpecification","valueRequired":true,"valueName":"search_term_string"}}],"inLanguage":"lv-LV"},{"@type":"Organization","@id":"https:\/\/test.puhdasplus.ee\/lv\/#organization","name":"Puhdas+","alternateName":"Puhdasplus","url":"https:\/\/test.puhdasplus.ee\/lv\/","logo":{"@type":"ImageObject","inLanguage":"lv-LV","@id":"https:\/\/test.puhdasplus.ee\/lv\/#\/schema\/logo\/image\/","url":"https:\/\/test.puhdasplus.ee\/\/wp-content\/uploads\/2019\/10\/puhdas_logo-arvele.png","contentUrl":"https:\/\/test.puhdasplus.ee\/\/wp-content\/uploads\/2019\/10\/puhdas_logo-arvele.png","width":114,"height":94,"caption":"Puhdas+"},"image":{"@id":"https:\/\/test.puhdasplus.ee\/lv\/#\/schema\/logo\/image\/"},"sameAs":["https:\/\/www.facebook.com\/puhdasplus","https:\/\/www.instagram.com\/puhdasplus_ee\/"]}]}},"_links":{"self":[{"href":"https:\/\/test.puhdasplus.ee\/lv\/wp-json\/wp\/v2\/product\/33135","targetHints":{"allow":["GET"]}}],"collection":[{"href":"https:\/\/test.puhdasplus.ee\/lv\/wp-json\/wp\/v2\/product"}],"about":[{"href":"https:\/\/test.puhdasplus.ee\/lv\/wp-json\/wp\/v2\/types\/product"}],"replies":[{"embeddable":true,"href":"https:\/\/test.puhdasplus.ee\/lv\/wp-json\/wp\/v2\/comments?post=33135"}],"wp:featuredmedia":[{"embeddable":true,"href":"https:\/\/test.puhdasplus.ee\/lv\/wp-json\/wp\/v2\/media\/33137"}],"wp:attachment":[{"href":"https:\/\/test.puhdasplus.ee\/lv\/wp-json\/wp\/v2\/media?parent=33135"}],"wp:term":[{"taxonomy":"product_brand","embeddable":true,"href":"https:\/\/test.puhdasplus.ee\/lv\/wp-json\/wp\/v2\/product_brand?post=33135"},{"taxonomy":"product_cat","embeddable":true,"href":"https:\/\/test.puhdasplus.ee\/lv\/wp-json\/wp\/v2\/product_cat?post=33135"},{"taxonomy":"product_tag","embeddable":true,"href":"https:\/\/test.puhdasplus.ee\/lv\/wp-json\/wp\/v2\/product_tag?post=33135"}],"curies":[{"name":"wp","href":"https:\/\/api.w.org\/{rel}","templated":true}]}}