{"id":33124,"date":"2025-01-16T20:15:45","date_gmt":"2025-01-16T18:15:45","guid":{"rendered":"https:\/\/test.puhdasplus.ee\/\/tooted\/uncategorized\/kolagena-serums-30-ml\/"},"modified":"2026-02-27T11:28:23","modified_gmt":"2026-02-27T09:28:23","slug":"kolagena-serums-30-ml","status":"publish","type":"product","link":"https:\/\/test.puhdasplus.ee\/lv\/tooted\/kosmetika\/kolagena-serums-30-ml\/","title":{"rendered":"Kolag\u0113na serums 30 ml"},"content":{"rendered":"<p>Kolag\u0113na serums ir intens\u012bvi nostiprino\u0161s un mitrino\u0161s serums, kas satur augstas kvalit\u0101tes hidroliz\u0113tu kolag\u0113nu, lai uzlabotu \u0101das elast\u012bbu un samazin\u0101tu grumbas. Kolag\u0113ns pal\u012bdz stiprin\u0101t \u0101das strukt\u016bru, padar\u012bt to glud\u0101ku un pie\u0161\u0137irt tai jaunekl\u012bgu mirdzumu. Serum\u0101 eso\u0161\u0101 hialuronsk\u0101be dzi\u013ci mitrina \u0101du, pal\u012bdzot saglab\u0101t t\u0101s mitruma l\u012bdzsvaru un nov\u0113rst grumbu veido\u0161anos sausuma d\u0113\u013c. Viegl\u0101 un \u0101tri ies\u016bco\u0161\u0101 formula padara to ide\u0101li piem\u0113rotu ikdienas \u0101das kop\u0161anai visiem \u0101das tipiem, \u012bpa\u0161i nobriedu\u0161ai un sausai \u0101dai.   <\/p>\n<p data-start=\"717\" data-end=\"741\"><strong data-start=\"717\" data-end=\"739\">Lieto\u0161anas instrukcija:<\/strong><\/p>\n<ol data-start=\"742\" data-end=\"1012\">\n<li data-start=\"742\" data-end=\"795\">Pirms seruma uzkl\u0101\u0161anas not\u012briet un nosusiniet \u0101du.<\/li>\n<li data-start=\"796\" data-end=\"891\">Uzkl\u0101jiet 2-3 pilienus seruma uz sejas un kakla \u0101das un viegli iemas\u0113jiet \u0101d\u0101, l\u012bdz tas ies\u016bcas.<\/li>\n<li data-start=\"892\" data-end=\"951\">Lietojiet no r\u012bta un\/vai vakar\u0101 pirms mitrin\u0101t\u0101ja lieto\u0161anas.<\/li>\n<li data-start=\"952\" data-end=\"1012\">Lai ieg\u016btu lab\u0101kos rezult\u0101tus, lietojiet regul\u0101ri.<\/li>\n<\/ol>\n<p data-start=\"1014\" data-end=\"1194\"><strong data-start=\"1014\" data-end=\"1030\">Sast\u0101vda\u013cas:<\/strong><br data-start=\"1030\" data-end=\"1033\">Aqua (\u016bdens), glicer\u012bns, ol\u012bve\u013c\u013ca (Olea Europaea Fruit Oil)<em data-start=\"129\" data-end=\"358\" data-is-only-node=\"\">, kaprila\/kapr\u012bna triglicer\u012bds, C14-22 alkoholi, C12-20 alkilglikoz\u012bds, hidroliz\u0113ts kolag\u0113ns, biot\u012bns, smilts\u0113rk\u0161\u0137u aug\u013cu ekstrakts (Hippophae Rhamnoides), maltodekstr\u012bns, askorb\u012bnsk\u0101be, arg\u0101na e\u013c\u013ca (Argania Spinosa Kernel Oil)<\/em>, hohobas e\u013c\u013ca (Simmondsia Chinensis Seed Oil)<em data-start=\"401\" data-end=\"442\">, \u0161\u012b sviests (Butyrospermum Parkii Butter)<\/em>, aromatiz\u0113t\u0101js (parfum), n\u0101trija dehidroacet\u0101ts, ksant\u0101na sve\u0137i, tokoferols, n\u0101trija benzo\u0101ts. Organisks.<\/p>\n","protected":false},"excerpt":{"rendered":"<p>Nostiprino\u0161s un dzi\u013ci mitrino\u0161s kolag\u0113na serums, kas atjauno \u0101das elast\u012bbu, samazina grumbas un pie\u0161\u0137ir jaunekl\u012bgu mirdzumu.<\/p>\n","protected":false},"featured_media":33127,"comment_status":"closed","ping_status":"closed","template":"","meta":{"_acf_changed":false},"product_brand":[],"product_cat":[2533],"product_tag":[2537,2630,2638,2539,2906,2720,2905,2904,2545,2633,2907,2908],"class_list":{"0":"post-33124","1":"product","2":"type-product","3":"status-publish","4":"has-post-thumbnail","6":"product_cat-kosmetika","7":"product_tag-adas-elastiba","8":"product_tag-adas-kopsana","9":"product_tag-dabiska-aprupe","10":"product_tag-dzila-apudenosana","11":"product_tag-kolagena-serums","12":"product_tag-kolagena-stimulacija","13":"product_tag-nostiprinoss-serums","14":"product_tag-organisks","15":"product_tag-pretgrumbu-kopsana","16":"product_tag-pretnovecosanas-lidzeklis","17":"product_tag-serums","18":"product_tag-tirs-skaists","20":"first","21":"onbackorder","22":"taxable","23":"shipping-taxable","24":"purchasable","25":"product-type-simple"},"acf":[],"yoast_head":"<!-- This site is optimized with the Yoast SEO plugin v27.1.1 - https:\/\/yoast.com\/product\/yoast-seo-wordpress\/ -->\n<title>Kolag\u0113na serums 30 ml - Puhdas+<\/title>\n<meta name=\"description\" content=\"Puhdas+ kolag\u0113na serums \u2013 efekt\u012bvs kolag\u0113na serums, kas atbalsta \u0101das elast\u012bbu un mitrin\u0101\u0161anu. T\u012brs sast\u0101vs, bez piedev\u0101m, piem\u0113rots ikdienas \u0101das kop\u0161anai.\" \/>\n<meta name=\"robots\" content=\"noindex, follow, max-snippet:-1, max-image-preview:large, max-video-preview:-1\" \/>\n<meta property=\"og:locale\" content=\"lv_LV\" \/>\n<meta property=\"og:type\" content=\"article\" \/>\n<meta property=\"og:title\" content=\"Kolag\u0113na serums 30 ml - Puhdas+\" \/>\n<meta property=\"og:description\" content=\"Puhdas+ kolag\u0113na serums \u2013 efekt\u012bvs kolag\u0113na serums, kas atbalsta \u0101das elast\u012bbu un mitrin\u0101\u0161anu. T\u012brs sast\u0101vs, bez piedev\u0101m, piem\u0113rots ikdienas \u0101das kop\u0161anai.\" \/>\n<meta property=\"og:url\" content=\"https:\/\/test.puhdasplus.ee\/lv\/tooted\/kosmetika\/kolagena-serums-30-ml\/\" \/>\n<meta property=\"og:site_name\" content=\"Puhdas+\" \/>\n<meta property=\"article:publisher\" content=\"https:\/\/www.facebook.com\/puhdasplus\" \/>\n<meta property=\"article:modified_time\" content=\"2026-02-27T09:28:23+00:00\" \/>\n<meta property=\"og:image\" content=\"https:\/\/test.puhdasplus.ee\/wp-content\/uploads\/2025\/03\/146.jpg\" \/>\n\t<meta property=\"og:image:width\" content=\"1862\" \/>\n\t<meta property=\"og:image:height\" content=\"2560\" \/>\n\t<meta property=\"og:image:type\" content=\"image\/jpeg\" \/>\n<meta name=\"twitter:card\" content=\"summary_large_image\" \/>\n<meta name=\"twitter:label1\" content=\"Est. reading time\" \/>\n\t<meta name=\"twitter:data1\" content=\"1 minute\" \/>\n<script type=\"application\/ld+json\" class=\"yoast-schema-graph\">{\"@context\":\"https:\/\/schema.org\",\"@graph\":[{\"@type\":\"WebPage\",\"@id\":\"https:\/\/test.puhdasplus.ee\/lv\/tooted\/kosmetika\/kolagena-serums-30-ml\/\",\"url\":\"https:\/\/test.puhdasplus.ee\/lv\/tooted\/kosmetika\/kolagena-serums-30-ml\/\",\"name\":\"Kolag\u0113na serums 30 ml - Puhdas+\",\"isPartOf\":{\"@id\":\"https:\/\/test.puhdasplus.ee\/lv\/#website\"},\"primaryImageOfPage\":{\"@id\":\"https:\/\/test.puhdasplus.ee\/lv\/tooted\/kosmetika\/kolagena-serums-30-ml\/#primaryimage\"},\"image\":{\"@id\":\"https:\/\/test.puhdasplus.ee\/lv\/tooted\/kosmetika\/kolagena-serums-30-ml\/#primaryimage\"},\"thumbnailUrl\":\"https:\/\/test.puhdasplus.ee\/wp-content\/uploads\/2025\/03\/146.jpg\",\"datePublished\":\"2025-01-16T18:15:45+00:00\",\"dateModified\":\"2026-02-27T09:28:23+00:00\",\"description\":\"Puhdas+ kolag\u0113na serums \u2013 efekt\u012bvs kolag\u0113na serums, kas atbalsta \u0101das elast\u012bbu un mitrin\u0101\u0161anu. T\u012brs sast\u0101vs, bez piedev\u0101m, piem\u0113rots ikdienas \u0101das kop\u0161anai.\",\"breadcrumb\":{\"@id\":\"https:\/\/test.puhdasplus.ee\/lv\/tooted\/kosmetika\/kolagena-serums-30-ml\/#breadcrumb\"},\"inLanguage\":\"lv-LV\",\"potentialAction\":[{\"@type\":\"ReadAction\",\"target\":[\"https:\/\/test.puhdasplus.ee\/lv\/tooted\/kosmetika\/kolagena-serums-30-ml\/\"]}]},{\"@type\":\"ImageObject\",\"inLanguage\":\"lv-LV\",\"@id\":\"https:\/\/test.puhdasplus.ee\/lv\/tooted\/kosmetika\/kolagena-serums-30-ml\/#primaryimage\",\"url\":\"https:\/\/test.puhdasplus.ee\/wp-content\/uploads\/2025\/03\/146.jpg\",\"contentUrl\":\"https:\/\/test.puhdasplus.ee\/wp-content\/uploads\/2025\/03\/146.jpg\",\"width\":1862,\"height\":2560,\"caption\":\"Kolag\u0113na serums\"},{\"@type\":\"BreadcrumbList\",\"@id\":\"https:\/\/test.puhdasplus.ee\/lv\/tooted\/kosmetika\/kolagena-serums-30-ml\/#breadcrumb\",\"itemListElement\":[{\"@type\":\"ListItem\",\"position\":1,\"name\":\"S\u0101kums\",\"item\":\"https:\/\/test.puhdasplus.ee\/lv\/\"},{\"@type\":\"ListItem\",\"position\":2,\"name\":\"Produkti\",\"item\":\"https:\/\/test.puhdasplus.ee\/lv\/veikals\/\"},{\"@type\":\"ListItem\",\"position\":3,\"name\":\"Kolag\u0113na serums 30 ml\"}]},{\"@type\":\"WebSite\",\"@id\":\"https:\/\/test.puhdasplus.ee\/lv\/#website\",\"url\":\"https:\/\/test.puhdasplus.ee\/lv\/\",\"name\":\"Puhdas+\",\"description\":\"Vitamiinid, Toidulisandid, looduskosmeetika, tervis, sport\",\"publisher\":{\"@id\":\"https:\/\/test.puhdasplus.ee\/lv\/#organization\"},\"potentialAction\":[{\"@type\":\"SearchAction\",\"target\":{\"@type\":\"EntryPoint\",\"urlTemplate\":\"https:\/\/test.puhdasplus.ee\/lv\/?s={search_term_string}\"},\"query-input\":{\"@type\":\"PropertyValueSpecification\",\"valueRequired\":true,\"valueName\":\"search_term_string\"}}],\"inLanguage\":\"lv-LV\"},{\"@type\":\"Organization\",\"@id\":\"https:\/\/test.puhdasplus.ee\/lv\/#organization\",\"name\":\"Puhdas+\",\"alternateName\":\"Puhdasplus\",\"url\":\"https:\/\/test.puhdasplus.ee\/lv\/\",\"logo\":{\"@type\":\"ImageObject\",\"inLanguage\":\"lv-LV\",\"@id\":\"https:\/\/test.puhdasplus.ee\/lv\/#\/schema\/logo\/image\/\",\"url\":\"https:\/\/test.puhdasplus.ee\/\/wp-content\/uploads\/2019\/10\/puhdas_logo-arvele.png\",\"contentUrl\":\"https:\/\/test.puhdasplus.ee\/\/wp-content\/uploads\/2019\/10\/puhdas_logo-arvele.png\",\"width\":114,\"height\":94,\"caption\":\"Puhdas+\"},\"image\":{\"@id\":\"https:\/\/test.puhdasplus.ee\/lv\/#\/schema\/logo\/image\/\"},\"sameAs\":[\"https:\/\/www.facebook.com\/puhdasplus\",\"https:\/\/www.instagram.com\/puhdasplus_ee\/\"]}]}<\/script>\n<!-- \/ Yoast SEO plugin. -->","yoast_head_json":{"title":"Kolag\u0113na serums 30 ml - Puhdas+","description":"Puhdas+ kolag\u0113na serums \u2013 efekt\u012bvs kolag\u0113na serums, kas atbalsta \u0101das elast\u012bbu un mitrin\u0101\u0161anu. T\u012brs sast\u0101vs, bez piedev\u0101m, piem\u0113rots ikdienas \u0101das kop\u0161anai.","robots":{"index":"noindex","follow":"follow","max-snippet":"max-snippet:-1","max-image-preview":"max-image-preview:large","max-video-preview":"max-video-preview:-1"},"og_locale":"lv_LV","og_type":"article","og_title":"Kolag\u0113na serums 30 ml - Puhdas+","og_description":"Puhdas+ kolag\u0113na serums \u2013 efekt\u012bvs kolag\u0113na serums, kas atbalsta \u0101das elast\u012bbu un mitrin\u0101\u0161anu. T\u012brs sast\u0101vs, bez piedev\u0101m, piem\u0113rots ikdienas \u0101das kop\u0161anai.","og_url":"https:\/\/test.puhdasplus.ee\/lv\/tooted\/kosmetika\/kolagena-serums-30-ml\/","og_site_name":"Puhdas+","article_publisher":"https:\/\/www.facebook.com\/puhdasplus","article_modified_time":"2026-02-27T09:28:23+00:00","og_image":[{"width":1862,"height":2560,"url":"https:\/\/test.puhdasplus.ee\/wp-content\/uploads\/2025\/03\/146.jpg","type":"image\/jpeg"}],"twitter_card":"summary_large_image","twitter_misc":{"Est. reading time":"1 minute"},"schema":{"@context":"https:\/\/schema.org","@graph":[{"@type":"WebPage","@id":"https:\/\/test.puhdasplus.ee\/lv\/tooted\/kosmetika\/kolagena-serums-30-ml\/","url":"https:\/\/test.puhdasplus.ee\/lv\/tooted\/kosmetika\/kolagena-serums-30-ml\/","name":"Kolag\u0113na serums 30 ml - Puhdas+","isPartOf":{"@id":"https:\/\/test.puhdasplus.ee\/lv\/#website"},"primaryImageOfPage":{"@id":"https:\/\/test.puhdasplus.ee\/lv\/tooted\/kosmetika\/kolagena-serums-30-ml\/#primaryimage"},"image":{"@id":"https:\/\/test.puhdasplus.ee\/lv\/tooted\/kosmetika\/kolagena-serums-30-ml\/#primaryimage"},"thumbnailUrl":"https:\/\/test.puhdasplus.ee\/wp-content\/uploads\/2025\/03\/146.jpg","datePublished":"2025-01-16T18:15:45+00:00","dateModified":"2026-02-27T09:28:23+00:00","description":"Puhdas+ kolag\u0113na serums \u2013 efekt\u012bvs kolag\u0113na serums, kas atbalsta \u0101das elast\u012bbu un mitrin\u0101\u0161anu. T\u012brs sast\u0101vs, bez piedev\u0101m, piem\u0113rots ikdienas \u0101das kop\u0161anai.","breadcrumb":{"@id":"https:\/\/test.puhdasplus.ee\/lv\/tooted\/kosmetika\/kolagena-serums-30-ml\/#breadcrumb"},"inLanguage":"lv-LV","potentialAction":[{"@type":"ReadAction","target":["https:\/\/test.puhdasplus.ee\/lv\/tooted\/kosmetika\/kolagena-serums-30-ml\/"]}]},{"@type":"ImageObject","inLanguage":"lv-LV","@id":"https:\/\/test.puhdasplus.ee\/lv\/tooted\/kosmetika\/kolagena-serums-30-ml\/#primaryimage","url":"https:\/\/test.puhdasplus.ee\/wp-content\/uploads\/2025\/03\/146.jpg","contentUrl":"https:\/\/test.puhdasplus.ee\/wp-content\/uploads\/2025\/03\/146.jpg","width":1862,"height":2560,"caption":"Kolag\u0113na serums"},{"@type":"BreadcrumbList","@id":"https:\/\/test.puhdasplus.ee\/lv\/tooted\/kosmetika\/kolagena-serums-30-ml\/#breadcrumb","itemListElement":[{"@type":"ListItem","position":1,"name":"S\u0101kums","item":"https:\/\/test.puhdasplus.ee\/lv\/"},{"@type":"ListItem","position":2,"name":"Produkti","item":"https:\/\/test.puhdasplus.ee\/lv\/veikals\/"},{"@type":"ListItem","position":3,"name":"Kolag\u0113na serums 30 ml"}]},{"@type":"WebSite","@id":"https:\/\/test.puhdasplus.ee\/lv\/#website","url":"https:\/\/test.puhdasplus.ee\/lv\/","name":"Puhdas+","description":"Vitamiinid, Toidulisandid, looduskosmeetika, tervis, sport","publisher":{"@id":"https:\/\/test.puhdasplus.ee\/lv\/#organization"},"potentialAction":[{"@type":"SearchAction","target":{"@type":"EntryPoint","urlTemplate":"https:\/\/test.puhdasplus.ee\/lv\/?s={search_term_string}"},"query-input":{"@type":"PropertyValueSpecification","valueRequired":true,"valueName":"search_term_string"}}],"inLanguage":"lv-LV"},{"@type":"Organization","@id":"https:\/\/test.puhdasplus.ee\/lv\/#organization","name":"Puhdas+","alternateName":"Puhdasplus","url":"https:\/\/test.puhdasplus.ee\/lv\/","logo":{"@type":"ImageObject","inLanguage":"lv-LV","@id":"https:\/\/test.puhdasplus.ee\/lv\/#\/schema\/logo\/image\/","url":"https:\/\/test.puhdasplus.ee\/\/wp-content\/uploads\/2019\/10\/puhdas_logo-arvele.png","contentUrl":"https:\/\/test.puhdasplus.ee\/\/wp-content\/uploads\/2019\/10\/puhdas_logo-arvele.png","width":114,"height":94,"caption":"Puhdas+"},"image":{"@id":"https:\/\/test.puhdasplus.ee\/lv\/#\/schema\/logo\/image\/"},"sameAs":["https:\/\/www.facebook.com\/puhdasplus","https:\/\/www.instagram.com\/puhdasplus_ee\/"]}]}},"_links":{"self":[{"href":"https:\/\/test.puhdasplus.ee\/lv\/wp-json\/wp\/v2\/product\/33124","targetHints":{"allow":["GET"]}}],"collection":[{"href":"https:\/\/test.puhdasplus.ee\/lv\/wp-json\/wp\/v2\/product"}],"about":[{"href":"https:\/\/test.puhdasplus.ee\/lv\/wp-json\/wp\/v2\/types\/product"}],"replies":[{"embeddable":true,"href":"https:\/\/test.puhdasplus.ee\/lv\/wp-json\/wp\/v2\/comments?post=33124"}],"wp:featuredmedia":[{"embeddable":true,"href":"https:\/\/test.puhdasplus.ee\/lv\/wp-json\/wp\/v2\/media\/33127"}],"wp:attachment":[{"href":"https:\/\/test.puhdasplus.ee\/lv\/wp-json\/wp\/v2\/media?parent=33124"}],"wp:term":[{"taxonomy":"product_brand","embeddable":true,"href":"https:\/\/test.puhdasplus.ee\/lv\/wp-json\/wp\/v2\/product_brand?post=33124"},{"taxonomy":"product_cat","embeddable":true,"href":"https:\/\/test.puhdasplus.ee\/lv\/wp-json\/wp\/v2\/product_cat?post=33124"},{"taxonomy":"product_tag","embeddable":true,"href":"https:\/\/test.puhdasplus.ee\/lv\/wp-json\/wp\/v2\/product_tag?post=33124"}],"curies":[{"name":"wp","href":"https:\/\/api.w.org\/{rel}","templated":true}]}}