{"id":33021,"date":"2025-01-16T19:07:43","date_gmt":"2025-01-16T17:07:43","guid":{"rendered":"https:\/\/test.puhdasplus.ee\/\/tooted\/uncategorized\/jasmina-eteriska-ella-10-ml\/"},"modified":"2026-02-27T11:27:48","modified_gmt":"2026-02-27T09:27:48","slug":"jasmina-eteriska-ella-10-ml","status":"publish","type":"product","link":"https:\/\/test.puhdasplus.ee\/lv\/tooted\/eteriskas-ellas\/jasmina-eteriska-ella-10-ml\/","title":{"rendered":"Jasm\u012bna \u0113terisk\u0101 e\u013c\u013ca 10 ml"},"content":{"rendered":"<h3>Dab\u012bgs garast\u0101vok\u013ca uzlabot\u0101js un relaksants<\/h3>\n<p>Jasm\u012bna \u0113terisk\u0101 e\u013c\u013ca ir 10% \u0161\u0137\u012bdums, kas sast\u0101v no jasm\u012bna (Jasminum officinale) ziedu ekstrakta, at\u0161\u0137aid\u012bta saulespu\u0137u e\u013c\u013c\u0101 (Helianthus Annuus Seed Oil). T\u0101 saldais un jutekliskais arom\u0101ts pal\u012bdz uzlabot garast\u0101vokli, vairot p\u0101rliec\u012bbu un rad\u012bt relaks\u0113jo\u0161u atmosf\u0113ru. <\/p>\n<p data-start=\"567\" data-end=\"1053\">Jasm\u012bna \u0113terisk\u0101 e\u013c\u013ca ir izgatavota no augstas kvalit\u0101tes jasm\u012bna ziedu ekstrakta, at\u0161\u0137aid\u012bta saulespu\u0137u e\u013c\u013c\u0101, lai nodro\u0161in\u0101tu maigu un \u0101dai draudz\u012bgu sast\u0101vu. T\u0101s saldais un eksotiskais arom\u0101ts pal\u012bdz mazin\u0101t stresu, uzlabot garast\u0101vokli un vairot p\u0101rliec\u012bbu. Jasm\u012bna \u0113terisk\u0101 e\u013c\u013ca ir paz\u012bstama ar sav\u0101m nomierino\u0161aj\u0101m un garast\u0101vokli uzlabojo\u0161aj\u0101m \u012bpa\u0161\u012bb\u0101m, kas veicina visp\u0101r\u0113jo labsaj\u016btu. E\u013c\u013cu var izmantot aromlamp\u0101s, difuzoros, saun\u0101s vai at\u0161\u0137aid\u012btu k\u0101 mas\u0101\u017eas e\u013c\u013cu.   <\/p>\n<p data-start=\"1055\" data-end=\"1076\"><strong data-start=\"1055\" data-end=\"1076\">Galven\u0101s priek\u0161roc\u012bbas:<\/strong><\/p>\n<ul data-start=\"1077\" data-end=\"1490\">\n<li data-start=\"1077\" data-end=\"1175\"><strong data-start=\"1079\" data-end=\"1101\">Garast\u0101vok\u013ca uzlabo\u0161ana:<\/strong> saldais arom\u0101ts pal\u012bdz mazin\u0101t stresu un trauksmi, veicinot relaks\u0101ciju.<\/li>\n<li data-start=\"1176\" data-end=\"1265\"><strong data-start=\"1178\" data-end=\"1209\">Veicina pa\u0161apzi\u0146u:<\/strong> Jutekliskais arom\u0101ts pal\u012bdz vairot pa\u0161apzi\u0146u un optimismu.<\/li>\n<li data-start=\"1266\" data-end=\"1376\"><strong data-start=\"1268\" data-end=\"1292\">Daudzpus\u012bgs lietojums:<\/strong> piem\u0113rots aromterapijai, mas\u0101\u017eai, saunas lieto\u0161anai un m\u0101jas gaisa atsvaidzin\u0101t\u0101jam.<\/li>\n<li data-start=\"1377\" data-end=\"1490\"><strong data-start=\"1379\" data-end=\"1403\">Gatavs lieto\u0161anai:<\/strong> 10% \u0161\u0137\u012bdums saulespu\u0137u e\u013c\u013c\u0101 \u013cauj e\u013c\u013cu uzkl\u0101t tie\u0161i uz \u0101das vai izmantot aromterapij\u0101.<\/li>\n<\/ul>\n<p data-start=\"1492\" data-end=\"1584\"><strong data-start=\"1492\" data-end=\"1508\">Sast\u0101vda\u013cas:<\/strong> saulespu\u0137u (Helianthus Annuus) s\u0113klu e\u013c\u013ca, jasm\u012bna (Jasminum Officinale) ziedu ekstrakts.<\/p>\n<p data-start=\"1586\" data-end=\"1606\"><strong data-start=\"1586\" data-end=\"1606\">Lieto\u0161anas instrukcija:<\/strong><\/p>\n<ul data-start=\"1607\" data-end=\"2166\">\n<li data-start=\"1607\" data-end=\"1732\"><strong data-start=\"1609\" data-end=\"1628\">Aromterapija:<\/strong> Pievienojiet 3\u20137 pilienus \u0113terisk\u0101s e\u013c\u013cas aromlampai vai difuzoram, lai telp\u0101 rad\u012btu pat\u012bkamu un nomierino\u0161u arom\u0101tu.<\/li>\n<li data-start=\"1733\" data-end=\"1901\"><strong data-start=\"1735\" data-end=\"1747\">Mas\u0101\u017ea:<\/strong> Uzkl\u0101jiet da\u017eus pilienus e\u013c\u013cas tie\u0161i uz \u0101das vai sajauciet ar nes\u0113jvielu e\u013c\u013cu (piem\u0113ram, mande\u013cu vai jojobas e\u013c\u013cu) un iemas\u0113jiet \u0101d\u0101, lai veicin\u0101tu relaks\u0101ciju un uzlabotu garast\u0101vokli.<\/li>\n<li data-start=\"1902\" data-end=\"2005\"><strong data-start=\"1904\" data-end=\"1913\">Pirts:<\/strong> Pievienojiet tvaika \u016bdenim 1\u20133 pilienus \u0113terisk\u0101s e\u013c\u013cas, lai rad\u012btu relaks\u0113jo\u0161u un uzmundrino\u0161u pirts pieredzi.<\/li>\n<li data-start=\"2006\" data-end=\"2166\"><strong data-start=\"2008\" data-end=\"2026\">Smidzin\u0101\u0161anas pudele:<\/strong> Pievienojiet da\u017eus pilienus e\u013c\u013cas smidzin\u0101t\u0101ja pudel\u0113, kas piepild\u012bta ar \u016bdeni, un izsmidziniet telpas gaisu vai m\u0101jas tekstilizstr\u0101d\u0101jumus, lai atsvaidzin\u0101tu gaisu un rad\u012btu pat\u012bkamu arom\u0101tu.<\/li>\n<\/ul>\n<p data-start=\"2168\" data-end=\"2433\"><strong data-start=\"2168\" data-end=\"2186\">Dro\u0161\u012bbas nor\u0101d\u012bjumi:<\/strong> Tikai \u0101r\u012bgai lieto\u0161anai. Izvairieties no saskares ar ac\u012bm un g\u013cot\u0101du.  Sarg\u0101t no b\u0113rniem. Gr\u016btniec\u0113m, sieviet\u0113m, kas baro b\u0113rnu ar kr\u016bti, b\u0113rniem, vec\u0101ka gadag\u0101juma cilv\u0113kiem un cilv\u0113kiem ar hronisk\u0101m slim\u012bb\u0101m pirms lieto\u0161anas j\u0101konsult\u0113jas ar vesel\u012bbas apr\u016bpes speci\u0101listu.<\/p>\n","protected":false},"excerpt":{"rendered":"<p>100% jasm\u012bna \u0113terisk\u0101 e\u013c\u013ca saulespu\u0137u e\u013c\u013c\u0101, kas pied\u0101v\u0101 saldu un juteklisku arom\u0101tu un daudzpus\u012bgu pielietojumu aromterapij\u0101, mas\u0101\u017e\u0101 un m\u0101j\u0101s.<\/p>\n","protected":false},"featured_media":33026,"comment_status":"closed","ping_status":"closed","template":"","meta":{"_acf_changed":false},"product_brand":[],"product_cat":[2761],"product_tag":[2764,2770,2765,2769,2766,2771,2762],"class_list":{"0":"post-33021","1":"product","2":"type-product","3":"status-publish","4":"has-post-thumbnail","6":"product_cat-eteriskas-ellas","7":"product_tag-aromterapija","8":"product_tag-asmina-eteriska-ella","9":"product_tag-dabigs-gaisa-atsvaidzinatajs","10":"product_tag-dabigs-gaisa-atsvaidzinatajs-lv","11":"product_tag-garastavokla-uzlabosana","12":"product_tag-pasapzinas-celsana","13":"product_tag-stresa-mazinasana","15":"first","16":"onbackorder","17":"taxable","18":"shipping-taxable","19":"purchasable","20":"product-type-simple"},"acf":[],"yoast_head":"<!-- This site is optimized with the Yoast SEO plugin v27.1.1 - https:\/\/yoast.com\/product\/yoast-seo-wordpress\/ -->\n<title>Jasm\u012bna \u0113terisk\u0101 e\u013c\u013ca 10 ml - Puhdas+<\/title>\n<meta name=\"description\" content=\"Jasm\u012bna \u0113terisk\u0101 e\u013c\u013ca 10 ml ir 10% \u0161\u0137\u012bdums saulespu\u0137u e\u013c\u013c\u0101, kas pied\u0101v\u0101 daudzpus\u012bgu pielietojumu aromterapij\u0101, mas\u0101\u017e\u0101 un m\u0101jas apst\u0101k\u013cos.\" \/>\n<meta name=\"robots\" content=\"noindex, follow, max-snippet:-1, max-image-preview:large, max-video-preview:-1\" \/>\n<meta property=\"og:locale\" content=\"lv_LV\" \/>\n<meta property=\"og:type\" content=\"article\" \/>\n<meta property=\"og:title\" content=\"Jasm\u012bna \u0113terisk\u0101 e\u013c\u013ca 10 ml - Puhdas+\" \/>\n<meta property=\"og:description\" content=\"Jasm\u012bna \u0113terisk\u0101 e\u013c\u013ca 10 ml ir 10% \u0161\u0137\u012bdums saulespu\u0137u e\u013c\u013c\u0101, kas pied\u0101v\u0101 daudzpus\u012bgu pielietojumu aromterapij\u0101, mas\u0101\u017e\u0101 un m\u0101jas apst\u0101k\u013cos.\" \/>\n<meta property=\"og:url\" content=\"https:\/\/test.puhdasplus.ee\/lv\/tooted\/eteriskas-ellas\/jasmina-eteriska-ella-10-ml\/\" \/>\n<meta property=\"og:site_name\" content=\"Puhdas+\" \/>\n<meta property=\"article:publisher\" content=\"https:\/\/www.facebook.com\/puhdasplus\" \/>\n<meta property=\"article:modified_time\" content=\"2026-02-27T09:27:48+00:00\" \/>\n<meta property=\"og:image\" content=\"https:\/\/test.puhdasplus.ee\/wp-content\/uploads\/2025\/03\/158.jpg\" \/>\n\t<meta property=\"og:image:width\" content=\"1862\" \/>\n\t<meta property=\"og:image:height\" content=\"2560\" \/>\n\t<meta property=\"og:image:type\" content=\"image\/jpeg\" \/>\n<meta name=\"twitter:card\" content=\"summary_large_image\" \/>\n<meta name=\"twitter:label1\" content=\"Est. reading time\" \/>\n\t<meta name=\"twitter:data1\" content=\"2 min\u016btes\" \/>\n<script type=\"application\/ld+json\" class=\"yoast-schema-graph\">{\"@context\":\"https:\/\/schema.org\",\"@graph\":[{\"@type\":\"WebPage\",\"@id\":\"https:\/\/test.puhdasplus.ee\/lv\/tooted\/eteriskas-ellas\/jasmina-eteriska-ella-10-ml\/\",\"url\":\"https:\/\/test.puhdasplus.ee\/lv\/tooted\/eteriskas-ellas\/jasmina-eteriska-ella-10-ml\/\",\"name\":\"Jasm\u012bna \u0113terisk\u0101 e\u013c\u013ca 10 ml - Puhdas+\",\"isPartOf\":{\"@id\":\"https:\/\/test.puhdasplus.ee\/lv\/#website\"},\"primaryImageOfPage\":{\"@id\":\"https:\/\/test.puhdasplus.ee\/lv\/tooted\/eteriskas-ellas\/jasmina-eteriska-ella-10-ml\/#primaryimage\"},\"image\":{\"@id\":\"https:\/\/test.puhdasplus.ee\/lv\/tooted\/eteriskas-ellas\/jasmina-eteriska-ella-10-ml\/#primaryimage\"},\"thumbnailUrl\":\"https:\/\/test.puhdasplus.ee\/wp-content\/uploads\/2025\/03\/158.jpg\",\"datePublished\":\"2025-01-16T17:07:43+00:00\",\"dateModified\":\"2026-02-27T09:27:48+00:00\",\"description\":\"Jasm\u012bna \u0113terisk\u0101 e\u013c\u013ca 10 ml ir 10% \u0161\u0137\u012bdums saulespu\u0137u e\u013c\u013c\u0101, kas pied\u0101v\u0101 daudzpus\u012bgu pielietojumu aromterapij\u0101, mas\u0101\u017e\u0101 un m\u0101jas apst\u0101k\u013cos.\",\"breadcrumb\":{\"@id\":\"https:\/\/test.puhdasplus.ee\/lv\/tooted\/eteriskas-ellas\/jasmina-eteriska-ella-10-ml\/#breadcrumb\"},\"inLanguage\":\"lv-LV\",\"potentialAction\":[{\"@type\":\"ReadAction\",\"target\":[\"https:\/\/test.puhdasplus.ee\/lv\/tooted\/eteriskas-ellas\/jasmina-eteriska-ella-10-ml\/\"]}]},{\"@type\":\"ImageObject\",\"inLanguage\":\"lv-LV\",\"@id\":\"https:\/\/test.puhdasplus.ee\/lv\/tooted\/eteriskas-ellas\/jasmina-eteriska-ella-10-ml\/#primaryimage\",\"url\":\"https:\/\/test.puhdasplus.ee\/wp-content\/uploads\/2025\/03\/158.jpg\",\"contentUrl\":\"https:\/\/test.puhdasplus.ee\/wp-content\/uploads\/2025\/03\/158.jpg\",\"width\":1862,\"height\":2560,\"caption\":\"Jasm\u012bna \u0113terisk\u0101 e\u013c\u013ca 10 ml\"},{\"@type\":\"BreadcrumbList\",\"@id\":\"https:\/\/test.puhdasplus.ee\/lv\/tooted\/eteriskas-ellas\/jasmina-eteriska-ella-10-ml\/#breadcrumb\",\"itemListElement\":[{\"@type\":\"ListItem\",\"position\":1,\"name\":\"S\u0101kums\",\"item\":\"https:\/\/test.puhdasplus.ee\/lv\/\"},{\"@type\":\"ListItem\",\"position\":2,\"name\":\"Produkti\",\"item\":\"https:\/\/test.puhdasplus.ee\/lv\/veikals\/\"},{\"@type\":\"ListItem\",\"position\":3,\"name\":\"Jasm\u012bna \u0113terisk\u0101 e\u013c\u013ca 10 ml\"}]},{\"@type\":\"WebSite\",\"@id\":\"https:\/\/test.puhdasplus.ee\/lv\/#website\",\"url\":\"https:\/\/test.puhdasplus.ee\/lv\/\",\"name\":\"Puhdas+\",\"description\":\"Vitamiinid, Toidulisandid, looduskosmeetika, tervis, sport\",\"publisher\":{\"@id\":\"https:\/\/test.puhdasplus.ee\/lv\/#organization\"},\"potentialAction\":[{\"@type\":\"SearchAction\",\"target\":{\"@type\":\"EntryPoint\",\"urlTemplate\":\"https:\/\/test.puhdasplus.ee\/lv\/?s={search_term_string}\"},\"query-input\":{\"@type\":\"PropertyValueSpecification\",\"valueRequired\":true,\"valueName\":\"search_term_string\"}}],\"inLanguage\":\"lv-LV\"},{\"@type\":\"Organization\",\"@id\":\"https:\/\/test.puhdasplus.ee\/lv\/#organization\",\"name\":\"Puhdas+\",\"alternateName\":\"Puhdasplus\",\"url\":\"https:\/\/test.puhdasplus.ee\/lv\/\",\"logo\":{\"@type\":\"ImageObject\",\"inLanguage\":\"lv-LV\",\"@id\":\"https:\/\/test.puhdasplus.ee\/lv\/#\/schema\/logo\/image\/\",\"url\":\"https:\/\/test.puhdasplus.ee\/\/wp-content\/uploads\/2019\/10\/puhdas_logo-arvele.png\",\"contentUrl\":\"https:\/\/test.puhdasplus.ee\/\/wp-content\/uploads\/2019\/10\/puhdas_logo-arvele.png\",\"width\":114,\"height\":94,\"caption\":\"Puhdas+\"},\"image\":{\"@id\":\"https:\/\/test.puhdasplus.ee\/lv\/#\/schema\/logo\/image\/\"},\"sameAs\":[\"https:\/\/www.facebook.com\/puhdasplus\",\"https:\/\/www.instagram.com\/puhdasplus_ee\/\"]}]}<\/script>\n<!-- \/ Yoast SEO plugin. -->","yoast_head_json":{"title":"Jasm\u012bna \u0113terisk\u0101 e\u013c\u013ca 10 ml - Puhdas+","description":"Jasm\u012bna \u0113terisk\u0101 e\u013c\u013ca 10 ml ir 10% \u0161\u0137\u012bdums saulespu\u0137u e\u013c\u013c\u0101, kas pied\u0101v\u0101 daudzpus\u012bgu pielietojumu aromterapij\u0101, mas\u0101\u017e\u0101 un m\u0101jas apst\u0101k\u013cos.","robots":{"index":"noindex","follow":"follow","max-snippet":"max-snippet:-1","max-image-preview":"max-image-preview:large","max-video-preview":"max-video-preview:-1"},"og_locale":"lv_LV","og_type":"article","og_title":"Jasm\u012bna \u0113terisk\u0101 e\u013c\u013ca 10 ml - Puhdas+","og_description":"Jasm\u012bna \u0113terisk\u0101 e\u013c\u013ca 10 ml ir 10% \u0161\u0137\u012bdums saulespu\u0137u e\u013c\u013c\u0101, kas pied\u0101v\u0101 daudzpus\u012bgu pielietojumu aromterapij\u0101, mas\u0101\u017e\u0101 un m\u0101jas apst\u0101k\u013cos.","og_url":"https:\/\/test.puhdasplus.ee\/lv\/tooted\/eteriskas-ellas\/jasmina-eteriska-ella-10-ml\/","og_site_name":"Puhdas+","article_publisher":"https:\/\/www.facebook.com\/puhdasplus","article_modified_time":"2026-02-27T09:27:48+00:00","og_image":[{"width":1862,"height":2560,"url":"https:\/\/test.puhdasplus.ee\/wp-content\/uploads\/2025\/03\/158.jpg","type":"image\/jpeg"}],"twitter_card":"summary_large_image","twitter_misc":{"Est. reading time":"2 min\u016btes"},"schema":{"@context":"https:\/\/schema.org","@graph":[{"@type":"WebPage","@id":"https:\/\/test.puhdasplus.ee\/lv\/tooted\/eteriskas-ellas\/jasmina-eteriska-ella-10-ml\/","url":"https:\/\/test.puhdasplus.ee\/lv\/tooted\/eteriskas-ellas\/jasmina-eteriska-ella-10-ml\/","name":"Jasm\u012bna \u0113terisk\u0101 e\u013c\u013ca 10 ml - Puhdas+","isPartOf":{"@id":"https:\/\/test.puhdasplus.ee\/lv\/#website"},"primaryImageOfPage":{"@id":"https:\/\/test.puhdasplus.ee\/lv\/tooted\/eteriskas-ellas\/jasmina-eteriska-ella-10-ml\/#primaryimage"},"image":{"@id":"https:\/\/test.puhdasplus.ee\/lv\/tooted\/eteriskas-ellas\/jasmina-eteriska-ella-10-ml\/#primaryimage"},"thumbnailUrl":"https:\/\/test.puhdasplus.ee\/wp-content\/uploads\/2025\/03\/158.jpg","datePublished":"2025-01-16T17:07:43+00:00","dateModified":"2026-02-27T09:27:48+00:00","description":"Jasm\u012bna \u0113terisk\u0101 e\u013c\u013ca 10 ml ir 10% \u0161\u0137\u012bdums saulespu\u0137u e\u013c\u013c\u0101, kas pied\u0101v\u0101 daudzpus\u012bgu pielietojumu aromterapij\u0101, mas\u0101\u017e\u0101 un m\u0101jas apst\u0101k\u013cos.","breadcrumb":{"@id":"https:\/\/test.puhdasplus.ee\/lv\/tooted\/eteriskas-ellas\/jasmina-eteriska-ella-10-ml\/#breadcrumb"},"inLanguage":"lv-LV","potentialAction":[{"@type":"ReadAction","target":["https:\/\/test.puhdasplus.ee\/lv\/tooted\/eteriskas-ellas\/jasmina-eteriska-ella-10-ml\/"]}]},{"@type":"ImageObject","inLanguage":"lv-LV","@id":"https:\/\/test.puhdasplus.ee\/lv\/tooted\/eteriskas-ellas\/jasmina-eteriska-ella-10-ml\/#primaryimage","url":"https:\/\/test.puhdasplus.ee\/wp-content\/uploads\/2025\/03\/158.jpg","contentUrl":"https:\/\/test.puhdasplus.ee\/wp-content\/uploads\/2025\/03\/158.jpg","width":1862,"height":2560,"caption":"Jasm\u012bna \u0113terisk\u0101 e\u013c\u013ca 10 ml"},{"@type":"BreadcrumbList","@id":"https:\/\/test.puhdasplus.ee\/lv\/tooted\/eteriskas-ellas\/jasmina-eteriska-ella-10-ml\/#breadcrumb","itemListElement":[{"@type":"ListItem","position":1,"name":"S\u0101kums","item":"https:\/\/test.puhdasplus.ee\/lv\/"},{"@type":"ListItem","position":2,"name":"Produkti","item":"https:\/\/test.puhdasplus.ee\/lv\/veikals\/"},{"@type":"ListItem","position":3,"name":"Jasm\u012bna \u0113terisk\u0101 e\u013c\u013ca 10 ml"}]},{"@type":"WebSite","@id":"https:\/\/test.puhdasplus.ee\/lv\/#website","url":"https:\/\/test.puhdasplus.ee\/lv\/","name":"Puhdas+","description":"Vitamiinid, Toidulisandid, looduskosmeetika, tervis, sport","publisher":{"@id":"https:\/\/test.puhdasplus.ee\/lv\/#organization"},"potentialAction":[{"@type":"SearchAction","target":{"@type":"EntryPoint","urlTemplate":"https:\/\/test.puhdasplus.ee\/lv\/?s={search_term_string}"},"query-input":{"@type":"PropertyValueSpecification","valueRequired":true,"valueName":"search_term_string"}}],"inLanguage":"lv-LV"},{"@type":"Organization","@id":"https:\/\/test.puhdasplus.ee\/lv\/#organization","name":"Puhdas+","alternateName":"Puhdasplus","url":"https:\/\/test.puhdasplus.ee\/lv\/","logo":{"@type":"ImageObject","inLanguage":"lv-LV","@id":"https:\/\/test.puhdasplus.ee\/lv\/#\/schema\/logo\/image\/","url":"https:\/\/test.puhdasplus.ee\/\/wp-content\/uploads\/2019\/10\/puhdas_logo-arvele.png","contentUrl":"https:\/\/test.puhdasplus.ee\/\/wp-content\/uploads\/2019\/10\/puhdas_logo-arvele.png","width":114,"height":94,"caption":"Puhdas+"},"image":{"@id":"https:\/\/test.puhdasplus.ee\/lv\/#\/schema\/logo\/image\/"},"sameAs":["https:\/\/www.facebook.com\/puhdasplus","https:\/\/www.instagram.com\/puhdasplus_ee\/"]}]}},"_links":{"self":[{"href":"https:\/\/test.puhdasplus.ee\/lv\/wp-json\/wp\/v2\/product\/33021","targetHints":{"allow":["GET"]}}],"collection":[{"href":"https:\/\/test.puhdasplus.ee\/lv\/wp-json\/wp\/v2\/product"}],"about":[{"href":"https:\/\/test.puhdasplus.ee\/lv\/wp-json\/wp\/v2\/types\/product"}],"replies":[{"embeddable":true,"href":"https:\/\/test.puhdasplus.ee\/lv\/wp-json\/wp\/v2\/comments?post=33021"}],"wp:featuredmedia":[{"embeddable":true,"href":"https:\/\/test.puhdasplus.ee\/lv\/wp-json\/wp\/v2\/media\/33026"}],"wp:attachment":[{"href":"https:\/\/test.puhdasplus.ee\/lv\/wp-json\/wp\/v2\/media?parent=33021"}],"wp:term":[{"taxonomy":"product_brand","embeddable":true,"href":"https:\/\/test.puhdasplus.ee\/lv\/wp-json\/wp\/v2\/product_brand?post=33021"},{"taxonomy":"product_cat","embeddable":true,"href":"https:\/\/test.puhdasplus.ee\/lv\/wp-json\/wp\/v2\/product_cat?post=33021"},{"taxonomy":"product_tag","embeddable":true,"href":"https:\/\/test.puhdasplus.ee\/lv\/wp-json\/wp\/v2\/product_tag?post=33021"}],"curies":[{"name":"wp","href":"https:\/\/api.w.org\/{rel}","templated":true}]}}