{"id":33018,"date":"2025-01-16T19:13:35","date_gmt":"2025-01-16T17:13:35","guid":{"rendered":"https:\/\/test.puhdasplus.ee\/\/tooted\/uncategorized\/greipfrutu-eteriska-ella-10-ml\/"},"modified":"2026-02-27T11:27:50","modified_gmt":"2026-02-27T09:27:50","slug":"greipfrutu-eteriska-ella-10-ml","status":"publish","type":"product","link":"https:\/\/test.puhdasplus.ee\/lv\/tooted\/eteriskas-ellas\/greipfrutu-eteriska-ella-10-ml\/","title":{"rendered":"Greipfr\u016btu \u0113terisk\u0101 e\u013c\u013ca 10 ml"},"content":{"rendered":"<h3 data-start=\"504\" data-end=\"973\">Dab\u012bgs svaigums un garast\u0101vok\u013ca uzlabot\u0101js<\/h3>\n<p data-start=\"504\" data-end=\"973\">Greipfr\u016btu \u0113terisk\u0101 e\u013c\u013ca ir 100% t\u012bra dab\u012bga e\u013c\u013ca, kas ieg\u016bta no greipfr\u016bta (Citrus paradisi) mizas. T\u0101s svaigais, citrusaug\u013cu arom\u0101ts pal\u012bdz uzlabot koncentr\u0113\u0161an\u0101s sp\u0113jas, uzlabot garast\u0101vokli un atbalst\u012bt organisma att\u012br\u012b\u0161an\u0101s procesus. <\/p>\n<p data-start=\"504\" data-end=\"973\">Greipfr\u016btu \u0113terisk\u0101 e\u013c\u013ca tiek ieg\u016bta no r\u016bp\u012bgi atlas\u012bt\u0101m greipfr\u016btu miz\u0101m, nodro\u0161inot augstu kvalit\u0101ti un efektivit\u0101ti. \u0160\u012bs e\u013c\u013cas svaigais un citrusaug\u013cu arom\u0101ts pal\u012bdz uzlabot koncentr\u0113\u0161an\u0101s sp\u0113jas, uzlabot garast\u0101vokli un atbalst\u012bt organisma att\u012br\u012b\u0161an\u0101s procesus. Greipfr\u016btu \u0113terisk\u0101 e\u013c\u013ca ir paz\u012bstama ar sav\u0101m toniz\u0113jo\u0161aj\u0101m un atsvaidzino\u0161aj\u0101m \u012bpa\u0161\u012bb\u0101m, pal\u012bdzot mazin\u0101t nogurumu un stresu. E\u013c\u013cu var izmantot aromlamp\u0101s, difuzoros, saun\u0101 vai at\u0161\u0137aid\u012btu k\u0101 mas\u0101\u017eas e\u013c\u013cu.   <\/p>\n<p data-start=\"975\" data-end=\"996\"><strong data-start=\"975\" data-end=\"996\">Galven\u0101s priek\u0161roc\u012bbas:<\/strong><\/p>\n<ul data-start=\"997\" data-end=\"1509\">\n<li data-start=\"997\" data-end=\"1101\"><strong data-start=\"999\" data-end=\"1045\">Garast\u0101vok\u013ca uzlabo\u0161ana un stresa mazin\u0101\u0161ana:<\/strong> Svaigs arom\u0101ts pal\u012bdz uzlabot garast\u0101vokli un mazin\u0101t stresu.<\/li>\n<li data-start=\"1102\" data-end=\"1209\"><strong data-start=\"1104\" data-end=\"1137\">Koncentr\u0113\u0161an\u0101s uzlabo\u0161ana:<\/strong> Stimul\u0113jo\u0161ais arom\u0101ts pal\u012bdz palielin\u0101t gar\u012bgo skaidr\u012bbu un koncentr\u0113\u0161an\u0101s sp\u0113jas.<\/li>\n<li data-start=\"1210\" data-end=\"1312\"><strong data-start=\"1212\" data-end=\"1233\">\u0136erme\u0146a att\u012br\u012b\u0161ana:<\/strong> Atbalsta organisma dabiskos att\u012br\u012b\u0161an\u0101s procesus un pal\u012bdz samazin\u0101t \u0161\u0137idruma aizturi.<\/li>\n<li data-start=\"1313\" data-end=\"1423\"><strong data-start=\"1315\" data-end=\"1339\">Daudzpus\u012bgs lietojums:<\/strong> piem\u0113rots aromterapijai, saunas lieto\u0161anai, m\u0101jas gaisa atsvaidzin\u0101t\u0101jam un mas\u0101\u017eai.<\/li>\n<li data-start=\"1424\" data-end=\"1509\"><strong data-start=\"1426\" data-end=\"1454\">100% t\u012brs un dab\u012bgs:<\/strong> nesatur sint\u0113tiskas piedevas vai konservantus.<\/li>\n<\/ul>\n<p data-start=\"1511\" data-end=\"1553\"><strong data-start=\"1511\" data-end=\"1527\">Sast\u0101vda\u013cas:<\/strong> Citrus Paradisi mizas e\u013c\u013ca.<\/p>\n<p data-start=\"1555\" data-end=\"1575\"><strong data-start=\"1555\" data-end=\"1575\">Lieto\u0161anas instrukcija:<\/strong><\/p>\n<ul data-start=\"1576\" data-end=\"2238\">\n<li data-start=\"1576\" data-end=\"1680\"><strong data-start=\"1578\" data-end=\"1587\">Pirts:<\/strong> Pievienojiet tvaika \u016bdenim 1\u20133 pilienus \u0113terisk\u0101s e\u013c\u013cas, lai rad\u012btu atsvaidzino\u0161u un uzmundrino\u0161u pirts pieredzi.<\/li>\n<li data-start=\"1681\" data-end=\"1841\"><strong data-start=\"1683\" data-end=\"1701\">Smidzin\u0101\u0161anas pudele:<\/strong> Pievienojiet da\u017eus pilienus e\u013c\u013cas smidzin\u0101t\u0101ja pudel\u0113, kas piepild\u012bta ar \u016bdeni, un izsmidziniet telpas gaisu vai m\u0101jas tekstilizstr\u0101d\u0101jumus, lai atsvaidzin\u0101tu gaisu un rad\u012btu pat\u012bkamu arom\u0101tu.<\/li>\n<li data-start=\"1842\" data-end=\"1976\"><strong data-start=\"1844\" data-end=\"1853\">Vanna:<\/strong> Sajauciet 3-5 pilienus \u0113terisk\u0101s e\u013c\u013cas ar medu vai \u0161\u0137idraj\u0101m ziep\u0113m un pievienojiet vannas \u016bdenim, lai ieg\u016btu relaks\u0113jo\u0161u un atsvaidzino\u0161u vannu.<\/li>\n<li data-start=\"1977\" data-end=\"2106\"><strong data-start=\"1979\" data-end=\"1998\">Aroma difuzors:<\/strong> Pievienojiet difuzoram 3\u20137 pilienus \u0113terisk\u0101s e\u013c\u013cas, lai telp\u0101 izplat\u012btu pat\u012bkamu arom\u0101tu un rad\u012btu nomierino\u0161u atmosf\u0113ru.<\/li>\n<li data-start=\"2107\" data-end=\"2238\"><strong data-start=\"2109\" data-end=\"2124\">Arom\u0101tiska lampa:<\/strong> Pievienojiet 3\u20137 pilienus \u0113terisk\u0101s e\u013c\u013cas ar \u016bdeni pild\u012btai arom\u0101tiskajai lampai un aizdedziniet sveci, lai izplat\u012btu pat\u012bkamu arom\u0101tu vis\u0101 telp\u0101.<\/li>\n<\/ul>\n<p data-start=\"2240\" data-end=\"2713\"><strong data-start=\"2240\" data-end=\"2258\">Dro\u0161\u012bbas nor\u0101d\u012bjumi:<\/strong> Tikai \u0101r\u012bgai lieto\u0161anai. Neuzkl\u0101jiet neat\u0161\u0137aid\u012btu e\u013c\u013cu tie\u0161i uz \u0101das. Izvairieties no saskares ar ac\u012bm un g\u013cot\u0101d\u0101m.   Sarg\u0101t no b\u0113rniem. Greipfr\u016btu \u0113terisk\u0101 e\u013c\u013ca var palielin\u0101t \u0101das jut\u012bbu pret saules gaismu (fototoksicit\u0101te); izvairieties no uztur\u0113\u0161an\u0101s saul\u0113 vismaz 12 stundas p\u0113c e\u013c\u013cas lieto\u0161anas uz \u0101das. Gr\u016btniec\u0113m, sieviet\u0113m, kas baro b\u0113rnu ar kr\u016bti, b\u0113rniem, vec\u0101ka gadag\u0101juma cilv\u0113kiem un cilv\u0113kiem ar hronisk\u0101m slim\u012bb\u0101m pirms lieto\u0161anas j\u0101konsult\u0113jas ar vesel\u012bbas apr\u016bpes speci\u0101listu.<\/p>\n","protected":false},"excerpt":{"rendered":"<p>100% t\u012bra greipfr\u016btu \u0113terisk\u0101 e\u013c\u013ca, kas pied\u0101v\u0101 svaigu un citrusaug\u013cu arom\u0101tu un daudzpus\u012bgu pielietojumu aromterapij\u0101, saun\u0101s un m\u0101jas vid\u0113.<\/p>\n","protected":false},"featured_media":33023,"comment_status":"closed","ping_status":"closed","template":"","meta":{"_acf_changed":false},"product_brand":[],"product_cat":[2761],"product_tag":[2764,2769,2765,2766,2768,2762,2767],"class_list":{"0":"post-33018","1":"product","2":"type-product","3":"status-publish","4":"has-post-thumbnail","6":"product_cat-eteriskas-ellas","7":"product_tag-aromterapija","8":"product_tag-dabigs-gaisa-atsvaidzinatajs-lv","9":"product_tag-dabigs-gaisa-atsvaidzinatajs","10":"product_tag-garastavokla-uzlabosana","11":"product_tag-greipfrutu-eteriska-ella","12":"product_tag-stresa-mazinasana","13":"product_tag-uzlabo-koncentresanas-spejas","15":"first","16":"onbackorder","17":"taxable","18":"shipping-taxable","19":"purchasable","20":"product-type-simple"},"acf":[],"yoast_head":"<!-- This site is optimized with the Yoast SEO plugin v27.1.1 - https:\/\/yoast.com\/product\/yoast-seo-wordpress\/ -->\n<title>Greipfr\u016btu \u0113terisk\u0101 e\u013c\u013ca 10 ml - Puhdas+<\/title>\n<meta name=\"description\" content=\"Greipfr\u016btu \u0113terisk\u0101 e\u013c\u013ca 10 ml ir 100% t\u012bra dab\u012bga e\u013c\u013ca, kas pied\u0101v\u0101 daudzpus\u012bgu pielietojumu aromterapij\u0101, saun\u0101s un m\u0101j\u0101s.\" \/>\n<meta name=\"robots\" content=\"noindex, follow, max-snippet:-1, max-image-preview:large, max-video-preview:-1\" \/>\n<meta property=\"og:locale\" content=\"lv_LV\" \/>\n<meta property=\"og:type\" content=\"article\" \/>\n<meta property=\"og:title\" content=\"Greipfr\u016btu \u0113terisk\u0101 e\u013c\u013ca 10 ml - Puhdas+\" \/>\n<meta property=\"og:description\" content=\"Greipfr\u016btu \u0113terisk\u0101 e\u013c\u013ca 10 ml ir 100% t\u012bra dab\u012bga e\u013c\u013ca, kas pied\u0101v\u0101 daudzpus\u012bgu pielietojumu aromterapij\u0101, saun\u0101s un m\u0101j\u0101s.\" \/>\n<meta property=\"og:url\" content=\"https:\/\/test.puhdasplus.ee\/lv\/tooted\/eteriskas-ellas\/greipfrutu-eteriska-ella-10-ml\/\" \/>\n<meta property=\"og:site_name\" content=\"Puhdas+\" \/>\n<meta property=\"article:publisher\" content=\"https:\/\/www.facebook.com\/puhdasplus\" \/>\n<meta property=\"article:modified_time\" content=\"2026-02-27T09:27:50+00:00\" \/>\n<meta property=\"og:image\" content=\"https:\/\/test.puhdasplus.ee\/wp-content\/uploads\/2025\/03\/157.jpg\" \/>\n\t<meta property=\"og:image:width\" content=\"1862\" \/>\n\t<meta property=\"og:image:height\" content=\"2560\" \/>\n\t<meta property=\"og:image:type\" content=\"image\/jpeg\" \/>\n<meta name=\"twitter:card\" content=\"summary_large_image\" \/>\n<meta name=\"twitter:label1\" content=\"Est. reading time\" \/>\n\t<meta name=\"twitter:data1\" content=\"3 min\u016btes\" \/>\n<script type=\"application\/ld+json\" class=\"yoast-schema-graph\">{\"@context\":\"https:\/\/schema.org\",\"@graph\":[{\"@type\":\"WebPage\",\"@id\":\"https:\/\/test.puhdasplus.ee\/lv\/tooted\/eteriskas-ellas\/greipfrutu-eteriska-ella-10-ml\/\",\"url\":\"https:\/\/test.puhdasplus.ee\/lv\/tooted\/eteriskas-ellas\/greipfrutu-eteriska-ella-10-ml\/\",\"name\":\"Greipfr\u016btu \u0113terisk\u0101 e\u013c\u013ca 10 ml - Puhdas+\",\"isPartOf\":{\"@id\":\"https:\/\/test.puhdasplus.ee\/lv\/#website\"},\"primaryImageOfPage\":{\"@id\":\"https:\/\/test.puhdasplus.ee\/lv\/tooted\/eteriskas-ellas\/greipfrutu-eteriska-ella-10-ml\/#primaryimage\"},\"image\":{\"@id\":\"https:\/\/test.puhdasplus.ee\/lv\/tooted\/eteriskas-ellas\/greipfrutu-eteriska-ella-10-ml\/#primaryimage\"},\"thumbnailUrl\":\"https:\/\/test.puhdasplus.ee\/wp-content\/uploads\/2025\/03\/157.jpg\",\"datePublished\":\"2025-01-16T17:13:35+00:00\",\"dateModified\":\"2026-02-27T09:27:50+00:00\",\"description\":\"Greipfr\u016btu \u0113terisk\u0101 e\u013c\u013ca 10 ml ir 100% t\u012bra dab\u012bga e\u013c\u013ca, kas pied\u0101v\u0101 daudzpus\u012bgu pielietojumu aromterapij\u0101, saun\u0101s un m\u0101j\u0101s.\",\"breadcrumb\":{\"@id\":\"https:\/\/test.puhdasplus.ee\/lv\/tooted\/eteriskas-ellas\/greipfrutu-eteriska-ella-10-ml\/#breadcrumb\"},\"inLanguage\":\"lv-LV\",\"potentialAction\":[{\"@type\":\"ReadAction\",\"target\":[\"https:\/\/test.puhdasplus.ee\/lv\/tooted\/eteriskas-ellas\/greipfrutu-eteriska-ella-10-ml\/\"]}]},{\"@type\":\"ImageObject\",\"inLanguage\":\"lv-LV\",\"@id\":\"https:\/\/test.puhdasplus.ee\/lv\/tooted\/eteriskas-ellas\/greipfrutu-eteriska-ella-10-ml\/#primaryimage\",\"url\":\"https:\/\/test.puhdasplus.ee\/wp-content\/uploads\/2025\/03\/157.jpg\",\"contentUrl\":\"https:\/\/test.puhdasplus.ee\/wp-content\/uploads\/2025\/03\/157.jpg\",\"width\":1862,\"height\":2560,\"caption\":\"Greipfr\u016btu \u0113terisk\u0101 e\u013c\u013ca 10 ml\"},{\"@type\":\"BreadcrumbList\",\"@id\":\"https:\/\/test.puhdasplus.ee\/lv\/tooted\/eteriskas-ellas\/greipfrutu-eteriska-ella-10-ml\/#breadcrumb\",\"itemListElement\":[{\"@type\":\"ListItem\",\"position\":1,\"name\":\"S\u0101kums\",\"item\":\"https:\/\/test.puhdasplus.ee\/lv\/\"},{\"@type\":\"ListItem\",\"position\":2,\"name\":\"Produkti\",\"item\":\"https:\/\/test.puhdasplus.ee\/lv\/veikals\/\"},{\"@type\":\"ListItem\",\"position\":3,\"name\":\"Greipfr\u016btu \u0113terisk\u0101 e\u013c\u013ca 10 ml\"}]},{\"@type\":\"WebSite\",\"@id\":\"https:\/\/test.puhdasplus.ee\/lv\/#website\",\"url\":\"https:\/\/test.puhdasplus.ee\/lv\/\",\"name\":\"Puhdas+\",\"description\":\"Vitamiinid, Toidulisandid, looduskosmeetika, tervis, sport\",\"publisher\":{\"@id\":\"https:\/\/test.puhdasplus.ee\/lv\/#organization\"},\"potentialAction\":[{\"@type\":\"SearchAction\",\"target\":{\"@type\":\"EntryPoint\",\"urlTemplate\":\"https:\/\/test.puhdasplus.ee\/lv\/?s={search_term_string}\"},\"query-input\":{\"@type\":\"PropertyValueSpecification\",\"valueRequired\":true,\"valueName\":\"search_term_string\"}}],\"inLanguage\":\"lv-LV\"},{\"@type\":\"Organization\",\"@id\":\"https:\/\/test.puhdasplus.ee\/lv\/#organization\",\"name\":\"Puhdas+\",\"alternateName\":\"Puhdasplus\",\"url\":\"https:\/\/test.puhdasplus.ee\/lv\/\",\"logo\":{\"@type\":\"ImageObject\",\"inLanguage\":\"lv-LV\",\"@id\":\"https:\/\/test.puhdasplus.ee\/lv\/#\/schema\/logo\/image\/\",\"url\":\"https:\/\/test.puhdasplus.ee\/\/wp-content\/uploads\/2019\/10\/puhdas_logo-arvele.png\",\"contentUrl\":\"https:\/\/test.puhdasplus.ee\/\/wp-content\/uploads\/2019\/10\/puhdas_logo-arvele.png\",\"width\":114,\"height\":94,\"caption\":\"Puhdas+\"},\"image\":{\"@id\":\"https:\/\/test.puhdasplus.ee\/lv\/#\/schema\/logo\/image\/\"},\"sameAs\":[\"https:\/\/www.facebook.com\/puhdasplus\",\"https:\/\/www.instagram.com\/puhdasplus_ee\/\"]}]}<\/script>\n<!-- \/ Yoast SEO plugin. -->","yoast_head_json":{"title":"Greipfr\u016btu \u0113terisk\u0101 e\u013c\u013ca 10 ml - Puhdas+","description":"Greipfr\u016btu \u0113terisk\u0101 e\u013c\u013ca 10 ml ir 100% t\u012bra dab\u012bga e\u013c\u013ca, kas pied\u0101v\u0101 daudzpus\u012bgu pielietojumu aromterapij\u0101, saun\u0101s un m\u0101j\u0101s.","robots":{"index":"noindex","follow":"follow","max-snippet":"max-snippet:-1","max-image-preview":"max-image-preview:large","max-video-preview":"max-video-preview:-1"},"og_locale":"lv_LV","og_type":"article","og_title":"Greipfr\u016btu \u0113terisk\u0101 e\u013c\u013ca 10 ml - Puhdas+","og_description":"Greipfr\u016btu \u0113terisk\u0101 e\u013c\u013ca 10 ml ir 100% t\u012bra dab\u012bga e\u013c\u013ca, kas pied\u0101v\u0101 daudzpus\u012bgu pielietojumu aromterapij\u0101, saun\u0101s un m\u0101j\u0101s.","og_url":"https:\/\/test.puhdasplus.ee\/lv\/tooted\/eteriskas-ellas\/greipfrutu-eteriska-ella-10-ml\/","og_site_name":"Puhdas+","article_publisher":"https:\/\/www.facebook.com\/puhdasplus","article_modified_time":"2026-02-27T09:27:50+00:00","og_image":[{"width":1862,"height":2560,"url":"https:\/\/test.puhdasplus.ee\/wp-content\/uploads\/2025\/03\/157.jpg","type":"image\/jpeg"}],"twitter_card":"summary_large_image","twitter_misc":{"Est. reading time":"3 min\u016btes"},"schema":{"@context":"https:\/\/schema.org","@graph":[{"@type":"WebPage","@id":"https:\/\/test.puhdasplus.ee\/lv\/tooted\/eteriskas-ellas\/greipfrutu-eteriska-ella-10-ml\/","url":"https:\/\/test.puhdasplus.ee\/lv\/tooted\/eteriskas-ellas\/greipfrutu-eteriska-ella-10-ml\/","name":"Greipfr\u016btu \u0113terisk\u0101 e\u013c\u013ca 10 ml - Puhdas+","isPartOf":{"@id":"https:\/\/test.puhdasplus.ee\/lv\/#website"},"primaryImageOfPage":{"@id":"https:\/\/test.puhdasplus.ee\/lv\/tooted\/eteriskas-ellas\/greipfrutu-eteriska-ella-10-ml\/#primaryimage"},"image":{"@id":"https:\/\/test.puhdasplus.ee\/lv\/tooted\/eteriskas-ellas\/greipfrutu-eteriska-ella-10-ml\/#primaryimage"},"thumbnailUrl":"https:\/\/test.puhdasplus.ee\/wp-content\/uploads\/2025\/03\/157.jpg","datePublished":"2025-01-16T17:13:35+00:00","dateModified":"2026-02-27T09:27:50+00:00","description":"Greipfr\u016btu \u0113terisk\u0101 e\u013c\u013ca 10 ml ir 100% t\u012bra dab\u012bga e\u013c\u013ca, kas pied\u0101v\u0101 daudzpus\u012bgu pielietojumu aromterapij\u0101, saun\u0101s un m\u0101j\u0101s.","breadcrumb":{"@id":"https:\/\/test.puhdasplus.ee\/lv\/tooted\/eteriskas-ellas\/greipfrutu-eteriska-ella-10-ml\/#breadcrumb"},"inLanguage":"lv-LV","potentialAction":[{"@type":"ReadAction","target":["https:\/\/test.puhdasplus.ee\/lv\/tooted\/eteriskas-ellas\/greipfrutu-eteriska-ella-10-ml\/"]}]},{"@type":"ImageObject","inLanguage":"lv-LV","@id":"https:\/\/test.puhdasplus.ee\/lv\/tooted\/eteriskas-ellas\/greipfrutu-eteriska-ella-10-ml\/#primaryimage","url":"https:\/\/test.puhdasplus.ee\/wp-content\/uploads\/2025\/03\/157.jpg","contentUrl":"https:\/\/test.puhdasplus.ee\/wp-content\/uploads\/2025\/03\/157.jpg","width":1862,"height":2560,"caption":"Greipfr\u016btu \u0113terisk\u0101 e\u013c\u013ca 10 ml"},{"@type":"BreadcrumbList","@id":"https:\/\/test.puhdasplus.ee\/lv\/tooted\/eteriskas-ellas\/greipfrutu-eteriska-ella-10-ml\/#breadcrumb","itemListElement":[{"@type":"ListItem","position":1,"name":"S\u0101kums","item":"https:\/\/test.puhdasplus.ee\/lv\/"},{"@type":"ListItem","position":2,"name":"Produkti","item":"https:\/\/test.puhdasplus.ee\/lv\/veikals\/"},{"@type":"ListItem","position":3,"name":"Greipfr\u016btu \u0113terisk\u0101 e\u013c\u013ca 10 ml"}]},{"@type":"WebSite","@id":"https:\/\/test.puhdasplus.ee\/lv\/#website","url":"https:\/\/test.puhdasplus.ee\/lv\/","name":"Puhdas+","description":"Vitamiinid, Toidulisandid, looduskosmeetika, tervis, sport","publisher":{"@id":"https:\/\/test.puhdasplus.ee\/lv\/#organization"},"potentialAction":[{"@type":"SearchAction","target":{"@type":"EntryPoint","urlTemplate":"https:\/\/test.puhdasplus.ee\/lv\/?s={search_term_string}"},"query-input":{"@type":"PropertyValueSpecification","valueRequired":true,"valueName":"search_term_string"}}],"inLanguage":"lv-LV"},{"@type":"Organization","@id":"https:\/\/test.puhdasplus.ee\/lv\/#organization","name":"Puhdas+","alternateName":"Puhdasplus","url":"https:\/\/test.puhdasplus.ee\/lv\/","logo":{"@type":"ImageObject","inLanguage":"lv-LV","@id":"https:\/\/test.puhdasplus.ee\/lv\/#\/schema\/logo\/image\/","url":"https:\/\/test.puhdasplus.ee\/\/wp-content\/uploads\/2019\/10\/puhdas_logo-arvele.png","contentUrl":"https:\/\/test.puhdasplus.ee\/\/wp-content\/uploads\/2019\/10\/puhdas_logo-arvele.png","width":114,"height":94,"caption":"Puhdas+"},"image":{"@id":"https:\/\/test.puhdasplus.ee\/lv\/#\/schema\/logo\/image\/"},"sameAs":["https:\/\/www.facebook.com\/puhdasplus","https:\/\/www.instagram.com\/puhdasplus_ee\/"]}]}},"_links":{"self":[{"href":"https:\/\/test.puhdasplus.ee\/lv\/wp-json\/wp\/v2\/product\/33018","targetHints":{"allow":["GET"]}}],"collection":[{"href":"https:\/\/test.puhdasplus.ee\/lv\/wp-json\/wp\/v2\/product"}],"about":[{"href":"https:\/\/test.puhdasplus.ee\/lv\/wp-json\/wp\/v2\/types\/product"}],"replies":[{"embeddable":true,"href":"https:\/\/test.puhdasplus.ee\/lv\/wp-json\/wp\/v2\/comments?post=33018"}],"wp:featuredmedia":[{"embeddable":true,"href":"https:\/\/test.puhdasplus.ee\/lv\/wp-json\/wp\/v2\/media\/33023"}],"wp:attachment":[{"href":"https:\/\/test.puhdasplus.ee\/lv\/wp-json\/wp\/v2\/media?parent=33018"}],"wp:term":[{"taxonomy":"product_brand","embeddable":true,"href":"https:\/\/test.puhdasplus.ee\/lv\/wp-json\/wp\/v2\/product_brand?post=33018"},{"taxonomy":"product_cat","embeddable":true,"href":"https:\/\/test.puhdasplus.ee\/lv\/wp-json\/wp\/v2\/product_cat?post=33018"},{"taxonomy":"product_tag","embeddable":true,"href":"https:\/\/test.puhdasplus.ee\/lv\/wp-json\/wp\/v2\/product_tag?post=33018"}],"curies":[{"name":"wp","href":"https:\/\/api.w.org\/{rel}","templated":true}]}}