{"id":32996,"date":"2025-01-16T20:46:37","date_gmt":"2025-01-16T18:46:37","guid":{"rendered":"https:\/\/test.puhdasplus.ee\/\/tooted\/uncategorized\/revolucionars-retinola-eliksirs-30-ml\/"},"modified":"2026-02-23T20:14:21","modified_gmt":"2026-02-23T18:14:21","slug":"revolucionars-retinola-eliksirs-30-ml","status":"publish","type":"product","link":"https:\/\/test.puhdasplus.ee\/lv\/tooted\/kosmetika\/revolucionars-retinola-eliksirs-30-ml\/","title":{"rendered":"Revolucion\u0101rs retinola eliks\u012brs 30 ml"},"content":{"rendered":"<p>Revolucion\u0101rais retinola eliks\u012brs ir efekt\u012bvs un dzi\u013ci mitrino\u0161s sejas eliks\u012brs, kas satur retinolu \u2013 labi paz\u012bstamu pretnoveco\u0161an\u0101s sast\u0101vda\u013cu, kas stimul\u0113 kolag\u0113na ra\u017eo\u0161anu, izl\u012bdzina grumbas un vienm\u0113r\u012bgu \u0101das toni. \u0160is eliks\u012brs pal\u012bdz pa\u0101trin\u0101t \u0161\u016bnu atjauno\u0161anos, samazin\u0101t smalk\u0101s l\u012bnijas un uzlabot \u0101das tekst\u016bru, padarot to starojo\u0161\u0101ku un jaun\u0101ku. Tas satur ar\u012b barojo\u0161as e\u013c\u013cas un antioksidantus, kas nodro\u0161ina dzi\u013cu mitrin\u0101\u0161anu un aizsardz\u012bbu pret vides agresoriem. Piem\u0113rots nobriedu\u0161ai, bl\u0101vai un nevienm\u0113r\u012bgai \u0101das tekst\u016brai.   <\/p>\n<p data-start=\"694\" data-end=\"718\"><strong data-start=\"694\" data-end=\"716\">Lieto\u0161anas instrukcija:<\/strong><\/p>\n<ol data-start=\"719\" data-end=\"1106\">\n<li data-start=\"719\" data-end=\"774\">Pirms eliks\u012bra lieto\u0161anas not\u012briet un nosusiniet \u0101du.<\/li>\n<li data-start=\"775\" data-end=\"871\">Uzkl\u0101jiet 2-3 pilienus eliks\u012bra uz sejas un kakla un viegli iemas\u0113jiet \u0101d\u0101, l\u012bdz tas ies\u016bcas \u0101d\u0101.<\/li>\n<li data-start=\"872\" data-end=\"916\">Lietojiet vakar\u0101 pirms mitrino\u0161a kr\u0113ma uzkl\u0101\u0161anas.<\/li>\n<li data-start=\"917\" data-end=\"1005\">Retinola lieto\u0161anas laik\u0101 dienas laik\u0101 ieteicams lietot sau\u013co\u0161an\u0101s l\u012bdzekli.<\/li>\n<li data-start=\"1006\" data-end=\"1106\">Ja jums ir jut\u012bga \u0101da, s\u0101ciet lietot 2\u20133 reizes ned\u0113\u013c\u0101 un pak\u0101peniski palieliniet lieto\u0161anas bie\u017eumu.<\/li>\n<\/ol>\n<p data-start=\"1108\" data-end=\"1219\"><strong data-start=\"1108\" data-end=\"1124\">Sast\u0101vda\u013cas:<\/strong><br data-start=\"1124\" data-end=\"1127\"> Retinols, jojobas e\u013c\u013ca, arg\u0101na e\u013c\u013ca, me\u017eroz\u012b\u0161u e\u013c\u013ca, hialuronsk\u0101be, E vitam\u012bns, dab\u012bgie ekstrakti.<\/p>\n","protected":false},"excerpt":{"rendered":"<p>Ar retinolu bag\u0101tin\u0101ts eliks\u012brs, kas izl\u012bdzina grumbas, uzlabo \u0101das elast\u012bbu un pie\u0161\u0137ir jaunekl\u012bgu mirdzumu.<\/p>\n","protected":false},"featured_media":32998,"comment_status":"closed","ping_status":"closed","template":"","meta":{"_acf_changed":false},"product_brand":[],"product_cat":[2533],"product_tag":[2722,2675,2549,2539,2720,2723,2545,2633,2721,2724,2725,2559],"class_list":{"0":"post-32996","1":"product","2":"type-product","3":"status-publish","4":"has-post-thumbnail","6":"product_cat-kosmetika","7":"product_tag-adas-atjaunosana-lv","8":"product_tag-adas-tona-vienmerigums","9":"product_tag-dabiska-adas-kopsana","10":"product_tag-dzila-apudenosana","11":"product_tag-kolagena-stimulacija","12":"product_tag-nostiprinosa-kopsana","13":"product_tag-pretgrumbu-kopsana","14":"product_tag-pretnovecosanas-lidzeklis","15":"product_tag-retinola-eliksirs","16":"product_tag-retinols","17":"product_tag-retinols-lv","18":"product_tag-tirs-skaistums","20":"first","21":"onbackorder","22":"taxable","23":"shipping-taxable","24":"purchasable","25":"product-type-simple"},"acf":[],"yoast_head":"<!-- This site is optimized with the Yoast SEO plugin v27.1.1 - https:\/\/yoast.com\/product\/yoast-seo-wordpress\/ -->\n<title>Revolucion\u0101rs retinola eliks\u012brs 30 ml - Puhdas+<\/title>\n<meta name=\"description\" content=\"Revolucion\u0101rais retinola eliks\u012brs \u2013 augstas kvalit\u0101tes retinola serums ikdienas \u0101das kop\u0161anai. T\u012bra formula, veg\u0101niska un bez piedev\u0101m.\" \/>\n<meta name=\"robots\" content=\"noindex, follow, max-snippet:-1, max-image-preview:large, max-video-preview:-1\" \/>\n<meta property=\"og:locale\" content=\"lv_LV\" \/>\n<meta property=\"og:type\" content=\"article\" \/>\n<meta property=\"og:title\" content=\"Revolucion\u0101rs retinola eliks\u012brs 30 ml - Puhdas+\" \/>\n<meta property=\"og:description\" content=\"Revolucion\u0101rais retinola eliks\u012brs \u2013 augstas kvalit\u0101tes retinola serums ikdienas \u0101das kop\u0161anai. T\u012bra formula, veg\u0101niska un bez piedev\u0101m.\" \/>\n<meta property=\"og:url\" content=\"https:\/\/test.puhdasplus.ee\/lv\/tooted\/kosmetika\/revolucionars-retinola-eliksirs-30-ml\/\" \/>\n<meta property=\"og:site_name\" content=\"Puhdas+\" \/>\n<meta property=\"article:publisher\" content=\"https:\/\/www.facebook.com\/puhdasplus\" \/>\n<meta property=\"article:modified_time\" content=\"2026-02-23T18:14:21+00:00\" \/>\n<meta property=\"og:image\" content=\"https:\/\/test.puhdasplus.ee\/wp-content\/uploads\/2025\/03\/139.jpg\" \/>\n\t<meta property=\"og:image:width\" content=\"1862\" \/>\n\t<meta property=\"og:image:height\" content=\"2560\" \/>\n\t<meta property=\"og:image:type\" content=\"image\/jpeg\" \/>\n<meta name=\"twitter:card\" content=\"summary_large_image\" \/>\n<meta name=\"twitter:label1\" content=\"Est. reading time\" \/>\n\t<meta name=\"twitter:data1\" content=\"1 minute\" \/>\n<script type=\"application\/ld+json\" class=\"yoast-schema-graph\">{\"@context\":\"https:\/\/schema.org\",\"@graph\":[{\"@type\":\"WebPage\",\"@id\":\"https:\/\/test.puhdasplus.ee\/lv\/tooted\/kosmetika\/revolucionars-retinola-eliksirs-30-ml\/\",\"url\":\"https:\/\/test.puhdasplus.ee\/lv\/tooted\/kosmetika\/revolucionars-retinola-eliksirs-30-ml\/\",\"name\":\"Revolucion\u0101rs retinola eliks\u012brs 30 ml - Puhdas+\",\"isPartOf\":{\"@id\":\"https:\/\/test.puhdasplus.ee\/lv\/#website\"},\"primaryImageOfPage\":{\"@id\":\"https:\/\/test.puhdasplus.ee\/lv\/tooted\/kosmetika\/revolucionars-retinola-eliksirs-30-ml\/#primaryimage\"},\"image\":{\"@id\":\"https:\/\/test.puhdasplus.ee\/lv\/tooted\/kosmetika\/revolucionars-retinola-eliksirs-30-ml\/#primaryimage\"},\"thumbnailUrl\":\"https:\/\/test.puhdasplus.ee\/wp-content\/uploads\/2025\/03\/139.jpg\",\"datePublished\":\"2025-01-16T18:46:37+00:00\",\"dateModified\":\"2026-02-23T18:14:21+00:00\",\"description\":\"Revolucion\u0101rais retinola eliks\u012brs \u2013 augstas kvalit\u0101tes retinola serums ikdienas \u0101das kop\u0161anai. T\u012bra formula, veg\u0101niska un bez piedev\u0101m.\",\"breadcrumb\":{\"@id\":\"https:\/\/test.puhdasplus.ee\/lv\/tooted\/kosmetika\/revolucionars-retinola-eliksirs-30-ml\/#breadcrumb\"},\"inLanguage\":\"lv-LV\",\"potentialAction\":[{\"@type\":\"ReadAction\",\"target\":[\"https:\/\/test.puhdasplus.ee\/lv\/tooted\/kosmetika\/revolucionars-retinola-eliksirs-30-ml\/\"]}]},{\"@type\":\"ImageObject\",\"inLanguage\":\"lv-LV\",\"@id\":\"https:\/\/test.puhdasplus.ee\/lv\/tooted\/kosmetika\/revolucionars-retinola-eliksirs-30-ml\/#primaryimage\",\"url\":\"https:\/\/test.puhdasplus.ee\/wp-content\/uploads\/2025\/03\/139.jpg\",\"contentUrl\":\"https:\/\/test.puhdasplus.ee\/wp-content\/uploads\/2025\/03\/139.jpg\",\"width\":1862,\"height\":2560,\"caption\":\"Revolucion\u0101rs retinola eliks\u012brs\"},{\"@type\":\"BreadcrumbList\",\"@id\":\"https:\/\/test.puhdasplus.ee\/lv\/tooted\/kosmetika\/revolucionars-retinola-eliksirs-30-ml\/#breadcrumb\",\"itemListElement\":[{\"@type\":\"ListItem\",\"position\":1,\"name\":\"S\u0101kums\",\"item\":\"https:\/\/test.puhdasplus.ee\/lv\/\"},{\"@type\":\"ListItem\",\"position\":2,\"name\":\"Produkti\",\"item\":\"https:\/\/test.puhdasplus.ee\/lv\/veikals\/\"},{\"@type\":\"ListItem\",\"position\":3,\"name\":\"Revolucion\u0101rs retinola eliks\u012brs 30 ml\"}]},{\"@type\":\"WebSite\",\"@id\":\"https:\/\/test.puhdasplus.ee\/lv\/#website\",\"url\":\"https:\/\/test.puhdasplus.ee\/lv\/\",\"name\":\"Puhdas+\",\"description\":\"Vitamiinid, Toidulisandid, looduskosmeetika, tervis, sport\",\"publisher\":{\"@id\":\"https:\/\/test.puhdasplus.ee\/lv\/#organization\"},\"potentialAction\":[{\"@type\":\"SearchAction\",\"target\":{\"@type\":\"EntryPoint\",\"urlTemplate\":\"https:\/\/test.puhdasplus.ee\/lv\/?s={search_term_string}\"},\"query-input\":{\"@type\":\"PropertyValueSpecification\",\"valueRequired\":true,\"valueName\":\"search_term_string\"}}],\"inLanguage\":\"lv-LV\"},{\"@type\":\"Organization\",\"@id\":\"https:\/\/test.puhdasplus.ee\/lv\/#organization\",\"name\":\"Puhdas+\",\"alternateName\":\"Puhdasplus\",\"url\":\"https:\/\/test.puhdasplus.ee\/lv\/\",\"logo\":{\"@type\":\"ImageObject\",\"inLanguage\":\"lv-LV\",\"@id\":\"https:\/\/test.puhdasplus.ee\/lv\/#\/schema\/logo\/image\/\",\"url\":\"https:\/\/test.puhdasplus.ee\/\/wp-content\/uploads\/2019\/10\/puhdas_logo-arvele.png\",\"contentUrl\":\"https:\/\/test.puhdasplus.ee\/\/wp-content\/uploads\/2019\/10\/puhdas_logo-arvele.png\",\"width\":114,\"height\":94,\"caption\":\"Puhdas+\"},\"image\":{\"@id\":\"https:\/\/test.puhdasplus.ee\/lv\/#\/schema\/logo\/image\/\"},\"sameAs\":[\"https:\/\/www.facebook.com\/puhdasplus\",\"https:\/\/www.instagram.com\/puhdasplus_ee\/\"]}]}<\/script>\n<!-- \/ Yoast SEO plugin. -->","yoast_head_json":{"title":"Revolucion\u0101rs retinola eliks\u012brs 30 ml - Puhdas+","description":"Revolucion\u0101rais retinola eliks\u012brs \u2013 augstas kvalit\u0101tes retinola serums ikdienas \u0101das kop\u0161anai. T\u012bra formula, veg\u0101niska un bez piedev\u0101m.","robots":{"index":"noindex","follow":"follow","max-snippet":"max-snippet:-1","max-image-preview":"max-image-preview:large","max-video-preview":"max-video-preview:-1"},"og_locale":"lv_LV","og_type":"article","og_title":"Revolucion\u0101rs retinola eliks\u012brs 30 ml - Puhdas+","og_description":"Revolucion\u0101rais retinola eliks\u012brs \u2013 augstas kvalit\u0101tes retinola serums ikdienas \u0101das kop\u0161anai. T\u012bra formula, veg\u0101niska un bez piedev\u0101m.","og_url":"https:\/\/test.puhdasplus.ee\/lv\/tooted\/kosmetika\/revolucionars-retinola-eliksirs-30-ml\/","og_site_name":"Puhdas+","article_publisher":"https:\/\/www.facebook.com\/puhdasplus","article_modified_time":"2026-02-23T18:14:21+00:00","og_image":[{"width":1862,"height":2560,"url":"https:\/\/test.puhdasplus.ee\/wp-content\/uploads\/2025\/03\/139.jpg","type":"image\/jpeg"}],"twitter_card":"summary_large_image","twitter_misc":{"Est. reading time":"1 minute"},"schema":{"@context":"https:\/\/schema.org","@graph":[{"@type":"WebPage","@id":"https:\/\/test.puhdasplus.ee\/lv\/tooted\/kosmetika\/revolucionars-retinola-eliksirs-30-ml\/","url":"https:\/\/test.puhdasplus.ee\/lv\/tooted\/kosmetika\/revolucionars-retinola-eliksirs-30-ml\/","name":"Revolucion\u0101rs retinola eliks\u012brs 30 ml - Puhdas+","isPartOf":{"@id":"https:\/\/test.puhdasplus.ee\/lv\/#website"},"primaryImageOfPage":{"@id":"https:\/\/test.puhdasplus.ee\/lv\/tooted\/kosmetika\/revolucionars-retinola-eliksirs-30-ml\/#primaryimage"},"image":{"@id":"https:\/\/test.puhdasplus.ee\/lv\/tooted\/kosmetika\/revolucionars-retinola-eliksirs-30-ml\/#primaryimage"},"thumbnailUrl":"https:\/\/test.puhdasplus.ee\/wp-content\/uploads\/2025\/03\/139.jpg","datePublished":"2025-01-16T18:46:37+00:00","dateModified":"2026-02-23T18:14:21+00:00","description":"Revolucion\u0101rais retinola eliks\u012brs \u2013 augstas kvalit\u0101tes retinola serums ikdienas \u0101das kop\u0161anai. T\u012bra formula, veg\u0101niska un bez piedev\u0101m.","breadcrumb":{"@id":"https:\/\/test.puhdasplus.ee\/lv\/tooted\/kosmetika\/revolucionars-retinola-eliksirs-30-ml\/#breadcrumb"},"inLanguage":"lv-LV","potentialAction":[{"@type":"ReadAction","target":["https:\/\/test.puhdasplus.ee\/lv\/tooted\/kosmetika\/revolucionars-retinola-eliksirs-30-ml\/"]}]},{"@type":"ImageObject","inLanguage":"lv-LV","@id":"https:\/\/test.puhdasplus.ee\/lv\/tooted\/kosmetika\/revolucionars-retinola-eliksirs-30-ml\/#primaryimage","url":"https:\/\/test.puhdasplus.ee\/wp-content\/uploads\/2025\/03\/139.jpg","contentUrl":"https:\/\/test.puhdasplus.ee\/wp-content\/uploads\/2025\/03\/139.jpg","width":1862,"height":2560,"caption":"Revolucion\u0101rs retinola eliks\u012brs"},{"@type":"BreadcrumbList","@id":"https:\/\/test.puhdasplus.ee\/lv\/tooted\/kosmetika\/revolucionars-retinola-eliksirs-30-ml\/#breadcrumb","itemListElement":[{"@type":"ListItem","position":1,"name":"S\u0101kums","item":"https:\/\/test.puhdasplus.ee\/lv\/"},{"@type":"ListItem","position":2,"name":"Produkti","item":"https:\/\/test.puhdasplus.ee\/lv\/veikals\/"},{"@type":"ListItem","position":3,"name":"Revolucion\u0101rs retinola eliks\u012brs 30 ml"}]},{"@type":"WebSite","@id":"https:\/\/test.puhdasplus.ee\/lv\/#website","url":"https:\/\/test.puhdasplus.ee\/lv\/","name":"Puhdas+","description":"Vitamiinid, Toidulisandid, looduskosmeetika, tervis, sport","publisher":{"@id":"https:\/\/test.puhdasplus.ee\/lv\/#organization"},"potentialAction":[{"@type":"SearchAction","target":{"@type":"EntryPoint","urlTemplate":"https:\/\/test.puhdasplus.ee\/lv\/?s={search_term_string}"},"query-input":{"@type":"PropertyValueSpecification","valueRequired":true,"valueName":"search_term_string"}}],"inLanguage":"lv-LV"},{"@type":"Organization","@id":"https:\/\/test.puhdasplus.ee\/lv\/#organization","name":"Puhdas+","alternateName":"Puhdasplus","url":"https:\/\/test.puhdasplus.ee\/lv\/","logo":{"@type":"ImageObject","inLanguage":"lv-LV","@id":"https:\/\/test.puhdasplus.ee\/lv\/#\/schema\/logo\/image\/","url":"https:\/\/test.puhdasplus.ee\/\/wp-content\/uploads\/2019\/10\/puhdas_logo-arvele.png","contentUrl":"https:\/\/test.puhdasplus.ee\/\/wp-content\/uploads\/2019\/10\/puhdas_logo-arvele.png","width":114,"height":94,"caption":"Puhdas+"},"image":{"@id":"https:\/\/test.puhdasplus.ee\/lv\/#\/schema\/logo\/image\/"},"sameAs":["https:\/\/www.facebook.com\/puhdasplus","https:\/\/www.instagram.com\/puhdasplus_ee\/"]}]}},"_links":{"self":[{"href":"https:\/\/test.puhdasplus.ee\/lv\/wp-json\/wp\/v2\/product\/32996","targetHints":{"allow":["GET"]}}],"collection":[{"href":"https:\/\/test.puhdasplus.ee\/lv\/wp-json\/wp\/v2\/product"}],"about":[{"href":"https:\/\/test.puhdasplus.ee\/lv\/wp-json\/wp\/v2\/types\/product"}],"replies":[{"embeddable":true,"href":"https:\/\/test.puhdasplus.ee\/lv\/wp-json\/wp\/v2\/comments?post=32996"}],"wp:featuredmedia":[{"embeddable":true,"href":"https:\/\/test.puhdasplus.ee\/lv\/wp-json\/wp\/v2\/media\/32998"}],"wp:attachment":[{"href":"https:\/\/test.puhdasplus.ee\/lv\/wp-json\/wp\/v2\/media?parent=32996"}],"wp:term":[{"taxonomy":"product_brand","embeddable":true,"href":"https:\/\/test.puhdasplus.ee\/lv\/wp-json\/wp\/v2\/product_brand?post=32996"},{"taxonomy":"product_cat","embeddable":true,"href":"https:\/\/test.puhdasplus.ee\/lv\/wp-json\/wp\/v2\/product_cat?post=32996"},{"taxonomy":"product_tag","embeddable":true,"href":"https:\/\/test.puhdasplus.ee\/lv\/wp-json\/wp\/v2\/product_tag?post=32996"}],"curies":[{"name":"wp","href":"https:\/\/api.w.org\/{rel}","templated":true}]}}