{"id":32969,"date":"2025-01-16T20:42:27","date_gmt":"2025-01-16T18:42:27","guid":{"rendered":"https:\/\/test.puhdasplus.ee\/\/tooted\/uncategorized\/bakuchiol-skaistuma-eliksirs-15-ml\/"},"modified":"2026-02-23T20:14:52","modified_gmt":"2026-02-23T18:14:52","slug":"bakuchiol-skaistuma-eliksirs-15-ml","status":"publish","type":"product","link":"https:\/\/test.puhdasplus.ee\/lv\/tooted\/kosmetika\/bakuchiol-skaistuma-eliksirs-15-ml\/","title":{"rendered":"Bakuchiol skaistuma eliks\u012brs 15 ml"},"content":{"rendered":"<p>Bakuchiol Beauty Booster Elixir ir dabiska un maiga, tom\u0113r efekt\u012bva retinola alternat\u012bva, kas atbalsta \u0101das atjauno\u0161anos un pal\u012bdz mazin\u0101t noveco\u0161an\u0101s paz\u012bmes. Bakuchiol ir augu izcelsmes akt\u012bv\u0101 viela, kas stimul\u0113 kolag\u0113na ra\u017eo\u0161anu, izl\u012bdzina \u0101das toni un uzlabo \u0101das elast\u012bbu bez kairin\u0101juma. Eliks\u012brs satur ar\u012b barojo\u0161as e\u013c\u013cas un antioksidantus, kas dzi\u013ci mitrina un pie\u0161\u0137ir \u0101dai vesel\u012bgu un starojo\u0161u sejas kr\u0101su. Piem\u0113rots ikdienas lieto\u0161anai visiem \u0101das tipiem, tostarp jut\u012bgai \u0101dai.   <\/p>\n<p data-start=\"647\" data-end=\"671\"><strong data-start=\"647\" data-end=\"669\">Lieto\u0161anas instrukcija:<\/strong><\/p>\n<ol data-start=\"672\" data-end=\"943\">\n<li data-start=\"672\" data-end=\"727\">Pirms eliks\u012bra lieto\u0161anas not\u012briet un nosusiniet \u0101du.<\/li>\n<li data-start=\"728\" data-end=\"824\">Uzkl\u0101jiet 2-3 pilienus eliks\u012bra uz sejas un kakla un viegli iemas\u0113jiet \u0101d\u0101, l\u012bdz tas ies\u016bcas \u0101d\u0101.<\/li>\n<li data-start=\"825\" data-end=\"884\">Lietojiet no r\u012bta un\/vai vakar\u0101 pirms mitrin\u0101t\u0101ja lieto\u0161anas.<\/li>\n<li data-start=\"885\" data-end=\"943\">Piem\u0113rots jut\u012bgai \u0101dai un ikdienas lieto\u0161anai.<\/li>\n<\/ol>\n<p data-start=\"945\" data-end=\"1041\"><strong data-start=\"945\" data-end=\"961\">Sast\u0101vda\u013cas:<\/strong><br data-start=\"961\" data-end=\"964\"> Baku\u010diols, jojobas e\u013c\u013ca, arg\u0101na e\u013c\u013ca, me\u017eroz\u012b\u0161u e\u013c\u013ca, E vitam\u012bns, dab\u012bgie ekstrakti.<\/p>\n","protected":false},"excerpt":{"rendered":"<p>Dab\u012bgs eliks\u012brs ar bakuchiolu, kas savelk, mitrina un izl\u012bdzina grumbas bez \u0101das kairin\u0101juma.<\/p>\n","protected":false},"featured_media":32973,"comment_status":"closed","ping_status":"closed","template":"","meta":{"_acf_changed":false},"product_brand":[],"product_cat":[2533],"product_tag":[2675,2677,2642,2541,2640,2631,2679,2545,2633,2559],"class_list":{"0":"post-32969","1":"product","2":"type-product","3":"status-publish","4":"has-post-thumbnail","6":"product_cat-kosmetika","7":"product_tag-adas-tona-vienmerigums","8":"product_tag-bakuchiola-eliksirs","9":"product_tag-dabiska-retinola-alternativa","10":"product_tag-dabiska-skaistumkopsana","11":"product_tag-dzili-mitrinoss","12":"product_tag-jutigai-adai","13":"product_tag-nostiprinosa-adas-kopsana","14":"product_tag-pretgrumbu-kopsana","15":"product_tag-pretnovecosanas-lidzeklis","16":"product_tag-tirs-skaistums","18":"first","19":"onbackorder","20":"taxable","21":"shipping-taxable","22":"purchasable","23":"product-type-simple"},"acf":[],"yoast_head":"<!-- This site is optimized with the Yoast SEO plugin v27.1.1 - https:\/\/yoast.com\/product\/yoast-seo-wordpress\/ -->\n<title>Bakuchiol skaistuma eliks\u012brs 15 ml - Puhdas+<\/title>\n<meta name=\"description\" content=\"Bakuchiol Beauty Booster Elixir ir dabiska retinola alternat\u012bva, kas mitrina, izl\u012bdzina grumbas un vienm\u0113r\u012bgi izl\u012bdzina \u0101das toni bez kairin\u0101juma.\" \/>\n<meta name=\"robots\" content=\"noindex, follow, max-snippet:-1, max-image-preview:large, max-video-preview:-1\" \/>\n<meta property=\"og:locale\" content=\"lv_LV\" \/>\n<meta property=\"og:type\" content=\"article\" \/>\n<meta property=\"og:title\" content=\"Bakuchiol skaistuma eliks\u012brs 15 ml - Puhdas+\" \/>\n<meta property=\"og:description\" content=\"Bakuchiol Beauty Booster Elixir ir dabiska retinola alternat\u012bva, kas mitrina, izl\u012bdzina grumbas un vienm\u0113r\u012bgi izl\u012bdzina \u0101das toni bez kairin\u0101juma.\" \/>\n<meta property=\"og:url\" content=\"https:\/\/test.puhdasplus.ee\/lv\/tooted\/kosmetika\/bakuchiol-skaistuma-eliksirs-15-ml\/\" \/>\n<meta property=\"og:site_name\" content=\"Puhdas+\" \/>\n<meta property=\"article:publisher\" content=\"https:\/\/www.facebook.com\/puhdasplus\" \/>\n<meta property=\"article:modified_time\" content=\"2026-02-23T18:14:52+00:00\" \/>\n<meta property=\"og:image\" content=\"https:\/\/test.puhdasplus.ee\/wp-content\/uploads\/2025\/03\/138.jpg\" \/>\n\t<meta property=\"og:image:width\" content=\"1862\" \/>\n\t<meta property=\"og:image:height\" content=\"2560\" \/>\n\t<meta property=\"og:image:type\" content=\"image\/jpeg\" \/>\n<meta name=\"twitter:card\" content=\"summary_large_image\" \/>\n<meta name=\"twitter:label1\" content=\"Est. reading time\" \/>\n\t<meta name=\"twitter:data1\" content=\"1 minute\" \/>\n<script type=\"application\/ld+json\" class=\"yoast-schema-graph\">{\"@context\":\"https:\/\/schema.org\",\"@graph\":[{\"@type\":\"WebPage\",\"@id\":\"https:\/\/test.puhdasplus.ee\/lv\/tooted\/kosmetika\/bakuchiol-skaistuma-eliksirs-15-ml\/\",\"url\":\"https:\/\/test.puhdasplus.ee\/lv\/tooted\/kosmetika\/bakuchiol-skaistuma-eliksirs-15-ml\/\",\"name\":\"Bakuchiol skaistuma eliks\u012brs 15 ml - Puhdas+\",\"isPartOf\":{\"@id\":\"https:\/\/test.puhdasplus.ee\/lv\/#website\"},\"primaryImageOfPage\":{\"@id\":\"https:\/\/test.puhdasplus.ee\/lv\/tooted\/kosmetika\/bakuchiol-skaistuma-eliksirs-15-ml\/#primaryimage\"},\"image\":{\"@id\":\"https:\/\/test.puhdasplus.ee\/lv\/tooted\/kosmetika\/bakuchiol-skaistuma-eliksirs-15-ml\/#primaryimage\"},\"thumbnailUrl\":\"https:\/\/test.puhdasplus.ee\/wp-content\/uploads\/2025\/03\/138.jpg\",\"datePublished\":\"2025-01-16T18:42:27+00:00\",\"dateModified\":\"2026-02-23T18:14:52+00:00\",\"description\":\"Bakuchiol Beauty Booster Elixir ir dabiska retinola alternat\u012bva, kas mitrina, izl\u012bdzina grumbas un vienm\u0113r\u012bgi izl\u012bdzina \u0101das toni bez kairin\u0101juma.\",\"breadcrumb\":{\"@id\":\"https:\/\/test.puhdasplus.ee\/lv\/tooted\/kosmetika\/bakuchiol-skaistuma-eliksirs-15-ml\/#breadcrumb\"},\"inLanguage\":\"lv-LV\",\"potentialAction\":[{\"@type\":\"ReadAction\",\"target\":[\"https:\/\/test.puhdasplus.ee\/lv\/tooted\/kosmetika\/bakuchiol-skaistuma-eliksirs-15-ml\/\"]}]},{\"@type\":\"ImageObject\",\"inLanguage\":\"lv-LV\",\"@id\":\"https:\/\/test.puhdasplus.ee\/lv\/tooted\/kosmetika\/bakuchiol-skaistuma-eliksirs-15-ml\/#primaryimage\",\"url\":\"https:\/\/test.puhdasplus.ee\/wp-content\/uploads\/2025\/03\/138.jpg\",\"contentUrl\":\"https:\/\/test.puhdasplus.ee\/wp-content\/uploads\/2025\/03\/138.jpg\",\"width\":1862,\"height\":2560,\"caption\":\"Bakuchiol Beauty Booster eliks\u012brs\"},{\"@type\":\"BreadcrumbList\",\"@id\":\"https:\/\/test.puhdasplus.ee\/lv\/tooted\/kosmetika\/bakuchiol-skaistuma-eliksirs-15-ml\/#breadcrumb\",\"itemListElement\":[{\"@type\":\"ListItem\",\"position\":1,\"name\":\"S\u0101kums\",\"item\":\"https:\/\/test.puhdasplus.ee\/lv\/\"},{\"@type\":\"ListItem\",\"position\":2,\"name\":\"Produkti\",\"item\":\"https:\/\/test.puhdasplus.ee\/lv\/veikals\/\"},{\"@type\":\"ListItem\",\"position\":3,\"name\":\"Bakuchiol skaistuma eliks\u012brs 15 ml\"}]},{\"@type\":\"WebSite\",\"@id\":\"https:\/\/test.puhdasplus.ee\/lv\/#website\",\"url\":\"https:\/\/test.puhdasplus.ee\/lv\/\",\"name\":\"Puhdas+\",\"description\":\"Vitamiinid, Toidulisandid, looduskosmeetika, tervis, sport\",\"publisher\":{\"@id\":\"https:\/\/test.puhdasplus.ee\/lv\/#organization\"},\"potentialAction\":[{\"@type\":\"SearchAction\",\"target\":{\"@type\":\"EntryPoint\",\"urlTemplate\":\"https:\/\/test.puhdasplus.ee\/lv\/?s={search_term_string}\"},\"query-input\":{\"@type\":\"PropertyValueSpecification\",\"valueRequired\":true,\"valueName\":\"search_term_string\"}}],\"inLanguage\":\"lv-LV\"},{\"@type\":\"Organization\",\"@id\":\"https:\/\/test.puhdasplus.ee\/lv\/#organization\",\"name\":\"Puhdas+\",\"alternateName\":\"Puhdasplus\",\"url\":\"https:\/\/test.puhdasplus.ee\/lv\/\",\"logo\":{\"@type\":\"ImageObject\",\"inLanguage\":\"lv-LV\",\"@id\":\"https:\/\/test.puhdasplus.ee\/lv\/#\/schema\/logo\/image\/\",\"url\":\"https:\/\/test.puhdasplus.ee\/\/wp-content\/uploads\/2019\/10\/puhdas_logo-arvele.png\",\"contentUrl\":\"https:\/\/test.puhdasplus.ee\/\/wp-content\/uploads\/2019\/10\/puhdas_logo-arvele.png\",\"width\":114,\"height\":94,\"caption\":\"Puhdas+\"},\"image\":{\"@id\":\"https:\/\/test.puhdasplus.ee\/lv\/#\/schema\/logo\/image\/\"},\"sameAs\":[\"https:\/\/www.facebook.com\/puhdasplus\",\"https:\/\/www.instagram.com\/puhdasplus_ee\/\"]}]}<\/script>\n<!-- \/ Yoast SEO plugin. -->","yoast_head_json":{"title":"Bakuchiol skaistuma eliks\u012brs 15 ml - Puhdas+","description":"Bakuchiol Beauty Booster Elixir ir dabiska retinola alternat\u012bva, kas mitrina, izl\u012bdzina grumbas un vienm\u0113r\u012bgi izl\u012bdzina \u0101das toni bez kairin\u0101juma.","robots":{"index":"noindex","follow":"follow","max-snippet":"max-snippet:-1","max-image-preview":"max-image-preview:large","max-video-preview":"max-video-preview:-1"},"og_locale":"lv_LV","og_type":"article","og_title":"Bakuchiol skaistuma eliks\u012brs 15 ml - Puhdas+","og_description":"Bakuchiol Beauty Booster Elixir ir dabiska retinola alternat\u012bva, kas mitrina, izl\u012bdzina grumbas un vienm\u0113r\u012bgi izl\u012bdzina \u0101das toni bez kairin\u0101juma.","og_url":"https:\/\/test.puhdasplus.ee\/lv\/tooted\/kosmetika\/bakuchiol-skaistuma-eliksirs-15-ml\/","og_site_name":"Puhdas+","article_publisher":"https:\/\/www.facebook.com\/puhdasplus","article_modified_time":"2026-02-23T18:14:52+00:00","og_image":[{"width":1862,"height":2560,"url":"https:\/\/test.puhdasplus.ee\/wp-content\/uploads\/2025\/03\/138.jpg","type":"image\/jpeg"}],"twitter_card":"summary_large_image","twitter_misc":{"Est. reading time":"1 minute"},"schema":{"@context":"https:\/\/schema.org","@graph":[{"@type":"WebPage","@id":"https:\/\/test.puhdasplus.ee\/lv\/tooted\/kosmetika\/bakuchiol-skaistuma-eliksirs-15-ml\/","url":"https:\/\/test.puhdasplus.ee\/lv\/tooted\/kosmetika\/bakuchiol-skaistuma-eliksirs-15-ml\/","name":"Bakuchiol skaistuma eliks\u012brs 15 ml - Puhdas+","isPartOf":{"@id":"https:\/\/test.puhdasplus.ee\/lv\/#website"},"primaryImageOfPage":{"@id":"https:\/\/test.puhdasplus.ee\/lv\/tooted\/kosmetika\/bakuchiol-skaistuma-eliksirs-15-ml\/#primaryimage"},"image":{"@id":"https:\/\/test.puhdasplus.ee\/lv\/tooted\/kosmetika\/bakuchiol-skaistuma-eliksirs-15-ml\/#primaryimage"},"thumbnailUrl":"https:\/\/test.puhdasplus.ee\/wp-content\/uploads\/2025\/03\/138.jpg","datePublished":"2025-01-16T18:42:27+00:00","dateModified":"2026-02-23T18:14:52+00:00","description":"Bakuchiol Beauty Booster Elixir ir dabiska retinola alternat\u012bva, kas mitrina, izl\u012bdzina grumbas un vienm\u0113r\u012bgi izl\u012bdzina \u0101das toni bez kairin\u0101juma.","breadcrumb":{"@id":"https:\/\/test.puhdasplus.ee\/lv\/tooted\/kosmetika\/bakuchiol-skaistuma-eliksirs-15-ml\/#breadcrumb"},"inLanguage":"lv-LV","potentialAction":[{"@type":"ReadAction","target":["https:\/\/test.puhdasplus.ee\/lv\/tooted\/kosmetika\/bakuchiol-skaistuma-eliksirs-15-ml\/"]}]},{"@type":"ImageObject","inLanguage":"lv-LV","@id":"https:\/\/test.puhdasplus.ee\/lv\/tooted\/kosmetika\/bakuchiol-skaistuma-eliksirs-15-ml\/#primaryimage","url":"https:\/\/test.puhdasplus.ee\/wp-content\/uploads\/2025\/03\/138.jpg","contentUrl":"https:\/\/test.puhdasplus.ee\/wp-content\/uploads\/2025\/03\/138.jpg","width":1862,"height":2560,"caption":"Bakuchiol Beauty Booster eliks\u012brs"},{"@type":"BreadcrumbList","@id":"https:\/\/test.puhdasplus.ee\/lv\/tooted\/kosmetika\/bakuchiol-skaistuma-eliksirs-15-ml\/#breadcrumb","itemListElement":[{"@type":"ListItem","position":1,"name":"S\u0101kums","item":"https:\/\/test.puhdasplus.ee\/lv\/"},{"@type":"ListItem","position":2,"name":"Produkti","item":"https:\/\/test.puhdasplus.ee\/lv\/veikals\/"},{"@type":"ListItem","position":3,"name":"Bakuchiol skaistuma eliks\u012brs 15 ml"}]},{"@type":"WebSite","@id":"https:\/\/test.puhdasplus.ee\/lv\/#website","url":"https:\/\/test.puhdasplus.ee\/lv\/","name":"Puhdas+","description":"Vitamiinid, Toidulisandid, looduskosmeetika, tervis, sport","publisher":{"@id":"https:\/\/test.puhdasplus.ee\/lv\/#organization"},"potentialAction":[{"@type":"SearchAction","target":{"@type":"EntryPoint","urlTemplate":"https:\/\/test.puhdasplus.ee\/lv\/?s={search_term_string}"},"query-input":{"@type":"PropertyValueSpecification","valueRequired":true,"valueName":"search_term_string"}}],"inLanguage":"lv-LV"},{"@type":"Organization","@id":"https:\/\/test.puhdasplus.ee\/lv\/#organization","name":"Puhdas+","alternateName":"Puhdasplus","url":"https:\/\/test.puhdasplus.ee\/lv\/","logo":{"@type":"ImageObject","inLanguage":"lv-LV","@id":"https:\/\/test.puhdasplus.ee\/lv\/#\/schema\/logo\/image\/","url":"https:\/\/test.puhdasplus.ee\/\/wp-content\/uploads\/2019\/10\/puhdas_logo-arvele.png","contentUrl":"https:\/\/test.puhdasplus.ee\/\/wp-content\/uploads\/2019\/10\/puhdas_logo-arvele.png","width":114,"height":94,"caption":"Puhdas+"},"image":{"@id":"https:\/\/test.puhdasplus.ee\/lv\/#\/schema\/logo\/image\/"},"sameAs":["https:\/\/www.facebook.com\/puhdasplus","https:\/\/www.instagram.com\/puhdasplus_ee\/"]}]}},"_links":{"self":[{"href":"https:\/\/test.puhdasplus.ee\/lv\/wp-json\/wp\/v2\/product\/32969","targetHints":{"allow":["GET"]}}],"collection":[{"href":"https:\/\/test.puhdasplus.ee\/lv\/wp-json\/wp\/v2\/product"}],"about":[{"href":"https:\/\/test.puhdasplus.ee\/lv\/wp-json\/wp\/v2\/types\/product"}],"replies":[{"embeddable":true,"href":"https:\/\/test.puhdasplus.ee\/lv\/wp-json\/wp\/v2\/comments?post=32969"}],"wp:featuredmedia":[{"embeddable":true,"href":"https:\/\/test.puhdasplus.ee\/lv\/wp-json\/wp\/v2\/media\/32973"}],"wp:attachment":[{"href":"https:\/\/test.puhdasplus.ee\/lv\/wp-json\/wp\/v2\/media?parent=32969"}],"wp:term":[{"taxonomy":"product_brand","embeddable":true,"href":"https:\/\/test.puhdasplus.ee\/lv\/wp-json\/wp\/v2\/product_brand?post=32969"},{"taxonomy":"product_cat","embeddable":true,"href":"https:\/\/test.puhdasplus.ee\/lv\/wp-json\/wp\/v2\/product_cat?post=32969"},{"taxonomy":"product_tag","embeddable":true,"href":"https:\/\/test.puhdasplus.ee\/lv\/wp-json\/wp\/v2\/product_tag?post=32969"}],"curies":[{"name":"wp","href":"https:\/\/api.w.org\/{rel}","templated":true}]}}