{"id":32951,"date":"2025-01-16T20:39:19","date_gmt":"2025-01-16T18:39:19","guid":{"rendered":"https:\/\/test.puhdasplus.ee\/\/tooted\/uncategorized\/bakuchiol-skaistuma-krems-50-ml\/"},"modified":"2026-02-23T20:15:33","modified_gmt":"2026-02-23T18:15:33","slug":"bakuchiol-skaistuma-krems-50-ml","status":"publish","type":"product","link":"https:\/\/test.puhdasplus.ee\/lv\/tooted\/kosmetika\/bakuchiol-skaistuma-krems-50-ml\/","title":{"rendered":"Bakuchiol skaistuma kr\u0113ms 50 ml"},"content":{"rendered":"<p>Bakuchiol Beauty Booster kr\u0113ms ir dabiska un maiga, tom\u0113r efekt\u012bva alternat\u012bva retinolam. Bakuchiols, akt\u012bv\u0101 sast\u0101vda\u013ca, kas ieg\u016bta no augu avotiem, pal\u012bdz stimul\u0113t kolag\u0113na ra\u017eo\u0161anu, uzlabot \u0101das tekst\u016bru un samazin\u0101t grumbas bez \u0101das kairin\u0101juma. Kr\u0113ms dzi\u013ci mitrina, izl\u012bdzina \u0101das toni un atbalsta \u0101das dabisko atjauno\u0161anos. Lieliski piem\u0113rots jut\u012bgai \u0101dai un piem\u0113rots ikdienas lieto\u0161anai gan no r\u012bta, gan vakar\u0101. Dab\u012bgs sejas kr\u0113ms ar bakuchiolu, kas izl\u012bdzina grumbas, uzlabo \u0101das elast\u012bbu un dzi\u013ci mitrina.   <\/p>\n<p data-start=\"579\" data-end=\"603\"><strong data-start=\"579\" data-end=\"601\">Lieto\u0161anas instrukcija:<\/strong><\/p>\n<ol data-start=\"604\" data-end=\"905\">\n<li data-start=\"604\" data-end=\"659\">Pirms kr\u0113ma uzkl\u0101\u0161anas not\u012briet un nosusiniet \u0101du.<\/li>\n<li data-start=\"660\" data-end=\"755\">Uzkl\u0101jiet nelielu daudzumu kr\u0113ma uz sejas un kakla \u0101das un viegli iemas\u0113jiet \u0101d\u0101, l\u012bdz tas ies\u016bcas.<\/li>\n<li data-start=\"756\" data-end=\"822\">Lietojiet no r\u012bta un\/vai vakar\u0101 k\u0101 da\u013cu no ikdienas \u0101das kop\u0161anas rut\u012bnas.<\/li>\n<li data-start=\"823\" data-end=\"905\">Piem\u0113rots ar\u012b jut\u012bgai \u0101dai un var lietot kop\u0101 ar citiem \u0101das kop\u0161anas l\u012bdzek\u013ciem.<\/li>\n<\/ol>\n<p data-start=\"907\" data-end=\"1090\"><strong data-start=\"907\" data-end=\"923\">Sast\u0101vda\u013cas:<\/strong><br data-start=\"923\" data-end=\"926\"> \u016adens, baku\u010diols, hialuronsk\u0101be, glicer\u012bns, alvejas (Aloe Barbadensis) lapu sula, jojobas e\u013c\u013ca, \u0161\u012b sviests, dab\u012bgie ekstrakti, E vitam\u012bns, fenoksietanols, etilheksilglicer\u012bns.<\/p>\n","protected":false},"excerpt":{"rendered":"<p>Dab\u012bgs sejas kr\u0113ms ar bakuchiolu, kas izl\u012bdzina grumbas, uzlabo \u0101das elast\u012bbu un dzi\u013ci mitrina.<\/p>\n","protected":false},"featured_media":32957,"comment_status":"closed","ping_status":"closed","template":"","meta":{"_acf_changed":false},"product_brand":[],"product_cat":[2533],"product_tag":[2537,2630,2641,2638,2642,2640,2631,2635,2633],"class_list":{"0":"post-32951","1":"product","2":"type-product","3":"status-publish","4":"has-post-thumbnail","6":"product_cat-kosmetika","7":"product_tag-adas-elastiba","8":"product_tag-adas-kopsana","9":"product_tag-bakuchiola-krems","10":"product_tag-dabiska-aprupe","11":"product_tag-dabiska-retinola-alternativa","12":"product_tag-dzili-mitrinoss","13":"product_tag-jutigai-adai","14":"product_tag-pretgrumbu-krems","15":"product_tag-pretnovecosanas-lidzeklis","17":"first","18":"onbackorder","19":"taxable","20":"shipping-taxable","21":"purchasable","22":"product-type-simple"},"acf":[],"yoast_head":"<!-- This site is optimized with the Yoast SEO plugin v27.1.1 - https:\/\/yoast.com\/product\/yoast-seo-wordpress\/ -->\n<title>Bakuchiol skaistuma kr\u0113ms 50 ml - Puhdas+<\/title>\n<meta name=\"description\" content=\"Pure+ Bakuchiol Beauty Booster \u2013 dab\u012bgs un veg\u0101nisks bakuchiol kr\u0113ms, piem\u0113rots ikdienas \u0101das kop\u0161anai. T\u012brs sast\u0101vs, nesatur piedevas.\" \/>\n<meta name=\"robots\" content=\"noindex, follow, max-snippet:-1, max-image-preview:large, max-video-preview:-1\" \/>\n<meta property=\"og:locale\" content=\"lv_LV\" \/>\n<meta property=\"og:type\" content=\"article\" \/>\n<meta property=\"og:title\" content=\"Bakuchiol skaistuma kr\u0113ms 50 ml - Puhdas+\" \/>\n<meta property=\"og:description\" content=\"Pure+ Bakuchiol Beauty Booster \u2013 dab\u012bgs un veg\u0101nisks bakuchiol kr\u0113ms, piem\u0113rots ikdienas \u0101das kop\u0161anai. T\u012brs sast\u0101vs, nesatur piedevas.\" \/>\n<meta property=\"og:url\" content=\"https:\/\/test.puhdasplus.ee\/lv\/tooted\/kosmetika\/bakuchiol-skaistuma-krems-50-ml\/\" \/>\n<meta property=\"og:site_name\" content=\"Puhdas+\" \/>\n<meta property=\"article:publisher\" content=\"https:\/\/www.facebook.com\/puhdasplus\" \/>\n<meta property=\"article:modified_time\" content=\"2026-02-23T18:15:33+00:00\" \/>\n<meta property=\"og:image\" content=\"https:\/\/test.puhdasplus.ee\/wp-content\/uploads\/2025\/03\/140.jpg\" \/>\n\t<meta property=\"og:image:width\" content=\"1862\" \/>\n\t<meta property=\"og:image:height\" content=\"2560\" \/>\n\t<meta property=\"og:image:type\" content=\"image\/jpeg\" \/>\n<meta name=\"twitter:card\" content=\"summary_large_image\" \/>\n<meta name=\"twitter:label1\" content=\"Est. reading time\" \/>\n\t<meta name=\"twitter:data1\" content=\"1 minute\" \/>\n<script type=\"application\/ld+json\" class=\"yoast-schema-graph\">{\"@context\":\"https:\/\/schema.org\",\"@graph\":[{\"@type\":\"WebPage\",\"@id\":\"https:\/\/test.puhdasplus.ee\/lv\/tooted\/kosmetika\/bakuchiol-skaistuma-krems-50-ml\/\",\"url\":\"https:\/\/test.puhdasplus.ee\/lv\/tooted\/kosmetika\/bakuchiol-skaistuma-krems-50-ml\/\",\"name\":\"Bakuchiol skaistuma kr\u0113ms 50 ml - Puhdas+\",\"isPartOf\":{\"@id\":\"https:\/\/test.puhdasplus.ee\/lv\/#website\"},\"primaryImageOfPage\":{\"@id\":\"https:\/\/test.puhdasplus.ee\/lv\/tooted\/kosmetika\/bakuchiol-skaistuma-krems-50-ml\/#primaryimage\"},\"image\":{\"@id\":\"https:\/\/test.puhdasplus.ee\/lv\/tooted\/kosmetika\/bakuchiol-skaistuma-krems-50-ml\/#primaryimage\"},\"thumbnailUrl\":\"https:\/\/test.puhdasplus.ee\/wp-content\/uploads\/2025\/03\/140.jpg\",\"datePublished\":\"2025-01-16T18:39:19+00:00\",\"dateModified\":\"2026-02-23T18:15:33+00:00\",\"description\":\"Pure+ Bakuchiol Beauty Booster \u2013 dab\u012bgs un veg\u0101nisks bakuchiol kr\u0113ms, piem\u0113rots ikdienas \u0101das kop\u0161anai. T\u012brs sast\u0101vs, nesatur piedevas.\",\"breadcrumb\":{\"@id\":\"https:\/\/test.puhdasplus.ee\/lv\/tooted\/kosmetika\/bakuchiol-skaistuma-krems-50-ml\/#breadcrumb\"},\"inLanguage\":\"lv-LV\",\"potentialAction\":[{\"@type\":\"ReadAction\",\"target\":[\"https:\/\/test.puhdasplus.ee\/lv\/tooted\/kosmetika\/bakuchiol-skaistuma-krems-50-ml\/\"]}]},{\"@type\":\"ImageObject\",\"inLanguage\":\"lv-LV\",\"@id\":\"https:\/\/test.puhdasplus.ee\/lv\/tooted\/kosmetika\/bakuchiol-skaistuma-krems-50-ml\/#primaryimage\",\"url\":\"https:\/\/test.puhdasplus.ee\/wp-content\/uploads\/2025\/03\/140.jpg\",\"contentUrl\":\"https:\/\/test.puhdasplus.ee\/wp-content\/uploads\/2025\/03\/140.jpg\",\"width\":1862,\"height\":2560,\"caption\":\"Bakuchiol Beauty Booster kr\u0113ms\"},{\"@type\":\"BreadcrumbList\",\"@id\":\"https:\/\/test.puhdasplus.ee\/lv\/tooted\/kosmetika\/bakuchiol-skaistuma-krems-50-ml\/#breadcrumb\",\"itemListElement\":[{\"@type\":\"ListItem\",\"position\":1,\"name\":\"S\u0101kums\",\"item\":\"https:\/\/test.puhdasplus.ee\/lv\/\"},{\"@type\":\"ListItem\",\"position\":2,\"name\":\"Produkti\",\"item\":\"https:\/\/test.puhdasplus.ee\/lv\/veikals\/\"},{\"@type\":\"ListItem\",\"position\":3,\"name\":\"Bakuchiol skaistuma kr\u0113ms 50 ml\"}]},{\"@type\":\"WebSite\",\"@id\":\"https:\/\/test.puhdasplus.ee\/lv\/#website\",\"url\":\"https:\/\/test.puhdasplus.ee\/lv\/\",\"name\":\"Puhdas+\",\"description\":\"Vitamiinid, Toidulisandid, looduskosmeetika, tervis, sport\",\"publisher\":{\"@id\":\"https:\/\/test.puhdasplus.ee\/lv\/#organization\"},\"potentialAction\":[{\"@type\":\"SearchAction\",\"target\":{\"@type\":\"EntryPoint\",\"urlTemplate\":\"https:\/\/test.puhdasplus.ee\/lv\/?s={search_term_string}\"},\"query-input\":{\"@type\":\"PropertyValueSpecification\",\"valueRequired\":true,\"valueName\":\"search_term_string\"}}],\"inLanguage\":\"lv-LV\"},{\"@type\":\"Organization\",\"@id\":\"https:\/\/test.puhdasplus.ee\/lv\/#organization\",\"name\":\"Puhdas+\",\"alternateName\":\"Puhdasplus\",\"url\":\"https:\/\/test.puhdasplus.ee\/lv\/\",\"logo\":{\"@type\":\"ImageObject\",\"inLanguage\":\"lv-LV\",\"@id\":\"https:\/\/test.puhdasplus.ee\/lv\/#\/schema\/logo\/image\/\",\"url\":\"https:\/\/test.puhdasplus.ee\/\/wp-content\/uploads\/2019\/10\/puhdas_logo-arvele.png\",\"contentUrl\":\"https:\/\/test.puhdasplus.ee\/\/wp-content\/uploads\/2019\/10\/puhdas_logo-arvele.png\",\"width\":114,\"height\":94,\"caption\":\"Puhdas+\"},\"image\":{\"@id\":\"https:\/\/test.puhdasplus.ee\/lv\/#\/schema\/logo\/image\/\"},\"sameAs\":[\"https:\/\/www.facebook.com\/puhdasplus\",\"https:\/\/www.instagram.com\/puhdasplus_ee\/\"]}]}<\/script>\n<!-- \/ Yoast SEO plugin. -->","yoast_head_json":{"title":"Bakuchiol skaistuma kr\u0113ms 50 ml - Puhdas+","description":"Pure+ Bakuchiol Beauty Booster \u2013 dab\u012bgs un veg\u0101nisks bakuchiol kr\u0113ms, piem\u0113rots ikdienas \u0101das kop\u0161anai. T\u012brs sast\u0101vs, nesatur piedevas.","robots":{"index":"noindex","follow":"follow","max-snippet":"max-snippet:-1","max-image-preview":"max-image-preview:large","max-video-preview":"max-video-preview:-1"},"og_locale":"lv_LV","og_type":"article","og_title":"Bakuchiol skaistuma kr\u0113ms 50 ml - Puhdas+","og_description":"Pure+ Bakuchiol Beauty Booster \u2013 dab\u012bgs un veg\u0101nisks bakuchiol kr\u0113ms, piem\u0113rots ikdienas \u0101das kop\u0161anai. T\u012brs sast\u0101vs, nesatur piedevas.","og_url":"https:\/\/test.puhdasplus.ee\/lv\/tooted\/kosmetika\/bakuchiol-skaistuma-krems-50-ml\/","og_site_name":"Puhdas+","article_publisher":"https:\/\/www.facebook.com\/puhdasplus","article_modified_time":"2026-02-23T18:15:33+00:00","og_image":[{"width":1862,"height":2560,"url":"https:\/\/test.puhdasplus.ee\/wp-content\/uploads\/2025\/03\/140.jpg","type":"image\/jpeg"}],"twitter_card":"summary_large_image","twitter_misc":{"Est. reading time":"1 minute"},"schema":{"@context":"https:\/\/schema.org","@graph":[{"@type":"WebPage","@id":"https:\/\/test.puhdasplus.ee\/lv\/tooted\/kosmetika\/bakuchiol-skaistuma-krems-50-ml\/","url":"https:\/\/test.puhdasplus.ee\/lv\/tooted\/kosmetika\/bakuchiol-skaistuma-krems-50-ml\/","name":"Bakuchiol skaistuma kr\u0113ms 50 ml - Puhdas+","isPartOf":{"@id":"https:\/\/test.puhdasplus.ee\/lv\/#website"},"primaryImageOfPage":{"@id":"https:\/\/test.puhdasplus.ee\/lv\/tooted\/kosmetika\/bakuchiol-skaistuma-krems-50-ml\/#primaryimage"},"image":{"@id":"https:\/\/test.puhdasplus.ee\/lv\/tooted\/kosmetika\/bakuchiol-skaistuma-krems-50-ml\/#primaryimage"},"thumbnailUrl":"https:\/\/test.puhdasplus.ee\/wp-content\/uploads\/2025\/03\/140.jpg","datePublished":"2025-01-16T18:39:19+00:00","dateModified":"2026-02-23T18:15:33+00:00","description":"Pure+ Bakuchiol Beauty Booster \u2013 dab\u012bgs un veg\u0101nisks bakuchiol kr\u0113ms, piem\u0113rots ikdienas \u0101das kop\u0161anai. T\u012brs sast\u0101vs, nesatur piedevas.","breadcrumb":{"@id":"https:\/\/test.puhdasplus.ee\/lv\/tooted\/kosmetika\/bakuchiol-skaistuma-krems-50-ml\/#breadcrumb"},"inLanguage":"lv-LV","potentialAction":[{"@type":"ReadAction","target":["https:\/\/test.puhdasplus.ee\/lv\/tooted\/kosmetika\/bakuchiol-skaistuma-krems-50-ml\/"]}]},{"@type":"ImageObject","inLanguage":"lv-LV","@id":"https:\/\/test.puhdasplus.ee\/lv\/tooted\/kosmetika\/bakuchiol-skaistuma-krems-50-ml\/#primaryimage","url":"https:\/\/test.puhdasplus.ee\/wp-content\/uploads\/2025\/03\/140.jpg","contentUrl":"https:\/\/test.puhdasplus.ee\/wp-content\/uploads\/2025\/03\/140.jpg","width":1862,"height":2560,"caption":"Bakuchiol Beauty Booster kr\u0113ms"},{"@type":"BreadcrumbList","@id":"https:\/\/test.puhdasplus.ee\/lv\/tooted\/kosmetika\/bakuchiol-skaistuma-krems-50-ml\/#breadcrumb","itemListElement":[{"@type":"ListItem","position":1,"name":"S\u0101kums","item":"https:\/\/test.puhdasplus.ee\/lv\/"},{"@type":"ListItem","position":2,"name":"Produkti","item":"https:\/\/test.puhdasplus.ee\/lv\/veikals\/"},{"@type":"ListItem","position":3,"name":"Bakuchiol skaistuma kr\u0113ms 50 ml"}]},{"@type":"WebSite","@id":"https:\/\/test.puhdasplus.ee\/lv\/#website","url":"https:\/\/test.puhdasplus.ee\/lv\/","name":"Puhdas+","description":"Vitamiinid, Toidulisandid, looduskosmeetika, tervis, sport","publisher":{"@id":"https:\/\/test.puhdasplus.ee\/lv\/#organization"},"potentialAction":[{"@type":"SearchAction","target":{"@type":"EntryPoint","urlTemplate":"https:\/\/test.puhdasplus.ee\/lv\/?s={search_term_string}"},"query-input":{"@type":"PropertyValueSpecification","valueRequired":true,"valueName":"search_term_string"}}],"inLanguage":"lv-LV"},{"@type":"Organization","@id":"https:\/\/test.puhdasplus.ee\/lv\/#organization","name":"Puhdas+","alternateName":"Puhdasplus","url":"https:\/\/test.puhdasplus.ee\/lv\/","logo":{"@type":"ImageObject","inLanguage":"lv-LV","@id":"https:\/\/test.puhdasplus.ee\/lv\/#\/schema\/logo\/image\/","url":"https:\/\/test.puhdasplus.ee\/\/wp-content\/uploads\/2019\/10\/puhdas_logo-arvele.png","contentUrl":"https:\/\/test.puhdasplus.ee\/\/wp-content\/uploads\/2019\/10\/puhdas_logo-arvele.png","width":114,"height":94,"caption":"Puhdas+"},"image":{"@id":"https:\/\/test.puhdasplus.ee\/lv\/#\/schema\/logo\/image\/"},"sameAs":["https:\/\/www.facebook.com\/puhdasplus","https:\/\/www.instagram.com\/puhdasplus_ee\/"]}]}},"_links":{"self":[{"href":"https:\/\/test.puhdasplus.ee\/lv\/wp-json\/wp\/v2\/product\/32951","targetHints":{"allow":["GET"]}}],"collection":[{"href":"https:\/\/test.puhdasplus.ee\/lv\/wp-json\/wp\/v2\/product"}],"about":[{"href":"https:\/\/test.puhdasplus.ee\/lv\/wp-json\/wp\/v2\/types\/product"}],"replies":[{"embeddable":true,"href":"https:\/\/test.puhdasplus.ee\/lv\/wp-json\/wp\/v2\/comments?post=32951"}],"wp:featuredmedia":[{"embeddable":true,"href":"https:\/\/test.puhdasplus.ee\/lv\/wp-json\/wp\/v2\/media\/32957"}],"wp:attachment":[{"href":"https:\/\/test.puhdasplus.ee\/lv\/wp-json\/wp\/v2\/media?parent=32951"}],"wp:term":[{"taxonomy":"product_brand","embeddable":true,"href":"https:\/\/test.puhdasplus.ee\/lv\/wp-json\/wp\/v2\/product_brand?post=32951"},{"taxonomy":"product_cat","embeddable":true,"href":"https:\/\/test.puhdasplus.ee\/lv\/wp-json\/wp\/v2\/product_cat?post=32951"},{"taxonomy":"product_tag","embeddable":true,"href":"https:\/\/test.puhdasplus.ee\/lv\/wp-json\/wp\/v2\/product_tag?post=32951"}],"curies":[{"name":"wp","href":"https:\/\/api.w.org\/{rel}","templated":true}]}}