{"id":32945,"date":"2025-01-17T10:56:36","date_gmt":"2025-01-17T08:56:36","guid":{"rendered":"https:\/\/test.puhdasplus.ee\/\/tooted\/uncategorized\/skaistumkopsanas-ella-jojobas-ella-50-ml\/"},"modified":"2026-02-23T20:13:52","modified_gmt":"2026-02-23T18:13:52","slug":"skaistumkopsanas-ella-jojobas-ella-50-ml","status":"publish","type":"product","link":"https:\/\/test.puhdasplus.ee\/lv\/tooted\/kosmetika\/skaistumkopsanas-ella-jojobas-ella-50-ml\/","title":{"rendered":"Skaistumkop\u0161anas e\u013c\u013ca Jojobas e\u013c\u013ca 50 ml"},"content":{"rendered":"<p>Skaistumkop\u0161anas e\u013c\u013ca. Jojobas e\u013c\u013ca ir 100% dab\u012bga un auksti spiesta e\u013c\u013ca, kas dzi\u013ci mitrina, atjauno \u0101das dabisko l\u012bdzsvaru un aizsarg\u0101 pret sausumu. Jojobas e\u013c\u013ca ir paz\u012bstama ar sav\u0101m <strong data-start=\"280\" data-end=\"306\">\u0101du l\u012bdzsvarojo\u0161aj\u0101m<\/strong> , <strong data-start=\"308\" data-end=\"328\">pretiekaisuma<\/strong> un <strong data-start=\"332\" data-end=\"353\">barojo\u0161aj\u0101m \u012bpa\u0161\u012bb\u0101m<\/strong> , padarot to ide\u0101li piem\u0113rotu gan taukainai, gan sausai \u0101dai. E\u013c\u013ca \u0101tri ies\u016bcas, neaizsprosto poras un pal\u012bdz regul\u0113t \u0101das sebuma izdal\u012b\u0161anos. Turkl\u0101t t\u0101 stiprina matus, baro galvas \u0101du un aizsarg\u0101 matus no mitruma zuduma. Lieliski piem\u0113rota sejas, \u0137erme\u0146a, matu un nagu ikdienas kop\u0161anai.    <\/p>\n<h4 data-start=\"786\" data-end=\"815\"><strong data-start=\"791\" data-end=\"813\">Lieto\u0161anas instrukcija:<\/strong><\/h4>\n<ol data-start=\"816\" data-end=\"1184\">\n<li data-start=\"816\" data-end=\"919\"><strong data-start=\"819\" data-end=\"839\">Sejai un \u0137ermenim:<\/strong> Uzkl\u0101jiet nelielu daudzumu e\u013c\u013cas uz t\u012bras \u0101das un viegli iemas\u0113jiet, l\u012bdz t\u0101 ies\u016bcas.<\/li>\n<li data-start=\"920\" data-end=\"1012\"><strong data-start=\"923\" data-end=\"936\">Matiem:<\/strong> Iemas\u0113jiet da\u017eus pilienus e\u013c\u013cas matu galos, lai nov\u0113rstu matu l\u016b\u0161anu un sausumu.<\/li>\n<li data-start=\"1013\" data-end=\"1094\"><strong data-start=\"1016\" data-end=\"1030\">Galvas \u0101dai:<\/strong> iemas\u0113jiet e\u013c\u013cu galvas \u0101d\u0101, lai mazin\u0101tu lob\u012b\u0161anos un niezi.<\/li>\n<li data-start=\"1095\" data-end=\"1184\"><strong data-start=\"1098\" data-end=\"1111\">Nagu kop\u0161anai:<\/strong> Uzkl\u0101jiet e\u013c\u013cu uz kutikul\u0101m un nagiem, lai tos stiprin\u0101tu un mitrin\u0101tu.<\/li>\n<\/ol>\n<h4 data-start=\"1186\" data-end=\"1229\"><strong data-start=\"1191\" data-end=\"1227\">Sast\u0101vda\u013cas un to priek\u0161roc\u012bbas:<\/strong><\/h4>\n<ul data-start=\"1230\" data-end=\"1620\">\n<li data-start=\"1230\" data-end=\"1377\"><strong data-start=\"1232\" data-end=\"1286\">100% t\u012bra Simmondsia Chinensis (jojobas) s\u0113klu e\u013c\u013ca<\/strong> \u2013 atdarina \u0101das dabisko sebumu, dzi\u013ci mitrina un pal\u012bdz l\u012bdzsvarot sebuma sekr\u0113ciju.<\/li>\n<li data-start=\"1378\" data-end=\"1501\"><strong data-start=\"1380\" data-end=\"1394\">E vitam\u012bns<\/strong> \u2013 dab\u012bgs antioksidants, kas aizsarg\u0101 \u0101du no apk\u0101rt\u0113j\u0101s vides ietekmes un saglab\u0101 to jaunekl\u012bgu un elast\u012bgu.<\/li>\n<li data-start=\"1502\" data-end=\"1620\"><strong data-start=\"1504\" data-end=\"1530\">Neaizvietojam\u0101s tauksk\u0101bes<\/strong> \u2013 pal\u012bdz uztur\u0113t \u0101das dabisko mitruma l\u012bdzsvaru un stiprina t\u0101s aizsargbarjeru.<\/li>\n<\/ul>\n","protected":false},"excerpt":{"rendered":"<p>Dab\u012bga jojobas e\u013c\u013ca, kas mitrina, l\u012bdzsvaro sebuma izdal\u012b\u0161anos un aizsarg\u0101 \u0101du no sausuma.<\/p>\n","protected":false},"featured_media":32947,"comment_status":"closed","ping_status":"closed","template":"","meta":{"_acf_changed":false},"product_brand":[],"product_cat":[2533],"product_tag":[2624,2558,2585,2541,2579,2621,2580,2588,2623,2622,2559],"class_list":{"0":"post-32945","1":"product","2":"type-product","3":"status-publish","4":"has-post-thumbnail","6":"product_cat-kosmetika","7":"product_tag-adas-atjaunojosa-ella","8":"product_tag-antioksidantu-aprupe","9":"product_tag-dabigs-mitrinatajs","10":"product_tag-dabiska-skaistumkopsana","11":"product_tag-e-vitamins","12":"product_tag-jojobas-ella","13":"product_tag-matu-kopsana","14":"product_tag-nagu-kopsana","15":"product_tag-sausai-un-taukainai-adai","16":"product_tag-sebuma-sekrecijas-lidzsvarosana","17":"product_tag-tirs-skaistums","19":"first","20":"onbackorder","21":"taxable","22":"shipping-taxable","23":"purchasable","24":"product-type-simple"},"acf":[],"yoast_head":"<!-- This site is optimized with the Yoast SEO plugin v27.1.1 - https:\/\/yoast.com\/product\/yoast-seo-wordpress\/ -->\n<title>Skaistumkop\u0161anas e\u013c\u013ca Jojobas e\u013c\u013ca 50 ml - Puhdas+<\/title>\n<meta name=\"description\" content=\"Skaistumkop\u0161anas e\u013c\u013ca Jojobas e\u013c\u013ca 50 ml ir 100% dab\u012bga un dzi\u013ci mitrino\u0161a e\u013c\u013ca, kas l\u012bdzsvaro sebuma izdal\u012b\u0161anos un baro \u0101du un matus. Piem\u0113rota visiem \u0101das tipiem!\" \/>\n<meta name=\"robots\" content=\"noindex, follow, max-snippet:-1, max-image-preview:large, max-video-preview:-1\" \/>\n<meta property=\"og:locale\" content=\"lv_LV\" \/>\n<meta property=\"og:type\" content=\"article\" \/>\n<meta property=\"og:title\" content=\"Skaistumkop\u0161anas e\u013c\u013ca Jojobas e\u013c\u013ca 50 ml - Puhdas+\" \/>\n<meta property=\"og:description\" content=\"Skaistumkop\u0161anas e\u013c\u013ca Jojobas e\u013c\u013ca 50 ml ir 100% dab\u012bga un dzi\u013ci mitrino\u0161a e\u013c\u013ca, kas l\u012bdzsvaro sebuma izdal\u012b\u0161anos un baro \u0101du un matus. Piem\u0113rota visiem \u0101das tipiem!\" \/>\n<meta property=\"og:url\" content=\"https:\/\/test.puhdasplus.ee\/lv\/tooted\/kosmetika\/skaistumkopsanas-ella-jojobas-ella-50-ml\/\" \/>\n<meta property=\"og:site_name\" content=\"Puhdas+\" \/>\n<meta property=\"article:publisher\" content=\"https:\/\/www.facebook.com\/puhdasplus\" \/>\n<meta property=\"article:modified_time\" content=\"2026-02-23T18:13:52+00:00\" \/>\n<meta property=\"og:image\" content=\"https:\/\/test.puhdasplus.ee\/wp-content\/uploads\/2025\/03\/132.jpg\" \/>\n\t<meta property=\"og:image:width\" content=\"1862\" \/>\n\t<meta property=\"og:image:height\" content=\"2560\" \/>\n\t<meta property=\"og:image:type\" content=\"image\/jpeg\" \/>\n<meta name=\"twitter:card\" content=\"summary_large_image\" \/>\n<meta name=\"twitter:label1\" content=\"Est. reading time\" \/>\n\t<meta name=\"twitter:data1\" content=\"1 minute\" \/>\n<script type=\"application\/ld+json\" class=\"yoast-schema-graph\">{\"@context\":\"https:\/\/schema.org\",\"@graph\":[{\"@type\":\"WebPage\",\"@id\":\"https:\/\/test.puhdasplus.ee\/lv\/tooted\/kosmetika\/skaistumkopsanas-ella-jojobas-ella-50-ml\/\",\"url\":\"https:\/\/test.puhdasplus.ee\/lv\/tooted\/kosmetika\/skaistumkopsanas-ella-jojobas-ella-50-ml\/\",\"name\":\"Skaistumkop\u0161anas e\u013c\u013ca Jojobas e\u013c\u013ca 50 ml - Puhdas+\",\"isPartOf\":{\"@id\":\"https:\/\/test.puhdasplus.ee\/lv\/#website\"},\"primaryImageOfPage\":{\"@id\":\"https:\/\/test.puhdasplus.ee\/lv\/tooted\/kosmetika\/skaistumkopsanas-ella-jojobas-ella-50-ml\/#primaryimage\"},\"image\":{\"@id\":\"https:\/\/test.puhdasplus.ee\/lv\/tooted\/kosmetika\/skaistumkopsanas-ella-jojobas-ella-50-ml\/#primaryimage\"},\"thumbnailUrl\":\"https:\/\/test.puhdasplus.ee\/wp-content\/uploads\/2025\/03\/132.jpg\",\"datePublished\":\"2025-01-17T08:56:36+00:00\",\"dateModified\":\"2026-02-23T18:13:52+00:00\",\"description\":\"Skaistumkop\u0161anas e\u013c\u013ca Jojobas e\u013c\u013ca 50 ml ir 100% dab\u012bga un dzi\u013ci mitrino\u0161a e\u013c\u013ca, kas l\u012bdzsvaro sebuma izdal\u012b\u0161anos un baro \u0101du un matus. Piem\u0113rota visiem \u0101das tipiem!\",\"breadcrumb\":{\"@id\":\"https:\/\/test.puhdasplus.ee\/lv\/tooted\/kosmetika\/skaistumkopsanas-ella-jojobas-ella-50-ml\/#breadcrumb\"},\"inLanguage\":\"lv-LV\",\"potentialAction\":[{\"@type\":\"ReadAction\",\"target\":[\"https:\/\/test.puhdasplus.ee\/lv\/tooted\/kosmetika\/skaistumkopsanas-ella-jojobas-ella-50-ml\/\"]}]},{\"@type\":\"ImageObject\",\"inLanguage\":\"lv-LV\",\"@id\":\"https:\/\/test.puhdasplus.ee\/lv\/tooted\/kosmetika\/skaistumkopsanas-ella-jojobas-ella-50-ml\/#primaryimage\",\"url\":\"https:\/\/test.puhdasplus.ee\/wp-content\/uploads\/2025\/03\/132.jpg\",\"contentUrl\":\"https:\/\/test.puhdasplus.ee\/wp-content\/uploads\/2025\/03\/132.jpg\",\"width\":1862,\"height\":2560,\"caption\":\"Skaistumkop\u0161anas e\u013c\u013ca Jojoba\"},{\"@type\":\"BreadcrumbList\",\"@id\":\"https:\/\/test.puhdasplus.ee\/lv\/tooted\/kosmetika\/skaistumkopsanas-ella-jojobas-ella-50-ml\/#breadcrumb\",\"itemListElement\":[{\"@type\":\"ListItem\",\"position\":1,\"name\":\"S\u0101kums\",\"item\":\"https:\/\/test.puhdasplus.ee\/lv\/\"},{\"@type\":\"ListItem\",\"position\":2,\"name\":\"Produkti\",\"item\":\"https:\/\/test.puhdasplus.ee\/lv\/veikals\/\"},{\"@type\":\"ListItem\",\"position\":3,\"name\":\"Skaistumkop\u0161anas e\u013c\u013ca Jojobas e\u013c\u013ca 50 ml\"}]},{\"@type\":\"WebSite\",\"@id\":\"https:\/\/test.puhdasplus.ee\/lv\/#website\",\"url\":\"https:\/\/test.puhdasplus.ee\/lv\/\",\"name\":\"Puhdas+\",\"description\":\"Vitamiinid, Toidulisandid, looduskosmeetika, tervis, sport\",\"publisher\":{\"@id\":\"https:\/\/test.puhdasplus.ee\/lv\/#organization\"},\"potentialAction\":[{\"@type\":\"SearchAction\",\"target\":{\"@type\":\"EntryPoint\",\"urlTemplate\":\"https:\/\/test.puhdasplus.ee\/lv\/?s={search_term_string}\"},\"query-input\":{\"@type\":\"PropertyValueSpecification\",\"valueRequired\":true,\"valueName\":\"search_term_string\"}}],\"inLanguage\":\"lv-LV\"},{\"@type\":\"Organization\",\"@id\":\"https:\/\/test.puhdasplus.ee\/lv\/#organization\",\"name\":\"Puhdas+\",\"alternateName\":\"Puhdasplus\",\"url\":\"https:\/\/test.puhdasplus.ee\/lv\/\",\"logo\":{\"@type\":\"ImageObject\",\"inLanguage\":\"lv-LV\",\"@id\":\"https:\/\/test.puhdasplus.ee\/lv\/#\/schema\/logo\/image\/\",\"url\":\"https:\/\/test.puhdasplus.ee\/\/wp-content\/uploads\/2019\/10\/puhdas_logo-arvele.png\",\"contentUrl\":\"https:\/\/test.puhdasplus.ee\/\/wp-content\/uploads\/2019\/10\/puhdas_logo-arvele.png\",\"width\":114,\"height\":94,\"caption\":\"Puhdas+\"},\"image\":{\"@id\":\"https:\/\/test.puhdasplus.ee\/lv\/#\/schema\/logo\/image\/\"},\"sameAs\":[\"https:\/\/www.facebook.com\/puhdasplus\",\"https:\/\/www.instagram.com\/puhdasplus_ee\/\"]}]}<\/script>\n<!-- \/ Yoast SEO plugin. -->","yoast_head_json":{"title":"Skaistumkop\u0161anas e\u013c\u013ca Jojobas e\u013c\u013ca 50 ml - Puhdas+","description":"Skaistumkop\u0161anas e\u013c\u013ca Jojobas e\u013c\u013ca 50 ml ir 100% dab\u012bga un dzi\u013ci mitrino\u0161a e\u013c\u013ca, kas l\u012bdzsvaro sebuma izdal\u012b\u0161anos un baro \u0101du un matus. Piem\u0113rota visiem \u0101das tipiem!","robots":{"index":"noindex","follow":"follow","max-snippet":"max-snippet:-1","max-image-preview":"max-image-preview:large","max-video-preview":"max-video-preview:-1"},"og_locale":"lv_LV","og_type":"article","og_title":"Skaistumkop\u0161anas e\u013c\u013ca Jojobas e\u013c\u013ca 50 ml - Puhdas+","og_description":"Skaistumkop\u0161anas e\u013c\u013ca Jojobas e\u013c\u013ca 50 ml ir 100% dab\u012bga un dzi\u013ci mitrino\u0161a e\u013c\u013ca, kas l\u012bdzsvaro sebuma izdal\u012b\u0161anos un baro \u0101du un matus. Piem\u0113rota visiem \u0101das tipiem!","og_url":"https:\/\/test.puhdasplus.ee\/lv\/tooted\/kosmetika\/skaistumkopsanas-ella-jojobas-ella-50-ml\/","og_site_name":"Puhdas+","article_publisher":"https:\/\/www.facebook.com\/puhdasplus","article_modified_time":"2026-02-23T18:13:52+00:00","og_image":[{"width":1862,"height":2560,"url":"https:\/\/test.puhdasplus.ee\/wp-content\/uploads\/2025\/03\/132.jpg","type":"image\/jpeg"}],"twitter_card":"summary_large_image","twitter_misc":{"Est. reading time":"1 minute"},"schema":{"@context":"https:\/\/schema.org","@graph":[{"@type":"WebPage","@id":"https:\/\/test.puhdasplus.ee\/lv\/tooted\/kosmetika\/skaistumkopsanas-ella-jojobas-ella-50-ml\/","url":"https:\/\/test.puhdasplus.ee\/lv\/tooted\/kosmetika\/skaistumkopsanas-ella-jojobas-ella-50-ml\/","name":"Skaistumkop\u0161anas e\u013c\u013ca Jojobas e\u013c\u013ca 50 ml - Puhdas+","isPartOf":{"@id":"https:\/\/test.puhdasplus.ee\/lv\/#website"},"primaryImageOfPage":{"@id":"https:\/\/test.puhdasplus.ee\/lv\/tooted\/kosmetika\/skaistumkopsanas-ella-jojobas-ella-50-ml\/#primaryimage"},"image":{"@id":"https:\/\/test.puhdasplus.ee\/lv\/tooted\/kosmetika\/skaistumkopsanas-ella-jojobas-ella-50-ml\/#primaryimage"},"thumbnailUrl":"https:\/\/test.puhdasplus.ee\/wp-content\/uploads\/2025\/03\/132.jpg","datePublished":"2025-01-17T08:56:36+00:00","dateModified":"2026-02-23T18:13:52+00:00","description":"Skaistumkop\u0161anas e\u013c\u013ca Jojobas e\u013c\u013ca 50 ml ir 100% dab\u012bga un dzi\u013ci mitrino\u0161a e\u013c\u013ca, kas l\u012bdzsvaro sebuma izdal\u012b\u0161anos un baro \u0101du un matus. Piem\u0113rota visiem \u0101das tipiem!","breadcrumb":{"@id":"https:\/\/test.puhdasplus.ee\/lv\/tooted\/kosmetika\/skaistumkopsanas-ella-jojobas-ella-50-ml\/#breadcrumb"},"inLanguage":"lv-LV","potentialAction":[{"@type":"ReadAction","target":["https:\/\/test.puhdasplus.ee\/lv\/tooted\/kosmetika\/skaistumkopsanas-ella-jojobas-ella-50-ml\/"]}]},{"@type":"ImageObject","inLanguage":"lv-LV","@id":"https:\/\/test.puhdasplus.ee\/lv\/tooted\/kosmetika\/skaistumkopsanas-ella-jojobas-ella-50-ml\/#primaryimage","url":"https:\/\/test.puhdasplus.ee\/wp-content\/uploads\/2025\/03\/132.jpg","contentUrl":"https:\/\/test.puhdasplus.ee\/wp-content\/uploads\/2025\/03\/132.jpg","width":1862,"height":2560,"caption":"Skaistumkop\u0161anas e\u013c\u013ca Jojoba"},{"@type":"BreadcrumbList","@id":"https:\/\/test.puhdasplus.ee\/lv\/tooted\/kosmetika\/skaistumkopsanas-ella-jojobas-ella-50-ml\/#breadcrumb","itemListElement":[{"@type":"ListItem","position":1,"name":"S\u0101kums","item":"https:\/\/test.puhdasplus.ee\/lv\/"},{"@type":"ListItem","position":2,"name":"Produkti","item":"https:\/\/test.puhdasplus.ee\/lv\/veikals\/"},{"@type":"ListItem","position":3,"name":"Skaistumkop\u0161anas e\u013c\u013ca Jojobas e\u013c\u013ca 50 ml"}]},{"@type":"WebSite","@id":"https:\/\/test.puhdasplus.ee\/lv\/#website","url":"https:\/\/test.puhdasplus.ee\/lv\/","name":"Puhdas+","description":"Vitamiinid, Toidulisandid, looduskosmeetika, tervis, sport","publisher":{"@id":"https:\/\/test.puhdasplus.ee\/lv\/#organization"},"potentialAction":[{"@type":"SearchAction","target":{"@type":"EntryPoint","urlTemplate":"https:\/\/test.puhdasplus.ee\/lv\/?s={search_term_string}"},"query-input":{"@type":"PropertyValueSpecification","valueRequired":true,"valueName":"search_term_string"}}],"inLanguage":"lv-LV"},{"@type":"Organization","@id":"https:\/\/test.puhdasplus.ee\/lv\/#organization","name":"Puhdas+","alternateName":"Puhdasplus","url":"https:\/\/test.puhdasplus.ee\/lv\/","logo":{"@type":"ImageObject","inLanguage":"lv-LV","@id":"https:\/\/test.puhdasplus.ee\/lv\/#\/schema\/logo\/image\/","url":"https:\/\/test.puhdasplus.ee\/\/wp-content\/uploads\/2019\/10\/puhdas_logo-arvele.png","contentUrl":"https:\/\/test.puhdasplus.ee\/\/wp-content\/uploads\/2019\/10\/puhdas_logo-arvele.png","width":114,"height":94,"caption":"Puhdas+"},"image":{"@id":"https:\/\/test.puhdasplus.ee\/lv\/#\/schema\/logo\/image\/"},"sameAs":["https:\/\/www.facebook.com\/puhdasplus","https:\/\/www.instagram.com\/puhdasplus_ee\/"]}]}},"_links":{"self":[{"href":"https:\/\/test.puhdasplus.ee\/lv\/wp-json\/wp\/v2\/product\/32945","targetHints":{"allow":["GET"]}}],"collection":[{"href":"https:\/\/test.puhdasplus.ee\/lv\/wp-json\/wp\/v2\/product"}],"about":[{"href":"https:\/\/test.puhdasplus.ee\/lv\/wp-json\/wp\/v2\/types\/product"}],"replies":[{"embeddable":true,"href":"https:\/\/test.puhdasplus.ee\/lv\/wp-json\/wp\/v2\/comments?post=32945"}],"wp:featuredmedia":[{"embeddable":true,"href":"https:\/\/test.puhdasplus.ee\/lv\/wp-json\/wp\/v2\/media\/32947"}],"wp:attachment":[{"href":"https:\/\/test.puhdasplus.ee\/lv\/wp-json\/wp\/v2\/media?parent=32945"}],"wp:term":[{"taxonomy":"product_brand","embeddable":true,"href":"https:\/\/test.puhdasplus.ee\/lv\/wp-json\/wp\/v2\/product_brand?post=32945"},{"taxonomy":"product_cat","embeddable":true,"href":"https:\/\/test.puhdasplus.ee\/lv\/wp-json\/wp\/v2\/product_cat?post=32945"},{"taxonomy":"product_tag","embeddable":true,"href":"https:\/\/test.puhdasplus.ee\/lv\/wp-json\/wp\/v2\/product_tag?post=32945"}],"curies":[{"name":"wp","href":"https:\/\/api.w.org\/{rel}","templated":true}]}}