{"id":32933,"date":"2025-01-17T10:51:57","date_gmt":"2025-01-17T08:51:57","guid":{"rendered":"https:\/\/test.puhdasplus.ee\/\/tooted\/uncategorized\/burkanu-ella-bruninasanai-100-ml\/"},"modified":"2026-02-22T22:49:00","modified_gmt":"2026-02-22T20:49:00","slug":"burkanu-ella-bruninasanai-100-ml","status":"publish","type":"product","link":"https:\/\/test.puhdasplus.ee\/lv\/tooted\/kosmetika\/burkanu-ella-bruninasanai-100-ml\/","title":{"rendered":"Burk\u0101nu e\u013c\u013ca br\u016bnin\u0101\u0161anai 100 ml"},"content":{"rendered":"<p>Burk\u0101nu e\u013c\u013ca iedegumam ir dab\u012bga un dzi\u013ci mitrino\u0161a skaistumkop\u0161anas e\u013c\u013ca, kas pal\u012bdz sasniegt skaistu un vienm\u0113r\u012bgu iedegumu. Burk\u0101nu e\u013c\u013ca ir bag\u0101ta ar <strong data-start=\"249\" data-end=\"267\">beta-karot\u012bnu<\/strong> , <strong data-start=\"269\" data-end=\"291\">A un E vitam\u012bniem<\/strong> un <strong data-start=\"297\" data-end=\"316\">antioksidantiem<\/strong> , kas aizsarg\u0101 \u0101du, atbalsta t\u0101s atjauno\u0161anos un pal\u012bdz uztur\u0113t mitruma l\u012bdzsvaru. \u0160\u012b e\u013c\u013ca sagatavo \u0101du saulei, pa\u0101trina iedeguma veido\u0161anos un pie\u0161\u0137ir vesel\u012bgu zeltainu mirdzumu. Regul\u0101ra lieto\u0161ana pal\u012bdz saglab\u0101t \u0101du elast\u012bgu, barotu un mirdzo\u0161u. Piem\u0113rota visiem \u0101das tipiem, \u012bpa\u0161i sausai un bl\u0101vai \u0101dai.    <\/p>\n<h4 data-start=\"725\" data-end=\"754\"><strong data-start=\"730\" data-end=\"752\">Lieto\u0161anas instrukcija:<\/strong><\/h4>\n<ol data-start=\"755\" data-end=\"1075\">\n<li data-start=\"755\" data-end=\"850\">Uzkl\u0101jiet nelielu daudzumu e\u013c\u013cas uz t\u012bras, sausas \u0101das un viegli iemas\u0113jiet, l\u012bdz t\u0101 ies\u016bcas.<\/li>\n<li data-start=\"851\" data-end=\"952\">Piem\u0113rots lieto\u0161anai gan pirms, gan p\u0113c saules iedarb\u012bbas, lai mitrin\u0101tu \u0101du.<\/li>\n<li data-start=\"953\" data-end=\"1024\">Lietojiet regul\u0101ri, lai atbalst\u012btu \u0101das dabisko mirdzumu un aizsardz\u012bbu.<\/li>\n<li data-start=\"1025\" data-end=\"1075\">Var lietot ar\u012b matu un nagu kop\u0161anai.<\/li>\n<\/ol>\n<h4 data-start=\"1149\" data-end=\"1192\"><strong data-start=\"1154\" data-end=\"1190\">Sast\u0101vda\u013cas:<\/strong><\/h4>\n<ul data-start=\"1193\" data-end=\"1746\">\n<li data-start=\"1193\" data-end=\"1414\"><strong data-start=\"1195\" data-end=\"1244\">100% t\u012bra Daucus Carota (burk\u0101nu) s\u0113klu e\u013c\u013ca<\/strong> \u2013 dabiski bag\u0101ta ar beta-karot\u012bnu un antioksidantiem, kas pal\u012bdz pa\u0101trin\u0101t iedegumu, aizsarg\u0101 \u0101du no vides agresoriem un uzlabo \u0101das elast\u012bbu.<\/li>\n<li data-start=\"1415\" data-end=\"1530\"><strong data-start=\"1417\" data-end=\"1434\">Beta-karot\u012bns<\/strong> \u2013 stiprina \u0101das dabisk\u0101s aizsargsp\u0113jas, pal\u012bdz izl\u012bdzin\u0101t sejas kr\u0101su un veicina iedeguma notur\u012bbu.<\/li>\n<li data-start=\"1531\" data-end=\"1626\"><strong data-start=\"1533\" data-end=\"1547\">A vitam\u012bns<\/strong> \u2013 veicina \u0101das atjauno\u0161anos, pal\u012bdz mazin\u0101t sausumu un uzlabo \u0101das tekst\u016bru.<\/li>\n<li data-start=\"1627\" data-end=\"1746\"><strong data-start=\"1629\" data-end=\"1643\">E vitam\u012bns<\/strong> \u2013 mitrina un aizsarg\u0101 \u0101du no br\u012bvo radik\u0101\u013cu kait\u012bg\u0101s ietekmes, nov\u0113r\u0161ot priek\u0161laic\u012bgu noveco\u0161anos.<\/li>\n<\/ul>\n","protected":false},"excerpt":{"rendered":"<p>Dab\u012bga burk\u0101nu e\u013c\u013ca, kas mitrina, baro \u0101du un pal\u012bdz sasniegt skaistu zeltainu sejas kr\u0101su.<\/p>\n","protected":false},"featured_media":32935,"comment_status":"closed","ping_status":"closed","template":"","meta":{"_acf_changed":false},"product_brand":[],"product_cat":[2533],"product_tag":[2604,2605,2602,2558,2603,2599,2601,2549,2600,2559,2557],"class_list":{"0":"post-32933","1":"product","2":"type-product","3":"status-publish","4":"has-post-thumbnail","6":"product_cat-kosmetika","7":"product_tag-a-vitamins","8":"product_tag-adas-mitrinasana","9":"product_tag-adu-barojosa-ella","10":"product_tag-antioksidantu-aprupe","11":"product_tag-beta-karotins","12":"product_tag-burkanu-ella","13":"product_tag-dabigs-iedegums","14":"product_tag-dabiska-adas-kopsana","15":"product_tag-miecesanas-ella","16":"product_tag-tirs-skaistums","17":"product_tag-veseligs-mirdzums","19":"first","20":"onbackorder","21":"taxable","22":"shipping-taxable","23":"purchasable","24":"product-type-simple"},"acf":[],"yoast_head":"<!-- This site is optimized with the Yoast SEO plugin v27.1.1 - https:\/\/yoast.com\/product\/yoast-seo-wordpress\/ -->\n<title>Burk\u0101nu e\u013c\u013ca br\u016bnin\u0101\u0161anai 100 ml - Puhdas+<\/title>\n<meta name=\"description\" content=\"Burk\u0101nu e\u013c\u013ca iedegumam 100 ml pal\u012bdz sasniegt dabisku un skaistu iedegumu, dzi\u013ci mitrina un aizsarg\u0101 \u0101du ar antioksidantiem.\" \/>\n<meta name=\"robots\" content=\"noindex, follow, max-snippet:-1, max-image-preview:large, max-video-preview:-1\" \/>\n<meta property=\"og:locale\" content=\"lv_LV\" \/>\n<meta property=\"og:type\" content=\"article\" \/>\n<meta property=\"og:title\" content=\"Burk\u0101nu e\u013c\u013ca br\u016bnin\u0101\u0161anai 100 ml - Puhdas+\" \/>\n<meta property=\"og:description\" content=\"Burk\u0101nu e\u013c\u013ca iedegumam 100 ml pal\u012bdz sasniegt dabisku un skaistu iedegumu, dzi\u013ci mitrina un aizsarg\u0101 \u0101du ar antioksidantiem.\" \/>\n<meta property=\"og:url\" content=\"https:\/\/test.puhdasplus.ee\/lv\/tooted\/kosmetika\/burkanu-ella-bruninasanai-100-ml\/\" \/>\n<meta property=\"og:site_name\" content=\"Puhdas+\" \/>\n<meta property=\"article:publisher\" content=\"https:\/\/www.facebook.com\/puhdasplus\" \/>\n<meta property=\"article:modified_time\" content=\"2026-02-22T20:49:00+00:00\" \/>\n<meta property=\"og:image\" content=\"https:\/\/test.puhdasplus.ee\/wp-content\/uploads\/2025\/03\/133.jpg\" \/>\n\t<meta property=\"og:image:width\" content=\"1862\" \/>\n\t<meta property=\"og:image:height\" content=\"2560\" \/>\n\t<meta property=\"og:image:type\" content=\"image\/jpeg\" \/>\n<meta name=\"twitter:card\" content=\"summary_large_image\" \/>\n<meta name=\"twitter:label1\" content=\"Est. reading time\" \/>\n\t<meta name=\"twitter:data1\" content=\"1 minute\" \/>\n<script type=\"application\/ld+json\" class=\"yoast-schema-graph\">{\"@context\":\"https:\/\/schema.org\",\"@graph\":[{\"@type\":\"WebPage\",\"@id\":\"https:\/\/test.puhdasplus.ee\/lv\/tooted\/kosmetika\/burkanu-ella-bruninasanai-100-ml\/\",\"url\":\"https:\/\/test.puhdasplus.ee\/lv\/tooted\/kosmetika\/burkanu-ella-bruninasanai-100-ml\/\",\"name\":\"Burk\u0101nu e\u013c\u013ca br\u016bnin\u0101\u0161anai 100 ml - Puhdas+\",\"isPartOf\":{\"@id\":\"https:\/\/test.puhdasplus.ee\/lv\/#website\"},\"primaryImageOfPage\":{\"@id\":\"https:\/\/test.puhdasplus.ee\/lv\/tooted\/kosmetika\/burkanu-ella-bruninasanai-100-ml\/#primaryimage\"},\"image\":{\"@id\":\"https:\/\/test.puhdasplus.ee\/lv\/tooted\/kosmetika\/burkanu-ella-bruninasanai-100-ml\/#primaryimage\"},\"thumbnailUrl\":\"https:\/\/test.puhdasplus.ee\/wp-content\/uploads\/2025\/03\/133.jpg\",\"datePublished\":\"2025-01-17T08:51:57+00:00\",\"dateModified\":\"2026-02-22T20:49:00+00:00\",\"description\":\"Burk\u0101nu e\u013c\u013ca iedegumam 100 ml pal\u012bdz sasniegt dabisku un skaistu iedegumu, dzi\u013ci mitrina un aizsarg\u0101 \u0101du ar antioksidantiem.\",\"breadcrumb\":{\"@id\":\"https:\/\/test.puhdasplus.ee\/lv\/tooted\/kosmetika\/burkanu-ella-bruninasanai-100-ml\/#breadcrumb\"},\"inLanguage\":\"lv-LV\",\"potentialAction\":[{\"@type\":\"ReadAction\",\"target\":[\"https:\/\/test.puhdasplus.ee\/lv\/tooted\/kosmetika\/burkanu-ella-bruninasanai-100-ml\/\"]}]},{\"@type\":\"ImageObject\",\"inLanguage\":\"lv-LV\",\"@id\":\"https:\/\/test.puhdasplus.ee\/lv\/tooted\/kosmetika\/burkanu-ella-bruninasanai-100-ml\/#primaryimage\",\"url\":\"https:\/\/test.puhdasplus.ee\/wp-content\/uploads\/2025\/03\/133.jpg\",\"contentUrl\":\"https:\/\/test.puhdasplus.ee\/wp-content\/uploads\/2025\/03\/133.jpg\",\"width\":1862,\"height\":2560,\"caption\":\"Iedeguma burk\u0101nu e\u013c\u013ca\"},{\"@type\":\"BreadcrumbList\",\"@id\":\"https:\/\/test.puhdasplus.ee\/lv\/tooted\/kosmetika\/burkanu-ella-bruninasanai-100-ml\/#breadcrumb\",\"itemListElement\":[{\"@type\":\"ListItem\",\"position\":1,\"name\":\"S\u0101kums\",\"item\":\"https:\/\/test.puhdasplus.ee\/lv\/\"},{\"@type\":\"ListItem\",\"position\":2,\"name\":\"Produkti\",\"item\":\"https:\/\/test.puhdasplus.ee\/lv\/veikals\/\"},{\"@type\":\"ListItem\",\"position\":3,\"name\":\"Burk\u0101nu e\u013c\u013ca br\u016bnin\u0101\u0161anai 100 ml\"}]},{\"@type\":\"WebSite\",\"@id\":\"https:\/\/test.puhdasplus.ee\/lv\/#website\",\"url\":\"https:\/\/test.puhdasplus.ee\/lv\/\",\"name\":\"Puhdas+\",\"description\":\"Vitamiinid, Toidulisandid, looduskosmeetika, tervis, sport\",\"publisher\":{\"@id\":\"https:\/\/test.puhdasplus.ee\/lv\/#organization\"},\"potentialAction\":[{\"@type\":\"SearchAction\",\"target\":{\"@type\":\"EntryPoint\",\"urlTemplate\":\"https:\/\/test.puhdasplus.ee\/lv\/?s={search_term_string}\"},\"query-input\":{\"@type\":\"PropertyValueSpecification\",\"valueRequired\":true,\"valueName\":\"search_term_string\"}}],\"inLanguage\":\"lv-LV\"},{\"@type\":\"Organization\",\"@id\":\"https:\/\/test.puhdasplus.ee\/lv\/#organization\",\"name\":\"Puhdas+\",\"alternateName\":\"Puhdasplus\",\"url\":\"https:\/\/test.puhdasplus.ee\/lv\/\",\"logo\":{\"@type\":\"ImageObject\",\"inLanguage\":\"lv-LV\",\"@id\":\"https:\/\/test.puhdasplus.ee\/lv\/#\/schema\/logo\/image\/\",\"url\":\"https:\/\/test.puhdasplus.ee\/\/wp-content\/uploads\/2019\/10\/puhdas_logo-arvele.png\",\"contentUrl\":\"https:\/\/test.puhdasplus.ee\/\/wp-content\/uploads\/2019\/10\/puhdas_logo-arvele.png\",\"width\":114,\"height\":94,\"caption\":\"Puhdas+\"},\"image\":{\"@id\":\"https:\/\/test.puhdasplus.ee\/lv\/#\/schema\/logo\/image\/\"},\"sameAs\":[\"https:\/\/www.facebook.com\/puhdasplus\",\"https:\/\/www.instagram.com\/puhdasplus_ee\/\"]}]}<\/script>\n<!-- \/ Yoast SEO plugin. -->","yoast_head_json":{"title":"Burk\u0101nu e\u013c\u013ca br\u016bnin\u0101\u0161anai 100 ml - Puhdas+","description":"Burk\u0101nu e\u013c\u013ca iedegumam 100 ml pal\u012bdz sasniegt dabisku un skaistu iedegumu, dzi\u013ci mitrina un aizsarg\u0101 \u0101du ar antioksidantiem.","robots":{"index":"noindex","follow":"follow","max-snippet":"max-snippet:-1","max-image-preview":"max-image-preview:large","max-video-preview":"max-video-preview:-1"},"og_locale":"lv_LV","og_type":"article","og_title":"Burk\u0101nu e\u013c\u013ca br\u016bnin\u0101\u0161anai 100 ml - Puhdas+","og_description":"Burk\u0101nu e\u013c\u013ca iedegumam 100 ml pal\u012bdz sasniegt dabisku un skaistu iedegumu, dzi\u013ci mitrina un aizsarg\u0101 \u0101du ar antioksidantiem.","og_url":"https:\/\/test.puhdasplus.ee\/lv\/tooted\/kosmetika\/burkanu-ella-bruninasanai-100-ml\/","og_site_name":"Puhdas+","article_publisher":"https:\/\/www.facebook.com\/puhdasplus","article_modified_time":"2026-02-22T20:49:00+00:00","og_image":[{"width":1862,"height":2560,"url":"https:\/\/test.puhdasplus.ee\/wp-content\/uploads\/2025\/03\/133.jpg","type":"image\/jpeg"}],"twitter_card":"summary_large_image","twitter_misc":{"Est. reading time":"1 minute"},"schema":{"@context":"https:\/\/schema.org","@graph":[{"@type":"WebPage","@id":"https:\/\/test.puhdasplus.ee\/lv\/tooted\/kosmetika\/burkanu-ella-bruninasanai-100-ml\/","url":"https:\/\/test.puhdasplus.ee\/lv\/tooted\/kosmetika\/burkanu-ella-bruninasanai-100-ml\/","name":"Burk\u0101nu e\u013c\u013ca br\u016bnin\u0101\u0161anai 100 ml - Puhdas+","isPartOf":{"@id":"https:\/\/test.puhdasplus.ee\/lv\/#website"},"primaryImageOfPage":{"@id":"https:\/\/test.puhdasplus.ee\/lv\/tooted\/kosmetika\/burkanu-ella-bruninasanai-100-ml\/#primaryimage"},"image":{"@id":"https:\/\/test.puhdasplus.ee\/lv\/tooted\/kosmetika\/burkanu-ella-bruninasanai-100-ml\/#primaryimage"},"thumbnailUrl":"https:\/\/test.puhdasplus.ee\/wp-content\/uploads\/2025\/03\/133.jpg","datePublished":"2025-01-17T08:51:57+00:00","dateModified":"2026-02-22T20:49:00+00:00","description":"Burk\u0101nu e\u013c\u013ca iedegumam 100 ml pal\u012bdz sasniegt dabisku un skaistu iedegumu, dzi\u013ci mitrina un aizsarg\u0101 \u0101du ar antioksidantiem.","breadcrumb":{"@id":"https:\/\/test.puhdasplus.ee\/lv\/tooted\/kosmetika\/burkanu-ella-bruninasanai-100-ml\/#breadcrumb"},"inLanguage":"lv-LV","potentialAction":[{"@type":"ReadAction","target":["https:\/\/test.puhdasplus.ee\/lv\/tooted\/kosmetika\/burkanu-ella-bruninasanai-100-ml\/"]}]},{"@type":"ImageObject","inLanguage":"lv-LV","@id":"https:\/\/test.puhdasplus.ee\/lv\/tooted\/kosmetika\/burkanu-ella-bruninasanai-100-ml\/#primaryimage","url":"https:\/\/test.puhdasplus.ee\/wp-content\/uploads\/2025\/03\/133.jpg","contentUrl":"https:\/\/test.puhdasplus.ee\/wp-content\/uploads\/2025\/03\/133.jpg","width":1862,"height":2560,"caption":"Iedeguma burk\u0101nu e\u013c\u013ca"},{"@type":"BreadcrumbList","@id":"https:\/\/test.puhdasplus.ee\/lv\/tooted\/kosmetika\/burkanu-ella-bruninasanai-100-ml\/#breadcrumb","itemListElement":[{"@type":"ListItem","position":1,"name":"S\u0101kums","item":"https:\/\/test.puhdasplus.ee\/lv\/"},{"@type":"ListItem","position":2,"name":"Produkti","item":"https:\/\/test.puhdasplus.ee\/lv\/veikals\/"},{"@type":"ListItem","position":3,"name":"Burk\u0101nu e\u013c\u013ca br\u016bnin\u0101\u0161anai 100 ml"}]},{"@type":"WebSite","@id":"https:\/\/test.puhdasplus.ee\/lv\/#website","url":"https:\/\/test.puhdasplus.ee\/lv\/","name":"Puhdas+","description":"Vitamiinid, Toidulisandid, looduskosmeetika, tervis, sport","publisher":{"@id":"https:\/\/test.puhdasplus.ee\/lv\/#organization"},"potentialAction":[{"@type":"SearchAction","target":{"@type":"EntryPoint","urlTemplate":"https:\/\/test.puhdasplus.ee\/lv\/?s={search_term_string}"},"query-input":{"@type":"PropertyValueSpecification","valueRequired":true,"valueName":"search_term_string"}}],"inLanguage":"lv-LV"},{"@type":"Organization","@id":"https:\/\/test.puhdasplus.ee\/lv\/#organization","name":"Puhdas+","alternateName":"Puhdasplus","url":"https:\/\/test.puhdasplus.ee\/lv\/","logo":{"@type":"ImageObject","inLanguage":"lv-LV","@id":"https:\/\/test.puhdasplus.ee\/lv\/#\/schema\/logo\/image\/","url":"https:\/\/test.puhdasplus.ee\/\/wp-content\/uploads\/2019\/10\/puhdas_logo-arvele.png","contentUrl":"https:\/\/test.puhdasplus.ee\/\/wp-content\/uploads\/2019\/10\/puhdas_logo-arvele.png","width":114,"height":94,"caption":"Puhdas+"},"image":{"@id":"https:\/\/test.puhdasplus.ee\/lv\/#\/schema\/logo\/image\/"},"sameAs":["https:\/\/www.facebook.com\/puhdasplus","https:\/\/www.instagram.com\/puhdasplus_ee\/"]}]}},"_links":{"self":[{"href":"https:\/\/test.puhdasplus.ee\/lv\/wp-json\/wp\/v2\/product\/32933","targetHints":{"allow":["GET"]}}],"collection":[{"href":"https:\/\/test.puhdasplus.ee\/lv\/wp-json\/wp\/v2\/product"}],"about":[{"href":"https:\/\/test.puhdasplus.ee\/lv\/wp-json\/wp\/v2\/types\/product"}],"replies":[{"embeddable":true,"href":"https:\/\/test.puhdasplus.ee\/lv\/wp-json\/wp\/v2\/comments?post=32933"}],"wp:featuredmedia":[{"embeddable":true,"href":"https:\/\/test.puhdasplus.ee\/lv\/wp-json\/wp\/v2\/media\/32935"}],"wp:attachment":[{"href":"https:\/\/test.puhdasplus.ee\/lv\/wp-json\/wp\/v2\/media?parent=32933"}],"wp:term":[{"taxonomy":"product_brand","embeddable":true,"href":"https:\/\/test.puhdasplus.ee\/lv\/wp-json\/wp\/v2\/product_brand?post=32933"},{"taxonomy":"product_cat","embeddable":true,"href":"https:\/\/test.puhdasplus.ee\/lv\/wp-json\/wp\/v2\/product_cat?post=32933"},{"taxonomy":"product_tag","embeddable":true,"href":"https:\/\/test.puhdasplus.ee\/lv\/wp-json\/wp\/v2\/product_tag?post=32933"}],"curies":[{"name":"wp","href":"https:\/\/api.w.org\/{rel}","templated":true}]}}