{"id":32924,"date":"2025-01-17T10:54:31","date_gmt":"2025-01-17T08:54:31","guid":{"rendered":"https:\/\/test.puhdasplus.ee\/\/tooted\/uncategorized\/skaistumkopsanas-ella-mandelu-ella-50-ml\/"},"modified":"2026-02-22T22:47:42","modified_gmt":"2026-02-22T20:47:42","slug":"skaistumkopsanas-ella-mandelu-ella-50-ml","status":"publish","type":"product","link":"https:\/\/test.puhdasplus.ee\/lv\/tooted\/ada-mati-nagi\/skaistumkopsanas-ella-mandelu-ella-50-ml\/","title":{"rendered":"Skaistumkop\u0161anas e\u013c\u013ca Mande\u013cu e\u013c\u013ca 50 ml"},"content":{"rendered":"<p>Skaistumkop\u0161anas e\u013c\u013ca. Mande\u013cu e\u013c\u013ca ir 100% dab\u012bga un auksti spiesta e\u013c\u013ca, kas dzi\u013ci mitrina, nomierina un baro \u0101du un matus. Saldo mande\u013cu e\u013c\u013ca ir bag\u0101ta ar <strong data-start=\"257\" data-end=\"272\">E vitam\u012bnu<\/strong> , <strong data-start=\"274\" data-end=\"301\">neaizvietojam\u0101m tauksk\u0101b\u0113m<\/strong> un <strong data-start=\"305\" data-end=\"324\">antioksidantiem<\/strong> , kas pal\u012bdz m\u012bkstin\u0101t \u0101du, mazin\u0101t sausumu un aizsarg\u0101t to no apk\u0101rt\u0113j\u0101s vides ietekmes. T\u0101s vieglais un \u0101tri ies\u016bcas sast\u0101vs padara to ide\u0101li piem\u0113rotu visiem \u0101das tipiem, tostarp jut\u012bgai un sausai \u0101dai. T\u0101 ir lieliska ar\u012b matu, nagu un \u0137erme\u0146a kop\u0161anai.   <\/p>\n<h4 data-start=\"729\" data-end=\"758\"><strong data-start=\"734\" data-end=\"756\">Lieto\u0161anas instrukcija:<\/strong><\/h4>\n<ol data-start=\"759\" data-end=\"1103\">\n<li data-start=\"759\" data-end=\"862\"><strong data-start=\"762\" data-end=\"782\">Sejai un \u0137ermenim:<\/strong> Uzkl\u0101jiet nelielu daudzumu e\u013c\u013cas uz t\u012bras \u0101das un viegli iemas\u0113jiet, l\u012bdz t\u0101 ies\u016bcas.<\/li>\n<li data-start=\"863\" data-end=\"941\"><strong data-start=\"866\" data-end=\"879\">Matiem:<\/strong> Uzkl\u0101jiet da\u017eus pilienus matu galos, lai mitrin\u0101tu un aizsarg\u0101tu.<\/li>\n<li data-start=\"942\" data-end=\"1045\"><strong data-start=\"945\" data-end=\"958\">Nagiem:<\/strong> Ier\u012bv\u0113jiet e\u013c\u013cu nagu pl\u0101ksn\u0113s un kutikul\u0101s, lai t\u0101s stiprin\u0101tu un m\u012bkstin\u0101tu.<\/li>\n<li data-start=\"1046\" data-end=\"1103\"><strong data-start=\"1049\" data-end=\"1078\">Ikdienas lieto\u0161anai<\/strong> no r\u012bta un\/vai vakar\u0101.<\/li>\n<\/ol>\n<h4 data-start=\"1105\" data-end=\"1148\"><strong data-start=\"1110\" data-end=\"1146\">Sast\u0101vda\u013cas un to priek\u0161roc\u012bbas:<\/strong><\/h4>\n<ul data-start=\"1149\" data-end=\"1594\">\n<li data-start=\"1149\" data-end=\"1320\"><strong data-start=\"1151\" data-end=\"1207\">100% t\u012bra Prunus Amygdalus Dulcis (saldo mande\u013cu) e\u013c\u013ca<\/strong> \u2013 dabiski bag\u0101ta ar neaizvietojam\u0101m tauksk\u0101b\u0113m un vitam\u012bniem, kas mitrina, m\u012bkstina un aizsarg\u0101 \u0101du.<\/li>\n<li data-start=\"1321\" data-end=\"1456\"><strong data-start=\"1323\" data-end=\"1337\">E vitam\u012bns<\/strong> \u2013 sp\u0113c\u012bgs antioksidants, kas pal\u012bdz aizsarg\u0101t \u0101du no br\u012bvajiem radik\u0101\u013ciem un vides kait\u012bg\u0101s ietekmes, saglab\u0101jot to jaunekl\u012bgu.<\/li>\n<li data-start=\"1457\" data-end=\"1594\"><strong data-start=\"1459\" data-end=\"1506\">Neaizvietojam\u0101s tauksk\u0101bes (Omega-6 un Omega-9)<\/strong> \u2013 pal\u012bdz atjaunot \u0101das dabisko mitruma l\u012bdzsvaru un stiprin\u0101t \u0101das aizsargbarjeru.<\/li>\n<\/ul>\n","protected":false},"excerpt":{"rendered":"<p>Dab\u012bga mande\u013cu e\u013c\u013ca, kas dzi\u013ci mitrina, nomierina kairin\u0101tu \u0101du un aizsarg\u0101 pret sausumu.<\/p>\n","protected":false},"featured_media":32927,"comment_status":"closed","ping_status":"closed","template":"","meta":{"_acf_changed":false},"product_brand":[],"product_cat":[3296],"product_tag":[2586,2558,2585,2541,2581,2579,2583,2580,2588,2556,2559],"class_list":{"0":"post-32924","1":"product","2":"type-product","3":"status-publish","4":"has-post-thumbnail","6":"product_cat-ada-mati-nagi","7":"product_tag-adas-nomierinasana","8":"product_tag-antioksidantu-aprupe","9":"product_tag-dabigs-mitrinatajs","10":"product_tag-dabiska-skaistumkopsana","11":"product_tag-dzili-mitrinosa-ella","12":"product_tag-e-vitamins","13":"product_tag-mandelu-ella","14":"product_tag-matu-kopsana","15":"product_tag-nagu-kopsana","16":"product_tag-sausai-un-jutigai-adai","17":"product_tag-tirs-skaistums","19":"first","20":"onbackorder","21":"taxable","22":"shipping-taxable","23":"purchasable","24":"product-type-simple"},"acf":[],"yoast_head":"<!-- This site is optimized with the Yoast SEO plugin v27.1.1 - https:\/\/yoast.com\/product\/yoast-seo-wordpress\/ -->\n<title>Skaistumkop\u0161anas e\u013c\u013ca Mande\u013cu e\u013c\u013ca 50 ml - Puhdas+<\/title>\n<meta name=\"description\" content=\"Skaistuma e\u013c\u013ca &quot;Beauty Oil Almond Oil&quot; 50 ml ir 100% dab\u012bga saldo mande\u013cu e\u013c\u013ca, kas mitrina, nomierina un aizsarg\u0101 \u0101du. Piem\u0113rota ikdienas lieto\u0161anai sejai, \u0137ermenim un matiem!\" \/>\n<meta name=\"robots\" content=\"noindex, follow, max-snippet:-1, max-image-preview:large, max-video-preview:-1\" \/>\n<meta property=\"og:locale\" content=\"lv_LV\" \/>\n<meta property=\"og:type\" content=\"article\" \/>\n<meta property=\"og:title\" content=\"Skaistumkop\u0161anas e\u013c\u013ca Mande\u013cu e\u013c\u013ca 50 ml - Puhdas+\" \/>\n<meta property=\"og:description\" content=\"Skaistuma e\u013c\u013ca &quot;Beauty Oil Almond Oil&quot; 50 ml ir 100% dab\u012bga saldo mande\u013cu e\u013c\u013ca, kas mitrina, nomierina un aizsarg\u0101 \u0101du. Piem\u0113rota ikdienas lieto\u0161anai sejai, \u0137ermenim un matiem!\" \/>\n<meta property=\"og:url\" content=\"https:\/\/test.puhdasplus.ee\/lv\/tooted\/ada-mati-nagi\/skaistumkopsanas-ella-mandelu-ella-50-ml\/\" \/>\n<meta property=\"og:site_name\" content=\"Puhdas+\" \/>\n<meta property=\"article:publisher\" content=\"https:\/\/www.facebook.com\/puhdasplus\" \/>\n<meta property=\"article:modified_time\" content=\"2026-02-22T20:47:42+00:00\" \/>\n<meta property=\"og:image\" content=\"https:\/\/test.puhdasplus.ee\/wp-content\/uploads\/2025\/03\/134.jpg\" \/>\n\t<meta property=\"og:image:width\" content=\"1862\" \/>\n\t<meta property=\"og:image:height\" content=\"2560\" \/>\n\t<meta property=\"og:image:type\" content=\"image\/jpeg\" \/>\n<meta name=\"twitter:card\" content=\"summary_large_image\" \/>\n<meta name=\"twitter:label1\" content=\"Est. reading time\" \/>\n\t<meta name=\"twitter:data1\" content=\"1 minute\" \/>\n<script type=\"application\/ld+json\" class=\"yoast-schema-graph\">{\"@context\":\"https:\/\/schema.org\",\"@graph\":[{\"@type\":\"WebPage\",\"@id\":\"https:\/\/test.puhdasplus.ee\/lv\/tooted\/ada-mati-nagi\/skaistumkopsanas-ella-mandelu-ella-50-ml\/\",\"url\":\"https:\/\/test.puhdasplus.ee\/lv\/tooted\/ada-mati-nagi\/skaistumkopsanas-ella-mandelu-ella-50-ml\/\",\"name\":\"Skaistumkop\u0161anas e\u013c\u013ca Mande\u013cu e\u013c\u013ca 50 ml - Puhdas+\",\"isPartOf\":{\"@id\":\"https:\/\/test.puhdasplus.ee\/lv\/#website\"},\"primaryImageOfPage\":{\"@id\":\"https:\/\/test.puhdasplus.ee\/lv\/tooted\/ada-mati-nagi\/skaistumkopsanas-ella-mandelu-ella-50-ml\/#primaryimage\"},\"image\":{\"@id\":\"https:\/\/test.puhdasplus.ee\/lv\/tooted\/ada-mati-nagi\/skaistumkopsanas-ella-mandelu-ella-50-ml\/#primaryimage\"},\"thumbnailUrl\":\"https:\/\/test.puhdasplus.ee\/wp-content\/uploads\/2025\/03\/134.jpg\",\"datePublished\":\"2025-01-17T08:54:31+00:00\",\"dateModified\":\"2026-02-22T20:47:42+00:00\",\"description\":\"Skaistuma e\u013c\u013ca \\\"Beauty Oil Almond Oil\\\" 50 ml ir 100% dab\u012bga saldo mande\u013cu e\u013c\u013ca, kas mitrina, nomierina un aizsarg\u0101 \u0101du. Piem\u0113rota ikdienas lieto\u0161anai sejai, \u0137ermenim un matiem!\",\"breadcrumb\":{\"@id\":\"https:\/\/test.puhdasplus.ee\/lv\/tooted\/ada-mati-nagi\/skaistumkopsanas-ella-mandelu-ella-50-ml\/#breadcrumb\"},\"inLanguage\":\"lv-LV\",\"potentialAction\":[{\"@type\":\"ReadAction\",\"target\":[\"https:\/\/test.puhdasplus.ee\/lv\/tooted\/ada-mati-nagi\/skaistumkopsanas-ella-mandelu-ella-50-ml\/\"]}]},{\"@type\":\"ImageObject\",\"inLanguage\":\"lv-LV\",\"@id\":\"https:\/\/test.puhdasplus.ee\/lv\/tooted\/ada-mati-nagi\/skaistumkopsanas-ella-mandelu-ella-50-ml\/#primaryimage\",\"url\":\"https:\/\/test.puhdasplus.ee\/wp-content\/uploads\/2025\/03\/134.jpg\",\"contentUrl\":\"https:\/\/test.puhdasplus.ee\/wp-content\/uploads\/2025\/03\/134.jpg\",\"width\":1862,\"height\":2560,\"caption\":\"mande\u013cu e\u013c\u013ca\"},{\"@type\":\"BreadcrumbList\",\"@id\":\"https:\/\/test.puhdasplus.ee\/lv\/tooted\/ada-mati-nagi\/skaistumkopsanas-ella-mandelu-ella-50-ml\/#breadcrumb\",\"itemListElement\":[{\"@type\":\"ListItem\",\"position\":1,\"name\":\"S\u0101kums\",\"item\":\"https:\/\/test.puhdasplus.ee\/lv\/\"},{\"@type\":\"ListItem\",\"position\":2,\"name\":\"Produkti\",\"item\":\"https:\/\/test.puhdasplus.ee\/lv\/veikals\/\"},{\"@type\":\"ListItem\",\"position\":3,\"name\":\"Skaistumkop\u0161anas e\u013c\u013ca Mande\u013cu e\u013c\u013ca 50 ml\"}]},{\"@type\":\"WebSite\",\"@id\":\"https:\/\/test.puhdasplus.ee\/lv\/#website\",\"url\":\"https:\/\/test.puhdasplus.ee\/lv\/\",\"name\":\"Puhdas+\",\"description\":\"Vitamiinid, Toidulisandid, looduskosmeetika, tervis, sport\",\"publisher\":{\"@id\":\"https:\/\/test.puhdasplus.ee\/lv\/#organization\"},\"potentialAction\":[{\"@type\":\"SearchAction\",\"target\":{\"@type\":\"EntryPoint\",\"urlTemplate\":\"https:\/\/test.puhdasplus.ee\/lv\/?s={search_term_string}\"},\"query-input\":{\"@type\":\"PropertyValueSpecification\",\"valueRequired\":true,\"valueName\":\"search_term_string\"}}],\"inLanguage\":\"lv-LV\"},{\"@type\":\"Organization\",\"@id\":\"https:\/\/test.puhdasplus.ee\/lv\/#organization\",\"name\":\"Puhdas+\",\"alternateName\":\"Puhdasplus\",\"url\":\"https:\/\/test.puhdasplus.ee\/lv\/\",\"logo\":{\"@type\":\"ImageObject\",\"inLanguage\":\"lv-LV\",\"@id\":\"https:\/\/test.puhdasplus.ee\/lv\/#\/schema\/logo\/image\/\",\"url\":\"https:\/\/test.puhdasplus.ee\/\/wp-content\/uploads\/2019\/10\/puhdas_logo-arvele.png\",\"contentUrl\":\"https:\/\/test.puhdasplus.ee\/\/wp-content\/uploads\/2019\/10\/puhdas_logo-arvele.png\",\"width\":114,\"height\":94,\"caption\":\"Puhdas+\"},\"image\":{\"@id\":\"https:\/\/test.puhdasplus.ee\/lv\/#\/schema\/logo\/image\/\"},\"sameAs\":[\"https:\/\/www.facebook.com\/puhdasplus\",\"https:\/\/www.instagram.com\/puhdasplus_ee\/\"]}]}<\/script>\n<!-- \/ Yoast SEO plugin. -->","yoast_head_json":{"title":"Skaistumkop\u0161anas e\u013c\u013ca Mande\u013cu e\u013c\u013ca 50 ml - Puhdas+","description":"Skaistuma e\u013c\u013ca \"Beauty Oil Almond Oil\" 50 ml ir 100% dab\u012bga saldo mande\u013cu e\u013c\u013ca, kas mitrina, nomierina un aizsarg\u0101 \u0101du. Piem\u0113rota ikdienas lieto\u0161anai sejai, \u0137ermenim un matiem!","robots":{"index":"noindex","follow":"follow","max-snippet":"max-snippet:-1","max-image-preview":"max-image-preview:large","max-video-preview":"max-video-preview:-1"},"og_locale":"lv_LV","og_type":"article","og_title":"Skaistumkop\u0161anas e\u013c\u013ca Mande\u013cu e\u013c\u013ca 50 ml - Puhdas+","og_description":"Skaistuma e\u013c\u013ca \"Beauty Oil Almond Oil\" 50 ml ir 100% dab\u012bga saldo mande\u013cu e\u013c\u013ca, kas mitrina, nomierina un aizsarg\u0101 \u0101du. Piem\u0113rota ikdienas lieto\u0161anai sejai, \u0137ermenim un matiem!","og_url":"https:\/\/test.puhdasplus.ee\/lv\/tooted\/ada-mati-nagi\/skaistumkopsanas-ella-mandelu-ella-50-ml\/","og_site_name":"Puhdas+","article_publisher":"https:\/\/www.facebook.com\/puhdasplus","article_modified_time":"2026-02-22T20:47:42+00:00","og_image":[{"width":1862,"height":2560,"url":"https:\/\/test.puhdasplus.ee\/wp-content\/uploads\/2025\/03\/134.jpg","type":"image\/jpeg"}],"twitter_card":"summary_large_image","twitter_misc":{"Est. reading time":"1 minute"},"schema":{"@context":"https:\/\/schema.org","@graph":[{"@type":"WebPage","@id":"https:\/\/test.puhdasplus.ee\/lv\/tooted\/ada-mati-nagi\/skaistumkopsanas-ella-mandelu-ella-50-ml\/","url":"https:\/\/test.puhdasplus.ee\/lv\/tooted\/ada-mati-nagi\/skaistumkopsanas-ella-mandelu-ella-50-ml\/","name":"Skaistumkop\u0161anas e\u013c\u013ca Mande\u013cu e\u013c\u013ca 50 ml - Puhdas+","isPartOf":{"@id":"https:\/\/test.puhdasplus.ee\/lv\/#website"},"primaryImageOfPage":{"@id":"https:\/\/test.puhdasplus.ee\/lv\/tooted\/ada-mati-nagi\/skaistumkopsanas-ella-mandelu-ella-50-ml\/#primaryimage"},"image":{"@id":"https:\/\/test.puhdasplus.ee\/lv\/tooted\/ada-mati-nagi\/skaistumkopsanas-ella-mandelu-ella-50-ml\/#primaryimage"},"thumbnailUrl":"https:\/\/test.puhdasplus.ee\/wp-content\/uploads\/2025\/03\/134.jpg","datePublished":"2025-01-17T08:54:31+00:00","dateModified":"2026-02-22T20:47:42+00:00","description":"Skaistuma e\u013c\u013ca \"Beauty Oil Almond Oil\" 50 ml ir 100% dab\u012bga saldo mande\u013cu e\u013c\u013ca, kas mitrina, nomierina un aizsarg\u0101 \u0101du. Piem\u0113rota ikdienas lieto\u0161anai sejai, \u0137ermenim un matiem!","breadcrumb":{"@id":"https:\/\/test.puhdasplus.ee\/lv\/tooted\/ada-mati-nagi\/skaistumkopsanas-ella-mandelu-ella-50-ml\/#breadcrumb"},"inLanguage":"lv-LV","potentialAction":[{"@type":"ReadAction","target":["https:\/\/test.puhdasplus.ee\/lv\/tooted\/ada-mati-nagi\/skaistumkopsanas-ella-mandelu-ella-50-ml\/"]}]},{"@type":"ImageObject","inLanguage":"lv-LV","@id":"https:\/\/test.puhdasplus.ee\/lv\/tooted\/ada-mati-nagi\/skaistumkopsanas-ella-mandelu-ella-50-ml\/#primaryimage","url":"https:\/\/test.puhdasplus.ee\/wp-content\/uploads\/2025\/03\/134.jpg","contentUrl":"https:\/\/test.puhdasplus.ee\/wp-content\/uploads\/2025\/03\/134.jpg","width":1862,"height":2560,"caption":"mande\u013cu e\u013c\u013ca"},{"@type":"BreadcrumbList","@id":"https:\/\/test.puhdasplus.ee\/lv\/tooted\/ada-mati-nagi\/skaistumkopsanas-ella-mandelu-ella-50-ml\/#breadcrumb","itemListElement":[{"@type":"ListItem","position":1,"name":"S\u0101kums","item":"https:\/\/test.puhdasplus.ee\/lv\/"},{"@type":"ListItem","position":2,"name":"Produkti","item":"https:\/\/test.puhdasplus.ee\/lv\/veikals\/"},{"@type":"ListItem","position":3,"name":"Skaistumkop\u0161anas e\u013c\u013ca Mande\u013cu e\u013c\u013ca 50 ml"}]},{"@type":"WebSite","@id":"https:\/\/test.puhdasplus.ee\/lv\/#website","url":"https:\/\/test.puhdasplus.ee\/lv\/","name":"Puhdas+","description":"Vitamiinid, Toidulisandid, looduskosmeetika, tervis, sport","publisher":{"@id":"https:\/\/test.puhdasplus.ee\/lv\/#organization"},"potentialAction":[{"@type":"SearchAction","target":{"@type":"EntryPoint","urlTemplate":"https:\/\/test.puhdasplus.ee\/lv\/?s={search_term_string}"},"query-input":{"@type":"PropertyValueSpecification","valueRequired":true,"valueName":"search_term_string"}}],"inLanguage":"lv-LV"},{"@type":"Organization","@id":"https:\/\/test.puhdasplus.ee\/lv\/#organization","name":"Puhdas+","alternateName":"Puhdasplus","url":"https:\/\/test.puhdasplus.ee\/lv\/","logo":{"@type":"ImageObject","inLanguage":"lv-LV","@id":"https:\/\/test.puhdasplus.ee\/lv\/#\/schema\/logo\/image\/","url":"https:\/\/test.puhdasplus.ee\/\/wp-content\/uploads\/2019\/10\/puhdas_logo-arvele.png","contentUrl":"https:\/\/test.puhdasplus.ee\/\/wp-content\/uploads\/2019\/10\/puhdas_logo-arvele.png","width":114,"height":94,"caption":"Puhdas+"},"image":{"@id":"https:\/\/test.puhdasplus.ee\/lv\/#\/schema\/logo\/image\/"},"sameAs":["https:\/\/www.facebook.com\/puhdasplus","https:\/\/www.instagram.com\/puhdasplus_ee\/"]}]}},"_links":{"self":[{"href":"https:\/\/test.puhdasplus.ee\/lv\/wp-json\/wp\/v2\/product\/32924","targetHints":{"allow":["GET"]}}],"collection":[{"href":"https:\/\/test.puhdasplus.ee\/lv\/wp-json\/wp\/v2\/product"}],"about":[{"href":"https:\/\/test.puhdasplus.ee\/lv\/wp-json\/wp\/v2\/types\/product"}],"replies":[{"embeddable":true,"href":"https:\/\/test.puhdasplus.ee\/lv\/wp-json\/wp\/v2\/comments?post=32924"}],"wp:featuredmedia":[{"embeddable":true,"href":"https:\/\/test.puhdasplus.ee\/lv\/wp-json\/wp\/v2\/media\/32927"}],"wp:attachment":[{"href":"https:\/\/test.puhdasplus.ee\/lv\/wp-json\/wp\/v2\/media?parent=32924"}],"wp:term":[{"taxonomy":"product_brand","embeddable":true,"href":"https:\/\/test.puhdasplus.ee\/lv\/wp-json\/wp\/v2\/product_brand?post=32924"},{"taxonomy":"product_cat","embeddable":true,"href":"https:\/\/test.puhdasplus.ee\/lv\/wp-json\/wp\/v2\/product_cat?post=32924"},{"taxonomy":"product_tag","embeddable":true,"href":"https:\/\/test.puhdasplus.ee\/lv\/wp-json\/wp\/v2\/product_tag?post=32924"}],"curies":[{"name":"wp","href":"https:\/\/api.w.org\/{rel}","templated":true}]}}