{"id":32912,"date":"2025-01-17T10:48:52","date_gmt":"2025-01-17T08:48:52","guid":{"rendered":"https:\/\/test.puhdasplus.ee\/\/tooted\/uncategorized\/mitrinosa-mezrozisu-ella-50-ml\/"},"modified":"2026-02-22T22:49:47","modified_gmt":"2026-02-22T20:49:47","slug":"mitrinosa-mezrozisu-ella-50-ml","status":"publish","type":"product","link":"https:\/\/test.puhdasplus.ee\/lv\/tooted\/kosmetika\/mitrinosa-mezrozisu-ella-50-ml\/","title":{"rendered":"Mitrino\u0161a me\u017eroz\u012b\u0161u e\u013c\u013ca 50 ml"},"content":{"rendered":"<p>Mitrino\u0161\u0101 me\u017eroz\u012b\u0161u e\u013c\u013ca ir 100% dab\u012bga un auksti spiesta skaistumkop\u0161anas e\u013c\u013ca, kas dzi\u013ci baro \u0101du, uzlabo t\u0101s elast\u012bbu un pal\u012bdz samazin\u0101t smalk\u0101s grumbas un vecuma plankumus. Me\u017eroz\u012b\u0161u e\u013c\u013ca ir bag\u0101ta ar neaizvietojam\u0101m tauksk\u0101b\u0113m, A un C vitam\u012bniem un antioksidantiem, kas atbalsta \u0101das dabisko atjauno\u0161anos un atvese\u013co\u0161anos. T\u0101 ir ide\u0101li piem\u0113rota sausai, nobriedu\u0161ai un jut\u012bgai \u0101dai un pal\u012bdz saglab\u0101t t\u0101s mitruma l\u012bdzsvaru un vesel\u012bgu mirdzumu. Turkl\u0101t me\u017eroz\u012b\u0161u e\u013c\u013ca ir lieliski piem\u0113rota matu un nagu kop\u0161anai, pie\u0161\u0137irot tiem vitalit\u0101ti un sp\u0113ku.   <\/p>\n<h4 data-start=\"791\" data-end=\"820\"><strong data-start=\"796\" data-end=\"818\">Lieto\u0161anas instrukcija:<\/strong><\/h4>\n<ol data-start=\"821\" data-end=\"1102\">\n<li data-start=\"821\" data-end=\"915\">Uzkl\u0101jiet da\u017eus pilienus e\u013c\u013cas uz t\u012bras, sausas \u0101das un viegli iemas\u0113jiet, l\u012bdz t\u0101 ies\u016bcas.<\/li>\n<li data-start=\"916\" data-end=\"974\">Piem\u0113rots lieto\u0161anai uz sejas, \u0137erme\u0146a un matiem.<\/li>\n<li data-start=\"975\" data-end=\"1041\">Lietojiet no r\u012bta un\/vai vakar\u0101 k\u0101 da\u013cu no ikdienas \u0101das kop\u0161anas rut\u012bnas.<\/li>\n<li data-start=\"1042\" data-end=\"1102\">Lai ieg\u016btu lab\u0101kos rezult\u0101tus, lietojiet regul\u0101ri.<\/li>\n<\/ol>\n<h4 data-start=\"1104\" data-end=\"1127\"><strong data-start=\"1109\" data-end=\"1125\">Sast\u0101vda\u013cas:<\/strong> 100% t\u012bra <strong data-start=\"1139\" data-end=\"1176\">me\u017eroz\u012b\u0161u (Rosa Canina) s\u0113klu e\u013c\u013ca<\/strong> .<\/h4>\n","protected":false},"excerpt":{"rendered":"<p>Dab\u012bga un dzi\u013ci mitrino\u0161a me\u017eroz\u012b\u0161u e\u013c\u013ca, kas baro \u0101du, izl\u012bdzina sejas kr\u0101su un veicina \u0101das atjauno\u0161anos.<\/p>\n","protected":false},"featured_media":32917,"comment_status":"closed","ping_status":"closed","template":"","meta":{"_acf_changed":false},"product_brand":[],"product_cat":[2533],"product_tag":[2543,2537,2558,2551,2547,2549,2541,2539,2535,2553,2555,2545,2556,2559,2557],"class_list":{"0":"post-32912","1":"product","2":"type-product","3":"status-publish","4":"has-post-thumbnail","6":"product_cat-kosmetika","7":"product_tag-adas-atjaunosana","8":"product_tag-adas-elastiba","9":"product_tag-antioksidantu-aprupe","10":"product_tag-antioksidantu-ella","11":"product_tag-c-vitamins","12":"product_tag-dabiska-adas-kopsana","13":"product_tag-dabiska-skaistumkopsana","14":"product_tag-dzila-apudenosana","15":"product_tag-hialuronskabe","16":"product_tag-mezrozisu-ella","17":"product_tag-mitrinosa-ella","18":"product_tag-pretgrumbu-kopsana","19":"product_tag-sausai-un-jutigai-adai","20":"product_tag-tirs-skaistums","21":"product_tag-veseligs-mirdzums","23":"first","24":"onbackorder","25":"taxable","26":"shipping-taxable","27":"purchasable","28":"product-type-simple"},"acf":[],"yoast_head":"<!-- This site is optimized with the Yoast SEO plugin v27.1.1 - https:\/\/yoast.com\/product\/yoast-seo-wordpress\/ -->\n<title>Mitrino\u0161a me\u017eroz\u012b\u0161u e\u013c\u013ca 50 ml - Puhdas+<\/title>\n<meta name=\"description\" content=\"Mitrino\u0161a me\u017eroz\u012b\u0161u e\u013c\u013ca 50 ml ir 100% dab\u012bga un dzi\u013ci mitrino\u0161a skaistumkop\u0161anas e\u013c\u013ca, kas atjauno, baro un izl\u012bdzina \u0101das toni.\" \/>\n<meta name=\"robots\" content=\"noindex, follow, max-snippet:-1, max-image-preview:large, max-video-preview:-1\" \/>\n<meta property=\"og:locale\" content=\"lv_LV\" \/>\n<meta property=\"og:type\" content=\"article\" \/>\n<meta property=\"og:title\" content=\"Mitrino\u0161a me\u017eroz\u012b\u0161u e\u013c\u013ca 50 ml - Puhdas+\" \/>\n<meta property=\"og:description\" content=\"Mitrino\u0161a me\u017eroz\u012b\u0161u e\u013c\u013ca 50 ml ir 100% dab\u012bga un dzi\u013ci mitrino\u0161a skaistumkop\u0161anas e\u013c\u013ca, kas atjauno, baro un izl\u012bdzina \u0101das toni.\" \/>\n<meta property=\"og:url\" content=\"https:\/\/test.puhdasplus.ee\/lv\/tooted\/kosmetika\/mitrinosa-mezrozisu-ella-50-ml\/\" \/>\n<meta property=\"og:site_name\" content=\"Puhdas+\" \/>\n<meta property=\"article:publisher\" content=\"https:\/\/www.facebook.com\/puhdasplus\" \/>\n<meta property=\"article:modified_time\" content=\"2026-02-22T20:49:47+00:00\" \/>\n<meta property=\"og:image\" content=\"https:\/\/test.puhdasplus.ee\/wp-content\/uploads\/2025\/03\/135.jpg\" \/>\n\t<meta property=\"og:image:width\" content=\"1862\" \/>\n\t<meta property=\"og:image:height\" content=\"2560\" \/>\n\t<meta property=\"og:image:type\" content=\"image\/jpeg\" \/>\n<meta name=\"twitter:card\" content=\"summary_large_image\" \/>\n<meta name=\"twitter:label1\" content=\"Est. reading time\" \/>\n\t<meta name=\"twitter:data1\" content=\"1 minute\" \/>\n<script type=\"application\/ld+json\" class=\"yoast-schema-graph\">{\"@context\":\"https:\/\/schema.org\",\"@graph\":[{\"@type\":\"WebPage\",\"@id\":\"https:\/\/test.puhdasplus.ee\/lv\/tooted\/kosmetika\/mitrinosa-mezrozisu-ella-50-ml\/\",\"url\":\"https:\/\/test.puhdasplus.ee\/lv\/tooted\/kosmetika\/mitrinosa-mezrozisu-ella-50-ml\/\",\"name\":\"Mitrino\u0161a me\u017eroz\u012b\u0161u e\u013c\u013ca 50 ml - Puhdas+\",\"isPartOf\":{\"@id\":\"https:\/\/test.puhdasplus.ee\/lv\/#website\"},\"primaryImageOfPage\":{\"@id\":\"https:\/\/test.puhdasplus.ee\/lv\/tooted\/kosmetika\/mitrinosa-mezrozisu-ella-50-ml\/#primaryimage\"},\"image\":{\"@id\":\"https:\/\/test.puhdasplus.ee\/lv\/tooted\/kosmetika\/mitrinosa-mezrozisu-ella-50-ml\/#primaryimage\"},\"thumbnailUrl\":\"https:\/\/test.puhdasplus.ee\/wp-content\/uploads\/2025\/03\/135.jpg\",\"datePublished\":\"2025-01-17T08:48:52+00:00\",\"dateModified\":\"2026-02-22T20:49:47+00:00\",\"description\":\"Mitrino\u0161a me\u017eroz\u012b\u0161u e\u013c\u013ca 50 ml ir 100% dab\u012bga un dzi\u013ci mitrino\u0161a skaistumkop\u0161anas e\u013c\u013ca, kas atjauno, baro un izl\u012bdzina \u0101das toni.\",\"breadcrumb\":{\"@id\":\"https:\/\/test.puhdasplus.ee\/lv\/tooted\/kosmetika\/mitrinosa-mezrozisu-ella-50-ml\/#breadcrumb\"},\"inLanguage\":\"lv-LV\",\"potentialAction\":[{\"@type\":\"ReadAction\",\"target\":[\"https:\/\/test.puhdasplus.ee\/lv\/tooted\/kosmetika\/mitrinosa-mezrozisu-ella-50-ml\/\"]}]},{\"@type\":\"ImageObject\",\"inLanguage\":\"lv-LV\",\"@id\":\"https:\/\/test.puhdasplus.ee\/lv\/tooted\/kosmetika\/mitrinosa-mezrozisu-ella-50-ml\/#primaryimage\",\"url\":\"https:\/\/test.puhdasplus.ee\/wp-content\/uploads\/2025\/03\/135.jpg\",\"contentUrl\":\"https:\/\/test.puhdasplus.ee\/wp-content\/uploads\/2025\/03\/135.jpg\",\"width\":1862,\"height\":2560,\"caption\":\"Mitrino\u0161a me\u017eroz\u012b\u0161u e\u013c\u013ca\"},{\"@type\":\"BreadcrumbList\",\"@id\":\"https:\/\/test.puhdasplus.ee\/lv\/tooted\/kosmetika\/mitrinosa-mezrozisu-ella-50-ml\/#breadcrumb\",\"itemListElement\":[{\"@type\":\"ListItem\",\"position\":1,\"name\":\"S\u0101kums\",\"item\":\"https:\/\/test.puhdasplus.ee\/lv\/\"},{\"@type\":\"ListItem\",\"position\":2,\"name\":\"Produkti\",\"item\":\"https:\/\/test.puhdasplus.ee\/lv\/veikals\/\"},{\"@type\":\"ListItem\",\"position\":3,\"name\":\"Mitrino\u0161a me\u017eroz\u012b\u0161u e\u013c\u013ca 50 ml\"}]},{\"@type\":\"WebSite\",\"@id\":\"https:\/\/test.puhdasplus.ee\/lv\/#website\",\"url\":\"https:\/\/test.puhdasplus.ee\/lv\/\",\"name\":\"Puhdas+\",\"description\":\"Vitamiinid, Toidulisandid, looduskosmeetika, tervis, sport\",\"publisher\":{\"@id\":\"https:\/\/test.puhdasplus.ee\/lv\/#organization\"},\"potentialAction\":[{\"@type\":\"SearchAction\",\"target\":{\"@type\":\"EntryPoint\",\"urlTemplate\":\"https:\/\/test.puhdasplus.ee\/lv\/?s={search_term_string}\"},\"query-input\":{\"@type\":\"PropertyValueSpecification\",\"valueRequired\":true,\"valueName\":\"search_term_string\"}}],\"inLanguage\":\"lv-LV\"},{\"@type\":\"Organization\",\"@id\":\"https:\/\/test.puhdasplus.ee\/lv\/#organization\",\"name\":\"Puhdas+\",\"alternateName\":\"Puhdasplus\",\"url\":\"https:\/\/test.puhdasplus.ee\/lv\/\",\"logo\":{\"@type\":\"ImageObject\",\"inLanguage\":\"lv-LV\",\"@id\":\"https:\/\/test.puhdasplus.ee\/lv\/#\/schema\/logo\/image\/\",\"url\":\"https:\/\/test.puhdasplus.ee\/\/wp-content\/uploads\/2019\/10\/puhdas_logo-arvele.png\",\"contentUrl\":\"https:\/\/test.puhdasplus.ee\/\/wp-content\/uploads\/2019\/10\/puhdas_logo-arvele.png\",\"width\":114,\"height\":94,\"caption\":\"Puhdas+\"},\"image\":{\"@id\":\"https:\/\/test.puhdasplus.ee\/lv\/#\/schema\/logo\/image\/\"},\"sameAs\":[\"https:\/\/www.facebook.com\/puhdasplus\",\"https:\/\/www.instagram.com\/puhdasplus_ee\/\"]}]}<\/script>\n<!-- \/ Yoast SEO plugin. -->","yoast_head_json":{"title":"Mitrino\u0161a me\u017eroz\u012b\u0161u e\u013c\u013ca 50 ml - Puhdas+","description":"Mitrino\u0161a me\u017eroz\u012b\u0161u e\u013c\u013ca 50 ml ir 100% dab\u012bga un dzi\u013ci mitrino\u0161a skaistumkop\u0161anas e\u013c\u013ca, kas atjauno, baro un izl\u012bdzina \u0101das toni.","robots":{"index":"noindex","follow":"follow","max-snippet":"max-snippet:-1","max-image-preview":"max-image-preview:large","max-video-preview":"max-video-preview:-1"},"og_locale":"lv_LV","og_type":"article","og_title":"Mitrino\u0161a me\u017eroz\u012b\u0161u e\u013c\u013ca 50 ml - Puhdas+","og_description":"Mitrino\u0161a me\u017eroz\u012b\u0161u e\u013c\u013ca 50 ml ir 100% dab\u012bga un dzi\u013ci mitrino\u0161a skaistumkop\u0161anas e\u013c\u013ca, kas atjauno, baro un izl\u012bdzina \u0101das toni.","og_url":"https:\/\/test.puhdasplus.ee\/lv\/tooted\/kosmetika\/mitrinosa-mezrozisu-ella-50-ml\/","og_site_name":"Puhdas+","article_publisher":"https:\/\/www.facebook.com\/puhdasplus","article_modified_time":"2026-02-22T20:49:47+00:00","og_image":[{"width":1862,"height":2560,"url":"https:\/\/test.puhdasplus.ee\/wp-content\/uploads\/2025\/03\/135.jpg","type":"image\/jpeg"}],"twitter_card":"summary_large_image","twitter_misc":{"Est. reading time":"1 minute"},"schema":{"@context":"https:\/\/schema.org","@graph":[{"@type":"WebPage","@id":"https:\/\/test.puhdasplus.ee\/lv\/tooted\/kosmetika\/mitrinosa-mezrozisu-ella-50-ml\/","url":"https:\/\/test.puhdasplus.ee\/lv\/tooted\/kosmetika\/mitrinosa-mezrozisu-ella-50-ml\/","name":"Mitrino\u0161a me\u017eroz\u012b\u0161u e\u013c\u013ca 50 ml - Puhdas+","isPartOf":{"@id":"https:\/\/test.puhdasplus.ee\/lv\/#website"},"primaryImageOfPage":{"@id":"https:\/\/test.puhdasplus.ee\/lv\/tooted\/kosmetika\/mitrinosa-mezrozisu-ella-50-ml\/#primaryimage"},"image":{"@id":"https:\/\/test.puhdasplus.ee\/lv\/tooted\/kosmetika\/mitrinosa-mezrozisu-ella-50-ml\/#primaryimage"},"thumbnailUrl":"https:\/\/test.puhdasplus.ee\/wp-content\/uploads\/2025\/03\/135.jpg","datePublished":"2025-01-17T08:48:52+00:00","dateModified":"2026-02-22T20:49:47+00:00","description":"Mitrino\u0161a me\u017eroz\u012b\u0161u e\u013c\u013ca 50 ml ir 100% dab\u012bga un dzi\u013ci mitrino\u0161a skaistumkop\u0161anas e\u013c\u013ca, kas atjauno, baro un izl\u012bdzina \u0101das toni.","breadcrumb":{"@id":"https:\/\/test.puhdasplus.ee\/lv\/tooted\/kosmetika\/mitrinosa-mezrozisu-ella-50-ml\/#breadcrumb"},"inLanguage":"lv-LV","potentialAction":[{"@type":"ReadAction","target":["https:\/\/test.puhdasplus.ee\/lv\/tooted\/kosmetika\/mitrinosa-mezrozisu-ella-50-ml\/"]}]},{"@type":"ImageObject","inLanguage":"lv-LV","@id":"https:\/\/test.puhdasplus.ee\/lv\/tooted\/kosmetika\/mitrinosa-mezrozisu-ella-50-ml\/#primaryimage","url":"https:\/\/test.puhdasplus.ee\/wp-content\/uploads\/2025\/03\/135.jpg","contentUrl":"https:\/\/test.puhdasplus.ee\/wp-content\/uploads\/2025\/03\/135.jpg","width":1862,"height":2560,"caption":"Mitrino\u0161a me\u017eroz\u012b\u0161u e\u013c\u013ca"},{"@type":"BreadcrumbList","@id":"https:\/\/test.puhdasplus.ee\/lv\/tooted\/kosmetika\/mitrinosa-mezrozisu-ella-50-ml\/#breadcrumb","itemListElement":[{"@type":"ListItem","position":1,"name":"S\u0101kums","item":"https:\/\/test.puhdasplus.ee\/lv\/"},{"@type":"ListItem","position":2,"name":"Produkti","item":"https:\/\/test.puhdasplus.ee\/lv\/veikals\/"},{"@type":"ListItem","position":3,"name":"Mitrino\u0161a me\u017eroz\u012b\u0161u e\u013c\u013ca 50 ml"}]},{"@type":"WebSite","@id":"https:\/\/test.puhdasplus.ee\/lv\/#website","url":"https:\/\/test.puhdasplus.ee\/lv\/","name":"Puhdas+","description":"Vitamiinid, Toidulisandid, looduskosmeetika, tervis, sport","publisher":{"@id":"https:\/\/test.puhdasplus.ee\/lv\/#organization"},"potentialAction":[{"@type":"SearchAction","target":{"@type":"EntryPoint","urlTemplate":"https:\/\/test.puhdasplus.ee\/lv\/?s={search_term_string}"},"query-input":{"@type":"PropertyValueSpecification","valueRequired":true,"valueName":"search_term_string"}}],"inLanguage":"lv-LV"},{"@type":"Organization","@id":"https:\/\/test.puhdasplus.ee\/lv\/#organization","name":"Puhdas+","alternateName":"Puhdasplus","url":"https:\/\/test.puhdasplus.ee\/lv\/","logo":{"@type":"ImageObject","inLanguage":"lv-LV","@id":"https:\/\/test.puhdasplus.ee\/lv\/#\/schema\/logo\/image\/","url":"https:\/\/test.puhdasplus.ee\/\/wp-content\/uploads\/2019\/10\/puhdas_logo-arvele.png","contentUrl":"https:\/\/test.puhdasplus.ee\/\/wp-content\/uploads\/2019\/10\/puhdas_logo-arvele.png","width":114,"height":94,"caption":"Puhdas+"},"image":{"@id":"https:\/\/test.puhdasplus.ee\/lv\/#\/schema\/logo\/image\/"},"sameAs":["https:\/\/www.facebook.com\/puhdasplus","https:\/\/www.instagram.com\/puhdasplus_ee\/"]}]}},"_links":{"self":[{"href":"https:\/\/test.puhdasplus.ee\/lv\/wp-json\/wp\/v2\/product\/32912","targetHints":{"allow":["GET"]}}],"collection":[{"href":"https:\/\/test.puhdasplus.ee\/lv\/wp-json\/wp\/v2\/product"}],"about":[{"href":"https:\/\/test.puhdasplus.ee\/lv\/wp-json\/wp\/v2\/types\/product"}],"replies":[{"embeddable":true,"href":"https:\/\/test.puhdasplus.ee\/lv\/wp-json\/wp\/v2\/comments?post=32912"}],"wp:featuredmedia":[{"embeddable":true,"href":"https:\/\/test.puhdasplus.ee\/lv\/wp-json\/wp\/v2\/media\/32917"}],"wp:attachment":[{"href":"https:\/\/test.puhdasplus.ee\/lv\/wp-json\/wp\/v2\/media?parent=32912"}],"wp:term":[{"taxonomy":"product_brand","embeddable":true,"href":"https:\/\/test.puhdasplus.ee\/lv\/wp-json\/wp\/v2\/product_brand?post=32912"},{"taxonomy":"product_cat","embeddable":true,"href":"https:\/\/test.puhdasplus.ee\/lv\/wp-json\/wp\/v2\/product_cat?post=32912"},{"taxonomy":"product_tag","embeddable":true,"href":"https:\/\/test.puhdasplus.ee\/lv\/wp-json\/wp\/v2\/product_tag?post=32912"}],"curies":[{"name":"wp","href":"https:\/\/api.w.org\/{rel}","templated":true}]}}