{"id":31977,"date":"2025-06-17T20:04:29","date_gmt":"2025-06-17T17:04:29","guid":{"rendered":"https:\/\/test.puhdasplus.ee\/\/sutijumu-izsekosana\/"},"modified":"2025-08-21T13:57:49","modified_gmt":"2025-08-21T10:57:49","slug":"sutijumu-izsekosana","status":"publish","type":"page","link":"https:\/\/test.puhdasplus.ee\/lv\/sutijumu-izsekosana\/","title":{"rendered":"S\u016bt\u012bjumu izseko\u0161ana"},"content":{"rendered":"\t\t<div data-elementor-type=\"wp-page\" data-elementor-id=\"31977\" class=\"elementor elementor-31977 elementor-31042\" data-elementor-post-type=\"page\">\n\t\t\t\t<div data-particle_enable=\"false\" data-particle-mobile-disabled=\"false\" class=\"elementor-element elementor-element-40cb04b3 e-flex e-con-boxed e-con e-parent\" data-id=\"40cb04b3\" data-element_type=\"container\" data-e-type=\"container\">\r\n\t\t\t\t\t<div class=\"e-con-inner\">\r\n\t\t\t\t<div class=\"elementor-element elementor-element-32edf74 elementor-widget elementor-widget-shortcode\" data-id=\"32edf74\" data-element_type=\"widget\" data-e-type=\"widget\" data-widget_type=\"shortcode.default\">\n\t\t\t\t\t\t\t<div class=\"elementor-shortcode\"><div class=\"woocommerce\"><\/div><\/div>\n\t\t\t\t\t\t<\/div>\n\t\t\t\t\t<\/div>\n\t\t\t\t<\/div>\n\t\t\t\t<\/div>\n\t\t","protected":false},"excerpt":{"rendered":"","protected":false},"author":471,"featured_media":0,"parent":0,"menu_order":0,"comment_status":"closed","ping_status":"closed","template":"","meta":{"_acf_changed":false,"footnotes":""},"class_list":["post-31977","page","type-page","status-publish","hentry"],"acf":[],"yoast_head":"<!-- This site is optimized with the Yoast SEO plugin v27.1.1 - https:\/\/yoast.com\/product\/yoast-seo-wordpress\/ -->\n<title>S\u016bt\u012bjumu izseko\u0161ana - Puhdas+<\/title>\n<meta name=\"description\" content=\"Pievienojieties Puhdas+ izplat\u012bt\u0101ju t\u012bklam Igaunij\u0101! M\u016bsu augstas kvalit\u0101tes un dab\u012bgie vesel\u012bbas un kosm\u0113tikas produkti, piem\u0113ram, \u0113terisk\u0101s e\u013c\u013cas, uztura bag\u0101tin\u0101t\u0101ji un \u0101das kop\u0161anas l\u012bdzek\u013ci, pied\u0101v\u0101 j\u016bsu klientiem efekt\u012bvu un dro\u0161u alternat\u012bvu. Lasiet, k\u0101 uzs\u0101kt sadarb\u012bbu un k\u013c\u016bt par da\u013cu no uzticama dabisko produktu z\u012bmola.\" \/>\n<meta name=\"robots\" content=\"noindex, follow, max-snippet:-1, max-image-preview:large, max-video-preview:-1\" \/>\n<meta property=\"og:locale\" content=\"lv_LV\" \/>\n<meta property=\"og:type\" content=\"article\" \/>\n<meta property=\"og:title\" content=\"S\u016bt\u012bjumu izseko\u0161ana - Puhdas+\" \/>\n<meta property=\"og:description\" content=\"Pievienojieties Puhdas+ izplat\u012bt\u0101ju t\u012bklam Igaunij\u0101! M\u016bsu augstas kvalit\u0101tes un dab\u012bgie vesel\u012bbas un kosm\u0113tikas produkti, piem\u0113ram, \u0113terisk\u0101s e\u013c\u013cas, uztura bag\u0101tin\u0101t\u0101ji un \u0101das kop\u0161anas l\u012bdzek\u013ci, pied\u0101v\u0101 j\u016bsu klientiem efekt\u012bvu un dro\u0161u alternat\u012bvu. Lasiet, k\u0101 uzs\u0101kt sadarb\u012bbu un k\u013c\u016bt par da\u013cu no uzticama dabisko produktu z\u012bmola.\" \/>\n<meta property=\"og:url\" content=\"https:\/\/test.puhdasplus.ee\/lv\/sutijumu-izsekosana\/\" \/>\n<meta property=\"og:site_name\" content=\"Puhdas+\" \/>\n<meta property=\"article:publisher\" content=\"https:\/\/www.facebook.com\/puhdasplus\" \/>\n<meta property=\"article:modified_time\" content=\"2025-08-21T10:57:49+00:00\" \/>\n<meta property=\"og:image\" content=\"https:\/\/test.puhdasplus.ee\/wp-content\/uploads\/2025\/08\/Untitled-design-6.png\" \/>\n\t<meta property=\"og:image:width\" content=\"1913\" \/>\n\t<meta property=\"og:image:height\" content=\"875\" \/>\n\t<meta property=\"og:image:type\" content=\"image\/png\" \/>\n<meta name=\"twitter:card\" content=\"summary_large_image\" \/>\n<script type=\"application\/ld+json\" class=\"yoast-schema-graph\">{\"@context\":\"https:\/\/schema.org\",\"@graph\":[{\"@type\":\"WebPage\",\"@id\":\"https:\/\/test.puhdasplus.ee\/lv\/sutijumu-izsekosana\/\",\"url\":\"https:\/\/test.puhdasplus.ee\/lv\/sutijumu-izsekosana\/\",\"name\":\"S\u016bt\u012bjumu izseko\u0161ana - Puhdas+\",\"isPartOf\":{\"@id\":\"https:\/\/test.puhdasplus.ee\/lv\/#website\"},\"datePublished\":\"2025-06-17T17:04:29+00:00\",\"dateModified\":\"2025-08-21T10:57:49+00:00\",\"description\":\"Pievienojieties Puhdas+ izplat\u012bt\u0101ju t\u012bklam Igaunij\u0101! M\u016bsu augstas kvalit\u0101tes un dab\u012bgie vesel\u012bbas un kosm\u0113tikas produkti, piem\u0113ram, \u0113terisk\u0101s e\u013c\u013cas, uztura bag\u0101tin\u0101t\u0101ji un \u0101das kop\u0161anas l\u012bdzek\u013ci, pied\u0101v\u0101 j\u016bsu klientiem efekt\u012bvu un dro\u0161u alternat\u012bvu. Lasiet, k\u0101 uzs\u0101kt sadarb\u012bbu un k\u013c\u016bt par da\u013cu no uzticama dabisko produktu z\u012bmola.\",\"breadcrumb\":{\"@id\":\"https:\/\/test.puhdasplus.ee\/lv\/sutijumu-izsekosana\/#breadcrumb\"},\"inLanguage\":\"lv-LV\",\"potentialAction\":[{\"@type\":\"ReadAction\",\"target\":[\"https:\/\/test.puhdasplus.ee\/lv\/sutijumu-izsekosana\/\"]}]},{\"@type\":\"BreadcrumbList\",\"@id\":\"https:\/\/test.puhdasplus.ee\/lv\/sutijumu-izsekosana\/#breadcrumb\",\"itemListElement\":[{\"@type\":\"ListItem\",\"position\":1,\"name\":\"S\u0101kums\",\"item\":\"https:\/\/test.puhdasplus.ee\/lv\/\"},{\"@type\":\"ListItem\",\"position\":2,\"name\":\"S\u016bt\u012bjumu izseko\u0161ana\"}]},{\"@type\":\"WebSite\",\"@id\":\"https:\/\/test.puhdasplus.ee\/lv\/#website\",\"url\":\"https:\/\/test.puhdasplus.ee\/lv\/\",\"name\":\"Puhdas+\",\"description\":\"Vitamiinid, Toidulisandid, looduskosmeetika, tervis, sport\",\"publisher\":{\"@id\":\"https:\/\/test.puhdasplus.ee\/lv\/#organization\"},\"potentialAction\":[{\"@type\":\"SearchAction\",\"target\":{\"@type\":\"EntryPoint\",\"urlTemplate\":\"https:\/\/test.puhdasplus.ee\/lv\/?s={search_term_string}\"},\"query-input\":{\"@type\":\"PropertyValueSpecification\",\"valueRequired\":true,\"valueName\":\"search_term_string\"}}],\"inLanguage\":\"lv-LV\"},{\"@type\":\"Organization\",\"@id\":\"https:\/\/test.puhdasplus.ee\/lv\/#organization\",\"name\":\"Puhdas+\",\"alternateName\":\"Puhdasplus\",\"url\":\"https:\/\/test.puhdasplus.ee\/lv\/\",\"logo\":{\"@type\":\"ImageObject\",\"inLanguage\":\"lv-LV\",\"@id\":\"https:\/\/test.puhdasplus.ee\/lv\/#\/schema\/logo\/image\/\",\"url\":\"https:\/\/test.puhdasplus.ee\/\/wp-content\/uploads\/2019\/10\/puhdas_logo-arvele.png\",\"contentUrl\":\"https:\/\/test.puhdasplus.ee\/\/wp-content\/uploads\/2019\/10\/puhdas_logo-arvele.png\",\"width\":114,\"height\":94,\"caption\":\"Puhdas+\"},\"image\":{\"@id\":\"https:\/\/test.puhdasplus.ee\/lv\/#\/schema\/logo\/image\/\"},\"sameAs\":[\"https:\/\/www.facebook.com\/puhdasplus\",\"https:\/\/www.instagram.com\/puhdasplus_ee\/\"]}]}<\/script>\n<!-- \/ Yoast SEO plugin. -->","yoast_head_json":{"title":"S\u016bt\u012bjumu izseko\u0161ana - Puhdas+","description":"Pievienojieties Puhdas+ izplat\u012bt\u0101ju t\u012bklam Igaunij\u0101! M\u016bsu augstas kvalit\u0101tes un dab\u012bgie vesel\u012bbas un kosm\u0113tikas produkti, piem\u0113ram, \u0113terisk\u0101s e\u013c\u013cas, uztura bag\u0101tin\u0101t\u0101ji un \u0101das kop\u0161anas l\u012bdzek\u013ci, pied\u0101v\u0101 j\u016bsu klientiem efekt\u012bvu un dro\u0161u alternat\u012bvu. Lasiet, k\u0101 uzs\u0101kt sadarb\u012bbu un k\u013c\u016bt par da\u013cu no uzticama dabisko produktu z\u012bmola.","robots":{"index":"noindex","follow":"follow","max-snippet":"max-snippet:-1","max-image-preview":"max-image-preview:large","max-video-preview":"max-video-preview:-1"},"og_locale":"lv_LV","og_type":"article","og_title":"S\u016bt\u012bjumu izseko\u0161ana - Puhdas+","og_description":"Pievienojieties Puhdas+ izplat\u012bt\u0101ju t\u012bklam Igaunij\u0101! M\u016bsu augstas kvalit\u0101tes un dab\u012bgie vesel\u012bbas un kosm\u0113tikas produkti, piem\u0113ram, \u0113terisk\u0101s e\u013c\u013cas, uztura bag\u0101tin\u0101t\u0101ji un \u0101das kop\u0161anas l\u012bdzek\u013ci, pied\u0101v\u0101 j\u016bsu klientiem efekt\u012bvu un dro\u0161u alternat\u012bvu. Lasiet, k\u0101 uzs\u0101kt sadarb\u012bbu un k\u013c\u016bt par da\u013cu no uzticama dabisko produktu z\u012bmola.","og_url":"https:\/\/test.puhdasplus.ee\/lv\/sutijumu-izsekosana\/","og_site_name":"Puhdas+","article_publisher":"https:\/\/www.facebook.com\/puhdasplus","article_modified_time":"2025-08-21T10:57:49+00:00","og_image":[{"width":1913,"height":875,"url":"https:\/\/test.puhdasplus.ee\/wp-content\/uploads\/2025\/08\/Untitled-design-6.png","type":"image\/png"}],"twitter_card":"summary_large_image","schema":{"@context":"https:\/\/schema.org","@graph":[{"@type":"WebPage","@id":"https:\/\/test.puhdasplus.ee\/lv\/sutijumu-izsekosana\/","url":"https:\/\/test.puhdasplus.ee\/lv\/sutijumu-izsekosana\/","name":"S\u016bt\u012bjumu izseko\u0161ana - Puhdas+","isPartOf":{"@id":"https:\/\/test.puhdasplus.ee\/lv\/#website"},"datePublished":"2025-06-17T17:04:29+00:00","dateModified":"2025-08-21T10:57:49+00:00","description":"Pievienojieties Puhdas+ izplat\u012bt\u0101ju t\u012bklam Igaunij\u0101! M\u016bsu augstas kvalit\u0101tes un dab\u012bgie vesel\u012bbas un kosm\u0113tikas produkti, piem\u0113ram, \u0113terisk\u0101s e\u013c\u013cas, uztura bag\u0101tin\u0101t\u0101ji un \u0101das kop\u0161anas l\u012bdzek\u013ci, pied\u0101v\u0101 j\u016bsu klientiem efekt\u012bvu un dro\u0161u alternat\u012bvu. Lasiet, k\u0101 uzs\u0101kt sadarb\u012bbu un k\u013c\u016bt par da\u013cu no uzticama dabisko produktu z\u012bmola.","breadcrumb":{"@id":"https:\/\/test.puhdasplus.ee\/lv\/sutijumu-izsekosana\/#breadcrumb"},"inLanguage":"lv-LV","potentialAction":[{"@type":"ReadAction","target":["https:\/\/test.puhdasplus.ee\/lv\/sutijumu-izsekosana\/"]}]},{"@type":"BreadcrumbList","@id":"https:\/\/test.puhdasplus.ee\/lv\/sutijumu-izsekosana\/#breadcrumb","itemListElement":[{"@type":"ListItem","position":1,"name":"S\u0101kums","item":"https:\/\/test.puhdasplus.ee\/lv\/"},{"@type":"ListItem","position":2,"name":"S\u016bt\u012bjumu izseko\u0161ana"}]},{"@type":"WebSite","@id":"https:\/\/test.puhdasplus.ee\/lv\/#website","url":"https:\/\/test.puhdasplus.ee\/lv\/","name":"Puhdas+","description":"Vitamiinid, Toidulisandid, looduskosmeetika, tervis, sport","publisher":{"@id":"https:\/\/test.puhdasplus.ee\/lv\/#organization"},"potentialAction":[{"@type":"SearchAction","target":{"@type":"EntryPoint","urlTemplate":"https:\/\/test.puhdasplus.ee\/lv\/?s={search_term_string}"},"query-input":{"@type":"PropertyValueSpecification","valueRequired":true,"valueName":"search_term_string"}}],"inLanguage":"lv-LV"},{"@type":"Organization","@id":"https:\/\/test.puhdasplus.ee\/lv\/#organization","name":"Puhdas+","alternateName":"Puhdasplus","url":"https:\/\/test.puhdasplus.ee\/lv\/","logo":{"@type":"ImageObject","inLanguage":"lv-LV","@id":"https:\/\/test.puhdasplus.ee\/lv\/#\/schema\/logo\/image\/","url":"https:\/\/test.puhdasplus.ee\/\/wp-content\/uploads\/2019\/10\/puhdas_logo-arvele.png","contentUrl":"https:\/\/test.puhdasplus.ee\/\/wp-content\/uploads\/2019\/10\/puhdas_logo-arvele.png","width":114,"height":94,"caption":"Puhdas+"},"image":{"@id":"https:\/\/test.puhdasplus.ee\/lv\/#\/schema\/logo\/image\/"},"sameAs":["https:\/\/www.facebook.com\/puhdasplus","https:\/\/www.instagram.com\/puhdasplus_ee\/"]}]}},"_links":{"self":[{"href":"https:\/\/test.puhdasplus.ee\/lv\/wp-json\/wp\/v2\/pages\/31977","targetHints":{"allow":["GET"]}}],"collection":[{"href":"https:\/\/test.puhdasplus.ee\/lv\/wp-json\/wp\/v2\/pages"}],"about":[{"href":"https:\/\/test.puhdasplus.ee\/lv\/wp-json\/wp\/v2\/types\/page"}],"author":[{"embeddable":true,"href":"https:\/\/test.puhdasplus.ee\/lv\/wp-json\/wp\/v2\/users\/471"}],"replies":[{"embeddable":true,"href":"https:\/\/test.puhdasplus.ee\/lv\/wp-json\/wp\/v2\/comments?post=31977"}],"version-history":[{"count":1,"href":"https:\/\/test.puhdasplus.ee\/lv\/wp-json\/wp\/v2\/pages\/31977\/revisions"}],"predecessor-version":[{"id":31978,"href":"https:\/\/test.puhdasplus.ee\/lv\/wp-json\/wp\/v2\/pages\/31977\/revisions\/31978"}],"wp:attachment":[{"href":"https:\/\/test.puhdasplus.ee\/lv\/wp-json\/wp\/v2\/media?parent=31977"}],"curies":[{"name":"wp","href":"https:\/\/api.w.org\/{rel}","templated":true}]}}