{"id":31957,"date":"2020-07-31T09:50:10","date_gmt":"2020-07-31T06:50:10","guid":{"rendered":"https:\/\/test.puhdasplus.ee\/\/veikals\/"},"modified":"2026-01-01T16:02:50","modified_gmt":"2026-01-01T14:02:50","slug":"veikals","status":"publish","type":"page","link":"https:\/\/test.puhdasplus.ee\/lv\/veikals\/","title":{"rendered":"Produkti"},"content":{"rendered":"","protected":false},"excerpt":{"rendered":"","protected":false},"author":471,"featured_media":0,"parent":0,"menu_order":0,"comment_status":"closed","ping_status":"closed","template":"","meta":{"_acf_changed":false,"footnotes":""},"class_list":["post-31957","page","type-page","status-publish","hentry"],"acf":[],"yoast_head":"<!-- This site is optimized with the Yoast SEO plugin v27.1.1 - https:\/\/yoast.com\/product\/yoast-seo-wordpress\/ -->\n<title>Puhdas+ produkti \u2013 t\u012bri un augstas kvalit\u0101tes uztura bag\u0101tin\u0101t\u0101ji<\/title>\n<meta name=\"description\" content=\"Puhdas+ produkti \u2013 t\u012bri vitam\u012bni un uztura bag\u0101tin\u0101t\u0101ji ikdienas labsaj\u016btai. \u0112rti pas\u016btiet no Igaunijas e-veikala.\" \/>\n<meta name=\"robots\" content=\"noindex, follow, max-snippet:-1, max-image-preview:large, max-video-preview:-1\" \/>\n<meta property=\"og:locale\" content=\"lv_LV\" \/>\n<meta property=\"og:type\" content=\"article\" \/>\n<meta property=\"og:title\" content=\"Puhdas+ produkti \u2013 t\u012bri un augstas kvalit\u0101tes uztura bag\u0101tin\u0101t\u0101ji\" \/>\n<meta property=\"og:description\" content=\"Puhdas+ produkti \u2013 t\u012bri vitam\u012bni un uztura bag\u0101tin\u0101t\u0101ji ikdienas labsaj\u016btai. \u0112rti pas\u016btiet no Igaunijas e-veikala.\" \/>\n<meta property=\"og:url\" content=\"https:\/\/test.puhdasplus.ee\/lv\/veikals\/\" \/>\n<meta property=\"og:site_name\" content=\"Puhdas+\" \/>\n<meta property=\"article:publisher\" content=\"https:\/\/www.facebook.com\/puhdasplus\" \/>\n<meta property=\"article:modified_time\" content=\"2026-01-01T14:02:50+00:00\" \/>\n<meta property=\"og:image\" content=\"https:\/\/test.puhdasplus.ee\/wp-content\/uploads\/2025\/08\/Untitled-design-6.png\" \/>\n\t<meta property=\"og:image:width\" content=\"1913\" \/>\n\t<meta property=\"og:image:height\" content=\"875\" \/>\n\t<meta property=\"og:image:type\" content=\"image\/png\" \/>\n<meta name=\"twitter:card\" content=\"summary_large_image\" \/>\n<script type=\"application\/ld+json\" class=\"yoast-schema-graph\">{\"@context\":\"https:\/\/schema.org\",\"@graph\":[{\"@type\":\"WebPage\",\"@id\":\"https:\/\/test.puhdasplus.ee\/lv\/veikals\/\",\"url\":\"https:\/\/test.puhdasplus.ee\/lv\/veikals\/\",\"name\":\"Puhdas+ produkti \u2013 t\u012bri un augstas kvalit\u0101tes uztura bag\u0101tin\u0101t\u0101ji\",\"isPartOf\":{\"@id\":\"https:\/\/test.puhdasplus.ee\/lv\/#website\"},\"datePublished\":\"2020-07-31T06:50:10+00:00\",\"dateModified\":\"2026-01-01T14:02:50+00:00\",\"description\":\"Puhdas+ produkti \u2013 t\u012bri vitam\u012bni un uztura bag\u0101tin\u0101t\u0101ji ikdienas labsaj\u016btai. \u0112rti pas\u016btiet no Igaunijas e-veikala.\",\"breadcrumb\":{\"@id\":\"https:\/\/test.puhdasplus.ee\/lv\/veikals\/#breadcrumb\"},\"inLanguage\":\"lv-LV\",\"potentialAction\":[{\"@type\":\"ReadAction\",\"target\":[\"https:\/\/test.puhdasplus.ee\/lv\/veikals\/\"]}]},{\"@type\":\"BreadcrumbList\",\"@id\":\"https:\/\/test.puhdasplus.ee\/lv\/veikals\/#breadcrumb\",\"itemListElement\":[{\"@type\":\"ListItem\",\"position\":1,\"name\":\"S\u0101kums\",\"item\":\"https:\/\/test.puhdasplus.ee\/lv\/\"},{\"@type\":\"ListItem\",\"position\":2,\"name\":\"Produkti\"}]},{\"@type\":\"WebSite\",\"@id\":\"https:\/\/test.puhdasplus.ee\/lv\/#website\",\"url\":\"https:\/\/test.puhdasplus.ee\/lv\/\",\"name\":\"Puhdas+\",\"description\":\"Vitamiinid, Toidulisandid, looduskosmeetika, tervis, sport\",\"publisher\":{\"@id\":\"https:\/\/test.puhdasplus.ee\/lv\/#organization\"},\"potentialAction\":[{\"@type\":\"SearchAction\",\"target\":{\"@type\":\"EntryPoint\",\"urlTemplate\":\"https:\/\/test.puhdasplus.ee\/lv\/?s={search_term_string}\"},\"query-input\":{\"@type\":\"PropertyValueSpecification\",\"valueRequired\":true,\"valueName\":\"search_term_string\"}}],\"inLanguage\":\"lv-LV\"},{\"@type\":\"Organization\",\"@id\":\"https:\/\/test.puhdasplus.ee\/lv\/#organization\",\"name\":\"Puhdas+\",\"alternateName\":\"Puhdasplus\",\"url\":\"https:\/\/test.puhdasplus.ee\/lv\/\",\"logo\":{\"@type\":\"ImageObject\",\"inLanguage\":\"lv-LV\",\"@id\":\"https:\/\/test.puhdasplus.ee\/lv\/#\/schema\/logo\/image\/\",\"url\":\"https:\/\/test.puhdasplus.ee\/\/wp-content\/uploads\/2019\/10\/puhdas_logo-arvele.png\",\"contentUrl\":\"https:\/\/test.puhdasplus.ee\/\/wp-content\/uploads\/2019\/10\/puhdas_logo-arvele.png\",\"width\":114,\"height\":94,\"caption\":\"Puhdas+\"},\"image\":{\"@id\":\"https:\/\/test.puhdasplus.ee\/lv\/#\/schema\/logo\/image\/\"},\"sameAs\":[\"https:\/\/www.facebook.com\/puhdasplus\",\"https:\/\/www.instagram.com\/puhdasplus_ee\/\"]}]}<\/script>\n<!-- \/ Yoast SEO plugin. -->","yoast_head_json":{"title":"Puhdas+ produkti \u2013 t\u012bri un augstas kvalit\u0101tes uztura bag\u0101tin\u0101t\u0101ji","description":"Puhdas+ produkti \u2013 t\u012bri vitam\u012bni un uztura bag\u0101tin\u0101t\u0101ji ikdienas labsaj\u016btai. \u0112rti pas\u016btiet no Igaunijas e-veikala.","robots":{"index":"noindex","follow":"follow","max-snippet":"max-snippet:-1","max-image-preview":"max-image-preview:large","max-video-preview":"max-video-preview:-1"},"og_locale":"lv_LV","og_type":"article","og_title":"Puhdas+ produkti \u2013 t\u012bri un augstas kvalit\u0101tes uztura bag\u0101tin\u0101t\u0101ji","og_description":"Puhdas+ produkti \u2013 t\u012bri vitam\u012bni un uztura bag\u0101tin\u0101t\u0101ji ikdienas labsaj\u016btai. \u0112rti pas\u016btiet no Igaunijas e-veikala.","og_url":"https:\/\/test.puhdasplus.ee\/lv\/veikals\/","og_site_name":"Puhdas+","article_publisher":"https:\/\/www.facebook.com\/puhdasplus","article_modified_time":"2026-01-01T14:02:50+00:00","og_image":[{"width":1913,"height":875,"url":"https:\/\/test.puhdasplus.ee\/wp-content\/uploads\/2025\/08\/Untitled-design-6.png","type":"image\/png"}],"twitter_card":"summary_large_image","schema":{"@context":"https:\/\/schema.org","@graph":[{"@type":"WebPage","@id":"https:\/\/test.puhdasplus.ee\/lv\/veikals\/","url":"https:\/\/test.puhdasplus.ee\/lv\/veikals\/","name":"Puhdas+ produkti \u2013 t\u012bri un augstas kvalit\u0101tes uztura bag\u0101tin\u0101t\u0101ji","isPartOf":{"@id":"https:\/\/test.puhdasplus.ee\/lv\/#website"},"datePublished":"2020-07-31T06:50:10+00:00","dateModified":"2026-01-01T14:02:50+00:00","description":"Puhdas+ produkti \u2013 t\u012bri vitam\u012bni un uztura bag\u0101tin\u0101t\u0101ji ikdienas labsaj\u016btai. \u0112rti pas\u016btiet no Igaunijas e-veikala.","breadcrumb":{"@id":"https:\/\/test.puhdasplus.ee\/lv\/veikals\/#breadcrumb"},"inLanguage":"lv-LV","potentialAction":[{"@type":"ReadAction","target":["https:\/\/test.puhdasplus.ee\/lv\/veikals\/"]}]},{"@type":"BreadcrumbList","@id":"https:\/\/test.puhdasplus.ee\/lv\/veikals\/#breadcrumb","itemListElement":[{"@type":"ListItem","position":1,"name":"S\u0101kums","item":"https:\/\/test.puhdasplus.ee\/lv\/"},{"@type":"ListItem","position":2,"name":"Produkti"}]},{"@type":"WebSite","@id":"https:\/\/test.puhdasplus.ee\/lv\/#website","url":"https:\/\/test.puhdasplus.ee\/lv\/","name":"Puhdas+","description":"Vitamiinid, Toidulisandid, looduskosmeetika, tervis, sport","publisher":{"@id":"https:\/\/test.puhdasplus.ee\/lv\/#organization"},"potentialAction":[{"@type":"SearchAction","target":{"@type":"EntryPoint","urlTemplate":"https:\/\/test.puhdasplus.ee\/lv\/?s={search_term_string}"},"query-input":{"@type":"PropertyValueSpecification","valueRequired":true,"valueName":"search_term_string"}}],"inLanguage":"lv-LV"},{"@type":"Organization","@id":"https:\/\/test.puhdasplus.ee\/lv\/#organization","name":"Puhdas+","alternateName":"Puhdasplus","url":"https:\/\/test.puhdasplus.ee\/lv\/","logo":{"@type":"ImageObject","inLanguage":"lv-LV","@id":"https:\/\/test.puhdasplus.ee\/lv\/#\/schema\/logo\/image\/","url":"https:\/\/test.puhdasplus.ee\/\/wp-content\/uploads\/2019\/10\/puhdas_logo-arvele.png","contentUrl":"https:\/\/test.puhdasplus.ee\/\/wp-content\/uploads\/2019\/10\/puhdas_logo-arvele.png","width":114,"height":94,"caption":"Puhdas+"},"image":{"@id":"https:\/\/test.puhdasplus.ee\/lv\/#\/schema\/logo\/image\/"},"sameAs":["https:\/\/www.facebook.com\/puhdasplus","https:\/\/www.instagram.com\/puhdasplus_ee\/"]}]}},"_links":{"self":[{"href":"https:\/\/test.puhdasplus.ee\/lv\/wp-json\/wp\/v2\/pages\/31957","targetHints":{"allow":["GET"]}}],"collection":[{"href":"https:\/\/test.puhdasplus.ee\/lv\/wp-json\/wp\/v2\/pages"}],"about":[{"href":"https:\/\/test.puhdasplus.ee\/lv\/wp-json\/wp\/v2\/types\/page"}],"author":[{"embeddable":true,"href":"https:\/\/test.puhdasplus.ee\/lv\/wp-json\/wp\/v2\/users\/471"}],"replies":[{"embeddable":true,"href":"https:\/\/test.puhdasplus.ee\/lv\/wp-json\/wp\/v2\/comments?post=31957"}],"version-history":[{"count":1,"href":"https:\/\/test.puhdasplus.ee\/lv\/wp-json\/wp\/v2\/pages\/31957\/revisions"}],"predecessor-version":[{"id":353880,"href":"https:\/\/test.puhdasplus.ee\/lv\/wp-json\/wp\/v2\/pages\/31957\/revisions\/353880"}],"wp:attachment":[{"href":"https:\/\/test.puhdasplus.ee\/lv\/wp-json\/wp\/v2\/media?parent=31957"}],"curies":[{"name":"wp","href":"https:\/\/api.w.org\/{rel}","templated":true}]}}