{"id":357217,"date":"2026-02-26T11:38:26","date_gmt":"2026-02-26T09:38:26","guid":{"rendered":"https:\/\/test.puhdasplus.ee\/\/tooted\/be-kategorijos\/foliatas-500-%c2%b5g-60-kapsliu\/"},"modified":"2026-03-04T22:03:11","modified_gmt":"2026-03-04T20:03:11","slug":"foliatas-500-%c2%b5g-60-kapsliu","status":"publish","type":"product","link":"https:\/\/test.puhdasplus.ee\/lt\/tooted\/vitaminai\/vitaminas-b\/foliatas-500-%c2%b5g-60-kapsliu\/","title":{"rendered":"Foliatas 500 \u00b5g, 60 kapsli\u0173"},"content":{"rendered":"<h2 data-start=\"231\" data-end=\"257\">Kod\u0117l foliatas yra svarbus?<\/h2>\n<p data-start=\"259\" data-end=\"464\">Foliatas (vitaminas B9) yra organizmui b\u016btinas vandenyje tirpus vitaminas, dalyvaujantis daugelyje gyvybi\u0161kai svarbi\u0173 proces\u0173. Kadangi \u017emogaus organizmas pats foliato negamina, jo b\u016btina gauti su maistu arba, esant poreikiui, vartoti kaip maisto papild\u0105. <\/p>\n<p data-start=\"466\" data-end=\"584\">\u201ePuhdas+ Folaat\u201c sud\u0117tyje yra bioaktyvaus 5-metiltetrahidrofoliato (\u201eQuatrefolic\u00ae\u201c), kuris yra organizmui paruo\u0161ta foliato forma.<\/p>\n<h2 data-start=\"573\" data-end=\"595\">Foliatas padeda palaikyti:<\/h2>\n<ul data-start=\"597\" data-end=\"832\">\n<li data-start=\"597\" data-end=\"632\">\n<p data-start=\"599\" data-end=\"632\">normali\u0105 kraujodar\u0105<\/p>\n<\/li>\n<li data-start=\"633\" data-end=\"657\">\n<p data-start=\"635\" data-end=\"657\">l\u0105steli\u0173 dalijim\u0105si<\/p>\n<\/li>\n<li data-start=\"658\" data-end=\"703\">\n<p data-start=\"660\" data-end=\"703\">normali\u0105 homocisteino apykait\u0105<\/p>\n<\/li>\n<li data-start=\"704\" data-end=\"749\">\n<p data-start=\"706\" data-end=\"749\">normali\u0105 psichologin\u0119 b\u016bkl\u0119<\/p>\n<\/li>\n<li data-start=\"750\" data-end=\"792\">\n<p data-start=\"752\" data-end=\"792\">normali\u0105 imunin\u0117s sistemos veikl\u0105<\/p>\n<\/li>\n<li data-start=\"793\" data-end=\"832\">\n<p data-start=\"795\" data-end=\"832\">nuovargio ir silpnumo ma\u017einim\u0105<\/p>\n<\/li>\n<\/ul>\n<p data-start=\"834\" data-end=\"889\">Be to, foliatas padeda palaikyti <strong data-start=\"933\" data-end=\"965\">motinos audini\u0173 augim\u0105 n\u0117\u0161tumo metu<\/strong>, tod\u0117l pakankamas foliato kiekis yra svarbus moterims, kurios planuoja n\u0117\u0161tum\u0105 arba jau laukiasi.<\/p>\n<h2 data-start=\"1067\" data-end=\"1084\">Kam tai tinka?<\/h2>\n<ul data-start=\"1086\" data-end=\"1307\">\n<li data-start=\"1086\" data-end=\"1137\">\n<p data-start=\"1088\" data-end=\"1137\">Moterims planuojant n\u0117\u0161tum\u0105 ir n\u0117\u0161tumo metu<\/p>\n<\/li>\n<li data-start=\"1138\" data-end=\"1203\">\n<p data-start=\"1140\" data-end=\"1203\">\u017dmon\u0117ms, norintiems palaikyti normali\u0105 kraujodar\u0105<\/p>\n<\/li>\n<li data-start=\"1204\" data-end=\"1272\">\n<p data-start=\"1206\" data-end=\"1272\">Tiems, kurie jau\u010dia nuovarg\u012f ir nori palaikyti energijos apykait\u0105<\/p>\n<\/li>\n<li data-start=\"1273\" data-end=\"1307\">\n<p data-start=\"1275\" data-end=\"1307\">Veganams ir vegetarams<\/p>\n<\/li>\n<\/ul>\n<h2 data-start=\"896\" data-end=\"910\">Ingredientai<\/h2>\n<p data-start=\"912\" data-end=\"1041\">U\u017epildas (mikrokristalin\u0117 celiulioz\u0117), kapsul\u0117s apvalkalas (hidroksipropilmetilceliulioz\u0117), 5-metiltetrahidrofoliatas (\u201eQuatrefolic\u00ae\u201c).<\/p>\n<p data-start=\"1043\" data-end=\"1118\">Be laktoz\u0117s, glitimo, mieli\u0173 ir prid\u0117tinio cukraus. Tinka veganams.<\/p>\n<h2 data-start=\"1125\" data-end=\"1167\">Veikliosios med\u017eiagos kiekis paros doz\u0117je<\/h2>\n<p data-start=\"1169\" data-end=\"1191\"><strong data-start=\"1169\" data-end=\"1191\">1 kapsul\u0117je yra:<\/strong><\/p>\n<ul data-start=\"1192\" data-end=\"1241\">\n<li data-start=\"1192\" data-end=\"1241\">\n<p data-start=\"1194\" data-end=\"1241\">Foliatas 500 \u00b5g (250 % referencin\u0117s maistin\u0117s vert\u0117s*)<\/p>\n<\/li>\n<\/ul>\n<p data-start=\"1243\" data-end=\"1287\">* Referencin\u0117 maistin\u0117 vert\u0117 suaugusiesiems (RMV).<\/p>\n<h2 data-start=\"1294\" data-end=\"1307\">Naudojimas<\/h2>\n<p data-start=\"1309\" data-end=\"1372\">Rekomenduojama doz\u0117 suaugusiesiems yra 1 kapsul\u0117 per dien\u0105 u\u017esigeriant vandeniu.<\/p>\n<h2 data-start=\"1379\" data-end=\"1391\">\u012esp\u0117jimai<\/h2>\n<p data-start=\"1393\" data-end=\"1563\">Nevir\u0161ykite nustatytos rekomenduojamos paros doz\u0117s.<br data-start=\"1433\" data-end=\"1436\">Maisto papildas netur\u0117t\u0173 b\u016bti vartojamas kaip maisto pakaitalas, jis nepakei\u010dia \u012fvairios ir subalansuotos mitybos bei sveiko gyvenimo b\u016bdo.<br data-start=\"1524\" data-end=\"1527\">Laikyti vaikams nepasiekiamoje vietoje.<\/p>\n<h2 data-start=\"1570\" data-end=\"1584\">Sand\u0117liavimas<\/h2>\n<p data-start=\"1586\" data-end=\"1648\">Laikyti sausoje ir v\u0117sioje vietoje, toliau nuo tiesiogini\u0173 saul\u0117s spinduli\u0173.<\/p>\n<h2 data-start=\"1314\" data-end=\"1330\">Produkto privalumai<\/h2>\n<ul data-start=\"1332\" data-end=\"1525\">\n<li data-start=\"1332\" data-end=\"1386\">\n<p data-start=\"1334\" data-end=\"1386\">Sud\u0117tyje yra bioaktyvi foliato forma (\u201eQuatrefolic\u00ae\u201c)<\/p>\n<\/li>\n<li data-start=\"1387\" data-end=\"1446\">\n<p data-start=\"1389\" data-end=\"1446\">500 \u00b5g foliato kapsul\u0117je (250 % RMV)<\/p>\n<\/li>\n<li data-start=\"1447\" data-end=\"1467\">\n<p data-start=\"1449\" data-end=\"1467\">Tinka veganams<\/p>\n<\/li>\n<li data-start=\"1468\" data-end=\"1504\">\n<p data-start=\"1470\" data-end=\"1504\">Be laktoz\u0117s ir glitimo<\/p>\n<\/li>\n<li data-start=\"1505\" data-end=\"1525\">\n<p data-start=\"1507\" data-end=\"1525\">Patogi kapsuli\u0173 forma<\/p>\n<\/li>\n<\/ul>\n<p><strong data-start=\"1475\" data-end=\"1486\">Gamintojas:<\/strong> New Organics Oy, Suomija<br data-start=\"1509\" data-end=\"1512\"><strong data-start=\"1512\" data-end=\"1527\">Importuotojas:<\/strong> NordenBio O\u00dc, Narva mnt 7, 10117 Talinas, Estija<\/p>\n","protected":false},"excerpt":{"rendered":"<p data-start=\"220\" data-end=\"380\">\u201ePuhdas+ Folaat\u201c sud\u0117tyje yra bioaktyvaus foliato (vitamino B9) 5-metiltetrahidrofoliato (\u201eQuatrefolic\u00ae\u201c) pavidalu. Tai yra organizmui paruo\u0161ta foliato forma. <\/p>\n<p data-start=\"382\" data-end=\"566\">Foliatas yra vandenyje tirpus B grup\u0117s vitaminas, svarbus kasdieniam mitybos papildymui. Produktas tinka suaugusiesiems, taip pat vegetarams ir veganams. <\/p>\n","protected":false},"featured_media":357218,"comment_status":"open","ping_status":"closed","template":"","meta":{"_acf_changed":false},"product_brand":[],"product_cat":[3174,3175],"product_tag":[7710,7709,6398,7708,4655,3050,7717,7713,7712,7714,3140,7711,7716,7707,7756,7715],"class_list":{"0":"post-357217","1":"product","2":"type-product","3":"status-publish","4":"has-post-thumbnail","6":"product_cat-vitaminai","7":"product_cat-vitaminas-b","8":"product_tag-5-metiltetrahidrofoliatas","9":"product_tag-bioaktyvus-foliatas","10":"product_tag-folatu-lt","11":"product_tag-foliato-papildas","12":"product_tag-homocisteino-metabolizmas","13":"product_tag-imunines-sistemos-palaikymas","14":"product_tag-kapsules","15":"product_tag-kraujodara","16":"product_tag-lasteliu-dalijimasis","17":"product_tag-nestumo-planavimas","18":"product_tag-nuovargio-mazinimas","19":"product_tag-quatrefolic","20":"product_tag-veganiskas-vitaminas","21":"product_tag-vitaminas-b9","22":"product_tag-vitaminas-b9-2","23":"product_tag-vitaminas-nesciosioms","25":"first","26":"onbackorder","27":"taxable","28":"shipping-taxable","29":"purchasable","30":"product-type-simple"},"acf":[],"yoast_head":"<!-- This site is optimized with the Yoast SEO plugin v27.1.1 - https:\/\/yoast.com\/product\/yoast-seo-wordpress\/ -->\n<title>Foliatas 500 \u00b5g, 60 kapsli\u0173 - Puhdas+<\/title>\n<meta name=\"description\" content=\"Bioaktyvios formos 500 \u00b5g foliatas. Palaiko kraujodar\u0105, l\u0105steli\u0173 dalijim\u0105si ir padeda ma\u017einti nuovarg\u012f. 60 kapsli\u0173. Tinka veganams.\" \/>\n<meta name=\"robots\" content=\"noindex, follow, max-snippet:-1, max-image-preview:large, max-video-preview:-1\" \/>\n<meta property=\"og:locale\" content=\"lt_LT\" \/>\n<meta property=\"og:type\" content=\"article\" \/>\n<meta property=\"og:title\" content=\"Foliatas 500 \u00b5g, 60 kapsli\u0173 - Puhdas+\" \/>\n<meta property=\"og:description\" content=\"Bioaktyvios formos 500 \u00b5g foliatas. Palaiko kraujodar\u0105, l\u0105steli\u0173 dalijim\u0105si ir padeda ma\u017einti nuovarg\u012f. 60 kapsli\u0173. Tinka veganams.\" \/>\n<meta property=\"og:url\" content=\"https:\/\/test.puhdasplus.ee\/lt\/tooted\/vitaminai\/vitaminas-b\/foliatas-500-%c2%b5g-60-kapsliu\/\" \/>\n<meta property=\"og:site_name\" content=\"Puhdas+\" \/>\n<meta property=\"article:publisher\" content=\"https:\/\/www.facebook.com\/puhdasplus\" \/>\n<meta property=\"article:modified_time\" content=\"2026-03-04T20:03:11+00:00\" \/>\n<meta property=\"og:image\" content=\"https:\/\/test.puhdasplus.ee\/wp-content\/uploads\/2026\/02\/Puhdas-Folaat-500-\u00b5g-60-kapslit-\u2013-toidulisand-scaled.jpg\" \/>\n\t<meta property=\"og:image:width\" content=\"1862\" \/>\n\t<meta property=\"og:image:height\" content=\"2560\" \/>\n\t<meta property=\"og:image:type\" content=\"image\/jpeg\" \/>\n<meta name=\"twitter:card\" content=\"summary_large_image\" \/>\n<meta name=\"twitter:label1\" content=\"Est. reading time\" \/>\n\t<meta name=\"twitter:data1\" content=\"1 minut\u0117\" \/>\n<script type=\"application\/ld+json\" class=\"yoast-schema-graph\">{\"@context\":\"https:\/\/schema.org\",\"@graph\":[{\"@type\":\"WebPage\",\"@id\":\"https:\/\/test.puhdasplus.ee\/lt\/tooted\/vitaminai\/vitaminas-b\/foliatas-500-%c2%b5g-60-kapsliu\/\",\"url\":\"https:\/\/test.puhdasplus.ee\/lt\/tooted\/vitaminai\/vitaminas-b\/foliatas-500-%c2%b5g-60-kapsliu\/\",\"name\":\"Foliatas 500 \u00b5g, 60 kapsli\u0173 - Puhdas+\",\"isPartOf\":{\"@id\":\"https:\/\/test.puhdasplus.ee\/lt\/#website\"},\"primaryImageOfPage\":{\"@id\":\"https:\/\/test.puhdasplus.ee\/lt\/tooted\/vitaminai\/vitaminas-b\/foliatas-500-%c2%b5g-60-kapsliu\/#primaryimage\"},\"image\":{\"@id\":\"https:\/\/test.puhdasplus.ee\/lt\/tooted\/vitaminai\/vitaminas-b\/foliatas-500-%c2%b5g-60-kapsliu\/#primaryimage\"},\"thumbnailUrl\":\"https:\/\/test.puhdasplus.ee\/wp-content\/uploads\/2026\/02\/Puhdas-Folaat-500-\u00b5g-60-kapslit-\u2013-toidulisand-scaled.jpg\",\"datePublished\":\"2026-02-26T09:38:26+00:00\",\"dateModified\":\"2026-03-04T20:03:11+00:00\",\"description\":\"Bioaktyvios formos 500 \u00b5g foliatas. Palaiko kraujodar\u0105, l\u0105steli\u0173 dalijim\u0105si ir padeda ma\u017einti nuovarg\u012f. 60 kapsli\u0173. Tinka veganams.\",\"breadcrumb\":{\"@id\":\"https:\/\/test.puhdasplus.ee\/lt\/tooted\/vitaminai\/vitaminas-b\/foliatas-500-%c2%b5g-60-kapsliu\/#breadcrumb\"},\"inLanguage\":\"lt-LT\",\"potentialAction\":[{\"@type\":\"ReadAction\",\"target\":[\"https:\/\/test.puhdasplus.ee\/lt\/tooted\/vitaminai\/vitaminas-b\/foliatas-500-%c2%b5g-60-kapsliu\/\"]}]},{\"@type\":\"ImageObject\",\"inLanguage\":\"lt-LT\",\"@id\":\"https:\/\/test.puhdasplus.ee\/lt\/tooted\/vitaminai\/vitaminas-b\/foliatas-500-%c2%b5g-60-kapsliu\/#primaryimage\",\"url\":\"https:\/\/test.puhdasplus.ee\/wp-content\/uploads\/2026\/02\/Puhdas-Folaat-500-\u00b5g-60-kapslit-\u2013-toidulisand-scaled.jpg\",\"contentUrl\":\"https:\/\/test.puhdasplus.ee\/wp-content\/uploads\/2026\/02\/Puhdas-Folaat-500-\u00b5g-60-kapslit-\u2013-toidulisand-scaled.jpg\",\"width\":1862,\"height\":2560,\"caption\":\"\u201ePuhdas+ Folaat\u201c 500 \u00b5g, 60 kapsli\u0173 \u2013 maisto papildas\"},{\"@type\":\"BreadcrumbList\",\"@id\":\"https:\/\/test.puhdasplus.ee\/lt\/tooted\/vitaminai\/vitaminas-b\/foliatas-500-%c2%b5g-60-kapsliu\/#breadcrumb\",\"itemListElement\":[{\"@type\":\"ListItem\",\"position\":1,\"name\":\"Prad\u017eia\",\"item\":\"https:\/\/test.puhdasplus.ee\/lt\/\"},{\"@type\":\"ListItem\",\"position\":2,\"name\":\"Produktai\",\"item\":\"https:\/\/test.puhdasplus.ee\/lt\/parduotuve\/\"},{\"@type\":\"ListItem\",\"position\":3,\"name\":\"Foliatas 500 \u00b5g, 60 kapsli\u0173\"}]},{\"@type\":\"WebSite\",\"@id\":\"https:\/\/test.puhdasplus.ee\/lt\/#website\",\"url\":\"https:\/\/test.puhdasplus.ee\/lt\/\",\"name\":\"Puhdas+\",\"description\":\"Vitamiinid, Toidulisandid, looduskosmeetika, tervis, sport\",\"publisher\":{\"@id\":\"https:\/\/test.puhdasplus.ee\/lt\/#organization\"},\"potentialAction\":[{\"@type\":\"SearchAction\",\"target\":{\"@type\":\"EntryPoint\",\"urlTemplate\":\"https:\/\/test.puhdasplus.ee\/lt\/?s={search_term_string}\"},\"query-input\":{\"@type\":\"PropertyValueSpecification\",\"valueRequired\":true,\"valueName\":\"search_term_string\"}}],\"inLanguage\":\"lt-LT\"},{\"@type\":\"Organization\",\"@id\":\"https:\/\/test.puhdasplus.ee\/lt\/#organization\",\"name\":\"Puhdas+\",\"alternateName\":\"Puhdasplus\",\"url\":\"https:\/\/test.puhdasplus.ee\/lt\/\",\"logo\":{\"@type\":\"ImageObject\",\"inLanguage\":\"lt-LT\",\"@id\":\"https:\/\/test.puhdasplus.ee\/lt\/#\/schema\/logo\/image\/\",\"url\":\"https:\/\/test.puhdasplus.ee\/\/wp-content\/uploads\/2019\/10\/puhdas_logo-arvele.png\",\"contentUrl\":\"https:\/\/test.puhdasplus.ee\/\/wp-content\/uploads\/2019\/10\/puhdas_logo-arvele.png\",\"width\":114,\"height\":94,\"caption\":\"Puhdas+\"},\"image\":{\"@id\":\"https:\/\/test.puhdasplus.ee\/lt\/#\/schema\/logo\/image\/\"},\"sameAs\":[\"https:\/\/www.facebook.com\/puhdasplus\",\"https:\/\/www.instagram.com\/puhdasplus_ee\/\"]}]}<\/script>\n<!-- \/ Yoast SEO plugin. -->","yoast_head_json":{"title":"Foliatas 500 \u00b5g, 60 kapsli\u0173 - Puhdas+","description":"Bioaktyvios formos 500 \u00b5g foliatas. Palaiko kraujodar\u0105, l\u0105steli\u0173 dalijim\u0105si ir padeda ma\u017einti nuovarg\u012f. 60 kapsli\u0173. Tinka veganams.","robots":{"index":"noindex","follow":"follow","max-snippet":"max-snippet:-1","max-image-preview":"max-image-preview:large","max-video-preview":"max-video-preview:-1"},"og_locale":"lt_LT","og_type":"article","og_title":"Foliatas 500 \u00b5g, 60 kapsli\u0173 - Puhdas+","og_description":"Bioaktyvios formos 500 \u00b5g foliatas. Palaiko kraujodar\u0105, l\u0105steli\u0173 dalijim\u0105si ir padeda ma\u017einti nuovarg\u012f. 60 kapsli\u0173. Tinka veganams.","og_url":"https:\/\/test.puhdasplus.ee\/lt\/tooted\/vitaminai\/vitaminas-b\/foliatas-500-%c2%b5g-60-kapsliu\/","og_site_name":"Puhdas+","article_publisher":"https:\/\/www.facebook.com\/puhdasplus","article_modified_time":"2026-03-04T20:03:11+00:00","og_image":[{"width":1862,"height":2560,"url":"https:\/\/test.puhdasplus.ee\/wp-content\/uploads\/2026\/02\/Puhdas-Folaat-500-\u00b5g-60-kapslit-\u2013-toidulisand-scaled.jpg","type":"image\/jpeg"}],"twitter_card":"summary_large_image","twitter_misc":{"Est. reading time":"1 minut\u0117"},"schema":{"@context":"https:\/\/schema.org","@graph":[{"@type":"WebPage","@id":"https:\/\/test.puhdasplus.ee\/lt\/tooted\/vitaminai\/vitaminas-b\/foliatas-500-%c2%b5g-60-kapsliu\/","url":"https:\/\/test.puhdasplus.ee\/lt\/tooted\/vitaminai\/vitaminas-b\/foliatas-500-%c2%b5g-60-kapsliu\/","name":"Foliatas 500 \u00b5g, 60 kapsli\u0173 - Puhdas+","isPartOf":{"@id":"https:\/\/test.puhdasplus.ee\/lt\/#website"},"primaryImageOfPage":{"@id":"https:\/\/test.puhdasplus.ee\/lt\/tooted\/vitaminai\/vitaminas-b\/foliatas-500-%c2%b5g-60-kapsliu\/#primaryimage"},"image":{"@id":"https:\/\/test.puhdasplus.ee\/lt\/tooted\/vitaminai\/vitaminas-b\/foliatas-500-%c2%b5g-60-kapsliu\/#primaryimage"},"thumbnailUrl":"https:\/\/test.puhdasplus.ee\/wp-content\/uploads\/2026\/02\/Puhdas-Folaat-500-\u00b5g-60-kapslit-\u2013-toidulisand-scaled.jpg","datePublished":"2026-02-26T09:38:26+00:00","dateModified":"2026-03-04T20:03:11+00:00","description":"Bioaktyvios formos 500 \u00b5g foliatas. Palaiko kraujodar\u0105, l\u0105steli\u0173 dalijim\u0105si ir padeda ma\u017einti nuovarg\u012f. 60 kapsli\u0173. Tinka veganams.","breadcrumb":{"@id":"https:\/\/test.puhdasplus.ee\/lt\/tooted\/vitaminai\/vitaminas-b\/foliatas-500-%c2%b5g-60-kapsliu\/#breadcrumb"},"inLanguage":"lt-LT","potentialAction":[{"@type":"ReadAction","target":["https:\/\/test.puhdasplus.ee\/lt\/tooted\/vitaminai\/vitaminas-b\/foliatas-500-%c2%b5g-60-kapsliu\/"]}]},{"@type":"ImageObject","inLanguage":"lt-LT","@id":"https:\/\/test.puhdasplus.ee\/lt\/tooted\/vitaminai\/vitaminas-b\/foliatas-500-%c2%b5g-60-kapsliu\/#primaryimage","url":"https:\/\/test.puhdasplus.ee\/wp-content\/uploads\/2026\/02\/Puhdas-Folaat-500-\u00b5g-60-kapslit-\u2013-toidulisand-scaled.jpg","contentUrl":"https:\/\/test.puhdasplus.ee\/wp-content\/uploads\/2026\/02\/Puhdas-Folaat-500-\u00b5g-60-kapslit-\u2013-toidulisand-scaled.jpg","width":1862,"height":2560,"caption":"\u201ePuhdas+ Folaat\u201c 500 \u00b5g, 60 kapsli\u0173 \u2013 maisto papildas"},{"@type":"BreadcrumbList","@id":"https:\/\/test.puhdasplus.ee\/lt\/tooted\/vitaminai\/vitaminas-b\/foliatas-500-%c2%b5g-60-kapsliu\/#breadcrumb","itemListElement":[{"@type":"ListItem","position":1,"name":"Prad\u017eia","item":"https:\/\/test.puhdasplus.ee\/lt\/"},{"@type":"ListItem","position":2,"name":"Produktai","item":"https:\/\/test.puhdasplus.ee\/lt\/parduotuve\/"},{"@type":"ListItem","position":3,"name":"Foliatas 500 \u00b5g, 60 kapsli\u0173"}]},{"@type":"WebSite","@id":"https:\/\/test.puhdasplus.ee\/lt\/#website","url":"https:\/\/test.puhdasplus.ee\/lt\/","name":"Puhdas+","description":"Vitamiinid, Toidulisandid, looduskosmeetika, tervis, sport","publisher":{"@id":"https:\/\/test.puhdasplus.ee\/lt\/#organization"},"potentialAction":[{"@type":"SearchAction","target":{"@type":"EntryPoint","urlTemplate":"https:\/\/test.puhdasplus.ee\/lt\/?s={search_term_string}"},"query-input":{"@type":"PropertyValueSpecification","valueRequired":true,"valueName":"search_term_string"}}],"inLanguage":"lt-LT"},{"@type":"Organization","@id":"https:\/\/test.puhdasplus.ee\/lt\/#organization","name":"Puhdas+","alternateName":"Puhdasplus","url":"https:\/\/test.puhdasplus.ee\/lt\/","logo":{"@type":"ImageObject","inLanguage":"lt-LT","@id":"https:\/\/test.puhdasplus.ee\/lt\/#\/schema\/logo\/image\/","url":"https:\/\/test.puhdasplus.ee\/\/wp-content\/uploads\/2019\/10\/puhdas_logo-arvele.png","contentUrl":"https:\/\/test.puhdasplus.ee\/\/wp-content\/uploads\/2019\/10\/puhdas_logo-arvele.png","width":114,"height":94,"caption":"Puhdas+"},"image":{"@id":"https:\/\/test.puhdasplus.ee\/lt\/#\/schema\/logo\/image\/"},"sameAs":["https:\/\/www.facebook.com\/puhdasplus","https:\/\/www.instagram.com\/puhdasplus_ee\/"]}]}},"_links":{"self":[{"href":"https:\/\/test.puhdasplus.ee\/lt\/wp-json\/wp\/v2\/product\/357217","targetHints":{"allow":["GET"]}}],"collection":[{"href":"https:\/\/test.puhdasplus.ee\/lt\/wp-json\/wp\/v2\/product"}],"about":[{"href":"https:\/\/test.puhdasplus.ee\/lt\/wp-json\/wp\/v2\/types\/product"}],"replies":[{"embeddable":true,"href":"https:\/\/test.puhdasplus.ee\/lt\/wp-json\/wp\/v2\/comments?post=357217"}],"wp:featuredmedia":[{"embeddable":true,"href":"https:\/\/test.puhdasplus.ee\/lt\/wp-json\/wp\/v2\/media\/357218"}],"wp:attachment":[{"href":"https:\/\/test.puhdasplus.ee\/lt\/wp-json\/wp\/v2\/media?parent=357217"}],"wp:term":[{"taxonomy":"product_brand","embeddable":true,"href":"https:\/\/test.puhdasplus.ee\/lt\/wp-json\/wp\/v2\/product_brand?post=357217"},{"taxonomy":"product_cat","embeddable":true,"href":"https:\/\/test.puhdasplus.ee\/lt\/wp-json\/wp\/v2\/product_cat?post=357217"},{"taxonomy":"product_tag","embeddable":true,"href":"https:\/\/test.puhdasplus.ee\/lt\/wp-json\/wp\/v2\/product_tag?post=357217"}],"curies":[{"name":"wp","href":"https:\/\/api.w.org\/{rel}","templated":true}]}}