{"id":354529,"date":"2025-10-05T09:55:56","date_gmt":"2025-10-05T06:55:56","guid":{"rendered":"https:\/\/test.puhdasplus.ee\/\/tooted\/be-kategorijos\/druskos-purskiklis-plaukams-250-ml\/"},"modified":"2026-02-22T22:45:28","modified_gmt":"2026-02-22T20:45:28","slug":"druskos-purskiklis-plaukams-250-ml","status":"publish","type":"product","link":"https:\/\/test.puhdasplus.ee\/lt\/tooted\/kosmetika-lt\/druskos-purskiklis-plaukams-250-ml\/","title":{"rendered":"Druskos pur\u0161kiklis plaukams 250 ml"},"content":{"rendered":"<h3 data-start=\"223\" data-end=\"265\">Nat\u016brali tekst\u016bra ir apimtis kiekvien\u0105 dien\u0105<\/h3>\n<p data-start=\"266\" data-end=\"522\"><strong data-start=\"266\" data-end=\"288\">\u201ePuhdas+\u201c druskos pur\u0161kalas<\/strong> suteikia plaukams lengv\u0105 fiksacij\u0105, apimt\u012f ir nat\u016brali\u0105 tekst\u016br\u0105 \u2013 tarsi b\u016btum\u0117te praleid\u0119 dien\u0105 gaivinamoje j\u016bros v\u0117jyje. Druskos pur\u0161kalas padeda pasiekti populiar\u0173j\u012f \u201epapl\u016bdimio efekt\u0105\u201c ir suteikia plaukams gyvumo bei purumo j\u0173 neapsunkindamas. <\/p>\n<p data-start=\"524\" data-end=\"676\">Tinka kasdieniam naudojimui vis\u0173 tip\u0173 plaukams, tiek moterims, tiek vyrams. Pagaminta Suomijoje, laikantis \u201ePuhdas+\u201c grynumo ir paprastumo princip\u0173. <\/p>\n<h3 data-start=\"683\" data-end=\"706\">Poveikis ir nauda<\/h3>\n<ul data-start=\"707\" data-end=\"1042\">\n<li data-start=\"707\" data-end=\"749\">\n<p data-start=\"709\" data-end=\"749\">Suteikia plaukams <strong data-start=\"715\" data-end=\"738\">apimties ir \u017evilgesio<\/strong><\/p>\n<\/li>\n<li data-start=\"750\" data-end=\"798\">\n<p data-start=\"752\" data-end=\"798\">Suteikia <strong data-start=\"758\" data-end=\"796\">nat\u016brali\u0105, \u0161iek tiek matin\u0119 tekst\u016br\u0105<\/strong><\/p>\n<\/li>\n<li data-start=\"799\" data-end=\"853\">\n<p data-start=\"801\" data-end=\"853\">Padeda sukurti \u201e <strong data-start=\"813\" data-end=\"827\">papl\u016bdimio \u012fvaizd\u017eio<\/strong> \u201c efekt\u0105<\/p>\n<\/li>\n<li data-start=\"854\" data-end=\"923\">\n<p data-start=\"856\" data-end=\"923\">Tinka naudoti <strong data-start=\"875\" data-end=\"921\">tiek sausiems, tiek \u0161iek tiek dr\u0117gniems plaukams<\/strong><\/p>\n<\/li>\n<li data-start=\"924\" data-end=\"967\">\n<p data-start=\"926\" data-end=\"967\">Nepalieka plauk\u0173 lipni\u0173 ar sunki\u0173<\/p>\n<\/li>\n<li data-start=\"968\" data-end=\"1042\">\n<p data-start=\"970\" data-end=\"1042\"><strong data-start=\"970\" data-end=\"984\">Pantenolis<\/strong> ir <strong data-start=\"988\" data-end=\"1005\">alavijo ekstraktas<\/strong> dr\u0117kina ir puosel\u0117ja galvos od\u0105<\/p>\n<\/li>\n<\/ul>\n<h3 data-start=\"1049\" data-end=\"1074\">Kaip naudoti<\/h3>\n<ol data-start=\"1075\" data-end=\"1341\">\n<li data-start=\"1075\" data-end=\"1111\">\n<p data-start=\"1078\" data-end=\"1111\">Prie\u0161 naudojim\u0105 buteliuk\u0105 suplakite.<\/p>\n<\/li>\n<li data-start=\"1112\" data-end=\"1178\">\n<p data-start=\"1115\" data-end=\"1178\">Tolygiai purk\u0161kite ant plauk\u0173 (\u0161lapi\u0173 arba saus\u0173).<\/p>\n<\/li>\n<li data-start=\"1179\" data-end=\"1259\">\n<p data-start=\"1182\" data-end=\"1259\">Formuokite pir\u0161tais arba plauk\u0173 d\u017eiovintuvu, kad pasiektum\u0117te norim\u0105 tekst\u016br\u0105 ir purum\u0105.<\/p>\n<\/li>\n<li data-start=\"1260\" data-end=\"1341\">\n<p data-start=\"1263\" data-end=\"1341\">Jei norite, \u012f plauk\u0173 galiukus arba \u0161aknis \u012fla\u0161inkite \u0161iek tiek daugiau priemon\u0117s, kad suteiktum\u0117te jiems papildomos apimties.<\/p>\n<\/li>\n<\/ol>\n<h3 data-start=\"1348\" data-end=\"1362\">Sud\u0117tis<\/h3>\n<p data-start=\"1363\" data-end=\"1620\">Vanduo, denat\u016bruotas alkoholis, VP\/VA kopolimeras, natrio chloridas, magnio sulfatas, propanediolis, glicerinas, hidrintas PEG-40 ricinos aliejus, natrio benzoatas, pantenolis, m\u0117t\u0173 (Mentha Arvensis) lap\u0173 aliejus, kalio sorbatas, citrin\u0173 r\u016bg\u0161tis, alavijo (Aloe Barbadensis) lap\u0173 ekstraktas, mentolis.<\/p>\n<p data-start=\"1622\" data-end=\"1694\"><strong data-start=\"1622\" data-end=\"1694\">Vegani\u0161kas \u2022 Be glitimo \u2022 Be prid\u0117tini\u0173 kvapikli\u0173 ar da\u017eikli\u0173<\/strong><\/p>\n<p data-start=\"1622\" data-end=\"1694\">Pagaminta Suomijoje. \u201ePuhdas+\u201c produktai \u017einomi d\u0117l savo <strong data-start=\"1793\" data-end=\"1826\">gryn\u0173 ir veiksming\u0173 ingredient\u0173<\/strong> \u2013 juose n\u0117ra nereikaling\u0173 pried\u0173, jie tinka jautriai galvos odai ir palaiko nat\u016brali\u0105 plauk\u0173 strukt\u016br\u0105.<\/p>\n","protected":false},"excerpt":{"rendered":"<p data-start=\"369\" data-end=\"766\">\u201ePuhdas+\u201c druskos pur\u0161kiklis \u2013 tai nat\u016bralus plauk\u0173 lakas, suteikiantis plaukams purumo ir tekst\u016bros, tarsi b\u016btum\u0117te praleid\u0119 dien\u0105 po j\u016bros v\u0117jeliu. Jis padeda sukurti populiar\u0173j\u012f \u201epapl\u016bdimio efekt\u0105\u201c arba papl\u016bdimio \u012fvaizd\u012f, tuo pa\u010diu suteikdamas plaukams apimties, purumo ir lengvos fiksacijos. Lakas nesulipina ir neapsunkina plauk\u0173 ir puikiai tinka kasdieniam naudojimui vis\u0173 tip\u0173 plaukams.  <\/p>\n<p data-start=\"768\" data-end=\"1077\">Pur\u0161kalo sud\u0117tyje yra nat\u016brali\u0173 mineral\u0173 ir puosel\u0117jan\u010di\u0173 ingredient\u0173, toki\u0173 kaip pantenolis ir alavijo ekstraktas, kurie padeda dr\u0117kinti plaukus ir galvos od\u0105, i\u0161laikant nat\u016bral\u0173 j\u0173 elastingum\u0105. Be alkoholio ir <strong data-start=\"980\" data-end=\"997\">vegani\u0161ka<\/strong> formul\u0117 u\u017etikrina, kad priemon\u0117 nesausint\u0173 plauk\u0173 ir tinka jautriai galvos odai. <\/p>\n<p data-start=\"1079\" data-end=\"1408\">\u201ePuhdas+\u201c druskos pur\u0161kiklis puikiai tinka tiek trumpiems, tiek ilgiems plaukams formuoti. J\u012f galima naudoti ant saus\u0173 arba \u0161iek tiek dr\u0117gn\u0173 plauk\u0173 \u2013 tiesiog u\u017epurk\u0161kite ant plauk\u0173, suformuokite form\u0105 pir\u0161tais ir leiskite i\u0161d\u017ei\u016bti nat\u016braliai arba d\u017eiovintuvu. Rezultatas \u2013 puri, lengva, matin\u0117 tekst\u016bra, kuri i\u0161lieka vis\u0105 dien\u0105.  <\/p>\n","protected":false},"featured_media":354530,"comment_status":"open","ping_status":"closed","template":"","meta":{"_acf_changed":false},"product_brand":[],"product_cat":[2582,3282],"product_tag":[7537,7541,7538,7553,7554,7552,7551,7277,4228,7550,6981,3836,7544,7542,7543,7546,7555,7545,7539,2562,7547,2807,7548,7540,4234,7549],"class_list":{"0":"post-354529","1":"product","2":"type-product","3":"status-publish","4":"has-post-thumbnail","6":"product_cat-kosmetika-lt","7":"product_cat-oda-plaukai-nagai","8":"product_tag-alavijas","9":"product_tag-apimties-suteikiantis-purskiklis","10":"product_tag-druskos-purskalas","11":"product_tag-grozio-produktas","12":"product_tag-grozio-rutina","13":"product_tag-jautriai-galvos-odai","14":"product_tag-juros-druskos-purskalas","15":"product_tag-naturali-kosmetika","16":"product_tag-naturali-plauku-prieziura","17":"product_tag-naturalus-plauku-lakas","18":"product_tag-pagaminta-suomijoje","19":"product_tag-pantenolis","20":"product_tag-papludimio-efektas","21":"product_tag-papludimio-ivaizdis","22":"product_tag-papludimio-sukuosena","23":"product_tag-plauku-apimtis","24":"product_tag-plauku-formavimas-2","25":"product_tag-plauku-formavimas","26":"product_tag-plauku-lakas","27":"product_tag-plauku-prieziura","28":"product_tag-pukuota-sukuosena","29":"product_tag-svarus","30":"product_tag-tekstura-suteikiantis-plauku-lakas","31":"product_tag-teksturos-purskiklis","32":"product_tag-veganiska-plauku-prieziura","33":"product_tag-veganiskas-plauku-lakas","35":"first","36":"onbackorder","37":"taxable","38":"shipping-taxable","39":"purchasable","40":"product-type-simple"},"acf":[],"yoast_head":"<!-- This site is optimized with the Yoast SEO plugin v27.1.1 - https:\/\/yoast.com\/product\/yoast-seo-wordpress\/ -->\n<title>Druskos pur\u0161kiklis plaukams 250 ml - Puhdas+<\/title>\n<meta name=\"description\" content=\"\u201ePure+\u201c druskos pur\u0161kiklis suteikia plaukams nat\u016bralios apimties ir tekst\u016bros. Nat\u016bralus vegani\u0161kas plauk\u0173 lakas, skirtas papl\u016bdimio stiliaus \u0161ukuosenoms kurti, tinka visiems plauk\u0173 tipams.\" \/>\n<meta name=\"robots\" content=\"noindex, follow, max-snippet:-1, max-image-preview:large, max-video-preview:-1\" \/>\n<meta property=\"og:locale\" content=\"lt_LT\" \/>\n<meta property=\"og:type\" content=\"article\" \/>\n<meta property=\"og:title\" content=\"Druskos pur\u0161kiklis plaukams 250 ml - Puhdas+\" \/>\n<meta property=\"og:description\" content=\"\u201ePure+\u201c druskos pur\u0161kiklis suteikia plaukams nat\u016bralios apimties ir tekst\u016bros. Nat\u016bralus vegani\u0161kas plauk\u0173 lakas, skirtas papl\u016bdimio stiliaus \u0161ukuosenoms kurti, tinka visiems plauk\u0173 tipams.\" \/>\n<meta property=\"og:url\" content=\"https:\/\/test.puhdasplus.ee\/lt\/tooted\/kosmetika-lt\/druskos-purskiklis-plaukams-250-ml\/\" \/>\n<meta property=\"og:site_name\" content=\"Puhdas+\" \/>\n<meta property=\"article:publisher\" content=\"https:\/\/www.facebook.com\/puhdasplus\" \/>\n<meta property=\"article:modified_time\" content=\"2026-02-22T20:45:28+00:00\" \/>\n<meta property=\"og:image\" content=\"https:\/\/test.puhdasplus.ee\/wp-content\/uploads\/2025\/10\/tooted-ilma-taustata-copy-2-scaled.jpg\" \/>\n\t<meta property=\"og:image:width\" content=\"1862\" \/>\n\t<meta property=\"og:image:height\" content=\"2560\" \/>\n\t<meta property=\"og:image:type\" content=\"image\/jpeg\" \/>\n<meta name=\"twitter:card\" content=\"summary_large_image\" \/>\n<meta name=\"twitter:label1\" content=\"Est. reading time\" \/>\n\t<meta name=\"twitter:data1\" content=\"1 minut\u0117\" \/>\n<script type=\"application\/ld+json\" class=\"yoast-schema-graph\">{\"@context\":\"https:\/\/schema.org\",\"@graph\":[{\"@type\":\"WebPage\",\"@id\":\"https:\/\/test.puhdasplus.ee\/lt\/tooted\/kosmetika-lt\/druskos-purskiklis-plaukams-250-ml\/\",\"url\":\"https:\/\/test.puhdasplus.ee\/lt\/tooted\/kosmetika-lt\/druskos-purskiklis-plaukams-250-ml\/\",\"name\":\"Druskos pur\u0161kiklis plaukams 250 ml - Puhdas+\",\"isPartOf\":{\"@id\":\"https:\/\/test.puhdasplus.ee\/lt\/#website\"},\"primaryImageOfPage\":{\"@id\":\"https:\/\/test.puhdasplus.ee\/lt\/tooted\/kosmetika-lt\/druskos-purskiklis-plaukams-250-ml\/#primaryimage\"},\"image\":{\"@id\":\"https:\/\/test.puhdasplus.ee\/lt\/tooted\/kosmetika-lt\/druskos-purskiklis-plaukams-250-ml\/#primaryimage\"},\"thumbnailUrl\":\"https:\/\/test.puhdasplus.ee\/wp-content\/uploads\/2025\/10\/tooted-ilma-taustata-copy-2-scaled.jpg\",\"datePublished\":\"2025-10-05T06:55:56+00:00\",\"dateModified\":\"2026-02-22T20:45:28+00:00\",\"description\":\"\u201ePure+\u201c druskos pur\u0161kiklis suteikia plaukams nat\u016bralios apimties ir tekst\u016bros. Nat\u016bralus vegani\u0161kas plauk\u0173 lakas, skirtas papl\u016bdimio stiliaus \u0161ukuosenoms kurti, tinka visiems plauk\u0173 tipams.\",\"breadcrumb\":{\"@id\":\"https:\/\/test.puhdasplus.ee\/lt\/tooted\/kosmetika-lt\/druskos-purskiklis-plaukams-250-ml\/#breadcrumb\"},\"inLanguage\":\"lt-LT\",\"potentialAction\":[{\"@type\":\"ReadAction\",\"target\":[\"https:\/\/test.puhdasplus.ee\/lt\/tooted\/kosmetika-lt\/druskos-purskiklis-plaukams-250-ml\/\"]}]},{\"@type\":\"ImageObject\",\"inLanguage\":\"lt-LT\",\"@id\":\"https:\/\/test.puhdasplus.ee\/lt\/tooted\/kosmetika-lt\/druskos-purskiklis-plaukams-250-ml\/#primaryimage\",\"url\":\"https:\/\/test.puhdasplus.ee\/wp-content\/uploads\/2025\/10\/tooted-ilma-taustata-copy-2-scaled.jpg\",\"contentUrl\":\"https:\/\/test.puhdasplus.ee\/wp-content\/uploads\/2025\/10\/tooted-ilma-taustata-copy-2-scaled.jpg\",\"width\":1862,\"height\":2560,\"caption\":\"druskos pur\u0161kiklis plaukams\"},{\"@type\":\"BreadcrumbList\",\"@id\":\"https:\/\/test.puhdasplus.ee\/lt\/tooted\/kosmetika-lt\/druskos-purskiklis-plaukams-250-ml\/#breadcrumb\",\"itemListElement\":[{\"@type\":\"ListItem\",\"position\":1,\"name\":\"Prad\u017eia\",\"item\":\"https:\/\/test.puhdasplus.ee\/lt\/\"},{\"@type\":\"ListItem\",\"position\":2,\"name\":\"Produktai\",\"item\":\"https:\/\/test.puhdasplus.ee\/lt\/parduotuve\/\"},{\"@type\":\"ListItem\",\"position\":3,\"name\":\"Druskos pur\u0161kiklis plaukams 250 ml\"}]},{\"@type\":\"WebSite\",\"@id\":\"https:\/\/test.puhdasplus.ee\/lt\/#website\",\"url\":\"https:\/\/test.puhdasplus.ee\/lt\/\",\"name\":\"Puhdas+\",\"description\":\"Vitamiinid, Toidulisandid, looduskosmeetika, tervis, sport\",\"publisher\":{\"@id\":\"https:\/\/test.puhdasplus.ee\/lt\/#organization\"},\"potentialAction\":[{\"@type\":\"SearchAction\",\"target\":{\"@type\":\"EntryPoint\",\"urlTemplate\":\"https:\/\/test.puhdasplus.ee\/lt\/?s={search_term_string}\"},\"query-input\":{\"@type\":\"PropertyValueSpecification\",\"valueRequired\":true,\"valueName\":\"search_term_string\"}}],\"inLanguage\":\"lt-LT\"},{\"@type\":\"Organization\",\"@id\":\"https:\/\/test.puhdasplus.ee\/lt\/#organization\",\"name\":\"Puhdas+\",\"alternateName\":\"Puhdasplus\",\"url\":\"https:\/\/test.puhdasplus.ee\/lt\/\",\"logo\":{\"@type\":\"ImageObject\",\"inLanguage\":\"lt-LT\",\"@id\":\"https:\/\/test.puhdasplus.ee\/lt\/#\/schema\/logo\/image\/\",\"url\":\"https:\/\/test.puhdasplus.ee\/\/wp-content\/uploads\/2019\/10\/puhdas_logo-arvele.png\",\"contentUrl\":\"https:\/\/test.puhdasplus.ee\/\/wp-content\/uploads\/2019\/10\/puhdas_logo-arvele.png\",\"width\":114,\"height\":94,\"caption\":\"Puhdas+\"},\"image\":{\"@id\":\"https:\/\/test.puhdasplus.ee\/lt\/#\/schema\/logo\/image\/\"},\"sameAs\":[\"https:\/\/www.facebook.com\/puhdasplus\",\"https:\/\/www.instagram.com\/puhdasplus_ee\/\"]}]}<\/script>\n<!-- \/ Yoast SEO plugin. -->","yoast_head_json":{"title":"Druskos pur\u0161kiklis plaukams 250 ml - Puhdas+","description":"\u201ePure+\u201c druskos pur\u0161kiklis suteikia plaukams nat\u016bralios apimties ir tekst\u016bros. Nat\u016bralus vegani\u0161kas plauk\u0173 lakas, skirtas papl\u016bdimio stiliaus \u0161ukuosenoms kurti, tinka visiems plauk\u0173 tipams.","robots":{"index":"noindex","follow":"follow","max-snippet":"max-snippet:-1","max-image-preview":"max-image-preview:large","max-video-preview":"max-video-preview:-1"},"og_locale":"lt_LT","og_type":"article","og_title":"Druskos pur\u0161kiklis plaukams 250 ml - Puhdas+","og_description":"\u201ePure+\u201c druskos pur\u0161kiklis suteikia plaukams nat\u016bralios apimties ir tekst\u016bros. Nat\u016bralus vegani\u0161kas plauk\u0173 lakas, skirtas papl\u016bdimio stiliaus \u0161ukuosenoms kurti, tinka visiems plauk\u0173 tipams.","og_url":"https:\/\/test.puhdasplus.ee\/lt\/tooted\/kosmetika-lt\/druskos-purskiklis-plaukams-250-ml\/","og_site_name":"Puhdas+","article_publisher":"https:\/\/www.facebook.com\/puhdasplus","article_modified_time":"2026-02-22T20:45:28+00:00","og_image":[{"width":1862,"height":2560,"url":"https:\/\/test.puhdasplus.ee\/wp-content\/uploads\/2025\/10\/tooted-ilma-taustata-copy-2-scaled.jpg","type":"image\/jpeg"}],"twitter_card":"summary_large_image","twitter_misc":{"Est. reading time":"1 minut\u0117"},"schema":{"@context":"https:\/\/schema.org","@graph":[{"@type":"WebPage","@id":"https:\/\/test.puhdasplus.ee\/lt\/tooted\/kosmetika-lt\/druskos-purskiklis-plaukams-250-ml\/","url":"https:\/\/test.puhdasplus.ee\/lt\/tooted\/kosmetika-lt\/druskos-purskiklis-plaukams-250-ml\/","name":"Druskos pur\u0161kiklis plaukams 250 ml - Puhdas+","isPartOf":{"@id":"https:\/\/test.puhdasplus.ee\/lt\/#website"},"primaryImageOfPage":{"@id":"https:\/\/test.puhdasplus.ee\/lt\/tooted\/kosmetika-lt\/druskos-purskiklis-plaukams-250-ml\/#primaryimage"},"image":{"@id":"https:\/\/test.puhdasplus.ee\/lt\/tooted\/kosmetika-lt\/druskos-purskiklis-plaukams-250-ml\/#primaryimage"},"thumbnailUrl":"https:\/\/test.puhdasplus.ee\/wp-content\/uploads\/2025\/10\/tooted-ilma-taustata-copy-2-scaled.jpg","datePublished":"2025-10-05T06:55:56+00:00","dateModified":"2026-02-22T20:45:28+00:00","description":"\u201ePure+\u201c druskos pur\u0161kiklis suteikia plaukams nat\u016bralios apimties ir tekst\u016bros. Nat\u016bralus vegani\u0161kas plauk\u0173 lakas, skirtas papl\u016bdimio stiliaus \u0161ukuosenoms kurti, tinka visiems plauk\u0173 tipams.","breadcrumb":{"@id":"https:\/\/test.puhdasplus.ee\/lt\/tooted\/kosmetika-lt\/druskos-purskiklis-plaukams-250-ml\/#breadcrumb"},"inLanguage":"lt-LT","potentialAction":[{"@type":"ReadAction","target":["https:\/\/test.puhdasplus.ee\/lt\/tooted\/kosmetika-lt\/druskos-purskiklis-plaukams-250-ml\/"]}]},{"@type":"ImageObject","inLanguage":"lt-LT","@id":"https:\/\/test.puhdasplus.ee\/lt\/tooted\/kosmetika-lt\/druskos-purskiklis-plaukams-250-ml\/#primaryimage","url":"https:\/\/test.puhdasplus.ee\/wp-content\/uploads\/2025\/10\/tooted-ilma-taustata-copy-2-scaled.jpg","contentUrl":"https:\/\/test.puhdasplus.ee\/wp-content\/uploads\/2025\/10\/tooted-ilma-taustata-copy-2-scaled.jpg","width":1862,"height":2560,"caption":"druskos pur\u0161kiklis plaukams"},{"@type":"BreadcrumbList","@id":"https:\/\/test.puhdasplus.ee\/lt\/tooted\/kosmetika-lt\/druskos-purskiklis-plaukams-250-ml\/#breadcrumb","itemListElement":[{"@type":"ListItem","position":1,"name":"Prad\u017eia","item":"https:\/\/test.puhdasplus.ee\/lt\/"},{"@type":"ListItem","position":2,"name":"Produktai","item":"https:\/\/test.puhdasplus.ee\/lt\/parduotuve\/"},{"@type":"ListItem","position":3,"name":"Druskos pur\u0161kiklis plaukams 250 ml"}]},{"@type":"WebSite","@id":"https:\/\/test.puhdasplus.ee\/lt\/#website","url":"https:\/\/test.puhdasplus.ee\/lt\/","name":"Puhdas+","description":"Vitamiinid, Toidulisandid, looduskosmeetika, tervis, sport","publisher":{"@id":"https:\/\/test.puhdasplus.ee\/lt\/#organization"},"potentialAction":[{"@type":"SearchAction","target":{"@type":"EntryPoint","urlTemplate":"https:\/\/test.puhdasplus.ee\/lt\/?s={search_term_string}"},"query-input":{"@type":"PropertyValueSpecification","valueRequired":true,"valueName":"search_term_string"}}],"inLanguage":"lt-LT"},{"@type":"Organization","@id":"https:\/\/test.puhdasplus.ee\/lt\/#organization","name":"Puhdas+","alternateName":"Puhdasplus","url":"https:\/\/test.puhdasplus.ee\/lt\/","logo":{"@type":"ImageObject","inLanguage":"lt-LT","@id":"https:\/\/test.puhdasplus.ee\/lt\/#\/schema\/logo\/image\/","url":"https:\/\/test.puhdasplus.ee\/\/wp-content\/uploads\/2019\/10\/puhdas_logo-arvele.png","contentUrl":"https:\/\/test.puhdasplus.ee\/\/wp-content\/uploads\/2019\/10\/puhdas_logo-arvele.png","width":114,"height":94,"caption":"Puhdas+"},"image":{"@id":"https:\/\/test.puhdasplus.ee\/lt\/#\/schema\/logo\/image\/"},"sameAs":["https:\/\/www.facebook.com\/puhdasplus","https:\/\/www.instagram.com\/puhdasplus_ee\/"]}]}},"_links":{"self":[{"href":"https:\/\/test.puhdasplus.ee\/lt\/wp-json\/wp\/v2\/product\/354529","targetHints":{"allow":["GET"]}}],"collection":[{"href":"https:\/\/test.puhdasplus.ee\/lt\/wp-json\/wp\/v2\/product"}],"about":[{"href":"https:\/\/test.puhdasplus.ee\/lt\/wp-json\/wp\/v2\/types\/product"}],"replies":[{"embeddable":true,"href":"https:\/\/test.puhdasplus.ee\/lt\/wp-json\/wp\/v2\/comments?post=354529"}],"wp:featuredmedia":[{"embeddable":true,"href":"https:\/\/test.puhdasplus.ee\/lt\/wp-json\/wp\/v2\/media\/354530"}],"wp:attachment":[{"href":"https:\/\/test.puhdasplus.ee\/lt\/wp-json\/wp\/v2\/media?parent=354529"}],"wp:term":[{"taxonomy":"product_brand","embeddable":true,"href":"https:\/\/test.puhdasplus.ee\/lt\/wp-json\/wp\/v2\/product_brand?post=354529"},{"taxonomy":"product_cat","embeddable":true,"href":"https:\/\/test.puhdasplus.ee\/lt\/wp-json\/wp\/v2\/product_cat?post=354529"},{"taxonomy":"product_tag","embeddable":true,"href":"https:\/\/test.puhdasplus.ee\/lt\/wp-json\/wp\/v2\/product_tag?post=354529"}],"curies":[{"name":"wp","href":"https:\/\/api.w.org\/{rel}","templated":true}]}}