{"id":354511,"date":"2025-10-05T10:06:39","date_gmt":"2025-10-05T07:06:39","guid":{"rendered":"https:\/\/test.puhdasplus.ee\/\/tooted\/be-kategorijos\/kofeino-prieziuros-aliejus-100-ml\/"},"modified":"2026-02-22T22:45:27","modified_gmt":"2026-02-22T20:45:27","slug":"kofeino-prieziuros-aliejus-100-ml","status":"publish","type":"product","link":"https:\/\/test.puhdasplus.ee\/lt\/tooted\/kosmetika-lt\/kofeino-prieziuros-aliejus-100-ml\/","title":{"rendered":"Kofeino prie\u017ei\u016bros aliejus 100 ml"},"content":{"rendered":"<p data-start=\"182\" data-end=\"414\">Kofeino turintis gydomasis aliejus yra veiksmingas ir nat\u016bralus mi\u0161inys, padedantis atgaivinti galvos od\u0105 ir sustiprinti plaukus nuo \u0161akn\u0173 iki galiuk\u0173. Lengva, ta\u010diau maitinanti formul\u0117 greitai \u012fsigeria ir nepalieka plauk\u0173 sunki\u0173 ar riebi\u0173. <\/p>\n<p data-start=\"416\" data-end=\"674\">Aliejuje yra <strong data-start=\"429\" data-end=\"441\">kofeino<\/strong> , kuris padeda stimuliuoti kraujotak\u0105 galvos odoje ir palaiko nat\u016bral\u0173 plauk\u0173 augim\u0105.<br data-start=\"521\" data-end=\"524\"> Be to, prie\u017ei\u016bros aliejuje yra <strong data-start=\"546\" data-end=\"601\">ricinos aliejaus, argano aliejaus, levand\u0173 aliejaus ir rozmarino aliejaus<\/strong> , kurie maitina ir apsaugo plaukus, suteikia jiems gyvybingumo ir blizgesio.<\/p>\n<p data-start=\"676\" data-end=\"693\"><strong data-start=\"676\" data-end=\"691\">Naudojimas:<\/strong><\/p>\n<ul data-start=\"694\" data-end=\"959\">\n<li data-start=\"694\" data-end=\"755\">\n<p data-start=\"696\" data-end=\"755\">Tepkite aliej\u0173 ant saus\u0173 arba dr\u0117gn\u0173 plauk\u0173 ir galvos odos.<\/p>\n<\/li>\n<li data-start=\"756\" data-end=\"839\">\n<p data-start=\"758\" data-end=\"839\">\u0160velniai \u012fmasa\u017euokite, kad stimuliuotum\u0117te galvos odos kraujotak\u0105 ir maitintum\u0117te plauk\u0173 \u0161aknis.<\/p>\n<\/li>\n<li data-start=\"840\" data-end=\"914\">\n<p data-start=\"842\" data-end=\"914\">Leiskite aliejui pastov\u0117ti bent 10 minu\u010di\u0173 arba, jei pageidaujate, per nakt\u012f.<\/p>\n<\/li>\n<li data-start=\"915\" data-end=\"959\">\n<p data-start=\"917\" data-end=\"959\">Tada kruop\u0161\u010diai nuplaukite \u0161amp\u016bnu.<\/p>\n<\/li>\n<\/ul>\n<p data-start=\"961\" data-end=\"1185\"><strong data-start=\"961\" data-end=\"973\">Rezultatas:<\/strong><br data-start=\"973\" data-end=\"976\"> Reguliariai naudojant aliej\u0173, pager\u0117ja bendra plauk\u0173 b\u016bkl\u0117, padid\u0117ja elastingumas ir suma\u017e\u0117ja sausumas. Ypa\u010d tinka rudens ir \u017eiemos sezonams, kai plaukams reikia papildomos paramos ir dr\u0117kinimo.<\/p>\n<p data-start=\"1187\" data-end=\"1306\"><strong data-start=\"1187\" data-end=\"1203\">Sand\u0117liavimas:<\/strong><br data-start=\"1203\" data-end=\"1206\"> Laikyti kambario temperat\u016broje, toliau nuo tiesiogini\u0173 saul\u0117s spinduli\u0173. Po naudojimo sandariai u\u017edarykite buteliuk\u0105.<\/p>\n","protected":false},"excerpt":{"rendered":"<p>Lengvas ir veiksmingas kofeinu praturtintas kondicionuojantis aliejus, kuris maitina galvos od\u0105 ir stiprina plaukus, tod\u0117l jie tampa mink\u0161ti, \u017evilgantys ir gyvybingi.<\/p>\n","protected":false},"featured_media":354526,"comment_status":"open","ping_status":"closed","template":"","meta":{"_acf_changed":false},"product_brand":[],"product_cat":[2582,3282,3049],"product_tag":[7498,7508,2700,4231,7416,7415,7494,7496,7277,4771,3290,7509,7287,2562,3837,7502,7500,7460,7504,7511],"class_list":{"0":"post-354511","1":"product","2":"type-product","3":"status-publish","4":"has-post-thumbnail","6":"product_cat-kosmetika-lt","7":"product_cat-oda-plaukai-nagai","8":"product_cat-specialus-pasiulymai","9":"product_tag-argano-aliejus-2","10":"product_tag-atkuriamasis-aliejus","11":"product_tag-drekinamasis-aliejus","12":"product_tag-galvos-odos-prieziura","13":"product_tag-galvos-odos-stimuliatorius","14":"product_tag-galvos-odos-stimuliavimas","15":"product_tag-kofeino-aliejus","16":"product_tag-kofeino-gydymas","17":"product_tag-naturali-kosmetika","18":"product_tag-naturalus-aliejus","19":"product_tag-plauku-augimo-palaikymas","20":"product_tag-plauku-blizgesys","21":"product_tag-plauku-gyvybingumas","22":"product_tag-plauku-prieziura","23":"product_tag-plauku-stiprinimas","24":"product_tag-ricinos-aliejus-2","25":"product_tag-rozmarinu-aliejus","26":"product_tag-rudens-prieziura-2","27":"product_tag-sausu-plauku-prieziura","28":"product_tag-veganu-prieziura","30":"first","31":"instock","32":"sale","33":"taxable","34":"shipping-taxable","35":"purchasable","36":"product-type-simple"},"acf":[],"yoast_head":"<!-- This site is optimized with the Yoast SEO plugin v27.1.1 - https:\/\/yoast.com\/product\/yoast-seo-wordpress\/ -->\n<title>Kofeino prie\u017ei\u016bros aliejus 100 ml - Puhdas+<\/title>\n<meta name=\"description\" content=\"\u201ePure+ Caffeine\u201c gydomasis aliejus gaivina galvos od\u0105 ir stiprina plaukus. Nat\u016brali plauk\u0173 proced\u016bra su kofeinu ir \u017eoleli\u0173 aliejais, suteikianti plaukams stiprumo ir blizgesio.\" \/>\n<meta name=\"robots\" content=\"noindex, follow, max-snippet:-1, max-image-preview:large, max-video-preview:-1\" \/>\n<meta property=\"og:locale\" content=\"lt_LT\" \/>\n<meta property=\"og:type\" content=\"article\" \/>\n<meta property=\"og:title\" content=\"Kofeino prie\u017ei\u016bros aliejus 100 ml - Puhdas+\" \/>\n<meta property=\"og:description\" content=\"\u201ePure+ Caffeine\u201c gydomasis aliejus gaivina galvos od\u0105 ir stiprina plaukus. Nat\u016brali plauk\u0173 proced\u016bra su kofeinu ir \u017eoleli\u0173 aliejais, suteikianti plaukams stiprumo ir blizgesio.\" \/>\n<meta property=\"og:url\" content=\"https:\/\/test.puhdasplus.ee\/lt\/tooted\/kosmetika-lt\/kofeino-prieziuros-aliejus-100-ml\/\" \/>\n<meta property=\"og:site_name\" content=\"Puhdas+\" \/>\n<meta property=\"article:publisher\" content=\"https:\/\/www.facebook.com\/puhdasplus\" \/>\n<meta property=\"article:modified_time\" content=\"2026-02-22T20:45:27+00:00\" \/>\n<meta property=\"og:image\" content=\"https:\/\/test.puhdasplus.ee\/wp-content\/uploads\/2025\/10\/tooted-ilma-taustata-copy-3-scaled.jpg\" \/>\n\t<meta property=\"og:image:width\" content=\"1862\" \/>\n\t<meta property=\"og:image:height\" content=\"2560\" \/>\n\t<meta property=\"og:image:type\" content=\"image\/jpeg\" \/>\n<meta name=\"twitter:card\" content=\"summary_large_image\" \/>\n<meta name=\"twitter:label1\" content=\"Est. reading time\" \/>\n\t<meta name=\"twitter:data1\" content=\"1 minut\u0117\" \/>\n<script type=\"application\/ld+json\" class=\"yoast-schema-graph\">{\"@context\":\"https:\/\/schema.org\",\"@graph\":[{\"@type\":\"WebPage\",\"@id\":\"https:\/\/test.puhdasplus.ee\/lt\/tooted\/kosmetika-lt\/kofeino-prieziuros-aliejus-100-ml\/\",\"url\":\"https:\/\/test.puhdasplus.ee\/lt\/tooted\/kosmetika-lt\/kofeino-prieziuros-aliejus-100-ml\/\",\"name\":\"Kofeino prie\u017ei\u016bros aliejus 100 ml - Puhdas+\",\"isPartOf\":{\"@id\":\"https:\/\/test.puhdasplus.ee\/lt\/#website\"},\"primaryImageOfPage\":{\"@id\":\"https:\/\/test.puhdasplus.ee\/lt\/tooted\/kosmetika-lt\/kofeino-prieziuros-aliejus-100-ml\/#primaryimage\"},\"image\":{\"@id\":\"https:\/\/test.puhdasplus.ee\/lt\/tooted\/kosmetika-lt\/kofeino-prieziuros-aliejus-100-ml\/#primaryimage\"},\"thumbnailUrl\":\"https:\/\/test.puhdasplus.ee\/wp-content\/uploads\/2025\/10\/tooted-ilma-taustata-copy-3-scaled.jpg\",\"datePublished\":\"2025-10-05T07:06:39+00:00\",\"dateModified\":\"2026-02-22T20:45:27+00:00\",\"description\":\"\u201ePure+ Caffeine\u201c gydomasis aliejus gaivina galvos od\u0105 ir stiprina plaukus. Nat\u016brali plauk\u0173 proced\u016bra su kofeinu ir \u017eoleli\u0173 aliejais, suteikianti plaukams stiprumo ir blizgesio.\",\"breadcrumb\":{\"@id\":\"https:\/\/test.puhdasplus.ee\/lt\/tooted\/kosmetika-lt\/kofeino-prieziuros-aliejus-100-ml\/#breadcrumb\"},\"inLanguage\":\"lt-LT\",\"potentialAction\":[{\"@type\":\"ReadAction\",\"target\":[\"https:\/\/test.puhdasplus.ee\/lt\/tooted\/kosmetika-lt\/kofeino-prieziuros-aliejus-100-ml\/\"]}]},{\"@type\":\"ImageObject\",\"inLanguage\":\"lt-LT\",\"@id\":\"https:\/\/test.puhdasplus.ee\/lt\/tooted\/kosmetika-lt\/kofeino-prieziuros-aliejus-100-ml\/#primaryimage\",\"url\":\"https:\/\/test.puhdasplus.ee\/wp-content\/uploads\/2025\/10\/tooted-ilma-taustata-copy-3-scaled.jpg\",\"contentUrl\":\"https:\/\/test.puhdasplus.ee\/wp-content\/uploads\/2025\/10\/tooted-ilma-taustata-copy-3-scaled.jpg\",\"width\":1862,\"height\":2560,\"caption\":\"Kofeino prie\u017ei\u016bros aliejus 100 ml\"},{\"@type\":\"BreadcrumbList\",\"@id\":\"https:\/\/test.puhdasplus.ee\/lt\/tooted\/kosmetika-lt\/kofeino-prieziuros-aliejus-100-ml\/#breadcrumb\",\"itemListElement\":[{\"@type\":\"ListItem\",\"position\":1,\"name\":\"Prad\u017eia\",\"item\":\"https:\/\/test.puhdasplus.ee\/lt\/\"},{\"@type\":\"ListItem\",\"position\":2,\"name\":\"Produktai\",\"item\":\"https:\/\/test.puhdasplus.ee\/lt\/parduotuve\/\"},{\"@type\":\"ListItem\",\"position\":3,\"name\":\"Kofeino prie\u017ei\u016bros aliejus 100 ml\"}]},{\"@type\":\"WebSite\",\"@id\":\"https:\/\/test.puhdasplus.ee\/lt\/#website\",\"url\":\"https:\/\/test.puhdasplus.ee\/lt\/\",\"name\":\"Puhdas+\",\"description\":\"Vitamiinid, Toidulisandid, looduskosmeetika, tervis, sport\",\"publisher\":{\"@id\":\"https:\/\/test.puhdasplus.ee\/lt\/#organization\"},\"potentialAction\":[{\"@type\":\"SearchAction\",\"target\":{\"@type\":\"EntryPoint\",\"urlTemplate\":\"https:\/\/test.puhdasplus.ee\/lt\/?s={search_term_string}\"},\"query-input\":{\"@type\":\"PropertyValueSpecification\",\"valueRequired\":true,\"valueName\":\"search_term_string\"}}],\"inLanguage\":\"lt-LT\"},{\"@type\":\"Organization\",\"@id\":\"https:\/\/test.puhdasplus.ee\/lt\/#organization\",\"name\":\"Puhdas+\",\"alternateName\":\"Puhdasplus\",\"url\":\"https:\/\/test.puhdasplus.ee\/lt\/\",\"logo\":{\"@type\":\"ImageObject\",\"inLanguage\":\"lt-LT\",\"@id\":\"https:\/\/test.puhdasplus.ee\/lt\/#\/schema\/logo\/image\/\",\"url\":\"https:\/\/test.puhdasplus.ee\/\/wp-content\/uploads\/2019\/10\/puhdas_logo-arvele.png\",\"contentUrl\":\"https:\/\/test.puhdasplus.ee\/\/wp-content\/uploads\/2019\/10\/puhdas_logo-arvele.png\",\"width\":114,\"height\":94,\"caption\":\"Puhdas+\"},\"image\":{\"@id\":\"https:\/\/test.puhdasplus.ee\/lt\/#\/schema\/logo\/image\/\"},\"sameAs\":[\"https:\/\/www.facebook.com\/puhdasplus\",\"https:\/\/www.instagram.com\/puhdasplus_ee\/\"]}]}<\/script>\n<!-- \/ Yoast SEO plugin. -->","yoast_head_json":{"title":"Kofeino prie\u017ei\u016bros aliejus 100 ml - Puhdas+","description":"\u201ePure+ Caffeine\u201c gydomasis aliejus gaivina galvos od\u0105 ir stiprina plaukus. Nat\u016brali plauk\u0173 proced\u016bra su kofeinu ir \u017eoleli\u0173 aliejais, suteikianti plaukams stiprumo ir blizgesio.","robots":{"index":"noindex","follow":"follow","max-snippet":"max-snippet:-1","max-image-preview":"max-image-preview:large","max-video-preview":"max-video-preview:-1"},"og_locale":"lt_LT","og_type":"article","og_title":"Kofeino prie\u017ei\u016bros aliejus 100 ml - Puhdas+","og_description":"\u201ePure+ Caffeine\u201c gydomasis aliejus gaivina galvos od\u0105 ir stiprina plaukus. Nat\u016brali plauk\u0173 proced\u016bra su kofeinu ir \u017eoleli\u0173 aliejais, suteikianti plaukams stiprumo ir blizgesio.","og_url":"https:\/\/test.puhdasplus.ee\/lt\/tooted\/kosmetika-lt\/kofeino-prieziuros-aliejus-100-ml\/","og_site_name":"Puhdas+","article_publisher":"https:\/\/www.facebook.com\/puhdasplus","article_modified_time":"2026-02-22T20:45:27+00:00","og_image":[{"width":1862,"height":2560,"url":"https:\/\/test.puhdasplus.ee\/wp-content\/uploads\/2025\/10\/tooted-ilma-taustata-copy-3-scaled.jpg","type":"image\/jpeg"}],"twitter_card":"summary_large_image","twitter_misc":{"Est. reading time":"1 minut\u0117"},"schema":{"@context":"https:\/\/schema.org","@graph":[{"@type":"WebPage","@id":"https:\/\/test.puhdasplus.ee\/lt\/tooted\/kosmetika-lt\/kofeino-prieziuros-aliejus-100-ml\/","url":"https:\/\/test.puhdasplus.ee\/lt\/tooted\/kosmetika-lt\/kofeino-prieziuros-aliejus-100-ml\/","name":"Kofeino prie\u017ei\u016bros aliejus 100 ml - Puhdas+","isPartOf":{"@id":"https:\/\/test.puhdasplus.ee\/lt\/#website"},"primaryImageOfPage":{"@id":"https:\/\/test.puhdasplus.ee\/lt\/tooted\/kosmetika-lt\/kofeino-prieziuros-aliejus-100-ml\/#primaryimage"},"image":{"@id":"https:\/\/test.puhdasplus.ee\/lt\/tooted\/kosmetika-lt\/kofeino-prieziuros-aliejus-100-ml\/#primaryimage"},"thumbnailUrl":"https:\/\/test.puhdasplus.ee\/wp-content\/uploads\/2025\/10\/tooted-ilma-taustata-copy-3-scaled.jpg","datePublished":"2025-10-05T07:06:39+00:00","dateModified":"2026-02-22T20:45:27+00:00","description":"\u201ePure+ Caffeine\u201c gydomasis aliejus gaivina galvos od\u0105 ir stiprina plaukus. Nat\u016brali plauk\u0173 proced\u016bra su kofeinu ir \u017eoleli\u0173 aliejais, suteikianti plaukams stiprumo ir blizgesio.","breadcrumb":{"@id":"https:\/\/test.puhdasplus.ee\/lt\/tooted\/kosmetika-lt\/kofeino-prieziuros-aliejus-100-ml\/#breadcrumb"},"inLanguage":"lt-LT","potentialAction":[{"@type":"ReadAction","target":["https:\/\/test.puhdasplus.ee\/lt\/tooted\/kosmetika-lt\/kofeino-prieziuros-aliejus-100-ml\/"]}]},{"@type":"ImageObject","inLanguage":"lt-LT","@id":"https:\/\/test.puhdasplus.ee\/lt\/tooted\/kosmetika-lt\/kofeino-prieziuros-aliejus-100-ml\/#primaryimage","url":"https:\/\/test.puhdasplus.ee\/wp-content\/uploads\/2025\/10\/tooted-ilma-taustata-copy-3-scaled.jpg","contentUrl":"https:\/\/test.puhdasplus.ee\/wp-content\/uploads\/2025\/10\/tooted-ilma-taustata-copy-3-scaled.jpg","width":1862,"height":2560,"caption":"Kofeino prie\u017ei\u016bros aliejus 100 ml"},{"@type":"BreadcrumbList","@id":"https:\/\/test.puhdasplus.ee\/lt\/tooted\/kosmetika-lt\/kofeino-prieziuros-aliejus-100-ml\/#breadcrumb","itemListElement":[{"@type":"ListItem","position":1,"name":"Prad\u017eia","item":"https:\/\/test.puhdasplus.ee\/lt\/"},{"@type":"ListItem","position":2,"name":"Produktai","item":"https:\/\/test.puhdasplus.ee\/lt\/parduotuve\/"},{"@type":"ListItem","position":3,"name":"Kofeino prie\u017ei\u016bros aliejus 100 ml"}]},{"@type":"WebSite","@id":"https:\/\/test.puhdasplus.ee\/lt\/#website","url":"https:\/\/test.puhdasplus.ee\/lt\/","name":"Puhdas+","description":"Vitamiinid, Toidulisandid, looduskosmeetika, tervis, sport","publisher":{"@id":"https:\/\/test.puhdasplus.ee\/lt\/#organization"},"potentialAction":[{"@type":"SearchAction","target":{"@type":"EntryPoint","urlTemplate":"https:\/\/test.puhdasplus.ee\/lt\/?s={search_term_string}"},"query-input":{"@type":"PropertyValueSpecification","valueRequired":true,"valueName":"search_term_string"}}],"inLanguage":"lt-LT"},{"@type":"Organization","@id":"https:\/\/test.puhdasplus.ee\/lt\/#organization","name":"Puhdas+","alternateName":"Puhdasplus","url":"https:\/\/test.puhdasplus.ee\/lt\/","logo":{"@type":"ImageObject","inLanguage":"lt-LT","@id":"https:\/\/test.puhdasplus.ee\/lt\/#\/schema\/logo\/image\/","url":"https:\/\/test.puhdasplus.ee\/\/wp-content\/uploads\/2019\/10\/puhdas_logo-arvele.png","contentUrl":"https:\/\/test.puhdasplus.ee\/\/wp-content\/uploads\/2019\/10\/puhdas_logo-arvele.png","width":114,"height":94,"caption":"Puhdas+"},"image":{"@id":"https:\/\/test.puhdasplus.ee\/lt\/#\/schema\/logo\/image\/"},"sameAs":["https:\/\/www.facebook.com\/puhdasplus","https:\/\/www.instagram.com\/puhdasplus_ee\/"]}]}},"_links":{"self":[{"href":"https:\/\/test.puhdasplus.ee\/lt\/wp-json\/wp\/v2\/product\/354511","targetHints":{"allow":["GET"]}}],"collection":[{"href":"https:\/\/test.puhdasplus.ee\/lt\/wp-json\/wp\/v2\/product"}],"about":[{"href":"https:\/\/test.puhdasplus.ee\/lt\/wp-json\/wp\/v2\/types\/product"}],"replies":[{"embeddable":true,"href":"https:\/\/test.puhdasplus.ee\/lt\/wp-json\/wp\/v2\/comments?post=354511"}],"wp:featuredmedia":[{"embeddable":true,"href":"https:\/\/test.puhdasplus.ee\/lt\/wp-json\/wp\/v2\/media\/354526"}],"wp:attachment":[{"href":"https:\/\/test.puhdasplus.ee\/lt\/wp-json\/wp\/v2\/media?parent=354511"}],"wp:term":[{"taxonomy":"product_brand","embeddable":true,"href":"https:\/\/test.puhdasplus.ee\/lt\/wp-json\/wp\/v2\/product_brand?post=354511"},{"taxonomy":"product_cat","embeddable":true,"href":"https:\/\/test.puhdasplus.ee\/lt\/wp-json\/wp\/v2\/product_cat?post=354511"},{"taxonomy":"product_tag","embeddable":true,"href":"https:\/\/test.puhdasplus.ee\/lt\/wp-json\/wp\/v2\/product_tag?post=354511"}],"curies":[{"name":"wp","href":"https:\/\/api.w.org\/{rel}","templated":true}]}}