{"id":354504,"date":"2025-10-05T10:18:40","date_gmt":"2025-10-05T07:18:40","guid":{"rendered":"https:\/\/test.puhdasplus.ee\/\/tooted\/be-kategorijos\/kofeino-turintis-galvos-odos-prieziuros-skystis-200-ml\/"},"modified":"2026-02-22T22:45:37","modified_gmt":"2026-02-22T20:45:37","slug":"kofeino-turintis-galvos-odos-prieziuros-skystis-200-ml","status":"publish","type":"product","link":"https:\/\/test.puhdasplus.ee\/lt\/tooted\/kosmetika-lt\/kofeino-turintis-galvos-odos-prieziuros-skystis-200-ml\/","title":{"rendered":"Kofeino turintis galvos odos prie\u017ei\u016bros skystis, 200 ml"},"content":{"rendered":"<p>Tai lengva ir stimuliuojanti galvos odos proced\u016bra, kurioje derinamas <strong data-start=\"380\" data-end=\"407\">stimuliuojantis kofeino, maitinam\u0173j\u0173 augalini\u0173 aliej\u0173 ir bioaktyvi\u0173j\u0173 med\u017eiag\u0173 poveikis,<\/strong> siekiant palaikyti galvos odos pusiausvyr\u0105 ir plauk\u0173 gyvybingum\u0105. Produktas padeda suaktyvinti mikrocirkuliacij\u0105 ir suteikia papildom\u0105 param\u0105 plauk\u0173 \u0161akn\u0173 sveikatai. <\/p>\n<p data-start=\"574\" data-end=\"615\"><strong data-start=\"574\" data-end=\"613\">Pagrindin\u0117s sudedamosios dalys ir j\u0173 poveikis<\/strong><\/p>\n<ul data-start=\"616\" data-end=\"1237\">\n<li data-start=\"616\" data-end=\"693\">\n<p data-start=\"618\" data-end=\"693\"><strong data-start=\"618\" data-end=\"629\">Kofeinas<\/strong> \u2013 stimuliuoja kraujotak\u0105 galvos odoje ir padeda stiprinti \u0161aknis.<\/p>\n<\/li>\n<li data-start=\"694\" data-end=\"775\">\n<p data-start=\"696\" data-end=\"775\"><strong data-start=\"696\" data-end=\"728\">Niacinamidas (vitaminas B3)<\/strong> \u2013 palaiko galvos odos sveikat\u0105 ir plauk\u0173 stiprum\u0105.<\/p>\n<\/li>\n<li data-start=\"776\" data-end=\"858\">\n<p data-start=\"778\" data-end=\"858\"><strong data-start=\"778\" data-end=\"809\">Pantenolis (provitaminas B5)<\/strong> \u2013 dr\u0117kina ir apsaugo plaukus nuo i\u0161saus\u0117jimo.<\/p>\n<\/li>\n<li data-start=\"859\" data-end=\"948\">\n<p data-start=\"861\" data-end=\"948\"><strong data-start=\"861\" data-end=\"883\">Taukmed\u017eio sviestas ir argano aliejus<\/strong> \u2013 maitina ir mink\u0161tina plaukus j\u0173 neapsunkindami.<\/p>\n<\/li>\n<li data-start=\"949\" data-end=\"1054\">\n<p data-start=\"951\" data-end=\"1054\"><strong data-start=\"951\" data-end=\"983\">Serenoa (sabalpalm\u0117s) ekstraktas<\/strong> \u2013 ingredientas, da\u017enai naudojamas plauk\u0173 slinkimui stabdyti.<\/p>\n<\/li>\n<li data-start=\"1055\" data-end=\"1147\">\n<p data-start=\"1057\" data-end=\"1147\"><strong data-start=\"1057\" data-end=\"1081\">Arb\u016bz\u0173 s\u0117kl\u0173 aliejus<\/strong> \u2013 antioksidacinis poveikis, apsaugo plaukus nuo i\u0161orini\u0173 veiksni\u0173.<\/p>\n<\/li>\n<li data-start=\"1148\" data-end=\"1237\">\n<p data-start=\"1150\" data-end=\"1237\"><strong data-start=\"1150\" data-end=\"1172\">Pipirm\u0117\u010di\u0173 lap\u0173 aliejus<\/strong> \u2013 v\u0117sina ir gaivina galvos od\u0105, suteikia malon\u0173 kvap\u0105.<\/p>\n<\/li>\n<\/ul>\n<p data-start=\"1239\" data-end=\"1255\"><strong data-start=\"1239\" data-end=\"1253\">Naudojimas<\/strong><\/p>\n<ul data-start=\"1256\" data-end=\"1476\">\n<li data-start=\"1256\" data-end=\"1299\">\n<p data-start=\"1258\" data-end=\"1299\">Prie\u0161 naudojim\u0105 buteliuk\u0105 lengvai suplakite.<\/p>\n<\/li>\n<li data-start=\"1300\" data-end=\"1384\">\n<p data-start=\"1302\" data-end=\"1384\">Tepkite gydom\u0105j\u012f skyst\u012f tiesiai ant galvos odos ir \u0161velniai masa\u017euokite nuo \u0161akn\u0173 link aliej\u0173.<\/p>\n<\/li>\n<li data-start=\"1385\" data-end=\"1432\">\n<p data-start=\"1387\" data-end=\"1432\">U\u017ebaigta rutinos dalis \u2013 <strong data-start=\"1407\" data-end=\"1429\">skalauti nereikia<\/strong> .<\/p>\n<\/li>\n<li data-start=\"1433\" data-end=\"1476\">\n<p data-start=\"1435\" data-end=\"1476\">Naudokite kasdien arba pagal poreik\u012f.<\/p>\n<\/li>\n<\/ul>\n<p data-start=\"1478\" data-end=\"1733\"><strong data-start=\"1478\" data-end=\"1501\">Rezultatas<\/strong><br data-start=\"1501\" data-end=\"1504\"> Reguliariai naudojant, kondicionierius padeda pagerinti bendr\u0105 plauk\u0173 b\u016bkl\u0119, sustiprinti \u0161akn\u0173 sveikat\u0105, suteikti plaukams elastingumo ir blizgesio. Jis ypa\u010d tinka met\u0173 laikui, kai j\u016bs\u0173 plaukams ir galvos odai reikia papildomos stimuliacijos ir prie\u017ei\u016bros. <\/p>\n<p data-start=\"1478\" data-end=\"1733\"><strong data-start=\"134\" data-end=\"150\">Sudedamosios dalys:<\/strong><br data-start=\"150\" data-end=\"153\"> Vanduo (Aqua), niacinamidas (vitaminas B3), pentilenglikolis, pantenolis (provitaminas B5), glicerinas, kofeinas, \u017ealiosios arbatos lap\u0173 ekstraktas (Camellia Sinensis), PEG-40 hidrintas ricinos aliejus, citrin\u0173 r\u016bg\u0161tis, sacharid\u0173 izomeras, sabalpalmi\u0173 vaisi\u0173 ekstraktas (Serenoa Serrulata), argininas, pipirm\u0117\u010di\u0173 lap\u0173 aliejus (Mentha Arvensis), kalio sorbatas, sorbo r\u016bg\u0161tis, natrio citratas, mentolis.<\/p>\n<p data-start=\"1735\" data-end=\"1752\"><strong data-start=\"1735\" data-end=\"1750\">Sand\u0117liavimas<\/strong><\/p>\n<ul data-start=\"1753\" data-end=\"1953\">\n<li data-start=\"1753\" data-end=\"1810\">\n<p data-start=\"1755\" data-end=\"1810\">Laikyti v\u0117sioje, sausoje vietoje, apsaugotoje nuo \u0161viesos.<\/p>\n<\/li>\n<li data-start=\"1811\" data-end=\"1856\">\n<p data-start=\"1813\" data-end=\"1856\">Po naudojimo sandariai u\u017edarykite buteliuk\u0105.<\/p>\n<\/li>\n<li data-start=\"1857\" data-end=\"1953\">\n<p data-start=\"1859\" data-end=\"1953\">Venkite tiesiogini\u0173 saul\u0117s spinduli\u0173 ir auk\u0161tos temperat\u016bros, nes tai gali suma\u017einti produkto stabilum\u0105.<\/p>\n<\/li>\n<\/ul>\n","protected":false},"excerpt":{"rendered":"<p>\u201ePure+ Caffeine Scalp Treatment\u201c galvos odos proced\u016bra gaivina ir atgaivina galvos od\u0105, padeda palaikyti plauk\u0173 stiprum\u0105 ir gyvybingum\u0105. Sud\u0117tyje yra kofeino, niacinamido ir \u017ealiosios arbatos ekstrakto, kurie stimuliuoja kraujotak\u0105 galvos odoje ir maitina plauk\u0173 \u0161aknis. <\/p>\n","protected":false},"featured_media":354506,"comment_status":"open","ping_status":"closed","template":"","meta":{"_acf_changed":false},"product_brand":[],"product_cat":[2582,3282,3049],"product_tag":[7417,4231,7416,7415,7468,7295,7461,7464,2929,2937,3836,3290,2562,7466,4230,3837,7460,7462,4115,6558,7265],"class_list":{"0":"post-354504","1":"product","2":"type-product","3":"status-publish","4":"has-post-thumbnail","6":"product_cat-kosmetika-lt","7":"product_cat-oda-plaukai-nagai","8":"product_cat-specialus-pasiulymai","9":"product_tag-gaivinanti-prieziura","10":"product_tag-galvos-odos-prieziura","11":"product_tag-galvos-odos-stimuliatorius","12":"product_tag-galvos-odos-stimuliavimas","13":"product_tag-galvos-odos-tonikas","14":"product_tag-kofeinas","15":"product_tag-kofeino-prieziuros-skystis","16":"product_tag-kofeino-skystis","17":"product_tag-naturali-prieziura","18":"product_tag-niacinamidas","19":"product_tag-pantenolis","20":"product_tag-plauku-augimo-palaikymas","21":"product_tag-plauku-prieziura","22":"product_tag-plauku-saknu-palaikymas","23":"product_tag-plauku-slinkimo-mazinimas","24":"product_tag-plauku-stiprinimas","25":"product_tag-rudens-prieziura-2","26":"product_tag-stimuliuojanti-prieziura","27":"product_tag-veganiska-kosmetika","28":"product_tag-vitaminas-b3-lt","29":"product_tag-zaliosios-arbatos-ekstraktas","31":"first","32":"instock","33":"sale","34":"taxable","35":"shipping-taxable","36":"purchasable","37":"product-type-simple"},"acf":[],"yoast_head":"<!-- This site is optimized with the Yoast SEO plugin v27.1.1 - https:\/\/yoast.com\/product\/yoast-seo-wordpress\/ -->\n<title>Kofeino turintis galvos odos prie\u017ei\u016bros skystis, 200 ml - Puhdas+<\/title>\n<meta name=\"description\" content=\"\u201ePure+\u201c kofeino turintis galvos odos prie\u017ei\u016bros skystis stimuliuoja kraujotak\u0105 ir stiprina plaukus. Sud\u0117tyje yra kofeino, niacinamido ir \u017ealiosios arbatos ekstrakto.\" \/>\n<meta name=\"robots\" content=\"noindex, follow, max-snippet:-1, max-image-preview:large, max-video-preview:-1\" \/>\n<meta property=\"og:locale\" content=\"lt_LT\" \/>\n<meta property=\"og:type\" content=\"article\" \/>\n<meta property=\"og:title\" content=\"Kofeino turintis galvos odos prie\u017ei\u016bros skystis, 200 ml - Puhdas+\" \/>\n<meta property=\"og:description\" content=\"\u201ePure+\u201c kofeino turintis galvos odos prie\u017ei\u016bros skystis stimuliuoja kraujotak\u0105 ir stiprina plaukus. Sud\u0117tyje yra kofeino, niacinamido ir \u017ealiosios arbatos ekstrakto.\" \/>\n<meta property=\"og:url\" content=\"https:\/\/test.puhdasplus.ee\/lt\/tooted\/kosmetika-lt\/kofeino-turintis-galvos-odos-prieziuros-skystis-200-ml\/\" \/>\n<meta property=\"og:site_name\" content=\"Puhdas+\" \/>\n<meta property=\"article:publisher\" content=\"https:\/\/www.facebook.com\/puhdasplus\" \/>\n<meta property=\"article:modified_time\" content=\"2026-02-22T20:45:37+00:00\" \/>\n<meta property=\"og:image\" content=\"https:\/\/test.puhdasplus.ee\/wp-content\/uploads\/2025\/10\/tooted-ilma-taustata-copy-4-scaled.jpg\" \/>\n\t<meta property=\"og:image:width\" content=\"1862\" \/>\n\t<meta property=\"og:image:height\" content=\"2560\" \/>\n\t<meta property=\"og:image:type\" content=\"image\/jpeg\" \/>\n<meta name=\"twitter:card\" content=\"summary_large_image\" \/>\n<meta name=\"twitter:label1\" content=\"Est. reading time\" \/>\n\t<meta name=\"twitter:data1\" content=\"1 minut\u0117\" \/>\n<script type=\"application\/ld+json\" class=\"yoast-schema-graph\">{\"@context\":\"https:\/\/schema.org\",\"@graph\":[{\"@type\":\"WebPage\",\"@id\":\"https:\/\/test.puhdasplus.ee\/lt\/tooted\/kosmetika-lt\/kofeino-turintis-galvos-odos-prieziuros-skystis-200-ml\/\",\"url\":\"https:\/\/test.puhdasplus.ee\/lt\/tooted\/kosmetika-lt\/kofeino-turintis-galvos-odos-prieziuros-skystis-200-ml\/\",\"name\":\"Kofeino turintis galvos odos prie\u017ei\u016bros skystis, 200 ml - Puhdas+\",\"isPartOf\":{\"@id\":\"https:\/\/test.puhdasplus.ee\/lt\/#website\"},\"primaryImageOfPage\":{\"@id\":\"https:\/\/test.puhdasplus.ee\/lt\/tooted\/kosmetika-lt\/kofeino-turintis-galvos-odos-prieziuros-skystis-200-ml\/#primaryimage\"},\"image\":{\"@id\":\"https:\/\/test.puhdasplus.ee\/lt\/tooted\/kosmetika-lt\/kofeino-turintis-galvos-odos-prieziuros-skystis-200-ml\/#primaryimage\"},\"thumbnailUrl\":\"https:\/\/test.puhdasplus.ee\/wp-content\/uploads\/2025\/10\/tooted-ilma-taustata-copy-4-scaled.jpg\",\"datePublished\":\"2025-10-05T07:18:40+00:00\",\"dateModified\":\"2026-02-22T20:45:37+00:00\",\"description\":\"\u201ePure+\u201c kofeino turintis galvos odos prie\u017ei\u016bros skystis stimuliuoja kraujotak\u0105 ir stiprina plaukus. Sud\u0117tyje yra kofeino, niacinamido ir \u017ealiosios arbatos ekstrakto.\",\"breadcrumb\":{\"@id\":\"https:\/\/test.puhdasplus.ee\/lt\/tooted\/kosmetika-lt\/kofeino-turintis-galvos-odos-prieziuros-skystis-200-ml\/#breadcrumb\"},\"inLanguage\":\"lt-LT\",\"potentialAction\":[{\"@type\":\"ReadAction\",\"target\":[\"https:\/\/test.puhdasplus.ee\/lt\/tooted\/kosmetika-lt\/kofeino-turintis-galvos-odos-prieziuros-skystis-200-ml\/\"]}]},{\"@type\":\"ImageObject\",\"inLanguage\":\"lt-LT\",\"@id\":\"https:\/\/test.puhdasplus.ee\/lt\/tooted\/kosmetika-lt\/kofeino-turintis-galvos-odos-prieziuros-skystis-200-ml\/#primaryimage\",\"url\":\"https:\/\/test.puhdasplus.ee\/wp-content\/uploads\/2025\/10\/tooted-ilma-taustata-copy-4-scaled.jpg\",\"contentUrl\":\"https:\/\/test.puhdasplus.ee\/wp-content\/uploads\/2025\/10\/tooted-ilma-taustata-copy-4-scaled.jpg\",\"width\":1862,\"height\":2560,\"caption\":\"Kofeino turintis galvos odos prie\u017ei\u016bros skystis, 200 ml\"},{\"@type\":\"BreadcrumbList\",\"@id\":\"https:\/\/test.puhdasplus.ee\/lt\/tooted\/kosmetika-lt\/kofeino-turintis-galvos-odos-prieziuros-skystis-200-ml\/#breadcrumb\",\"itemListElement\":[{\"@type\":\"ListItem\",\"position\":1,\"name\":\"Prad\u017eia\",\"item\":\"https:\/\/test.puhdasplus.ee\/lt\/\"},{\"@type\":\"ListItem\",\"position\":2,\"name\":\"Produktai\",\"item\":\"https:\/\/test.puhdasplus.ee\/lt\/parduotuve\/\"},{\"@type\":\"ListItem\",\"position\":3,\"name\":\"Kofeino turintis galvos odos prie\u017ei\u016bros skystis, 200 ml\"}]},{\"@type\":\"WebSite\",\"@id\":\"https:\/\/test.puhdasplus.ee\/lt\/#website\",\"url\":\"https:\/\/test.puhdasplus.ee\/lt\/\",\"name\":\"Puhdas+\",\"description\":\"Vitamiinid, Toidulisandid, looduskosmeetika, tervis, sport\",\"publisher\":{\"@id\":\"https:\/\/test.puhdasplus.ee\/lt\/#organization\"},\"potentialAction\":[{\"@type\":\"SearchAction\",\"target\":{\"@type\":\"EntryPoint\",\"urlTemplate\":\"https:\/\/test.puhdasplus.ee\/lt\/?s={search_term_string}\"},\"query-input\":{\"@type\":\"PropertyValueSpecification\",\"valueRequired\":true,\"valueName\":\"search_term_string\"}}],\"inLanguage\":\"lt-LT\"},{\"@type\":\"Organization\",\"@id\":\"https:\/\/test.puhdasplus.ee\/lt\/#organization\",\"name\":\"Puhdas+\",\"alternateName\":\"Puhdasplus\",\"url\":\"https:\/\/test.puhdasplus.ee\/lt\/\",\"logo\":{\"@type\":\"ImageObject\",\"inLanguage\":\"lt-LT\",\"@id\":\"https:\/\/test.puhdasplus.ee\/lt\/#\/schema\/logo\/image\/\",\"url\":\"https:\/\/test.puhdasplus.ee\/\/wp-content\/uploads\/2019\/10\/puhdas_logo-arvele.png\",\"contentUrl\":\"https:\/\/test.puhdasplus.ee\/\/wp-content\/uploads\/2019\/10\/puhdas_logo-arvele.png\",\"width\":114,\"height\":94,\"caption\":\"Puhdas+\"},\"image\":{\"@id\":\"https:\/\/test.puhdasplus.ee\/lt\/#\/schema\/logo\/image\/\"},\"sameAs\":[\"https:\/\/www.facebook.com\/puhdasplus\",\"https:\/\/www.instagram.com\/puhdasplus_ee\/\"]}]}<\/script>\n<!-- \/ Yoast SEO plugin. -->","yoast_head_json":{"title":"Kofeino turintis galvos odos prie\u017ei\u016bros skystis, 200 ml - Puhdas+","description":"\u201ePure+\u201c kofeino turintis galvos odos prie\u017ei\u016bros skystis stimuliuoja kraujotak\u0105 ir stiprina plaukus. Sud\u0117tyje yra kofeino, niacinamido ir \u017ealiosios arbatos ekstrakto.","robots":{"index":"noindex","follow":"follow","max-snippet":"max-snippet:-1","max-image-preview":"max-image-preview:large","max-video-preview":"max-video-preview:-1"},"og_locale":"lt_LT","og_type":"article","og_title":"Kofeino turintis galvos odos prie\u017ei\u016bros skystis, 200 ml - Puhdas+","og_description":"\u201ePure+\u201c kofeino turintis galvos odos prie\u017ei\u016bros skystis stimuliuoja kraujotak\u0105 ir stiprina plaukus. Sud\u0117tyje yra kofeino, niacinamido ir \u017ealiosios arbatos ekstrakto.","og_url":"https:\/\/test.puhdasplus.ee\/lt\/tooted\/kosmetika-lt\/kofeino-turintis-galvos-odos-prieziuros-skystis-200-ml\/","og_site_name":"Puhdas+","article_publisher":"https:\/\/www.facebook.com\/puhdasplus","article_modified_time":"2026-02-22T20:45:37+00:00","og_image":[{"width":1862,"height":2560,"url":"https:\/\/test.puhdasplus.ee\/wp-content\/uploads\/2025\/10\/tooted-ilma-taustata-copy-4-scaled.jpg","type":"image\/jpeg"}],"twitter_card":"summary_large_image","twitter_misc":{"Est. reading time":"1 minut\u0117"},"schema":{"@context":"https:\/\/schema.org","@graph":[{"@type":"WebPage","@id":"https:\/\/test.puhdasplus.ee\/lt\/tooted\/kosmetika-lt\/kofeino-turintis-galvos-odos-prieziuros-skystis-200-ml\/","url":"https:\/\/test.puhdasplus.ee\/lt\/tooted\/kosmetika-lt\/kofeino-turintis-galvos-odos-prieziuros-skystis-200-ml\/","name":"Kofeino turintis galvos odos prie\u017ei\u016bros skystis, 200 ml - Puhdas+","isPartOf":{"@id":"https:\/\/test.puhdasplus.ee\/lt\/#website"},"primaryImageOfPage":{"@id":"https:\/\/test.puhdasplus.ee\/lt\/tooted\/kosmetika-lt\/kofeino-turintis-galvos-odos-prieziuros-skystis-200-ml\/#primaryimage"},"image":{"@id":"https:\/\/test.puhdasplus.ee\/lt\/tooted\/kosmetika-lt\/kofeino-turintis-galvos-odos-prieziuros-skystis-200-ml\/#primaryimage"},"thumbnailUrl":"https:\/\/test.puhdasplus.ee\/wp-content\/uploads\/2025\/10\/tooted-ilma-taustata-copy-4-scaled.jpg","datePublished":"2025-10-05T07:18:40+00:00","dateModified":"2026-02-22T20:45:37+00:00","description":"\u201ePure+\u201c kofeino turintis galvos odos prie\u017ei\u016bros skystis stimuliuoja kraujotak\u0105 ir stiprina plaukus. Sud\u0117tyje yra kofeino, niacinamido ir \u017ealiosios arbatos ekstrakto.","breadcrumb":{"@id":"https:\/\/test.puhdasplus.ee\/lt\/tooted\/kosmetika-lt\/kofeino-turintis-galvos-odos-prieziuros-skystis-200-ml\/#breadcrumb"},"inLanguage":"lt-LT","potentialAction":[{"@type":"ReadAction","target":["https:\/\/test.puhdasplus.ee\/lt\/tooted\/kosmetika-lt\/kofeino-turintis-galvos-odos-prieziuros-skystis-200-ml\/"]}]},{"@type":"ImageObject","inLanguage":"lt-LT","@id":"https:\/\/test.puhdasplus.ee\/lt\/tooted\/kosmetika-lt\/kofeino-turintis-galvos-odos-prieziuros-skystis-200-ml\/#primaryimage","url":"https:\/\/test.puhdasplus.ee\/wp-content\/uploads\/2025\/10\/tooted-ilma-taustata-copy-4-scaled.jpg","contentUrl":"https:\/\/test.puhdasplus.ee\/wp-content\/uploads\/2025\/10\/tooted-ilma-taustata-copy-4-scaled.jpg","width":1862,"height":2560,"caption":"Kofeino turintis galvos odos prie\u017ei\u016bros skystis, 200 ml"},{"@type":"BreadcrumbList","@id":"https:\/\/test.puhdasplus.ee\/lt\/tooted\/kosmetika-lt\/kofeino-turintis-galvos-odos-prieziuros-skystis-200-ml\/#breadcrumb","itemListElement":[{"@type":"ListItem","position":1,"name":"Prad\u017eia","item":"https:\/\/test.puhdasplus.ee\/lt\/"},{"@type":"ListItem","position":2,"name":"Produktai","item":"https:\/\/test.puhdasplus.ee\/lt\/parduotuve\/"},{"@type":"ListItem","position":3,"name":"Kofeino turintis galvos odos prie\u017ei\u016bros skystis, 200 ml"}]},{"@type":"WebSite","@id":"https:\/\/test.puhdasplus.ee\/lt\/#website","url":"https:\/\/test.puhdasplus.ee\/lt\/","name":"Puhdas+","description":"Vitamiinid, Toidulisandid, looduskosmeetika, tervis, sport","publisher":{"@id":"https:\/\/test.puhdasplus.ee\/lt\/#organization"},"potentialAction":[{"@type":"SearchAction","target":{"@type":"EntryPoint","urlTemplate":"https:\/\/test.puhdasplus.ee\/lt\/?s={search_term_string}"},"query-input":{"@type":"PropertyValueSpecification","valueRequired":true,"valueName":"search_term_string"}}],"inLanguage":"lt-LT"},{"@type":"Organization","@id":"https:\/\/test.puhdasplus.ee\/lt\/#organization","name":"Puhdas+","alternateName":"Puhdasplus","url":"https:\/\/test.puhdasplus.ee\/lt\/","logo":{"@type":"ImageObject","inLanguage":"lt-LT","@id":"https:\/\/test.puhdasplus.ee\/lt\/#\/schema\/logo\/image\/","url":"https:\/\/test.puhdasplus.ee\/\/wp-content\/uploads\/2019\/10\/puhdas_logo-arvele.png","contentUrl":"https:\/\/test.puhdasplus.ee\/\/wp-content\/uploads\/2019\/10\/puhdas_logo-arvele.png","width":114,"height":94,"caption":"Puhdas+"},"image":{"@id":"https:\/\/test.puhdasplus.ee\/lt\/#\/schema\/logo\/image\/"},"sameAs":["https:\/\/www.facebook.com\/puhdasplus","https:\/\/www.instagram.com\/puhdasplus_ee\/"]}]}},"_links":{"self":[{"href":"https:\/\/test.puhdasplus.ee\/lt\/wp-json\/wp\/v2\/product\/354504","targetHints":{"allow":["GET"]}}],"collection":[{"href":"https:\/\/test.puhdasplus.ee\/lt\/wp-json\/wp\/v2\/product"}],"about":[{"href":"https:\/\/test.puhdasplus.ee\/lt\/wp-json\/wp\/v2\/types\/product"}],"replies":[{"embeddable":true,"href":"https:\/\/test.puhdasplus.ee\/lt\/wp-json\/wp\/v2\/comments?post=354504"}],"wp:featuredmedia":[{"embeddable":true,"href":"https:\/\/test.puhdasplus.ee\/lt\/wp-json\/wp\/v2\/media\/354506"}],"wp:attachment":[{"href":"https:\/\/test.puhdasplus.ee\/lt\/wp-json\/wp\/v2\/media?parent=354504"}],"wp:term":[{"taxonomy":"product_brand","embeddable":true,"href":"https:\/\/test.puhdasplus.ee\/lt\/wp-json\/wp\/v2\/product_brand?post=354504"},{"taxonomy":"product_cat","embeddable":true,"href":"https:\/\/test.puhdasplus.ee\/lt\/wp-json\/wp\/v2\/product_cat?post=354504"},{"taxonomy":"product_tag","embeddable":true,"href":"https:\/\/test.puhdasplus.ee\/lt\/wp-json\/wp\/v2\/product_tag?post=354504"}],"curies":[{"name":"wp","href":"https:\/\/api.w.org\/{rel}","templated":true}]}}