{"id":354483,"date":"2025-10-05T10:31:09","date_gmt":"2025-10-05T07:31:09","guid":{"rendered":"https:\/\/test.puhdasplus.ee\/\/tooted\/be-kategorijos\/kofeino-sampunas-250-ml\/"},"modified":"2026-02-22T22:45:27","modified_gmt":"2026-02-22T20:45:27","slug":"kofeino-sampunas-250-ml","status":"publish","type":"product","link":"https:\/\/test.puhdasplus.ee\/lt\/tooted\/kosmetika-lt\/kofeino-sampunas-250-ml\/","title":{"rendered":"Kofeino \u0161amp\u016bnas 250 ml"},"content":{"rendered":"<p data-start=\"258\" data-end=\"552\">\u201ePure+ Caffeine\u201c \u0161amp\u016bnas kruop\u0161\u010diai sukurtas plaukams valyti ir galvos odai stimuliuoti. Lengvos, bet veiksmingos formul\u0117s \u0161amp\u016bnas turi daug r\u016bpesting\u0173 ingredient\u0173, kurie palaiko plauk\u0173 stiprum\u0105, gyvybingum\u0105 ir ger\u0105 b\u016bkl\u0119 j\u0173 neapsunkindami. <\/p>\n<p data-start=\"554\" data-end=\"588\"><strong data-start=\"554\" data-end=\"586\">Pagrindin\u0117s veikliosios med\u017eiagos ir j\u0173 poveikis<\/strong><\/p>\n<ul data-start=\"589\" data-end=\"1057\">\n<li data-start=\"589\" data-end=\"686\">\n<p data-start=\"591\" data-end=\"686\"><strong data-start=\"591\" data-end=\"602\">Kofeinas<\/strong> \u2013 padeda stimuliuoti l\u0105steli\u0173 metabolizm\u0105 galvos odoje ir stiprina \u0161aknis.<\/p>\n<\/li>\n<li data-start=\"687\" data-end=\"786\">\n<p data-start=\"689\" data-end=\"786\"><strong data-start=\"689\" data-end=\"720\">Niacinamidas (vitaminas B3)<\/strong> \u2013 padeda palaikyti galvos odos pusiausvyr\u0105 ir plauk\u0173 elastingum\u0105.<\/p>\n<\/li>\n<li data-start=\"787\" data-end=\"894\">\n<p data-start=\"789\" data-end=\"894\"><strong data-start=\"789\" data-end=\"820\">Pantenolis (provitaminas B5)<\/strong> \u2013 dr\u0117kina ir padeda i\u0161laikyti plauk\u0173 mink\u0161tum\u0105 d\u0117l dr\u0117gm\u0117s lygio.<\/p>\n<\/li>\n<li data-start=\"895\" data-end=\"983\">\n<p data-start=\"897\" data-end=\"983\"><strong data-start=\"897\" data-end=\"927\">\u017daliosios arbatos lap\u0173 ekstraktas<\/strong> \u2013 antioksidacinis poveikis, apsaugo plaukus ir galvos od\u0105.<\/p>\n<\/li>\n<li data-start=\"984\" data-end=\"1057\">\n<p data-start=\"986\" data-end=\"1057\"><strong data-start=\"986\" data-end=\"997\">Mentolis<\/strong> \u2013 suteikia v\u0117sinam\u0105j\u012f poveik\u012f ir gaivumo poj\u016bt\u012f naudojant.<\/p>\n<\/li>\n<\/ul>\n<p data-start=\"1059\" data-end=\"1075\"><strong data-start=\"1059\" data-end=\"1073\">Naudojimas<\/strong><\/p>\n<ul data-start=\"1076\" data-end=\"1319\">\n<li data-start=\"1076\" data-end=\"1169\">\n<p data-start=\"1078\" data-end=\"1169\">Su\u0161lapinkite plaukus ir \u0161velniai \u012fmasa\u017euokite \u0161amp\u016bn\u0105 \u012f galvos od\u0105, palaikykite apie 2 minutes.<\/p>\n<\/li>\n<li data-start=\"1170\" data-end=\"1197\">\n<p data-start=\"1172\" data-end=\"1197\">Kruop\u0161\u010diai nuplaukite vandeniu.<\/p>\n<\/li>\n<li data-start=\"1198\" data-end=\"1229\">\n<p data-start=\"1200\" data-end=\"1229\">Jei reikia, pakartokite naudojim\u0105.<\/p>\n<\/li>\n<li data-start=\"1230\" data-end=\"1319\">\n<p data-start=\"1232\" data-end=\"1319\">Geriausiems rezultatams pasiekti naudokite su tos pa\u010dios serijos prie\u017ei\u016bros skys\u010diu arba alyva.<\/p>\n<\/li>\n<\/ul>\n<p data-start=\"1321\" data-end=\"1515\"><strong data-start=\"1321\" data-end=\"1332\">Rezultatas<\/strong><br data-start=\"1332\" data-end=\"1335\"> \u0160velnus ir reguliarus naudojimas gali palikti plaukus \u0161varius, \u0161viesesnius ir gyvybingesnius. Kasdien naudojant galvos oda bus atgaivinta, o plaukai \u2013 stipresni ir labiau subalansuoti. <\/p>\n<p data-start=\"1517\" data-end=\"1739\"><strong data-start=\"1517\" data-end=\"1531\">Tinkamumas<\/strong><br data-start=\"1531\" data-end=\"1534\"> Tinka \u012fvairi\u0173 tip\u0173 plaukams, ypa\u010d tiems, kurie ie\u0161ko nenuplaunamo kondicionieriaus, kuris suteikt\u0173 papildom\u0105 param\u0105 galvos odai ir plauk\u0173 \u0161aknims. Taip pat tinka rudens sezonui, kai plaukams ir galvos odai gali prireikti papildomo maitinimo. <\/p>\n<p data-start=\"1517\" data-end=\"1739\"><strong data-start=\"128\" data-end=\"144\">Sudedamosios dalys:<\/strong><br data-start=\"144\" data-end=\"147\"> Vanduo (Aqua), natrio laureto sulfatas, glicerinas, pentilenglikolis, kokamidopropilo betainas, ksantano derva, decilgliukozidas, kokogliukozidas, glicerilo oleatas, niacinamidas (vitaminas B3), pantenolis (provitaminas B5), kofeinas, sacharid\u0173 izomeras, pieno r\u016bg\u0161tis, sabalpalmi\u0173 vaisi\u0173 ekstraktas (Serenoa Serrulata), \u017ealiosios arbatos lap\u0173 ekstraktas (Camellia Sinensis), pipirm\u0117\u010di\u0173 lap\u0173 aliejus (Mentha Arvensis), argininas, citrin\u0173 r\u016bg\u0161tis, kalio sorbatas, sorbo r\u016bg\u0161tis, natrio benzoatas, hidrintas augalinis glicerid\u0173 citratas, mentolis.<\/p>\n<p data-start=\"1741\" data-end=\"1758\"><strong data-start=\"1741\" data-end=\"1756\">Sand\u0117liavimas<\/strong><\/p>\n<ul data-start=\"1759\" data-end=\"1923\">\n<li data-start=\"1759\" data-end=\"1820\">\n<p data-start=\"1761\" data-end=\"1820\">Laikyti sausoje vietoje, kambario temperat\u016broje ir apsaugotoje nuo \u0161viesos.<\/p>\n<\/li>\n<li data-start=\"1821\" data-end=\"1865\">\n<p data-start=\"1823\" data-end=\"1865\">Po naudojimo sandariai u\u017edarykite dangtel\u012f.<\/p>\n<\/li>\n<li data-start=\"1866\" data-end=\"1923\">\n<p data-start=\"1868\" data-end=\"1923\">Venkite tiesiogini\u0173 saul\u0117s spinduli\u0173 ir auk\u0161tos temperat\u016bros.<\/p>\n<\/li>\n<\/ul>\n","protected":false},"excerpt":{"rendered":"<p>\u201ePure+ Caffeine\u201c \u0161amp\u016bnas \u0161velniai valo ir gaivina galvos od\u0105. Sud\u0117tyje yra kofeino, niacinamido, pantenolio ir \u017ealiosios arbatos ekstrakto, kurie stiprina plaukus, suteikia gyvybingumo ir padeda atkurti galvos odos pusiausvyr\u0105. <\/p>\n","protected":false},"featured_media":354487,"comment_status":"open","ping_status":"closed","template":"","meta":{"_acf_changed":false},"product_brand":[],"product_cat":[2582,3282,3049],"product_tag":[7417,4231,7416,7415,7423,7295,7418,7421,7277,7420,2937,3836,3290,7287,2562,6191,3837,7298,7419,7422,7265],"class_list":{"0":"post-354483","1":"product","2":"type-product","3":"status-publish","4":"has-post-thumbnail","6":"product_cat-kosmetika-lt","7":"product_cat-oda-plaukai-nagai","8":"product_cat-specialus-pasiulymai","9":"product_tag-gaivinanti-prieziura","10":"product_tag-galvos-odos-prieziura","11":"product_tag-galvos-odos-stimuliatorius","12":"product_tag-galvos-odos-stimuliavimas","13":"product_tag-kasdienis-sampunas","14":"product_tag-kofeinas","15":"product_tag-kofeino-sampunas","16":"product_tag-mentolis","17":"product_tag-naturali-kosmetika","18":"product_tag-naturalus-sampunas","19":"product_tag-niacinamidas","20":"product_tag-pantenolis","21":"product_tag-plauku-augimo-palaikymas","22":"product_tag-plauku-gyvybingumas","23":"product_tag-plauku-prieziura","24":"product_tag-plauku-slinkimas","25":"product_tag-plauku-stiprinimas","26":"product_tag-rudens-prieziura","27":"product_tag-stimuliuojantis-sampunas","28":"product_tag-veganiskas-sampunas","29":"product_tag-zaliosios-arbatos-ekstraktas","31":"first","32":"instock","33":"sale","34":"taxable","35":"shipping-taxable","36":"purchasable","37":"product-type-simple"},"acf":[],"yoast_head":"<!-- This site is optimized with the Yoast SEO plugin v27.1.1 - https:\/\/yoast.com\/product\/yoast-seo-wordpress\/ -->\n<title>Kofeino \u0161amp\u016bnas 250 ml - Puhdas+<\/title>\n<meta name=\"description\" content=\"\u201ePure+ Caffeine\u201c \u0161amp\u016bnas gaivina galvos od\u0105 ir stiprina plaukus. Sud\u0117tyje yra kofeino, niacinamido ir \u017ealiosios arbatos ekstrakto, kurie palaiko plauk\u0173 gyvybingum\u0105.\" \/>\n<meta name=\"robots\" content=\"noindex, follow, max-snippet:-1, max-image-preview:large, max-video-preview:-1\" \/>\n<meta property=\"og:locale\" content=\"lt_LT\" \/>\n<meta property=\"og:type\" content=\"article\" \/>\n<meta property=\"og:title\" content=\"Kofeino \u0161amp\u016bnas 250 ml - Puhdas+\" \/>\n<meta property=\"og:description\" content=\"\u201ePure+ Caffeine\u201c \u0161amp\u016bnas gaivina galvos od\u0105 ir stiprina plaukus. Sud\u0117tyje yra kofeino, niacinamido ir \u017ealiosios arbatos ekstrakto, kurie palaiko plauk\u0173 gyvybingum\u0105.\" \/>\n<meta property=\"og:url\" content=\"https:\/\/test.puhdasplus.ee\/lt\/tooted\/kosmetika-lt\/kofeino-sampunas-250-ml\/\" \/>\n<meta property=\"og:site_name\" content=\"Puhdas+\" \/>\n<meta property=\"article:publisher\" content=\"https:\/\/www.facebook.com\/puhdasplus\" \/>\n<meta property=\"article:modified_time\" content=\"2026-02-22T20:45:27+00:00\" \/>\n<meta property=\"og:image\" content=\"https:\/\/test.puhdasplus.ee\/wp-content\/uploads\/2025\/10\/tooted-ilma-taustata-copy-5-scaled.jpg\" \/>\n\t<meta property=\"og:image:width\" content=\"1862\" \/>\n\t<meta property=\"og:image:height\" content=\"2560\" \/>\n\t<meta property=\"og:image:type\" content=\"image\/jpeg\" \/>\n<meta name=\"twitter:card\" content=\"summary_large_image\" \/>\n<meta name=\"twitter:label1\" content=\"Est. reading time\" \/>\n\t<meta name=\"twitter:data1\" content=\"1 minut\u0117\" \/>\n<script type=\"application\/ld+json\" class=\"yoast-schema-graph\">{\"@context\":\"https:\/\/schema.org\",\"@graph\":[{\"@type\":\"WebPage\",\"@id\":\"https:\/\/test.puhdasplus.ee\/lt\/tooted\/kosmetika-lt\/kofeino-sampunas-250-ml\/\",\"url\":\"https:\/\/test.puhdasplus.ee\/lt\/tooted\/kosmetika-lt\/kofeino-sampunas-250-ml\/\",\"name\":\"Kofeino \u0161amp\u016bnas 250 ml - Puhdas+\",\"isPartOf\":{\"@id\":\"https:\/\/test.puhdasplus.ee\/lt\/#website\"},\"primaryImageOfPage\":{\"@id\":\"https:\/\/test.puhdasplus.ee\/lt\/tooted\/kosmetika-lt\/kofeino-sampunas-250-ml\/#primaryimage\"},\"image\":{\"@id\":\"https:\/\/test.puhdasplus.ee\/lt\/tooted\/kosmetika-lt\/kofeino-sampunas-250-ml\/#primaryimage\"},\"thumbnailUrl\":\"https:\/\/test.puhdasplus.ee\/wp-content\/uploads\/2025\/10\/tooted-ilma-taustata-copy-5-scaled.jpg\",\"datePublished\":\"2025-10-05T07:31:09+00:00\",\"dateModified\":\"2026-02-22T20:45:27+00:00\",\"description\":\"\u201ePure+ Caffeine\u201c \u0161amp\u016bnas gaivina galvos od\u0105 ir stiprina plaukus. Sud\u0117tyje yra kofeino, niacinamido ir \u017ealiosios arbatos ekstrakto, kurie palaiko plauk\u0173 gyvybingum\u0105.\",\"breadcrumb\":{\"@id\":\"https:\/\/test.puhdasplus.ee\/lt\/tooted\/kosmetika-lt\/kofeino-sampunas-250-ml\/#breadcrumb\"},\"inLanguage\":\"lt-LT\",\"potentialAction\":[{\"@type\":\"ReadAction\",\"target\":[\"https:\/\/test.puhdasplus.ee\/lt\/tooted\/kosmetika-lt\/kofeino-sampunas-250-ml\/\"]}]},{\"@type\":\"ImageObject\",\"inLanguage\":\"lt-LT\",\"@id\":\"https:\/\/test.puhdasplus.ee\/lt\/tooted\/kosmetika-lt\/kofeino-sampunas-250-ml\/#primaryimage\",\"url\":\"https:\/\/test.puhdasplus.ee\/wp-content\/uploads\/2025\/10\/tooted-ilma-taustata-copy-5-scaled.jpg\",\"contentUrl\":\"https:\/\/test.puhdasplus.ee\/wp-content\/uploads\/2025\/10\/tooted-ilma-taustata-copy-5-scaled.jpg\",\"width\":1862,\"height\":2560,\"caption\":\"Kofeino \u0161amp\u016bnas 250 ml\"},{\"@type\":\"BreadcrumbList\",\"@id\":\"https:\/\/test.puhdasplus.ee\/lt\/tooted\/kosmetika-lt\/kofeino-sampunas-250-ml\/#breadcrumb\",\"itemListElement\":[{\"@type\":\"ListItem\",\"position\":1,\"name\":\"Prad\u017eia\",\"item\":\"https:\/\/test.puhdasplus.ee\/lt\/\"},{\"@type\":\"ListItem\",\"position\":2,\"name\":\"Produktai\",\"item\":\"https:\/\/test.puhdasplus.ee\/lt\/parduotuve\/\"},{\"@type\":\"ListItem\",\"position\":3,\"name\":\"Kofeino \u0161amp\u016bnas 250 ml\"}]},{\"@type\":\"WebSite\",\"@id\":\"https:\/\/test.puhdasplus.ee\/lt\/#website\",\"url\":\"https:\/\/test.puhdasplus.ee\/lt\/\",\"name\":\"Puhdas+\",\"description\":\"Vitamiinid, Toidulisandid, looduskosmeetika, tervis, sport\",\"publisher\":{\"@id\":\"https:\/\/test.puhdasplus.ee\/lt\/#organization\"},\"potentialAction\":[{\"@type\":\"SearchAction\",\"target\":{\"@type\":\"EntryPoint\",\"urlTemplate\":\"https:\/\/test.puhdasplus.ee\/lt\/?s={search_term_string}\"},\"query-input\":{\"@type\":\"PropertyValueSpecification\",\"valueRequired\":true,\"valueName\":\"search_term_string\"}}],\"inLanguage\":\"lt-LT\"},{\"@type\":\"Organization\",\"@id\":\"https:\/\/test.puhdasplus.ee\/lt\/#organization\",\"name\":\"Puhdas+\",\"alternateName\":\"Puhdasplus\",\"url\":\"https:\/\/test.puhdasplus.ee\/lt\/\",\"logo\":{\"@type\":\"ImageObject\",\"inLanguage\":\"lt-LT\",\"@id\":\"https:\/\/test.puhdasplus.ee\/lt\/#\/schema\/logo\/image\/\",\"url\":\"https:\/\/test.puhdasplus.ee\/\/wp-content\/uploads\/2019\/10\/puhdas_logo-arvele.png\",\"contentUrl\":\"https:\/\/test.puhdasplus.ee\/\/wp-content\/uploads\/2019\/10\/puhdas_logo-arvele.png\",\"width\":114,\"height\":94,\"caption\":\"Puhdas+\"},\"image\":{\"@id\":\"https:\/\/test.puhdasplus.ee\/lt\/#\/schema\/logo\/image\/\"},\"sameAs\":[\"https:\/\/www.facebook.com\/puhdasplus\",\"https:\/\/www.instagram.com\/puhdasplus_ee\/\"]}]}<\/script>\n<!-- \/ Yoast SEO plugin. -->","yoast_head_json":{"title":"Kofeino \u0161amp\u016bnas 250 ml - Puhdas+","description":"\u201ePure+ Caffeine\u201c \u0161amp\u016bnas gaivina galvos od\u0105 ir stiprina plaukus. Sud\u0117tyje yra kofeino, niacinamido ir \u017ealiosios arbatos ekstrakto, kurie palaiko plauk\u0173 gyvybingum\u0105.","robots":{"index":"noindex","follow":"follow","max-snippet":"max-snippet:-1","max-image-preview":"max-image-preview:large","max-video-preview":"max-video-preview:-1"},"og_locale":"lt_LT","og_type":"article","og_title":"Kofeino \u0161amp\u016bnas 250 ml - Puhdas+","og_description":"\u201ePure+ Caffeine\u201c \u0161amp\u016bnas gaivina galvos od\u0105 ir stiprina plaukus. Sud\u0117tyje yra kofeino, niacinamido ir \u017ealiosios arbatos ekstrakto, kurie palaiko plauk\u0173 gyvybingum\u0105.","og_url":"https:\/\/test.puhdasplus.ee\/lt\/tooted\/kosmetika-lt\/kofeino-sampunas-250-ml\/","og_site_name":"Puhdas+","article_publisher":"https:\/\/www.facebook.com\/puhdasplus","article_modified_time":"2026-02-22T20:45:27+00:00","og_image":[{"width":1862,"height":2560,"url":"https:\/\/test.puhdasplus.ee\/wp-content\/uploads\/2025\/10\/tooted-ilma-taustata-copy-5-scaled.jpg","type":"image\/jpeg"}],"twitter_card":"summary_large_image","twitter_misc":{"Est. reading time":"1 minut\u0117"},"schema":{"@context":"https:\/\/schema.org","@graph":[{"@type":"WebPage","@id":"https:\/\/test.puhdasplus.ee\/lt\/tooted\/kosmetika-lt\/kofeino-sampunas-250-ml\/","url":"https:\/\/test.puhdasplus.ee\/lt\/tooted\/kosmetika-lt\/kofeino-sampunas-250-ml\/","name":"Kofeino \u0161amp\u016bnas 250 ml - Puhdas+","isPartOf":{"@id":"https:\/\/test.puhdasplus.ee\/lt\/#website"},"primaryImageOfPage":{"@id":"https:\/\/test.puhdasplus.ee\/lt\/tooted\/kosmetika-lt\/kofeino-sampunas-250-ml\/#primaryimage"},"image":{"@id":"https:\/\/test.puhdasplus.ee\/lt\/tooted\/kosmetika-lt\/kofeino-sampunas-250-ml\/#primaryimage"},"thumbnailUrl":"https:\/\/test.puhdasplus.ee\/wp-content\/uploads\/2025\/10\/tooted-ilma-taustata-copy-5-scaled.jpg","datePublished":"2025-10-05T07:31:09+00:00","dateModified":"2026-02-22T20:45:27+00:00","description":"\u201ePure+ Caffeine\u201c \u0161amp\u016bnas gaivina galvos od\u0105 ir stiprina plaukus. Sud\u0117tyje yra kofeino, niacinamido ir \u017ealiosios arbatos ekstrakto, kurie palaiko plauk\u0173 gyvybingum\u0105.","breadcrumb":{"@id":"https:\/\/test.puhdasplus.ee\/lt\/tooted\/kosmetika-lt\/kofeino-sampunas-250-ml\/#breadcrumb"},"inLanguage":"lt-LT","potentialAction":[{"@type":"ReadAction","target":["https:\/\/test.puhdasplus.ee\/lt\/tooted\/kosmetika-lt\/kofeino-sampunas-250-ml\/"]}]},{"@type":"ImageObject","inLanguage":"lt-LT","@id":"https:\/\/test.puhdasplus.ee\/lt\/tooted\/kosmetika-lt\/kofeino-sampunas-250-ml\/#primaryimage","url":"https:\/\/test.puhdasplus.ee\/wp-content\/uploads\/2025\/10\/tooted-ilma-taustata-copy-5-scaled.jpg","contentUrl":"https:\/\/test.puhdasplus.ee\/wp-content\/uploads\/2025\/10\/tooted-ilma-taustata-copy-5-scaled.jpg","width":1862,"height":2560,"caption":"Kofeino \u0161amp\u016bnas 250 ml"},{"@type":"BreadcrumbList","@id":"https:\/\/test.puhdasplus.ee\/lt\/tooted\/kosmetika-lt\/kofeino-sampunas-250-ml\/#breadcrumb","itemListElement":[{"@type":"ListItem","position":1,"name":"Prad\u017eia","item":"https:\/\/test.puhdasplus.ee\/lt\/"},{"@type":"ListItem","position":2,"name":"Produktai","item":"https:\/\/test.puhdasplus.ee\/lt\/parduotuve\/"},{"@type":"ListItem","position":3,"name":"Kofeino \u0161amp\u016bnas 250 ml"}]},{"@type":"WebSite","@id":"https:\/\/test.puhdasplus.ee\/lt\/#website","url":"https:\/\/test.puhdasplus.ee\/lt\/","name":"Puhdas+","description":"Vitamiinid, Toidulisandid, looduskosmeetika, tervis, sport","publisher":{"@id":"https:\/\/test.puhdasplus.ee\/lt\/#organization"},"potentialAction":[{"@type":"SearchAction","target":{"@type":"EntryPoint","urlTemplate":"https:\/\/test.puhdasplus.ee\/lt\/?s={search_term_string}"},"query-input":{"@type":"PropertyValueSpecification","valueRequired":true,"valueName":"search_term_string"}}],"inLanguage":"lt-LT"},{"@type":"Organization","@id":"https:\/\/test.puhdasplus.ee\/lt\/#organization","name":"Puhdas+","alternateName":"Puhdasplus","url":"https:\/\/test.puhdasplus.ee\/lt\/","logo":{"@type":"ImageObject","inLanguage":"lt-LT","@id":"https:\/\/test.puhdasplus.ee\/lt\/#\/schema\/logo\/image\/","url":"https:\/\/test.puhdasplus.ee\/\/wp-content\/uploads\/2019\/10\/puhdas_logo-arvele.png","contentUrl":"https:\/\/test.puhdasplus.ee\/\/wp-content\/uploads\/2019\/10\/puhdas_logo-arvele.png","width":114,"height":94,"caption":"Puhdas+"},"image":{"@id":"https:\/\/test.puhdasplus.ee\/lt\/#\/schema\/logo\/image\/"},"sameAs":["https:\/\/www.facebook.com\/puhdasplus","https:\/\/www.instagram.com\/puhdasplus_ee\/"]}]}},"_links":{"self":[{"href":"https:\/\/test.puhdasplus.ee\/lt\/wp-json\/wp\/v2\/product\/354483","targetHints":{"allow":["GET"]}}],"collection":[{"href":"https:\/\/test.puhdasplus.ee\/lt\/wp-json\/wp\/v2\/product"}],"about":[{"href":"https:\/\/test.puhdasplus.ee\/lt\/wp-json\/wp\/v2\/types\/product"}],"replies":[{"embeddable":true,"href":"https:\/\/test.puhdasplus.ee\/lt\/wp-json\/wp\/v2\/comments?post=354483"}],"wp:featuredmedia":[{"embeddable":true,"href":"https:\/\/test.puhdasplus.ee\/lt\/wp-json\/wp\/v2\/media\/354487"}],"wp:attachment":[{"href":"https:\/\/test.puhdasplus.ee\/lt\/wp-json\/wp\/v2\/media?parent=354483"}],"wp:term":[{"taxonomy":"product_brand","embeddable":true,"href":"https:\/\/test.puhdasplus.ee\/lt\/wp-json\/wp\/v2\/product_brand?post=354483"},{"taxonomy":"product_cat","embeddable":true,"href":"https:\/\/test.puhdasplus.ee\/lt\/wp-json\/wp\/v2\/product_cat?post=354483"},{"taxonomy":"product_tag","embeddable":true,"href":"https:\/\/test.puhdasplus.ee\/lt\/wp-json\/wp\/v2\/product_tag?post=354483"}],"curies":[{"name":"wp","href":"https:\/\/api.w.org\/{rel}","templated":true}]}}