{"id":354428,"date":"2025-10-05T10:40:23","date_gmt":"2025-10-05T07:40:23","guid":{"rendered":"https:\/\/test.puhdasplus.ee\/\/tooted\/be-kategorijos\/kofeino-plauku-kondicionierius-200-ml\/"},"modified":"2026-02-22T22:45:19","modified_gmt":"2026-02-22T20:45:19","slug":"kofeino-plauku-kondicionierius-200-ml","status":"publish","type":"product","link":"https:\/\/test.puhdasplus.ee\/lt\/tooted\/kosmetika-lt\/kofeino-plauku-kondicionierius-200-ml\/","title":{"rendered":"Kofeino plauk\u0173 kondicionierius 200 ml"},"content":{"rendered":"<p data-start=\"317\" data-end=\"556\">\u201ePure+ Caffeine\u201c plauk\u0173 kondicionierius yra dr\u0117kinanti ir gaivinanti priemon\u0117, suteikianti plaukams gyvybingumo, mink\u0161tumo ir glotnumo. Lengva formul\u0117 gerai \u012fsigeria, tod\u0117l plaukai tampa pur\u016bs ir gerai pri\u017ei\u016brimi, j\u0173 neapsunkindami. <\/p>\n<p data-start=\"558\" data-end=\"756\">Kondicionierius puikiai papildo <strong data-start=\"586\" data-end=\"616\">\u201ePure+ Caffeine\u201c \u0161amp\u016bn\u0105<\/strong> , padeda stiprinti plauk\u0173 \u0161aknis ir atkurti nat\u016bral\u0173 blizges\u012f. Reguliariai naudojant plaukai i\u0161lieka elastingi ir lengvai \u0161ukuojami. <\/p>\n<p data-start=\"763\" data-end=\"803\"><strong data-start=\"763\" data-end=\"801\">Pagrindin\u0117s veikliosios med\u017eiagos ir j\u0173 poveikis:<\/strong><\/p>\n<ul data-start=\"804\" data-end=\"1304\">\n<li data-start=\"804\" data-end=\"893\">\n<p data-start=\"806\" data-end=\"893\"><strong data-start=\"806\" data-end=\"817\">Kofeinas<\/strong> \u2013 stimuliuoja kraujotak\u0105 galvos odoje ir padeda stiprinti plaukus nuo \u0161akn\u0173.<\/p>\n<\/li>\n<li data-start=\"894\" data-end=\"987\">\n<p data-start=\"896\" data-end=\"987\"><strong data-start=\"896\" data-end=\"927\">Niacinamidas (vitaminas B3)<\/strong> \u2013 palaiko galvos odos pusiausvyr\u0105 ir gerina plauk\u0173 strukt\u016br\u0105.<\/p>\n<\/li>\n<li data-start=\"988\" data-end=\"1106\">\n<p data-start=\"990\" data-end=\"1106\"><strong data-start=\"990\" data-end=\"1021\">Pantenolis (provitaminas B5)<\/strong> \u2013 dr\u0117kina ir apsaugo plaukus nuo i\u0161saus\u0117jimo, suteikia elastingumo ir \u0161velnumo.<\/p>\n<\/li>\n<li data-start=\"1107\" data-end=\"1209\">\n<p data-start=\"1109\" data-end=\"1209\"><strong data-start=\"1109\" data-end=\"1134\">\u017daliosios arbatos ekstraktas<\/strong> \u2013 veikia kaip antioksidantas ir padeda apsaugoti plaukus nuo aplinkos poveikio.<\/p>\n<\/li>\n<li data-start=\"1210\" data-end=\"1304\">\n<p data-start=\"1212\" data-end=\"1304\"><strong data-start=\"1212\" data-end=\"1228\">Augaliniai aliejai<\/strong> (pvz., argano aliejus) \u2013 lygina ir maitina plaukus, suteikia nat\u016bralaus blizgesio.<\/p>\n<\/li>\n<\/ul>\n<p data-start=\"1311\" data-end=\"1328\"><strong data-start=\"1311\" data-end=\"1326\">Naudojimas:<\/strong><\/p>\n<ol data-start=\"1329\" data-end=\"1618\">\n<li data-start=\"1329\" data-end=\"1441\">\n<p data-start=\"1332\" data-end=\"1441\">Po trinkimo \u0161amp\u016bnu, u\u017etepkite kondicionieriaus ant dr\u0117gn\u0173 plauk\u0173, ypating\u0105 d\u0117mes\u012f skirdami plauk\u0173 viduriui ir galiukams.<\/p>\n<\/li>\n<li data-start=\"1442\" data-end=\"1504\">\n<p data-start=\"1445\" data-end=\"1504\">Palaikykite 1\u20132 minutes, kad veikliosios med\u017eiagos \u012fsigert\u0173.<\/p>\n<\/li>\n<li data-start=\"1505\" data-end=\"1539\">\n<p data-start=\"1508\" data-end=\"1539\">Kruop\u0161\u010diai nuplaukite \u0161iltu vandeniu.<\/p>\n<\/li>\n<li data-start=\"1540\" data-end=\"1618\">\n<p data-start=\"1543\" data-end=\"1618\">Geriausiems rezultatams pasiekti naudokite kartu su <strong data-start=\"1585\" data-end=\"1615\">\u201ePure+ Caffeine\u201c \u0161amp\u016bnu<\/strong> .<\/p>\n<\/li>\n<\/ol>\n<p><strong data-start=\"1625\" data-end=\"1637\">Rezultatas:<\/strong><br data-start=\"1637\" data-end=\"1640\"> Plaukai lieka \u0161veln\u016bs, \u017evilgantys ir lengvai \u0161ukuojami. Kofeino ir vitamin\u0173 derinys padeda palaikyti plauk\u0173 gyvybingum\u0105 ir stiprum\u0105, o dr\u0117kinamieji ingredientai atkuria nat\u016bral\u0173 blizges\u012f ir glotnum\u0105.<\/p>\n<p>Tinka kasdieniam naudojimui vis\u0173 tip\u0173 plaukams, ypa\u010d sausiems, pa\u017eeistiems ar gyvyb\u0117s netekusiems plaukams.<\/p>\n<p data-start=\"1998\" data-end=\"2016\"><strong data-start=\"1998\" data-end=\"2014\">Sand\u0117liavimas:<\/strong><\/p>\n<ul data-start=\"2017\" data-end=\"2177\">\n<li data-start=\"2017\" data-end=\"2069\">\n<p data-start=\"2019\" data-end=\"2069\">Laikyti sausoje, v\u0117sioje ir nuo \u0161viesos apsaugotoje vietoje.<\/p>\n<\/li>\n<li data-start=\"2070\" data-end=\"2115\">\n<p data-start=\"2072\" data-end=\"2115\">Po naudojimo sandariai u\u017edarykite buteliuk\u0105.<\/p>\n<\/li>\n<li data-start=\"2116\" data-end=\"2177\">\n<p data-start=\"2118\" data-end=\"2177\">Venkite tiesiogini\u0173 saul\u0117s spinduli\u0173 ir labai auk\u0161tos temperat\u016bros.<\/p>\n<\/li>\n<\/ul>\n<p><strong data-start=\"140\" data-end=\"156\">Sudedamosios dalys:<\/strong><br data-start=\"156\" data-end=\"159\"> Vanduo (Aqua), glicerinas, cetearilo alkoholis, distearoiletilo dimonio chloridas, taukmed\u017eio sviestas (Butyrospermum Parkii Butter)*, cetrimonio chloridas, dikaprililo karbonatas, kokos\u0173 kaprilatas\/kapratas, Argania Spinosa branduoli\u0173 aliejus (Argania Spinosa Kernel Oil), niacinamidas (vitaminas B3), cetearilo gliukozidas, dodekanas, kofeinas, pantenolis (provitaminas B5), natrio benzoatas, citrin\u0173 r\u016bg\u0161tis, sabalpalmi\u0173 vaisi\u0173 ekstraktas (Serenoa Serrulata), arb\u016bz\u0173 s\u0117kl\u0173 aliejus (Citrullus Lanatus Seed Oil), pipirm\u0117\u010di\u0173 lap\u0173 aliejus (Mentha Arvensis), kalio sorbatas, tokoferolis (vitaminas E), soj\u0173 pupeli\u0173 aliejus (Glycine Soja Oil), gliukoz\u0117, sorbo r\u016bg\u0161tis, mentolis.<\/p>\n","protected":false},"excerpt":{"rendered":"<p>Dr\u0117kinamasis ir atgaivinamasis kofeino plauk\u0173 kondicionierius, kuris palieka plaukus mink\u0161tus, stiprius ir \u017evilgan\u010dius. Sud\u0117tyje yra kofeino, niacinamido ir \u017ealiosios arbatos ekstrakto. <\/p>\n","protected":false},"featured_media":354450,"comment_status":"open","ping_status":"closed","template":"","meta":{"_acf_changed":false},"product_brand":[],"product_cat":[2582,3282,3049],"product_tag":[5252,3834,4231,3787,7295,7302,7308,7314,7277,7322,2937,3836,7310,7287,3833,2562,3837,7298,7304,7265],"class_list":{"0":"post-354428","1":"product","2":"type-product","3":"status-publish","4":"has-post-thumbnail","6":"product_cat-kosmetika-lt","7":"product_cat-oda-plaukai-nagai","8":"product_cat-specialus-pasiulymai","9":"product_tag-atkuriamoji-prieziura","10":"product_tag-drekinamasis-balzamas","11":"product_tag-galvos-odos-prieziura","12":"product_tag-kasdiene-prieziura","13":"product_tag-kofeinas","14":"product_tag-kofeino-kondicionierius","15":"product_tag-kofeino-plauku-gydymas","16":"product_tag-kondicionierius-sausiems-plaukams","17":"product_tag-naturali-kosmetika","18":"product_tag-naturalus-plauku-kondicionierius","19":"product_tag-niacinamidas","20":"product_tag-pantenolis","21":"product_tag-pazeisti-plaukai","22":"product_tag-plauku-gyvybingumas","23":"product_tag-plauku-kondicionierius","24":"product_tag-plauku-prieziura","25":"product_tag-plauku-stiprinimas","26":"product_tag-rudens-prieziura","27":"product_tag-veganiskas-kondicionierius","28":"product_tag-zaliosios-arbatos-ekstraktas","30":"first","31":"instock","32":"sale","33":"taxable","34":"shipping-taxable","35":"purchasable","36":"product-type-simple"},"acf":[],"yoast_head":"<!-- This site is optimized with the Yoast SEO plugin v27.1.1 - https:\/\/yoast.com\/product\/yoast-seo-wordpress\/ -->\n<title>Kofeino plauk\u0173 kondicionierius 200 ml - Puhdas+<\/title>\n<meta name=\"description\" content=\"\u201ePure+ Caffeine\u201c plauk\u0173 kondicionierius atkuria ir dr\u0117kina plaukus, suteikia jiems mink\u0161tumo ir gyvybingumo. Stiprina plaukus kofeinu ir \u017ealiosios arbatos ekstraktu.\" \/>\n<meta name=\"robots\" content=\"noindex, follow, max-snippet:-1, max-image-preview:large, max-video-preview:-1\" \/>\n<meta property=\"og:locale\" content=\"lt_LT\" \/>\n<meta property=\"og:type\" content=\"article\" \/>\n<meta property=\"og:title\" content=\"Kofeino plauk\u0173 kondicionierius 200 ml - Puhdas+\" \/>\n<meta property=\"og:description\" content=\"\u201ePure+ Caffeine\u201c plauk\u0173 kondicionierius atkuria ir dr\u0117kina plaukus, suteikia jiems mink\u0161tumo ir gyvybingumo. Stiprina plaukus kofeinu ir \u017ealiosios arbatos ekstraktu.\" \/>\n<meta property=\"og:url\" content=\"https:\/\/test.puhdasplus.ee\/lt\/tooted\/kosmetika-lt\/kofeino-plauku-kondicionierius-200-ml\/\" \/>\n<meta property=\"og:site_name\" content=\"Puhdas+\" \/>\n<meta property=\"article:publisher\" content=\"https:\/\/www.facebook.com\/puhdasplus\" \/>\n<meta property=\"article:modified_time\" content=\"2026-02-22T20:45:19+00:00\" \/>\n<meta property=\"og:image\" content=\"https:\/\/test.puhdasplus.ee\/wp-content\/uploads\/2025\/10\/tooted-ilma-taustata-copy-6-scaled.jpg\" \/>\n\t<meta property=\"og:image:width\" content=\"1862\" \/>\n\t<meta property=\"og:image:height\" content=\"2560\" \/>\n\t<meta property=\"og:image:type\" content=\"image\/jpeg\" \/>\n<meta name=\"twitter:card\" content=\"summary_large_image\" \/>\n<meta name=\"twitter:label1\" content=\"Est. reading time\" \/>\n\t<meta name=\"twitter:data1\" content=\"2 minut\u0117\" \/>\n<script type=\"application\/ld+json\" class=\"yoast-schema-graph\">{\"@context\":\"https:\/\/schema.org\",\"@graph\":[{\"@type\":\"WebPage\",\"@id\":\"https:\/\/test.puhdasplus.ee\/lt\/tooted\/kosmetika-lt\/kofeino-plauku-kondicionierius-200-ml\/\",\"url\":\"https:\/\/test.puhdasplus.ee\/lt\/tooted\/kosmetika-lt\/kofeino-plauku-kondicionierius-200-ml\/\",\"name\":\"Kofeino plauk\u0173 kondicionierius 200 ml - Puhdas+\",\"isPartOf\":{\"@id\":\"https:\/\/test.puhdasplus.ee\/lt\/#website\"},\"primaryImageOfPage\":{\"@id\":\"https:\/\/test.puhdasplus.ee\/lt\/tooted\/kosmetika-lt\/kofeino-plauku-kondicionierius-200-ml\/#primaryimage\"},\"image\":{\"@id\":\"https:\/\/test.puhdasplus.ee\/lt\/tooted\/kosmetika-lt\/kofeino-plauku-kondicionierius-200-ml\/#primaryimage\"},\"thumbnailUrl\":\"https:\/\/test.puhdasplus.ee\/wp-content\/uploads\/2025\/10\/tooted-ilma-taustata-copy-6-scaled.jpg\",\"datePublished\":\"2025-10-05T07:40:23+00:00\",\"dateModified\":\"2026-02-22T20:45:19+00:00\",\"description\":\"\u201ePure+ Caffeine\u201c plauk\u0173 kondicionierius atkuria ir dr\u0117kina plaukus, suteikia jiems mink\u0161tumo ir gyvybingumo. Stiprina plaukus kofeinu ir \u017ealiosios arbatos ekstraktu.\",\"breadcrumb\":{\"@id\":\"https:\/\/test.puhdasplus.ee\/lt\/tooted\/kosmetika-lt\/kofeino-plauku-kondicionierius-200-ml\/#breadcrumb\"},\"inLanguage\":\"lt-LT\",\"potentialAction\":[{\"@type\":\"ReadAction\",\"target\":[\"https:\/\/test.puhdasplus.ee\/lt\/tooted\/kosmetika-lt\/kofeino-plauku-kondicionierius-200-ml\/\"]}]},{\"@type\":\"ImageObject\",\"inLanguage\":\"lt-LT\",\"@id\":\"https:\/\/test.puhdasplus.ee\/lt\/tooted\/kosmetika-lt\/kofeino-plauku-kondicionierius-200-ml\/#primaryimage\",\"url\":\"https:\/\/test.puhdasplus.ee\/wp-content\/uploads\/2025\/10\/tooted-ilma-taustata-copy-6-scaled.jpg\",\"contentUrl\":\"https:\/\/test.puhdasplus.ee\/wp-content\/uploads\/2025\/10\/tooted-ilma-taustata-copy-6-scaled.jpg\",\"width\":1862,\"height\":2560,\"caption\":\"Kofeino plauk\u0173 kondicionierius\"},{\"@type\":\"BreadcrumbList\",\"@id\":\"https:\/\/test.puhdasplus.ee\/lt\/tooted\/kosmetika-lt\/kofeino-plauku-kondicionierius-200-ml\/#breadcrumb\",\"itemListElement\":[{\"@type\":\"ListItem\",\"position\":1,\"name\":\"Prad\u017eia\",\"item\":\"https:\/\/test.puhdasplus.ee\/lt\/\"},{\"@type\":\"ListItem\",\"position\":2,\"name\":\"Produktai\",\"item\":\"https:\/\/test.puhdasplus.ee\/lt\/parduotuve\/\"},{\"@type\":\"ListItem\",\"position\":3,\"name\":\"Kofeino plauk\u0173 kondicionierius 200 ml\"}]},{\"@type\":\"WebSite\",\"@id\":\"https:\/\/test.puhdasplus.ee\/lt\/#website\",\"url\":\"https:\/\/test.puhdasplus.ee\/lt\/\",\"name\":\"Puhdas+\",\"description\":\"Vitamiinid, Toidulisandid, looduskosmeetika, tervis, sport\",\"publisher\":{\"@id\":\"https:\/\/test.puhdasplus.ee\/lt\/#organization\"},\"potentialAction\":[{\"@type\":\"SearchAction\",\"target\":{\"@type\":\"EntryPoint\",\"urlTemplate\":\"https:\/\/test.puhdasplus.ee\/lt\/?s={search_term_string}\"},\"query-input\":{\"@type\":\"PropertyValueSpecification\",\"valueRequired\":true,\"valueName\":\"search_term_string\"}}],\"inLanguage\":\"lt-LT\"},{\"@type\":\"Organization\",\"@id\":\"https:\/\/test.puhdasplus.ee\/lt\/#organization\",\"name\":\"Puhdas+\",\"alternateName\":\"Puhdasplus\",\"url\":\"https:\/\/test.puhdasplus.ee\/lt\/\",\"logo\":{\"@type\":\"ImageObject\",\"inLanguage\":\"lt-LT\",\"@id\":\"https:\/\/test.puhdasplus.ee\/lt\/#\/schema\/logo\/image\/\",\"url\":\"https:\/\/test.puhdasplus.ee\/\/wp-content\/uploads\/2019\/10\/puhdas_logo-arvele.png\",\"contentUrl\":\"https:\/\/test.puhdasplus.ee\/\/wp-content\/uploads\/2019\/10\/puhdas_logo-arvele.png\",\"width\":114,\"height\":94,\"caption\":\"Puhdas+\"},\"image\":{\"@id\":\"https:\/\/test.puhdasplus.ee\/lt\/#\/schema\/logo\/image\/\"},\"sameAs\":[\"https:\/\/www.facebook.com\/puhdasplus\",\"https:\/\/www.instagram.com\/puhdasplus_ee\/\"]}]}<\/script>\n<!-- \/ Yoast SEO plugin. -->","yoast_head_json":{"title":"Kofeino plauk\u0173 kondicionierius 200 ml - Puhdas+","description":"\u201ePure+ Caffeine\u201c plauk\u0173 kondicionierius atkuria ir dr\u0117kina plaukus, suteikia jiems mink\u0161tumo ir gyvybingumo. Stiprina plaukus kofeinu ir \u017ealiosios arbatos ekstraktu.","robots":{"index":"noindex","follow":"follow","max-snippet":"max-snippet:-1","max-image-preview":"max-image-preview:large","max-video-preview":"max-video-preview:-1"},"og_locale":"lt_LT","og_type":"article","og_title":"Kofeino plauk\u0173 kondicionierius 200 ml - Puhdas+","og_description":"\u201ePure+ Caffeine\u201c plauk\u0173 kondicionierius atkuria ir dr\u0117kina plaukus, suteikia jiems mink\u0161tumo ir gyvybingumo. Stiprina plaukus kofeinu ir \u017ealiosios arbatos ekstraktu.","og_url":"https:\/\/test.puhdasplus.ee\/lt\/tooted\/kosmetika-lt\/kofeino-plauku-kondicionierius-200-ml\/","og_site_name":"Puhdas+","article_publisher":"https:\/\/www.facebook.com\/puhdasplus","article_modified_time":"2026-02-22T20:45:19+00:00","og_image":[{"width":1862,"height":2560,"url":"https:\/\/test.puhdasplus.ee\/wp-content\/uploads\/2025\/10\/tooted-ilma-taustata-copy-6-scaled.jpg","type":"image\/jpeg"}],"twitter_card":"summary_large_image","twitter_misc":{"Est. reading time":"2 minut\u0117"},"schema":{"@context":"https:\/\/schema.org","@graph":[{"@type":"WebPage","@id":"https:\/\/test.puhdasplus.ee\/lt\/tooted\/kosmetika-lt\/kofeino-plauku-kondicionierius-200-ml\/","url":"https:\/\/test.puhdasplus.ee\/lt\/tooted\/kosmetika-lt\/kofeino-plauku-kondicionierius-200-ml\/","name":"Kofeino plauk\u0173 kondicionierius 200 ml - Puhdas+","isPartOf":{"@id":"https:\/\/test.puhdasplus.ee\/lt\/#website"},"primaryImageOfPage":{"@id":"https:\/\/test.puhdasplus.ee\/lt\/tooted\/kosmetika-lt\/kofeino-plauku-kondicionierius-200-ml\/#primaryimage"},"image":{"@id":"https:\/\/test.puhdasplus.ee\/lt\/tooted\/kosmetika-lt\/kofeino-plauku-kondicionierius-200-ml\/#primaryimage"},"thumbnailUrl":"https:\/\/test.puhdasplus.ee\/wp-content\/uploads\/2025\/10\/tooted-ilma-taustata-copy-6-scaled.jpg","datePublished":"2025-10-05T07:40:23+00:00","dateModified":"2026-02-22T20:45:19+00:00","description":"\u201ePure+ Caffeine\u201c plauk\u0173 kondicionierius atkuria ir dr\u0117kina plaukus, suteikia jiems mink\u0161tumo ir gyvybingumo. Stiprina plaukus kofeinu ir \u017ealiosios arbatos ekstraktu.","breadcrumb":{"@id":"https:\/\/test.puhdasplus.ee\/lt\/tooted\/kosmetika-lt\/kofeino-plauku-kondicionierius-200-ml\/#breadcrumb"},"inLanguage":"lt-LT","potentialAction":[{"@type":"ReadAction","target":["https:\/\/test.puhdasplus.ee\/lt\/tooted\/kosmetika-lt\/kofeino-plauku-kondicionierius-200-ml\/"]}]},{"@type":"ImageObject","inLanguage":"lt-LT","@id":"https:\/\/test.puhdasplus.ee\/lt\/tooted\/kosmetika-lt\/kofeino-plauku-kondicionierius-200-ml\/#primaryimage","url":"https:\/\/test.puhdasplus.ee\/wp-content\/uploads\/2025\/10\/tooted-ilma-taustata-copy-6-scaled.jpg","contentUrl":"https:\/\/test.puhdasplus.ee\/wp-content\/uploads\/2025\/10\/tooted-ilma-taustata-copy-6-scaled.jpg","width":1862,"height":2560,"caption":"Kofeino plauk\u0173 kondicionierius"},{"@type":"BreadcrumbList","@id":"https:\/\/test.puhdasplus.ee\/lt\/tooted\/kosmetika-lt\/kofeino-plauku-kondicionierius-200-ml\/#breadcrumb","itemListElement":[{"@type":"ListItem","position":1,"name":"Prad\u017eia","item":"https:\/\/test.puhdasplus.ee\/lt\/"},{"@type":"ListItem","position":2,"name":"Produktai","item":"https:\/\/test.puhdasplus.ee\/lt\/parduotuve\/"},{"@type":"ListItem","position":3,"name":"Kofeino plauk\u0173 kondicionierius 200 ml"}]},{"@type":"WebSite","@id":"https:\/\/test.puhdasplus.ee\/lt\/#website","url":"https:\/\/test.puhdasplus.ee\/lt\/","name":"Puhdas+","description":"Vitamiinid, Toidulisandid, looduskosmeetika, tervis, sport","publisher":{"@id":"https:\/\/test.puhdasplus.ee\/lt\/#organization"},"potentialAction":[{"@type":"SearchAction","target":{"@type":"EntryPoint","urlTemplate":"https:\/\/test.puhdasplus.ee\/lt\/?s={search_term_string}"},"query-input":{"@type":"PropertyValueSpecification","valueRequired":true,"valueName":"search_term_string"}}],"inLanguage":"lt-LT"},{"@type":"Organization","@id":"https:\/\/test.puhdasplus.ee\/lt\/#organization","name":"Puhdas+","alternateName":"Puhdasplus","url":"https:\/\/test.puhdasplus.ee\/lt\/","logo":{"@type":"ImageObject","inLanguage":"lt-LT","@id":"https:\/\/test.puhdasplus.ee\/lt\/#\/schema\/logo\/image\/","url":"https:\/\/test.puhdasplus.ee\/\/wp-content\/uploads\/2019\/10\/puhdas_logo-arvele.png","contentUrl":"https:\/\/test.puhdasplus.ee\/\/wp-content\/uploads\/2019\/10\/puhdas_logo-arvele.png","width":114,"height":94,"caption":"Puhdas+"},"image":{"@id":"https:\/\/test.puhdasplus.ee\/lt\/#\/schema\/logo\/image\/"},"sameAs":["https:\/\/www.facebook.com\/puhdasplus","https:\/\/www.instagram.com\/puhdasplus_ee\/"]}]}},"_links":{"self":[{"href":"https:\/\/test.puhdasplus.ee\/lt\/wp-json\/wp\/v2\/product\/354428","targetHints":{"allow":["GET"]}}],"collection":[{"href":"https:\/\/test.puhdasplus.ee\/lt\/wp-json\/wp\/v2\/product"}],"about":[{"href":"https:\/\/test.puhdasplus.ee\/lt\/wp-json\/wp\/v2\/types\/product"}],"replies":[{"embeddable":true,"href":"https:\/\/test.puhdasplus.ee\/lt\/wp-json\/wp\/v2\/comments?post=354428"}],"wp:featuredmedia":[{"embeddable":true,"href":"https:\/\/test.puhdasplus.ee\/lt\/wp-json\/wp\/v2\/media\/354450"}],"wp:attachment":[{"href":"https:\/\/test.puhdasplus.ee\/lt\/wp-json\/wp\/v2\/media?parent=354428"}],"wp:term":[{"taxonomy":"product_brand","embeddable":true,"href":"https:\/\/test.puhdasplus.ee\/lt\/wp-json\/wp\/v2\/product_brand?post=354428"},{"taxonomy":"product_cat","embeddable":true,"href":"https:\/\/test.puhdasplus.ee\/lt\/wp-json\/wp\/v2\/product_cat?post=354428"},{"taxonomy":"product_tag","embeddable":true,"href":"https:\/\/test.puhdasplus.ee\/lt\/wp-json\/wp\/v2\/product_tag?post=354428"}],"curies":[{"name":"wp","href":"https:\/\/api.w.org\/{rel}","templated":true}]}}