{"id":354129,"date":"2025-09-16T14:00:59","date_gmt":"2025-09-16T11:00:59","guid":{"rendered":"https:\/\/test.puhdasplus.ee\/\/tooted\/be-kategorijos\/vitamininis-vanduo-su-kolagenu-biotinu-ir-vitaminu-c-persiku-skonio-330-ml\/"},"modified":"2026-03-10T14:21:40","modified_gmt":"2026-03-10T12:21:40","slug":"vitamininis-vanduo-su-kolagenu-biotinu-ir-vitaminu-c-persiku-skonio-330-ml","status":"publish","type":"product","link":"https:\/\/test.puhdasplus.ee\/lt\/tooted\/gerimai\/vitamininis-vanduo\/vitamininis-vanduo-su-kolagenu-biotinu-ir-vitaminu-c-persiku-skonio-330-ml\/","title":{"rendered":"Vitamininis vanduo su kolagenu, biotinu ir vitaminu C, persik\u0173 skonio, 330 ml"},"content":{"rendered":"<p class=\"p1\"><b>Gaivinantis g\u0117rimas odos, plauk\u0173 ir gerov\u0117s palaikymui<\/b><b><\/b><\/p>\n<p class=\"p3\">Kolageno vitamin\u0173 vanduo yra puikus pasirinkimas tiems, kurie nori m\u0117gautis lengvu g\u0117rimu, kuriame derinamas <span class=\"s1\"><b>dr\u0117kinamasis gaivumas<\/b><\/span> ir <span class=\"s1\"><b>gro\u017e\u012f palaikantys ingredientai.<\/b><\/span><\/p>\n<h3 data-start=\"964\" data-end=\"980\">G\u0117rimo sud\u0117tyje yra<\/h3>\n<ul data-start=\"565\" data-end=\"811\">\n<li data-start=\"565\" data-end=\"630\">\n<p data-start=\"567\" data-end=\"630\"><strong data-start=\"567\" data-end=\"581\">Hidrolizuotas<\/strong> <span class=\"s1\"><b>kolagenas<\/b><\/span> \u2013 baltymas, svarbus odos strukt\u016brinis elementas.<\/p>\n<\/li>\n<li data-start=\"631\" data-end=\"688\">\n<p data-start=\"633\" data-end=\"688\"><span class=\"s1\"><b>Biotinas<\/b><\/span> , kuris padeda palaikyti normali\u0105 odos, plauk\u0173 ir nag\u0173 b\u016bkl\u0119*.<\/p>\n<\/li>\n<li data-start=\"689\" data-end=\"811\">\n<p data-start=\"691\" data-end=\"811\"><strong data-start=\"691\" data-end=\"706\">Vitaminas C<\/strong> \u2013 kuris palaiko kolageno susidarym\u0105 ir normali\u0105 imunin\u0117s sistemos funkcij\u0105 bei padeda apsaugoti l\u0105steles nuo oksidacinio streso*.<\/p>\n<\/li>\n<\/ul>\n<p class=\"p1\">G\u0117rimas turi ma\u017eai cukraus (2,5 g \/ 100 ml) ir suteikia tik 13 kcal 100 ml \u2013 <span class=\"s1\"><b>lengvas ir s\u0105moningas pasirinkimas<\/b><\/span> kasdieniam gaivumui ar u\u017ekand\u017eiui.<\/p>\n<h3 data-start=\"964\" data-end=\"980\">Naudojimas<\/h3>\n<ul data-start=\"981\" data-end=\"1100\">\n<li data-start=\"981\" data-end=\"1033\">\n<p data-start=\"983\" data-end=\"1033\">M\u0117gaukit\u0117s at\u0161aldytu kaip gaivinan\u010diu kasdieniu g\u0117rimu.<\/p>\n<\/li>\n<li data-start=\"1034\" data-end=\"1100\">\n<p data-start=\"1036\" data-end=\"1100\">Taip pat puikiai tinka sportuojant arba kaip sveikas u\u017ekandis.<\/p>\n<\/li>\n<\/ul>\n<h3 data-start=\"1107\" data-end=\"1124\">Ingredientai<\/h3>\n<p data-start=\"1125\" data-end=\"1305\">Vanduo, hidrolizuotas kolagenas (i\u0161 galvij\u0173), cukrus, natrio askorbatas (vitamino C \u0161altinis), D-biotinas, \u017ealiosios arbatos ekstraktas, citrin\u0173 r\u016bg\u0161tis, nat\u016bral\u016bs kvapikliai, anglies dioksidas.<\/p>\n<h3 data-start=\"1312\" data-end=\"1352\">Maistin\u0117 informacija (100 ml)<\/h3>\n<ul data-start=\"1353\" data-end=\"1509\">\n<li data-start=\"1353\" data-end=\"1381\">\n<p data-start=\"1355\" data-end=\"1381\">Energin\u0117 vert\u0117: 55 kJ \/ 13 kcal<\/p>\n<\/li>\n<li data-start=\"1382\" data-end=\"1404\">\n<p data-start=\"1384\" data-end=\"1404\">Angliavandeniai: 2,5 g<\/p>\n<\/li>\n<li data-start=\"1405\" data-end=\"1430\">\n<p data-start=\"1407\" data-end=\"1430\">i\u0161 kuri\u0173 cukr\u0173: 2,5 g<\/p>\n<\/li>\n<li data-start=\"1431\" data-end=\"1467\">\n<p data-start=\"1433\" data-end=\"1467\">Baltymai (i\u0161 kolageno): ~0,68 g<\/p>\n<\/li>\n<li data-start=\"1468\" data-end=\"1487\">\n<p data-start=\"1470\" data-end=\"1487\">Biotinas: 121 \u00b5g<\/p>\n<\/li>\n<li data-start=\"1488\" data-end=\"1509\">\n<p data-start=\"1490\" data-end=\"1509\">Vitaminas C: 27 mg<\/p>\n<\/li>\n<\/ul>\n<h3 data-start=\"1312\" data-end=\"1352\">Maistin\u0117 informacija (330 ml)<\/h3>\n<ul>\n<li>Energin\u0117 vert\u0117: 182 kJ \/ 43 kcal<\/li>\n<li>Angliavandeniai: 8,25 g<\/li>\n<li>\u2013 i\u0161 kuri\u0173 cukr\u0173: 8,25 g<\/li>\n<li>Baltymai (i\u0161 kolageno): ~2,24 g<\/li>\n<li>Biotinas: 399 \u00b5g (798 % RMV*)<\/li>\n<li>Vitaminas C: 89,1 mg (111 % RMV*)<\/li>\n<\/ul>\n<p class=\"p1\">*RMV \u2013 referencin\u0117 paros norma suaugusiesiems<\/p>\n","protected":false},"excerpt":{"rendered":"<p>Gardus ir gaivinantis persik\u0173 skonio vitamin\u0173 vanduo, kuris palaiko odos, plauk\u0173 ir nag\u0173 gro\u017e\u012f i\u0161 vidaus. Sud\u0117tyje yra kolageno, biotino ir vitamino C. <\/p>\n","protected":false},"featured_media":353928,"comment_status":"open","ping_status":"closed","template":"","meta":{"_acf_changed":false},"product_brand":[],"product_cat":[5426,4066,3049,6396,7648],"product_tag":[6509,3284,7175,3463,7177,7176,7174,3285,7173,5636,7121,3125,7123,5734],"class_list":{"0":"post-354129","1":"product","2":"type-product","3":"status-publish","4":"has-post-thumbnail","6":"product_cat-gerimai","7":"product_cat-kolagenas","8":"product_cat-specialus-pasiulymai","9":"product_cat-vitaminas-c","10":"product_cat-vitamininis-vanduo","11":"product_tag-antioksidantai","12":"product_tag-biotinas","13":"product_tag-grozis-is-vidaus","14":"product_tag-kolagenas","15":"product_tag-kolageno-vanduo","16":"product_tag-mazai-cukraus-turintis-gerimas","17":"product_tag-nagu-sveikata","18":"product_tag-odos-sveikata","19":"product_tag-persiku-skonio-gerimas","20":"product_tag-plauku-sveikata","21":"product_tag-sveikas-troskulio-malsintuvas","22":"product_tag-vitaminas-c-lt","23":"product_tag-vitaminu-gerimas","24":"product_tag-vitaminu-vanduo","26":"first","27":"instock","28":"sale","29":"taxable","30":"shipping-taxable","31":"purchasable","32":"product-type-variable","33":"has-default-attributes"},"acf":[],"yoast_head":"<!-- This site is optimized with the Yoast SEO plugin v27.1.1 - https:\/\/yoast.com\/product\/yoast-seo-wordpress\/ -->\n<title>Vitamininis vanduo su kolagenu, biotinu ir vitaminu C, persik\u0173 skonio, 330 ml - Puhdas+<\/title>\n<meta name=\"description\" content=\"Persik\u0173 skonio vitamin\u0173 vanduo su kolagenu, biotinu ir vitaminu C \u2013 palaiko sveik\u0105 od\u0105, plaukus ir nagus. Ma\u017eas cukraus kiekis.\" \/>\n<meta name=\"robots\" content=\"noindex, follow, max-snippet:-1, max-image-preview:large, max-video-preview:-1\" \/>\n<meta property=\"og:locale\" content=\"lt_LT\" \/>\n<meta property=\"og:type\" content=\"article\" \/>\n<meta property=\"og:title\" content=\"Vitamininis vanduo su kolagenu, biotinu ir vitaminu C, persik\u0173 skonio, 330 ml - Puhdas+\" \/>\n<meta property=\"og:description\" content=\"Persik\u0173 skonio vitamin\u0173 vanduo su kolagenu, biotinu ir vitaminu C \u2013 palaiko sveik\u0105 od\u0105, plaukus ir nagus. Ma\u017eas cukraus kiekis.\" \/>\n<meta property=\"og:url\" content=\"https:\/\/test.puhdasplus.ee\/lt\/tooted\/gerimai\/vitamininis-vanduo\/vitamininis-vanduo-su-kolagenu-biotinu-ir-vitaminu-c-persiku-skonio-330-ml\/\" \/>\n<meta property=\"og:site_name\" content=\"Puhdas+\" \/>\n<meta property=\"article:publisher\" content=\"https:\/\/www.facebook.com\/puhdasplus\" \/>\n<meta property=\"article:modified_time\" content=\"2026-03-10T12:21:40+00:00\" \/>\n<meta property=\"og:image\" content=\"https:\/\/test.puhdasplus.ee\/wp-content\/uploads\/2025\/09\/tooted-ilma-taustata-copy-2-1-scaled.jpg\" \/>\n\t<meta property=\"og:image:width\" content=\"1862\" \/>\n\t<meta property=\"og:image:height\" content=\"2560\" \/>\n\t<meta property=\"og:image:type\" content=\"image\/jpeg\" \/>\n<meta name=\"twitter:card\" content=\"summary_large_image\" \/>\n<meta name=\"twitter:label1\" content=\"Est. reading time\" \/>\n\t<meta name=\"twitter:data1\" content=\"1 minut\u0117\" \/>\n<script type=\"application\/ld+json\" class=\"yoast-schema-graph\">{\"@context\":\"https:\/\/schema.org\",\"@graph\":[{\"@type\":\"WebPage\",\"@id\":\"https:\/\/test.puhdasplus.ee\/lt\/tooted\/gerimai\/vitamininis-vanduo\/vitamininis-vanduo-su-kolagenu-biotinu-ir-vitaminu-c-persiku-skonio-330-ml\/\",\"url\":\"https:\/\/test.puhdasplus.ee\/lt\/tooted\/gerimai\/vitamininis-vanduo\/vitamininis-vanduo-su-kolagenu-biotinu-ir-vitaminu-c-persiku-skonio-330-ml\/\",\"name\":\"Vitamininis vanduo su kolagenu, biotinu ir vitaminu C, persik\u0173 skonio, 330 ml - Puhdas+\",\"isPartOf\":{\"@id\":\"https:\/\/test.puhdasplus.ee\/lt\/#website\"},\"primaryImageOfPage\":{\"@id\":\"https:\/\/test.puhdasplus.ee\/lt\/tooted\/gerimai\/vitamininis-vanduo\/vitamininis-vanduo-su-kolagenu-biotinu-ir-vitaminu-c-persiku-skonio-330-ml\/#primaryimage\"},\"image\":{\"@id\":\"https:\/\/test.puhdasplus.ee\/lt\/tooted\/gerimai\/vitamininis-vanduo\/vitamininis-vanduo-su-kolagenu-biotinu-ir-vitaminu-c-persiku-skonio-330-ml\/#primaryimage\"},\"thumbnailUrl\":\"https:\/\/test.puhdasplus.ee\/wp-content\/uploads\/2025\/09\/tooted-ilma-taustata-copy-2-1-scaled.jpg\",\"datePublished\":\"2025-09-16T11:00:59+00:00\",\"dateModified\":\"2026-03-10T12:21:40+00:00\",\"description\":\"Persik\u0173 skonio vitamin\u0173 vanduo su kolagenu, biotinu ir vitaminu C \u2013 palaiko sveik\u0105 od\u0105, plaukus ir nagus. Ma\u017eas cukraus kiekis.\",\"breadcrumb\":{\"@id\":\"https:\/\/test.puhdasplus.ee\/lt\/tooted\/gerimai\/vitamininis-vanduo\/vitamininis-vanduo-su-kolagenu-biotinu-ir-vitaminu-c-persiku-skonio-330-ml\/#breadcrumb\"},\"inLanguage\":\"lt-LT\",\"potentialAction\":[{\"@type\":\"ReadAction\",\"target\":[\"https:\/\/test.puhdasplus.ee\/lt\/tooted\/gerimai\/vitamininis-vanduo\/vitamininis-vanduo-su-kolagenu-biotinu-ir-vitaminu-c-persiku-skonio-330-ml\/\"]}]},{\"@type\":\"ImageObject\",\"inLanguage\":\"lt-LT\",\"@id\":\"https:\/\/test.puhdasplus.ee\/lt\/tooted\/gerimai\/vitamininis-vanduo\/vitamininis-vanduo-su-kolagenu-biotinu-ir-vitaminu-c-persiku-skonio-330-ml\/#primaryimage\",\"url\":\"https:\/\/test.puhdasplus.ee\/wp-content\/uploads\/2025\/09\/tooted-ilma-taustata-copy-2-1-scaled.jpg\",\"contentUrl\":\"https:\/\/test.puhdasplus.ee\/wp-content\/uploads\/2025\/09\/tooted-ilma-taustata-copy-2-1-scaled.jpg\",\"width\":1862,\"height\":2560,\"caption\":\"Persik\u0173 skonio vitamin\u0173 vanduo su kolagenu, biotinu ir vitaminu C\"},{\"@type\":\"BreadcrumbList\",\"@id\":\"https:\/\/test.puhdasplus.ee\/lt\/tooted\/gerimai\/vitamininis-vanduo\/vitamininis-vanduo-su-kolagenu-biotinu-ir-vitaminu-c-persiku-skonio-330-ml\/#breadcrumb\",\"itemListElement\":[{\"@type\":\"ListItem\",\"position\":1,\"name\":\"Prad\u017eia\",\"item\":\"https:\/\/test.puhdasplus.ee\/lt\/\"},{\"@type\":\"ListItem\",\"position\":2,\"name\":\"Produktai\",\"item\":\"https:\/\/test.puhdasplus.ee\/lt\/parduotuve\/\"},{\"@type\":\"ListItem\",\"position\":3,\"name\":\"Vitamininis vanduo su kolagenu, biotinu ir vitaminu C, persik\u0173 skonio, 330 ml\"}]},{\"@type\":\"WebSite\",\"@id\":\"https:\/\/test.puhdasplus.ee\/lt\/#website\",\"url\":\"https:\/\/test.puhdasplus.ee\/lt\/\",\"name\":\"Puhdas+\",\"description\":\"Vitamiinid, Toidulisandid, looduskosmeetika, tervis, sport\",\"publisher\":{\"@id\":\"https:\/\/test.puhdasplus.ee\/lt\/#organization\"},\"potentialAction\":[{\"@type\":\"SearchAction\",\"target\":{\"@type\":\"EntryPoint\",\"urlTemplate\":\"https:\/\/test.puhdasplus.ee\/lt\/?s={search_term_string}\"},\"query-input\":{\"@type\":\"PropertyValueSpecification\",\"valueRequired\":true,\"valueName\":\"search_term_string\"}}],\"inLanguage\":\"lt-LT\"},{\"@type\":\"Organization\",\"@id\":\"https:\/\/test.puhdasplus.ee\/lt\/#organization\",\"name\":\"Puhdas+\",\"alternateName\":\"Puhdasplus\",\"url\":\"https:\/\/test.puhdasplus.ee\/lt\/\",\"logo\":{\"@type\":\"ImageObject\",\"inLanguage\":\"lt-LT\",\"@id\":\"https:\/\/test.puhdasplus.ee\/lt\/#\/schema\/logo\/image\/\",\"url\":\"https:\/\/test.puhdasplus.ee\/\/wp-content\/uploads\/2019\/10\/puhdas_logo-arvele.png\",\"contentUrl\":\"https:\/\/test.puhdasplus.ee\/\/wp-content\/uploads\/2019\/10\/puhdas_logo-arvele.png\",\"width\":114,\"height\":94,\"caption\":\"Puhdas+\"},\"image\":{\"@id\":\"https:\/\/test.puhdasplus.ee\/lt\/#\/schema\/logo\/image\/\"},\"sameAs\":[\"https:\/\/www.facebook.com\/puhdasplus\",\"https:\/\/www.instagram.com\/puhdasplus_ee\/\"]}]}<\/script>\n<!-- \/ Yoast SEO plugin. -->","yoast_head_json":{"title":"Vitamininis vanduo su kolagenu, biotinu ir vitaminu C, persik\u0173 skonio, 330 ml - Puhdas+","description":"Persik\u0173 skonio vitamin\u0173 vanduo su kolagenu, biotinu ir vitaminu C \u2013 palaiko sveik\u0105 od\u0105, plaukus ir nagus. Ma\u017eas cukraus kiekis.","robots":{"index":"noindex","follow":"follow","max-snippet":"max-snippet:-1","max-image-preview":"max-image-preview:large","max-video-preview":"max-video-preview:-1"},"og_locale":"lt_LT","og_type":"article","og_title":"Vitamininis vanduo su kolagenu, biotinu ir vitaminu C, persik\u0173 skonio, 330 ml - Puhdas+","og_description":"Persik\u0173 skonio vitamin\u0173 vanduo su kolagenu, biotinu ir vitaminu C \u2013 palaiko sveik\u0105 od\u0105, plaukus ir nagus. Ma\u017eas cukraus kiekis.","og_url":"https:\/\/test.puhdasplus.ee\/lt\/tooted\/gerimai\/vitamininis-vanduo\/vitamininis-vanduo-su-kolagenu-biotinu-ir-vitaminu-c-persiku-skonio-330-ml\/","og_site_name":"Puhdas+","article_publisher":"https:\/\/www.facebook.com\/puhdasplus","article_modified_time":"2026-03-10T12:21:40+00:00","og_image":[{"width":1862,"height":2560,"url":"https:\/\/test.puhdasplus.ee\/wp-content\/uploads\/2025\/09\/tooted-ilma-taustata-copy-2-1-scaled.jpg","type":"image\/jpeg"}],"twitter_card":"summary_large_image","twitter_misc":{"Est. reading time":"1 minut\u0117"},"schema":{"@context":"https:\/\/schema.org","@graph":[{"@type":"WebPage","@id":"https:\/\/test.puhdasplus.ee\/lt\/tooted\/gerimai\/vitamininis-vanduo\/vitamininis-vanduo-su-kolagenu-biotinu-ir-vitaminu-c-persiku-skonio-330-ml\/","url":"https:\/\/test.puhdasplus.ee\/lt\/tooted\/gerimai\/vitamininis-vanduo\/vitamininis-vanduo-su-kolagenu-biotinu-ir-vitaminu-c-persiku-skonio-330-ml\/","name":"Vitamininis vanduo su kolagenu, biotinu ir vitaminu C, persik\u0173 skonio, 330 ml - Puhdas+","isPartOf":{"@id":"https:\/\/test.puhdasplus.ee\/lt\/#website"},"primaryImageOfPage":{"@id":"https:\/\/test.puhdasplus.ee\/lt\/tooted\/gerimai\/vitamininis-vanduo\/vitamininis-vanduo-su-kolagenu-biotinu-ir-vitaminu-c-persiku-skonio-330-ml\/#primaryimage"},"image":{"@id":"https:\/\/test.puhdasplus.ee\/lt\/tooted\/gerimai\/vitamininis-vanduo\/vitamininis-vanduo-su-kolagenu-biotinu-ir-vitaminu-c-persiku-skonio-330-ml\/#primaryimage"},"thumbnailUrl":"https:\/\/test.puhdasplus.ee\/wp-content\/uploads\/2025\/09\/tooted-ilma-taustata-copy-2-1-scaled.jpg","datePublished":"2025-09-16T11:00:59+00:00","dateModified":"2026-03-10T12:21:40+00:00","description":"Persik\u0173 skonio vitamin\u0173 vanduo su kolagenu, biotinu ir vitaminu C \u2013 palaiko sveik\u0105 od\u0105, plaukus ir nagus. Ma\u017eas cukraus kiekis.","breadcrumb":{"@id":"https:\/\/test.puhdasplus.ee\/lt\/tooted\/gerimai\/vitamininis-vanduo\/vitamininis-vanduo-su-kolagenu-biotinu-ir-vitaminu-c-persiku-skonio-330-ml\/#breadcrumb"},"inLanguage":"lt-LT","potentialAction":[{"@type":"ReadAction","target":["https:\/\/test.puhdasplus.ee\/lt\/tooted\/gerimai\/vitamininis-vanduo\/vitamininis-vanduo-su-kolagenu-biotinu-ir-vitaminu-c-persiku-skonio-330-ml\/"]}]},{"@type":"ImageObject","inLanguage":"lt-LT","@id":"https:\/\/test.puhdasplus.ee\/lt\/tooted\/gerimai\/vitamininis-vanduo\/vitamininis-vanduo-su-kolagenu-biotinu-ir-vitaminu-c-persiku-skonio-330-ml\/#primaryimage","url":"https:\/\/test.puhdasplus.ee\/wp-content\/uploads\/2025\/09\/tooted-ilma-taustata-copy-2-1-scaled.jpg","contentUrl":"https:\/\/test.puhdasplus.ee\/wp-content\/uploads\/2025\/09\/tooted-ilma-taustata-copy-2-1-scaled.jpg","width":1862,"height":2560,"caption":"Persik\u0173 skonio vitamin\u0173 vanduo su kolagenu, biotinu ir vitaminu C"},{"@type":"BreadcrumbList","@id":"https:\/\/test.puhdasplus.ee\/lt\/tooted\/gerimai\/vitamininis-vanduo\/vitamininis-vanduo-su-kolagenu-biotinu-ir-vitaminu-c-persiku-skonio-330-ml\/#breadcrumb","itemListElement":[{"@type":"ListItem","position":1,"name":"Prad\u017eia","item":"https:\/\/test.puhdasplus.ee\/lt\/"},{"@type":"ListItem","position":2,"name":"Produktai","item":"https:\/\/test.puhdasplus.ee\/lt\/parduotuve\/"},{"@type":"ListItem","position":3,"name":"Vitamininis vanduo su kolagenu, biotinu ir vitaminu C, persik\u0173 skonio, 330 ml"}]},{"@type":"WebSite","@id":"https:\/\/test.puhdasplus.ee\/lt\/#website","url":"https:\/\/test.puhdasplus.ee\/lt\/","name":"Puhdas+","description":"Vitamiinid, Toidulisandid, looduskosmeetika, tervis, sport","publisher":{"@id":"https:\/\/test.puhdasplus.ee\/lt\/#organization"},"potentialAction":[{"@type":"SearchAction","target":{"@type":"EntryPoint","urlTemplate":"https:\/\/test.puhdasplus.ee\/lt\/?s={search_term_string}"},"query-input":{"@type":"PropertyValueSpecification","valueRequired":true,"valueName":"search_term_string"}}],"inLanguage":"lt-LT"},{"@type":"Organization","@id":"https:\/\/test.puhdasplus.ee\/lt\/#organization","name":"Puhdas+","alternateName":"Puhdasplus","url":"https:\/\/test.puhdasplus.ee\/lt\/","logo":{"@type":"ImageObject","inLanguage":"lt-LT","@id":"https:\/\/test.puhdasplus.ee\/lt\/#\/schema\/logo\/image\/","url":"https:\/\/test.puhdasplus.ee\/\/wp-content\/uploads\/2019\/10\/puhdas_logo-arvele.png","contentUrl":"https:\/\/test.puhdasplus.ee\/\/wp-content\/uploads\/2019\/10\/puhdas_logo-arvele.png","width":114,"height":94,"caption":"Puhdas+"},"image":{"@id":"https:\/\/test.puhdasplus.ee\/lt\/#\/schema\/logo\/image\/"},"sameAs":["https:\/\/www.facebook.com\/puhdasplus","https:\/\/www.instagram.com\/puhdasplus_ee\/"]}]}},"_links":{"self":[{"href":"https:\/\/test.puhdasplus.ee\/lt\/wp-json\/wp\/v2\/product\/354129","targetHints":{"allow":["GET"]}}],"collection":[{"href":"https:\/\/test.puhdasplus.ee\/lt\/wp-json\/wp\/v2\/product"}],"about":[{"href":"https:\/\/test.puhdasplus.ee\/lt\/wp-json\/wp\/v2\/types\/product"}],"replies":[{"embeddable":true,"href":"https:\/\/test.puhdasplus.ee\/lt\/wp-json\/wp\/v2\/comments?post=354129"}],"wp:featuredmedia":[{"embeddable":true,"href":"https:\/\/test.puhdasplus.ee\/lt\/wp-json\/wp\/v2\/media\/353928"}],"wp:attachment":[{"href":"https:\/\/test.puhdasplus.ee\/lt\/wp-json\/wp\/v2\/media?parent=354129"}],"wp:term":[{"taxonomy":"product_brand","embeddable":true,"href":"https:\/\/test.puhdasplus.ee\/lt\/wp-json\/wp\/v2\/product_brand?post=354129"},{"taxonomy":"product_cat","embeddable":true,"href":"https:\/\/test.puhdasplus.ee\/lt\/wp-json\/wp\/v2\/product_cat?post=354129"},{"taxonomy":"product_tag","embeddable":true,"href":"https:\/\/test.puhdasplus.ee\/lt\/wp-json\/wp\/v2\/product_tag?post=354129"}],"curies":[{"name":"wp","href":"https:\/\/api.w.org\/{rel}","templated":true}]}}