{"id":354121,"date":"2025-09-16T13:44:54","date_gmt":"2025-09-16T10:44:54","guid":{"rendered":"https:\/\/test.puhdasplus.ee\/\/tooted\/be-kategorijos\/good-vision-su-liuteinu-zeaksantinu-ir-omega-3-75-kapsules\/"},"modified":"2026-02-22T22:45:37","modified_gmt":"2026-02-22T20:45:37","slug":"good-vision-su-liuteinu-zeaksantinu-ir-omega-3-75-kapsules","status":"publish","type":"product","link":"https:\/\/test.puhdasplus.ee\/lt\/tooted\/akims\/good-vision-su-liuteinu-zeaksantinu-ir-omega-3-75-kapsules\/","title":{"rendered":"\u201eGood Vision\u201c su liuteinu, zeaksantinu ir omega-3, 75 kapsul\u0117s"},"content":{"rendered":"<p><strong data-start=\"183\" data-end=\"201\">\u201eGood Vision\u201c<\/strong> yra maisto papildas, specialiai sukurtas aki\u0173 sveikatai palaikyti, kurio sud\u0117tyje yra liuteino, zeaksantino, omega-3 riebal\u0173 r\u016bg\u0161\u010di\u0173 (DHA ir EPA), cinko, vitamin\u0173 A ir B2. \u0160ios maistin\u0117s med\u017eiagos padeda apsaugoti akis nuo oksidacinio streso ir palaiko normal\u0173 reg\u0117jim\u0105. <\/p>\n<h3 data-start=\"539\" data-end=\"572\">Veikliosios med\u017eiagos ir j\u0173 nauda<\/h3>\n<ul data-start=\"573\" data-end=\"1092\">\n<li data-start=\"573\" data-end=\"733\">\n<p data-start=\"575\" data-end=\"733\"><strong data-start=\"575\" data-end=\"620\">Liuteinas ir zeaksantinas (XanMax\u00ae ekstraktas)<\/strong> \u2013 nat\u016bral\u016bs karotenoidai, kurie kaupiasi tinklain\u0117s geltonojoje d\u0117m\u0117je ir palaiko a\u0161tr\u0173 reg\u0117jim\u0105.<\/p>\n<\/li>\n<li data-start=\"734\" data-end=\"835\">\n<p data-start=\"736\" data-end=\"835\"><strong data-start=\"736\" data-end=\"761\">DHA ir EPA (omega-3)<\/strong> \u2013 prisideda prie normalios aki\u0173 ir nerv\u0173 sistemos funkcijos.<\/p>\n<\/li>\n<li data-start=\"836\" data-end=\"907\">\n<p data-start=\"838\" data-end=\"907\"><strong data-start=\"838\" data-end=\"847\">Cinkas<\/strong> \u2013 padeda palaikyti normal\u0173 reg\u0117jim\u0105 ir vitamino A apykait\u0105.<\/p>\n<\/li>\n<li data-start=\"908\" data-end=\"977\">\n<p data-start=\"910\" data-end=\"977\"><strong data-start=\"910\" data-end=\"924\">Vitaminas A<\/strong> \u2013 b\u016btinas normaliam aki\u0173 funkcionavimui.<\/p>\n<\/li>\n<li data-start=\"978\" data-end=\"1092\">\n<p data-start=\"980\" data-end=\"1092\"><strong data-start=\"980\" data-end=\"1009\">Vitaminas B2 (riboflavinas)<\/strong> \u2013 padeda palaikyti gleivini\u0173 sveikat\u0105 ir apsaugo l\u0105steles nuo oksidacinio streso.<\/p>\n<\/li>\n<\/ul>\n<p data-start=\"499\" data-end=\"516\"><strong data-start=\"499\" data-end=\"514\">Ingredientai<\/strong><\/p>\n<ul data-start=\"517\" data-end=\"869\">\n<li data-start=\"517\" data-end=\"557\">\n<p data-start=\"519\" data-end=\"557\">\u017euv\u0173 tauk\u0173 koncentratas (trigliceridas)<\/p>\n<\/li>\n<li data-start=\"558\" data-end=\"581\">\n<p data-start=\"560\" data-end=\"581\">\u017euv\u0173 sm\u0117lis (\u017eelatina)<\/p>\n<\/li>\n<li data-start=\"582\" data-end=\"607\">\n<p data-start=\"584\" data-end=\"607\">dr\u0117gm\u0119 i\u0161laikanti med\u017eiaga: glicerolis<\/p>\n<\/li>\n<li data-start=\"608\" data-end=\"634\">\n<p data-start=\"610\" data-end=\"634\">danga: bi\u010di\u0173 va\u0161kas<\/p>\n<\/li>\n<li data-start=\"635\" data-end=\"715\">\n<p data-start=\"637\" data-end=\"715\">\u201eXanMax 2004\u201c (medetk\u0173 \u017eied\u0173 ekstraktas \u2013 <em data-start=\"678\" data-end=\"697\">Tagetes erecta L.<\/em> , saul\u0117gr\u0105\u017e\u0173 aliejus)<\/p>\n<\/li>\n<li data-start=\"716\" data-end=\"735\">\n<p data-start=\"718\" data-end=\"735\">cinko pikolinatas<\/p>\n<\/li>\n<li data-start=\"736\" data-end=\"771\">\n<p data-start=\"738\" data-end=\"771\">emulsiklis: saul\u0117gr\u0105\u017e\u0173 lecitinas<\/p>\n<\/li>\n<li data-start=\"772\" data-end=\"799\">\n<p data-start=\"774\" data-end=\"799\">da\u017eiklis: beta karotenas<\/p>\n<\/li>\n<li data-start=\"800\" data-end=\"839\">\n<p data-start=\"802\" data-end=\"839\">retinilo palmitatas (vitamino A forma)<\/p>\n<\/li>\n<li data-start=\"840\" data-end=\"869\">\n<p data-start=\"842\" data-end=\"869\">riboflavinas (vitaminas B2)<\/p>\n<\/li>\n<\/ul>\n<p data-start=\"871\" data-end=\"891\"><strong data-start=\"871\" data-end=\"889\">Produkto savyb\u0117s<\/strong><\/p>\n<ul data-start=\"892\" data-end=\"1019\">\n<li data-start=\"892\" data-end=\"959\">\n<p data-start=\"894\" data-end=\"959\">Be laktoz\u0117s, cukraus, druskos, sojos, glitimo ar mieli\u0173<\/p>\n<\/li>\n<li data-start=\"960\" data-end=\"982\">\n<p data-start=\"962\" data-end=\"982\">Be saldikli\u0173<\/p>\n<\/li>\n<li data-start=\"983\" data-end=\"1019\">\n<p data-start=\"985\" data-end=\"1019\">Produktas skirtas suaugusiesiems.<\/p>\n<\/li>\n<\/ul>\n<p data-start=\"1021\" data-end=\"1062\"><strong data-start=\"1021\" data-end=\"1060\">Maistin\u0117 informacija vienoje kapsul\u0117je<\/strong><\/p>\n<div class=\"_tableContainer_1rjym_1\">\n<div class=\"group _tableWrapper_1rjym_13 flex w-fit flex-col-reverse\" tabindex=\"-1\">\n<table class=\"w-fit min-w-(--thread-content-width)\" data-start=\"1063\" data-end=\"1360\">\n<thead data-start=\"1063\" data-end=\"1084\">\n<tr data-start=\"1063\" data-end=\"1084\">\n<th data-start=\"1063\" data-end=\"1075\" data-col-size=\"sm\">Komponentas<\/th>\n<th data-start=\"1075\" data-end=\"1084\" data-col-size=\"md\">Kiekis<\/th>\n<\/tr>\n<\/thead>\n<tbody data-start=\"1118\" data-end=\"1360\">\n<tr data-start=\"1118\" data-end=\"1140\">\n<td data-start=\"1118\" data-end=\"1132\" data-col-size=\"sm\">Zeaksantinas<\/td>\n<td data-start=\"1132\" data-end=\"1140\" data-col-size=\"md\">2 mg<\/td>\n<\/tr>\n<tr data-start=\"1141\" data-end=\"1160\">\n<td data-start=\"1141\" data-end=\"1151\" data-col-size=\"sm\">Liuteinas<\/td>\n<td data-col-size=\"md\" data-start=\"1151\" data-end=\"1160\">10 mg<\/td>\n<\/tr>\n<tr data-start=\"1161\" data-end=\"1220\">\n<td data-start=\"1161\" data-end=\"1169\" data-col-size=\"sm\">Cinkas<\/td>\n<td data-start=\"1169\" data-end=\"1220\" data-col-size=\"md\">10 mg (100 % rekomenduojamos paros normos)<\/td>\n<\/tr>\n<tr data-start=\"1221\" data-end=\"1252\">\n<td data-start=\"1221\" data-end=\"1234\" data-col-size=\"sm\">Vitaminas A<\/td>\n<td data-col-size=\"md\" data-start=\"1234\" data-end=\"1252\">800 \u00b5g (100 %)<\/td>\n<\/tr>\n<tr data-start=\"1253\" data-end=\"1285\">\n<td data-start=\"1253\" data-end=\"1267\" data-col-size=\"sm\">Vitaminas B2<\/td>\n<td data-start=\"1267\" data-end=\"1285\" data-col-size=\"md\">1,4 mg (100 %)<\/td>\n<\/tr>\n<tr data-start=\"1286\" data-end=\"1360\">\n<td data-start=\"1286\" data-end=\"1307\" data-col-size=\"sm\">Omega-3 riebal\u0173 r\u016bg\u0161tys<\/td>\n<td data-start=\"1307\" data-end=\"1360\" data-col-size=\"md\">i\u0161 viso 670 mg, \u012fskaitant 500 mg DHR ir 100 mg EPA<\/td>\n<\/tr>\n<\/tbody>\n<\/table>\n<\/div>\n<\/div>\n<h3 data-start=\"1094\" data-end=\"1110\">Naudojimas<\/h3>\n<ul data-start=\"1111\" data-end=\"1307\">\n<li data-start=\"1111\" data-end=\"1170\">\n<p data-start=\"1113\" data-end=\"1170\">Suaugusiesiems: <strong data-start=\"1130\" data-end=\"1149\">1 kapsul\u0117 per dien\u0105,<\/strong> u\u017egeriant stikline vandens.<\/p>\n<\/li>\n<li data-start=\"1171\" data-end=\"1214\">\n<p data-start=\"1173\" data-end=\"1214\">Nevir\u0161ykite rekomenduojamos paros normos.<\/p>\n<\/li>\n<li data-start=\"1215\" data-end=\"1307\">\n<p data-start=\"1217\" data-end=\"1307\">Maisto papildas nepakei\u010dia \u012fvairios ir subalansuotos mitybos ar sveiko gyvenimo b\u016bdo.<\/p>\n<\/li>\n<\/ul>\n<h3 data-start=\"1589\" data-end=\"1625\">Tinka naudoti, jei norite:<\/h3>\n<ul data-start=\"1626\" data-end=\"1778\">\n<li data-start=\"1626\" data-end=\"1672\">\n<p data-start=\"1628\" data-end=\"1672\">palaikyti aki\u0173 sveikat\u0105 ir reg\u0117jimo a\u0161trum\u0105<\/p>\n<\/li>\n<li data-start=\"1673\" data-end=\"1728\">\n<p data-start=\"1675\" data-end=\"1728\">apsaugo akis nuo oksidacinio streso<\/p>\n<\/li>\n<li data-start=\"1729\" data-end=\"1778\">\n<p data-start=\"1731\" data-end=\"1778\">u\u017ekirsti keli\u0105 su am\u017eiumi susijusiam reg\u0117jimo praradimui<\/p>\n<\/li>\n<\/ul>\n<p>Pakuot\u0117je yra <strong data-start=\"483\" data-end=\"517\">60 kapsuli\u0173 + 15 nemokam\u0173 kapsuli\u0173<\/strong> \u2013 i\u0161 viso 75 kapsul\u0117s.<\/p>\n","protected":false},"excerpt":{"rendered":"<p><strong data-start=\"328\" data-end=\"360\">\u201eGood Vision\u201c 60+15 kapsuli\u0173<\/strong> \u2013 maisto papildas, palaikantis aki\u0173 sveikat\u0105 su liuteinu, zeaksantinu, omega-3, cinku, vitaminais A ir B2. Padeda palaikyti normal\u0173 reg\u0117jim\u0105 ir apsaugo akis nuo oksidacinio streso. <\/p>\n","protected":false},"featured_media":353906,"comment_status":"open","ping_status":"closed","template":"","meta":{"_acf_changed":false},"product_brand":[],"product_cat":[4573],"product_tag":[7147,7139,6509,4048,7143,7145,4577,3959,7148,7141,7149,4575,7146,4576],"class_list":{"0":"post-354121","1":"product","2":"type-product","3":"status-publish","4":"has-post-thumbnail","6":"product_cat-akims","7":"product_tag-akiu-papildas","8":"product_tag-akiu-sveikata","9":"product_tag-antioksidantai","10":"product_tag-cinkas","11":"product_tag-dha","12":"product_tag-epa","13":"product_tag-liuteinas","14":"product_tag-omega-3-lt","15":"product_tag-regejimo-gerinimas","16":"product_tag-regejimo-palaikymas","17":"product_tag-su-amziumi-susijusi-akiu-parama","18":"product_tag-vitaminas-a-lt","19":"product_tag-vitaminas-b2","20":"product_tag-zeaksantinas","22":"first","23":"onbackorder","24":"taxable","25":"shipping-taxable","26":"purchasable","27":"product-type-simple"},"acf":[],"yoast_head":"<!-- This site is optimized with the Yoast SEO plugin v27.1.1 - https:\/\/yoast.com\/product\/yoast-seo-wordpress\/ -->\n<title>\u201eGood Vision\u201c su liuteinu, zeaksantinu ir omega-3, 75 kapsul\u0117s - Puhdas+<\/title>\n<meta name=\"description\" content=\"\u201eGood Vision\u201c 60+15 kapsuli\u0173 \u2013 maisto papildas aki\u0173 sveikatai palaikyti. Sud\u0117tyje yra liuteino, zeaksantino, omega-3, cinko, vitamin\u0173 A ir B2.\" \/>\n<meta name=\"robots\" content=\"noindex, follow, max-snippet:-1, max-image-preview:large, max-video-preview:-1\" \/>\n<meta property=\"og:locale\" content=\"lt_LT\" \/>\n<meta property=\"og:type\" content=\"article\" \/>\n<meta property=\"og:title\" content=\"\u201eGood Vision\u201c su liuteinu, zeaksantinu ir omega-3, 75 kapsul\u0117s - Puhdas+\" \/>\n<meta property=\"og:description\" content=\"\u201eGood Vision\u201c 60+15 kapsuli\u0173 \u2013 maisto papildas aki\u0173 sveikatai palaikyti. Sud\u0117tyje yra liuteino, zeaksantino, omega-3, cinko, vitamin\u0173 A ir B2.\" \/>\n<meta property=\"og:url\" content=\"https:\/\/test.puhdasplus.ee\/lt\/tooted\/akims\/good-vision-su-liuteinu-zeaksantinu-ir-omega-3-75-kapsules\/\" \/>\n<meta property=\"og:site_name\" content=\"Puhdas+\" \/>\n<meta property=\"article:publisher\" content=\"https:\/\/www.facebook.com\/puhdasplus\" \/>\n<meta property=\"article:modified_time\" content=\"2026-02-22T20:45:37+00:00\" \/>\n<meta property=\"og:image\" content=\"https:\/\/test.puhdasplus.ee\/wp-content\/uploads\/2025\/09\/tooted-ilma-taustata-copy-5-scaled.jpg\" \/>\n\t<meta property=\"og:image:width\" content=\"1862\" \/>\n\t<meta property=\"og:image:height\" content=\"2560\" \/>\n\t<meta property=\"og:image:type\" content=\"image\/jpeg\" \/>\n<meta name=\"twitter:card\" content=\"summary_large_image\" \/>\n<meta name=\"twitter:label1\" content=\"Est. reading time\" \/>\n\t<meta name=\"twitter:data1\" content=\"1 minut\u0117\" \/>\n<script type=\"application\/ld+json\" class=\"yoast-schema-graph\">{\"@context\":\"https:\/\/schema.org\",\"@graph\":[{\"@type\":\"WebPage\",\"@id\":\"https:\/\/test.puhdasplus.ee\/lt\/tooted\/akims\/good-vision-su-liuteinu-zeaksantinu-ir-omega-3-75-kapsules\/\",\"url\":\"https:\/\/test.puhdasplus.ee\/lt\/tooted\/akims\/good-vision-su-liuteinu-zeaksantinu-ir-omega-3-75-kapsules\/\",\"name\":\"\u201eGood Vision\u201c su liuteinu, zeaksantinu ir omega-3, 75 kapsul\u0117s - Puhdas+\",\"isPartOf\":{\"@id\":\"https:\/\/test.puhdasplus.ee\/lt\/#website\"},\"primaryImageOfPage\":{\"@id\":\"https:\/\/test.puhdasplus.ee\/lt\/tooted\/akims\/good-vision-su-liuteinu-zeaksantinu-ir-omega-3-75-kapsules\/#primaryimage\"},\"image\":{\"@id\":\"https:\/\/test.puhdasplus.ee\/lt\/tooted\/akims\/good-vision-su-liuteinu-zeaksantinu-ir-omega-3-75-kapsules\/#primaryimage\"},\"thumbnailUrl\":\"https:\/\/test.puhdasplus.ee\/wp-content\/uploads\/2025\/09\/tooted-ilma-taustata-copy-5-scaled.jpg\",\"datePublished\":\"2025-09-16T10:44:54+00:00\",\"dateModified\":\"2026-02-22T20:45:37+00:00\",\"description\":\"\u201eGood Vision\u201c 60+15 kapsuli\u0173 \u2013 maisto papildas aki\u0173 sveikatai palaikyti. Sud\u0117tyje yra liuteino, zeaksantino, omega-3, cinko, vitamin\u0173 A ir B2.\",\"breadcrumb\":{\"@id\":\"https:\/\/test.puhdasplus.ee\/lt\/tooted\/akims\/good-vision-su-liuteinu-zeaksantinu-ir-omega-3-75-kapsules\/#breadcrumb\"},\"inLanguage\":\"lt-LT\",\"potentialAction\":[{\"@type\":\"ReadAction\",\"target\":[\"https:\/\/test.puhdasplus.ee\/lt\/tooted\/akims\/good-vision-su-liuteinu-zeaksantinu-ir-omega-3-75-kapsules\/\"]}]},{\"@type\":\"ImageObject\",\"inLanguage\":\"lt-LT\",\"@id\":\"https:\/\/test.puhdasplus.ee\/lt\/tooted\/akims\/good-vision-su-liuteinu-zeaksantinu-ir-omega-3-75-kapsules\/#primaryimage\",\"url\":\"https:\/\/test.puhdasplus.ee\/wp-content\/uploads\/2025\/09\/tooted-ilma-taustata-copy-5-scaled.jpg\",\"contentUrl\":\"https:\/\/test.puhdasplus.ee\/wp-content\/uploads\/2025\/09\/tooted-ilma-taustata-copy-5-scaled.jpg\",\"width\":1862,\"height\":2560,\"caption\":\"\u201eGood Vision\u201c su liuteinu, zeaksantinu ir omega-3, 75 kapsul\u0117s\"},{\"@type\":\"BreadcrumbList\",\"@id\":\"https:\/\/test.puhdasplus.ee\/lt\/tooted\/akims\/good-vision-su-liuteinu-zeaksantinu-ir-omega-3-75-kapsules\/#breadcrumb\",\"itemListElement\":[{\"@type\":\"ListItem\",\"position\":1,\"name\":\"Prad\u017eia\",\"item\":\"https:\/\/test.puhdasplus.ee\/lt\/\"},{\"@type\":\"ListItem\",\"position\":2,\"name\":\"Produktai\",\"item\":\"https:\/\/test.puhdasplus.ee\/lt\/parduotuve\/\"},{\"@type\":\"ListItem\",\"position\":3,\"name\":\"\u201eGood Vision\u201c su liuteinu, zeaksantinu ir omega-3, 75 kapsul\u0117s\"}]},{\"@type\":\"WebSite\",\"@id\":\"https:\/\/test.puhdasplus.ee\/lt\/#website\",\"url\":\"https:\/\/test.puhdasplus.ee\/lt\/\",\"name\":\"Puhdas+\",\"description\":\"Vitamiinid, Toidulisandid, looduskosmeetika, tervis, sport\",\"publisher\":{\"@id\":\"https:\/\/test.puhdasplus.ee\/lt\/#organization\"},\"potentialAction\":[{\"@type\":\"SearchAction\",\"target\":{\"@type\":\"EntryPoint\",\"urlTemplate\":\"https:\/\/test.puhdasplus.ee\/lt\/?s={search_term_string}\"},\"query-input\":{\"@type\":\"PropertyValueSpecification\",\"valueRequired\":true,\"valueName\":\"search_term_string\"}}],\"inLanguage\":\"lt-LT\"},{\"@type\":\"Organization\",\"@id\":\"https:\/\/test.puhdasplus.ee\/lt\/#organization\",\"name\":\"Puhdas+\",\"alternateName\":\"Puhdasplus\",\"url\":\"https:\/\/test.puhdasplus.ee\/lt\/\",\"logo\":{\"@type\":\"ImageObject\",\"inLanguage\":\"lt-LT\",\"@id\":\"https:\/\/test.puhdasplus.ee\/lt\/#\/schema\/logo\/image\/\",\"url\":\"https:\/\/test.puhdasplus.ee\/\/wp-content\/uploads\/2019\/10\/puhdas_logo-arvele.png\",\"contentUrl\":\"https:\/\/test.puhdasplus.ee\/\/wp-content\/uploads\/2019\/10\/puhdas_logo-arvele.png\",\"width\":114,\"height\":94,\"caption\":\"Puhdas+\"},\"image\":{\"@id\":\"https:\/\/test.puhdasplus.ee\/lt\/#\/schema\/logo\/image\/\"},\"sameAs\":[\"https:\/\/www.facebook.com\/puhdasplus\",\"https:\/\/www.instagram.com\/puhdasplus_ee\/\"]}]}<\/script>\n<!-- \/ Yoast SEO plugin. -->","yoast_head_json":{"title":"\u201eGood Vision\u201c su liuteinu, zeaksantinu ir omega-3, 75 kapsul\u0117s - Puhdas+","description":"\u201eGood Vision\u201c 60+15 kapsuli\u0173 \u2013 maisto papildas aki\u0173 sveikatai palaikyti. Sud\u0117tyje yra liuteino, zeaksantino, omega-3, cinko, vitamin\u0173 A ir B2.","robots":{"index":"noindex","follow":"follow","max-snippet":"max-snippet:-1","max-image-preview":"max-image-preview:large","max-video-preview":"max-video-preview:-1"},"og_locale":"lt_LT","og_type":"article","og_title":"\u201eGood Vision\u201c su liuteinu, zeaksantinu ir omega-3, 75 kapsul\u0117s - Puhdas+","og_description":"\u201eGood Vision\u201c 60+15 kapsuli\u0173 \u2013 maisto papildas aki\u0173 sveikatai palaikyti. Sud\u0117tyje yra liuteino, zeaksantino, omega-3, cinko, vitamin\u0173 A ir B2.","og_url":"https:\/\/test.puhdasplus.ee\/lt\/tooted\/akims\/good-vision-su-liuteinu-zeaksantinu-ir-omega-3-75-kapsules\/","og_site_name":"Puhdas+","article_publisher":"https:\/\/www.facebook.com\/puhdasplus","article_modified_time":"2026-02-22T20:45:37+00:00","og_image":[{"width":1862,"height":2560,"url":"https:\/\/test.puhdasplus.ee\/wp-content\/uploads\/2025\/09\/tooted-ilma-taustata-copy-5-scaled.jpg","type":"image\/jpeg"}],"twitter_card":"summary_large_image","twitter_misc":{"Est. reading time":"1 minut\u0117"},"schema":{"@context":"https:\/\/schema.org","@graph":[{"@type":"WebPage","@id":"https:\/\/test.puhdasplus.ee\/lt\/tooted\/akims\/good-vision-su-liuteinu-zeaksantinu-ir-omega-3-75-kapsules\/","url":"https:\/\/test.puhdasplus.ee\/lt\/tooted\/akims\/good-vision-su-liuteinu-zeaksantinu-ir-omega-3-75-kapsules\/","name":"\u201eGood Vision\u201c su liuteinu, zeaksantinu ir omega-3, 75 kapsul\u0117s - Puhdas+","isPartOf":{"@id":"https:\/\/test.puhdasplus.ee\/lt\/#website"},"primaryImageOfPage":{"@id":"https:\/\/test.puhdasplus.ee\/lt\/tooted\/akims\/good-vision-su-liuteinu-zeaksantinu-ir-omega-3-75-kapsules\/#primaryimage"},"image":{"@id":"https:\/\/test.puhdasplus.ee\/lt\/tooted\/akims\/good-vision-su-liuteinu-zeaksantinu-ir-omega-3-75-kapsules\/#primaryimage"},"thumbnailUrl":"https:\/\/test.puhdasplus.ee\/wp-content\/uploads\/2025\/09\/tooted-ilma-taustata-copy-5-scaled.jpg","datePublished":"2025-09-16T10:44:54+00:00","dateModified":"2026-02-22T20:45:37+00:00","description":"\u201eGood Vision\u201c 60+15 kapsuli\u0173 \u2013 maisto papildas aki\u0173 sveikatai palaikyti. Sud\u0117tyje yra liuteino, zeaksantino, omega-3, cinko, vitamin\u0173 A ir B2.","breadcrumb":{"@id":"https:\/\/test.puhdasplus.ee\/lt\/tooted\/akims\/good-vision-su-liuteinu-zeaksantinu-ir-omega-3-75-kapsules\/#breadcrumb"},"inLanguage":"lt-LT","potentialAction":[{"@type":"ReadAction","target":["https:\/\/test.puhdasplus.ee\/lt\/tooted\/akims\/good-vision-su-liuteinu-zeaksantinu-ir-omega-3-75-kapsules\/"]}]},{"@type":"ImageObject","inLanguage":"lt-LT","@id":"https:\/\/test.puhdasplus.ee\/lt\/tooted\/akims\/good-vision-su-liuteinu-zeaksantinu-ir-omega-3-75-kapsules\/#primaryimage","url":"https:\/\/test.puhdasplus.ee\/wp-content\/uploads\/2025\/09\/tooted-ilma-taustata-copy-5-scaled.jpg","contentUrl":"https:\/\/test.puhdasplus.ee\/wp-content\/uploads\/2025\/09\/tooted-ilma-taustata-copy-5-scaled.jpg","width":1862,"height":2560,"caption":"\u201eGood Vision\u201c su liuteinu, zeaksantinu ir omega-3, 75 kapsul\u0117s"},{"@type":"BreadcrumbList","@id":"https:\/\/test.puhdasplus.ee\/lt\/tooted\/akims\/good-vision-su-liuteinu-zeaksantinu-ir-omega-3-75-kapsules\/#breadcrumb","itemListElement":[{"@type":"ListItem","position":1,"name":"Prad\u017eia","item":"https:\/\/test.puhdasplus.ee\/lt\/"},{"@type":"ListItem","position":2,"name":"Produktai","item":"https:\/\/test.puhdasplus.ee\/lt\/parduotuve\/"},{"@type":"ListItem","position":3,"name":"\u201eGood Vision\u201c su liuteinu, zeaksantinu ir omega-3, 75 kapsul\u0117s"}]},{"@type":"WebSite","@id":"https:\/\/test.puhdasplus.ee\/lt\/#website","url":"https:\/\/test.puhdasplus.ee\/lt\/","name":"Puhdas+","description":"Vitamiinid, Toidulisandid, looduskosmeetika, tervis, sport","publisher":{"@id":"https:\/\/test.puhdasplus.ee\/lt\/#organization"},"potentialAction":[{"@type":"SearchAction","target":{"@type":"EntryPoint","urlTemplate":"https:\/\/test.puhdasplus.ee\/lt\/?s={search_term_string}"},"query-input":{"@type":"PropertyValueSpecification","valueRequired":true,"valueName":"search_term_string"}}],"inLanguage":"lt-LT"},{"@type":"Organization","@id":"https:\/\/test.puhdasplus.ee\/lt\/#organization","name":"Puhdas+","alternateName":"Puhdasplus","url":"https:\/\/test.puhdasplus.ee\/lt\/","logo":{"@type":"ImageObject","inLanguage":"lt-LT","@id":"https:\/\/test.puhdasplus.ee\/lt\/#\/schema\/logo\/image\/","url":"https:\/\/test.puhdasplus.ee\/\/wp-content\/uploads\/2019\/10\/puhdas_logo-arvele.png","contentUrl":"https:\/\/test.puhdasplus.ee\/\/wp-content\/uploads\/2019\/10\/puhdas_logo-arvele.png","width":114,"height":94,"caption":"Puhdas+"},"image":{"@id":"https:\/\/test.puhdasplus.ee\/lt\/#\/schema\/logo\/image\/"},"sameAs":["https:\/\/www.facebook.com\/puhdasplus","https:\/\/www.instagram.com\/puhdasplus_ee\/"]}]}},"_links":{"self":[{"href":"https:\/\/test.puhdasplus.ee\/lt\/wp-json\/wp\/v2\/product\/354121","targetHints":{"allow":["GET"]}}],"collection":[{"href":"https:\/\/test.puhdasplus.ee\/lt\/wp-json\/wp\/v2\/product"}],"about":[{"href":"https:\/\/test.puhdasplus.ee\/lt\/wp-json\/wp\/v2\/types\/product"}],"replies":[{"embeddable":true,"href":"https:\/\/test.puhdasplus.ee\/lt\/wp-json\/wp\/v2\/comments?post=354121"}],"wp:featuredmedia":[{"embeddable":true,"href":"https:\/\/test.puhdasplus.ee\/lt\/wp-json\/wp\/v2\/media\/353906"}],"wp:attachment":[{"href":"https:\/\/test.puhdasplus.ee\/lt\/wp-json\/wp\/v2\/media?parent=354121"}],"wp:term":[{"taxonomy":"product_brand","embeddable":true,"href":"https:\/\/test.puhdasplus.ee\/lt\/wp-json\/wp\/v2\/product_brand?post=354121"},{"taxonomy":"product_cat","embeddable":true,"href":"https:\/\/test.puhdasplus.ee\/lt\/wp-json\/wp\/v2\/product_cat?post=354121"},{"taxonomy":"product_tag","embeddable":true,"href":"https:\/\/test.puhdasplus.ee\/lt\/wp-json\/wp\/v2\/product_tag?post=354121"}],"curies":[{"name":"wp","href":"https:\/\/api.w.org\/{rel}","templated":true}]}}