{"id":354116,"date":"2025-09-16T13:55:48","date_gmt":"2025-09-16T10:55:48","guid":{"rendered":"https:\/\/test.puhdasplus.ee\/\/tooted\/be-kategorijos\/vitamininis-vanduo-su-cinku-ir-vitaminu-c-citrinu-skonio-330-ml\/"},"modified":"2026-02-22T22:45:30","modified_gmt":"2026-02-22T20:45:30","slug":"vitamininis-vanduo-su-cinku-ir-vitaminu-c-citrinu-skonio-330-ml","status":"publish","type":"product","link":"https:\/\/test.puhdasplus.ee\/lt\/tooted\/gerimai\/vitamininis-vanduo\/vitamininis-vanduo-su-cinku-ir-vitaminu-c-citrinu-skonio-330-ml\/","title":{"rendered":"Vitamininis vanduo su cinku ir vitaminu C, citrin\u0173 skonio, 330 ml"},"content":{"rendered":"<p data-start=\"362\" data-end=\"640\"><strong data-start=\"362\" data-end=\"403\">Vitamininis vanduo su cinku ir vitaminu C<\/strong> yra lengvas ir gardus g\u0117rimas, kuris padeda kasdien sustiprinti organizm\u0105. Gaivus citrinos skonis suteikia \u017evalumo, o cinkas ir vitaminas C stiprina imunin\u0119 sistem\u0105 ir padeda apsaugoti l\u0105steles nuo oksidacinio streso. <\/p>\n<ul data-start=\"642\" data-end=\"908\">\n<li data-start=\"642\" data-end=\"735\">\n<p data-start=\"644\" data-end=\"735\"><strong data-start=\"644\" data-end=\"658\">Vitaminas C<\/strong> ma\u017eina nuovarg\u012f ir palaiko normali\u0105 odos bei imunin\u0117s sistemos funkcij\u0105.<\/p>\n<\/li>\n<li data-start=\"736\" data-end=\"834\">\n<p data-start=\"738\" data-end=\"834\"><strong data-start=\"738\" data-end=\"747\">Cinkas<\/strong> padeda palaikyti sveik\u0105 od\u0105, nagus ir plaukus bei stiprina nat\u016brali\u0105 organizmo apsaug\u0105.<\/p>\n<\/li>\n<li data-start=\"835\" data-end=\"908\">\n<p data-start=\"837\" data-end=\"908\">Ma\u017eai kalorij\u0173 turintis, patogus ir sveikas saldint\u0173 g\u0117rim\u0173 pakaitalas.<\/p>\n<\/li>\n<\/ul>\n<h3 data-start=\"915\" data-end=\"931\">Naudojimas<\/h3>\n<ul data-start=\"932\" data-end=\"1032\">\n<li data-start=\"932\" data-end=\"973\">\n<p data-start=\"934\" data-end=\"973\">M\u0117gaukit\u0117s at\u0161aldytu kaip gaivinan\u010diu g\u0117rimu.<\/p>\n<\/li>\n<li data-start=\"974\" data-end=\"1032\">\n<p data-start=\"976\" data-end=\"1032\">Tinka kasdieniam palepinimui arba sportuojant.<\/p>\n<\/li>\n<\/ul>\n<h3 data-start=\"1039\" data-end=\"1056\">Ingredientai<\/h3>\n<p data-start=\"1057\" data-end=\"1201\">Vanduo, cukrus, cinko gliukonatas, natrio askorbatas (vitamino C \u0161altinis), \u017ealiosios arbatos ekstraktas, citrin\u0173 r\u016bg\u0161tis, nat\u016bral\u016bs kvapikliai, anglies dioksidas.<\/p>\n<h3 data-start=\"1208\" data-end=\"1248\">Maistin\u0117 vert\u0117 100 ml:<\/h3>\n<ul data-start=\"1249\" data-end=\"1371\">\n<li data-start=\"1249\" data-end=\"1277\">\n<p data-start=\"1251\" data-end=\"1277\">Energin\u0117 vert\u0117: 42 kJ \/ 10 kcal<\/p>\n<\/li>\n<li data-start=\"1249\" data-end=\"1277\">Riebalai: 0 g (i\u0161 kuri\u0173 so\u010di\u0173j\u0173 0 g)<\/li>\n<li data-start=\"1278\" data-end=\"1301\">\n<p data-start=\"1280\" data-end=\"1301\">Angliavandeniai: ~2,5 g (i\u0161 kuri\u0173 2,5 g yra cukr\u016bs)<\/p>\n<\/li>\n<li data-start=\"1302\" data-end=\"1328\">\n<p data-start=\"1304\" data-end=\"1328\">Baltymai: 0 g<\/p>\n<\/li>\n<li data-start=\"1302\" data-end=\"1328\">Druska: 0,03 g<\/li>\n<li data-start=\"1329\" data-end=\"1347\">\n<p data-start=\"1331\" data-end=\"1347\">Cinkas: 1,08 mg<\/p>\n<\/li>\n<li data-start=\"1348\" data-end=\"1371\">\n<p data-start=\"1350\" data-end=\"1371\">Vitaminas C: 40,8 mg<\/p>\n<\/li>\n<li data-start=\"1348\" data-end=\"1371\">\n<p data-start=\"1357\" data-end=\"1641\"><strong data-start=\"1357\" data-end=\"1391\">Maistin\u0117 vert\u0117 330 ml:<\/strong><br data-start=\"1391\" data-end=\"1394\"> energin\u0117 vert\u0117 138 kJ \/ 33 kcal, riebal\u0173 0 g (i\u0161 kuri\u0173 so\u010di\u0173j\u0173 0 g), angliavandeni\u0173 8,25 g (i\u0161 kuri\u0173 cukr\u0173 8,25 g), baltym\u0173 0 g, druskos 0,08 g, cinko 3,57 mg (35,8 % RMV*), vitamino C 133,5 mg (166,9 % RMV*).<br data-start=\"1593\" data-end=\"1596\"> <em data-start=\"1596\" data-end=\"1639\">RMV \u2013 referencin\u0117 paros norma suaugusiam \u017emogui.<\/em><\/p>\n<\/li>\n<\/ul>\n","protected":false},"excerpt":{"rendered":"<p>Gaivinantis citrin\u0173 skonio vitamin\u0173 vanduo, kuris palaiko imunin\u0119 sistem\u0105 ir odos sveikat\u0105. Sud\u0117tyje yra vitamino C ir cinko, ma\u017eai kalorij\u0173. <\/p>\n","protected":false},"featured_media":353912,"comment_status":"open","ping_status":"closed","template":"","meta":{"_acf_changed":false},"product_brand":[],"product_cat":[4047,5426,3049,6396,7648],"product_tag":[6509,4048,7119,7122,4025,7120,3285,7121,3125,7123,5734],"class_list":{"0":"post-354116","1":"product","2":"type-product","3":"status-publish","4":"has-post-thumbnail","6":"product_cat-cinkas","7":"product_cat-gerimai","8":"product_cat-specialus-pasiulymai","9":"product_cat-vitaminas-c","10":"product_cat-vitamininis-vanduo","11":"product_tag-antioksidantai","12":"product_tag-cinkas","13":"product_tag-citrinu-skonio-gerimas","14":"product_tag-gaivinantis-vitaminu-vanduo","15":"product_tag-imunines-sistemos-palaikymas-lt","16":"product_tag-mazai-kaloriju-turintis-gerimas","17":"product_tag-odos-sveikata","18":"product_tag-sveikas-troskulio-malsintuvas","19":"product_tag-vitaminas-c-lt","20":"product_tag-vitaminu-gerimas","21":"product_tag-vitaminu-vanduo","23":"first","24":"instock","25":"sale","26":"taxable","27":"shipping-taxable","28":"purchasable","29":"product-type-variable","30":"has-default-attributes"},"acf":[],"yoast_head":"<!-- This site is optimized with the Yoast SEO plugin v27.1.1 - https:\/\/yoast.com\/product\/yoast-seo-wordpress\/ -->\n<title>Vitamininis vanduo su cinku ir vitaminu C, citrin\u0173 skonio, 330 ml - Puhdas+<\/title>\n<meta name=\"description\" content=\"Vitamininis vanduo su cinku ir vitaminu C, citrina 330 ml \u2013 gaivinantis ma\u017eai kalorij\u0173 turintis g\u0117rimas, palaikantis imunin\u0119 sistem\u0105 ir odos sveikat\u0105.\" \/>\n<meta name=\"robots\" content=\"noindex, follow, max-snippet:-1, max-image-preview:large, max-video-preview:-1\" \/>\n<meta property=\"og:locale\" content=\"lt_LT\" \/>\n<meta property=\"og:type\" content=\"article\" \/>\n<meta property=\"og:title\" content=\"Vitamininis vanduo su cinku ir vitaminu C, citrin\u0173 skonio, 330 ml - Puhdas+\" \/>\n<meta property=\"og:description\" content=\"Vitamininis vanduo su cinku ir vitaminu C, citrina 330 ml \u2013 gaivinantis ma\u017eai kalorij\u0173 turintis g\u0117rimas, palaikantis imunin\u0119 sistem\u0105 ir odos sveikat\u0105.\" \/>\n<meta property=\"og:url\" content=\"https:\/\/test.puhdasplus.ee\/lt\/tooted\/gerimai\/vitamininis-vanduo\/vitamininis-vanduo-su-cinku-ir-vitaminu-c-citrinu-skonio-330-ml\/\" \/>\n<meta property=\"og:site_name\" content=\"Puhdas+\" \/>\n<meta property=\"article:publisher\" content=\"https:\/\/www.facebook.com\/puhdasplus\" \/>\n<meta property=\"article:modified_time\" content=\"2026-02-22T20:45:30+00:00\" \/>\n<meta property=\"og:image\" content=\"https:\/\/test.puhdasplus.ee\/wp-content\/uploads\/2025\/09\/4-scaled.jpg\" \/>\n\t<meta property=\"og:image:width\" content=\"1862\" \/>\n\t<meta property=\"og:image:height\" content=\"2560\" \/>\n\t<meta property=\"og:image:type\" content=\"image\/jpeg\" \/>\n<meta name=\"twitter:card\" content=\"summary_large_image\" \/>\n<meta name=\"twitter:label1\" content=\"Est. reading time\" \/>\n\t<meta name=\"twitter:data1\" content=\"1 minut\u0117\" \/>\n<script type=\"application\/ld+json\" class=\"yoast-schema-graph\">{\"@context\":\"https:\/\/schema.org\",\"@graph\":[{\"@type\":\"WebPage\",\"@id\":\"https:\/\/test.puhdasplus.ee\/lt\/tooted\/gerimai\/vitamininis-vanduo\/vitamininis-vanduo-su-cinku-ir-vitaminu-c-citrinu-skonio-330-ml\/\",\"url\":\"https:\/\/test.puhdasplus.ee\/lt\/tooted\/gerimai\/vitamininis-vanduo\/vitamininis-vanduo-su-cinku-ir-vitaminu-c-citrinu-skonio-330-ml\/\",\"name\":\"Vitamininis vanduo su cinku ir vitaminu C, citrin\u0173 skonio, 330 ml - Puhdas+\",\"isPartOf\":{\"@id\":\"https:\/\/test.puhdasplus.ee\/lt\/#website\"},\"primaryImageOfPage\":{\"@id\":\"https:\/\/test.puhdasplus.ee\/lt\/tooted\/gerimai\/vitamininis-vanduo\/vitamininis-vanduo-su-cinku-ir-vitaminu-c-citrinu-skonio-330-ml\/#primaryimage\"},\"image\":{\"@id\":\"https:\/\/test.puhdasplus.ee\/lt\/tooted\/gerimai\/vitamininis-vanduo\/vitamininis-vanduo-su-cinku-ir-vitaminu-c-citrinu-skonio-330-ml\/#primaryimage\"},\"thumbnailUrl\":\"https:\/\/test.puhdasplus.ee\/wp-content\/uploads\/2025\/09\/4-scaled.jpg\",\"datePublished\":\"2025-09-16T10:55:48+00:00\",\"dateModified\":\"2026-02-22T20:45:30+00:00\",\"description\":\"Vitamininis vanduo su cinku ir vitaminu C, citrina 330 ml \u2013 gaivinantis ma\u017eai kalorij\u0173 turintis g\u0117rimas, palaikantis imunin\u0119 sistem\u0105 ir odos sveikat\u0105.\",\"breadcrumb\":{\"@id\":\"https:\/\/test.puhdasplus.ee\/lt\/tooted\/gerimai\/vitamininis-vanduo\/vitamininis-vanduo-su-cinku-ir-vitaminu-c-citrinu-skonio-330-ml\/#breadcrumb\"},\"inLanguage\":\"lt-LT\",\"potentialAction\":[{\"@type\":\"ReadAction\",\"target\":[\"https:\/\/test.puhdasplus.ee\/lt\/tooted\/gerimai\/vitamininis-vanduo\/vitamininis-vanduo-su-cinku-ir-vitaminu-c-citrinu-skonio-330-ml\/\"]}]},{\"@type\":\"ImageObject\",\"inLanguage\":\"lt-LT\",\"@id\":\"https:\/\/test.puhdasplus.ee\/lt\/tooted\/gerimai\/vitamininis-vanduo\/vitamininis-vanduo-su-cinku-ir-vitaminu-c-citrinu-skonio-330-ml\/#primaryimage\",\"url\":\"https:\/\/test.puhdasplus.ee\/wp-content\/uploads\/2025\/09\/4-scaled.jpg\",\"contentUrl\":\"https:\/\/test.puhdasplus.ee\/wp-content\/uploads\/2025\/09\/4-scaled.jpg\",\"width\":1862,\"height\":2560,\"caption\":\"Vitamininis vanduo su cinku ir vitaminu C, citrina 330 ml\"},{\"@type\":\"BreadcrumbList\",\"@id\":\"https:\/\/test.puhdasplus.ee\/lt\/tooted\/gerimai\/vitamininis-vanduo\/vitamininis-vanduo-su-cinku-ir-vitaminu-c-citrinu-skonio-330-ml\/#breadcrumb\",\"itemListElement\":[{\"@type\":\"ListItem\",\"position\":1,\"name\":\"Prad\u017eia\",\"item\":\"https:\/\/test.puhdasplus.ee\/lt\/\"},{\"@type\":\"ListItem\",\"position\":2,\"name\":\"Produktai\",\"item\":\"https:\/\/test.puhdasplus.ee\/lt\/parduotuve\/\"},{\"@type\":\"ListItem\",\"position\":3,\"name\":\"Vitamininis vanduo su cinku ir vitaminu C, citrin\u0173 skonio, 330 ml\"}]},{\"@type\":\"WebSite\",\"@id\":\"https:\/\/test.puhdasplus.ee\/lt\/#website\",\"url\":\"https:\/\/test.puhdasplus.ee\/lt\/\",\"name\":\"Puhdas+\",\"description\":\"Vitamiinid, Toidulisandid, looduskosmeetika, tervis, sport\",\"publisher\":{\"@id\":\"https:\/\/test.puhdasplus.ee\/lt\/#organization\"},\"potentialAction\":[{\"@type\":\"SearchAction\",\"target\":{\"@type\":\"EntryPoint\",\"urlTemplate\":\"https:\/\/test.puhdasplus.ee\/lt\/?s={search_term_string}\"},\"query-input\":{\"@type\":\"PropertyValueSpecification\",\"valueRequired\":true,\"valueName\":\"search_term_string\"}}],\"inLanguage\":\"lt-LT\"},{\"@type\":\"Organization\",\"@id\":\"https:\/\/test.puhdasplus.ee\/lt\/#organization\",\"name\":\"Puhdas+\",\"alternateName\":\"Puhdasplus\",\"url\":\"https:\/\/test.puhdasplus.ee\/lt\/\",\"logo\":{\"@type\":\"ImageObject\",\"inLanguage\":\"lt-LT\",\"@id\":\"https:\/\/test.puhdasplus.ee\/lt\/#\/schema\/logo\/image\/\",\"url\":\"https:\/\/test.puhdasplus.ee\/\/wp-content\/uploads\/2019\/10\/puhdas_logo-arvele.png\",\"contentUrl\":\"https:\/\/test.puhdasplus.ee\/\/wp-content\/uploads\/2019\/10\/puhdas_logo-arvele.png\",\"width\":114,\"height\":94,\"caption\":\"Puhdas+\"},\"image\":{\"@id\":\"https:\/\/test.puhdasplus.ee\/lt\/#\/schema\/logo\/image\/\"},\"sameAs\":[\"https:\/\/www.facebook.com\/puhdasplus\",\"https:\/\/www.instagram.com\/puhdasplus_ee\/\"]}]}<\/script>\n<!-- \/ Yoast SEO plugin. -->","yoast_head_json":{"title":"Vitamininis vanduo su cinku ir vitaminu C, citrin\u0173 skonio, 330 ml - Puhdas+","description":"Vitamininis vanduo su cinku ir vitaminu C, citrina 330 ml \u2013 gaivinantis ma\u017eai kalorij\u0173 turintis g\u0117rimas, palaikantis imunin\u0119 sistem\u0105 ir odos sveikat\u0105.","robots":{"index":"noindex","follow":"follow","max-snippet":"max-snippet:-1","max-image-preview":"max-image-preview:large","max-video-preview":"max-video-preview:-1"},"og_locale":"lt_LT","og_type":"article","og_title":"Vitamininis vanduo su cinku ir vitaminu C, citrin\u0173 skonio, 330 ml - Puhdas+","og_description":"Vitamininis vanduo su cinku ir vitaminu C, citrina 330 ml \u2013 gaivinantis ma\u017eai kalorij\u0173 turintis g\u0117rimas, palaikantis imunin\u0119 sistem\u0105 ir odos sveikat\u0105.","og_url":"https:\/\/test.puhdasplus.ee\/lt\/tooted\/gerimai\/vitamininis-vanduo\/vitamininis-vanduo-su-cinku-ir-vitaminu-c-citrinu-skonio-330-ml\/","og_site_name":"Puhdas+","article_publisher":"https:\/\/www.facebook.com\/puhdasplus","article_modified_time":"2026-02-22T20:45:30+00:00","og_image":[{"width":1862,"height":2560,"url":"https:\/\/test.puhdasplus.ee\/wp-content\/uploads\/2025\/09\/4-scaled.jpg","type":"image\/jpeg"}],"twitter_card":"summary_large_image","twitter_misc":{"Est. reading time":"1 minut\u0117"},"schema":{"@context":"https:\/\/schema.org","@graph":[{"@type":"WebPage","@id":"https:\/\/test.puhdasplus.ee\/lt\/tooted\/gerimai\/vitamininis-vanduo\/vitamininis-vanduo-su-cinku-ir-vitaminu-c-citrinu-skonio-330-ml\/","url":"https:\/\/test.puhdasplus.ee\/lt\/tooted\/gerimai\/vitamininis-vanduo\/vitamininis-vanduo-su-cinku-ir-vitaminu-c-citrinu-skonio-330-ml\/","name":"Vitamininis vanduo su cinku ir vitaminu C, citrin\u0173 skonio, 330 ml - Puhdas+","isPartOf":{"@id":"https:\/\/test.puhdasplus.ee\/lt\/#website"},"primaryImageOfPage":{"@id":"https:\/\/test.puhdasplus.ee\/lt\/tooted\/gerimai\/vitamininis-vanduo\/vitamininis-vanduo-su-cinku-ir-vitaminu-c-citrinu-skonio-330-ml\/#primaryimage"},"image":{"@id":"https:\/\/test.puhdasplus.ee\/lt\/tooted\/gerimai\/vitamininis-vanduo\/vitamininis-vanduo-su-cinku-ir-vitaminu-c-citrinu-skonio-330-ml\/#primaryimage"},"thumbnailUrl":"https:\/\/test.puhdasplus.ee\/wp-content\/uploads\/2025\/09\/4-scaled.jpg","datePublished":"2025-09-16T10:55:48+00:00","dateModified":"2026-02-22T20:45:30+00:00","description":"Vitamininis vanduo su cinku ir vitaminu C, citrina 330 ml \u2013 gaivinantis ma\u017eai kalorij\u0173 turintis g\u0117rimas, palaikantis imunin\u0119 sistem\u0105 ir odos sveikat\u0105.","breadcrumb":{"@id":"https:\/\/test.puhdasplus.ee\/lt\/tooted\/gerimai\/vitamininis-vanduo\/vitamininis-vanduo-su-cinku-ir-vitaminu-c-citrinu-skonio-330-ml\/#breadcrumb"},"inLanguage":"lt-LT","potentialAction":[{"@type":"ReadAction","target":["https:\/\/test.puhdasplus.ee\/lt\/tooted\/gerimai\/vitamininis-vanduo\/vitamininis-vanduo-su-cinku-ir-vitaminu-c-citrinu-skonio-330-ml\/"]}]},{"@type":"ImageObject","inLanguage":"lt-LT","@id":"https:\/\/test.puhdasplus.ee\/lt\/tooted\/gerimai\/vitamininis-vanduo\/vitamininis-vanduo-su-cinku-ir-vitaminu-c-citrinu-skonio-330-ml\/#primaryimage","url":"https:\/\/test.puhdasplus.ee\/wp-content\/uploads\/2025\/09\/4-scaled.jpg","contentUrl":"https:\/\/test.puhdasplus.ee\/wp-content\/uploads\/2025\/09\/4-scaled.jpg","width":1862,"height":2560,"caption":"Vitamininis vanduo su cinku ir vitaminu C, citrina 330 ml"},{"@type":"BreadcrumbList","@id":"https:\/\/test.puhdasplus.ee\/lt\/tooted\/gerimai\/vitamininis-vanduo\/vitamininis-vanduo-su-cinku-ir-vitaminu-c-citrinu-skonio-330-ml\/#breadcrumb","itemListElement":[{"@type":"ListItem","position":1,"name":"Prad\u017eia","item":"https:\/\/test.puhdasplus.ee\/lt\/"},{"@type":"ListItem","position":2,"name":"Produktai","item":"https:\/\/test.puhdasplus.ee\/lt\/parduotuve\/"},{"@type":"ListItem","position":3,"name":"Vitamininis vanduo su cinku ir vitaminu C, citrin\u0173 skonio, 330 ml"}]},{"@type":"WebSite","@id":"https:\/\/test.puhdasplus.ee\/lt\/#website","url":"https:\/\/test.puhdasplus.ee\/lt\/","name":"Puhdas+","description":"Vitamiinid, Toidulisandid, looduskosmeetika, tervis, sport","publisher":{"@id":"https:\/\/test.puhdasplus.ee\/lt\/#organization"},"potentialAction":[{"@type":"SearchAction","target":{"@type":"EntryPoint","urlTemplate":"https:\/\/test.puhdasplus.ee\/lt\/?s={search_term_string}"},"query-input":{"@type":"PropertyValueSpecification","valueRequired":true,"valueName":"search_term_string"}}],"inLanguage":"lt-LT"},{"@type":"Organization","@id":"https:\/\/test.puhdasplus.ee\/lt\/#organization","name":"Puhdas+","alternateName":"Puhdasplus","url":"https:\/\/test.puhdasplus.ee\/lt\/","logo":{"@type":"ImageObject","inLanguage":"lt-LT","@id":"https:\/\/test.puhdasplus.ee\/lt\/#\/schema\/logo\/image\/","url":"https:\/\/test.puhdasplus.ee\/\/wp-content\/uploads\/2019\/10\/puhdas_logo-arvele.png","contentUrl":"https:\/\/test.puhdasplus.ee\/\/wp-content\/uploads\/2019\/10\/puhdas_logo-arvele.png","width":114,"height":94,"caption":"Puhdas+"},"image":{"@id":"https:\/\/test.puhdasplus.ee\/lt\/#\/schema\/logo\/image\/"},"sameAs":["https:\/\/www.facebook.com\/puhdasplus","https:\/\/www.instagram.com\/puhdasplus_ee\/"]}]}},"_links":{"self":[{"href":"https:\/\/test.puhdasplus.ee\/lt\/wp-json\/wp\/v2\/product\/354116","targetHints":{"allow":["GET"]}}],"collection":[{"href":"https:\/\/test.puhdasplus.ee\/lt\/wp-json\/wp\/v2\/product"}],"about":[{"href":"https:\/\/test.puhdasplus.ee\/lt\/wp-json\/wp\/v2\/types\/product"}],"replies":[{"embeddable":true,"href":"https:\/\/test.puhdasplus.ee\/lt\/wp-json\/wp\/v2\/comments?post=354116"}],"wp:featuredmedia":[{"embeddable":true,"href":"https:\/\/test.puhdasplus.ee\/lt\/wp-json\/wp\/v2\/media\/353912"}],"wp:attachment":[{"href":"https:\/\/test.puhdasplus.ee\/lt\/wp-json\/wp\/v2\/media?parent=354116"}],"wp:term":[{"taxonomy":"product_brand","embeddable":true,"href":"https:\/\/test.puhdasplus.ee\/lt\/wp-json\/wp\/v2\/product_brand?post=354116"},{"taxonomy":"product_cat","embeddable":true,"href":"https:\/\/test.puhdasplus.ee\/lt\/wp-json\/wp\/v2\/product_cat?post=354116"},{"taxonomy":"product_tag","embeddable":true,"href":"https:\/\/test.puhdasplus.ee\/lt\/wp-json\/wp\/v2\/product_tag?post=354116"}],"curies":[{"name":"wp","href":"https:\/\/api.w.org\/{rel}","templated":true}]}}