{"id":354107,"date":"2025-09-15T20:46:06","date_gmt":"2025-09-15T17:46:06","guid":{"rendered":"https:\/\/test.puhdasplus.ee\/\/tooted\/be-kategorijos\/vitaminas-c-500-mg-60-kapsuliu\/"},"modified":"2026-02-22T22:45:34","modified_gmt":"2026-02-22T20:45:34","slug":"vitaminas-c-500-mg-60-kapsuliu","status":"publish","type":"product","link":"https:\/\/test.puhdasplus.ee\/lt\/tooted\/vitaminai\/vitaminas-c\/vitaminas-c-500-mg-60-kapsuliu\/","title":{"rendered":"Stiprus vitaminas C 500 mg 60 kapsuli\u0173"},"content":{"rendered":"<p class=\"p1\"><b>Kas yra \u201ePure+ Strong\u201c vitamino C papildas ir kod\u0117l jis b\u016btinas?<\/b><b><\/b><\/p>\n<p class=\"p2\">\u201ePure+ Strong\u201c vitamino C papildas sud\u0117tyje turi skrand\u017eiui draugi\u0161ko ir lengvai \u012fsisavinamo natrio askorbato \u2013 vitamino C formos, kuri taip pat tinka jautriam vir\u0161kinimui. Vitaminas C yra svarbus organizmo antioksidantas, padedantis apsaugoti l\u0105steles nuo oksidacinio streso ir b\u016btinas normaliam daugelio organizmo proces\u0173 eigai. <\/p>\n<p class=\"p1\"><b>Palaiko imunin\u0119 sistem\u0105, energijos apykait\u0105 ir kolageno gamyb\u0105<\/b><b><\/b><\/p>\n<p class=\"p2\">Vitaminas C padeda palaikyti normali\u0105 imunin\u0117s sistemos veikl\u0105, energijos apykait\u0105 ir normali\u0105 psichologin\u0119 funkcij\u0105. Jis taip pat padeda palaikyti normal\u0173 kolageno, kuris b\u016btinas normaliai kraujagysli\u0173, kaul\u0173, kremzli\u0173, danten\u0173, odos ir dant\u0173 funkcijai, susidarym\u0105. Vitaminas C padeda ma\u017einti pavarg\u012f ir i\u0161sekim\u0105.  <\/p>\n<p class=\"p1\"><b>Ingredientai<\/b><b><\/b><\/p>\n<p class=\"p2\">Natrio askorbatas, kapsul\u0117s apvalkalas (hidroksipropilmetilceliulioz\u0117).<\/p>\n<p class=\"p2\">Be pieno, laktoz\u0117s, glitimo, mieli\u0173, cukraus, druskos, krakmolo, sojos ar dirbtini\u0173 saldikli\u0173. Tinka tiek vegetarams, tiek veganams. <\/p>\n<p class=\"p1\"><b>Maistin\u0117 vert\u0117<\/b><b><\/b><\/p>\n<p class=\"p2\">1 kapsul\u0117je yra: vitamino C 620 mg (775 % \u200b\u200bRMV*)<\/p>\n<p class=\"p2\">*RMV \u2013 referencin\u0117 paros norma<\/p>\n<p class=\"p1\"><b>Naudojimas<\/b><b><\/b><\/p>\n<p class=\"p2\">Gerti po 1 kapsul\u0119 per dien\u0105, u\u017egeriant vandeniu. Nevir\u0161ykite rekomenduojamos doz\u0117s.<\/p>\n<p class=\"p2\">Maisto papildas nepakei\u010dia \u012fvairios ir subalansuotos mitybos ar sveiko gyvenimo b\u016bdo. Laikyti vaikams nepasiekiamoje vietoje.<\/p>\n<p class=\"p1\"><b>Grynasis kiekis<\/b><b><\/b><\/p>\n<p class=\"p2\">60 kapsuli\u0173 (33 g)<\/p>\n","protected":false},"excerpt":{"rendered":"<p>Stiprus ir skrand\u017eiui draugi\u0161kas vitamino C papildas, stiprinantis imunitet\u0105, ma\u017einantis nuovarg\u012f ir skatinantis kolageno gamyb\u0105. Tinka veganams, be glitimo, laktoz\u0117s ir dirbtini\u0173 pried\u0173. <\/p>\n","protected":false},"featured_media":353896,"comment_status":"open","ping_status":"closed","template":"","meta":{"_acf_changed":false},"product_brand":[],"product_cat":[3049,3174,6396],"product_tag":[7085,7084,6980,3320,3319,6931,7082,7078,4025,7081,7075,3177,7080,7087,7083,2967],"class_list":{"0":"post-354107","1":"product","2":"type-product","3":"status-publish","4":"has-post-thumbnail","6":"product_cat-specialus-pasiulymai","7":"product_cat-vitaminai","8":"product_cat-vitaminas-c","9":"product_tag-apsaugai-saltuoju-metu-laiku","10":"product_tag-atsigavimas-po-treniruotes","11":"product_tag-be-cukraus","12":"product_tag-be-glitimo","13":"product_tag-be-laktozes","14":"product_tag-be-priedu-2","15":"product_tag-dantenu-ir-dantu-sveikata","16":"product_tag-energija-ir-gyvybingumas","17":"product_tag-imunines-sistemos-palaikymas-lt","18":"product_tag-kaulu-ir-sanariu-palaikymas","19":"product_tag-mazinant-nuovargi-ir-issekima","20":"product_tag-nervu-sistemos-palaikymas","21":"product_tag-odos-sveikata-ir-kolageno-gamyba","22":"product_tag-skrandziui-draugiskas-vitaminas-c","23":"product_tag-streso-ir-issekimo-metas","24":"product_tag-veganas","26":"first","27":"instock","28":"sale","29":"taxable","30":"shipping-taxable","31":"purchasable","32":"product-type-simple"},"acf":[],"yoast_head":"<!-- This site is optimized with the Yoast SEO plugin v27.1.1 - https:\/\/yoast.com\/product\/yoast-seo-wordpress\/ -->\n<title>Stiprus vitaminas C 500 mg 60 kapsuli\u0173 - Puhdas+<\/title>\n<meta name=\"description\" content=\"\u201ePure+\u201c vitamino C 60 kapsuli\u0173 \u2013 stiprus ir skrand\u017eiui draugi\u0161kas maisto papildas, stiprinantis imunitet\u0105, suteikiantis energijos ir padedantis palaikyti odos, kaul\u0173 ir dant\u0173 b\u016bkl\u0119.\" \/>\n<meta name=\"robots\" content=\"noindex, follow, max-snippet:-1, max-image-preview:large, max-video-preview:-1\" \/>\n<meta property=\"og:locale\" content=\"lt_LT\" \/>\n<meta property=\"og:type\" content=\"article\" \/>\n<meta property=\"og:title\" content=\"Stiprus vitaminas C 500 mg 60 kapsuli\u0173 - Puhdas+\" \/>\n<meta property=\"og:description\" content=\"\u201ePure+\u201c vitamino C 60 kapsuli\u0173 \u2013 stiprus ir skrand\u017eiui draugi\u0161kas maisto papildas, stiprinantis imunitet\u0105, suteikiantis energijos ir padedantis palaikyti odos, kaul\u0173 ir dant\u0173 b\u016bkl\u0119.\" \/>\n<meta property=\"og:url\" content=\"https:\/\/test.puhdasplus.ee\/lt\/tooted\/vitaminai\/vitaminas-c\/vitaminas-c-500-mg-60-kapsuliu\/\" \/>\n<meta property=\"og:site_name\" content=\"Puhdas+\" \/>\n<meta property=\"article:publisher\" content=\"https:\/\/www.facebook.com\/puhdasplus\" \/>\n<meta property=\"article:modified_time\" content=\"2026-02-22T20:45:34+00:00\" \/>\n<meta property=\"og:image\" content=\"https:\/\/test.puhdasplus.ee\/wp-content\/uploads\/2025\/09\/tooted-ilma-taustata-2-scaled.jpg\" \/>\n\t<meta property=\"og:image:width\" content=\"1862\" \/>\n\t<meta property=\"og:image:height\" content=\"2560\" \/>\n\t<meta property=\"og:image:type\" content=\"image\/jpeg\" \/>\n<meta name=\"twitter:card\" content=\"summary_large_image\" \/>\n<meta name=\"twitter:label1\" content=\"Est. reading time\" \/>\n\t<meta name=\"twitter:data1\" content=\"1 minut\u0117\" \/>\n<script type=\"application\/ld+json\" class=\"yoast-schema-graph\">{\"@context\":\"https:\/\/schema.org\",\"@graph\":[{\"@type\":\"WebPage\",\"@id\":\"https:\/\/test.puhdasplus.ee\/lt\/tooted\/vitaminai\/vitaminas-c\/vitaminas-c-500-mg-60-kapsuliu\/\",\"url\":\"https:\/\/test.puhdasplus.ee\/lt\/tooted\/vitaminai\/vitaminas-c\/vitaminas-c-500-mg-60-kapsuliu\/\",\"name\":\"Stiprus vitaminas C 500 mg 60 kapsuli\u0173 - Puhdas+\",\"isPartOf\":{\"@id\":\"https:\/\/test.puhdasplus.ee\/lt\/#website\"},\"primaryImageOfPage\":{\"@id\":\"https:\/\/test.puhdasplus.ee\/lt\/tooted\/vitaminai\/vitaminas-c\/vitaminas-c-500-mg-60-kapsuliu\/#primaryimage\"},\"image\":{\"@id\":\"https:\/\/test.puhdasplus.ee\/lt\/tooted\/vitaminai\/vitaminas-c\/vitaminas-c-500-mg-60-kapsuliu\/#primaryimage\"},\"thumbnailUrl\":\"https:\/\/test.puhdasplus.ee\/wp-content\/uploads\/2025\/09\/tooted-ilma-taustata-2-scaled.jpg\",\"datePublished\":\"2025-09-15T17:46:06+00:00\",\"dateModified\":\"2026-02-22T20:45:34+00:00\",\"description\":\"\u201ePure+\u201c vitamino C 60 kapsuli\u0173 \u2013 stiprus ir skrand\u017eiui draugi\u0161kas maisto papildas, stiprinantis imunitet\u0105, suteikiantis energijos ir padedantis palaikyti odos, kaul\u0173 ir dant\u0173 b\u016bkl\u0119.\",\"breadcrumb\":{\"@id\":\"https:\/\/test.puhdasplus.ee\/lt\/tooted\/vitaminai\/vitaminas-c\/vitaminas-c-500-mg-60-kapsuliu\/#breadcrumb\"},\"inLanguage\":\"lt-LT\",\"potentialAction\":[{\"@type\":\"ReadAction\",\"target\":[\"https:\/\/test.puhdasplus.ee\/lt\/tooted\/vitaminai\/vitaminas-c\/vitaminas-c-500-mg-60-kapsuliu\/\"]}]},{\"@type\":\"ImageObject\",\"inLanguage\":\"lt-LT\",\"@id\":\"https:\/\/test.puhdasplus.ee\/lt\/tooted\/vitaminai\/vitaminas-c\/vitaminas-c-500-mg-60-kapsuliu\/#primaryimage\",\"url\":\"https:\/\/test.puhdasplus.ee\/wp-content\/uploads\/2025\/09\/tooted-ilma-taustata-2-scaled.jpg\",\"contentUrl\":\"https:\/\/test.puhdasplus.ee\/wp-content\/uploads\/2025\/09\/tooted-ilma-taustata-2-scaled.jpg\",\"width\":1862,\"height\":2560,\"caption\":\"\u201ePure+\u201c vitamino C 60 kapsuli\u0173\"},{\"@type\":\"BreadcrumbList\",\"@id\":\"https:\/\/test.puhdasplus.ee\/lt\/tooted\/vitaminai\/vitaminas-c\/vitaminas-c-500-mg-60-kapsuliu\/#breadcrumb\",\"itemListElement\":[{\"@type\":\"ListItem\",\"position\":1,\"name\":\"Prad\u017eia\",\"item\":\"https:\/\/test.puhdasplus.ee\/lt\/\"},{\"@type\":\"ListItem\",\"position\":2,\"name\":\"Produktai\",\"item\":\"https:\/\/test.puhdasplus.ee\/lt\/parduotuve\/\"},{\"@type\":\"ListItem\",\"position\":3,\"name\":\"Stiprus vitaminas C 500 mg 60 kapsuli\u0173\"}]},{\"@type\":\"WebSite\",\"@id\":\"https:\/\/test.puhdasplus.ee\/lt\/#website\",\"url\":\"https:\/\/test.puhdasplus.ee\/lt\/\",\"name\":\"Puhdas+\",\"description\":\"Vitamiinid, Toidulisandid, looduskosmeetika, tervis, sport\",\"publisher\":{\"@id\":\"https:\/\/test.puhdasplus.ee\/lt\/#organization\"},\"potentialAction\":[{\"@type\":\"SearchAction\",\"target\":{\"@type\":\"EntryPoint\",\"urlTemplate\":\"https:\/\/test.puhdasplus.ee\/lt\/?s={search_term_string}\"},\"query-input\":{\"@type\":\"PropertyValueSpecification\",\"valueRequired\":true,\"valueName\":\"search_term_string\"}}],\"inLanguage\":\"lt-LT\"},{\"@type\":\"Organization\",\"@id\":\"https:\/\/test.puhdasplus.ee\/lt\/#organization\",\"name\":\"Puhdas+\",\"alternateName\":\"Puhdasplus\",\"url\":\"https:\/\/test.puhdasplus.ee\/lt\/\",\"logo\":{\"@type\":\"ImageObject\",\"inLanguage\":\"lt-LT\",\"@id\":\"https:\/\/test.puhdasplus.ee\/lt\/#\/schema\/logo\/image\/\",\"url\":\"https:\/\/test.puhdasplus.ee\/\/wp-content\/uploads\/2019\/10\/puhdas_logo-arvele.png\",\"contentUrl\":\"https:\/\/test.puhdasplus.ee\/\/wp-content\/uploads\/2019\/10\/puhdas_logo-arvele.png\",\"width\":114,\"height\":94,\"caption\":\"Puhdas+\"},\"image\":{\"@id\":\"https:\/\/test.puhdasplus.ee\/lt\/#\/schema\/logo\/image\/\"},\"sameAs\":[\"https:\/\/www.facebook.com\/puhdasplus\",\"https:\/\/www.instagram.com\/puhdasplus_ee\/\"]}]}<\/script>\n<!-- \/ Yoast SEO plugin. -->","yoast_head_json":{"title":"Stiprus vitaminas C 500 mg 60 kapsuli\u0173 - Puhdas+","description":"\u201ePure+\u201c vitamino C 60 kapsuli\u0173 \u2013 stiprus ir skrand\u017eiui draugi\u0161kas maisto papildas, stiprinantis imunitet\u0105, suteikiantis energijos ir padedantis palaikyti odos, kaul\u0173 ir dant\u0173 b\u016bkl\u0119.","robots":{"index":"noindex","follow":"follow","max-snippet":"max-snippet:-1","max-image-preview":"max-image-preview:large","max-video-preview":"max-video-preview:-1"},"og_locale":"lt_LT","og_type":"article","og_title":"Stiprus vitaminas C 500 mg 60 kapsuli\u0173 - Puhdas+","og_description":"\u201ePure+\u201c vitamino C 60 kapsuli\u0173 \u2013 stiprus ir skrand\u017eiui draugi\u0161kas maisto papildas, stiprinantis imunitet\u0105, suteikiantis energijos ir padedantis palaikyti odos, kaul\u0173 ir dant\u0173 b\u016bkl\u0119.","og_url":"https:\/\/test.puhdasplus.ee\/lt\/tooted\/vitaminai\/vitaminas-c\/vitaminas-c-500-mg-60-kapsuliu\/","og_site_name":"Puhdas+","article_publisher":"https:\/\/www.facebook.com\/puhdasplus","article_modified_time":"2026-02-22T20:45:34+00:00","og_image":[{"width":1862,"height":2560,"url":"https:\/\/test.puhdasplus.ee\/wp-content\/uploads\/2025\/09\/tooted-ilma-taustata-2-scaled.jpg","type":"image\/jpeg"}],"twitter_card":"summary_large_image","twitter_misc":{"Est. reading time":"1 minut\u0117"},"schema":{"@context":"https:\/\/schema.org","@graph":[{"@type":"WebPage","@id":"https:\/\/test.puhdasplus.ee\/lt\/tooted\/vitaminai\/vitaminas-c\/vitaminas-c-500-mg-60-kapsuliu\/","url":"https:\/\/test.puhdasplus.ee\/lt\/tooted\/vitaminai\/vitaminas-c\/vitaminas-c-500-mg-60-kapsuliu\/","name":"Stiprus vitaminas C 500 mg 60 kapsuli\u0173 - Puhdas+","isPartOf":{"@id":"https:\/\/test.puhdasplus.ee\/lt\/#website"},"primaryImageOfPage":{"@id":"https:\/\/test.puhdasplus.ee\/lt\/tooted\/vitaminai\/vitaminas-c\/vitaminas-c-500-mg-60-kapsuliu\/#primaryimage"},"image":{"@id":"https:\/\/test.puhdasplus.ee\/lt\/tooted\/vitaminai\/vitaminas-c\/vitaminas-c-500-mg-60-kapsuliu\/#primaryimage"},"thumbnailUrl":"https:\/\/test.puhdasplus.ee\/wp-content\/uploads\/2025\/09\/tooted-ilma-taustata-2-scaled.jpg","datePublished":"2025-09-15T17:46:06+00:00","dateModified":"2026-02-22T20:45:34+00:00","description":"\u201ePure+\u201c vitamino C 60 kapsuli\u0173 \u2013 stiprus ir skrand\u017eiui draugi\u0161kas maisto papildas, stiprinantis imunitet\u0105, suteikiantis energijos ir padedantis palaikyti odos, kaul\u0173 ir dant\u0173 b\u016bkl\u0119.","breadcrumb":{"@id":"https:\/\/test.puhdasplus.ee\/lt\/tooted\/vitaminai\/vitaminas-c\/vitaminas-c-500-mg-60-kapsuliu\/#breadcrumb"},"inLanguage":"lt-LT","potentialAction":[{"@type":"ReadAction","target":["https:\/\/test.puhdasplus.ee\/lt\/tooted\/vitaminai\/vitaminas-c\/vitaminas-c-500-mg-60-kapsuliu\/"]}]},{"@type":"ImageObject","inLanguage":"lt-LT","@id":"https:\/\/test.puhdasplus.ee\/lt\/tooted\/vitaminai\/vitaminas-c\/vitaminas-c-500-mg-60-kapsuliu\/#primaryimage","url":"https:\/\/test.puhdasplus.ee\/wp-content\/uploads\/2025\/09\/tooted-ilma-taustata-2-scaled.jpg","contentUrl":"https:\/\/test.puhdasplus.ee\/wp-content\/uploads\/2025\/09\/tooted-ilma-taustata-2-scaled.jpg","width":1862,"height":2560,"caption":"\u201ePure+\u201c vitamino C 60 kapsuli\u0173"},{"@type":"BreadcrumbList","@id":"https:\/\/test.puhdasplus.ee\/lt\/tooted\/vitaminai\/vitaminas-c\/vitaminas-c-500-mg-60-kapsuliu\/#breadcrumb","itemListElement":[{"@type":"ListItem","position":1,"name":"Prad\u017eia","item":"https:\/\/test.puhdasplus.ee\/lt\/"},{"@type":"ListItem","position":2,"name":"Produktai","item":"https:\/\/test.puhdasplus.ee\/lt\/parduotuve\/"},{"@type":"ListItem","position":3,"name":"Stiprus vitaminas C 500 mg 60 kapsuli\u0173"}]},{"@type":"WebSite","@id":"https:\/\/test.puhdasplus.ee\/lt\/#website","url":"https:\/\/test.puhdasplus.ee\/lt\/","name":"Puhdas+","description":"Vitamiinid, Toidulisandid, looduskosmeetika, tervis, sport","publisher":{"@id":"https:\/\/test.puhdasplus.ee\/lt\/#organization"},"potentialAction":[{"@type":"SearchAction","target":{"@type":"EntryPoint","urlTemplate":"https:\/\/test.puhdasplus.ee\/lt\/?s={search_term_string}"},"query-input":{"@type":"PropertyValueSpecification","valueRequired":true,"valueName":"search_term_string"}}],"inLanguage":"lt-LT"},{"@type":"Organization","@id":"https:\/\/test.puhdasplus.ee\/lt\/#organization","name":"Puhdas+","alternateName":"Puhdasplus","url":"https:\/\/test.puhdasplus.ee\/lt\/","logo":{"@type":"ImageObject","inLanguage":"lt-LT","@id":"https:\/\/test.puhdasplus.ee\/lt\/#\/schema\/logo\/image\/","url":"https:\/\/test.puhdasplus.ee\/\/wp-content\/uploads\/2019\/10\/puhdas_logo-arvele.png","contentUrl":"https:\/\/test.puhdasplus.ee\/\/wp-content\/uploads\/2019\/10\/puhdas_logo-arvele.png","width":114,"height":94,"caption":"Puhdas+"},"image":{"@id":"https:\/\/test.puhdasplus.ee\/lt\/#\/schema\/logo\/image\/"},"sameAs":["https:\/\/www.facebook.com\/puhdasplus","https:\/\/www.instagram.com\/puhdasplus_ee\/"]}]}},"_links":{"self":[{"href":"https:\/\/test.puhdasplus.ee\/lt\/wp-json\/wp\/v2\/product\/354107","targetHints":{"allow":["GET"]}}],"collection":[{"href":"https:\/\/test.puhdasplus.ee\/lt\/wp-json\/wp\/v2\/product"}],"about":[{"href":"https:\/\/test.puhdasplus.ee\/lt\/wp-json\/wp\/v2\/types\/product"}],"replies":[{"embeddable":true,"href":"https:\/\/test.puhdasplus.ee\/lt\/wp-json\/wp\/v2\/comments?post=354107"}],"wp:featuredmedia":[{"embeddable":true,"href":"https:\/\/test.puhdasplus.ee\/lt\/wp-json\/wp\/v2\/media\/353896"}],"wp:attachment":[{"href":"https:\/\/test.puhdasplus.ee\/lt\/wp-json\/wp\/v2\/media?parent=354107"}],"wp:term":[{"taxonomy":"product_brand","embeddable":true,"href":"https:\/\/test.puhdasplus.ee\/lt\/wp-json\/wp\/v2\/product_brand?post=354107"},{"taxonomy":"product_cat","embeddable":true,"href":"https:\/\/test.puhdasplus.ee\/lt\/wp-json\/wp\/v2\/product_cat?post=354107"},{"taxonomy":"product_tag","embeddable":true,"href":"https:\/\/test.puhdasplus.ee\/lt\/wp-json\/wp\/v2\/product_tag?post=354107"}],"curies":[{"name":"wp","href":"https:\/\/api.w.org\/{rel}","templated":true}]}}