{"id":354102,"date":"2025-09-10T10:58:47","date_gmt":"2025-09-10T07:58:47","guid":{"rendered":"https:\/\/test.puhdasplus.ee\/\/tooted\/be-kategorijos\/valerijono-300-mg-60-kapsuliu\/"},"modified":"2026-02-20T01:10:50","modified_gmt":"2026-02-19T23:10:50","slug":"valerijono-300-mg-60-kapsuliu","status":"publish","type":"product","link":"https:\/\/test.puhdasplus.ee\/lt\/tooted\/stresas-ir-miegas\/valerijono-300-mg-60-kapsuliu\/","title":{"rendered":"Valerijono 300 mg 60 kapsuli\u0173"},"content":{"rendered":"<p data-start=\"136\" data-end=\"379\"><strong data-start=\"136\" data-end=\"168\">\u201ePure+ Valerian\u201c 60 kapsuli\u0173<\/strong> sud\u0117tyje yra 300 mg vaistin\u0117s valerijon\u0173 (Valeriana officinalis) \u0161akn\u0173 ekstrakto. Valerijonas yra gerai \u017einoma ir tradici\u0161kai naudojama \u017eol\u0117. <\/p>\n<p data-start=\"381\" data-end=\"553\">Pagaminta Suomijoje i\u0161 gryn\u0173 \u017ealiav\u0173 ir be nereikaling\u0173 pried\u0173.<\/p>\n<p data-start=\"555\" data-end=\"570\"><strong data-start=\"555\" data-end=\"568\">Savyb\u0117s:<\/strong><\/p>\n<ul data-start=\"571\" data-end=\"800\">\n<li data-start=\"571\" data-end=\"638\">\n<p data-start=\"573\" data-end=\"638\">Stipri doz\u0117: <strong data-start=\"586\" data-end=\"636\">300 mg valerijon\u0173 \u0161akn\u0173 ekstrakto vienoje kapsul\u0117je<\/strong><\/p>\n<\/li>\n<li data-start=\"639\" data-end=\"680\">\n<p data-start=\"641\" data-end=\"680\">Tradici\u0161kai naudojamas augalas<\/p>\n<\/li>\n<li data-start=\"681\" data-end=\"761\">\n<p data-start=\"683\" data-end=\"761\">Tinka veganams, sud\u0117tyje n\u0117ra laktoz\u0117s, glitimo, mieli\u0173, sojos ar saldikli\u0173<\/p>\n<\/li>\n<li data-start=\"762\" data-end=\"800\">\n<p data-start=\"764\" data-end=\"800\">Gryni ir auk\u0161tos kokyb\u0117s ingredientai<\/p>\n<\/li>\n<\/ul>\n<p data-start=\"802\" data-end=\"1000\"><strong data-start=\"802\" data-end=\"818\">Sudedamosios dalys:<\/strong><br data-start=\"818\" data-end=\"821\"> Valerijono (Valeriana officinalis) \u0161akn\u0173 ekstraktas, u\u017epildas (mikrokristalin\u0117 celiulioz\u0117), kapsul\u0117s apvalkalas (hidroksipropilmetilceliulioz\u0117), lipnum\u0105 reguliuojanti med\u017eiaga (silicio dioksidas).<\/p>\n<p data-start=\"1002\" data-end=\"1019\"><strong data-start=\"1002\" data-end=\"1017\">Naudojimas:<\/strong><\/p>\n<ul data-start=\"1020\" data-end=\"1321\">\n<li data-start=\"1020\" data-end=\"1099\">\n<p data-start=\"1022\" data-end=\"1099\">Rekomenduojama doz\u0117 suaugusiesiems yra <strong data-start=\"1058\" data-end=\"1077\">1 kapsul\u0117 per dien\u0105<\/strong> , geriausia vakare.<\/p>\n<\/li>\n<li data-start=\"1100\" data-end=\"1135\">\n<p data-start=\"1102\" data-end=\"1135\">Paros doz\u0117s vir\u0161yti negalima.<\/p>\n<\/li>\n<li data-start=\"1136\" data-end=\"1228\">\n<p data-start=\"1138\" data-end=\"1228\">Maisto papildas nepakei\u010dia \u012fvairios ir subalansuotos mitybos ar sveiko gyvenimo b\u016bdo.<\/p>\n<\/li>\n<li data-start=\"1229\" data-end=\"1267\">\n<p data-start=\"1231\" data-end=\"1267\">Laikyti vaikams nepasiekiamoje vietoje.<\/p>\n<\/li>\n<li data-start=\"1268\" data-end=\"1321\">\n<p data-start=\"1270\" data-end=\"1321\">Nerekomenduojama vartoti n\u0117\u0161tumo ir \u017eindymo laikotarpiu.<\/p>\n<\/li>\n<\/ul>\n","protected":false},"excerpt":{"rendered":"<p><strong data-start=\"1351\" data-end=\"1383\">\u201ePure+ Valerian\u201c 60 kapsuli\u0173<\/strong> \u2013 nat\u016bralus maisto papildas, kurio vienoje kapsul\u0117je yra 300 mg valerijon\u0173 \u0161akn\u0173 ekstrakto. Valerijonas yra gerai \u017einoma ir tradici\u0161kai naudojama \u017eol\u0117. Tinka veganams, be pried\u0173.  <\/p>\n","protected":false},"featured_media":353828,"comment_status":"open","ping_status":"closed","template":"","meta":{"_acf_changed":false},"product_brand":[],"product_cat":[3049,3013],"product_tag":[3320,3319,7053,7056,7054,7055,2807,5709,7051,7050,7654,2967],"class_list":{"0":"post-354102","1":"product","2":"type-product","3":"status-publish","4":"has-post-thumbnail","6":"product_cat-specialus-pasiulymai","7":"product_cat-stresas-ir-miegas","8":"product_tag-be-glitimo","9":"product_tag-be-laktozes","10":"product_tag-miego-priemone","11":"product_tag-naturalus-raminamasis-vaistas","12":"product_tag-raminamasis-papildas","13":"product_tag-streso-mazinimas-2","14":"product_tag-svarus","15":"product_tag-vaistazoliu-papildas","16":"product_tag-valeriana-officinalis","17":"product_tag-valerijonas","18":"product_tag-valerijonas-2","19":"product_tag-veganas","21":"first","22":"instock","23":"sale","24":"taxable","25":"shipping-taxable","26":"purchasable","27":"product-type-simple"},"acf":[],"yoast_head":"<!-- This site is optimized with the Yoast SEO plugin v27.1.1 - https:\/\/yoast.com\/product\/yoast-seo-wordpress\/ -->\n<title>Valerijono 300 mg 60 kapsuli\u0173 - Puhdas+<\/title>\n<meta name=\"description\" content=\"\u201ePure+ Valerian\u201c 60 kapsuli\u0173 \u2013 stiprus 300 mg valerijon\u0173 ekstraktas. Nat\u016brali pagalba mal\u0161inant stres\u0105, atsipalaidavimui ir geresniam miegui.\" \/>\n<meta name=\"robots\" content=\"noindex, follow, max-snippet:-1, max-image-preview:large, max-video-preview:-1\" \/>\n<meta property=\"og:locale\" content=\"lt_LT\" \/>\n<meta property=\"og:type\" content=\"article\" \/>\n<meta property=\"og:title\" content=\"Valerijono 300 mg 60 kapsuli\u0173 - Puhdas+\" \/>\n<meta property=\"og:description\" content=\"\u201ePure+ Valerian\u201c 60 kapsuli\u0173 \u2013 stiprus 300 mg valerijon\u0173 ekstraktas. Nat\u016brali pagalba mal\u0161inant stres\u0105, atsipalaidavimui ir geresniam miegui.\" \/>\n<meta property=\"og:url\" content=\"https:\/\/test.puhdasplus.ee\/lt\/tooted\/stresas-ir-miegas\/valerijono-300-mg-60-kapsuliu\/\" \/>\n<meta property=\"og:site_name\" content=\"Puhdas+\" \/>\n<meta property=\"article:publisher\" content=\"https:\/\/www.facebook.com\/puhdasplus\" \/>\n<meta property=\"article:modified_time\" content=\"2026-02-19T23:10:50+00:00\" \/>\n<meta property=\"og:image\" content=\"https:\/\/test.puhdasplus.ee\/wp-content\/uploads\/2025\/09\/tooted-ilma-taustata-copy-4-scaled.jpg\" \/>\n\t<meta property=\"og:image:width\" content=\"1862\" \/>\n\t<meta property=\"og:image:height\" content=\"2560\" \/>\n\t<meta property=\"og:image:type\" content=\"image\/jpeg\" \/>\n<meta name=\"twitter:card\" content=\"summary_large_image\" \/>\n<meta name=\"twitter:label1\" content=\"Est. reading time\" \/>\n\t<meta name=\"twitter:data1\" content=\"1 minut\u0117\" \/>\n<script type=\"application\/ld+json\" class=\"yoast-schema-graph\">{\"@context\":\"https:\/\/schema.org\",\"@graph\":[{\"@type\":\"WebPage\",\"@id\":\"https:\/\/test.puhdasplus.ee\/lt\/tooted\/stresas-ir-miegas\/valerijono-300-mg-60-kapsuliu\/\",\"url\":\"https:\/\/test.puhdasplus.ee\/lt\/tooted\/stresas-ir-miegas\/valerijono-300-mg-60-kapsuliu\/\",\"name\":\"Valerijono 300 mg 60 kapsuli\u0173 - Puhdas+\",\"isPartOf\":{\"@id\":\"https:\/\/test.puhdasplus.ee\/lt\/#website\"},\"primaryImageOfPage\":{\"@id\":\"https:\/\/test.puhdasplus.ee\/lt\/tooted\/stresas-ir-miegas\/valerijono-300-mg-60-kapsuliu\/#primaryimage\"},\"image\":{\"@id\":\"https:\/\/test.puhdasplus.ee\/lt\/tooted\/stresas-ir-miegas\/valerijono-300-mg-60-kapsuliu\/#primaryimage\"},\"thumbnailUrl\":\"https:\/\/test.puhdasplus.ee\/wp-content\/uploads\/2025\/09\/tooted-ilma-taustata-copy-4-scaled.jpg\",\"datePublished\":\"2025-09-10T07:58:47+00:00\",\"dateModified\":\"2026-02-19T23:10:50+00:00\",\"description\":\"\u201ePure+ Valerian\u201c 60 kapsuli\u0173 \u2013 stiprus 300 mg valerijon\u0173 ekstraktas. Nat\u016brali pagalba mal\u0161inant stres\u0105, atsipalaidavimui ir geresniam miegui.\",\"breadcrumb\":{\"@id\":\"https:\/\/test.puhdasplus.ee\/lt\/tooted\/stresas-ir-miegas\/valerijono-300-mg-60-kapsuliu\/#breadcrumb\"},\"inLanguage\":\"lt-LT\",\"potentialAction\":[{\"@type\":\"ReadAction\",\"target\":[\"https:\/\/test.puhdasplus.ee\/lt\/tooted\/stresas-ir-miegas\/valerijono-300-mg-60-kapsuliu\/\"]}]},{\"@type\":\"ImageObject\",\"inLanguage\":\"lt-LT\",\"@id\":\"https:\/\/test.puhdasplus.ee\/lt\/tooted\/stresas-ir-miegas\/valerijono-300-mg-60-kapsuliu\/#primaryimage\",\"url\":\"https:\/\/test.puhdasplus.ee\/wp-content\/uploads\/2025\/09\/tooted-ilma-taustata-copy-4-scaled.jpg\",\"contentUrl\":\"https:\/\/test.puhdasplus.ee\/wp-content\/uploads\/2025\/09\/tooted-ilma-taustata-copy-4-scaled.jpg\",\"width\":1862,\"height\":2560,\"caption\":\"\u201ePure+\u201c valerijon\u0173 60 kapsuli\u0173\"},{\"@type\":\"BreadcrumbList\",\"@id\":\"https:\/\/test.puhdasplus.ee\/lt\/tooted\/stresas-ir-miegas\/valerijono-300-mg-60-kapsuliu\/#breadcrumb\",\"itemListElement\":[{\"@type\":\"ListItem\",\"position\":1,\"name\":\"Prad\u017eia\",\"item\":\"https:\/\/test.puhdasplus.ee\/lt\/\"},{\"@type\":\"ListItem\",\"position\":2,\"name\":\"Produktai\",\"item\":\"https:\/\/test.puhdasplus.ee\/lt\/parduotuve\/\"},{\"@type\":\"ListItem\",\"position\":3,\"name\":\"Valerijono 300 mg 60 kapsuli\u0173\"}]},{\"@type\":\"WebSite\",\"@id\":\"https:\/\/test.puhdasplus.ee\/lt\/#website\",\"url\":\"https:\/\/test.puhdasplus.ee\/lt\/\",\"name\":\"Puhdas+\",\"description\":\"Vitamiinid, Toidulisandid, looduskosmeetika, tervis, sport\",\"publisher\":{\"@id\":\"https:\/\/test.puhdasplus.ee\/lt\/#organization\"},\"potentialAction\":[{\"@type\":\"SearchAction\",\"target\":{\"@type\":\"EntryPoint\",\"urlTemplate\":\"https:\/\/test.puhdasplus.ee\/lt\/?s={search_term_string}\"},\"query-input\":{\"@type\":\"PropertyValueSpecification\",\"valueRequired\":true,\"valueName\":\"search_term_string\"}}],\"inLanguage\":\"lt-LT\"},{\"@type\":\"Organization\",\"@id\":\"https:\/\/test.puhdasplus.ee\/lt\/#organization\",\"name\":\"Puhdas+\",\"alternateName\":\"Puhdasplus\",\"url\":\"https:\/\/test.puhdasplus.ee\/lt\/\",\"logo\":{\"@type\":\"ImageObject\",\"inLanguage\":\"lt-LT\",\"@id\":\"https:\/\/test.puhdasplus.ee\/lt\/#\/schema\/logo\/image\/\",\"url\":\"https:\/\/test.puhdasplus.ee\/\/wp-content\/uploads\/2019\/10\/puhdas_logo-arvele.png\",\"contentUrl\":\"https:\/\/test.puhdasplus.ee\/\/wp-content\/uploads\/2019\/10\/puhdas_logo-arvele.png\",\"width\":114,\"height\":94,\"caption\":\"Puhdas+\"},\"image\":{\"@id\":\"https:\/\/test.puhdasplus.ee\/lt\/#\/schema\/logo\/image\/\"},\"sameAs\":[\"https:\/\/www.facebook.com\/puhdasplus\",\"https:\/\/www.instagram.com\/puhdasplus_ee\/\"]}]}<\/script>\n<!-- \/ Yoast SEO plugin. -->","yoast_head_json":{"title":"Valerijono 300 mg 60 kapsuli\u0173 - Puhdas+","description":"\u201ePure+ Valerian\u201c 60 kapsuli\u0173 \u2013 stiprus 300 mg valerijon\u0173 ekstraktas. Nat\u016brali pagalba mal\u0161inant stres\u0105, atsipalaidavimui ir geresniam miegui.","robots":{"index":"noindex","follow":"follow","max-snippet":"max-snippet:-1","max-image-preview":"max-image-preview:large","max-video-preview":"max-video-preview:-1"},"og_locale":"lt_LT","og_type":"article","og_title":"Valerijono 300 mg 60 kapsuli\u0173 - Puhdas+","og_description":"\u201ePure+ Valerian\u201c 60 kapsuli\u0173 \u2013 stiprus 300 mg valerijon\u0173 ekstraktas. Nat\u016brali pagalba mal\u0161inant stres\u0105, atsipalaidavimui ir geresniam miegui.","og_url":"https:\/\/test.puhdasplus.ee\/lt\/tooted\/stresas-ir-miegas\/valerijono-300-mg-60-kapsuliu\/","og_site_name":"Puhdas+","article_publisher":"https:\/\/www.facebook.com\/puhdasplus","article_modified_time":"2026-02-19T23:10:50+00:00","og_image":[{"width":1862,"height":2560,"url":"https:\/\/test.puhdasplus.ee\/wp-content\/uploads\/2025\/09\/tooted-ilma-taustata-copy-4-scaled.jpg","type":"image\/jpeg"}],"twitter_card":"summary_large_image","twitter_misc":{"Est. reading time":"1 minut\u0117"},"schema":{"@context":"https:\/\/schema.org","@graph":[{"@type":"WebPage","@id":"https:\/\/test.puhdasplus.ee\/lt\/tooted\/stresas-ir-miegas\/valerijono-300-mg-60-kapsuliu\/","url":"https:\/\/test.puhdasplus.ee\/lt\/tooted\/stresas-ir-miegas\/valerijono-300-mg-60-kapsuliu\/","name":"Valerijono 300 mg 60 kapsuli\u0173 - Puhdas+","isPartOf":{"@id":"https:\/\/test.puhdasplus.ee\/lt\/#website"},"primaryImageOfPage":{"@id":"https:\/\/test.puhdasplus.ee\/lt\/tooted\/stresas-ir-miegas\/valerijono-300-mg-60-kapsuliu\/#primaryimage"},"image":{"@id":"https:\/\/test.puhdasplus.ee\/lt\/tooted\/stresas-ir-miegas\/valerijono-300-mg-60-kapsuliu\/#primaryimage"},"thumbnailUrl":"https:\/\/test.puhdasplus.ee\/wp-content\/uploads\/2025\/09\/tooted-ilma-taustata-copy-4-scaled.jpg","datePublished":"2025-09-10T07:58:47+00:00","dateModified":"2026-02-19T23:10:50+00:00","description":"\u201ePure+ Valerian\u201c 60 kapsuli\u0173 \u2013 stiprus 300 mg valerijon\u0173 ekstraktas. Nat\u016brali pagalba mal\u0161inant stres\u0105, atsipalaidavimui ir geresniam miegui.","breadcrumb":{"@id":"https:\/\/test.puhdasplus.ee\/lt\/tooted\/stresas-ir-miegas\/valerijono-300-mg-60-kapsuliu\/#breadcrumb"},"inLanguage":"lt-LT","potentialAction":[{"@type":"ReadAction","target":["https:\/\/test.puhdasplus.ee\/lt\/tooted\/stresas-ir-miegas\/valerijono-300-mg-60-kapsuliu\/"]}]},{"@type":"ImageObject","inLanguage":"lt-LT","@id":"https:\/\/test.puhdasplus.ee\/lt\/tooted\/stresas-ir-miegas\/valerijono-300-mg-60-kapsuliu\/#primaryimage","url":"https:\/\/test.puhdasplus.ee\/wp-content\/uploads\/2025\/09\/tooted-ilma-taustata-copy-4-scaled.jpg","contentUrl":"https:\/\/test.puhdasplus.ee\/wp-content\/uploads\/2025\/09\/tooted-ilma-taustata-copy-4-scaled.jpg","width":1862,"height":2560,"caption":"\u201ePure+\u201c valerijon\u0173 60 kapsuli\u0173"},{"@type":"BreadcrumbList","@id":"https:\/\/test.puhdasplus.ee\/lt\/tooted\/stresas-ir-miegas\/valerijono-300-mg-60-kapsuliu\/#breadcrumb","itemListElement":[{"@type":"ListItem","position":1,"name":"Prad\u017eia","item":"https:\/\/test.puhdasplus.ee\/lt\/"},{"@type":"ListItem","position":2,"name":"Produktai","item":"https:\/\/test.puhdasplus.ee\/lt\/parduotuve\/"},{"@type":"ListItem","position":3,"name":"Valerijono 300 mg 60 kapsuli\u0173"}]},{"@type":"WebSite","@id":"https:\/\/test.puhdasplus.ee\/lt\/#website","url":"https:\/\/test.puhdasplus.ee\/lt\/","name":"Puhdas+","description":"Vitamiinid, Toidulisandid, looduskosmeetika, tervis, sport","publisher":{"@id":"https:\/\/test.puhdasplus.ee\/lt\/#organization"},"potentialAction":[{"@type":"SearchAction","target":{"@type":"EntryPoint","urlTemplate":"https:\/\/test.puhdasplus.ee\/lt\/?s={search_term_string}"},"query-input":{"@type":"PropertyValueSpecification","valueRequired":true,"valueName":"search_term_string"}}],"inLanguage":"lt-LT"},{"@type":"Organization","@id":"https:\/\/test.puhdasplus.ee\/lt\/#organization","name":"Puhdas+","alternateName":"Puhdasplus","url":"https:\/\/test.puhdasplus.ee\/lt\/","logo":{"@type":"ImageObject","inLanguage":"lt-LT","@id":"https:\/\/test.puhdasplus.ee\/lt\/#\/schema\/logo\/image\/","url":"https:\/\/test.puhdasplus.ee\/\/wp-content\/uploads\/2019\/10\/puhdas_logo-arvele.png","contentUrl":"https:\/\/test.puhdasplus.ee\/\/wp-content\/uploads\/2019\/10\/puhdas_logo-arvele.png","width":114,"height":94,"caption":"Puhdas+"},"image":{"@id":"https:\/\/test.puhdasplus.ee\/lt\/#\/schema\/logo\/image\/"},"sameAs":["https:\/\/www.facebook.com\/puhdasplus","https:\/\/www.instagram.com\/puhdasplus_ee\/"]}]}},"_links":{"self":[{"href":"https:\/\/test.puhdasplus.ee\/lt\/wp-json\/wp\/v2\/product\/354102","targetHints":{"allow":["GET"]}}],"collection":[{"href":"https:\/\/test.puhdasplus.ee\/lt\/wp-json\/wp\/v2\/product"}],"about":[{"href":"https:\/\/test.puhdasplus.ee\/lt\/wp-json\/wp\/v2\/types\/product"}],"replies":[{"embeddable":true,"href":"https:\/\/test.puhdasplus.ee\/lt\/wp-json\/wp\/v2\/comments?post=354102"}],"wp:featuredmedia":[{"embeddable":true,"href":"https:\/\/test.puhdasplus.ee\/lt\/wp-json\/wp\/v2\/media\/353828"}],"wp:attachment":[{"href":"https:\/\/test.puhdasplus.ee\/lt\/wp-json\/wp\/v2\/media?parent=354102"}],"wp:term":[{"taxonomy":"product_brand","embeddable":true,"href":"https:\/\/test.puhdasplus.ee\/lt\/wp-json\/wp\/v2\/product_brand?post=354102"},{"taxonomy":"product_cat","embeddable":true,"href":"https:\/\/test.puhdasplus.ee\/lt\/wp-json\/wp\/v2\/product_cat?post=354102"},{"taxonomy":"product_tag","embeddable":true,"href":"https:\/\/test.puhdasplus.ee\/lt\/wp-json\/wp\/v2\/product_tag?post=354102"}],"curies":[{"name":"wp","href":"https:\/\/api.w.org\/{rel}","templated":true}]}}