{"id":354087,"date":"2025-09-10T10:51:52","date_gmt":"2025-09-10T07:51:52","guid":{"rendered":"https:\/\/test.puhdasplus.ee\/\/tooted\/be-kategorijos\/stiprus-bromelainas-800-gdu-344-mg-60-kapsuliu\/"},"modified":"2026-02-22T22:45:39","modified_gmt":"2026-02-22T20:45:39","slug":"stiprus-bromelainas-800-gdu-344-mg-60-kapsuliu","status":"publish","type":"product","link":"https:\/\/test.puhdasplus.ee\/lt\/tooted\/virskinimas-ir-medziagu-apykaita\/stiprus-bromelainas-800-gdu-344-mg-60-kapsuliu\/","title":{"rendered":"Stiprus bromelainas 800 GDU 344 mg 60 kapsuli\u0173"},"content":{"rendered":"<p data-start=\"163\" data-end=\"403\"><strong data-start=\"163\" data-end=\"220\">\u201ePure+ Strong Bromelain 800 GDU\u201c (344 mg), 60 kapsuli\u0173<\/strong> sud\u0117tyje yra veikliosios med\u017eiagos bromelaino \u2013 proteolitinio fermento, i\u0161gaunamo i\u0161 ananas\u0173.<\/p>\n<p data-start=\"405\" data-end=\"610\">Produktas be laktoz\u0117s, glitimo, cukraus, druskos, kukur\u016bz\u0173, sojos ir saldikli\u0173, tinka veganams ir vegetarams. Pagamintas Suomijoje, laikantis auk\u0161t\u0173 grynumo ir kokyb\u0117s standart\u0173. <\/p>\n<p data-start=\"612\" data-end=\"627\"><strong data-start=\"612\" data-end=\"625\">Savyb\u0117s:<\/strong><\/p>\n<ul>\n<li data-start=\"687\" data-end=\"756\"><b>fermentas, naudojamas maisto vir\u0161kinimui palengvinti<\/b><\/li>\n<li data-start=\"757\" data-end=\"820\">\n<p data-start=\"759\" data-end=\"820\">Tinka veganams, be glitimo, laktoz\u0117s ir saldikli\u0173<\/p>\n<\/li>\n<li data-start=\"821\" data-end=\"871\">\n<p data-start=\"823\" data-end=\"871\">Gryni ingredientai ir didelis veikli\u0173j\u0173 med\u017eiag\u0173 kiekis<\/p>\n<\/li>\n<\/ul>\n<p data-start=\"873\" data-end=\"994\"><strong data-start=\"873\" data-end=\"889\">Sudedamosios dalys:<\/strong><br data-start=\"889\" data-end=\"892\"> Bromelainas, u\u017epildas (ry\u017ei\u0173 miltai), kapsul\u0117 (hidroksipropilmetilceliulioz\u0117), MCT milteliai (i\u0161 kokoso).<\/p>\n<p data-start=\"2265\" data-end=\"2369\"><strong data-start=\"2265\" data-end=\"2286\">Maistini\u0173 med\u017eiag\u0173 kiekis:<\/strong><br data-start=\"2286\" data-end=\"2289\"> 1 kapsul\u0117je: bromelainas 800 GDU (344 mg)<br data-start=\"2327\" data-end=\"2330\"> 2 kapsul\u0117se: bromelainas 1600 GDU (688 mg)<\/p>\n<p data-start=\"2678\" data-end=\"2722\"><strong data-start=\"2678\" data-end=\"2694\">Laikymas:<\/strong> Sausoje ir kambario temperat\u016broje.<\/p>\n<p data-start=\"996\" data-end=\"1013\"><strong data-start=\"996\" data-end=\"1011\">Naudojimas:<\/strong><\/p>\n<ul data-start=\"1014\" data-end=\"1245\">\n<li data-start=\"1014\" data-end=\"1066\">\n<p data-start=\"1016\" data-end=\"1066\">Suaugusiesiems gerti po 1\u20132 kapsules per dien\u0105 valgio metu.<\/p>\n<\/li>\n<li data-start=\"1067\" data-end=\"1113\">\n<p data-start=\"1069\" data-end=\"1113\">Rekomenduojamos paros doz\u0117s vir\u0161yti negalima.<\/p>\n<\/li>\n<li data-start=\"1114\" data-end=\"1206\">\n<p data-start=\"1116\" data-end=\"1206\">Maisto papildas nepakei\u010dia \u012fvairios ir subalansuotos mitybos ar sveiko gyvenimo b\u016bdo.<\/p>\n<\/li>\n<li data-start=\"1207\" data-end=\"1245\">\n<p data-start=\"1209\" data-end=\"1245\">Laikyti vaikams nepasiekiamoje vietoje.<\/p>\n<\/li>\n<\/ul>\n","protected":false},"excerpt":{"rendered":"<p><strong data-start=\"1295\" data-end=\"1352\">\u201ePure+ Strong Bromelain\u201c 800 GDU (344 mg), 60 kapsuli\u0173<\/strong> \u2013 stiprus i\u0161 ananas\u0173 gaunamas fermentas <b>, pasi\u017eymintis dideliu fermentiniu aktyvumu.<\/b><\/p>\n<p> Be glitimo ir tinka veganams.<\/p>\n","protected":false},"featured_media":353822,"comment_status":"open","ping_status":"closed","template":"","meta":{"_acf_changed":false},"product_brand":[],"product_cat":[3318],"product_tag":[3599,3320,3319,7010,7014,3131,7011,7008,2807,2967,7013,7015],"class_list":{"0":"post-354087","1":"product","2":"type-product","3":"status-publish","4":"has-post-thumbnail","6":"product_cat-virskinimas-ir-medziagu-apykaita","7":"product_tag-atsigavimas","8":"product_tag-be-glitimo","9":"product_tag-be-laktozes","10":"product_tag-bromelainas","11":"product_tag-is-ananasu-gautas-fermentas","12":"product_tag-maisto-papildas","13":"product_tag-proteolitinis-fermentas","14":"product_tag-stiprus-bromelainas","15":"product_tag-svarus","16":"product_tag-veganas","17":"product_tag-virskinimo-palaikymas-2","18":"product_tag-virskinimo-sistema","20":"first","21":"onbackorder","22":"taxable","23":"shipping-taxable","24":"purchasable","25":"product-type-simple"},"acf":[],"yoast_head":"<!-- This site is optimized with the Yoast SEO plugin v27.1.1 - https:\/\/yoast.com\/product\/yoast-seo-wordpress\/ -->\n<title>Stiprus bromelainas 800 GDU 344 mg 60 kapsuli\u0173 - Puhdas+<\/title>\n<meta name=\"description\" content=\"\u201ePure+ Strong Bromelain\u201c 800 GDU (344 mg), 60 kapsuli\u0173 \u2013 i\u0161 ananas\u0173 i\u0161gaunamas fermentas, kuris palaiko vir\u0161kinim\u0105 ir padeda organizmui atsigauti.\" \/>\n<meta name=\"robots\" content=\"noindex, follow, max-snippet:-1, max-image-preview:large, max-video-preview:-1\" \/>\n<meta property=\"og:locale\" content=\"lt_LT\" \/>\n<meta property=\"og:type\" content=\"article\" \/>\n<meta property=\"og:title\" content=\"Stiprus bromelainas 800 GDU 344 mg 60 kapsuli\u0173 - Puhdas+\" \/>\n<meta property=\"og:description\" content=\"\u201ePure+ Strong Bromelain\u201c 800 GDU (344 mg), 60 kapsuli\u0173 \u2013 i\u0161 ananas\u0173 i\u0161gaunamas fermentas, kuris palaiko vir\u0161kinim\u0105 ir padeda organizmui atsigauti.\" \/>\n<meta property=\"og:url\" content=\"https:\/\/test.puhdasplus.ee\/lt\/tooted\/virskinimas-ir-medziagu-apykaita\/stiprus-bromelainas-800-gdu-344-mg-60-kapsuliu\/\" \/>\n<meta property=\"og:site_name\" content=\"Puhdas+\" \/>\n<meta property=\"article:publisher\" content=\"https:\/\/www.facebook.com\/puhdasplus\" \/>\n<meta property=\"article:modified_time\" content=\"2026-02-22T20:45:39+00:00\" \/>\n<meta property=\"og:image\" content=\"https:\/\/test.puhdasplus.ee\/wp-content\/uploads\/2025\/09\/tooted-ilma-taustata-copy-3-scaled.jpg\" \/>\n\t<meta property=\"og:image:width\" content=\"1862\" \/>\n\t<meta property=\"og:image:height\" content=\"2560\" \/>\n\t<meta property=\"og:image:type\" content=\"image\/jpeg\" \/>\n<meta name=\"twitter:card\" content=\"summary_large_image\" \/>\n<meta name=\"twitter:label1\" content=\"Est. reading time\" \/>\n\t<meta name=\"twitter:data1\" content=\"1 minut\u0117\" \/>\n<script type=\"application\/ld+json\" class=\"yoast-schema-graph\">{\"@context\":\"https:\/\/schema.org\",\"@graph\":[{\"@type\":\"WebPage\",\"@id\":\"https:\/\/test.puhdasplus.ee\/lt\/tooted\/virskinimas-ir-medziagu-apykaita\/stiprus-bromelainas-800-gdu-344-mg-60-kapsuliu\/\",\"url\":\"https:\/\/test.puhdasplus.ee\/lt\/tooted\/virskinimas-ir-medziagu-apykaita\/stiprus-bromelainas-800-gdu-344-mg-60-kapsuliu\/\",\"name\":\"Stiprus bromelainas 800 GDU 344 mg 60 kapsuli\u0173 - Puhdas+\",\"isPartOf\":{\"@id\":\"https:\/\/test.puhdasplus.ee\/lt\/#website\"},\"primaryImageOfPage\":{\"@id\":\"https:\/\/test.puhdasplus.ee\/lt\/tooted\/virskinimas-ir-medziagu-apykaita\/stiprus-bromelainas-800-gdu-344-mg-60-kapsuliu\/#primaryimage\"},\"image\":{\"@id\":\"https:\/\/test.puhdasplus.ee\/lt\/tooted\/virskinimas-ir-medziagu-apykaita\/stiprus-bromelainas-800-gdu-344-mg-60-kapsuliu\/#primaryimage\"},\"thumbnailUrl\":\"https:\/\/test.puhdasplus.ee\/wp-content\/uploads\/2025\/09\/tooted-ilma-taustata-copy-3-scaled.jpg\",\"datePublished\":\"2025-09-10T07:51:52+00:00\",\"dateModified\":\"2026-02-22T20:45:39+00:00\",\"description\":\"\u201ePure+ Strong Bromelain\u201c 800 GDU (344 mg), 60 kapsuli\u0173 \u2013 i\u0161 ananas\u0173 i\u0161gaunamas fermentas, kuris palaiko vir\u0161kinim\u0105 ir padeda organizmui atsigauti.\",\"breadcrumb\":{\"@id\":\"https:\/\/test.puhdasplus.ee\/lt\/tooted\/virskinimas-ir-medziagu-apykaita\/stiprus-bromelainas-800-gdu-344-mg-60-kapsuliu\/#breadcrumb\"},\"inLanguage\":\"lt-LT\",\"potentialAction\":[{\"@type\":\"ReadAction\",\"target\":[\"https:\/\/test.puhdasplus.ee\/lt\/tooted\/virskinimas-ir-medziagu-apykaita\/stiprus-bromelainas-800-gdu-344-mg-60-kapsuliu\/\"]}]},{\"@type\":\"ImageObject\",\"inLanguage\":\"lt-LT\",\"@id\":\"https:\/\/test.puhdasplus.ee\/lt\/tooted\/virskinimas-ir-medziagu-apykaita\/stiprus-bromelainas-800-gdu-344-mg-60-kapsuliu\/#primaryimage\",\"url\":\"https:\/\/test.puhdasplus.ee\/wp-content\/uploads\/2025\/09\/tooted-ilma-taustata-copy-3-scaled.jpg\",\"contentUrl\":\"https:\/\/test.puhdasplus.ee\/wp-content\/uploads\/2025\/09\/tooted-ilma-taustata-copy-3-scaled.jpg\",\"width\":1862,\"height\":2560,\"caption\":\"\u201ePure+ Strength\u201c bromelainas 800 GDU (344 mg), 60 kapsuli\u0173\"},{\"@type\":\"BreadcrumbList\",\"@id\":\"https:\/\/test.puhdasplus.ee\/lt\/tooted\/virskinimas-ir-medziagu-apykaita\/stiprus-bromelainas-800-gdu-344-mg-60-kapsuliu\/#breadcrumb\",\"itemListElement\":[{\"@type\":\"ListItem\",\"position\":1,\"name\":\"Prad\u017eia\",\"item\":\"https:\/\/test.puhdasplus.ee\/lt\/\"},{\"@type\":\"ListItem\",\"position\":2,\"name\":\"Produktai\",\"item\":\"https:\/\/test.puhdasplus.ee\/lt\/parduotuve\/\"},{\"@type\":\"ListItem\",\"position\":3,\"name\":\"Stiprus bromelainas 800 GDU 344 mg 60 kapsuli\u0173\"}]},{\"@type\":\"WebSite\",\"@id\":\"https:\/\/test.puhdasplus.ee\/lt\/#website\",\"url\":\"https:\/\/test.puhdasplus.ee\/lt\/\",\"name\":\"Puhdas+\",\"description\":\"Vitamiinid, Toidulisandid, looduskosmeetika, tervis, sport\",\"publisher\":{\"@id\":\"https:\/\/test.puhdasplus.ee\/lt\/#organization\"},\"potentialAction\":[{\"@type\":\"SearchAction\",\"target\":{\"@type\":\"EntryPoint\",\"urlTemplate\":\"https:\/\/test.puhdasplus.ee\/lt\/?s={search_term_string}\"},\"query-input\":{\"@type\":\"PropertyValueSpecification\",\"valueRequired\":true,\"valueName\":\"search_term_string\"}}],\"inLanguage\":\"lt-LT\"},{\"@type\":\"Organization\",\"@id\":\"https:\/\/test.puhdasplus.ee\/lt\/#organization\",\"name\":\"Puhdas+\",\"alternateName\":\"Puhdasplus\",\"url\":\"https:\/\/test.puhdasplus.ee\/lt\/\",\"logo\":{\"@type\":\"ImageObject\",\"inLanguage\":\"lt-LT\",\"@id\":\"https:\/\/test.puhdasplus.ee\/lt\/#\/schema\/logo\/image\/\",\"url\":\"https:\/\/test.puhdasplus.ee\/\/wp-content\/uploads\/2019\/10\/puhdas_logo-arvele.png\",\"contentUrl\":\"https:\/\/test.puhdasplus.ee\/\/wp-content\/uploads\/2019\/10\/puhdas_logo-arvele.png\",\"width\":114,\"height\":94,\"caption\":\"Puhdas+\"},\"image\":{\"@id\":\"https:\/\/test.puhdasplus.ee\/lt\/#\/schema\/logo\/image\/\"},\"sameAs\":[\"https:\/\/www.facebook.com\/puhdasplus\",\"https:\/\/www.instagram.com\/puhdasplus_ee\/\"]}]}<\/script>\n<!-- \/ Yoast SEO plugin. -->","yoast_head_json":{"title":"Stiprus bromelainas 800 GDU 344 mg 60 kapsuli\u0173 - Puhdas+","description":"\u201ePure+ Strong Bromelain\u201c 800 GDU (344 mg), 60 kapsuli\u0173 \u2013 i\u0161 ananas\u0173 i\u0161gaunamas fermentas, kuris palaiko vir\u0161kinim\u0105 ir padeda organizmui atsigauti.","robots":{"index":"noindex","follow":"follow","max-snippet":"max-snippet:-1","max-image-preview":"max-image-preview:large","max-video-preview":"max-video-preview:-1"},"og_locale":"lt_LT","og_type":"article","og_title":"Stiprus bromelainas 800 GDU 344 mg 60 kapsuli\u0173 - Puhdas+","og_description":"\u201ePure+ Strong Bromelain\u201c 800 GDU (344 mg), 60 kapsuli\u0173 \u2013 i\u0161 ananas\u0173 i\u0161gaunamas fermentas, kuris palaiko vir\u0161kinim\u0105 ir padeda organizmui atsigauti.","og_url":"https:\/\/test.puhdasplus.ee\/lt\/tooted\/virskinimas-ir-medziagu-apykaita\/stiprus-bromelainas-800-gdu-344-mg-60-kapsuliu\/","og_site_name":"Puhdas+","article_publisher":"https:\/\/www.facebook.com\/puhdasplus","article_modified_time":"2026-02-22T20:45:39+00:00","og_image":[{"width":1862,"height":2560,"url":"https:\/\/test.puhdasplus.ee\/wp-content\/uploads\/2025\/09\/tooted-ilma-taustata-copy-3-scaled.jpg","type":"image\/jpeg"}],"twitter_card":"summary_large_image","twitter_misc":{"Est. reading time":"1 minut\u0117"},"schema":{"@context":"https:\/\/schema.org","@graph":[{"@type":"WebPage","@id":"https:\/\/test.puhdasplus.ee\/lt\/tooted\/virskinimas-ir-medziagu-apykaita\/stiprus-bromelainas-800-gdu-344-mg-60-kapsuliu\/","url":"https:\/\/test.puhdasplus.ee\/lt\/tooted\/virskinimas-ir-medziagu-apykaita\/stiprus-bromelainas-800-gdu-344-mg-60-kapsuliu\/","name":"Stiprus bromelainas 800 GDU 344 mg 60 kapsuli\u0173 - Puhdas+","isPartOf":{"@id":"https:\/\/test.puhdasplus.ee\/lt\/#website"},"primaryImageOfPage":{"@id":"https:\/\/test.puhdasplus.ee\/lt\/tooted\/virskinimas-ir-medziagu-apykaita\/stiprus-bromelainas-800-gdu-344-mg-60-kapsuliu\/#primaryimage"},"image":{"@id":"https:\/\/test.puhdasplus.ee\/lt\/tooted\/virskinimas-ir-medziagu-apykaita\/stiprus-bromelainas-800-gdu-344-mg-60-kapsuliu\/#primaryimage"},"thumbnailUrl":"https:\/\/test.puhdasplus.ee\/wp-content\/uploads\/2025\/09\/tooted-ilma-taustata-copy-3-scaled.jpg","datePublished":"2025-09-10T07:51:52+00:00","dateModified":"2026-02-22T20:45:39+00:00","description":"\u201ePure+ Strong Bromelain\u201c 800 GDU (344 mg), 60 kapsuli\u0173 \u2013 i\u0161 ananas\u0173 i\u0161gaunamas fermentas, kuris palaiko vir\u0161kinim\u0105 ir padeda organizmui atsigauti.","breadcrumb":{"@id":"https:\/\/test.puhdasplus.ee\/lt\/tooted\/virskinimas-ir-medziagu-apykaita\/stiprus-bromelainas-800-gdu-344-mg-60-kapsuliu\/#breadcrumb"},"inLanguage":"lt-LT","potentialAction":[{"@type":"ReadAction","target":["https:\/\/test.puhdasplus.ee\/lt\/tooted\/virskinimas-ir-medziagu-apykaita\/stiprus-bromelainas-800-gdu-344-mg-60-kapsuliu\/"]}]},{"@type":"ImageObject","inLanguage":"lt-LT","@id":"https:\/\/test.puhdasplus.ee\/lt\/tooted\/virskinimas-ir-medziagu-apykaita\/stiprus-bromelainas-800-gdu-344-mg-60-kapsuliu\/#primaryimage","url":"https:\/\/test.puhdasplus.ee\/wp-content\/uploads\/2025\/09\/tooted-ilma-taustata-copy-3-scaled.jpg","contentUrl":"https:\/\/test.puhdasplus.ee\/wp-content\/uploads\/2025\/09\/tooted-ilma-taustata-copy-3-scaled.jpg","width":1862,"height":2560,"caption":"\u201ePure+ Strength\u201c bromelainas 800 GDU (344 mg), 60 kapsuli\u0173"},{"@type":"BreadcrumbList","@id":"https:\/\/test.puhdasplus.ee\/lt\/tooted\/virskinimas-ir-medziagu-apykaita\/stiprus-bromelainas-800-gdu-344-mg-60-kapsuliu\/#breadcrumb","itemListElement":[{"@type":"ListItem","position":1,"name":"Prad\u017eia","item":"https:\/\/test.puhdasplus.ee\/lt\/"},{"@type":"ListItem","position":2,"name":"Produktai","item":"https:\/\/test.puhdasplus.ee\/lt\/parduotuve\/"},{"@type":"ListItem","position":3,"name":"Stiprus bromelainas 800 GDU 344 mg 60 kapsuli\u0173"}]},{"@type":"WebSite","@id":"https:\/\/test.puhdasplus.ee\/lt\/#website","url":"https:\/\/test.puhdasplus.ee\/lt\/","name":"Puhdas+","description":"Vitamiinid, Toidulisandid, looduskosmeetika, tervis, sport","publisher":{"@id":"https:\/\/test.puhdasplus.ee\/lt\/#organization"},"potentialAction":[{"@type":"SearchAction","target":{"@type":"EntryPoint","urlTemplate":"https:\/\/test.puhdasplus.ee\/lt\/?s={search_term_string}"},"query-input":{"@type":"PropertyValueSpecification","valueRequired":true,"valueName":"search_term_string"}}],"inLanguage":"lt-LT"},{"@type":"Organization","@id":"https:\/\/test.puhdasplus.ee\/lt\/#organization","name":"Puhdas+","alternateName":"Puhdasplus","url":"https:\/\/test.puhdasplus.ee\/lt\/","logo":{"@type":"ImageObject","inLanguage":"lt-LT","@id":"https:\/\/test.puhdasplus.ee\/lt\/#\/schema\/logo\/image\/","url":"https:\/\/test.puhdasplus.ee\/\/wp-content\/uploads\/2019\/10\/puhdas_logo-arvele.png","contentUrl":"https:\/\/test.puhdasplus.ee\/\/wp-content\/uploads\/2019\/10\/puhdas_logo-arvele.png","width":114,"height":94,"caption":"Puhdas+"},"image":{"@id":"https:\/\/test.puhdasplus.ee\/lt\/#\/schema\/logo\/image\/"},"sameAs":["https:\/\/www.facebook.com\/puhdasplus","https:\/\/www.instagram.com\/puhdasplus_ee\/"]}]}},"_links":{"self":[{"href":"https:\/\/test.puhdasplus.ee\/lt\/wp-json\/wp\/v2\/product\/354087","targetHints":{"allow":["GET"]}}],"collection":[{"href":"https:\/\/test.puhdasplus.ee\/lt\/wp-json\/wp\/v2\/product"}],"about":[{"href":"https:\/\/test.puhdasplus.ee\/lt\/wp-json\/wp\/v2\/types\/product"}],"replies":[{"embeddable":true,"href":"https:\/\/test.puhdasplus.ee\/lt\/wp-json\/wp\/v2\/comments?post=354087"}],"wp:featuredmedia":[{"embeddable":true,"href":"https:\/\/test.puhdasplus.ee\/lt\/wp-json\/wp\/v2\/media\/353822"}],"wp:attachment":[{"href":"https:\/\/test.puhdasplus.ee\/lt\/wp-json\/wp\/v2\/media?parent=354087"}],"wp:term":[{"taxonomy":"product_brand","embeddable":true,"href":"https:\/\/test.puhdasplus.ee\/lt\/wp-json\/wp\/v2\/product_brand?post=354087"},{"taxonomy":"product_cat","embeddable":true,"href":"https:\/\/test.puhdasplus.ee\/lt\/wp-json\/wp\/v2\/product_cat?post=354087"},{"taxonomy":"product_tag","embeddable":true,"href":"https:\/\/test.puhdasplus.ee\/lt\/wp-json\/wp\/v2\/product_tag?post=354087"}],"curies":[{"name":"wp","href":"https:\/\/api.w.org\/{rel}","templated":true}]}}