{"id":353959,"date":"2025-09-10T10:32:02","date_gmt":"2025-09-10T07:32:02","guid":{"rendered":"https:\/\/test.puhdasplus.ee\/\/tooted\/be-kategorijos\/kolageno-saldainiai-50-vnt\/"},"modified":"2026-03-04T22:03:08","modified_gmt":"2026-03-04T20:03:08","slug":"kolageno-saldainiai-50-vnt","status":"publish","type":"product","link":"https:\/\/test.puhdasplus.ee\/lt\/tooted\/oda-plaukai-nagai\/kolagenas\/kolageno-saldainiai-50-vnt\/","title":{"rendered":"Kolageno saldainiai 50 vnt."},"content":{"rendered":"<p>\u201ePuhdas+\u201c kolageno saldainiai \u2013 tai mink\u0161ti ir gard\u016bs avie\u010di\u0173 skonio saldainiai, kuri\u0173 sud\u0117tyje yra hidrolizuoto galvij\u0173 kolageno. D\u0117l becukrios sud\u0117ties jie puikiai tinka vartoti kasdien ir yra patogus b\u016bdas vartoti kolagen\u0105. Produktas yra be glitimo ir laktoz\u0117s, jame n\u0117ra pieno produkt\u0173, mieli\u0173 ar sojos.  <\/p>\n<p data-start=\"522\" data-end=\"537\"><strong data-start=\"522\" data-end=\"535\">Savyb\u0117s:<\/strong><\/p>\n<ul data-start=\"538\" data-end=\"775\">\n<li data-start=\"538\" data-end=\"593\">\n<p data-start=\"540\" data-end=\"593\">1\u20134 saldainiuose i\u0161 viso yra <strong data-start=\"565\" data-end=\"591\">250\u20131000 mg kolageno<\/strong><\/p>\n<\/li>\n<li data-start=\"594\" data-end=\"624\">\n<p data-start=\"596\" data-end=\"624\">Be cukraus ir be glitimo<\/p>\n<\/li>\n<li data-start=\"625\" data-end=\"651\">\n<p data-start=\"627\" data-end=\"651\">Nat\u016bralus avie\u010di\u0173 skonis<\/p>\n<\/li>\n<li data-start=\"652\" data-end=\"717\">\n<p data-start=\"654\" data-end=\"717\">Pagaminta Suomijoje, laikantis auk\u0161t\u0173 grynumo ir kokyb\u0117s standart\u0173<\/p>\n<\/li>\n<li data-start=\"718\" data-end=\"775\">\n<p data-start=\"720\" data-end=\"775\">Lengva vartoti be vandens \u2013 patogus kasdienis sprendimas<\/p>\n<\/li>\n<\/ul>\n<p><strong data-start=\"777\" data-end=\"793\">Sudedamosios dalys:<\/strong><br data-start=\"793\" data-end=\"796\"> Saldiklis (maltitolio sirupas), vanduo, hidrolizuotas galvij\u0173 kolagenas, tir\u0161tiklis (pektinas), r\u016bg\u0161tingum\u0105 reguliuojanti med\u017eiaga (citrin\u0173 r\u016bg\u0161tis), nat\u016bralus avie\u010di\u0173 aromatas, da\u017eiklis (antocianinas), glaistymo med\u017eiaga (karnaubo va\u0161kas).<\/p>\n<p data-start=\"1003\" data-end=\"1020\"><strong data-start=\"1003\" data-end=\"1018\">Naudojimas:<\/strong><\/p>\n<ul data-start=\"1021\" data-end=\"1230\">\n<li data-start=\"1021\" data-end=\"1065\">\n<p data-start=\"1023\" data-end=\"1065\">Rekomenduojama paros doz\u0117: <strong data-start=\"1050\" data-end=\"1063\">1\u20134 saldainiai<\/strong><\/p>\n<\/li>\n<li data-start=\"1066\" data-end=\"1100\">\n<p data-start=\"1068\" data-end=\"1100\">Paros doz\u0117s vir\u0161yti negalima.<\/p>\n<\/li>\n<li data-start=\"1101\" data-end=\"1192\">\n<p data-start=\"1103\" data-end=\"1192\">Maisto papildas nepakei\u010dia \u012fvairios ir subalansuotos mitybos ar sveiko gyvenimo b\u016bdo.<\/p>\n<\/li>\n<li data-start=\"1193\" data-end=\"1230\">\n<p data-start=\"1195\" data-end=\"1230\">Laikyti vaikams nepasiekiamoje vietoje.<\/p>\n<\/li>\n<\/ul>\n","protected":false},"excerpt":{"rendered":"<p><strong data-start=\"1269\" data-end=\"1303\">\u201ePuhdas+\u201c kolageno saldainiai 50 vnt.<\/strong> \u2013 becukriai avie\u010di\u0173 skonio saldainiai su hidrolizuotu kolagenu (250\u20131000 mg per dien\u0105). Gardus ir paprastas b\u016bdas vartoti kolagen\u0105. <\/p>\n","protected":false},"featured_media":353800,"comment_status":"open","ping_status":"closed","template":"","meta":{"_acf_changed":false},"product_brand":[],"product_cat":[4066,3282],"product_tag":[6980,3320,3319,6979,4068,3463,6324,6977,6929,6933,6981,2807],"class_list":{"0":"post-353959","1":"product","2":"type-product","3":"status-publish","4":"has-post-thumbnail","6":"product_cat-kolagenas","7":"product_cat-oda-plaukai-nagai","8":"product_tag-be-cukraus","9":"product_tag-be-glitimo","10":"product_tag-be-laktozes","11":"product_tag-grozio-papildai","12":"product_tag-hidrolizuotas-kolagenas","13":"product_tag-kolagenas","14":"product_tag-kolageno-papildas","15":"product_tag-kolageno-saldainiai","16":"product_tag-maisto-papildai","17":"product_tag-oda-plaukai-nagai","18":"product_tag-pagaminta-suomijoje","19":"product_tag-svarus","21":"first","22":"onbackorder","23":"taxable","24":"shipping-taxable","25":"purchasable","26":"product-type-simple"},"acf":[],"yoast_head":"<!-- This site is optimized with the Yoast SEO plugin v27.1.1 - https:\/\/yoast.com\/product\/yoast-seo-wordpress\/ -->\n<title>Kolageno saldainiai 50 vnt. - Puhdas+<\/title>\n<meta name=\"description\" content=\"\u201ePuhdas+\u201c kolageno saldainiai 50 vnt. \u2013 be cukraus avie\u010di\u0173 skonio saldainiai su hidrolizuotu kolagenu. Paprasta ir gardi priemon\u0117 gerai odai, plaukams ir nagams palaikyti.\" \/>\n<meta name=\"robots\" content=\"noindex, follow, max-snippet:-1, max-image-preview:large, max-video-preview:-1\" \/>\n<meta property=\"og:locale\" content=\"lt_LT\" \/>\n<meta property=\"og:type\" content=\"article\" \/>\n<meta property=\"og:title\" content=\"Kolageno saldainiai 50 vnt. - Puhdas+\" \/>\n<meta property=\"og:description\" content=\"\u201ePuhdas+\u201c kolageno saldainiai 50 vnt. \u2013 be cukraus avie\u010di\u0173 skonio saldainiai su hidrolizuotu kolagenu. Paprasta ir gardi priemon\u0117 gerai odai, plaukams ir nagams palaikyti.\" \/>\n<meta property=\"og:url\" content=\"https:\/\/test.puhdasplus.ee\/lt\/tooted\/oda-plaukai-nagai\/kolagenas\/kolageno-saldainiai-50-vnt\/\" \/>\n<meta property=\"og:site_name\" content=\"Puhdas+\" \/>\n<meta property=\"article:publisher\" content=\"https:\/\/www.facebook.com\/puhdasplus\" \/>\n<meta property=\"article:modified_time\" content=\"2026-03-04T20:03:08+00:00\" \/>\n<meta property=\"og:image\" content=\"https:\/\/test.puhdasplus.ee\/wp-content\/uploads\/2025\/09\/tooted-ilma-taustata-copy-1-scaled.jpg\" \/>\n\t<meta property=\"og:image:width\" content=\"1862\" \/>\n\t<meta property=\"og:image:height\" content=\"2560\" \/>\n\t<meta property=\"og:image:type\" content=\"image\/jpeg\" \/>\n<meta name=\"twitter:card\" content=\"summary_large_image\" \/>\n<meta name=\"twitter:label1\" content=\"Est. reading time\" \/>\n\t<meta name=\"twitter:data1\" content=\"1 minut\u0117\" \/>\n<script type=\"application\/ld+json\" class=\"yoast-schema-graph\">{\"@context\":\"https:\/\/schema.org\",\"@graph\":[{\"@type\":\"WebPage\",\"@id\":\"https:\/\/test.puhdasplus.ee\/lt\/tooted\/oda-plaukai-nagai\/kolagenas\/kolageno-saldainiai-50-vnt\/\",\"url\":\"https:\/\/test.puhdasplus.ee\/lt\/tooted\/oda-plaukai-nagai\/kolagenas\/kolageno-saldainiai-50-vnt\/\",\"name\":\"Kolageno saldainiai 50 vnt. - Puhdas+\",\"isPartOf\":{\"@id\":\"https:\/\/test.puhdasplus.ee\/lt\/#website\"},\"primaryImageOfPage\":{\"@id\":\"https:\/\/test.puhdasplus.ee\/lt\/tooted\/oda-plaukai-nagai\/kolagenas\/kolageno-saldainiai-50-vnt\/#primaryimage\"},\"image\":{\"@id\":\"https:\/\/test.puhdasplus.ee\/lt\/tooted\/oda-plaukai-nagai\/kolagenas\/kolageno-saldainiai-50-vnt\/#primaryimage\"},\"thumbnailUrl\":\"https:\/\/test.puhdasplus.ee\/wp-content\/uploads\/2025\/09\/tooted-ilma-taustata-copy-1-scaled.jpg\",\"datePublished\":\"2025-09-10T07:32:02+00:00\",\"dateModified\":\"2026-03-04T20:03:08+00:00\",\"description\":\"\u201ePuhdas+\u201c kolageno saldainiai 50 vnt. \u2013 be cukraus avie\u010di\u0173 skonio saldainiai su hidrolizuotu kolagenu. Paprasta ir gardi priemon\u0117 gerai odai, plaukams ir nagams palaikyti.\",\"breadcrumb\":{\"@id\":\"https:\/\/test.puhdasplus.ee\/lt\/tooted\/oda-plaukai-nagai\/kolagenas\/kolageno-saldainiai-50-vnt\/#breadcrumb\"},\"inLanguage\":\"lt-LT\",\"potentialAction\":[{\"@type\":\"ReadAction\",\"target\":[\"https:\/\/test.puhdasplus.ee\/lt\/tooted\/oda-plaukai-nagai\/kolagenas\/kolageno-saldainiai-50-vnt\/\"]}]},{\"@type\":\"ImageObject\",\"inLanguage\":\"lt-LT\",\"@id\":\"https:\/\/test.puhdasplus.ee\/lt\/tooted\/oda-plaukai-nagai\/kolagenas\/kolageno-saldainiai-50-vnt\/#primaryimage\",\"url\":\"https:\/\/test.puhdasplus.ee\/wp-content\/uploads\/2025\/09\/tooted-ilma-taustata-copy-1-scaled.jpg\",\"contentUrl\":\"https:\/\/test.puhdasplus.ee\/wp-content\/uploads\/2025\/09\/tooted-ilma-taustata-copy-1-scaled.jpg\",\"width\":1862,\"height\":2560,\"caption\":\"\u201ePure+\u201c kolageno saldainiai, 50 vnt.\"},{\"@type\":\"BreadcrumbList\",\"@id\":\"https:\/\/test.puhdasplus.ee\/lt\/tooted\/oda-plaukai-nagai\/kolagenas\/kolageno-saldainiai-50-vnt\/#breadcrumb\",\"itemListElement\":[{\"@type\":\"ListItem\",\"position\":1,\"name\":\"Prad\u017eia\",\"item\":\"https:\/\/test.puhdasplus.ee\/lt\/\"},{\"@type\":\"ListItem\",\"position\":2,\"name\":\"Produktai\",\"item\":\"https:\/\/test.puhdasplus.ee\/lt\/parduotuve\/\"},{\"@type\":\"ListItem\",\"position\":3,\"name\":\"Kolageno saldainiai 50 vnt.\"}]},{\"@type\":\"WebSite\",\"@id\":\"https:\/\/test.puhdasplus.ee\/lt\/#website\",\"url\":\"https:\/\/test.puhdasplus.ee\/lt\/\",\"name\":\"Puhdas+\",\"description\":\"Vitamiinid, Toidulisandid, looduskosmeetika, tervis, sport\",\"publisher\":{\"@id\":\"https:\/\/test.puhdasplus.ee\/lt\/#organization\"},\"potentialAction\":[{\"@type\":\"SearchAction\",\"target\":{\"@type\":\"EntryPoint\",\"urlTemplate\":\"https:\/\/test.puhdasplus.ee\/lt\/?s={search_term_string}\"},\"query-input\":{\"@type\":\"PropertyValueSpecification\",\"valueRequired\":true,\"valueName\":\"search_term_string\"}}],\"inLanguage\":\"lt-LT\"},{\"@type\":\"Organization\",\"@id\":\"https:\/\/test.puhdasplus.ee\/lt\/#organization\",\"name\":\"Puhdas+\",\"alternateName\":\"Puhdasplus\",\"url\":\"https:\/\/test.puhdasplus.ee\/lt\/\",\"logo\":{\"@type\":\"ImageObject\",\"inLanguage\":\"lt-LT\",\"@id\":\"https:\/\/test.puhdasplus.ee\/lt\/#\/schema\/logo\/image\/\",\"url\":\"https:\/\/test.puhdasplus.ee\/\/wp-content\/uploads\/2019\/10\/puhdas_logo-arvele.png\",\"contentUrl\":\"https:\/\/test.puhdasplus.ee\/\/wp-content\/uploads\/2019\/10\/puhdas_logo-arvele.png\",\"width\":114,\"height\":94,\"caption\":\"Puhdas+\"},\"image\":{\"@id\":\"https:\/\/test.puhdasplus.ee\/lt\/#\/schema\/logo\/image\/\"},\"sameAs\":[\"https:\/\/www.facebook.com\/puhdasplus\",\"https:\/\/www.instagram.com\/puhdasplus_ee\/\"]}]}<\/script>\n<!-- \/ Yoast SEO plugin. -->","yoast_head_json":{"title":"Kolageno saldainiai 50 vnt. - Puhdas+","description":"\u201ePuhdas+\u201c kolageno saldainiai 50 vnt. \u2013 be cukraus avie\u010di\u0173 skonio saldainiai su hidrolizuotu kolagenu. Paprasta ir gardi priemon\u0117 gerai odai, plaukams ir nagams palaikyti.","robots":{"index":"noindex","follow":"follow","max-snippet":"max-snippet:-1","max-image-preview":"max-image-preview:large","max-video-preview":"max-video-preview:-1"},"og_locale":"lt_LT","og_type":"article","og_title":"Kolageno saldainiai 50 vnt. - Puhdas+","og_description":"\u201ePuhdas+\u201c kolageno saldainiai 50 vnt. \u2013 be cukraus avie\u010di\u0173 skonio saldainiai su hidrolizuotu kolagenu. Paprasta ir gardi priemon\u0117 gerai odai, plaukams ir nagams palaikyti.","og_url":"https:\/\/test.puhdasplus.ee\/lt\/tooted\/oda-plaukai-nagai\/kolagenas\/kolageno-saldainiai-50-vnt\/","og_site_name":"Puhdas+","article_publisher":"https:\/\/www.facebook.com\/puhdasplus","article_modified_time":"2026-03-04T20:03:08+00:00","og_image":[{"width":1862,"height":2560,"url":"https:\/\/test.puhdasplus.ee\/wp-content\/uploads\/2025\/09\/tooted-ilma-taustata-copy-1-scaled.jpg","type":"image\/jpeg"}],"twitter_card":"summary_large_image","twitter_misc":{"Est. reading time":"1 minut\u0117"},"schema":{"@context":"https:\/\/schema.org","@graph":[{"@type":"WebPage","@id":"https:\/\/test.puhdasplus.ee\/lt\/tooted\/oda-plaukai-nagai\/kolagenas\/kolageno-saldainiai-50-vnt\/","url":"https:\/\/test.puhdasplus.ee\/lt\/tooted\/oda-plaukai-nagai\/kolagenas\/kolageno-saldainiai-50-vnt\/","name":"Kolageno saldainiai 50 vnt. - Puhdas+","isPartOf":{"@id":"https:\/\/test.puhdasplus.ee\/lt\/#website"},"primaryImageOfPage":{"@id":"https:\/\/test.puhdasplus.ee\/lt\/tooted\/oda-plaukai-nagai\/kolagenas\/kolageno-saldainiai-50-vnt\/#primaryimage"},"image":{"@id":"https:\/\/test.puhdasplus.ee\/lt\/tooted\/oda-plaukai-nagai\/kolagenas\/kolageno-saldainiai-50-vnt\/#primaryimage"},"thumbnailUrl":"https:\/\/test.puhdasplus.ee\/wp-content\/uploads\/2025\/09\/tooted-ilma-taustata-copy-1-scaled.jpg","datePublished":"2025-09-10T07:32:02+00:00","dateModified":"2026-03-04T20:03:08+00:00","description":"\u201ePuhdas+\u201c kolageno saldainiai 50 vnt. \u2013 be cukraus avie\u010di\u0173 skonio saldainiai su hidrolizuotu kolagenu. Paprasta ir gardi priemon\u0117 gerai odai, plaukams ir nagams palaikyti.","breadcrumb":{"@id":"https:\/\/test.puhdasplus.ee\/lt\/tooted\/oda-plaukai-nagai\/kolagenas\/kolageno-saldainiai-50-vnt\/#breadcrumb"},"inLanguage":"lt-LT","potentialAction":[{"@type":"ReadAction","target":["https:\/\/test.puhdasplus.ee\/lt\/tooted\/oda-plaukai-nagai\/kolagenas\/kolageno-saldainiai-50-vnt\/"]}]},{"@type":"ImageObject","inLanguage":"lt-LT","@id":"https:\/\/test.puhdasplus.ee\/lt\/tooted\/oda-plaukai-nagai\/kolagenas\/kolageno-saldainiai-50-vnt\/#primaryimage","url":"https:\/\/test.puhdasplus.ee\/wp-content\/uploads\/2025\/09\/tooted-ilma-taustata-copy-1-scaled.jpg","contentUrl":"https:\/\/test.puhdasplus.ee\/wp-content\/uploads\/2025\/09\/tooted-ilma-taustata-copy-1-scaled.jpg","width":1862,"height":2560,"caption":"\u201ePure+\u201c kolageno saldainiai, 50 vnt."},{"@type":"BreadcrumbList","@id":"https:\/\/test.puhdasplus.ee\/lt\/tooted\/oda-plaukai-nagai\/kolagenas\/kolageno-saldainiai-50-vnt\/#breadcrumb","itemListElement":[{"@type":"ListItem","position":1,"name":"Prad\u017eia","item":"https:\/\/test.puhdasplus.ee\/lt\/"},{"@type":"ListItem","position":2,"name":"Produktai","item":"https:\/\/test.puhdasplus.ee\/lt\/parduotuve\/"},{"@type":"ListItem","position":3,"name":"Kolageno saldainiai 50 vnt."}]},{"@type":"WebSite","@id":"https:\/\/test.puhdasplus.ee\/lt\/#website","url":"https:\/\/test.puhdasplus.ee\/lt\/","name":"Puhdas+","description":"Vitamiinid, Toidulisandid, looduskosmeetika, tervis, sport","publisher":{"@id":"https:\/\/test.puhdasplus.ee\/lt\/#organization"},"potentialAction":[{"@type":"SearchAction","target":{"@type":"EntryPoint","urlTemplate":"https:\/\/test.puhdasplus.ee\/lt\/?s={search_term_string}"},"query-input":{"@type":"PropertyValueSpecification","valueRequired":true,"valueName":"search_term_string"}}],"inLanguage":"lt-LT"},{"@type":"Organization","@id":"https:\/\/test.puhdasplus.ee\/lt\/#organization","name":"Puhdas+","alternateName":"Puhdasplus","url":"https:\/\/test.puhdasplus.ee\/lt\/","logo":{"@type":"ImageObject","inLanguage":"lt-LT","@id":"https:\/\/test.puhdasplus.ee\/lt\/#\/schema\/logo\/image\/","url":"https:\/\/test.puhdasplus.ee\/\/wp-content\/uploads\/2019\/10\/puhdas_logo-arvele.png","contentUrl":"https:\/\/test.puhdasplus.ee\/\/wp-content\/uploads\/2019\/10\/puhdas_logo-arvele.png","width":114,"height":94,"caption":"Puhdas+"},"image":{"@id":"https:\/\/test.puhdasplus.ee\/lt\/#\/schema\/logo\/image\/"},"sameAs":["https:\/\/www.facebook.com\/puhdasplus","https:\/\/www.instagram.com\/puhdasplus_ee\/"]}]}},"_links":{"self":[{"href":"https:\/\/test.puhdasplus.ee\/lt\/wp-json\/wp\/v2\/product\/353959","targetHints":{"allow":["GET"]}}],"collection":[{"href":"https:\/\/test.puhdasplus.ee\/lt\/wp-json\/wp\/v2\/product"}],"about":[{"href":"https:\/\/test.puhdasplus.ee\/lt\/wp-json\/wp\/v2\/types\/product"}],"replies":[{"embeddable":true,"href":"https:\/\/test.puhdasplus.ee\/lt\/wp-json\/wp\/v2\/comments?post=353959"}],"wp:featuredmedia":[{"embeddable":true,"href":"https:\/\/test.puhdasplus.ee\/lt\/wp-json\/wp\/v2\/media\/353800"}],"wp:attachment":[{"href":"https:\/\/test.puhdasplus.ee\/lt\/wp-json\/wp\/v2\/media?parent=353959"}],"wp:term":[{"taxonomy":"product_brand","embeddable":true,"href":"https:\/\/test.puhdasplus.ee\/lt\/wp-json\/wp\/v2\/product_brand?post=353959"},{"taxonomy":"product_cat","embeddable":true,"href":"https:\/\/test.puhdasplus.ee\/lt\/wp-json\/wp\/v2\/product_cat?post=353959"},{"taxonomy":"product_tag","embeddable":true,"href":"https:\/\/test.puhdasplus.ee\/lt\/wp-json\/wp\/v2\/product_tag?post=353959"}],"curies":[{"name":"wp","href":"https:\/\/api.w.org\/{rel}","templated":true}]}}