{"id":353950,"date":"2025-09-10T10:20:34","date_gmt":"2025-09-10T07:20:34","guid":{"rendered":"https:\/\/test.puhdasplus.ee\/\/tooted\/be-kategorijos\/stiprios-diatomitines-zemes-200-g\/"},"modified":"2026-02-22T22:45:42","modified_gmt":"2026-02-22T20:45:42","slug":"stiprios-diatomitines-zemes-200-g","status":"publish","type":"product","link":"https:\/\/test.puhdasplus.ee\/lt\/tooted\/mineralai\/stiprios-diatomitines-zemes-200-g\/","title":{"rendered":"Stiprios diatomitin\u0117s \u017eem\u0117s 200 g"},"content":{"rendered":"<p>\u201ePure+ Strong\u201c diatomito \u017eem\u0117 yra labai gryni silicio dioksido milteliai (100 % gryni silicio dioksido milteliai). Tai visi\u0161kai be pried\u0173 maisto papildas, kuriame n\u0117ra konservant\u0173, da\u017eikli\u0173, u\u017epild\u0173, saldikli\u0173, druskos, glitimo, laktoz\u0117s, pieno, mieli\u0173 ar sojos. Produktas yra bekvapis ir tinka tiek veganams, tiek vegetarams.  <\/p>\n<p data-start=\"492\" data-end=\"518\"><strong data-start=\"492\" data-end=\"516\">Savyb\u0117s ir privalumai:<\/strong><\/p>\n<ul data-start=\"519\" data-end=\"740\">\n<li data-start=\"519\" data-end=\"560\">\n<p data-start=\"521\" data-end=\"560\">100 % gryna ir be pried\u0173 sud\u0117tis<\/p>\n<\/li>\n<li data-start=\"561\" data-end=\"614\">\n<p data-start=\"563\" data-end=\"614\">Sud\u0117tyje n\u0117ra alergen\u0173 ar \u012fprast\u0173 pried\u0173<\/p>\n<\/li>\n<li data-start=\"615\" data-end=\"673\">\n<p data-start=\"617\" data-end=\"673\">Be skonio \u2013 lengvai \u012fmai\u0161oma \u012f maist\u0105 ir g\u0117rimus<\/p>\n<\/li>\n<li data-start=\"674\" data-end=\"740\">\n<p data-start=\"676\" data-end=\"740\">Pagaminta Suomijoje pagal auk\u0161tus kokyb\u0117s standartus<\/p>\n<\/li>\n<\/ul>\n<p data-start=\"742\" data-end=\"762\"><strong data-start=\"742\" data-end=\"760\">Vartotojo vadovas:<\/strong><\/p>\n<ul data-start=\"763\" data-end=\"1045\">\n<li data-start=\"763\" data-end=\"866\">\n<p data-start=\"765\" data-end=\"866\">Rekomenduojama paros doz\u0117: 1\u20132 arbatiniai \u0161auk\u0161teliai (ma\u017edaug 2\u20134 g) per dien\u0105. \u012emai\u0161ykite \u012f skyst\u012f arba maist\u0105. <\/p>\n<\/li>\n<li data-start=\"867\" data-end=\"913\">\n<p data-start=\"869\" data-end=\"913\">Rekomenduojamos paros doz\u0117s vir\u0161yti negalima.<\/p>\n<\/li>\n<li data-start=\"914\" data-end=\"1006\">\n<p data-start=\"916\" data-end=\"1006\">Maisto papildas nepakei\u010dia \u012fvairios ir subalansuotos mitybos ar sveiko gyvenimo b\u016bdo.<\/p>\n<\/li>\n<li data-start=\"1007\" data-end=\"1045\">\n<p data-start=\"1009\" data-end=\"1045\">Laikyti vaikams nepasiekiamoje vietoje.<\/p>\n<\/li>\n<li data-start=\"1007\" data-end=\"1045\">Laikyti sausoje vietoje ir kambario temperat\u016broje.<\/li>\n<\/ul>\n<p><strong data-start=\"1047\" data-end=\"1059\">Maistini\u0173 med\u017eiag\u0173 kiekis:<\/strong><\/p>\n<ul>\n<li data-start=\"1047\" data-end=\"1061\">1 arbatiniame \u0161auk\u0161telyje (2 g) yra 0,94 g silicio dioksido<\/li>\n<li data-start=\"1047\" data-end=\"1061\">2 arbatiniuose \u0161auk\u0161teliuose (4 g) yra 1,87 g silicio dioksido<\/li>\n<\/ul>\n<p data-start=\"1047\" data-end=\"1061\"><strong data-start=\"1047\" data-end=\"1059\">Grynasis kiekis:<\/strong><\/p>\n<ul data-start=\"1062\" data-end=\"1171\">\n<li data-start=\"1062\" data-end=\"1103\">200 g (apie 100 porcij\u0173)<\/li>\n<\/ul>\n<h3 data-start=\"80\" data-end=\"96\">Ingredientai<\/h3>\n<ul data-start=\"98\" data-end=\"511\">\n<li data-start=\"98\" data-end=\"245\">\n<p data-start=\"100\" data-end=\"245\"><strong data-start=\"100\" data-end=\"120\">100 % diatomito<\/strong> (nat\u016bralus silicio dioksido \u0161altinis). Produkte n\u0117ra joki\u0173 kit\u0173 med\u017eiag\u0173. <\/p>\n<\/li>\n<\/ul>\n","protected":false},"excerpt":{"rendered":"<p><strong data-start=\"64\" data-end=\"98\">\u201ePure+ Strong Silica\u201c 200 g<\/strong> yra 100 % gryni ir beskoniai silicio dioksido milteliai, pagaminti be joki\u0173 pried\u0173 ar u\u017epild\u0173. D\u0117l neutralaus skonio juos lengva mai\u0161yti su vandeniu, sultimis, kokteiliais ar maistu. Produkte n\u0117ra glitimo, laktoz\u0117s, pieno produkt\u0173, mieli\u0173, sojos ar saldikli\u0173, tod\u0117l jis tinka ir veganams bei vegetarams. Pagaminta Suomijoje laikantis auk\u0161tus kokyb\u0117s standartus, siekiant u\u017etikrinti grynum\u0105 ir saugum\u0105.   <\/p>\n","protected":false},"featured_media":353794,"comment_status":"open","ping_status":"closed","template":"","meta":{"_acf_changed":false},"product_brand":[],"product_cat":[3120,3461],"product_tag":[3320,3319,6931,6934,6929,6444,6933,6926,6922,6925,2807,5543],"class_list":{"0":"post-353950","1":"product","2":"type-product","3":"status-publish","4":"has-post-thumbnail","6":"product_cat-mineralai","7":"product_cat-sanariai-raumenys-ir-kaulai","8":"product_tag-be-glitimo","9":"product_tag-be-laktozes","10":"product_tag-be-priedu-2","11":"product_tag-kaulai-ir-sanariai","12":"product_tag-maisto-papildai","13":"product_tag-mineralai","14":"product_tag-oda-plaukai-nagai","15":"product_tag-silicio-dioksidas","16":"product_tag-silicio-milteliai","17":"product_tag-silicio-papildas","18":"product_tag-svarus","19":"product_tag-veganiskas-maisto-papildas","21":"first","22":"onbackorder","23":"taxable","24":"shipping-taxable","25":"purchasable","26":"product-type-simple"},"acf":[],"yoast_head":"<!-- This site is optimized with the Yoast SEO plugin v27.1.1 - https:\/\/yoast.com\/product\/yoast-seo-wordpress\/ -->\n<title>Stiprios diatomitin\u0117s \u017eem\u0117s 200 g - Puhdas+<\/title>\n<meta name=\"description\" content=\"\u201ePure+ Strong\u201c silicio dioksido milteliai 200 g \u2013 100 % gryni ir be pried\u0173 silicio dioksido milteliai. Bekvapiai ir lengvai \u012fmai\u0161omi \u012f g\u0117rimus ar maist\u0105. Tinka veganams.\" \/>\n<meta name=\"robots\" content=\"noindex, follow, max-snippet:-1, max-image-preview:large, max-video-preview:-1\" \/>\n<meta property=\"og:locale\" content=\"lt_LT\" \/>\n<meta property=\"og:type\" content=\"article\" \/>\n<meta property=\"og:title\" content=\"Stiprios diatomitin\u0117s \u017eem\u0117s 200 g - Puhdas+\" \/>\n<meta property=\"og:description\" content=\"\u201ePure+ Strong\u201c silicio dioksido milteliai 200 g \u2013 100 % gryni ir be pried\u0173 silicio dioksido milteliai. Bekvapiai ir lengvai \u012fmai\u0161omi \u012f g\u0117rimus ar maist\u0105. Tinka veganams.\" \/>\n<meta property=\"og:url\" content=\"https:\/\/test.puhdasplus.ee\/lt\/tooted\/mineralai\/stiprios-diatomitines-zemes-200-g\/\" \/>\n<meta property=\"og:site_name\" content=\"Puhdas+\" \/>\n<meta property=\"article:publisher\" content=\"https:\/\/www.facebook.com\/puhdasplus\" \/>\n<meta property=\"article:modified_time\" content=\"2026-02-22T20:45:42+00:00\" \/>\n<meta property=\"og:image\" content=\"https:\/\/test.puhdasplus.ee\/wp-content\/uploads\/2025\/09\/tooted-ilma-taustata-1-scaled.jpg\" \/>\n\t<meta property=\"og:image:width\" content=\"1862\" \/>\n\t<meta property=\"og:image:height\" content=\"2560\" \/>\n\t<meta property=\"og:image:type\" content=\"image\/jpeg\" \/>\n<meta name=\"twitter:card\" content=\"summary_large_image\" \/>\n<meta name=\"twitter:label1\" content=\"Est. reading time\" \/>\n\t<meta name=\"twitter:data1\" content=\"1 minut\u0117\" \/>\n<script type=\"application\/ld+json\" class=\"yoast-schema-graph\">{\"@context\":\"https:\/\/schema.org\",\"@graph\":[{\"@type\":\"WebPage\",\"@id\":\"https:\/\/test.puhdasplus.ee\/lt\/tooted\/mineralai\/stiprios-diatomitines-zemes-200-g\/\",\"url\":\"https:\/\/test.puhdasplus.ee\/lt\/tooted\/mineralai\/stiprios-diatomitines-zemes-200-g\/\",\"name\":\"Stiprios diatomitin\u0117s \u017eem\u0117s 200 g - Puhdas+\",\"isPartOf\":{\"@id\":\"https:\/\/test.puhdasplus.ee\/lt\/#website\"},\"primaryImageOfPage\":{\"@id\":\"https:\/\/test.puhdasplus.ee\/lt\/tooted\/mineralai\/stiprios-diatomitines-zemes-200-g\/#primaryimage\"},\"image\":{\"@id\":\"https:\/\/test.puhdasplus.ee\/lt\/tooted\/mineralai\/stiprios-diatomitines-zemes-200-g\/#primaryimage\"},\"thumbnailUrl\":\"https:\/\/test.puhdasplus.ee\/wp-content\/uploads\/2025\/09\/tooted-ilma-taustata-1-scaled.jpg\",\"datePublished\":\"2025-09-10T07:20:34+00:00\",\"dateModified\":\"2026-02-22T20:45:42+00:00\",\"description\":\"\u201ePure+ Strong\u201c silicio dioksido milteliai 200 g \u2013 100 % gryni ir be pried\u0173 silicio dioksido milteliai. Bekvapiai ir lengvai \u012fmai\u0161omi \u012f g\u0117rimus ar maist\u0105. Tinka veganams.\",\"breadcrumb\":{\"@id\":\"https:\/\/test.puhdasplus.ee\/lt\/tooted\/mineralai\/stiprios-diatomitines-zemes-200-g\/#breadcrumb\"},\"inLanguage\":\"lt-LT\",\"potentialAction\":[{\"@type\":\"ReadAction\",\"target\":[\"https:\/\/test.puhdasplus.ee\/lt\/tooted\/mineralai\/stiprios-diatomitines-zemes-200-g\/\"]}]},{\"@type\":\"ImageObject\",\"inLanguage\":\"lt-LT\",\"@id\":\"https:\/\/test.puhdasplus.ee\/lt\/tooted\/mineralai\/stiprios-diatomitines-zemes-200-g\/#primaryimage\",\"url\":\"https:\/\/test.puhdasplus.ee\/wp-content\/uploads\/2025\/09\/tooted-ilma-taustata-1-scaled.jpg\",\"contentUrl\":\"https:\/\/test.puhdasplus.ee\/wp-content\/uploads\/2025\/09\/tooted-ilma-taustata-1-scaled.jpg\",\"width\":1862,\"height\":2560,\"caption\":\"\u201ePure+\u201c stipr\u016bs silicio dioksido milteliai 200 g\"},{\"@type\":\"BreadcrumbList\",\"@id\":\"https:\/\/test.puhdasplus.ee\/lt\/tooted\/mineralai\/stiprios-diatomitines-zemes-200-g\/#breadcrumb\",\"itemListElement\":[{\"@type\":\"ListItem\",\"position\":1,\"name\":\"Prad\u017eia\",\"item\":\"https:\/\/test.puhdasplus.ee\/lt\/\"},{\"@type\":\"ListItem\",\"position\":2,\"name\":\"Produktai\",\"item\":\"https:\/\/test.puhdasplus.ee\/lt\/parduotuve\/\"},{\"@type\":\"ListItem\",\"position\":3,\"name\":\"Stiprios diatomitin\u0117s \u017eem\u0117s 200 g\"}]},{\"@type\":\"WebSite\",\"@id\":\"https:\/\/test.puhdasplus.ee\/lt\/#website\",\"url\":\"https:\/\/test.puhdasplus.ee\/lt\/\",\"name\":\"Puhdas+\",\"description\":\"Vitamiinid, Toidulisandid, looduskosmeetika, tervis, sport\",\"publisher\":{\"@id\":\"https:\/\/test.puhdasplus.ee\/lt\/#organization\"},\"potentialAction\":[{\"@type\":\"SearchAction\",\"target\":{\"@type\":\"EntryPoint\",\"urlTemplate\":\"https:\/\/test.puhdasplus.ee\/lt\/?s={search_term_string}\"},\"query-input\":{\"@type\":\"PropertyValueSpecification\",\"valueRequired\":true,\"valueName\":\"search_term_string\"}}],\"inLanguage\":\"lt-LT\"},{\"@type\":\"Organization\",\"@id\":\"https:\/\/test.puhdasplus.ee\/lt\/#organization\",\"name\":\"Puhdas+\",\"alternateName\":\"Puhdasplus\",\"url\":\"https:\/\/test.puhdasplus.ee\/lt\/\",\"logo\":{\"@type\":\"ImageObject\",\"inLanguage\":\"lt-LT\",\"@id\":\"https:\/\/test.puhdasplus.ee\/lt\/#\/schema\/logo\/image\/\",\"url\":\"https:\/\/test.puhdasplus.ee\/\/wp-content\/uploads\/2019\/10\/puhdas_logo-arvele.png\",\"contentUrl\":\"https:\/\/test.puhdasplus.ee\/\/wp-content\/uploads\/2019\/10\/puhdas_logo-arvele.png\",\"width\":114,\"height\":94,\"caption\":\"Puhdas+\"},\"image\":{\"@id\":\"https:\/\/test.puhdasplus.ee\/lt\/#\/schema\/logo\/image\/\"},\"sameAs\":[\"https:\/\/www.facebook.com\/puhdasplus\",\"https:\/\/www.instagram.com\/puhdasplus_ee\/\"]}]}<\/script>\n<!-- \/ Yoast SEO plugin. -->","yoast_head_json":{"title":"Stiprios diatomitin\u0117s \u017eem\u0117s 200 g - Puhdas+","description":"\u201ePure+ Strong\u201c silicio dioksido milteliai 200 g \u2013 100 % gryni ir be pried\u0173 silicio dioksido milteliai. Bekvapiai ir lengvai \u012fmai\u0161omi \u012f g\u0117rimus ar maist\u0105. Tinka veganams.","robots":{"index":"noindex","follow":"follow","max-snippet":"max-snippet:-1","max-image-preview":"max-image-preview:large","max-video-preview":"max-video-preview:-1"},"og_locale":"lt_LT","og_type":"article","og_title":"Stiprios diatomitin\u0117s \u017eem\u0117s 200 g - Puhdas+","og_description":"\u201ePure+ Strong\u201c silicio dioksido milteliai 200 g \u2013 100 % gryni ir be pried\u0173 silicio dioksido milteliai. Bekvapiai ir lengvai \u012fmai\u0161omi \u012f g\u0117rimus ar maist\u0105. Tinka veganams.","og_url":"https:\/\/test.puhdasplus.ee\/lt\/tooted\/mineralai\/stiprios-diatomitines-zemes-200-g\/","og_site_name":"Puhdas+","article_publisher":"https:\/\/www.facebook.com\/puhdasplus","article_modified_time":"2026-02-22T20:45:42+00:00","og_image":[{"width":1862,"height":2560,"url":"https:\/\/test.puhdasplus.ee\/wp-content\/uploads\/2025\/09\/tooted-ilma-taustata-1-scaled.jpg","type":"image\/jpeg"}],"twitter_card":"summary_large_image","twitter_misc":{"Est. reading time":"1 minut\u0117"},"schema":{"@context":"https:\/\/schema.org","@graph":[{"@type":"WebPage","@id":"https:\/\/test.puhdasplus.ee\/lt\/tooted\/mineralai\/stiprios-diatomitines-zemes-200-g\/","url":"https:\/\/test.puhdasplus.ee\/lt\/tooted\/mineralai\/stiprios-diatomitines-zemes-200-g\/","name":"Stiprios diatomitin\u0117s \u017eem\u0117s 200 g - Puhdas+","isPartOf":{"@id":"https:\/\/test.puhdasplus.ee\/lt\/#website"},"primaryImageOfPage":{"@id":"https:\/\/test.puhdasplus.ee\/lt\/tooted\/mineralai\/stiprios-diatomitines-zemes-200-g\/#primaryimage"},"image":{"@id":"https:\/\/test.puhdasplus.ee\/lt\/tooted\/mineralai\/stiprios-diatomitines-zemes-200-g\/#primaryimage"},"thumbnailUrl":"https:\/\/test.puhdasplus.ee\/wp-content\/uploads\/2025\/09\/tooted-ilma-taustata-1-scaled.jpg","datePublished":"2025-09-10T07:20:34+00:00","dateModified":"2026-02-22T20:45:42+00:00","description":"\u201ePure+ Strong\u201c silicio dioksido milteliai 200 g \u2013 100 % gryni ir be pried\u0173 silicio dioksido milteliai. Bekvapiai ir lengvai \u012fmai\u0161omi \u012f g\u0117rimus ar maist\u0105. Tinka veganams.","breadcrumb":{"@id":"https:\/\/test.puhdasplus.ee\/lt\/tooted\/mineralai\/stiprios-diatomitines-zemes-200-g\/#breadcrumb"},"inLanguage":"lt-LT","potentialAction":[{"@type":"ReadAction","target":["https:\/\/test.puhdasplus.ee\/lt\/tooted\/mineralai\/stiprios-diatomitines-zemes-200-g\/"]}]},{"@type":"ImageObject","inLanguage":"lt-LT","@id":"https:\/\/test.puhdasplus.ee\/lt\/tooted\/mineralai\/stiprios-diatomitines-zemes-200-g\/#primaryimage","url":"https:\/\/test.puhdasplus.ee\/wp-content\/uploads\/2025\/09\/tooted-ilma-taustata-1-scaled.jpg","contentUrl":"https:\/\/test.puhdasplus.ee\/wp-content\/uploads\/2025\/09\/tooted-ilma-taustata-1-scaled.jpg","width":1862,"height":2560,"caption":"\u201ePure+\u201c stipr\u016bs silicio dioksido milteliai 200 g"},{"@type":"BreadcrumbList","@id":"https:\/\/test.puhdasplus.ee\/lt\/tooted\/mineralai\/stiprios-diatomitines-zemes-200-g\/#breadcrumb","itemListElement":[{"@type":"ListItem","position":1,"name":"Prad\u017eia","item":"https:\/\/test.puhdasplus.ee\/lt\/"},{"@type":"ListItem","position":2,"name":"Produktai","item":"https:\/\/test.puhdasplus.ee\/lt\/parduotuve\/"},{"@type":"ListItem","position":3,"name":"Stiprios diatomitin\u0117s \u017eem\u0117s 200 g"}]},{"@type":"WebSite","@id":"https:\/\/test.puhdasplus.ee\/lt\/#website","url":"https:\/\/test.puhdasplus.ee\/lt\/","name":"Puhdas+","description":"Vitamiinid, Toidulisandid, looduskosmeetika, tervis, sport","publisher":{"@id":"https:\/\/test.puhdasplus.ee\/lt\/#organization"},"potentialAction":[{"@type":"SearchAction","target":{"@type":"EntryPoint","urlTemplate":"https:\/\/test.puhdasplus.ee\/lt\/?s={search_term_string}"},"query-input":{"@type":"PropertyValueSpecification","valueRequired":true,"valueName":"search_term_string"}}],"inLanguage":"lt-LT"},{"@type":"Organization","@id":"https:\/\/test.puhdasplus.ee\/lt\/#organization","name":"Puhdas+","alternateName":"Puhdasplus","url":"https:\/\/test.puhdasplus.ee\/lt\/","logo":{"@type":"ImageObject","inLanguage":"lt-LT","@id":"https:\/\/test.puhdasplus.ee\/lt\/#\/schema\/logo\/image\/","url":"https:\/\/test.puhdasplus.ee\/\/wp-content\/uploads\/2019\/10\/puhdas_logo-arvele.png","contentUrl":"https:\/\/test.puhdasplus.ee\/\/wp-content\/uploads\/2019\/10\/puhdas_logo-arvele.png","width":114,"height":94,"caption":"Puhdas+"},"image":{"@id":"https:\/\/test.puhdasplus.ee\/lt\/#\/schema\/logo\/image\/"},"sameAs":["https:\/\/www.facebook.com\/puhdasplus","https:\/\/www.instagram.com\/puhdasplus_ee\/"]}]}},"_links":{"self":[{"href":"https:\/\/test.puhdasplus.ee\/lt\/wp-json\/wp\/v2\/product\/353950","targetHints":{"allow":["GET"]}}],"collection":[{"href":"https:\/\/test.puhdasplus.ee\/lt\/wp-json\/wp\/v2\/product"}],"about":[{"href":"https:\/\/test.puhdasplus.ee\/lt\/wp-json\/wp\/v2\/types\/product"}],"replies":[{"embeddable":true,"href":"https:\/\/test.puhdasplus.ee\/lt\/wp-json\/wp\/v2\/comments?post=353950"}],"wp:featuredmedia":[{"embeddable":true,"href":"https:\/\/test.puhdasplus.ee\/lt\/wp-json\/wp\/v2\/media\/353794"}],"wp:attachment":[{"href":"https:\/\/test.puhdasplus.ee\/lt\/wp-json\/wp\/v2\/media?parent=353950"}],"wp:term":[{"taxonomy":"product_brand","embeddable":true,"href":"https:\/\/test.puhdasplus.ee\/lt\/wp-json\/wp\/v2\/product_brand?post=353950"},{"taxonomy":"product_cat","embeddable":true,"href":"https:\/\/test.puhdasplus.ee\/lt\/wp-json\/wp\/v2\/product_cat?post=353950"},{"taxonomy":"product_tag","embeddable":true,"href":"https:\/\/test.puhdasplus.ee\/lt\/wp-json\/wp\/v2\/product_tag?post=353950"}],"curies":[{"name":"wp","href":"https:\/\/api.w.org\/{rel}","templated":true}]}}